{"id":99853,"date":"2023-02-28T06:14:48","date_gmt":"2023-02-28T05:14:48","guid":{"rendered":"http:\/\/shop.bantam.ch\/produit\/sac-de-couchage-champ-kids-2\/"},"modified":"2026-04-18T23:00:59","modified_gmt":"2026-04-18T21:00:59","slug":"sac-de-couchage-champ-kids-2","status":"publish","type":"product","link":"https:\/\/shop.bantam.ch\/fr\/produit\/sac-de-couchage-champ-kids-2\/","title":{"rendered":"Sac de couchage Champ Kids"},"content":{"rendered":"<p>Que vous campiez dans le jardin, que vous alliez en colonie de vacances ou que vous dormiez chez des amis, les sacs de couchage de la collection Champ Kids d&rsquo;Outwell sont toujours op\u00e9rationnels. Ils ont un design adapt\u00e9 aux enfants, sont disponibles en bleu clair et en rouge et ont des fermetures \u00e9clair que les enfants peuvent ouvrir et fermer eux-m\u00eames. Un excellent choix pour les jeunes campeurs ind\u00e9pendants. La taille junior garantit un ajustement confortable, permettant aux enfants d&rsquo;\u00eatre au chaud et \u00e0 l&rsquo;aise toute la nuit. Toujours pr\u00eat pour le fun et l&rsquo;aventure.<\/p>\n<ul>\n<li>Poche int\u00e9rieure pour conserver de petits objets<\/li>\n<li>Peut \u00eatre utilis\u00e9 comme une couverture lorsqu&rsquo;il est ouvert<\/li>\n<li>Le sac de transport peut \u00e9galement \u00eatre utilis\u00e9 comme sac \u00e0 dos pratique.<\/li>\n<li>Sans PFC<\/li>\n<\/ul>\n<p>Mat\u00e9riau\u00a0:<\/p>\n<p>Rev\u00eatement int\u00e9rieur : 100 % polyester<\/p>\n<p>Rembourrage : 100 % polyester<\/p>\n<p>Housse ext\u00e9rieure : 100 % polyester<\/p>\n","protected":false},"excerpt":{"rendered":"<p>Que vous campiez dans le jardin, que vous alliez en colonie de vacances ou que vous dormiez chez des amis, les sacs de couchage de la collection Champ Kids d&rsquo;Outwell sont toujours op\u00e9rationnels. Ils ont un design adapt\u00e9 aux enfants, sont disponibles en bleu clair et en rouge et ont des fermetures \u00e9clair que les [&hellip;]<\/p>\n","protected":false},"featured_media":99831,"template":"","meta":{"_acf_changed":false},"product_featured_cat":[],"product_brand":[3296],"product_cat":[4453],"product_tag":[],"class_list":{"0":"post-99853","1":"product","2":"type-product","3":"status-publish","4":"has-post-thumbnail","6":"product_brand-outwell","7":"product_cat-sacs-de-couchage-couverture","9":"first","10":"instock","11":"taxable","12":"shipping-taxable","13":"purchasable","14":"product-type-variable"},"acf":[],"yoast_head":"<!-- This site is optimized with the Yoast SEO plugin v27.4 - https:\/\/yoast.com\/product\/yoast-seo-wordpress\/ -->\n<title>Sac de couchage Champ Kids - Bantam Wankm\u00fcller SA<\/title>\n<meta name=\"robots\" content=\"index, follow, max-snippet:-1, max-image-preview:large, max-video-preview:-1\" \/>\n<link rel=\"canonical\" href=\"https:\/\/shop.bantam.ch\/fr\/produit\/sac-de-couchage-champ-kids-2\/\" \/>\n<meta property=\"og:locale\" content=\"fr_FR\" \/>\n<meta property=\"og:type\" content=\"article\" \/>\n<meta property=\"og:title\" content=\"Sac de couchage Champ Kids - Bantam Wankm\u00fcller SA\" \/>\n<meta property=\"og:description\" content=\"Que vous campiez dans le jardin, que vous alliez en colonie de vacances ou que vous dormiez chez des amis, les sacs de couchage de la collection Champ Kids d&rsquo;Outwell sont toujours op\u00e9rationnels. Ils ont un design adapt\u00e9 aux enfants, sont disponibles en bleu clair et en rouge et ont des fermetures \u00e9clair que les [&hellip;]\" \/>\n<meta property=\"og:url\" content=\"https:\/\/shop.bantam.ch\/fr\/produit\/sac-de-couchage-champ-kids-2\/\" \/>\n<meta property=\"og:site_name\" content=\"Bantam Wankm\u00fcller SA\" \/>\n<meta property=\"article:modified_time\" content=\"2026-04-18T21:00:59+00:00\" \/>\n<meta property=\"og:image\" content=\"https:\/\/shop.bantam.ch\/wp-content\/uploads\/2023\/02\/996043411.jpg\" \/>\n\t<meta property=\"og:image:width\" content=\"1000\" \/>\n\t<meta property=\"og:image:height\" content=\"563\" \/>\n\t<meta property=\"og:image:type\" content=\"image\/jpeg\" \/>\n<meta name=\"twitter:card\" content=\"summary_large_image\" \/>\n<meta name=\"twitter:label1\" content=\"Dur\u00e9e de lecture estim\u00e9e\" \/>\n\t<meta name=\"twitter:data1\" content=\"1 minute\" \/>\n<script type=\"application\/ld+json\" class=\"yoast-schema-graph\">{\"@context\":\"https:\\\/\\\/schema.org\",\"@graph\":[{\"@type\":\"WebPage\",\"@id\":\"https:\\\/\\\/shop.bantam.ch\\\/fr\\\/produit\\\/sac-de-couchage-champ-kids-2\\\/\",\"url\":\"https:\\\/\\\/shop.bantam.ch\\\/fr\\\/produit\\\/sac-de-couchage-champ-kids-2\\\/\",\"name\":\"Sac de couchage Champ Kids - Bantam Wankm\u00fcller SA\",\"isPartOf\":{\"@id\":\"https:\\\/\\\/shop.bantam.ch\\\/fr\\\/#website\"},\"primaryImageOfPage\":{\"@id\":\"https:\\\/\\\/shop.bantam.ch\\\/fr\\\/produit\\\/sac-de-couchage-champ-kids-2\\\/#primaryimage\"},\"image\":{\"@id\":\"https:\\\/\\\/shop.bantam.ch\\\/fr\\\/produit\\\/sac-de-couchage-champ-kids-2\\\/#primaryimage\"},\"thumbnailUrl\":\"https:\\\/\\\/shop.bantam.ch\\\/wp-content\\\/uploads\\\/2023\\\/02\\\/996043411.jpg\",\"datePublished\":\"2023-02-28T05:14:48+00:00\",\"dateModified\":\"2026-04-18T21:00:59+00:00\",\"breadcrumb\":{\"@id\":\"https:\\\/\\\/shop.bantam.ch\\\/fr\\\/produit\\\/sac-de-couchage-champ-kids-2\\\/#breadcrumb\"},\"inLanguage\":\"fr-FR\",\"potentialAction\":[{\"@type\":\"ReadAction\",\"target\":[\"https:\\\/\\\/shop.bantam.ch\\\/fr\\\/produit\\\/sac-de-couchage-champ-kids-2\\\/\"]}]},{\"@type\":\"ImageObject\",\"inLanguage\":\"fr-FR\",\"@id\":\"https:\\\/\\\/shop.bantam.ch\\\/fr\\\/produit\\\/sac-de-couchage-champ-kids-2\\\/#primaryimage\",\"url\":\"https:\\\/\\\/shop.bantam.ch\\\/wp-content\\\/uploads\\\/2023\\\/02\\\/996043411.jpg\",\"contentUrl\":\"https:\\\/\\\/shop.bantam.ch\\\/wp-content\\\/uploads\\\/2023\\\/02\\\/996043411.jpg\",\"width\":1000,\"height\":563},{\"@type\":\"BreadcrumbList\",\"@id\":\"https:\\\/\\\/shop.bantam.ch\\\/fr\\\/produit\\\/sac-de-couchage-champ-kids-2\\\/#breadcrumb\",\"itemListElement\":[{\"@type\":\"ListItem\",\"position\":1,\"name\":\"Accueil\",\"item\":\"https:\\\/\\\/shop.bantam.ch\\\/fr\\\/\"},{\"@type\":\"ListItem\",\"position\":2,\"name\":\"Boutique\",\"item\":\"https:\\\/\\\/shop.bantam.ch\\\/fr\\\/boutique\\\/\"},{\"@type\":\"ListItem\",\"position\":3,\"name\":\"Sac de couchage Champ Kids\"}]},{\"@type\":\"WebSite\",\"@id\":\"https:\\\/\\\/shop.bantam.ch\\\/fr\\\/#website\",\"url\":\"https:\\\/\\\/shop.bantam.ch\\\/fr\\\/\",\"name\":\"Bantam Wankm\u00fcller SA\",\"description\":\"\",\"publisher\":{\"@id\":\"https:\\\/\\\/shop.bantam.ch\\\/fr\\\/#organization\"},\"inLanguage\":\"fr-FR\"},{\"@type\":\"Organization\",\"@id\":\"https:\\\/\\\/shop.bantam.ch\\\/fr\\\/#organization\",\"name\":\"Bantam Wankm\u00fcller SA\",\"url\":\"https:\\\/\\\/shop.bantam.ch\\\/fr\\\/\",\"logo\":{\"@type\":\"ImageObject\",\"inLanguage\":\"fr-FR\",\"@id\":\"https:\\\/\\\/shop.bantam.ch\\\/fr\\\/#\\\/schema\\\/logo\\\/image\\\/\",\"url\":\"https:\\\/\\\/shop.bantam.ch\\\/wp-content\\\/uploads\\\/2022\\\/12\\\/bantam-logo.png\",\"contentUrl\":\"https:\\\/\\\/shop.bantam.ch\\\/wp-content\\\/uploads\\\/2022\\\/12\\\/bantam-logo.png\",\"width\":320,\"height\":71,\"caption\":\"Bantam Wankm\u00fcller SA\"},\"image\":{\"@id\":\"https:\\\/\\\/shop.bantam.ch\\\/fr\\\/#\\\/schema\\\/logo\\\/image\\\/\"}}]}<\/script>\n<!-- \/ Yoast SEO plugin. -->","yoast_head_json":{"title":"Sac de couchage Champ Kids - Bantam Wankm\u00fcller SA","robots":{"index":"index","follow":"follow","max-snippet":"max-snippet:-1","max-image-preview":"max-image-preview:large","max-video-preview":"max-video-preview:-1"},"canonical":"https:\/\/shop.bantam.ch\/fr\/produit\/sac-de-couchage-champ-kids-2\/","og_locale":"fr_FR","og_type":"article","og_title":"Sac de couchage Champ Kids - Bantam Wankm\u00fcller SA","og_description":"Que vous campiez dans le jardin, que vous alliez en colonie de vacances ou que vous dormiez chez des amis, les sacs de couchage de la collection Champ Kids d&rsquo;Outwell sont toujours op\u00e9rationnels. Ils ont un design adapt\u00e9 aux enfants, sont disponibles en bleu clair et en rouge et ont des fermetures \u00e9clair que les [&hellip;]","og_url":"https:\/\/shop.bantam.ch\/fr\/produit\/sac-de-couchage-champ-kids-2\/","og_site_name":"Bantam Wankm\u00fcller SA","article_modified_time":"2026-04-18T21:00:59+00:00","og_image":[{"width":1000,"height":563,"url":"https:\/\/shop.bantam.ch\/wp-content\/uploads\/2023\/02\/996043411.jpg","type":"image\/jpeg"}],"twitter_card":"summary_large_image","twitter_misc":{"Dur\u00e9e de lecture estim\u00e9e":"1 minute"},"schema":{"@context":"https:\/\/schema.org","@graph":[{"@type":"WebPage","@id":"https:\/\/shop.bantam.ch\/fr\/produit\/sac-de-couchage-champ-kids-2\/","url":"https:\/\/shop.bantam.ch\/fr\/produit\/sac-de-couchage-champ-kids-2\/","name":"Sac de couchage Champ Kids - Bantam Wankm\u00fcller SA","isPartOf":{"@id":"https:\/\/shop.bantam.ch\/fr\/#website"},"primaryImageOfPage":{"@id":"https:\/\/shop.bantam.ch\/fr\/produit\/sac-de-couchage-champ-kids-2\/#primaryimage"},"image":{"@id":"https:\/\/shop.bantam.ch\/fr\/produit\/sac-de-couchage-champ-kids-2\/#primaryimage"},"thumbnailUrl":"https:\/\/shop.bantam.ch\/wp-content\/uploads\/2023\/02\/996043411.jpg","datePublished":"2023-02-28T05:14:48+00:00","dateModified":"2026-04-18T21:00:59+00:00","breadcrumb":{"@id":"https:\/\/shop.bantam.ch\/fr\/produit\/sac-de-couchage-champ-kids-2\/#breadcrumb"},"inLanguage":"fr-FR","potentialAction":[{"@type":"ReadAction","target":["https:\/\/shop.bantam.ch\/fr\/produit\/sac-de-couchage-champ-kids-2\/"]}]},{"@type":"ImageObject","inLanguage":"fr-FR","@id":"https:\/\/shop.bantam.ch\/fr\/produit\/sac-de-couchage-champ-kids-2\/#primaryimage","url":"https:\/\/shop.bantam.ch\/wp-content\/uploads\/2023\/02\/996043411.jpg","contentUrl":"https:\/\/shop.bantam.ch\/wp-content\/uploads\/2023\/02\/996043411.jpg","width":1000,"height":563},{"@type":"BreadcrumbList","@id":"https:\/\/shop.bantam.ch\/fr\/produit\/sac-de-couchage-champ-kids-2\/#breadcrumb","itemListElement":[{"@type":"ListItem","position":1,"name":"Accueil","item":"https:\/\/shop.bantam.ch\/fr\/"},{"@type":"ListItem","position":2,"name":"Boutique","item":"https:\/\/shop.bantam.ch\/fr\/boutique\/"},{"@type":"ListItem","position":3,"name":"Sac de couchage Champ Kids"}]},{"@type":"WebSite","@id":"https:\/\/shop.bantam.ch\/fr\/#website","url":"https:\/\/shop.bantam.ch\/fr\/","name":"Bantam Wankm\u00fcller SA","description":"","publisher":{"@id":"https:\/\/shop.bantam.ch\/fr\/#organization"},"inLanguage":"fr-FR"},{"@type":"Organization","@id":"https:\/\/shop.bantam.ch\/fr\/#organization","name":"Bantam Wankm\u00fcller SA","url":"https:\/\/shop.bantam.ch\/fr\/","logo":{"@type":"ImageObject","inLanguage":"fr-FR","@id":"https:\/\/shop.bantam.ch\/fr\/#\/schema\/logo\/image\/","url":"https:\/\/shop.bantam.ch\/wp-content\/uploads\/2022\/12\/bantam-logo.png","contentUrl":"https:\/\/shop.bantam.ch\/wp-content\/uploads\/2022\/12\/bantam-logo.png","width":320,"height":71,"caption":"Bantam Wankm\u00fcller SA"},"image":{"@id":"https:\/\/shop.bantam.ch\/fr\/#\/schema\/logo\/image\/"}}]}},"_links":{"self":[{"href":"https:\/\/shop.bantam.ch\/fr\/wp-json\/wp\/v2\/product\/99853","targetHints":{"allow":["GET"]}}],"collection":[{"href":"https:\/\/shop.bantam.ch\/fr\/wp-json\/wp\/v2\/product"}],"about":[{"href":"https:\/\/shop.bantam.ch\/fr\/wp-json\/wp\/v2\/types\/product"}],"wp:featuredmedia":[{"embeddable":true,"href":"https:\/\/shop.bantam.ch\/fr\/wp-json\/wp\/v2\/media\/99831"}],"wp:attachment":[{"href":"https:\/\/shop.bantam.ch\/fr\/wp-json\/wp\/v2\/media?parent=99853"}],"wp:term":[{"taxonomy":"product_featured_cat","embeddable":true,"href":"https:\/\/shop.bantam.ch\/fr\/wp-json\/wp\/v2\/product_featured_cat?post=99853"},{"taxonomy":"product_brand","embeddable":true,"href":"https:\/\/shop.bantam.ch\/fr\/wp-json\/wp\/v2\/product_brand?post=99853"},{"taxonomy":"product_cat","embeddable":true,"href":"https:\/\/shop.bantam.ch\/fr\/wp-json\/wp\/v2\/product_cat?post=99853"},{"taxonomy":"product_tag","embeddable":true,"href":"https:\/\/shop.bantam.ch\/fr\/wp-json\/wp\/v2\/product_tag?post=99853"}],"curies":[{"name":"wp","href":"https:\/\/api.w.org\/{rel}","templated":true}]}}