{"id":99573,"date":"2023-02-28T06:11:47","date_gmt":"2023-02-28T05:11:47","guid":{"rendered":"http:\/\/shop.bantam.ch\/produit\/lot-de-cales-kit-fiamma-level-up-couleur-gris-contenu-2-pieces-avec-sac\/"},"modified":"2026-05-01T21:32:02","modified_gmt":"2026-05-01T19:32:02","slug":"lot-de-cales-kit-fiamma-level-up-couleur-gris-contenu-2-pieces-avec-sac","status":"publish","type":"product","link":"https:\/\/shop.bantam.ch\/fr\/produit\/lot-de-cales-kit-fiamma-level-up-couleur-gris-contenu-2-pieces-avec-sac\/","title":{"rendered":"Cale nivellement FIAMMA Kit Level Up gris Lot de 2 avec sac"},"content":{"rendered":"<p>La cale la plus vendue du march\u00e9, d\u2019une qualit\u00e9 \u00e9prouv\u00e9e au fil du temps, pour compenser de mani\u00e8re id\u00e9ale toute position inclin\u00e9e. Facile \u00e0 nettoyer, fabriqu\u00e9e \u00e0 partir de plastique haute qualit\u00e9, trois niveaux.<\/p>\n<p>Capacit\u00e9\u00a0:<br \/>2\u00a0pi\u00e8ces<\/p>\n<p>Contenu de la livraison :<br \/>avec sac (mati\u00e8re 100 % polyester)<\/p>\n","protected":false},"excerpt":{"rendered":"<p>La cale la plus vendue du march\u00e9, d\u2019une qualit\u00e9 \u00e9prouv\u00e9e au fil du temps, pour compenser de mani\u00e8re id\u00e9ale toute position inclin\u00e9e. Facile \u00e0 nettoyer, fabriqu\u00e9e \u00e0 partir de plastique haute qualit\u00e9, trois niveaux. Capacit\u00e9\u00a0:2\u00a0pi\u00e8ces Contenu de la livraison :avec sac (mati\u00e8re 100 % polyester)<\/p>\n","protected":false},"featured_media":99569,"template":"","meta":{"_acf_changed":false},"product_featured_cat":[],"product_brand":[3034],"product_cat":[4769],"product_tag":[],"class_list":{"0":"post-99573","1":"product","2":"type-product","3":"status-publish","4":"has-post-thumbnail","6":"product_brand-fiamma","7":"product_cat-cales-dacces","9":"first","10":"instock","11":"taxable","12":"shipping-taxable","13":"purchasable","14":"product-type-simple"},"acf":[],"yoast_head":"<!-- This site is optimized with the Yoast SEO plugin v27.5 - https:\/\/yoast.com\/product\/yoast-seo-wordpress\/ -->\n<title>Cale nivellement FIAMMA Kit Level Up gris Lot de 2 avec sac - Bantam<\/title>\n<meta name=\"robots\" content=\"index, follow, max-snippet:-1, max-image-preview:large, max-video-preview:-1\" \/>\n<link rel=\"canonical\" href=\"https:\/\/shop.bantam.ch\/fr\/produit\/lot-de-cales-kit-fiamma-level-up-couleur-gris-contenu-2-pieces-avec-sac\/\" \/>\n<meta property=\"og:locale\" content=\"fr_FR\" \/>\n<meta property=\"og:type\" content=\"article\" \/>\n<meta property=\"og:title\" content=\"Cale nivellement FIAMMA Kit Level Up gris Lot de 2 avec sac - Bantam\" \/>\n<meta property=\"og:description\" content=\"La cale la plus vendue du march\u00e9, d\u2019une qualit\u00e9 \u00e9prouv\u00e9e au fil du temps, pour compenser de mani\u00e8re id\u00e9ale toute position inclin\u00e9e. Facile \u00e0 nettoyer, fabriqu\u00e9e \u00e0 partir de plastique haute qualit\u00e9, trois niveaux. Capacit\u00e9\u00a0:2\u00a0pi\u00e8ces Contenu de la livraison :avec sac (mati\u00e8re 100 % polyester)\" \/>\n<meta property=\"og:url\" content=\"https:\/\/shop.bantam.ch\/fr\/produit\/lot-de-cales-kit-fiamma-level-up-couleur-gris-contenu-2-pieces-avec-sac\/\" \/>\n<meta property=\"og:site_name\" content=\"Bantam\" \/>\n<meta property=\"article:modified_time\" content=\"2026-05-01T19:32:02+00:00\" \/>\n<meta property=\"og:image\" content=\"https:\/\/shop.bantam.ch\/wp-content\/uploads\/2023\/02\/995669211.jpg\" \/>\n\t<meta property=\"og:image:width\" content=\"500\" \/>\n\t<meta property=\"og:image:height\" content=\"367\" \/>\n\t<meta property=\"og:image:type\" content=\"image\/jpeg\" \/>\n<meta name=\"twitter:card\" content=\"summary_large_image\" \/>\n<script type=\"application\/ld+json\" class=\"yoast-schema-graph\">{\"@context\":\"https:\\\/\\\/schema.org\",\"@graph\":[{\"@type\":\"WebPage\",\"@id\":\"https:\\\/\\\/shop.bantam.ch\\\/fr\\\/produit\\\/lot-de-cales-kit-fiamma-level-up-couleur-gris-contenu-2-pieces-avec-sac\\\/\",\"url\":\"https:\\\/\\\/shop.bantam.ch\\\/fr\\\/produit\\\/lot-de-cales-kit-fiamma-level-up-couleur-gris-contenu-2-pieces-avec-sac\\\/\",\"name\":\"Cale nivellement FIAMMA Kit Level Up gris Lot de 2 avec sac - Bantam\",\"isPartOf\":{\"@id\":\"https:\\\/\\\/shop.bantam.ch\\\/fr\\\/#website\"},\"primaryImageOfPage\":{\"@id\":\"https:\\\/\\\/shop.bantam.ch\\\/fr\\\/produit\\\/lot-de-cales-kit-fiamma-level-up-couleur-gris-contenu-2-pieces-avec-sac\\\/#primaryimage\"},\"image\":{\"@id\":\"https:\\\/\\\/shop.bantam.ch\\\/fr\\\/produit\\\/lot-de-cales-kit-fiamma-level-up-couleur-gris-contenu-2-pieces-avec-sac\\\/#primaryimage\"},\"thumbnailUrl\":\"https:\\\/\\\/shop.bantam.ch\\\/wp-content\\\/uploads\\\/2023\\\/02\\\/995669211.jpg\",\"datePublished\":\"2023-02-28T05:11:47+00:00\",\"dateModified\":\"2026-05-01T19:32:02+00:00\",\"breadcrumb\":{\"@id\":\"https:\\\/\\\/shop.bantam.ch\\\/fr\\\/produit\\\/lot-de-cales-kit-fiamma-level-up-couleur-gris-contenu-2-pieces-avec-sac\\\/#breadcrumb\"},\"inLanguage\":\"fr-FR\",\"potentialAction\":[{\"@type\":\"ReadAction\",\"target\":[\"https:\\\/\\\/shop.bantam.ch\\\/fr\\\/produit\\\/lot-de-cales-kit-fiamma-level-up-couleur-gris-contenu-2-pieces-avec-sac\\\/\"]}]},{\"@type\":\"ImageObject\",\"inLanguage\":\"fr-FR\",\"@id\":\"https:\\\/\\\/shop.bantam.ch\\\/fr\\\/produit\\\/lot-de-cales-kit-fiamma-level-up-couleur-gris-contenu-2-pieces-avec-sac\\\/#primaryimage\",\"url\":\"https:\\\/\\\/shop.bantam.ch\\\/wp-content\\\/uploads\\\/2023\\\/02\\\/995669211.jpg\",\"contentUrl\":\"https:\\\/\\\/shop.bantam.ch\\\/wp-content\\\/uploads\\\/2023\\\/02\\\/995669211.jpg\",\"width\":500,\"height\":367},{\"@type\":\"BreadcrumbList\",\"@id\":\"https:\\\/\\\/shop.bantam.ch\\\/fr\\\/produit\\\/lot-de-cales-kit-fiamma-level-up-couleur-gris-contenu-2-pieces-avec-sac\\\/#breadcrumb\",\"itemListElement\":[{\"@type\":\"ListItem\",\"position\":1,\"name\":\"Accueil\",\"item\":\"https:\\\/\\\/shop.bantam.ch\\\/fr\\\/\"},{\"@type\":\"ListItem\",\"position\":2,\"name\":\"Boutique\",\"item\":\"https:\\\/\\\/shop.bantam.ch\\\/fr\\\/boutique\\\/\"},{\"@type\":\"ListItem\",\"position\":3,\"name\":\"Cale nivellement FIAMMA Kit Level Up gris Lot de 2 avec sac\"}]},{\"@type\":\"WebSite\",\"@id\":\"https:\\\/\\\/shop.bantam.ch\\\/fr\\\/#website\",\"url\":\"https:\\\/\\\/shop.bantam.ch\\\/fr\\\/\",\"name\":\"Bantam\",\"description\":\"\",\"publisher\":{\"@id\":\"https:\\\/\\\/shop.bantam.ch\\\/fr\\\/#organization\"},\"inLanguage\":\"fr-FR\"},{\"@type\":\"Organization\",\"@id\":\"https:\\\/\\\/shop.bantam.ch\\\/fr\\\/#organization\",\"name\":\"Bantam\",\"url\":\"https:\\\/\\\/shop.bantam.ch\\\/fr\\\/\",\"logo\":{\"@type\":\"ImageObject\",\"inLanguage\":\"fr-FR\",\"@id\":\"https:\\\/\\\/shop.bantam.ch\\\/fr\\\/#\\\/schema\\\/logo\\\/image\\\/\",\"url\":\"https:\\\/\\\/shop.bantam.ch\\\/wp-content\\\/uploads\\\/2022\\\/12\\\/bantam-logo.png\",\"contentUrl\":\"https:\\\/\\\/shop.bantam.ch\\\/wp-content\\\/uploads\\\/2022\\\/12\\\/bantam-logo.png\",\"width\":320,\"height\":71,\"caption\":\"Bantam\"},\"image\":{\"@id\":\"https:\\\/\\\/shop.bantam.ch\\\/fr\\\/#\\\/schema\\\/logo\\\/image\\\/\"}}]}<\/script>\n<!-- \/ Yoast SEO plugin. -->","yoast_head_json":{"title":"Cale nivellement FIAMMA Kit Level Up gris Lot de 2 avec sac - Bantam","robots":{"index":"index","follow":"follow","max-snippet":"max-snippet:-1","max-image-preview":"max-image-preview:large","max-video-preview":"max-video-preview:-1"},"canonical":"https:\/\/shop.bantam.ch\/fr\/produit\/lot-de-cales-kit-fiamma-level-up-couleur-gris-contenu-2-pieces-avec-sac\/","og_locale":"fr_FR","og_type":"article","og_title":"Cale nivellement FIAMMA Kit Level Up gris Lot de 2 avec sac - Bantam","og_description":"La cale la plus vendue du march\u00e9, d\u2019une qualit\u00e9 \u00e9prouv\u00e9e au fil du temps, pour compenser de mani\u00e8re id\u00e9ale toute position inclin\u00e9e. Facile \u00e0 nettoyer, fabriqu\u00e9e \u00e0 partir de plastique haute qualit\u00e9, trois niveaux. Capacit\u00e9\u00a0:2\u00a0pi\u00e8ces Contenu de la livraison :avec sac (mati\u00e8re 100 % polyester)","og_url":"https:\/\/shop.bantam.ch\/fr\/produit\/lot-de-cales-kit-fiamma-level-up-couleur-gris-contenu-2-pieces-avec-sac\/","og_site_name":"Bantam","article_modified_time":"2026-05-01T19:32:02+00:00","og_image":[{"width":500,"height":367,"url":"https:\/\/shop.bantam.ch\/wp-content\/uploads\/2023\/02\/995669211.jpg","type":"image\/jpeg"}],"twitter_card":"summary_large_image","schema":{"@context":"https:\/\/schema.org","@graph":[{"@type":"WebPage","@id":"https:\/\/shop.bantam.ch\/fr\/produit\/lot-de-cales-kit-fiamma-level-up-couleur-gris-contenu-2-pieces-avec-sac\/","url":"https:\/\/shop.bantam.ch\/fr\/produit\/lot-de-cales-kit-fiamma-level-up-couleur-gris-contenu-2-pieces-avec-sac\/","name":"Cale nivellement FIAMMA Kit Level Up gris Lot de 2 avec sac - Bantam","isPartOf":{"@id":"https:\/\/shop.bantam.ch\/fr\/#website"},"primaryImageOfPage":{"@id":"https:\/\/shop.bantam.ch\/fr\/produit\/lot-de-cales-kit-fiamma-level-up-couleur-gris-contenu-2-pieces-avec-sac\/#primaryimage"},"image":{"@id":"https:\/\/shop.bantam.ch\/fr\/produit\/lot-de-cales-kit-fiamma-level-up-couleur-gris-contenu-2-pieces-avec-sac\/#primaryimage"},"thumbnailUrl":"https:\/\/shop.bantam.ch\/wp-content\/uploads\/2023\/02\/995669211.jpg","datePublished":"2023-02-28T05:11:47+00:00","dateModified":"2026-05-01T19:32:02+00:00","breadcrumb":{"@id":"https:\/\/shop.bantam.ch\/fr\/produit\/lot-de-cales-kit-fiamma-level-up-couleur-gris-contenu-2-pieces-avec-sac\/#breadcrumb"},"inLanguage":"fr-FR","potentialAction":[{"@type":"ReadAction","target":["https:\/\/shop.bantam.ch\/fr\/produit\/lot-de-cales-kit-fiamma-level-up-couleur-gris-contenu-2-pieces-avec-sac\/"]}]},{"@type":"ImageObject","inLanguage":"fr-FR","@id":"https:\/\/shop.bantam.ch\/fr\/produit\/lot-de-cales-kit-fiamma-level-up-couleur-gris-contenu-2-pieces-avec-sac\/#primaryimage","url":"https:\/\/shop.bantam.ch\/wp-content\/uploads\/2023\/02\/995669211.jpg","contentUrl":"https:\/\/shop.bantam.ch\/wp-content\/uploads\/2023\/02\/995669211.jpg","width":500,"height":367},{"@type":"BreadcrumbList","@id":"https:\/\/shop.bantam.ch\/fr\/produit\/lot-de-cales-kit-fiamma-level-up-couleur-gris-contenu-2-pieces-avec-sac\/#breadcrumb","itemListElement":[{"@type":"ListItem","position":1,"name":"Accueil","item":"https:\/\/shop.bantam.ch\/fr\/"},{"@type":"ListItem","position":2,"name":"Boutique","item":"https:\/\/shop.bantam.ch\/fr\/boutique\/"},{"@type":"ListItem","position":3,"name":"Cale nivellement FIAMMA Kit Level Up gris Lot de 2 avec sac"}]},{"@type":"WebSite","@id":"https:\/\/shop.bantam.ch\/fr\/#website","url":"https:\/\/shop.bantam.ch\/fr\/","name":"Bantam","description":"","publisher":{"@id":"https:\/\/shop.bantam.ch\/fr\/#organization"},"inLanguage":"fr-FR"},{"@type":"Organization","@id":"https:\/\/shop.bantam.ch\/fr\/#organization","name":"Bantam","url":"https:\/\/shop.bantam.ch\/fr\/","logo":{"@type":"ImageObject","inLanguage":"fr-FR","@id":"https:\/\/shop.bantam.ch\/fr\/#\/schema\/logo\/image\/","url":"https:\/\/shop.bantam.ch\/wp-content\/uploads\/2022\/12\/bantam-logo.png","contentUrl":"https:\/\/shop.bantam.ch\/wp-content\/uploads\/2022\/12\/bantam-logo.png","width":320,"height":71,"caption":"Bantam"},"image":{"@id":"https:\/\/shop.bantam.ch\/fr\/#\/schema\/logo\/image\/"}}]}},"_links":{"self":[{"href":"https:\/\/shop.bantam.ch\/fr\/wp-json\/wp\/v2\/product\/99573","targetHints":{"allow":["GET"]}}],"collection":[{"href":"https:\/\/shop.bantam.ch\/fr\/wp-json\/wp\/v2\/product"}],"about":[{"href":"https:\/\/shop.bantam.ch\/fr\/wp-json\/wp\/v2\/types\/product"}],"wp:featuredmedia":[{"embeddable":true,"href":"https:\/\/shop.bantam.ch\/fr\/wp-json\/wp\/v2\/media\/99569"}],"wp:attachment":[{"href":"https:\/\/shop.bantam.ch\/fr\/wp-json\/wp\/v2\/media?parent=99573"}],"wp:term":[{"taxonomy":"product_featured_cat","embeddable":true,"href":"https:\/\/shop.bantam.ch\/fr\/wp-json\/wp\/v2\/product_featured_cat?post=99573"},{"taxonomy":"product_brand","embeddable":true,"href":"https:\/\/shop.bantam.ch\/fr\/wp-json\/wp\/v2\/product_brand?post=99573"},{"taxonomy":"product_cat","embeddable":true,"href":"https:\/\/shop.bantam.ch\/fr\/wp-json\/wp\/v2\/product_cat?post=99573"},{"taxonomy":"product_tag","embeddable":true,"href":"https:\/\/shop.bantam.ch\/fr\/wp-json\/wp\/v2\/product_tag?post=99573"}],"curies":[{"name":"wp","href":"https:\/\/api.w.org\/{rel}","templated":true}]}}