{"id":99567,"date":"2023-02-28T06:11:41","date_gmt":"2023-02-28T05:11:41","guid":{"rendered":"http:\/\/shop.bantam.ch\/produit\/bac-a-couverts-drawerstore-compact-coloris-gris\/"},"modified":"2026-05-02T21:31:38","modified_gmt":"2026-05-02T19:31:38","slug":"bac-a-couverts-drawerstore-compact-coloris-gris","status":"publish","type":"product","link":"https:\/\/shop.bantam.ch\/fr\/produit\/bac-a-couverts-drawerstore-compact-coloris-gris\/","title":{"rendered":"Range-couverts Joseph Joseph DrawerStore compact gris"},"content":{"rendered":"<p>Le design unique de ce range-couverts se distingue par des compartiments inclin\u00e9s avec des couches superpos\u00e9es permettant de stocker plus de couverts dans moins d\u2019espace. Son design unique offre plus de place dans le tiroir. Compartiments individuels empil\u00e9s pour diff\u00e9rents types de couverts avec symboles pour une identification plus ais\u00e9e. Pieds antid\u00e9rapants Adapt\u00e9s aux tiroirs d\u2019une hauteur minimale de 8 cm (3\u00bc pouces)<\/p>\n","protected":false},"excerpt":{"rendered":"<p>Le design unique de ce range-couverts se distingue par des compartiments inclin\u00e9s avec des couches superpos\u00e9es permettant de stocker plus de couverts dans moins d\u2019espace. Son design unique offre plus de place dans le tiroir. Compartiments individuels empil\u00e9s pour diff\u00e9rents types de couverts avec symboles pour une identification plus ais\u00e9e. Pieds antid\u00e9rapants Adapt\u00e9s aux tiroirs [&hellip;]<\/p>\n","protected":false},"featured_media":99557,"template":"","meta":{"_acf_changed":false},"product_featured_cat":[],"product_brand":[3412],"product_cat":[5149],"product_tag":[],"class_list":{"0":"post-99567","1":"product","2":"type-product","3":"status-publish","4":"has-post-thumbnail","6":"product_brand-joseph-joseph","7":"product_cat-rangements-pour-la-vaisselle","9":"first","10":"instock","11":"taxable","12":"shipping-taxable","13":"purchasable","14":"product-type-simple"},"acf":[],"yoast_head":"<!-- This site is optimized with the Yoast SEO plugin v27.5 - https:\/\/yoast.com\/product\/yoast-seo-wordpress\/ -->\n<title>Range-couverts Joseph Joseph DrawerStore compact gris - Bantam<\/title>\n<meta name=\"robots\" content=\"index, follow, max-snippet:-1, max-image-preview:large, max-video-preview:-1\" \/>\n<link rel=\"canonical\" href=\"https:\/\/shop.bantam.ch\/fr\/produit\/bac-a-couverts-drawerstore-compact-coloris-gris\/\" \/>\n<meta property=\"og:locale\" content=\"fr_FR\" \/>\n<meta property=\"og:type\" content=\"article\" \/>\n<meta property=\"og:title\" content=\"Range-couverts Joseph Joseph DrawerStore compact gris - Bantam\" \/>\n<meta property=\"og:description\" content=\"Le design unique de ce range-couverts se distingue par des compartiments inclin\u00e9s avec des couches superpos\u00e9es permettant de stocker plus de couverts dans moins d\u2019espace. Son design unique offre plus de place dans le tiroir. Compartiments individuels empil\u00e9s pour diff\u00e9rents types de couverts avec symboles pour une identification plus ais\u00e9e. Pieds antid\u00e9rapants Adapt\u00e9s aux tiroirs [&hellip;]\" \/>\n<meta property=\"og:url\" content=\"https:\/\/shop.bantam.ch\/fr\/produit\/bac-a-couverts-drawerstore-compact-coloris-gris\/\" \/>\n<meta property=\"og:site_name\" content=\"Bantam\" \/>\n<meta property=\"article:modified_time\" content=\"2026-05-02T19:31:38+00:00\" \/>\n<meta property=\"og:image\" content=\"https:\/\/shop.bantam.ch\/wp-content\/uploads\/2023\/02\/995669311.jpg\" \/>\n\t<meta property=\"og:image:width\" content=\"1000\" \/>\n\t<meta property=\"og:image:height\" content=\"697\" \/>\n\t<meta property=\"og:image:type\" content=\"image\/jpeg\" \/>\n<meta name=\"twitter:card\" content=\"summary_large_image\" \/>\n<script type=\"application\/ld+json\" class=\"yoast-schema-graph\">{\"@context\":\"https:\\\/\\\/schema.org\",\"@graph\":[{\"@type\":\"WebPage\",\"@id\":\"https:\\\/\\\/shop.bantam.ch\\\/fr\\\/produit\\\/bac-a-couverts-drawerstore-compact-coloris-gris\\\/\",\"url\":\"https:\\\/\\\/shop.bantam.ch\\\/fr\\\/produit\\\/bac-a-couverts-drawerstore-compact-coloris-gris\\\/\",\"name\":\"Range-couverts Joseph Joseph DrawerStore compact gris - Bantam\",\"isPartOf\":{\"@id\":\"https:\\\/\\\/shop.bantam.ch\\\/fr\\\/#website\"},\"primaryImageOfPage\":{\"@id\":\"https:\\\/\\\/shop.bantam.ch\\\/fr\\\/produit\\\/bac-a-couverts-drawerstore-compact-coloris-gris\\\/#primaryimage\"},\"image\":{\"@id\":\"https:\\\/\\\/shop.bantam.ch\\\/fr\\\/produit\\\/bac-a-couverts-drawerstore-compact-coloris-gris\\\/#primaryimage\"},\"thumbnailUrl\":\"https:\\\/\\\/shop.bantam.ch\\\/wp-content\\\/uploads\\\/2023\\\/02\\\/995669311.jpg\",\"datePublished\":\"2023-02-28T05:11:41+00:00\",\"dateModified\":\"2026-05-02T19:31:38+00:00\",\"breadcrumb\":{\"@id\":\"https:\\\/\\\/shop.bantam.ch\\\/fr\\\/produit\\\/bac-a-couverts-drawerstore-compact-coloris-gris\\\/#breadcrumb\"},\"inLanguage\":\"fr-FR\",\"potentialAction\":[{\"@type\":\"ReadAction\",\"target\":[\"https:\\\/\\\/shop.bantam.ch\\\/fr\\\/produit\\\/bac-a-couverts-drawerstore-compact-coloris-gris\\\/\"]}]},{\"@type\":\"ImageObject\",\"inLanguage\":\"fr-FR\",\"@id\":\"https:\\\/\\\/shop.bantam.ch\\\/fr\\\/produit\\\/bac-a-couverts-drawerstore-compact-coloris-gris\\\/#primaryimage\",\"url\":\"https:\\\/\\\/shop.bantam.ch\\\/wp-content\\\/uploads\\\/2023\\\/02\\\/995669311.jpg\",\"contentUrl\":\"https:\\\/\\\/shop.bantam.ch\\\/wp-content\\\/uploads\\\/2023\\\/02\\\/995669311.jpg\",\"width\":1000,\"height\":697},{\"@type\":\"BreadcrumbList\",\"@id\":\"https:\\\/\\\/shop.bantam.ch\\\/fr\\\/produit\\\/bac-a-couverts-drawerstore-compact-coloris-gris\\\/#breadcrumb\",\"itemListElement\":[{\"@type\":\"ListItem\",\"position\":1,\"name\":\"Accueil\",\"item\":\"https:\\\/\\\/shop.bantam.ch\\\/fr\\\/\"},{\"@type\":\"ListItem\",\"position\":2,\"name\":\"Boutique\",\"item\":\"https:\\\/\\\/shop.bantam.ch\\\/fr\\\/boutique\\\/\"},{\"@type\":\"ListItem\",\"position\":3,\"name\":\"Range-couverts Joseph Joseph DrawerStore compact gris\"}]},{\"@type\":\"WebSite\",\"@id\":\"https:\\\/\\\/shop.bantam.ch\\\/fr\\\/#website\",\"url\":\"https:\\\/\\\/shop.bantam.ch\\\/fr\\\/\",\"name\":\"Bantam\",\"description\":\"\",\"publisher\":{\"@id\":\"https:\\\/\\\/shop.bantam.ch\\\/fr\\\/#organization\"},\"inLanguage\":\"fr-FR\"},{\"@type\":\"Organization\",\"@id\":\"https:\\\/\\\/shop.bantam.ch\\\/fr\\\/#organization\",\"name\":\"Bantam\",\"url\":\"https:\\\/\\\/shop.bantam.ch\\\/fr\\\/\",\"logo\":{\"@type\":\"ImageObject\",\"inLanguage\":\"fr-FR\",\"@id\":\"https:\\\/\\\/shop.bantam.ch\\\/fr\\\/#\\\/schema\\\/logo\\\/image\\\/\",\"url\":\"https:\\\/\\\/shop.bantam.ch\\\/wp-content\\\/uploads\\\/2022\\\/12\\\/bantam-logo.png\",\"contentUrl\":\"https:\\\/\\\/shop.bantam.ch\\\/wp-content\\\/uploads\\\/2022\\\/12\\\/bantam-logo.png\",\"width\":320,\"height\":71,\"caption\":\"Bantam\"},\"image\":{\"@id\":\"https:\\\/\\\/shop.bantam.ch\\\/fr\\\/#\\\/schema\\\/logo\\\/image\\\/\"}}]}<\/script>\n<!-- \/ Yoast SEO plugin. -->","yoast_head_json":{"title":"Range-couverts Joseph Joseph DrawerStore compact gris - Bantam","robots":{"index":"index","follow":"follow","max-snippet":"max-snippet:-1","max-image-preview":"max-image-preview:large","max-video-preview":"max-video-preview:-1"},"canonical":"https:\/\/shop.bantam.ch\/fr\/produit\/bac-a-couverts-drawerstore-compact-coloris-gris\/","og_locale":"fr_FR","og_type":"article","og_title":"Range-couverts Joseph Joseph DrawerStore compact gris - Bantam","og_description":"Le design unique de ce range-couverts se distingue par des compartiments inclin\u00e9s avec des couches superpos\u00e9es permettant de stocker plus de couverts dans moins d\u2019espace. Son design unique offre plus de place dans le tiroir. Compartiments individuels empil\u00e9s pour diff\u00e9rents types de couverts avec symboles pour une identification plus ais\u00e9e. Pieds antid\u00e9rapants Adapt\u00e9s aux tiroirs [&hellip;]","og_url":"https:\/\/shop.bantam.ch\/fr\/produit\/bac-a-couverts-drawerstore-compact-coloris-gris\/","og_site_name":"Bantam","article_modified_time":"2026-05-02T19:31:38+00:00","og_image":[{"width":1000,"height":697,"url":"https:\/\/shop.bantam.ch\/wp-content\/uploads\/2023\/02\/995669311.jpg","type":"image\/jpeg"}],"twitter_card":"summary_large_image","schema":{"@context":"https:\/\/schema.org","@graph":[{"@type":"WebPage","@id":"https:\/\/shop.bantam.ch\/fr\/produit\/bac-a-couverts-drawerstore-compact-coloris-gris\/","url":"https:\/\/shop.bantam.ch\/fr\/produit\/bac-a-couverts-drawerstore-compact-coloris-gris\/","name":"Range-couverts Joseph Joseph DrawerStore compact gris - Bantam","isPartOf":{"@id":"https:\/\/shop.bantam.ch\/fr\/#website"},"primaryImageOfPage":{"@id":"https:\/\/shop.bantam.ch\/fr\/produit\/bac-a-couverts-drawerstore-compact-coloris-gris\/#primaryimage"},"image":{"@id":"https:\/\/shop.bantam.ch\/fr\/produit\/bac-a-couverts-drawerstore-compact-coloris-gris\/#primaryimage"},"thumbnailUrl":"https:\/\/shop.bantam.ch\/wp-content\/uploads\/2023\/02\/995669311.jpg","datePublished":"2023-02-28T05:11:41+00:00","dateModified":"2026-05-02T19:31:38+00:00","breadcrumb":{"@id":"https:\/\/shop.bantam.ch\/fr\/produit\/bac-a-couverts-drawerstore-compact-coloris-gris\/#breadcrumb"},"inLanguage":"fr-FR","potentialAction":[{"@type":"ReadAction","target":["https:\/\/shop.bantam.ch\/fr\/produit\/bac-a-couverts-drawerstore-compact-coloris-gris\/"]}]},{"@type":"ImageObject","inLanguage":"fr-FR","@id":"https:\/\/shop.bantam.ch\/fr\/produit\/bac-a-couverts-drawerstore-compact-coloris-gris\/#primaryimage","url":"https:\/\/shop.bantam.ch\/wp-content\/uploads\/2023\/02\/995669311.jpg","contentUrl":"https:\/\/shop.bantam.ch\/wp-content\/uploads\/2023\/02\/995669311.jpg","width":1000,"height":697},{"@type":"BreadcrumbList","@id":"https:\/\/shop.bantam.ch\/fr\/produit\/bac-a-couverts-drawerstore-compact-coloris-gris\/#breadcrumb","itemListElement":[{"@type":"ListItem","position":1,"name":"Accueil","item":"https:\/\/shop.bantam.ch\/fr\/"},{"@type":"ListItem","position":2,"name":"Boutique","item":"https:\/\/shop.bantam.ch\/fr\/boutique\/"},{"@type":"ListItem","position":3,"name":"Range-couverts Joseph Joseph DrawerStore compact gris"}]},{"@type":"WebSite","@id":"https:\/\/shop.bantam.ch\/fr\/#website","url":"https:\/\/shop.bantam.ch\/fr\/","name":"Bantam","description":"","publisher":{"@id":"https:\/\/shop.bantam.ch\/fr\/#organization"},"inLanguage":"fr-FR"},{"@type":"Organization","@id":"https:\/\/shop.bantam.ch\/fr\/#organization","name":"Bantam","url":"https:\/\/shop.bantam.ch\/fr\/","logo":{"@type":"ImageObject","inLanguage":"fr-FR","@id":"https:\/\/shop.bantam.ch\/fr\/#\/schema\/logo\/image\/","url":"https:\/\/shop.bantam.ch\/wp-content\/uploads\/2022\/12\/bantam-logo.png","contentUrl":"https:\/\/shop.bantam.ch\/wp-content\/uploads\/2022\/12\/bantam-logo.png","width":320,"height":71,"caption":"Bantam"},"image":{"@id":"https:\/\/shop.bantam.ch\/fr\/#\/schema\/logo\/image\/"}}]}},"_links":{"self":[{"href":"https:\/\/shop.bantam.ch\/fr\/wp-json\/wp\/v2\/product\/99567","targetHints":{"allow":["GET"]}}],"collection":[{"href":"https:\/\/shop.bantam.ch\/fr\/wp-json\/wp\/v2\/product"}],"about":[{"href":"https:\/\/shop.bantam.ch\/fr\/wp-json\/wp\/v2\/types\/product"}],"wp:featuredmedia":[{"embeddable":true,"href":"https:\/\/shop.bantam.ch\/fr\/wp-json\/wp\/v2\/media\/99557"}],"wp:attachment":[{"href":"https:\/\/shop.bantam.ch\/fr\/wp-json\/wp\/v2\/media?parent=99567"}],"wp:term":[{"taxonomy":"product_featured_cat","embeddable":true,"href":"https:\/\/shop.bantam.ch\/fr\/wp-json\/wp\/v2\/product_featured_cat?post=99567"},{"taxonomy":"product_brand","embeddable":true,"href":"https:\/\/shop.bantam.ch\/fr\/wp-json\/wp\/v2\/product_brand?post=99567"},{"taxonomy":"product_cat","embeddable":true,"href":"https:\/\/shop.bantam.ch\/fr\/wp-json\/wp\/v2\/product_cat?post=99567"},{"taxonomy":"product_tag","embeddable":true,"href":"https:\/\/shop.bantam.ch\/fr\/wp-json\/wp\/v2\/product_tag?post=99567"}],"curies":[{"name":"wp","href":"https:\/\/api.w.org\/{rel}","templated":true}]}}