{"id":99213,"date":"2023-02-28T06:04:24","date_gmt":"2023-02-28T05:04:24","guid":{"rendered":"http:\/\/shop.bantam.ch\/produit\/cartouche-de-gaz-optimus-butane-isobutane-propane\/"},"modified":"2026-05-10T22:58:29","modified_gmt":"2026-05-10T20:58:29","slug":"cartouche-de-gaz-optimus-butane-isobutane-propane","status":"publish","type":"product","link":"https:\/\/shop.bantam.ch\/fr\/produit\/cartouche-de-gaz-optimus-butane-isobutane-propane\/","title":{"rendered":"Cartouche de gaz Optimus butane\/isobutane\/propane"},"content":{"rendered":"<p>M\u00e9lange de premi\u00e8re classe \u00e0 base de butane et de propane, qui soutient la performance du r\u00e9chaud m\u00eame \u00e0 des conditions climatiques d\u00e9favorables.\u00a0\u00a0Les cartouches sont prot\u00e9g\u00e9es contre les dommages par un capuchon de protection innovant, qui indique \u00e9galement si la cartouche est usag\u00e9e ou neuve.<\/p>\n<p>Contenu du m\u00e9lange de gaz\u00a0: 25 % butane 50 % isobutane 25 % propane 25 %.<\/p>\n","protected":false},"excerpt":{"rendered":"<p>M\u00e9lange de premi\u00e8re classe \u00e0 base de butane et de propane, qui soutient la performance du r\u00e9chaud m\u00eame \u00e0 des conditions climatiques d\u00e9favorables.\u00a0\u00a0Les cartouches sont prot\u00e9g\u00e9es contre les dommages par un capuchon de protection innovant, qui indique \u00e9galement si la cartouche est usag\u00e9e ou neuve. Contenu du m\u00e9lange de gaz\u00a0: 25 % butane 50 % [&hellip;]<\/p>\n","protected":false},"featured_media":99209,"template":"","meta":{"_acf_changed":false},"product_featured_cat":[],"product_brand":[3442],"product_cat":[4483],"product_tag":[],"class_list":{"0":"post-99213","1":"product","2":"type-product","3":"status-publish","4":"has-post-thumbnail","6":"product_brand-optimus","7":"product_cat-cartouches-de-gaz","9":"first","10":"instock","11":"taxable","12":"shipping-taxable","13":"purchasable","14":"product-type-variable"},"acf":[],"yoast_head":"<!-- This site is optimized with the Yoast SEO plugin v27.5 - https:\/\/yoast.com\/product\/yoast-seo-wordpress\/ -->\n<title>Cartouche de gaz Optimus butane\/isobutane\/propane - Bantam<\/title>\n<meta name=\"robots\" content=\"index, follow, max-snippet:-1, max-image-preview:large, max-video-preview:-1\" \/>\n<link rel=\"canonical\" href=\"https:\/\/shop.bantam.ch\/fr\/produit\/cartouche-de-gaz-optimus-butane-isobutane-propane\/\" \/>\n<meta property=\"og:locale\" content=\"fr_FR\" \/>\n<meta property=\"og:type\" content=\"article\" \/>\n<meta property=\"og:title\" content=\"Cartouche de gaz Optimus butane\/isobutane\/propane - Bantam\" \/>\n<meta property=\"og:description\" content=\"M\u00e9lange de premi\u00e8re classe \u00e0 base de butane et de propane, qui soutient la performance du r\u00e9chaud m\u00eame \u00e0 des conditions climatiques d\u00e9favorables.\u00a0\u00a0Les cartouches sont prot\u00e9g\u00e9es contre les dommages par un capuchon de protection innovant, qui indique \u00e9galement si la cartouche est usag\u00e9e ou neuve. Contenu du m\u00e9lange de gaz\u00a0: 25 % butane 50 % [&hellip;]\" \/>\n<meta property=\"og:url\" content=\"https:\/\/shop.bantam.ch\/fr\/produit\/cartouche-de-gaz-optimus-butane-isobutane-propane\/\" \/>\n<meta property=\"og:site_name\" content=\"Bantam\" \/>\n<meta property=\"article:modified_time\" content=\"2026-05-10T20:58:29+00:00\" \/>\n<meta property=\"og:image\" content=\"https:\/\/shop.bantam.ch\/wp-content\/uploads\/2023\/02\/995668711.jpg\" \/>\n\t<meta property=\"og:image:width\" content=\"869\" \/>\n\t<meta property=\"og:image:height\" content=\"1000\" \/>\n\t<meta property=\"og:image:type\" content=\"image\/jpeg\" \/>\n<meta name=\"twitter:card\" content=\"summary_large_image\" \/>\n<script type=\"application\/ld+json\" class=\"yoast-schema-graph\">{\"@context\":\"https:\\\/\\\/schema.org\",\"@graph\":[{\"@type\":\"WebPage\",\"@id\":\"https:\\\/\\\/shop.bantam.ch\\\/fr\\\/produit\\\/cartouche-de-gaz-optimus-butane-isobutane-propane\\\/\",\"url\":\"https:\\\/\\\/shop.bantam.ch\\\/fr\\\/produit\\\/cartouche-de-gaz-optimus-butane-isobutane-propane\\\/\",\"name\":\"Cartouche de gaz Optimus butane\\\/isobutane\\\/propane - Bantam\",\"isPartOf\":{\"@id\":\"https:\\\/\\\/shop.bantam.ch\\\/fr\\\/#website\"},\"primaryImageOfPage\":{\"@id\":\"https:\\\/\\\/shop.bantam.ch\\\/fr\\\/produit\\\/cartouche-de-gaz-optimus-butane-isobutane-propane\\\/#primaryimage\"},\"image\":{\"@id\":\"https:\\\/\\\/shop.bantam.ch\\\/fr\\\/produit\\\/cartouche-de-gaz-optimus-butane-isobutane-propane\\\/#primaryimage\"},\"thumbnailUrl\":\"https:\\\/\\\/shop.bantam.ch\\\/wp-content\\\/uploads\\\/2023\\\/02\\\/995668711.jpg\",\"datePublished\":\"2023-02-28T05:04:24+00:00\",\"dateModified\":\"2026-05-10T20:58:29+00:00\",\"breadcrumb\":{\"@id\":\"https:\\\/\\\/shop.bantam.ch\\\/fr\\\/produit\\\/cartouche-de-gaz-optimus-butane-isobutane-propane\\\/#breadcrumb\"},\"inLanguage\":\"fr-FR\",\"potentialAction\":[{\"@type\":\"ReadAction\",\"target\":[\"https:\\\/\\\/shop.bantam.ch\\\/fr\\\/produit\\\/cartouche-de-gaz-optimus-butane-isobutane-propane\\\/\"]}]},{\"@type\":\"ImageObject\",\"inLanguage\":\"fr-FR\",\"@id\":\"https:\\\/\\\/shop.bantam.ch\\\/fr\\\/produit\\\/cartouche-de-gaz-optimus-butane-isobutane-propane\\\/#primaryimage\",\"url\":\"https:\\\/\\\/shop.bantam.ch\\\/wp-content\\\/uploads\\\/2023\\\/02\\\/995668711.jpg\",\"contentUrl\":\"https:\\\/\\\/shop.bantam.ch\\\/wp-content\\\/uploads\\\/2023\\\/02\\\/995668711.jpg\",\"width\":869,\"height\":1000},{\"@type\":\"BreadcrumbList\",\"@id\":\"https:\\\/\\\/shop.bantam.ch\\\/fr\\\/produit\\\/cartouche-de-gaz-optimus-butane-isobutane-propane\\\/#breadcrumb\",\"itemListElement\":[{\"@type\":\"ListItem\",\"position\":1,\"name\":\"Accueil\",\"item\":\"https:\\\/\\\/shop.bantam.ch\\\/fr\\\/\"},{\"@type\":\"ListItem\",\"position\":2,\"name\":\"Boutique\",\"item\":\"https:\\\/\\\/shop.bantam.ch\\\/fr\\\/boutique\\\/\"},{\"@type\":\"ListItem\",\"position\":3,\"name\":\"Cartouche de gaz Optimus butane\\\/isobutane\\\/propane\"}]},{\"@type\":\"WebSite\",\"@id\":\"https:\\\/\\\/shop.bantam.ch\\\/fr\\\/#website\",\"url\":\"https:\\\/\\\/shop.bantam.ch\\\/fr\\\/\",\"name\":\"Bantam\",\"description\":\"\",\"publisher\":{\"@id\":\"https:\\\/\\\/shop.bantam.ch\\\/fr\\\/#organization\"},\"inLanguage\":\"fr-FR\"},{\"@type\":\"Organization\",\"@id\":\"https:\\\/\\\/shop.bantam.ch\\\/fr\\\/#organization\",\"name\":\"Bantam\",\"url\":\"https:\\\/\\\/shop.bantam.ch\\\/fr\\\/\",\"logo\":{\"@type\":\"ImageObject\",\"inLanguage\":\"fr-FR\",\"@id\":\"https:\\\/\\\/shop.bantam.ch\\\/fr\\\/#\\\/schema\\\/logo\\\/image\\\/\",\"url\":\"https:\\\/\\\/shop.bantam.ch\\\/wp-content\\\/uploads\\\/2022\\\/12\\\/bantam-logo.png\",\"contentUrl\":\"https:\\\/\\\/shop.bantam.ch\\\/wp-content\\\/uploads\\\/2022\\\/12\\\/bantam-logo.png\",\"width\":320,\"height\":71,\"caption\":\"Bantam\"},\"image\":{\"@id\":\"https:\\\/\\\/shop.bantam.ch\\\/fr\\\/#\\\/schema\\\/logo\\\/image\\\/\"}}]}<\/script>\n<!-- \/ Yoast SEO plugin. -->","yoast_head_json":{"title":"Cartouche de gaz Optimus butane\/isobutane\/propane - Bantam","robots":{"index":"index","follow":"follow","max-snippet":"max-snippet:-1","max-image-preview":"max-image-preview:large","max-video-preview":"max-video-preview:-1"},"canonical":"https:\/\/shop.bantam.ch\/fr\/produit\/cartouche-de-gaz-optimus-butane-isobutane-propane\/","og_locale":"fr_FR","og_type":"article","og_title":"Cartouche de gaz Optimus butane\/isobutane\/propane - Bantam","og_description":"M\u00e9lange de premi\u00e8re classe \u00e0 base de butane et de propane, qui soutient la performance du r\u00e9chaud m\u00eame \u00e0 des conditions climatiques d\u00e9favorables.\u00a0\u00a0Les cartouches sont prot\u00e9g\u00e9es contre les dommages par un capuchon de protection innovant, qui indique \u00e9galement si la cartouche est usag\u00e9e ou neuve. Contenu du m\u00e9lange de gaz\u00a0: 25 % butane 50 % [&hellip;]","og_url":"https:\/\/shop.bantam.ch\/fr\/produit\/cartouche-de-gaz-optimus-butane-isobutane-propane\/","og_site_name":"Bantam","article_modified_time":"2026-05-10T20:58:29+00:00","og_image":[{"width":869,"height":1000,"url":"https:\/\/shop.bantam.ch\/wp-content\/uploads\/2023\/02\/995668711.jpg","type":"image\/jpeg"}],"twitter_card":"summary_large_image","schema":{"@context":"https:\/\/schema.org","@graph":[{"@type":"WebPage","@id":"https:\/\/shop.bantam.ch\/fr\/produit\/cartouche-de-gaz-optimus-butane-isobutane-propane\/","url":"https:\/\/shop.bantam.ch\/fr\/produit\/cartouche-de-gaz-optimus-butane-isobutane-propane\/","name":"Cartouche de gaz Optimus butane\/isobutane\/propane - Bantam","isPartOf":{"@id":"https:\/\/shop.bantam.ch\/fr\/#website"},"primaryImageOfPage":{"@id":"https:\/\/shop.bantam.ch\/fr\/produit\/cartouche-de-gaz-optimus-butane-isobutane-propane\/#primaryimage"},"image":{"@id":"https:\/\/shop.bantam.ch\/fr\/produit\/cartouche-de-gaz-optimus-butane-isobutane-propane\/#primaryimage"},"thumbnailUrl":"https:\/\/shop.bantam.ch\/wp-content\/uploads\/2023\/02\/995668711.jpg","datePublished":"2023-02-28T05:04:24+00:00","dateModified":"2026-05-10T20:58:29+00:00","breadcrumb":{"@id":"https:\/\/shop.bantam.ch\/fr\/produit\/cartouche-de-gaz-optimus-butane-isobutane-propane\/#breadcrumb"},"inLanguage":"fr-FR","potentialAction":[{"@type":"ReadAction","target":["https:\/\/shop.bantam.ch\/fr\/produit\/cartouche-de-gaz-optimus-butane-isobutane-propane\/"]}]},{"@type":"ImageObject","inLanguage":"fr-FR","@id":"https:\/\/shop.bantam.ch\/fr\/produit\/cartouche-de-gaz-optimus-butane-isobutane-propane\/#primaryimage","url":"https:\/\/shop.bantam.ch\/wp-content\/uploads\/2023\/02\/995668711.jpg","contentUrl":"https:\/\/shop.bantam.ch\/wp-content\/uploads\/2023\/02\/995668711.jpg","width":869,"height":1000},{"@type":"BreadcrumbList","@id":"https:\/\/shop.bantam.ch\/fr\/produit\/cartouche-de-gaz-optimus-butane-isobutane-propane\/#breadcrumb","itemListElement":[{"@type":"ListItem","position":1,"name":"Accueil","item":"https:\/\/shop.bantam.ch\/fr\/"},{"@type":"ListItem","position":2,"name":"Boutique","item":"https:\/\/shop.bantam.ch\/fr\/boutique\/"},{"@type":"ListItem","position":3,"name":"Cartouche de gaz Optimus butane\/isobutane\/propane"}]},{"@type":"WebSite","@id":"https:\/\/shop.bantam.ch\/fr\/#website","url":"https:\/\/shop.bantam.ch\/fr\/","name":"Bantam","description":"","publisher":{"@id":"https:\/\/shop.bantam.ch\/fr\/#organization"},"inLanguage":"fr-FR"},{"@type":"Organization","@id":"https:\/\/shop.bantam.ch\/fr\/#organization","name":"Bantam","url":"https:\/\/shop.bantam.ch\/fr\/","logo":{"@type":"ImageObject","inLanguage":"fr-FR","@id":"https:\/\/shop.bantam.ch\/fr\/#\/schema\/logo\/image\/","url":"https:\/\/shop.bantam.ch\/wp-content\/uploads\/2022\/12\/bantam-logo.png","contentUrl":"https:\/\/shop.bantam.ch\/wp-content\/uploads\/2022\/12\/bantam-logo.png","width":320,"height":71,"caption":"Bantam"},"image":{"@id":"https:\/\/shop.bantam.ch\/fr\/#\/schema\/logo\/image\/"}}]}},"_links":{"self":[{"href":"https:\/\/shop.bantam.ch\/fr\/wp-json\/wp\/v2\/product\/99213","targetHints":{"allow":["GET"]}}],"collection":[{"href":"https:\/\/shop.bantam.ch\/fr\/wp-json\/wp\/v2\/product"}],"about":[{"href":"https:\/\/shop.bantam.ch\/fr\/wp-json\/wp\/v2\/types\/product"}],"wp:featuredmedia":[{"embeddable":true,"href":"https:\/\/shop.bantam.ch\/fr\/wp-json\/wp\/v2\/media\/99209"}],"wp:attachment":[{"href":"https:\/\/shop.bantam.ch\/fr\/wp-json\/wp\/v2\/media?parent=99213"}],"wp:term":[{"taxonomy":"product_featured_cat","embeddable":true,"href":"https:\/\/shop.bantam.ch\/fr\/wp-json\/wp\/v2\/product_featured_cat?post=99213"},{"taxonomy":"product_brand","embeddable":true,"href":"https:\/\/shop.bantam.ch\/fr\/wp-json\/wp\/v2\/product_brand?post=99213"},{"taxonomy":"product_cat","embeddable":true,"href":"https:\/\/shop.bantam.ch\/fr\/wp-json\/wp\/v2\/product_cat?post=99213"},{"taxonomy":"product_tag","embeddable":true,"href":"https:\/\/shop.bantam.ch\/fr\/wp-json\/wp\/v2\/product_tag?post=99213"}],"curies":[{"name":"wp","href":"https:\/\/api.w.org\/{rel}","templated":true}]}}