{"id":99145,"date":"2023-02-28T06:02:51","date_gmt":"2023-02-28T05:02:51","guid":{"rendered":"http:\/\/shop.bantam.ch\/produit\/bouteille-purekids-04l-couleur-lime\/"},"modified":"2026-05-01T21:31:47","modified_gmt":"2026-05-01T19:31:47","slug":"bouteille-purekids-04l-couleur-lime","status":"publish","type":"product","link":"https:\/\/shop.bantam.ch\/fr\/produit\/bouteille-purekids-04l-couleur-lime\/","title":{"rendered":"Bouteille PureKids 0,4l couleur lime"},"content":{"rendered":"<p>Durables, sans danger pour la sant\u00e9 et au design tendance\u00a0: c\u2019est cela, les gourdes ahah! . Les bouteilles PureFeel et PureKids sont enti\u00e8rement constitu\u00e9es de mati\u00e8res premi\u00e8res naturelles et renouvelables. Elles ne contiennent ni substances toxiques ni BPA et sont fabriqu\u00e9es \u00e0 100\u00a0% en Allemagne. Les bouteilles sont l\u00e9g\u00e8res, incassables et \u00e9tanches, m\u00eame lorsqu\u2019elles contiennent un liquide gazeux. Avec leur design \u00e9pur\u00e9, ergonomique et bien pens\u00e9, elles sont le compagnon durable et tendance id\u00e9al pour vous accompagner \u00e0 l\u2019\u00e9cole, au bureau, au sport et en d\u00e9placement. Vous pourrez ainsi d\u00e9guster chaque gorg\u00e9e sans avoir mauvaise conscience envers l\u2019environnement ou votre sant\u00e9.<\/p>\n<p>\u00a0<\/p>\n<p>La puret\u00e9 en toute simplicit\u00e9, pour boire avec plaisir lors de vos d\u00e9placements. La promesse ahah! \u00a0:<\/p>\n<p>\u00a0<\/p>\n<p>Tous les produits sont\u00a0:\u00a0<\/p>\n<p>\u00a0<\/p>\n<\/p>\n<ul>\n<li>fabriqu\u00e9s en mati\u00e8res premi\u00e8res 100% naturelles\n<\/p>\n<\/li>\n<li>sans m\u00e9lamine\u00a0\n<\/p>\n<\/li>\n<li>sans plastifiant, comme BPA &amp; Co.\n<\/p>\n<\/li>\n<li>enti\u00e8rement recyclables\n<\/p>\n<\/li>\n<li>Lavable au lave-vaisselle\n<\/p>\n<\/li>\n<li>neutre en CO2\n<\/p>\n<\/li>\n<li>Made in Germany\n<\/p>\n<\/li>\n<li>v\u00e9gans\n<\/p>\n<\/li>\n<li>inodores et neutres en go\u00fbt\n<\/p>\n<\/li>\n<\/ul>\n","protected":false},"excerpt":{"rendered":"<p>Durables, sans danger pour la sant\u00e9 et au design tendance\u00a0: c\u2019est cela, les gourdes ahah! . Les bouteilles PureFeel et PureKids sont enti\u00e8rement constitu\u00e9es de mati\u00e8res premi\u00e8res naturelles et renouvelables. Elles ne contiennent ni substances toxiques ni BPA et sont fabriqu\u00e9es \u00e0 100\u00a0% en Allemagne. Les bouteilles sont l\u00e9g\u00e8res, incassables et \u00e9tanches, m\u00eame lorsqu\u2019elles contiennent [&hellip;]<\/p>\n","protected":false},"featured_media":99143,"template":"","meta":{"_acf_changed":false},"product_featured_cat":[],"product_brand":[3518],"product_cat":[4329],"product_tag":[],"class_list":{"0":"post-99145","1":"product","2":"type-product","3":"status-publish","4":"has-post-thumbnail","6":"product_brand-ajaa","7":"product_cat-gourdes-et-bouteilles-deau","9":"first","10":"instock","11":"taxable","12":"shipping-taxable","13":"purchasable","14":"product-type-simple"},"acf":[],"yoast_head":"<!-- This site is optimized with the Yoast SEO plugin v27.5 - https:\/\/yoast.com\/product\/yoast-seo-wordpress\/ -->\n<title>Bouteille PureKids 0,4l couleur lime - Bantam<\/title>\n<meta name=\"robots\" content=\"index, follow, max-snippet:-1, max-image-preview:large, max-video-preview:-1\" \/>\n<link rel=\"canonical\" href=\"https:\/\/shop.bantam.ch\/fr\/produit\/bouteille-purekids-04l-couleur-lime\/\" \/>\n<meta property=\"og:locale\" content=\"fr_FR\" \/>\n<meta property=\"og:type\" content=\"article\" \/>\n<meta property=\"og:title\" content=\"Bouteille PureKids 0,4l couleur lime - Bantam\" \/>\n<meta property=\"og:description\" content=\"Durables, sans danger pour la sant\u00e9 et au design tendance\u00a0: c\u2019est cela, les gourdes ahah! . Les bouteilles PureFeel et PureKids sont enti\u00e8rement constitu\u00e9es de mati\u00e8res premi\u00e8res naturelles et renouvelables. Elles ne contiennent ni substances toxiques ni BPA et sont fabriqu\u00e9es \u00e0 100\u00a0% en Allemagne. Les bouteilles sont l\u00e9g\u00e8res, incassables et \u00e9tanches, m\u00eame lorsqu\u2019elles contiennent [&hellip;]\" \/>\n<meta property=\"og:url\" content=\"https:\/\/shop.bantam.ch\/fr\/produit\/bouteille-purekids-04l-couleur-lime\/\" \/>\n<meta property=\"og:site_name\" content=\"Bantam\" \/>\n<meta property=\"article:modified_time\" content=\"2026-05-01T19:31:47+00:00\" \/>\n<meta property=\"og:image\" content=\"https:\/\/shop.bantam.ch\/wp-content\/uploads\/2023\/02\/9952995-100-1-3.png\" \/>\n\t<meta property=\"og:image:width\" content=\"425\" \/>\n\t<meta property=\"og:image:height\" content=\"768\" \/>\n\t<meta property=\"og:image:type\" content=\"image\/png\" \/>\n<meta name=\"twitter:card\" content=\"summary_large_image\" \/>\n<meta name=\"twitter:label1\" content=\"Dur\u00e9e de lecture estim\u00e9e\" \/>\n\t<meta name=\"twitter:data1\" content=\"1 minute\" \/>\n<script type=\"application\/ld+json\" class=\"yoast-schema-graph\">{\"@context\":\"https:\\\/\\\/schema.org\",\"@graph\":[{\"@type\":\"WebPage\",\"@id\":\"https:\\\/\\\/shop.bantam.ch\\\/fr\\\/produit\\\/bouteille-purekids-04l-couleur-lime\\\/\",\"url\":\"https:\\\/\\\/shop.bantam.ch\\\/fr\\\/produit\\\/bouteille-purekids-04l-couleur-lime\\\/\",\"name\":\"Bouteille PureKids 0,4l couleur lime - Bantam\",\"isPartOf\":{\"@id\":\"https:\\\/\\\/shop.bantam.ch\\\/fr\\\/#website\"},\"primaryImageOfPage\":{\"@id\":\"https:\\\/\\\/shop.bantam.ch\\\/fr\\\/produit\\\/bouteille-purekids-04l-couleur-lime\\\/#primaryimage\"},\"image\":{\"@id\":\"https:\\\/\\\/shop.bantam.ch\\\/fr\\\/produit\\\/bouteille-purekids-04l-couleur-lime\\\/#primaryimage\"},\"thumbnailUrl\":\"https:\\\/\\\/shop.bantam.ch\\\/wp-content\\\/uploads\\\/2023\\\/02\\\/9952995-100-1-3.png\",\"datePublished\":\"2023-02-28T05:02:51+00:00\",\"dateModified\":\"2026-05-01T19:31:47+00:00\",\"breadcrumb\":{\"@id\":\"https:\\\/\\\/shop.bantam.ch\\\/fr\\\/produit\\\/bouteille-purekids-04l-couleur-lime\\\/#breadcrumb\"},\"inLanguage\":\"fr-FR\",\"potentialAction\":[{\"@type\":\"ReadAction\",\"target\":[\"https:\\\/\\\/shop.bantam.ch\\\/fr\\\/produit\\\/bouteille-purekids-04l-couleur-lime\\\/\"]}]},{\"@type\":\"ImageObject\",\"inLanguage\":\"fr-FR\",\"@id\":\"https:\\\/\\\/shop.bantam.ch\\\/fr\\\/produit\\\/bouteille-purekids-04l-couleur-lime\\\/#primaryimage\",\"url\":\"https:\\\/\\\/shop.bantam.ch\\\/wp-content\\\/uploads\\\/2023\\\/02\\\/9952995-100-1-3.png\",\"contentUrl\":\"https:\\\/\\\/shop.bantam.ch\\\/wp-content\\\/uploads\\\/2023\\\/02\\\/9952995-100-1-3.png\",\"width\":425,\"height\":768},{\"@type\":\"BreadcrumbList\",\"@id\":\"https:\\\/\\\/shop.bantam.ch\\\/fr\\\/produit\\\/bouteille-purekids-04l-couleur-lime\\\/#breadcrumb\",\"itemListElement\":[{\"@type\":\"ListItem\",\"position\":1,\"name\":\"Accueil\",\"item\":\"https:\\\/\\\/shop.bantam.ch\\\/fr\\\/\"},{\"@type\":\"ListItem\",\"position\":2,\"name\":\"Boutique\",\"item\":\"https:\\\/\\\/shop.bantam.ch\\\/fr\\\/boutique\\\/\"},{\"@type\":\"ListItem\",\"position\":3,\"name\":\"Bouteille PureKids 0,4l couleur lime\"}]},{\"@type\":\"WebSite\",\"@id\":\"https:\\\/\\\/shop.bantam.ch\\\/fr\\\/#website\",\"url\":\"https:\\\/\\\/shop.bantam.ch\\\/fr\\\/\",\"name\":\"Bantam\",\"description\":\"\",\"publisher\":{\"@id\":\"https:\\\/\\\/shop.bantam.ch\\\/fr\\\/#organization\"},\"inLanguage\":\"fr-FR\"},{\"@type\":\"Organization\",\"@id\":\"https:\\\/\\\/shop.bantam.ch\\\/fr\\\/#organization\",\"name\":\"Bantam\",\"url\":\"https:\\\/\\\/shop.bantam.ch\\\/fr\\\/\",\"logo\":{\"@type\":\"ImageObject\",\"inLanguage\":\"fr-FR\",\"@id\":\"https:\\\/\\\/shop.bantam.ch\\\/fr\\\/#\\\/schema\\\/logo\\\/image\\\/\",\"url\":\"https:\\\/\\\/shop.bantam.ch\\\/wp-content\\\/uploads\\\/2022\\\/12\\\/bantam-logo.png\",\"contentUrl\":\"https:\\\/\\\/shop.bantam.ch\\\/wp-content\\\/uploads\\\/2022\\\/12\\\/bantam-logo.png\",\"width\":320,\"height\":71,\"caption\":\"Bantam\"},\"image\":{\"@id\":\"https:\\\/\\\/shop.bantam.ch\\\/fr\\\/#\\\/schema\\\/logo\\\/image\\\/\"}}]}<\/script>\n<!-- \/ Yoast SEO plugin. -->","yoast_head_json":{"title":"Bouteille PureKids 0,4l couleur lime - Bantam","robots":{"index":"index","follow":"follow","max-snippet":"max-snippet:-1","max-image-preview":"max-image-preview:large","max-video-preview":"max-video-preview:-1"},"canonical":"https:\/\/shop.bantam.ch\/fr\/produit\/bouteille-purekids-04l-couleur-lime\/","og_locale":"fr_FR","og_type":"article","og_title":"Bouteille PureKids 0,4l couleur lime - Bantam","og_description":"Durables, sans danger pour la sant\u00e9 et au design tendance\u00a0: c\u2019est cela, les gourdes ahah! . Les bouteilles PureFeel et PureKids sont enti\u00e8rement constitu\u00e9es de mati\u00e8res premi\u00e8res naturelles et renouvelables. Elles ne contiennent ni substances toxiques ni BPA et sont fabriqu\u00e9es \u00e0 100\u00a0% en Allemagne. Les bouteilles sont l\u00e9g\u00e8res, incassables et \u00e9tanches, m\u00eame lorsqu\u2019elles contiennent [&hellip;]","og_url":"https:\/\/shop.bantam.ch\/fr\/produit\/bouteille-purekids-04l-couleur-lime\/","og_site_name":"Bantam","article_modified_time":"2026-05-01T19:31:47+00:00","og_image":[{"width":425,"height":768,"url":"https:\/\/shop.bantam.ch\/wp-content\/uploads\/2023\/02\/9952995-100-1-3.png","type":"image\/png"}],"twitter_card":"summary_large_image","twitter_misc":{"Dur\u00e9e de lecture estim\u00e9e":"1 minute"},"schema":{"@context":"https:\/\/schema.org","@graph":[{"@type":"WebPage","@id":"https:\/\/shop.bantam.ch\/fr\/produit\/bouteille-purekids-04l-couleur-lime\/","url":"https:\/\/shop.bantam.ch\/fr\/produit\/bouteille-purekids-04l-couleur-lime\/","name":"Bouteille PureKids 0,4l couleur lime - Bantam","isPartOf":{"@id":"https:\/\/shop.bantam.ch\/fr\/#website"},"primaryImageOfPage":{"@id":"https:\/\/shop.bantam.ch\/fr\/produit\/bouteille-purekids-04l-couleur-lime\/#primaryimage"},"image":{"@id":"https:\/\/shop.bantam.ch\/fr\/produit\/bouteille-purekids-04l-couleur-lime\/#primaryimage"},"thumbnailUrl":"https:\/\/shop.bantam.ch\/wp-content\/uploads\/2023\/02\/9952995-100-1-3.png","datePublished":"2023-02-28T05:02:51+00:00","dateModified":"2026-05-01T19:31:47+00:00","breadcrumb":{"@id":"https:\/\/shop.bantam.ch\/fr\/produit\/bouteille-purekids-04l-couleur-lime\/#breadcrumb"},"inLanguage":"fr-FR","potentialAction":[{"@type":"ReadAction","target":["https:\/\/shop.bantam.ch\/fr\/produit\/bouteille-purekids-04l-couleur-lime\/"]}]},{"@type":"ImageObject","inLanguage":"fr-FR","@id":"https:\/\/shop.bantam.ch\/fr\/produit\/bouteille-purekids-04l-couleur-lime\/#primaryimage","url":"https:\/\/shop.bantam.ch\/wp-content\/uploads\/2023\/02\/9952995-100-1-3.png","contentUrl":"https:\/\/shop.bantam.ch\/wp-content\/uploads\/2023\/02\/9952995-100-1-3.png","width":425,"height":768},{"@type":"BreadcrumbList","@id":"https:\/\/shop.bantam.ch\/fr\/produit\/bouteille-purekids-04l-couleur-lime\/#breadcrumb","itemListElement":[{"@type":"ListItem","position":1,"name":"Accueil","item":"https:\/\/shop.bantam.ch\/fr\/"},{"@type":"ListItem","position":2,"name":"Boutique","item":"https:\/\/shop.bantam.ch\/fr\/boutique\/"},{"@type":"ListItem","position":3,"name":"Bouteille PureKids 0,4l couleur lime"}]},{"@type":"WebSite","@id":"https:\/\/shop.bantam.ch\/fr\/#website","url":"https:\/\/shop.bantam.ch\/fr\/","name":"Bantam","description":"","publisher":{"@id":"https:\/\/shop.bantam.ch\/fr\/#organization"},"inLanguage":"fr-FR"},{"@type":"Organization","@id":"https:\/\/shop.bantam.ch\/fr\/#organization","name":"Bantam","url":"https:\/\/shop.bantam.ch\/fr\/","logo":{"@type":"ImageObject","inLanguage":"fr-FR","@id":"https:\/\/shop.bantam.ch\/fr\/#\/schema\/logo\/image\/","url":"https:\/\/shop.bantam.ch\/wp-content\/uploads\/2022\/12\/bantam-logo.png","contentUrl":"https:\/\/shop.bantam.ch\/wp-content\/uploads\/2022\/12\/bantam-logo.png","width":320,"height":71,"caption":"Bantam"},"image":{"@id":"https:\/\/shop.bantam.ch\/fr\/#\/schema\/logo\/image\/"}}]}},"_links":{"self":[{"href":"https:\/\/shop.bantam.ch\/fr\/wp-json\/wp\/v2\/product\/99145","targetHints":{"allow":["GET"]}}],"collection":[{"href":"https:\/\/shop.bantam.ch\/fr\/wp-json\/wp\/v2\/product"}],"about":[{"href":"https:\/\/shop.bantam.ch\/fr\/wp-json\/wp\/v2\/types\/product"}],"wp:featuredmedia":[{"embeddable":true,"href":"https:\/\/shop.bantam.ch\/fr\/wp-json\/wp\/v2\/media\/99143"}],"wp:attachment":[{"href":"https:\/\/shop.bantam.ch\/fr\/wp-json\/wp\/v2\/media?parent=99145"}],"wp:term":[{"taxonomy":"product_featured_cat","embeddable":true,"href":"https:\/\/shop.bantam.ch\/fr\/wp-json\/wp\/v2\/product_featured_cat?post=99145"},{"taxonomy":"product_brand","embeddable":true,"href":"https:\/\/shop.bantam.ch\/fr\/wp-json\/wp\/v2\/product_brand?post=99145"},{"taxonomy":"product_cat","embeddable":true,"href":"https:\/\/shop.bantam.ch\/fr\/wp-json\/wp\/v2\/product_cat?post=99145"},{"taxonomy":"product_tag","embeddable":true,"href":"https:\/\/shop.bantam.ch\/fr\/wp-json\/wp\/v2\/product_tag?post=99145"}],"curies":[{"name":"wp","href":"https:\/\/api.w.org\/{rel}","templated":true}]}}