{"id":99131,"date":"2023-02-28T06:02:29","date_gmt":"2023-02-28T05:02:29","guid":{"rendered":"http:\/\/shop.bantam.ch\/produit\/multianker-2-0\/"},"modified":"2026-04-17T21:32:08","modified_gmt":"2026-04-17T19:32:08","slug":"multianker-2-0","status":"publish","type":"product","link":"https:\/\/shop.bantam.ch\/fr\/produit\/multianker-2-0\/","title":{"rendered":"Multianker 2.0 multiAnker"},"content":{"rendered":"<p>La fixation intelligente de store pour votre camping-car ou votre caravane.<\/p>\n<p>Gr\u00e2ce au multiAnker, vous pouvez fixer vos supports de store en utilisant moins de poign\u00e9es en toute s\u00e9curit\u00e9, directement \u00e0 votre v\u00e9hicule. Ce syst\u00e8me simple et rapide fonctionne partout, tout le temps. Pas de per\u00e7age, pas de marteau et pas d\u2019arrimage. Votre v\u00e9hicule reste intact. <a title=\"Vid\u00e9o produit\" href=\"https:\/\/youtu.be\/e8d96zO_fjI\" target=\"_blank\" rel=\"noopener\"><strong>Il s\u2019agit d\u2019une vid\u00e9o informative sur le produit<\/strong><\/a>.<\/p>\n<p>Adapt\u00e9 \u00e0 presque tous les stores Thule\/Omnistore, Dometic, Prostor et Fiamma (\u00e0 partir d\u2019env. 2010 &#8211; pied).<\/p>\n<ul>\n<li>Fixation des supports de store directement sur le v\u00e9hicule<\/li>\n<li>Pas de modification n\u00e9cessaire du v\u00e9hicule<\/li>\n<li>M\u00e9canisme robuste de levier pour une manipulation simple<\/li>\n<li>Charge jusqu\u2019\u00e0 140\u00a0kg (70\u00a0kg par multiAnker)<\/li>\n<li>Encore plus de plaisir, o\u00f9 et quand vous voulez<\/li>\n<\/ul>\n<p>Contenu\u00a0:<br \/>2\u00a0pi\u00e8ces<\/p>\n","protected":false},"excerpt":{"rendered":"<p>La fixation intelligente de store pour votre camping-car ou votre caravane. Gr\u00e2ce au multiAnker, vous pouvez fixer vos supports de store en utilisant moins de poign\u00e9es en toute s\u00e9curit\u00e9, directement \u00e0 votre v\u00e9hicule. Ce syst\u00e8me simple et rapide fonctionne partout, tout le temps. Pas de per\u00e7age, pas de marteau et pas d\u2019arrimage. Votre v\u00e9hicule reste [&hellip;]<\/p>\n","protected":false},"featured_media":99121,"template":"","meta":{"_acf_changed":false},"product_featured_cat":[],"product_brand":[3536],"product_cat":[4227],"product_tag":[],"class_list":{"0":"post-99131","1":"product","2":"type-product","3":"status-publish","4":"has-post-thumbnail","6":"product_brand-multianker","7":"product_cat-fixations-de-store","9":"first","10":"instock","11":"taxable","12":"shipping-taxable","13":"purchasable","14":"product-type-simple"},"acf":[],"yoast_head":"<!-- This site is optimized with the Yoast SEO plugin v27.4 - https:\/\/yoast.com\/product\/yoast-seo-wordpress\/ -->\n<title>Multianker 2.0 multiAnker - Bantam Wankm\u00fcller SA<\/title>\n<meta name=\"robots\" content=\"index, follow, max-snippet:-1, max-image-preview:large, max-video-preview:-1\" \/>\n<link rel=\"canonical\" href=\"https:\/\/shop.bantam.ch\/fr\/produit\/multianker-2-0\/\" \/>\n<meta property=\"og:locale\" content=\"fr_FR\" \/>\n<meta property=\"og:type\" content=\"article\" \/>\n<meta property=\"og:title\" content=\"Multianker 2.0 multiAnker - Bantam Wankm\u00fcller SA\" \/>\n<meta property=\"og:description\" content=\"La fixation intelligente de store pour votre camping-car ou votre caravane. Gr\u00e2ce au multiAnker, vous pouvez fixer vos supports de store en utilisant moins de poign\u00e9es en toute s\u00e9curit\u00e9, directement \u00e0 votre v\u00e9hicule. Ce syst\u00e8me simple et rapide fonctionne partout, tout le temps. Pas de per\u00e7age, pas de marteau et pas d\u2019arrimage. Votre v\u00e9hicule reste [&hellip;]\" \/>\n<meta property=\"og:url\" content=\"https:\/\/shop.bantam.ch\/fr\/produit\/multianker-2-0\/\" \/>\n<meta property=\"og:site_name\" content=\"Bantam Wankm\u00fcller SA\" \/>\n<meta property=\"article:modified_time\" content=\"2026-04-17T19:32:08+00:00\" \/>\n<meta property=\"og:image\" content=\"https:\/\/shop.bantam.ch\/wp-content\/uploads\/2023\/02\/994351711.jpg\" \/>\n\t<meta property=\"og:image:width\" content=\"500\" \/>\n\t<meta property=\"og:image:height\" content=\"366\" \/>\n\t<meta property=\"og:image:type\" content=\"image\/jpeg\" \/>\n<meta name=\"twitter:card\" content=\"summary_large_image\" \/>\n<meta name=\"twitter:label1\" content=\"Dur\u00e9e de lecture estim\u00e9e\" \/>\n\t<meta name=\"twitter:data1\" content=\"1 minute\" \/>\n<script type=\"application\/ld+json\" class=\"yoast-schema-graph\">{\"@context\":\"https:\\\/\\\/schema.org\",\"@graph\":[{\"@type\":\"WebPage\",\"@id\":\"https:\\\/\\\/shop.bantam.ch\\\/fr\\\/produit\\\/multianker-2-0\\\/\",\"url\":\"https:\\\/\\\/shop.bantam.ch\\\/fr\\\/produit\\\/multianker-2-0\\\/\",\"name\":\"Multianker 2.0 multiAnker - Bantam Wankm\u00fcller SA\",\"isPartOf\":{\"@id\":\"https:\\\/\\\/shop.bantam.ch\\\/fr\\\/#website\"},\"primaryImageOfPage\":{\"@id\":\"https:\\\/\\\/shop.bantam.ch\\\/fr\\\/produit\\\/multianker-2-0\\\/#primaryimage\"},\"image\":{\"@id\":\"https:\\\/\\\/shop.bantam.ch\\\/fr\\\/produit\\\/multianker-2-0\\\/#primaryimage\"},\"thumbnailUrl\":\"https:\\\/\\\/shop.bantam.ch\\\/wp-content\\\/uploads\\\/2023\\\/02\\\/994351711.jpg\",\"datePublished\":\"2023-02-28T05:02:29+00:00\",\"dateModified\":\"2026-04-17T19:32:08+00:00\",\"breadcrumb\":{\"@id\":\"https:\\\/\\\/shop.bantam.ch\\\/fr\\\/produit\\\/multianker-2-0\\\/#breadcrumb\"},\"inLanguage\":\"fr-FR\",\"potentialAction\":[{\"@type\":\"ReadAction\",\"target\":[\"https:\\\/\\\/shop.bantam.ch\\\/fr\\\/produit\\\/multianker-2-0\\\/\"]}]},{\"@type\":\"ImageObject\",\"inLanguage\":\"fr-FR\",\"@id\":\"https:\\\/\\\/shop.bantam.ch\\\/fr\\\/produit\\\/multianker-2-0\\\/#primaryimage\",\"url\":\"https:\\\/\\\/shop.bantam.ch\\\/wp-content\\\/uploads\\\/2023\\\/02\\\/994351711.jpg\",\"contentUrl\":\"https:\\\/\\\/shop.bantam.ch\\\/wp-content\\\/uploads\\\/2023\\\/02\\\/994351711.jpg\",\"width\":500,\"height\":366},{\"@type\":\"BreadcrumbList\",\"@id\":\"https:\\\/\\\/shop.bantam.ch\\\/fr\\\/produit\\\/multianker-2-0\\\/#breadcrumb\",\"itemListElement\":[{\"@type\":\"ListItem\",\"position\":1,\"name\":\"Accueil\",\"item\":\"https:\\\/\\\/shop.bantam.ch\\\/fr\\\/\"},{\"@type\":\"ListItem\",\"position\":2,\"name\":\"Boutique\",\"item\":\"https:\\\/\\\/shop.bantam.ch\\\/fr\\\/boutique\\\/\"},{\"@type\":\"ListItem\",\"position\":3,\"name\":\"Multianker 2.0 multiAnker\"}]},{\"@type\":\"WebSite\",\"@id\":\"https:\\\/\\\/shop.bantam.ch\\\/fr\\\/#website\",\"url\":\"https:\\\/\\\/shop.bantam.ch\\\/fr\\\/\",\"name\":\"Bantam Wankm\u00fcller SA\",\"description\":\"\",\"publisher\":{\"@id\":\"https:\\\/\\\/shop.bantam.ch\\\/fr\\\/#organization\"},\"inLanguage\":\"fr-FR\"},{\"@type\":\"Organization\",\"@id\":\"https:\\\/\\\/shop.bantam.ch\\\/fr\\\/#organization\",\"name\":\"Bantam Wankm\u00fcller SA\",\"url\":\"https:\\\/\\\/shop.bantam.ch\\\/fr\\\/\",\"logo\":{\"@type\":\"ImageObject\",\"inLanguage\":\"fr-FR\",\"@id\":\"https:\\\/\\\/shop.bantam.ch\\\/fr\\\/#\\\/schema\\\/logo\\\/image\\\/\",\"url\":\"https:\\\/\\\/shop.bantam.ch\\\/wp-content\\\/uploads\\\/2022\\\/12\\\/bantam-logo.png\",\"contentUrl\":\"https:\\\/\\\/shop.bantam.ch\\\/wp-content\\\/uploads\\\/2022\\\/12\\\/bantam-logo.png\",\"width\":320,\"height\":71,\"caption\":\"Bantam Wankm\u00fcller SA\"},\"image\":{\"@id\":\"https:\\\/\\\/shop.bantam.ch\\\/fr\\\/#\\\/schema\\\/logo\\\/image\\\/\"}}]}<\/script>\n<!-- \/ Yoast SEO plugin. -->","yoast_head_json":{"title":"Multianker 2.0 multiAnker - Bantam Wankm\u00fcller SA","robots":{"index":"index","follow":"follow","max-snippet":"max-snippet:-1","max-image-preview":"max-image-preview:large","max-video-preview":"max-video-preview:-1"},"canonical":"https:\/\/shop.bantam.ch\/fr\/produit\/multianker-2-0\/","og_locale":"fr_FR","og_type":"article","og_title":"Multianker 2.0 multiAnker - Bantam Wankm\u00fcller SA","og_description":"La fixation intelligente de store pour votre camping-car ou votre caravane. Gr\u00e2ce au multiAnker, vous pouvez fixer vos supports de store en utilisant moins de poign\u00e9es en toute s\u00e9curit\u00e9, directement \u00e0 votre v\u00e9hicule. Ce syst\u00e8me simple et rapide fonctionne partout, tout le temps. Pas de per\u00e7age, pas de marteau et pas d\u2019arrimage. Votre v\u00e9hicule reste [&hellip;]","og_url":"https:\/\/shop.bantam.ch\/fr\/produit\/multianker-2-0\/","og_site_name":"Bantam Wankm\u00fcller SA","article_modified_time":"2026-04-17T19:32:08+00:00","og_image":[{"width":500,"height":366,"url":"https:\/\/shop.bantam.ch\/wp-content\/uploads\/2023\/02\/994351711.jpg","type":"image\/jpeg"}],"twitter_card":"summary_large_image","twitter_misc":{"Dur\u00e9e de lecture estim\u00e9e":"1 minute"},"schema":{"@context":"https:\/\/schema.org","@graph":[{"@type":"WebPage","@id":"https:\/\/shop.bantam.ch\/fr\/produit\/multianker-2-0\/","url":"https:\/\/shop.bantam.ch\/fr\/produit\/multianker-2-0\/","name":"Multianker 2.0 multiAnker - Bantam Wankm\u00fcller SA","isPartOf":{"@id":"https:\/\/shop.bantam.ch\/fr\/#website"},"primaryImageOfPage":{"@id":"https:\/\/shop.bantam.ch\/fr\/produit\/multianker-2-0\/#primaryimage"},"image":{"@id":"https:\/\/shop.bantam.ch\/fr\/produit\/multianker-2-0\/#primaryimage"},"thumbnailUrl":"https:\/\/shop.bantam.ch\/wp-content\/uploads\/2023\/02\/994351711.jpg","datePublished":"2023-02-28T05:02:29+00:00","dateModified":"2026-04-17T19:32:08+00:00","breadcrumb":{"@id":"https:\/\/shop.bantam.ch\/fr\/produit\/multianker-2-0\/#breadcrumb"},"inLanguage":"fr-FR","potentialAction":[{"@type":"ReadAction","target":["https:\/\/shop.bantam.ch\/fr\/produit\/multianker-2-0\/"]}]},{"@type":"ImageObject","inLanguage":"fr-FR","@id":"https:\/\/shop.bantam.ch\/fr\/produit\/multianker-2-0\/#primaryimage","url":"https:\/\/shop.bantam.ch\/wp-content\/uploads\/2023\/02\/994351711.jpg","contentUrl":"https:\/\/shop.bantam.ch\/wp-content\/uploads\/2023\/02\/994351711.jpg","width":500,"height":366},{"@type":"BreadcrumbList","@id":"https:\/\/shop.bantam.ch\/fr\/produit\/multianker-2-0\/#breadcrumb","itemListElement":[{"@type":"ListItem","position":1,"name":"Accueil","item":"https:\/\/shop.bantam.ch\/fr\/"},{"@type":"ListItem","position":2,"name":"Boutique","item":"https:\/\/shop.bantam.ch\/fr\/boutique\/"},{"@type":"ListItem","position":3,"name":"Multianker 2.0 multiAnker"}]},{"@type":"WebSite","@id":"https:\/\/shop.bantam.ch\/fr\/#website","url":"https:\/\/shop.bantam.ch\/fr\/","name":"Bantam Wankm\u00fcller SA","description":"","publisher":{"@id":"https:\/\/shop.bantam.ch\/fr\/#organization"},"inLanguage":"fr-FR"},{"@type":"Organization","@id":"https:\/\/shop.bantam.ch\/fr\/#organization","name":"Bantam Wankm\u00fcller SA","url":"https:\/\/shop.bantam.ch\/fr\/","logo":{"@type":"ImageObject","inLanguage":"fr-FR","@id":"https:\/\/shop.bantam.ch\/fr\/#\/schema\/logo\/image\/","url":"https:\/\/shop.bantam.ch\/wp-content\/uploads\/2022\/12\/bantam-logo.png","contentUrl":"https:\/\/shop.bantam.ch\/wp-content\/uploads\/2022\/12\/bantam-logo.png","width":320,"height":71,"caption":"Bantam Wankm\u00fcller SA"},"image":{"@id":"https:\/\/shop.bantam.ch\/fr\/#\/schema\/logo\/image\/"}}]}},"_links":{"self":[{"href":"https:\/\/shop.bantam.ch\/fr\/wp-json\/wp\/v2\/product\/99131","targetHints":{"allow":["GET"]}}],"collection":[{"href":"https:\/\/shop.bantam.ch\/fr\/wp-json\/wp\/v2\/product"}],"about":[{"href":"https:\/\/shop.bantam.ch\/fr\/wp-json\/wp\/v2\/types\/product"}],"wp:featuredmedia":[{"embeddable":true,"href":"https:\/\/shop.bantam.ch\/fr\/wp-json\/wp\/v2\/media\/99121"}],"wp:attachment":[{"href":"https:\/\/shop.bantam.ch\/fr\/wp-json\/wp\/v2\/media?parent=99131"}],"wp:term":[{"taxonomy":"product_featured_cat","embeddable":true,"href":"https:\/\/shop.bantam.ch\/fr\/wp-json\/wp\/v2\/product_featured_cat?post=99131"},{"taxonomy":"product_brand","embeddable":true,"href":"https:\/\/shop.bantam.ch\/fr\/wp-json\/wp\/v2\/product_brand?post=99131"},{"taxonomy":"product_cat","embeddable":true,"href":"https:\/\/shop.bantam.ch\/fr\/wp-json\/wp\/v2\/product_cat?post=99131"},{"taxonomy":"product_tag","embeddable":true,"href":"https:\/\/shop.bantam.ch\/fr\/wp-json\/wp\/v2\/product_tag?post=99131"}],"curies":[{"name":"wp","href":"https:\/\/api.w.org\/{rel}","templated":true}]}}