{"id":98815,"date":"2023-02-28T05:58:00","date_gmt":"2023-02-28T04:58:00","guid":{"rendered":"http:\/\/shop.bantam.ch\/produit\/kit-pour-devidoir-portable-15\/"},"modified":"2026-05-01T21:31:32","modified_gmt":"2026-05-01T19:31:32","slug":"kit-pour-devidoir-portable-15","status":"publish","type":"product","link":"https:\/\/shop.bantam.ch\/fr\/produit\/kit-pour-devidoir-portable-15\/","title":{"rendered":"Kit pour d\u00e9vidoir portable 15 Classic GARDENA cplt. avec flexible 16,5 m, pi\u00e8ces syst\u00e8me et lance"},"content":{"rendered":"<p>Pour une utilisation en camping, pendant les loisirs et les sports nautiques. L\u00e9ger et peu encombrant, avec manivelle escamotable et poign\u00e9e de transport. Tuyau en tissu (diam\u00e8tre 11\u00a0mm). Avec pi\u00e8ces d\u2019origine Gardena et t\u00eate d\u2019arrosage incluses Imm\u00e9diatement pr\u00eat \u00e0 l\u2019emploi &#8211; simplement d\u00e9rouler la longueur de tuyau n\u00e9cessaire. Avec tuyau de qualit\u00e9 de 16,5 m (garniture de raccordement 15 m + 1,5 m)<\/p>\n","protected":false},"excerpt":{"rendered":"<p>Pour une utilisation en camping, pendant les loisirs et les sports nautiques. L\u00e9ger et peu encombrant, avec manivelle escamotable et poign\u00e9e de transport. Tuyau en tissu (diam\u00e8tre 11\u00a0mm). Avec pi\u00e8ces d\u2019origine Gardena et t\u00eate d\u2019arrosage incluses Imm\u00e9diatement pr\u00eat \u00e0 l\u2019emploi &#8211; simplement d\u00e9rouler la longueur de tuyau n\u00e9cessaire. Avec tuyau de qualit\u00e9 de 16,5 m [&hellip;]<\/p>\n","protected":false},"featured_media":98807,"template":"","meta":{"_acf_changed":false},"product_featured_cat":[],"product_brand":[3246],"product_cat":[5033],"product_tag":[],"class_list":{"0":"post-98815","1":"product","2":"type-product","3":"status-publish","4":"has-post-thumbnail","6":"product_brand-gardena","7":"product_cat-tuyaux-deau","9":"first","10":"instock","11":"taxable","12":"shipping-taxable","13":"purchasable","14":"product-type-simple"},"acf":[],"yoast_head":"<!-- This site is optimized with the Yoast SEO plugin v27.5 - https:\/\/yoast.com\/product\/yoast-seo-wordpress\/ -->\n<title>Kit pour d\u00e9vidoir portable 15 Classic GARDENA cplt. avec flexible 16,5 m, pi\u00e8ces syst\u00e8me et lance - Bantam<\/title>\n<meta name=\"robots\" content=\"index, follow, max-snippet:-1, max-image-preview:large, max-video-preview:-1\" \/>\n<link rel=\"canonical\" href=\"https:\/\/shop.bantam.ch\/fr\/produit\/kit-pour-devidoir-portable-15\/\" \/>\n<meta property=\"og:locale\" content=\"fr_FR\" \/>\n<meta property=\"og:type\" content=\"article\" \/>\n<meta property=\"og:title\" content=\"Kit pour d\u00e9vidoir portable 15 Classic GARDENA cplt. avec flexible 16,5 m, pi\u00e8ces syst\u00e8me et lance - Bantam\" \/>\n<meta property=\"og:description\" content=\"Pour une utilisation en camping, pendant les loisirs et les sports nautiques. L\u00e9ger et peu encombrant, avec manivelle escamotable et poign\u00e9e de transport. Tuyau en tissu (diam\u00e8tre 11\u00a0mm). Avec pi\u00e8ces d\u2019origine Gardena et t\u00eate d\u2019arrosage incluses Imm\u00e9diatement pr\u00eat \u00e0 l\u2019emploi &#8211; simplement d\u00e9rouler la longueur de tuyau n\u00e9cessaire. Avec tuyau de qualit\u00e9 de 16,5 m [&hellip;]\" \/>\n<meta property=\"og:url\" content=\"https:\/\/shop.bantam.ch\/fr\/produit\/kit-pour-devidoir-portable-15\/\" \/>\n<meta property=\"og:site_name\" content=\"Bantam\" \/>\n<meta property=\"article:modified_time\" content=\"2026-05-01T19:31:32+00:00\" \/>\n<meta property=\"og:image\" content=\"https:\/\/shop.bantam.ch\/wp-content\/uploads\/2023\/02\/9960369-100-1-3-scaled.jpg\" \/>\n\t<meta property=\"og:image:width\" content=\"3206\" \/>\n\t<meta property=\"og:image:height\" content=\"3500\" \/>\n\t<meta property=\"og:image:type\" content=\"image\/jpeg\" \/>\n<meta name=\"twitter:card\" content=\"summary_large_image\" \/>\n<script type=\"application\/ld+json\" class=\"yoast-schema-graph\">{\"@context\":\"https:\\\/\\\/schema.org\",\"@graph\":[{\"@type\":\"WebPage\",\"@id\":\"https:\\\/\\\/shop.bantam.ch\\\/fr\\\/produit\\\/kit-pour-devidoir-portable-15\\\/\",\"url\":\"https:\\\/\\\/shop.bantam.ch\\\/fr\\\/produit\\\/kit-pour-devidoir-portable-15\\\/\",\"name\":\"Kit pour d\u00e9vidoir portable 15 Classic GARDENA cplt. avec flexible 16,5 m, pi\u00e8ces syst\u00e8me et lance - Bantam\",\"isPartOf\":{\"@id\":\"https:\\\/\\\/shop.bantam.ch\\\/fr\\\/#website\"},\"primaryImageOfPage\":{\"@id\":\"https:\\\/\\\/shop.bantam.ch\\\/fr\\\/produit\\\/kit-pour-devidoir-portable-15\\\/#primaryimage\"},\"image\":{\"@id\":\"https:\\\/\\\/shop.bantam.ch\\\/fr\\\/produit\\\/kit-pour-devidoir-portable-15\\\/#primaryimage\"},\"thumbnailUrl\":\"https:\\\/\\\/shop.bantam.ch\\\/wp-content\\\/uploads\\\/2023\\\/02\\\/9960369-100-1-3-scaled.jpg\",\"datePublished\":\"2023-02-28T04:58:00+00:00\",\"dateModified\":\"2026-05-01T19:31:32+00:00\",\"breadcrumb\":{\"@id\":\"https:\\\/\\\/shop.bantam.ch\\\/fr\\\/produit\\\/kit-pour-devidoir-portable-15\\\/#breadcrumb\"},\"inLanguage\":\"fr-FR\",\"potentialAction\":[{\"@type\":\"ReadAction\",\"target\":[\"https:\\\/\\\/shop.bantam.ch\\\/fr\\\/produit\\\/kit-pour-devidoir-portable-15\\\/\"]}]},{\"@type\":\"ImageObject\",\"inLanguage\":\"fr-FR\",\"@id\":\"https:\\\/\\\/shop.bantam.ch\\\/fr\\\/produit\\\/kit-pour-devidoir-portable-15\\\/#primaryimage\",\"url\":\"https:\\\/\\\/shop.bantam.ch\\\/wp-content\\\/uploads\\\/2023\\\/02\\\/9960369-100-1-3-scaled.jpg\",\"contentUrl\":\"https:\\\/\\\/shop.bantam.ch\\\/wp-content\\\/uploads\\\/2023\\\/02\\\/9960369-100-1-3-scaled.jpg\",\"width\":1876,\"height\":2048},{\"@type\":\"BreadcrumbList\",\"@id\":\"https:\\\/\\\/shop.bantam.ch\\\/fr\\\/produit\\\/kit-pour-devidoir-portable-15\\\/#breadcrumb\",\"itemListElement\":[{\"@type\":\"ListItem\",\"position\":1,\"name\":\"Accueil\",\"item\":\"https:\\\/\\\/shop.bantam.ch\\\/fr\\\/\"},{\"@type\":\"ListItem\",\"position\":2,\"name\":\"Boutique\",\"item\":\"https:\\\/\\\/shop.bantam.ch\\\/fr\\\/boutique\\\/\"},{\"@type\":\"ListItem\",\"position\":3,\"name\":\"Kit pour d\u00e9vidoir portable 15 Classic GARDENA cplt. avec flexible 16,5 m, pi\u00e8ces syst\u00e8me et lance\"}]},{\"@type\":\"WebSite\",\"@id\":\"https:\\\/\\\/shop.bantam.ch\\\/fr\\\/#website\",\"url\":\"https:\\\/\\\/shop.bantam.ch\\\/fr\\\/\",\"name\":\"Bantam\",\"description\":\"\",\"publisher\":{\"@id\":\"https:\\\/\\\/shop.bantam.ch\\\/fr\\\/#organization\"},\"inLanguage\":\"fr-FR\"},{\"@type\":\"Organization\",\"@id\":\"https:\\\/\\\/shop.bantam.ch\\\/fr\\\/#organization\",\"name\":\"Bantam\",\"url\":\"https:\\\/\\\/shop.bantam.ch\\\/fr\\\/\",\"logo\":{\"@type\":\"ImageObject\",\"inLanguage\":\"fr-FR\",\"@id\":\"https:\\\/\\\/shop.bantam.ch\\\/fr\\\/#\\\/schema\\\/logo\\\/image\\\/\",\"url\":\"https:\\\/\\\/shop.bantam.ch\\\/wp-content\\\/uploads\\\/2022\\\/12\\\/bantam-logo.png\",\"contentUrl\":\"https:\\\/\\\/shop.bantam.ch\\\/wp-content\\\/uploads\\\/2022\\\/12\\\/bantam-logo.png\",\"width\":320,\"height\":71,\"caption\":\"Bantam\"},\"image\":{\"@id\":\"https:\\\/\\\/shop.bantam.ch\\\/fr\\\/#\\\/schema\\\/logo\\\/image\\\/\"}}]}<\/script>\n<!-- \/ Yoast SEO plugin. -->","yoast_head_json":{"title":"Kit pour d\u00e9vidoir portable 15 Classic GARDENA cplt. avec flexible 16,5 m, pi\u00e8ces syst\u00e8me et lance - Bantam","robots":{"index":"index","follow":"follow","max-snippet":"max-snippet:-1","max-image-preview":"max-image-preview:large","max-video-preview":"max-video-preview:-1"},"canonical":"https:\/\/shop.bantam.ch\/fr\/produit\/kit-pour-devidoir-portable-15\/","og_locale":"fr_FR","og_type":"article","og_title":"Kit pour d\u00e9vidoir portable 15 Classic GARDENA cplt. avec flexible 16,5 m, pi\u00e8ces syst\u00e8me et lance - Bantam","og_description":"Pour une utilisation en camping, pendant les loisirs et les sports nautiques. L\u00e9ger et peu encombrant, avec manivelle escamotable et poign\u00e9e de transport. Tuyau en tissu (diam\u00e8tre 11\u00a0mm). Avec pi\u00e8ces d\u2019origine Gardena et t\u00eate d\u2019arrosage incluses Imm\u00e9diatement pr\u00eat \u00e0 l\u2019emploi &#8211; simplement d\u00e9rouler la longueur de tuyau n\u00e9cessaire. Avec tuyau de qualit\u00e9 de 16,5 m [&hellip;]","og_url":"https:\/\/shop.bantam.ch\/fr\/produit\/kit-pour-devidoir-portable-15\/","og_site_name":"Bantam","article_modified_time":"2026-05-01T19:31:32+00:00","og_image":[{"width":3206,"height":3500,"url":"https:\/\/shop.bantam.ch\/wp-content\/uploads\/2023\/02\/9960369-100-1-3-scaled.jpg","type":"image\/jpeg"}],"twitter_card":"summary_large_image","schema":{"@context":"https:\/\/schema.org","@graph":[{"@type":"WebPage","@id":"https:\/\/shop.bantam.ch\/fr\/produit\/kit-pour-devidoir-portable-15\/","url":"https:\/\/shop.bantam.ch\/fr\/produit\/kit-pour-devidoir-portable-15\/","name":"Kit pour d\u00e9vidoir portable 15 Classic GARDENA cplt. avec flexible 16,5 m, pi\u00e8ces syst\u00e8me et lance - Bantam","isPartOf":{"@id":"https:\/\/shop.bantam.ch\/fr\/#website"},"primaryImageOfPage":{"@id":"https:\/\/shop.bantam.ch\/fr\/produit\/kit-pour-devidoir-portable-15\/#primaryimage"},"image":{"@id":"https:\/\/shop.bantam.ch\/fr\/produit\/kit-pour-devidoir-portable-15\/#primaryimage"},"thumbnailUrl":"https:\/\/shop.bantam.ch\/wp-content\/uploads\/2023\/02\/9960369-100-1-3-scaled.jpg","datePublished":"2023-02-28T04:58:00+00:00","dateModified":"2026-05-01T19:31:32+00:00","breadcrumb":{"@id":"https:\/\/shop.bantam.ch\/fr\/produit\/kit-pour-devidoir-portable-15\/#breadcrumb"},"inLanguage":"fr-FR","potentialAction":[{"@type":"ReadAction","target":["https:\/\/shop.bantam.ch\/fr\/produit\/kit-pour-devidoir-portable-15\/"]}]},{"@type":"ImageObject","inLanguage":"fr-FR","@id":"https:\/\/shop.bantam.ch\/fr\/produit\/kit-pour-devidoir-portable-15\/#primaryimage","url":"https:\/\/shop.bantam.ch\/wp-content\/uploads\/2023\/02\/9960369-100-1-3-scaled.jpg","contentUrl":"https:\/\/shop.bantam.ch\/wp-content\/uploads\/2023\/02\/9960369-100-1-3-scaled.jpg","width":1876,"height":2048},{"@type":"BreadcrumbList","@id":"https:\/\/shop.bantam.ch\/fr\/produit\/kit-pour-devidoir-portable-15\/#breadcrumb","itemListElement":[{"@type":"ListItem","position":1,"name":"Accueil","item":"https:\/\/shop.bantam.ch\/fr\/"},{"@type":"ListItem","position":2,"name":"Boutique","item":"https:\/\/shop.bantam.ch\/fr\/boutique\/"},{"@type":"ListItem","position":3,"name":"Kit pour d\u00e9vidoir portable 15 Classic GARDENA cplt. avec flexible 16,5 m, pi\u00e8ces syst\u00e8me et lance"}]},{"@type":"WebSite","@id":"https:\/\/shop.bantam.ch\/fr\/#website","url":"https:\/\/shop.bantam.ch\/fr\/","name":"Bantam","description":"","publisher":{"@id":"https:\/\/shop.bantam.ch\/fr\/#organization"},"inLanguage":"fr-FR"},{"@type":"Organization","@id":"https:\/\/shop.bantam.ch\/fr\/#organization","name":"Bantam","url":"https:\/\/shop.bantam.ch\/fr\/","logo":{"@type":"ImageObject","inLanguage":"fr-FR","@id":"https:\/\/shop.bantam.ch\/fr\/#\/schema\/logo\/image\/","url":"https:\/\/shop.bantam.ch\/wp-content\/uploads\/2022\/12\/bantam-logo.png","contentUrl":"https:\/\/shop.bantam.ch\/wp-content\/uploads\/2022\/12\/bantam-logo.png","width":320,"height":71,"caption":"Bantam"},"image":{"@id":"https:\/\/shop.bantam.ch\/fr\/#\/schema\/logo\/image\/"}}]}},"_links":{"self":[{"href":"https:\/\/shop.bantam.ch\/fr\/wp-json\/wp\/v2\/product\/98815","targetHints":{"allow":["GET"]}}],"collection":[{"href":"https:\/\/shop.bantam.ch\/fr\/wp-json\/wp\/v2\/product"}],"about":[{"href":"https:\/\/shop.bantam.ch\/fr\/wp-json\/wp\/v2\/types\/product"}],"wp:featuredmedia":[{"embeddable":true,"href":"https:\/\/shop.bantam.ch\/fr\/wp-json\/wp\/v2\/media\/98807"}],"wp:attachment":[{"href":"https:\/\/shop.bantam.ch\/fr\/wp-json\/wp\/v2\/media?parent=98815"}],"wp:term":[{"taxonomy":"product_featured_cat","embeddable":true,"href":"https:\/\/shop.bantam.ch\/fr\/wp-json\/wp\/v2\/product_featured_cat?post=98815"},{"taxonomy":"product_brand","embeddable":true,"href":"https:\/\/shop.bantam.ch\/fr\/wp-json\/wp\/v2\/product_brand?post=98815"},{"taxonomy":"product_cat","embeddable":true,"href":"https:\/\/shop.bantam.ch\/fr\/wp-json\/wp\/v2\/product_cat?post=98815"},{"taxonomy":"product_tag","embeddable":true,"href":"https:\/\/shop.bantam.ch\/fr\/wp-json\/wp\/v2\/product_tag?post=98815"}],"curies":[{"name":"wp","href":"https:\/\/api.w.org\/{rel}","templated":true}]}}