{"id":98805,"date":"2023-02-28T05:57:54","date_gmt":"2023-02-28T04:57:54","guid":{"rendered":"http:\/\/shop.bantam.ch\/produit\/garniture-de-raccordement-comfort-flex-1-2\/"},"modified":"2026-04-18T21:32:43","modified_gmt":"2026-04-18T19:32:43","slug":"garniture-de-raccordement-comfort-flex-1-2","status":"publish","type":"product","link":"https:\/\/shop.bantam.ch\/fr\/produit\/garniture-de-raccordement-comfort-flex-1-2\/","title":{"rendered":"Raccord pour tuyau GARDENA Comfort FLEX 1 \/ 2 pouces"},"content":{"rendered":"<p>Pour raccorder le chariot d\u00e9vidoir sur le robinet. Flexible Comfort FLEX 1,5 m, 13 mm (1\/2 pouce). Compl\u00e9tement \u00e9quip\u00e9 de pi\u00e8ces de syst\u00e8me et de nez de robinet d\u2019origine Gardena.<\/p>\n","protected":false},"excerpt":{"rendered":"<p>Pour raccorder le chariot d\u00e9vidoir sur le robinet. Flexible Comfort FLEX 1,5 m, 13 mm (1\/2 pouce). Compl\u00e9tement \u00e9quip\u00e9 de pi\u00e8ces de syst\u00e8me et de nez de robinet d\u2019origine Gardena.<\/p>\n","protected":false},"featured_media":98803,"template":"","meta":{"_acf_changed":false},"product_featured_cat":[],"product_brand":[3246],"product_cat":[4621,5033],"product_tag":[],"class_list":{"0":"post-98805","1":"product","2":"type-product","3":"status-publish","4":"has-post-thumbnail","6":"product_brand-gardena","7":"product_cat-connecteurs-de-tuyau","8":"product_cat-tuyaux-deau","10":"first","11":"instock","12":"taxable","13":"shipping-taxable","14":"purchasable","15":"product-type-simple"},"acf":[],"yoast_head":"<!-- This site is optimized with the Yoast SEO plugin v27.4 - https:\/\/yoast.com\/product\/yoast-seo-wordpress\/ -->\n<title>Raccord pour tuyau GARDENA Comfort FLEX 1 \/ 2 pouces - Bantam Wankm\u00fcller SA<\/title>\n<meta name=\"robots\" content=\"index, follow, max-snippet:-1, max-image-preview:large, max-video-preview:-1\" \/>\n<link rel=\"canonical\" href=\"https:\/\/shop.bantam.ch\/fr\/produit\/garniture-de-raccordement-comfort-flex-1-2\/\" \/>\n<meta property=\"og:locale\" content=\"fr_FR\" \/>\n<meta property=\"og:type\" content=\"article\" \/>\n<meta property=\"og:title\" content=\"Raccord pour tuyau GARDENA Comfort FLEX 1 \/ 2 pouces - Bantam Wankm\u00fcller SA\" \/>\n<meta property=\"og:description\" content=\"Pour raccorder le chariot d\u00e9vidoir sur le robinet. Flexible Comfort FLEX 1,5 m, 13 mm (1\/2 pouce). Compl\u00e9tement \u00e9quip\u00e9 de pi\u00e8ces de syst\u00e8me et de nez de robinet d\u2019origine Gardena.\" \/>\n<meta property=\"og:url\" content=\"https:\/\/shop.bantam.ch\/fr\/produit\/garniture-de-raccordement-comfort-flex-1-2\/\" \/>\n<meta property=\"og:site_name\" content=\"Bantam Wankm\u00fcller SA\" \/>\n<meta property=\"article:modified_time\" content=\"2026-04-18T19:32:43+00:00\" \/>\n<meta property=\"og:image\" content=\"https:\/\/shop.bantam.ch\/wp-content\/uploads\/2023\/02\/9960368-100-1-3-scaled.jpg\" \/>\n\t<meta property=\"og:image:width\" content=\"3258\" \/>\n\t<meta property=\"og:image:height\" content=\"3314\" \/>\n\t<meta property=\"og:image:type\" content=\"image\/jpeg\" \/>\n<meta name=\"twitter:card\" content=\"summary_large_image\" \/>\n<script type=\"application\/ld+json\" class=\"yoast-schema-graph\">{\"@context\":\"https:\\\/\\\/schema.org\",\"@graph\":[{\"@type\":\"WebPage\",\"@id\":\"https:\\\/\\\/shop.bantam.ch\\\/fr\\\/produit\\\/garniture-de-raccordement-comfort-flex-1-2\\\/\",\"url\":\"https:\\\/\\\/shop.bantam.ch\\\/fr\\\/produit\\\/garniture-de-raccordement-comfort-flex-1-2\\\/\",\"name\":\"Raccord pour tuyau GARDENA Comfort FLEX 1 \\\/ 2 pouces - Bantam Wankm\u00fcller SA\",\"isPartOf\":{\"@id\":\"https:\\\/\\\/shop.bantam.ch\\\/fr\\\/#website\"},\"primaryImageOfPage\":{\"@id\":\"https:\\\/\\\/shop.bantam.ch\\\/fr\\\/produit\\\/garniture-de-raccordement-comfort-flex-1-2\\\/#primaryimage\"},\"image\":{\"@id\":\"https:\\\/\\\/shop.bantam.ch\\\/fr\\\/produit\\\/garniture-de-raccordement-comfort-flex-1-2\\\/#primaryimage\"},\"thumbnailUrl\":\"https:\\\/\\\/shop.bantam.ch\\\/wp-content\\\/uploads\\\/2023\\\/02\\\/9960368-100-1-3-scaled.jpg\",\"datePublished\":\"2023-02-28T04:57:54+00:00\",\"dateModified\":\"2026-04-18T19:32:43+00:00\",\"breadcrumb\":{\"@id\":\"https:\\\/\\\/shop.bantam.ch\\\/fr\\\/produit\\\/garniture-de-raccordement-comfort-flex-1-2\\\/#breadcrumb\"},\"inLanguage\":\"fr-FR\",\"potentialAction\":[{\"@type\":\"ReadAction\",\"target\":[\"https:\\\/\\\/shop.bantam.ch\\\/fr\\\/produit\\\/garniture-de-raccordement-comfort-flex-1-2\\\/\"]}]},{\"@type\":\"ImageObject\",\"inLanguage\":\"fr-FR\",\"@id\":\"https:\\\/\\\/shop.bantam.ch\\\/fr\\\/produit\\\/garniture-de-raccordement-comfort-flex-1-2\\\/#primaryimage\",\"url\":\"https:\\\/\\\/shop.bantam.ch\\\/wp-content\\\/uploads\\\/2023\\\/02\\\/9960368-100-1-3-scaled.jpg\",\"contentUrl\":\"https:\\\/\\\/shop.bantam.ch\\\/wp-content\\\/uploads\\\/2023\\\/02\\\/9960368-100-1-3-scaled.jpg\",\"width\":2013,\"height\":2048},{\"@type\":\"BreadcrumbList\",\"@id\":\"https:\\\/\\\/shop.bantam.ch\\\/fr\\\/produit\\\/garniture-de-raccordement-comfort-flex-1-2\\\/#breadcrumb\",\"itemListElement\":[{\"@type\":\"ListItem\",\"position\":1,\"name\":\"Accueil\",\"item\":\"https:\\\/\\\/shop.bantam.ch\\\/fr\\\/\"},{\"@type\":\"ListItem\",\"position\":2,\"name\":\"Boutique\",\"item\":\"https:\\\/\\\/shop.bantam.ch\\\/fr\\\/boutique\\\/\"},{\"@type\":\"ListItem\",\"position\":3,\"name\":\"Raccord pour tuyau GARDENA Comfort FLEX 1 \\\/ 2 pouces\"}]},{\"@type\":\"WebSite\",\"@id\":\"https:\\\/\\\/shop.bantam.ch\\\/fr\\\/#website\",\"url\":\"https:\\\/\\\/shop.bantam.ch\\\/fr\\\/\",\"name\":\"Bantam Wankm\u00fcller SA\",\"description\":\"\",\"publisher\":{\"@id\":\"https:\\\/\\\/shop.bantam.ch\\\/fr\\\/#organization\"},\"inLanguage\":\"fr-FR\"},{\"@type\":\"Organization\",\"@id\":\"https:\\\/\\\/shop.bantam.ch\\\/fr\\\/#organization\",\"name\":\"Bantam Wankm\u00fcller SA\",\"url\":\"https:\\\/\\\/shop.bantam.ch\\\/fr\\\/\",\"logo\":{\"@type\":\"ImageObject\",\"inLanguage\":\"fr-FR\",\"@id\":\"https:\\\/\\\/shop.bantam.ch\\\/fr\\\/#\\\/schema\\\/logo\\\/image\\\/\",\"url\":\"https:\\\/\\\/shop.bantam.ch\\\/wp-content\\\/uploads\\\/2022\\\/12\\\/bantam-logo.png\",\"contentUrl\":\"https:\\\/\\\/shop.bantam.ch\\\/wp-content\\\/uploads\\\/2022\\\/12\\\/bantam-logo.png\",\"width\":320,\"height\":71,\"caption\":\"Bantam Wankm\u00fcller SA\"},\"image\":{\"@id\":\"https:\\\/\\\/shop.bantam.ch\\\/fr\\\/#\\\/schema\\\/logo\\\/image\\\/\"}}]}<\/script>\n<!-- \/ Yoast SEO plugin. -->","yoast_head_json":{"title":"Raccord pour tuyau GARDENA Comfort FLEX 1 \/ 2 pouces - Bantam Wankm\u00fcller SA","robots":{"index":"index","follow":"follow","max-snippet":"max-snippet:-1","max-image-preview":"max-image-preview:large","max-video-preview":"max-video-preview:-1"},"canonical":"https:\/\/shop.bantam.ch\/fr\/produit\/garniture-de-raccordement-comfort-flex-1-2\/","og_locale":"fr_FR","og_type":"article","og_title":"Raccord pour tuyau GARDENA Comfort FLEX 1 \/ 2 pouces - Bantam Wankm\u00fcller SA","og_description":"Pour raccorder le chariot d\u00e9vidoir sur le robinet. Flexible Comfort FLEX 1,5 m, 13 mm (1\/2 pouce). Compl\u00e9tement \u00e9quip\u00e9 de pi\u00e8ces de syst\u00e8me et de nez de robinet d\u2019origine Gardena.","og_url":"https:\/\/shop.bantam.ch\/fr\/produit\/garniture-de-raccordement-comfort-flex-1-2\/","og_site_name":"Bantam Wankm\u00fcller SA","article_modified_time":"2026-04-18T19:32:43+00:00","og_image":[{"width":3258,"height":3314,"url":"https:\/\/shop.bantam.ch\/wp-content\/uploads\/2023\/02\/9960368-100-1-3-scaled.jpg","type":"image\/jpeg"}],"twitter_card":"summary_large_image","schema":{"@context":"https:\/\/schema.org","@graph":[{"@type":"WebPage","@id":"https:\/\/shop.bantam.ch\/fr\/produit\/garniture-de-raccordement-comfort-flex-1-2\/","url":"https:\/\/shop.bantam.ch\/fr\/produit\/garniture-de-raccordement-comfort-flex-1-2\/","name":"Raccord pour tuyau GARDENA Comfort FLEX 1 \/ 2 pouces - Bantam Wankm\u00fcller SA","isPartOf":{"@id":"https:\/\/shop.bantam.ch\/fr\/#website"},"primaryImageOfPage":{"@id":"https:\/\/shop.bantam.ch\/fr\/produit\/garniture-de-raccordement-comfort-flex-1-2\/#primaryimage"},"image":{"@id":"https:\/\/shop.bantam.ch\/fr\/produit\/garniture-de-raccordement-comfort-flex-1-2\/#primaryimage"},"thumbnailUrl":"https:\/\/shop.bantam.ch\/wp-content\/uploads\/2023\/02\/9960368-100-1-3-scaled.jpg","datePublished":"2023-02-28T04:57:54+00:00","dateModified":"2026-04-18T19:32:43+00:00","breadcrumb":{"@id":"https:\/\/shop.bantam.ch\/fr\/produit\/garniture-de-raccordement-comfort-flex-1-2\/#breadcrumb"},"inLanguage":"fr-FR","potentialAction":[{"@type":"ReadAction","target":["https:\/\/shop.bantam.ch\/fr\/produit\/garniture-de-raccordement-comfort-flex-1-2\/"]}]},{"@type":"ImageObject","inLanguage":"fr-FR","@id":"https:\/\/shop.bantam.ch\/fr\/produit\/garniture-de-raccordement-comfort-flex-1-2\/#primaryimage","url":"https:\/\/shop.bantam.ch\/wp-content\/uploads\/2023\/02\/9960368-100-1-3-scaled.jpg","contentUrl":"https:\/\/shop.bantam.ch\/wp-content\/uploads\/2023\/02\/9960368-100-1-3-scaled.jpg","width":2013,"height":2048},{"@type":"BreadcrumbList","@id":"https:\/\/shop.bantam.ch\/fr\/produit\/garniture-de-raccordement-comfort-flex-1-2\/#breadcrumb","itemListElement":[{"@type":"ListItem","position":1,"name":"Accueil","item":"https:\/\/shop.bantam.ch\/fr\/"},{"@type":"ListItem","position":2,"name":"Boutique","item":"https:\/\/shop.bantam.ch\/fr\/boutique\/"},{"@type":"ListItem","position":3,"name":"Raccord pour tuyau GARDENA Comfort FLEX 1 \/ 2 pouces"}]},{"@type":"WebSite","@id":"https:\/\/shop.bantam.ch\/fr\/#website","url":"https:\/\/shop.bantam.ch\/fr\/","name":"Bantam Wankm\u00fcller SA","description":"","publisher":{"@id":"https:\/\/shop.bantam.ch\/fr\/#organization"},"inLanguage":"fr-FR"},{"@type":"Organization","@id":"https:\/\/shop.bantam.ch\/fr\/#organization","name":"Bantam Wankm\u00fcller SA","url":"https:\/\/shop.bantam.ch\/fr\/","logo":{"@type":"ImageObject","inLanguage":"fr-FR","@id":"https:\/\/shop.bantam.ch\/fr\/#\/schema\/logo\/image\/","url":"https:\/\/shop.bantam.ch\/wp-content\/uploads\/2022\/12\/bantam-logo.png","contentUrl":"https:\/\/shop.bantam.ch\/wp-content\/uploads\/2022\/12\/bantam-logo.png","width":320,"height":71,"caption":"Bantam Wankm\u00fcller SA"},"image":{"@id":"https:\/\/shop.bantam.ch\/fr\/#\/schema\/logo\/image\/"}}]}},"_links":{"self":[{"href":"https:\/\/shop.bantam.ch\/fr\/wp-json\/wp\/v2\/product\/98805","targetHints":{"allow":["GET"]}}],"collection":[{"href":"https:\/\/shop.bantam.ch\/fr\/wp-json\/wp\/v2\/product"}],"about":[{"href":"https:\/\/shop.bantam.ch\/fr\/wp-json\/wp\/v2\/types\/product"}],"wp:featuredmedia":[{"embeddable":true,"href":"https:\/\/shop.bantam.ch\/fr\/wp-json\/wp\/v2\/media\/98803"}],"wp:attachment":[{"href":"https:\/\/shop.bantam.ch\/fr\/wp-json\/wp\/v2\/media?parent=98805"}],"wp:term":[{"taxonomy":"product_featured_cat","embeddable":true,"href":"https:\/\/shop.bantam.ch\/fr\/wp-json\/wp\/v2\/product_featured_cat?post=98805"},{"taxonomy":"product_brand","embeddable":true,"href":"https:\/\/shop.bantam.ch\/fr\/wp-json\/wp\/v2\/product_brand?post=98805"},{"taxonomy":"product_cat","embeddable":true,"href":"https:\/\/shop.bantam.ch\/fr\/wp-json\/wp\/v2\/product_cat?post=98805"},{"taxonomy":"product_tag","embeddable":true,"href":"https:\/\/shop.bantam.ch\/fr\/wp-json\/wp\/v2\/product_tag?post=98805"}],"curies":[{"name":"wp","href":"https:\/\/api.w.org\/{rel}","templated":true}]}}