{"id":98413,"date":"2023-02-28T05:54:58","date_gmt":"2023-02-28T04:54:58","guid":{"rendered":"http:\/\/shop.bantam.ch\/produit\/ecran-lcd-m75l-7-pouces\/"},"modified":"2026-04-18T21:32:42","modified_gmt":"2026-04-18T19:32:42","slug":"ecran-lcd-m75l-7-pouces","status":"publish","type":"product","link":"https:\/\/shop.bantam.ch\/fr\/produit\/ecran-lcd-m75l-7-pouces\/","title":{"rendered":"\u00c9cran 7 pouces LCD M75L indiv. pour Perfect View 9954902"},"content":{"rendered":"<p>Cet \u00e9cran num\u00e9rique avec affichage\u00a0LCD et technologie haute d\u00e9finition analogique se distingue par son r\u00e9tro\u00e9clairage\u00a0LED lumineux et \u00e9conome en \u00e9nergie et son excellente qualit\u00e9 d\u2019image en toutes circonstances. L\u2019\u00e9cran plat compact de 7\u00a0pouces vous offre une visibilit\u00e9 parfaite pour des man\u0153uvres en toute s\u00e9curit\u00e9. C\u2019est le composant central de divers syst\u00e8mes de cam\u00e9ras de recul Dometic.<\/p>\n","protected":false},"excerpt":{"rendered":"<p>Cet \u00e9cran num\u00e9rique avec affichage\u00a0LCD et technologie haute d\u00e9finition analogique se distingue par son r\u00e9tro\u00e9clairage\u00a0LED lumineux et \u00e9conome en \u00e9nergie et son excellente qualit\u00e9 d\u2019image en toutes circonstances. L\u2019\u00e9cran plat compact de 7\u00a0pouces vous offre une visibilit\u00e9 parfaite pour des man\u0153uvres en toute s\u00e9curit\u00e9. C\u2019est le composant central de divers syst\u00e8mes de cam\u00e9ras de recul [&hellip;]<\/p>\n","protected":false},"featured_media":98411,"template":"","meta":{"_acf_changed":false},"product_featured_cat":[],"product_brand":[3028],"product_cat":[4999],"product_tag":[],"class_list":{"0":"post-98413","1":"product","2":"type-product","3":"status-publish","4":"has-post-thumbnail","6":"product_brand-dometic","7":"product_cat-moniteurs","9":"first","10":"instock","11":"taxable","12":"shipping-taxable","13":"purchasable","14":"product-type-simple"},"acf":[],"yoast_head":"<!-- This site is optimized with the Yoast SEO plugin v27.4 - https:\/\/yoast.com\/product\/yoast-seo-wordpress\/ -->\n<title>\u00c9cran 7 pouces LCD M75L indiv. pour Perfect View 9954902 - Bantam Wankm\u00fcller SA<\/title>\n<meta name=\"robots\" content=\"index, follow, max-snippet:-1, max-image-preview:large, max-video-preview:-1\" \/>\n<link rel=\"canonical\" href=\"https:\/\/shop.bantam.ch\/fr\/produit\/ecran-lcd-m75l-7-pouces\/\" \/>\n<meta property=\"og:locale\" content=\"fr_FR\" \/>\n<meta property=\"og:type\" content=\"article\" \/>\n<meta property=\"og:title\" content=\"\u00c9cran 7 pouces LCD M75L indiv. pour Perfect View 9954902 - Bantam Wankm\u00fcller SA\" \/>\n<meta property=\"og:description\" content=\"Cet \u00e9cran num\u00e9rique avec affichage\u00a0LCD et technologie haute d\u00e9finition analogique se distingue par son r\u00e9tro\u00e9clairage\u00a0LED lumineux et \u00e9conome en \u00e9nergie et son excellente qualit\u00e9 d\u2019image en toutes circonstances. L\u2019\u00e9cran plat compact de 7\u00a0pouces vous offre une visibilit\u00e9 parfaite pour des man\u0153uvres en toute s\u00e9curit\u00e9. C\u2019est le composant central de divers syst\u00e8mes de cam\u00e9ras de recul [&hellip;]\" \/>\n<meta property=\"og:url\" content=\"https:\/\/shop.bantam.ch\/fr\/produit\/ecran-lcd-m75l-7-pouces\/\" \/>\n<meta property=\"og:site_name\" content=\"Bantam Wankm\u00fcller SA\" \/>\n<meta property=\"article:modified_time\" content=\"2026-04-18T19:32:42+00:00\" \/>\n<meta property=\"og:image\" content=\"https:\/\/shop.bantam.ch\/wp-content\/uploads\/2023\/02\/993293711.jpg\" \/>\n\t<meta property=\"og:image:width\" content=\"1000\" \/>\n\t<meta property=\"og:image:height\" content=\"585\" \/>\n\t<meta property=\"og:image:type\" content=\"image\/jpeg\" \/>\n<meta name=\"twitter:card\" content=\"summary_large_image\" \/>\n<script type=\"application\/ld+json\" class=\"yoast-schema-graph\">{\"@context\":\"https:\\\/\\\/schema.org\",\"@graph\":[{\"@type\":\"WebPage\",\"@id\":\"https:\\\/\\\/shop.bantam.ch\\\/fr\\\/produit\\\/ecran-lcd-m75l-7-pouces\\\/\",\"url\":\"https:\\\/\\\/shop.bantam.ch\\\/fr\\\/produit\\\/ecran-lcd-m75l-7-pouces\\\/\",\"name\":\"\u00c9cran 7 pouces LCD M75L indiv. pour Perfect View 9954902 - Bantam Wankm\u00fcller SA\",\"isPartOf\":{\"@id\":\"https:\\\/\\\/shop.bantam.ch\\\/fr\\\/#website\"},\"primaryImageOfPage\":{\"@id\":\"https:\\\/\\\/shop.bantam.ch\\\/fr\\\/produit\\\/ecran-lcd-m75l-7-pouces\\\/#primaryimage\"},\"image\":{\"@id\":\"https:\\\/\\\/shop.bantam.ch\\\/fr\\\/produit\\\/ecran-lcd-m75l-7-pouces\\\/#primaryimage\"},\"thumbnailUrl\":\"https:\\\/\\\/shop.bantam.ch\\\/wp-content\\\/uploads\\\/2023\\\/02\\\/993293711.jpg\",\"datePublished\":\"2023-02-28T04:54:58+00:00\",\"dateModified\":\"2026-04-18T19:32:42+00:00\",\"breadcrumb\":{\"@id\":\"https:\\\/\\\/shop.bantam.ch\\\/fr\\\/produit\\\/ecran-lcd-m75l-7-pouces\\\/#breadcrumb\"},\"inLanguage\":\"fr-FR\",\"potentialAction\":[{\"@type\":\"ReadAction\",\"target\":[\"https:\\\/\\\/shop.bantam.ch\\\/fr\\\/produit\\\/ecran-lcd-m75l-7-pouces\\\/\"]}]},{\"@type\":\"ImageObject\",\"inLanguage\":\"fr-FR\",\"@id\":\"https:\\\/\\\/shop.bantam.ch\\\/fr\\\/produit\\\/ecran-lcd-m75l-7-pouces\\\/#primaryimage\",\"url\":\"https:\\\/\\\/shop.bantam.ch\\\/wp-content\\\/uploads\\\/2023\\\/02\\\/993293711.jpg\",\"contentUrl\":\"https:\\\/\\\/shop.bantam.ch\\\/wp-content\\\/uploads\\\/2023\\\/02\\\/993293711.jpg\",\"width\":1000,\"height\":585},{\"@type\":\"BreadcrumbList\",\"@id\":\"https:\\\/\\\/shop.bantam.ch\\\/fr\\\/produit\\\/ecran-lcd-m75l-7-pouces\\\/#breadcrumb\",\"itemListElement\":[{\"@type\":\"ListItem\",\"position\":1,\"name\":\"Accueil\",\"item\":\"https:\\\/\\\/shop.bantam.ch\\\/fr\\\/\"},{\"@type\":\"ListItem\",\"position\":2,\"name\":\"Boutique\",\"item\":\"https:\\\/\\\/shop.bantam.ch\\\/fr\\\/boutique\\\/\"},{\"@type\":\"ListItem\",\"position\":3,\"name\":\"\u00c9cran 7 pouces LCD M75L indiv. pour Perfect View 9954902\"}]},{\"@type\":\"WebSite\",\"@id\":\"https:\\\/\\\/shop.bantam.ch\\\/fr\\\/#website\",\"url\":\"https:\\\/\\\/shop.bantam.ch\\\/fr\\\/\",\"name\":\"Bantam Wankm\u00fcller SA\",\"description\":\"\",\"publisher\":{\"@id\":\"https:\\\/\\\/shop.bantam.ch\\\/fr\\\/#organization\"},\"inLanguage\":\"fr-FR\"},{\"@type\":\"Organization\",\"@id\":\"https:\\\/\\\/shop.bantam.ch\\\/fr\\\/#organization\",\"name\":\"Bantam Wankm\u00fcller SA\",\"url\":\"https:\\\/\\\/shop.bantam.ch\\\/fr\\\/\",\"logo\":{\"@type\":\"ImageObject\",\"inLanguage\":\"fr-FR\",\"@id\":\"https:\\\/\\\/shop.bantam.ch\\\/fr\\\/#\\\/schema\\\/logo\\\/image\\\/\",\"url\":\"https:\\\/\\\/shop.bantam.ch\\\/wp-content\\\/uploads\\\/2022\\\/12\\\/bantam-logo.png\",\"contentUrl\":\"https:\\\/\\\/shop.bantam.ch\\\/wp-content\\\/uploads\\\/2022\\\/12\\\/bantam-logo.png\",\"width\":320,\"height\":71,\"caption\":\"Bantam Wankm\u00fcller SA\"},\"image\":{\"@id\":\"https:\\\/\\\/shop.bantam.ch\\\/fr\\\/#\\\/schema\\\/logo\\\/image\\\/\"}}]}<\/script>\n<!-- \/ Yoast SEO plugin. -->","yoast_head_json":{"title":"\u00c9cran 7 pouces LCD M75L indiv. pour Perfect View 9954902 - Bantam Wankm\u00fcller SA","robots":{"index":"index","follow":"follow","max-snippet":"max-snippet:-1","max-image-preview":"max-image-preview:large","max-video-preview":"max-video-preview:-1"},"canonical":"https:\/\/shop.bantam.ch\/fr\/produit\/ecran-lcd-m75l-7-pouces\/","og_locale":"fr_FR","og_type":"article","og_title":"\u00c9cran 7 pouces LCD M75L indiv. pour Perfect View 9954902 - Bantam Wankm\u00fcller SA","og_description":"Cet \u00e9cran num\u00e9rique avec affichage\u00a0LCD et technologie haute d\u00e9finition analogique se distingue par son r\u00e9tro\u00e9clairage\u00a0LED lumineux et \u00e9conome en \u00e9nergie et son excellente qualit\u00e9 d\u2019image en toutes circonstances. L\u2019\u00e9cran plat compact de 7\u00a0pouces vous offre une visibilit\u00e9 parfaite pour des man\u0153uvres en toute s\u00e9curit\u00e9. C\u2019est le composant central de divers syst\u00e8mes de cam\u00e9ras de recul [&hellip;]","og_url":"https:\/\/shop.bantam.ch\/fr\/produit\/ecran-lcd-m75l-7-pouces\/","og_site_name":"Bantam Wankm\u00fcller SA","article_modified_time":"2026-04-18T19:32:42+00:00","og_image":[{"width":1000,"height":585,"url":"https:\/\/shop.bantam.ch\/wp-content\/uploads\/2023\/02\/993293711.jpg","type":"image\/jpeg"}],"twitter_card":"summary_large_image","schema":{"@context":"https:\/\/schema.org","@graph":[{"@type":"WebPage","@id":"https:\/\/shop.bantam.ch\/fr\/produit\/ecran-lcd-m75l-7-pouces\/","url":"https:\/\/shop.bantam.ch\/fr\/produit\/ecran-lcd-m75l-7-pouces\/","name":"\u00c9cran 7 pouces LCD M75L indiv. pour Perfect View 9954902 - Bantam Wankm\u00fcller SA","isPartOf":{"@id":"https:\/\/shop.bantam.ch\/fr\/#website"},"primaryImageOfPage":{"@id":"https:\/\/shop.bantam.ch\/fr\/produit\/ecran-lcd-m75l-7-pouces\/#primaryimage"},"image":{"@id":"https:\/\/shop.bantam.ch\/fr\/produit\/ecran-lcd-m75l-7-pouces\/#primaryimage"},"thumbnailUrl":"https:\/\/shop.bantam.ch\/wp-content\/uploads\/2023\/02\/993293711.jpg","datePublished":"2023-02-28T04:54:58+00:00","dateModified":"2026-04-18T19:32:42+00:00","breadcrumb":{"@id":"https:\/\/shop.bantam.ch\/fr\/produit\/ecran-lcd-m75l-7-pouces\/#breadcrumb"},"inLanguage":"fr-FR","potentialAction":[{"@type":"ReadAction","target":["https:\/\/shop.bantam.ch\/fr\/produit\/ecran-lcd-m75l-7-pouces\/"]}]},{"@type":"ImageObject","inLanguage":"fr-FR","@id":"https:\/\/shop.bantam.ch\/fr\/produit\/ecran-lcd-m75l-7-pouces\/#primaryimage","url":"https:\/\/shop.bantam.ch\/wp-content\/uploads\/2023\/02\/993293711.jpg","contentUrl":"https:\/\/shop.bantam.ch\/wp-content\/uploads\/2023\/02\/993293711.jpg","width":1000,"height":585},{"@type":"BreadcrumbList","@id":"https:\/\/shop.bantam.ch\/fr\/produit\/ecran-lcd-m75l-7-pouces\/#breadcrumb","itemListElement":[{"@type":"ListItem","position":1,"name":"Accueil","item":"https:\/\/shop.bantam.ch\/fr\/"},{"@type":"ListItem","position":2,"name":"Boutique","item":"https:\/\/shop.bantam.ch\/fr\/boutique\/"},{"@type":"ListItem","position":3,"name":"\u00c9cran 7 pouces LCD M75L indiv. pour Perfect View 9954902"}]},{"@type":"WebSite","@id":"https:\/\/shop.bantam.ch\/fr\/#website","url":"https:\/\/shop.bantam.ch\/fr\/","name":"Bantam Wankm\u00fcller SA","description":"","publisher":{"@id":"https:\/\/shop.bantam.ch\/fr\/#organization"},"inLanguage":"fr-FR"},{"@type":"Organization","@id":"https:\/\/shop.bantam.ch\/fr\/#organization","name":"Bantam Wankm\u00fcller SA","url":"https:\/\/shop.bantam.ch\/fr\/","logo":{"@type":"ImageObject","inLanguage":"fr-FR","@id":"https:\/\/shop.bantam.ch\/fr\/#\/schema\/logo\/image\/","url":"https:\/\/shop.bantam.ch\/wp-content\/uploads\/2022\/12\/bantam-logo.png","contentUrl":"https:\/\/shop.bantam.ch\/wp-content\/uploads\/2022\/12\/bantam-logo.png","width":320,"height":71,"caption":"Bantam Wankm\u00fcller SA"},"image":{"@id":"https:\/\/shop.bantam.ch\/fr\/#\/schema\/logo\/image\/"}}]}},"_links":{"self":[{"href":"https:\/\/shop.bantam.ch\/fr\/wp-json\/wp\/v2\/product\/98413","targetHints":{"allow":["GET"]}}],"collection":[{"href":"https:\/\/shop.bantam.ch\/fr\/wp-json\/wp\/v2\/product"}],"about":[{"href":"https:\/\/shop.bantam.ch\/fr\/wp-json\/wp\/v2\/types\/product"}],"wp:featuredmedia":[{"embeddable":true,"href":"https:\/\/shop.bantam.ch\/fr\/wp-json\/wp\/v2\/media\/98411"}],"wp:attachment":[{"href":"https:\/\/shop.bantam.ch\/fr\/wp-json\/wp\/v2\/media?parent=98413"}],"wp:term":[{"taxonomy":"product_featured_cat","embeddable":true,"href":"https:\/\/shop.bantam.ch\/fr\/wp-json\/wp\/v2\/product_featured_cat?post=98413"},{"taxonomy":"product_brand","embeddable":true,"href":"https:\/\/shop.bantam.ch\/fr\/wp-json\/wp\/v2\/product_brand?post=98413"},{"taxonomy":"product_cat","embeddable":true,"href":"https:\/\/shop.bantam.ch\/fr\/wp-json\/wp\/v2\/product_cat?post=98413"},{"taxonomy":"product_tag","embeddable":true,"href":"https:\/\/shop.bantam.ch\/fr\/wp-json\/wp\/v2\/product_tag?post=98413"}],"curies":[{"name":"wp","href":"https:\/\/api.w.org\/{rel}","templated":true}]}}