{"id":98163,"date":"2023-02-28T05:49:52","date_gmt":"2023-02-28T04:49:52","guid":{"rendered":"http:\/\/shop.bantam.ch\/produit\/camera-perfectview-cam44-sans-nav\/"},"modified":"2026-04-17T21:31:26","modified_gmt":"2026-04-17T19:31:26","slug":"camera-perfectview-cam44-sans-nav","status":"publish","type":"product","link":"https:\/\/shop.bantam.ch\/fr\/produit\/camera-perfectview-cam44-sans-nav\/","title":{"rendered":"Cam\u00e9ra double couleur CAM44 CAMOS"},"content":{"rendered":"<p>La cam\u00e9ra bicolore avec obturateur est \u00e9quip\u00e9e de deux lentilles et d&rsquo;un cache motoris\u00e9 de protection contre la salet\u00e9. La cam\u00e9ra couleur avec microphone int\u00e9gr\u00e9 est int\u00e9gr\u00e9e dans un bo\u00eetier en aluminium et transmet l&rsquo;image et le son \u00e0 un moniteur via un c\u00e2ble. Elle peut \u00eatre actionn\u00e9e manuellement ou automatiquement. La CAM44 dispose d&rsquo;un objectif gros plan pour la zone imm\u00e9diatement derri\u00e8re le v\u00e9hicule et d&rsquo;un objectif pour la longue port\u00e9e. Pour des man\u0153uvres plus pr\u00e9cises, la cam\u00e9ra g\u00e9n\u00e8re trois marqueurs de distance lors de la marche arri\u00e8re, qui sont affich\u00e9s sous forme de lignes color\u00e9es sur un moniteur couleur connect\u00e9. Les LED infrarouges, qui r\u00e9agissent aux conditions d&rsquo;\u00e9clairage, assurent \u00e9galement une meilleure vision nocturne.<\/p>\n","protected":false},"excerpt":{"rendered":"<p>La cam\u00e9ra bicolore avec obturateur est \u00e9quip\u00e9e de deux lentilles et d&rsquo;un cache motoris\u00e9 de protection contre la salet\u00e9. La cam\u00e9ra couleur avec microphone int\u00e9gr\u00e9 est int\u00e9gr\u00e9e dans un bo\u00eetier en aluminium et transmet l&rsquo;image et le son \u00e0 un moniteur via un c\u00e2ble. Elle peut \u00eatre actionn\u00e9e manuellement ou automatiquement. La CAM44 dispose d&rsquo;un [&hellip;]<\/p>\n","protected":false},"featured_media":98161,"template":"","meta":{"_acf_changed":false},"product_featured_cat":[],"product_brand":[3028],"product_cat":[5001],"product_tag":[],"class_list":{"0":"post-98163","1":"product","2":"type-product","3":"status-publish","4":"has-post-thumbnail","6":"product_brand-dometic","7":"product_cat-cameras","9":"first","10":"instock","11":"taxable","12":"shipping-taxable","13":"purchasable","14":"product-type-simple"},"acf":[],"yoast_head":"<!-- This site is optimized with the Yoast SEO plugin v27.4 - https:\/\/yoast.com\/product\/yoast-seo-wordpress\/ -->\n<title>Cam\u00e9ra double couleur CAM44 CAMOS - Bantam Wankm\u00fcller SA<\/title>\n<meta name=\"robots\" content=\"index, follow, max-snippet:-1, max-image-preview:large, max-video-preview:-1\" \/>\n<link rel=\"canonical\" href=\"https:\/\/shop.bantam.ch\/fr\/produit\/camera-perfectview-cam44-sans-nav\/\" \/>\n<meta property=\"og:locale\" content=\"fr_FR\" \/>\n<meta property=\"og:type\" content=\"article\" \/>\n<meta property=\"og:title\" content=\"Cam\u00e9ra double couleur CAM44 CAMOS - Bantam Wankm\u00fcller SA\" \/>\n<meta property=\"og:description\" content=\"La cam\u00e9ra bicolore avec obturateur est \u00e9quip\u00e9e de deux lentilles et d&rsquo;un cache motoris\u00e9 de protection contre la salet\u00e9. La cam\u00e9ra couleur avec microphone int\u00e9gr\u00e9 est int\u00e9gr\u00e9e dans un bo\u00eetier en aluminium et transmet l&rsquo;image et le son \u00e0 un moniteur via un c\u00e2ble. Elle peut \u00eatre actionn\u00e9e manuellement ou automatiquement. La CAM44 dispose d&rsquo;un [&hellip;]\" \/>\n<meta property=\"og:url\" content=\"https:\/\/shop.bantam.ch\/fr\/produit\/camera-perfectview-cam44-sans-nav\/\" \/>\n<meta property=\"og:site_name\" content=\"Bantam Wankm\u00fcller SA\" \/>\n<meta property=\"article:modified_time\" content=\"2026-04-17T19:31:26+00:00\" \/>\n<meta property=\"og:image\" content=\"https:\/\/shop.bantam.ch\/wp-content\/uploads\/2023\/02\/993557111.jpg\" \/>\n\t<meta property=\"og:image:width\" content=\"1000\" \/>\n\t<meta property=\"og:image:height\" content=\"737\" \/>\n\t<meta property=\"og:image:type\" content=\"image\/jpeg\" \/>\n<meta name=\"twitter:card\" content=\"summary_large_image\" \/>\n<meta name=\"twitter:label1\" content=\"Dur\u00e9e de lecture estim\u00e9e\" \/>\n\t<meta name=\"twitter:data1\" content=\"1 minute\" \/>\n<script type=\"application\/ld+json\" class=\"yoast-schema-graph\">{\"@context\":\"https:\\\/\\\/schema.org\",\"@graph\":[{\"@type\":\"WebPage\",\"@id\":\"https:\\\/\\\/shop.bantam.ch\\\/fr\\\/produit\\\/camera-perfectview-cam44-sans-nav\\\/\",\"url\":\"https:\\\/\\\/shop.bantam.ch\\\/fr\\\/produit\\\/camera-perfectview-cam44-sans-nav\\\/\",\"name\":\"Cam\u00e9ra double couleur CAM44 CAMOS - Bantam Wankm\u00fcller SA\",\"isPartOf\":{\"@id\":\"https:\\\/\\\/shop.bantam.ch\\\/fr\\\/#website\"},\"primaryImageOfPage\":{\"@id\":\"https:\\\/\\\/shop.bantam.ch\\\/fr\\\/produit\\\/camera-perfectview-cam44-sans-nav\\\/#primaryimage\"},\"image\":{\"@id\":\"https:\\\/\\\/shop.bantam.ch\\\/fr\\\/produit\\\/camera-perfectview-cam44-sans-nav\\\/#primaryimage\"},\"thumbnailUrl\":\"https:\\\/\\\/shop.bantam.ch\\\/wp-content\\\/uploads\\\/2023\\\/02\\\/993557111.jpg\",\"datePublished\":\"2023-02-28T04:49:52+00:00\",\"dateModified\":\"2026-04-17T19:31:26+00:00\",\"breadcrumb\":{\"@id\":\"https:\\\/\\\/shop.bantam.ch\\\/fr\\\/produit\\\/camera-perfectview-cam44-sans-nav\\\/#breadcrumb\"},\"inLanguage\":\"fr-FR\",\"potentialAction\":[{\"@type\":\"ReadAction\",\"target\":[\"https:\\\/\\\/shop.bantam.ch\\\/fr\\\/produit\\\/camera-perfectview-cam44-sans-nav\\\/\"]}]},{\"@type\":\"ImageObject\",\"inLanguage\":\"fr-FR\",\"@id\":\"https:\\\/\\\/shop.bantam.ch\\\/fr\\\/produit\\\/camera-perfectview-cam44-sans-nav\\\/#primaryimage\",\"url\":\"https:\\\/\\\/shop.bantam.ch\\\/wp-content\\\/uploads\\\/2023\\\/02\\\/993557111.jpg\",\"contentUrl\":\"https:\\\/\\\/shop.bantam.ch\\\/wp-content\\\/uploads\\\/2023\\\/02\\\/993557111.jpg\",\"width\":1000,\"height\":737},{\"@type\":\"BreadcrumbList\",\"@id\":\"https:\\\/\\\/shop.bantam.ch\\\/fr\\\/produit\\\/camera-perfectview-cam44-sans-nav\\\/#breadcrumb\",\"itemListElement\":[{\"@type\":\"ListItem\",\"position\":1,\"name\":\"Accueil\",\"item\":\"https:\\\/\\\/shop.bantam.ch\\\/fr\\\/\"},{\"@type\":\"ListItem\",\"position\":2,\"name\":\"Boutique\",\"item\":\"https:\\\/\\\/shop.bantam.ch\\\/fr\\\/boutique\\\/\"},{\"@type\":\"ListItem\",\"position\":3,\"name\":\"Cam\u00e9ra double couleur CAM44 CAMOS\"}]},{\"@type\":\"WebSite\",\"@id\":\"https:\\\/\\\/shop.bantam.ch\\\/fr\\\/#website\",\"url\":\"https:\\\/\\\/shop.bantam.ch\\\/fr\\\/\",\"name\":\"Bantam Wankm\u00fcller SA\",\"description\":\"\",\"publisher\":{\"@id\":\"https:\\\/\\\/shop.bantam.ch\\\/fr\\\/#organization\"},\"inLanguage\":\"fr-FR\"},{\"@type\":\"Organization\",\"@id\":\"https:\\\/\\\/shop.bantam.ch\\\/fr\\\/#organization\",\"name\":\"Bantam Wankm\u00fcller SA\",\"url\":\"https:\\\/\\\/shop.bantam.ch\\\/fr\\\/\",\"logo\":{\"@type\":\"ImageObject\",\"inLanguage\":\"fr-FR\",\"@id\":\"https:\\\/\\\/shop.bantam.ch\\\/fr\\\/#\\\/schema\\\/logo\\\/image\\\/\",\"url\":\"https:\\\/\\\/shop.bantam.ch\\\/wp-content\\\/uploads\\\/2022\\\/12\\\/bantam-logo.png\",\"contentUrl\":\"https:\\\/\\\/shop.bantam.ch\\\/wp-content\\\/uploads\\\/2022\\\/12\\\/bantam-logo.png\",\"width\":320,\"height\":71,\"caption\":\"Bantam Wankm\u00fcller SA\"},\"image\":{\"@id\":\"https:\\\/\\\/shop.bantam.ch\\\/fr\\\/#\\\/schema\\\/logo\\\/image\\\/\"}}]}<\/script>\n<!-- \/ Yoast SEO plugin. -->","yoast_head_json":{"title":"Cam\u00e9ra double couleur CAM44 CAMOS - Bantam Wankm\u00fcller SA","robots":{"index":"index","follow":"follow","max-snippet":"max-snippet:-1","max-image-preview":"max-image-preview:large","max-video-preview":"max-video-preview:-1"},"canonical":"https:\/\/shop.bantam.ch\/fr\/produit\/camera-perfectview-cam44-sans-nav\/","og_locale":"fr_FR","og_type":"article","og_title":"Cam\u00e9ra double couleur CAM44 CAMOS - Bantam Wankm\u00fcller SA","og_description":"La cam\u00e9ra bicolore avec obturateur est \u00e9quip\u00e9e de deux lentilles et d&rsquo;un cache motoris\u00e9 de protection contre la salet\u00e9. La cam\u00e9ra couleur avec microphone int\u00e9gr\u00e9 est int\u00e9gr\u00e9e dans un bo\u00eetier en aluminium et transmet l&rsquo;image et le son \u00e0 un moniteur via un c\u00e2ble. Elle peut \u00eatre actionn\u00e9e manuellement ou automatiquement. La CAM44 dispose d&rsquo;un [&hellip;]","og_url":"https:\/\/shop.bantam.ch\/fr\/produit\/camera-perfectview-cam44-sans-nav\/","og_site_name":"Bantam Wankm\u00fcller SA","article_modified_time":"2026-04-17T19:31:26+00:00","og_image":[{"width":1000,"height":737,"url":"https:\/\/shop.bantam.ch\/wp-content\/uploads\/2023\/02\/993557111.jpg","type":"image\/jpeg"}],"twitter_card":"summary_large_image","twitter_misc":{"Dur\u00e9e de lecture estim\u00e9e":"1 minute"},"schema":{"@context":"https:\/\/schema.org","@graph":[{"@type":"WebPage","@id":"https:\/\/shop.bantam.ch\/fr\/produit\/camera-perfectview-cam44-sans-nav\/","url":"https:\/\/shop.bantam.ch\/fr\/produit\/camera-perfectview-cam44-sans-nav\/","name":"Cam\u00e9ra double couleur CAM44 CAMOS - Bantam Wankm\u00fcller SA","isPartOf":{"@id":"https:\/\/shop.bantam.ch\/fr\/#website"},"primaryImageOfPage":{"@id":"https:\/\/shop.bantam.ch\/fr\/produit\/camera-perfectview-cam44-sans-nav\/#primaryimage"},"image":{"@id":"https:\/\/shop.bantam.ch\/fr\/produit\/camera-perfectview-cam44-sans-nav\/#primaryimage"},"thumbnailUrl":"https:\/\/shop.bantam.ch\/wp-content\/uploads\/2023\/02\/993557111.jpg","datePublished":"2023-02-28T04:49:52+00:00","dateModified":"2026-04-17T19:31:26+00:00","breadcrumb":{"@id":"https:\/\/shop.bantam.ch\/fr\/produit\/camera-perfectview-cam44-sans-nav\/#breadcrumb"},"inLanguage":"fr-FR","potentialAction":[{"@type":"ReadAction","target":["https:\/\/shop.bantam.ch\/fr\/produit\/camera-perfectview-cam44-sans-nav\/"]}]},{"@type":"ImageObject","inLanguage":"fr-FR","@id":"https:\/\/shop.bantam.ch\/fr\/produit\/camera-perfectview-cam44-sans-nav\/#primaryimage","url":"https:\/\/shop.bantam.ch\/wp-content\/uploads\/2023\/02\/993557111.jpg","contentUrl":"https:\/\/shop.bantam.ch\/wp-content\/uploads\/2023\/02\/993557111.jpg","width":1000,"height":737},{"@type":"BreadcrumbList","@id":"https:\/\/shop.bantam.ch\/fr\/produit\/camera-perfectview-cam44-sans-nav\/#breadcrumb","itemListElement":[{"@type":"ListItem","position":1,"name":"Accueil","item":"https:\/\/shop.bantam.ch\/fr\/"},{"@type":"ListItem","position":2,"name":"Boutique","item":"https:\/\/shop.bantam.ch\/fr\/boutique\/"},{"@type":"ListItem","position":3,"name":"Cam\u00e9ra double couleur CAM44 CAMOS"}]},{"@type":"WebSite","@id":"https:\/\/shop.bantam.ch\/fr\/#website","url":"https:\/\/shop.bantam.ch\/fr\/","name":"Bantam Wankm\u00fcller SA","description":"","publisher":{"@id":"https:\/\/shop.bantam.ch\/fr\/#organization"},"inLanguage":"fr-FR"},{"@type":"Organization","@id":"https:\/\/shop.bantam.ch\/fr\/#organization","name":"Bantam Wankm\u00fcller SA","url":"https:\/\/shop.bantam.ch\/fr\/","logo":{"@type":"ImageObject","inLanguage":"fr-FR","@id":"https:\/\/shop.bantam.ch\/fr\/#\/schema\/logo\/image\/","url":"https:\/\/shop.bantam.ch\/wp-content\/uploads\/2022\/12\/bantam-logo.png","contentUrl":"https:\/\/shop.bantam.ch\/wp-content\/uploads\/2022\/12\/bantam-logo.png","width":320,"height":71,"caption":"Bantam Wankm\u00fcller SA"},"image":{"@id":"https:\/\/shop.bantam.ch\/fr\/#\/schema\/logo\/image\/"}}]}},"_links":{"self":[{"href":"https:\/\/shop.bantam.ch\/fr\/wp-json\/wp\/v2\/product\/98163","targetHints":{"allow":["GET"]}}],"collection":[{"href":"https:\/\/shop.bantam.ch\/fr\/wp-json\/wp\/v2\/product"}],"about":[{"href":"https:\/\/shop.bantam.ch\/fr\/wp-json\/wp\/v2\/types\/product"}],"wp:featuredmedia":[{"embeddable":true,"href":"https:\/\/shop.bantam.ch\/fr\/wp-json\/wp\/v2\/media\/98161"}],"wp:attachment":[{"href":"https:\/\/shop.bantam.ch\/fr\/wp-json\/wp\/v2\/media?parent=98163"}],"wp:term":[{"taxonomy":"product_featured_cat","embeddable":true,"href":"https:\/\/shop.bantam.ch\/fr\/wp-json\/wp\/v2\/product_featured_cat?post=98163"},{"taxonomy":"product_brand","embeddable":true,"href":"https:\/\/shop.bantam.ch\/fr\/wp-json\/wp\/v2\/product_brand?post=98163"},{"taxonomy":"product_cat","embeddable":true,"href":"https:\/\/shop.bantam.ch\/fr\/wp-json\/wp\/v2\/product_cat?post=98163"},{"taxonomy":"product_tag","embeddable":true,"href":"https:\/\/shop.bantam.ch\/fr\/wp-json\/wp\/v2\/product_tag?post=98163"}],"curies":[{"name":"wp","href":"https:\/\/api.w.org\/{rel}","templated":true}]}}