{"id":98155,"date":"2023-02-28T05:49:41","date_gmt":"2023-02-28T04:49:41","guid":{"rendered":"http:\/\/shop.bantam.ch\/produit\/serrure-de-fenetres-et-portes-e-switch\/"},"modified":"2026-04-21T21:32:19","modified_gmt":"2026-04-21T19:32:19","slug":"serrure-de-fenetres-et-portes-e-switch","status":"publish","type":"product","link":"https:\/\/shop.bantam.ch\/fr\/produit\/serrure-de-fenetres-et-portes-e-switch\/","title":{"rendered":"E-Switch E-Trailer Serrure de fen\u00eatres et portes"},"content":{"rendered":"<p>Cela vous arrive d\u2019oublier de fermer une fen\u00eatre, un lanterneau ou une porte de votre caravane ou de votre camping-car\u00a0? Ou de ne plus \u00eatre s\u00fbr\u00b7e si vous avez tout ferm\u00e9 avant de partir\u00a0? Avec E-Switch, ce probl\u00e8me appartient au pass\u00e9.<\/p>\n<p>Recevez une notification sur votre smartphone s\u2019il y a des choses qui restent ouvertes.<br \/>Quoi de plus facile que d\u2019oublier de fermer un lanterneau\u00a0? Gr\u00e2ce \u00e0 E-Switch, vous pouvez le v\u00e9rifier \u00e0 tout moment. Votre smartphone vous informe s\u2019il y a des choses qui restent ouvertes moyennant une notification. Sur votre smartphone, vous pouvez voir en un coup d\u2019\u0153il si toutes les fen\u00eatres, les portes et les lanterneaux sont bien ferm\u00e9s. Un lanterneau ouvert peut \u00eatre extr\u00eamement dangereux pendant le trajet. S\u2019il est arrach\u00e9 par le vent, cela peut provoquer de nombreux dommages. Ne courrez plus ce risque en optant pour E-Switch.<\/p>\n<p>Fixez tout simplement l\u2019E-Switch avec la bande adh\u00e9sive incluse et ne prenez plus la route avec le lanterneau, la porte ou les fen\u00eatres ouverts.<\/p>\n<ul>\n<li>L\u2019E-Switch peut \u00eatre employ\u00e9 dans chaque caravane et camping-car<\/li>\n<li>Il est possible d\u2019installer plusieurs E-Switch<\/li>\n<li>Les Funkbox sont faciles \u00e0 fixer avec la bande adh\u00e9sive incluse. L\u2019E-Switch p\u00e8se seulement 20 grammes<\/li>\n<li>Pendant la conduite, vous recevez un avertissement sur votre smartphone dans le cas o\u00f9 votre porte ou lanterneau n\u2019est pas ferm\u00e9\u00b7e<\/li>\n<li>La batterie dure au moins 2 ans et est facile \u00e0 remplacer<\/li>\n<li>Les notifications que vous recevez de l\u2019application E-Trailer sont gratuites<\/li>\n<\/ul>\n","protected":false},"excerpt":{"rendered":"<p>Cela vous arrive d\u2019oublier de fermer une fen\u00eatre, un lanterneau ou une porte de votre caravane ou de votre camping-car\u00a0? Ou de ne plus \u00eatre s\u00fbr\u00b7e si vous avez tout ferm\u00e9 avant de partir\u00a0? Avec E-Switch, ce probl\u00e8me appartient au pass\u00e9. Recevez une notification sur votre smartphone s\u2019il y a des choses qui restent ouvertes.Quoi [&hellip;]<\/p>\n","protected":false},"featured_media":98149,"template":"","meta":{"_acf_changed":false},"product_featured_cat":[],"product_brand":[3522],"product_cat":[4661],"product_tag":[],"class_list":{"0":"post-98155","1":"product","2":"type-product","3":"status-publish","4":"has-post-thumbnail","6":"product_brand-e-trailer","7":"product_cat-smart-home","9":"first","10":"instock","11":"taxable","12":"shipping-taxable","13":"purchasable","14":"product-type-simple"},"acf":[],"yoast_head":"<!-- This site is optimized with the Yoast SEO plugin v27.4 - https:\/\/yoast.com\/product\/yoast-seo-wordpress\/ -->\n<title>E-Switch E-Trailer Serrure de fen\u00eatres et portes - Bantam Wankm\u00fcller SA<\/title>\n<meta name=\"robots\" content=\"index, follow, max-snippet:-1, max-image-preview:large, max-video-preview:-1\" \/>\n<link rel=\"canonical\" href=\"https:\/\/shop.bantam.ch\/fr\/produit\/serrure-de-fenetres-et-portes-e-switch\/\" \/>\n<meta property=\"og:locale\" content=\"fr_FR\" \/>\n<meta property=\"og:type\" content=\"article\" \/>\n<meta property=\"og:title\" content=\"E-Switch E-Trailer Serrure de fen\u00eatres et portes - Bantam Wankm\u00fcller SA\" \/>\n<meta property=\"og:description\" content=\"Cela vous arrive d\u2019oublier de fermer une fen\u00eatre, un lanterneau ou une porte de votre caravane ou de votre camping-car\u00a0? Ou de ne plus \u00eatre s\u00fbr\u00b7e si vous avez tout ferm\u00e9 avant de partir\u00a0? Avec E-Switch, ce probl\u00e8me appartient au pass\u00e9. Recevez une notification sur votre smartphone s\u2019il y a des choses qui restent ouvertes.Quoi [&hellip;]\" \/>\n<meta property=\"og:url\" content=\"https:\/\/shop.bantam.ch\/fr\/produit\/serrure-de-fenetres-et-portes-e-switch\/\" \/>\n<meta property=\"og:site_name\" content=\"Bantam Wankm\u00fcller SA\" \/>\n<meta property=\"article:modified_time\" content=\"2026-04-21T19:32:19+00:00\" \/>\n<meta property=\"og:image\" content=\"https:\/\/shop.bantam.ch\/wp-content\/uploads\/2023\/02\/995666911iOFEml8SVc7jw.jpg\" \/>\n\t<meta property=\"og:image:width\" content=\"1000\" \/>\n\t<meta property=\"og:image:height\" content=\"750\" \/>\n\t<meta property=\"og:image:type\" content=\"image\/jpeg\" \/>\n<meta name=\"twitter:card\" content=\"summary_large_image\" \/>\n<meta name=\"twitter:label1\" content=\"Dur\u00e9e de lecture estim\u00e9e\" \/>\n\t<meta name=\"twitter:data1\" content=\"1 minute\" \/>\n<script type=\"application\/ld+json\" class=\"yoast-schema-graph\">{\"@context\":\"https:\\\/\\\/schema.org\",\"@graph\":[{\"@type\":\"WebPage\",\"@id\":\"https:\\\/\\\/shop.bantam.ch\\\/fr\\\/produit\\\/serrure-de-fenetres-et-portes-e-switch\\\/\",\"url\":\"https:\\\/\\\/shop.bantam.ch\\\/fr\\\/produit\\\/serrure-de-fenetres-et-portes-e-switch\\\/\",\"name\":\"E-Switch E-Trailer Serrure de fen\u00eatres et portes - Bantam Wankm\u00fcller SA\",\"isPartOf\":{\"@id\":\"https:\\\/\\\/shop.bantam.ch\\\/fr\\\/#website\"},\"primaryImageOfPage\":{\"@id\":\"https:\\\/\\\/shop.bantam.ch\\\/fr\\\/produit\\\/serrure-de-fenetres-et-portes-e-switch\\\/#primaryimage\"},\"image\":{\"@id\":\"https:\\\/\\\/shop.bantam.ch\\\/fr\\\/produit\\\/serrure-de-fenetres-et-portes-e-switch\\\/#primaryimage\"},\"thumbnailUrl\":\"https:\\\/\\\/shop.bantam.ch\\\/wp-content\\\/uploads\\\/2023\\\/02\\\/995666911iOFEml8SVc7jw.jpg\",\"datePublished\":\"2023-02-28T04:49:41+00:00\",\"dateModified\":\"2026-04-21T19:32:19+00:00\",\"breadcrumb\":{\"@id\":\"https:\\\/\\\/shop.bantam.ch\\\/fr\\\/produit\\\/serrure-de-fenetres-et-portes-e-switch\\\/#breadcrumb\"},\"inLanguage\":\"fr-FR\",\"potentialAction\":[{\"@type\":\"ReadAction\",\"target\":[\"https:\\\/\\\/shop.bantam.ch\\\/fr\\\/produit\\\/serrure-de-fenetres-et-portes-e-switch\\\/\"]}]},{\"@type\":\"ImageObject\",\"inLanguage\":\"fr-FR\",\"@id\":\"https:\\\/\\\/shop.bantam.ch\\\/fr\\\/produit\\\/serrure-de-fenetres-et-portes-e-switch\\\/#primaryimage\",\"url\":\"https:\\\/\\\/shop.bantam.ch\\\/wp-content\\\/uploads\\\/2023\\\/02\\\/995666911iOFEml8SVc7jw.jpg\",\"contentUrl\":\"https:\\\/\\\/shop.bantam.ch\\\/wp-content\\\/uploads\\\/2023\\\/02\\\/995666911iOFEml8SVc7jw.jpg\",\"width\":1000,\"height\":750},{\"@type\":\"BreadcrumbList\",\"@id\":\"https:\\\/\\\/shop.bantam.ch\\\/fr\\\/produit\\\/serrure-de-fenetres-et-portes-e-switch\\\/#breadcrumb\",\"itemListElement\":[{\"@type\":\"ListItem\",\"position\":1,\"name\":\"Accueil\",\"item\":\"https:\\\/\\\/shop.bantam.ch\\\/fr\\\/\"},{\"@type\":\"ListItem\",\"position\":2,\"name\":\"Boutique\",\"item\":\"https:\\\/\\\/shop.bantam.ch\\\/fr\\\/boutique\\\/\"},{\"@type\":\"ListItem\",\"position\":3,\"name\":\"E-Switch E-Trailer Serrure de fen\u00eatres et portes\"}]},{\"@type\":\"WebSite\",\"@id\":\"https:\\\/\\\/shop.bantam.ch\\\/fr\\\/#website\",\"url\":\"https:\\\/\\\/shop.bantam.ch\\\/fr\\\/\",\"name\":\"Bantam Wankm\u00fcller SA\",\"description\":\"\",\"publisher\":{\"@id\":\"https:\\\/\\\/shop.bantam.ch\\\/fr\\\/#organization\"},\"inLanguage\":\"fr-FR\"},{\"@type\":\"Organization\",\"@id\":\"https:\\\/\\\/shop.bantam.ch\\\/fr\\\/#organization\",\"name\":\"Bantam Wankm\u00fcller SA\",\"url\":\"https:\\\/\\\/shop.bantam.ch\\\/fr\\\/\",\"logo\":{\"@type\":\"ImageObject\",\"inLanguage\":\"fr-FR\",\"@id\":\"https:\\\/\\\/shop.bantam.ch\\\/fr\\\/#\\\/schema\\\/logo\\\/image\\\/\",\"url\":\"https:\\\/\\\/shop.bantam.ch\\\/wp-content\\\/uploads\\\/2022\\\/12\\\/bantam-logo.png\",\"contentUrl\":\"https:\\\/\\\/shop.bantam.ch\\\/wp-content\\\/uploads\\\/2022\\\/12\\\/bantam-logo.png\",\"width\":320,\"height\":71,\"caption\":\"Bantam Wankm\u00fcller SA\"},\"image\":{\"@id\":\"https:\\\/\\\/shop.bantam.ch\\\/fr\\\/#\\\/schema\\\/logo\\\/image\\\/\"}}]}<\/script>\n<!-- \/ Yoast SEO plugin. -->","yoast_head_json":{"title":"E-Switch E-Trailer Serrure de fen\u00eatres et portes - Bantam Wankm\u00fcller SA","robots":{"index":"index","follow":"follow","max-snippet":"max-snippet:-1","max-image-preview":"max-image-preview:large","max-video-preview":"max-video-preview:-1"},"canonical":"https:\/\/shop.bantam.ch\/fr\/produit\/serrure-de-fenetres-et-portes-e-switch\/","og_locale":"fr_FR","og_type":"article","og_title":"E-Switch E-Trailer Serrure de fen\u00eatres et portes - Bantam Wankm\u00fcller SA","og_description":"Cela vous arrive d\u2019oublier de fermer une fen\u00eatre, un lanterneau ou une porte de votre caravane ou de votre camping-car\u00a0? Ou de ne plus \u00eatre s\u00fbr\u00b7e si vous avez tout ferm\u00e9 avant de partir\u00a0? Avec E-Switch, ce probl\u00e8me appartient au pass\u00e9. Recevez une notification sur votre smartphone s\u2019il y a des choses qui restent ouvertes.Quoi [&hellip;]","og_url":"https:\/\/shop.bantam.ch\/fr\/produit\/serrure-de-fenetres-et-portes-e-switch\/","og_site_name":"Bantam Wankm\u00fcller SA","article_modified_time":"2026-04-21T19:32:19+00:00","og_image":[{"width":1000,"height":750,"url":"https:\/\/shop.bantam.ch\/wp-content\/uploads\/2023\/02\/995666911iOFEml8SVc7jw.jpg","type":"image\/jpeg"}],"twitter_card":"summary_large_image","twitter_misc":{"Dur\u00e9e de lecture estim\u00e9e":"1 minute"},"schema":{"@context":"https:\/\/schema.org","@graph":[{"@type":"WebPage","@id":"https:\/\/shop.bantam.ch\/fr\/produit\/serrure-de-fenetres-et-portes-e-switch\/","url":"https:\/\/shop.bantam.ch\/fr\/produit\/serrure-de-fenetres-et-portes-e-switch\/","name":"E-Switch E-Trailer Serrure de fen\u00eatres et portes - Bantam Wankm\u00fcller SA","isPartOf":{"@id":"https:\/\/shop.bantam.ch\/fr\/#website"},"primaryImageOfPage":{"@id":"https:\/\/shop.bantam.ch\/fr\/produit\/serrure-de-fenetres-et-portes-e-switch\/#primaryimage"},"image":{"@id":"https:\/\/shop.bantam.ch\/fr\/produit\/serrure-de-fenetres-et-portes-e-switch\/#primaryimage"},"thumbnailUrl":"https:\/\/shop.bantam.ch\/wp-content\/uploads\/2023\/02\/995666911iOFEml8SVc7jw.jpg","datePublished":"2023-02-28T04:49:41+00:00","dateModified":"2026-04-21T19:32:19+00:00","breadcrumb":{"@id":"https:\/\/shop.bantam.ch\/fr\/produit\/serrure-de-fenetres-et-portes-e-switch\/#breadcrumb"},"inLanguage":"fr-FR","potentialAction":[{"@type":"ReadAction","target":["https:\/\/shop.bantam.ch\/fr\/produit\/serrure-de-fenetres-et-portes-e-switch\/"]}]},{"@type":"ImageObject","inLanguage":"fr-FR","@id":"https:\/\/shop.bantam.ch\/fr\/produit\/serrure-de-fenetres-et-portes-e-switch\/#primaryimage","url":"https:\/\/shop.bantam.ch\/wp-content\/uploads\/2023\/02\/995666911iOFEml8SVc7jw.jpg","contentUrl":"https:\/\/shop.bantam.ch\/wp-content\/uploads\/2023\/02\/995666911iOFEml8SVc7jw.jpg","width":1000,"height":750},{"@type":"BreadcrumbList","@id":"https:\/\/shop.bantam.ch\/fr\/produit\/serrure-de-fenetres-et-portes-e-switch\/#breadcrumb","itemListElement":[{"@type":"ListItem","position":1,"name":"Accueil","item":"https:\/\/shop.bantam.ch\/fr\/"},{"@type":"ListItem","position":2,"name":"Boutique","item":"https:\/\/shop.bantam.ch\/fr\/boutique\/"},{"@type":"ListItem","position":3,"name":"E-Switch E-Trailer Serrure de fen\u00eatres et portes"}]},{"@type":"WebSite","@id":"https:\/\/shop.bantam.ch\/fr\/#website","url":"https:\/\/shop.bantam.ch\/fr\/","name":"Bantam Wankm\u00fcller SA","description":"","publisher":{"@id":"https:\/\/shop.bantam.ch\/fr\/#organization"},"inLanguage":"fr-FR"},{"@type":"Organization","@id":"https:\/\/shop.bantam.ch\/fr\/#organization","name":"Bantam Wankm\u00fcller SA","url":"https:\/\/shop.bantam.ch\/fr\/","logo":{"@type":"ImageObject","inLanguage":"fr-FR","@id":"https:\/\/shop.bantam.ch\/fr\/#\/schema\/logo\/image\/","url":"https:\/\/shop.bantam.ch\/wp-content\/uploads\/2022\/12\/bantam-logo.png","contentUrl":"https:\/\/shop.bantam.ch\/wp-content\/uploads\/2022\/12\/bantam-logo.png","width":320,"height":71,"caption":"Bantam Wankm\u00fcller SA"},"image":{"@id":"https:\/\/shop.bantam.ch\/fr\/#\/schema\/logo\/image\/"}}]}},"_links":{"self":[{"href":"https:\/\/shop.bantam.ch\/fr\/wp-json\/wp\/v2\/product\/98155","targetHints":{"allow":["GET"]}}],"collection":[{"href":"https:\/\/shop.bantam.ch\/fr\/wp-json\/wp\/v2\/product"}],"about":[{"href":"https:\/\/shop.bantam.ch\/fr\/wp-json\/wp\/v2\/types\/product"}],"wp:featuredmedia":[{"embeddable":true,"href":"https:\/\/shop.bantam.ch\/fr\/wp-json\/wp\/v2\/media\/98149"}],"wp:attachment":[{"href":"https:\/\/shop.bantam.ch\/fr\/wp-json\/wp\/v2\/media?parent=98155"}],"wp:term":[{"taxonomy":"product_featured_cat","embeddable":true,"href":"https:\/\/shop.bantam.ch\/fr\/wp-json\/wp\/v2\/product_featured_cat?post=98155"},{"taxonomy":"product_brand","embeddable":true,"href":"https:\/\/shop.bantam.ch\/fr\/wp-json\/wp\/v2\/product_brand?post=98155"},{"taxonomy":"product_cat","embeddable":true,"href":"https:\/\/shop.bantam.ch\/fr\/wp-json\/wp\/v2\/product_cat?post=98155"},{"taxonomy":"product_tag","embeddable":true,"href":"https:\/\/shop.bantam.ch\/fr\/wp-json\/wp\/v2\/product_tag?post=98155"}],"curies":[{"name":"wp","href":"https:\/\/api.w.org\/{rel}","templated":true}]}}