{"id":98089,"date":"2023-02-28T05:48:33","date_gmt":"2023-02-28T04:48:33","guid":{"rendered":"http:\/\/shop.bantam.ch\/produit\/range-couverts-kontura-on-top-compartiment-a-couteaux\/"},"modified":"2026-04-18T21:32:08","modified_gmt":"2026-04-18T19:32:08","slug":"range-couverts-kontura-on-top-compartiment-a-couteaux","status":"publish","type":"product","link":"https:\/\/shop.bantam.ch\/fr\/produit\/range-couverts-kontura-on-top-compartiment-a-couteaux\/","title":{"rendered":"Range-couverts purvario Kontura On-Top couteaux"},"content":{"rendered":"<p>Le range-couverts est empilable et tr\u00e8s peu encombrant \u2013 il est donc \u00e9galement utilisable dans des tiroirs \u00e9troits\u00a0!<\/p>\n<ul>\n<li>Guidage pr\u00e9cis du contour des couverts et donc faible bruit pendant le trajet<\/li>\n<li>Adaptation parfaite \u00e0 de nombreux types de couverts<\/li>\n<li>Stabilit\u00e9 dimensionnelle<\/li>\n<li>Faible encombrement et utilisation flexible<\/li>\n<li>Utilisation modulaire<\/li>\n<li>Peut \u00eatre combin\u00e9 avec les syst\u00e8mes d\u2019assemblage purvario<\/li>\n<li>Poids faible<\/li>\n<li>Lavable<\/li>\n<\/ul>\n","protected":false},"excerpt":{"rendered":"<p>Le range-couverts est empilable et tr\u00e8s peu encombrant \u2013 il est donc \u00e9galement utilisable dans des tiroirs \u00e9troits\u00a0! Guidage pr\u00e9cis du contour des couverts et donc faible bruit pendant le trajet Adaptation parfaite \u00e0 de nombreux types de couverts Stabilit\u00e9 dimensionnelle Faible encombrement et utilisation flexible Utilisation modulaire Peut \u00eatre combin\u00e9 avec les syst\u00e8mes d\u2019assemblage [&hellip;]<\/p>\n","protected":false},"featured_media":98087,"template":"","meta":{"_acf_changed":false},"product_featured_cat":[],"product_brand":[3328],"product_cat":[5149],"product_tag":[],"class_list":{"0":"post-98089","1":"product","2":"type-product","3":"status-publish","4":"has-post-thumbnail","6":"product_brand-purvario","7":"product_cat-rangements-pour-la-vaisselle","9":"first","10":"instock","11":"taxable","12":"shipping-taxable","13":"purchasable","14":"product-type-simple"},"acf":[],"yoast_head":"<!-- This site is optimized with the Yoast SEO plugin v27.4 - https:\/\/yoast.com\/product\/yoast-seo-wordpress\/ -->\n<title>Range-couverts purvario Kontura On-Top couteaux - Bantam Wankm\u00fcller SA<\/title>\n<meta name=\"robots\" content=\"index, follow, max-snippet:-1, max-image-preview:large, max-video-preview:-1\" \/>\n<link rel=\"canonical\" href=\"https:\/\/shop.bantam.ch\/fr\/produit\/range-couverts-kontura-on-top-compartiment-a-couteaux\/\" \/>\n<meta property=\"og:locale\" content=\"fr_FR\" \/>\n<meta property=\"og:type\" content=\"article\" \/>\n<meta property=\"og:title\" content=\"Range-couverts purvario Kontura On-Top couteaux - Bantam Wankm\u00fcller SA\" \/>\n<meta property=\"og:description\" content=\"Le range-couverts est empilable et tr\u00e8s peu encombrant \u2013 il est donc \u00e9galement utilisable dans des tiroirs \u00e9troits\u00a0! Guidage pr\u00e9cis du contour des couverts et donc faible bruit pendant le trajet Adaptation parfaite \u00e0 de nombreux types de couverts Stabilit\u00e9 dimensionnelle Faible encombrement et utilisation flexible Utilisation modulaire Peut \u00eatre combin\u00e9 avec les syst\u00e8mes d\u2019assemblage [&hellip;]\" \/>\n<meta property=\"og:url\" content=\"https:\/\/shop.bantam.ch\/fr\/produit\/range-couverts-kontura-on-top-compartiment-a-couteaux\/\" \/>\n<meta property=\"og:site_name\" content=\"Bantam Wankm\u00fcller SA\" \/>\n<meta property=\"article:modified_time\" content=\"2026-04-18T19:32:08+00:00\" \/>\n<meta property=\"og:image\" content=\"https:\/\/shop.bantam.ch\/wp-content\/uploads\/2023\/02\/995661511-scaled.jpg\" \/>\n\t<meta property=\"og:image:width\" content=\"3888\" \/>\n\t<meta property=\"og:image:height\" content=\"1472\" \/>\n\t<meta property=\"og:image:type\" content=\"image\/jpeg\" \/>\n<meta name=\"twitter:card\" content=\"summary_large_image\" \/>\n<script type=\"application\/ld+json\" class=\"yoast-schema-graph\">{\"@context\":\"https:\\\/\\\/schema.org\",\"@graph\":[{\"@type\":\"WebPage\",\"@id\":\"https:\\\/\\\/shop.bantam.ch\\\/fr\\\/produit\\\/range-couverts-kontura-on-top-compartiment-a-couteaux\\\/\",\"url\":\"https:\\\/\\\/shop.bantam.ch\\\/fr\\\/produit\\\/range-couverts-kontura-on-top-compartiment-a-couteaux\\\/\",\"name\":\"Range-couverts purvario Kontura On-Top couteaux - Bantam Wankm\u00fcller SA\",\"isPartOf\":{\"@id\":\"https:\\\/\\\/shop.bantam.ch\\\/fr\\\/#website\"},\"primaryImageOfPage\":{\"@id\":\"https:\\\/\\\/shop.bantam.ch\\\/fr\\\/produit\\\/range-couverts-kontura-on-top-compartiment-a-couteaux\\\/#primaryimage\"},\"image\":{\"@id\":\"https:\\\/\\\/shop.bantam.ch\\\/fr\\\/produit\\\/range-couverts-kontura-on-top-compartiment-a-couteaux\\\/#primaryimage\"},\"thumbnailUrl\":\"https:\\\/\\\/shop.bantam.ch\\\/wp-content\\\/uploads\\\/2023\\\/02\\\/995661511-scaled.jpg\",\"datePublished\":\"2023-02-28T04:48:33+00:00\",\"dateModified\":\"2026-04-18T19:32:08+00:00\",\"breadcrumb\":{\"@id\":\"https:\\\/\\\/shop.bantam.ch\\\/fr\\\/produit\\\/range-couverts-kontura-on-top-compartiment-a-couteaux\\\/#breadcrumb\"},\"inLanguage\":\"fr-FR\",\"potentialAction\":[{\"@type\":\"ReadAction\",\"target\":[\"https:\\\/\\\/shop.bantam.ch\\\/fr\\\/produit\\\/range-couverts-kontura-on-top-compartiment-a-couteaux\\\/\"]}]},{\"@type\":\"ImageObject\",\"inLanguage\":\"fr-FR\",\"@id\":\"https:\\\/\\\/shop.bantam.ch\\\/fr\\\/produit\\\/range-couverts-kontura-on-top-compartiment-a-couteaux\\\/#primaryimage\",\"url\":\"https:\\\/\\\/shop.bantam.ch\\\/wp-content\\\/uploads\\\/2023\\\/02\\\/995661511-scaled.jpg\",\"contentUrl\":\"https:\\\/\\\/shop.bantam.ch\\\/wp-content\\\/uploads\\\/2023\\\/02\\\/995661511-scaled.jpg\",\"width\":2048,\"height\":775},{\"@type\":\"BreadcrumbList\",\"@id\":\"https:\\\/\\\/shop.bantam.ch\\\/fr\\\/produit\\\/range-couverts-kontura-on-top-compartiment-a-couteaux\\\/#breadcrumb\",\"itemListElement\":[{\"@type\":\"ListItem\",\"position\":1,\"name\":\"Accueil\",\"item\":\"https:\\\/\\\/shop.bantam.ch\\\/fr\\\/\"},{\"@type\":\"ListItem\",\"position\":2,\"name\":\"Boutique\",\"item\":\"https:\\\/\\\/shop.bantam.ch\\\/fr\\\/boutique\\\/\"},{\"@type\":\"ListItem\",\"position\":3,\"name\":\"Range-couverts purvario Kontura On-Top couteaux\"}]},{\"@type\":\"WebSite\",\"@id\":\"https:\\\/\\\/shop.bantam.ch\\\/fr\\\/#website\",\"url\":\"https:\\\/\\\/shop.bantam.ch\\\/fr\\\/\",\"name\":\"Bantam Wankm\u00fcller SA\",\"description\":\"\",\"publisher\":{\"@id\":\"https:\\\/\\\/shop.bantam.ch\\\/fr\\\/#organization\"},\"inLanguage\":\"fr-FR\"},{\"@type\":\"Organization\",\"@id\":\"https:\\\/\\\/shop.bantam.ch\\\/fr\\\/#organization\",\"name\":\"Bantam Wankm\u00fcller SA\",\"url\":\"https:\\\/\\\/shop.bantam.ch\\\/fr\\\/\",\"logo\":{\"@type\":\"ImageObject\",\"inLanguage\":\"fr-FR\",\"@id\":\"https:\\\/\\\/shop.bantam.ch\\\/fr\\\/#\\\/schema\\\/logo\\\/image\\\/\",\"url\":\"https:\\\/\\\/shop.bantam.ch\\\/wp-content\\\/uploads\\\/2022\\\/12\\\/bantam-logo.png\",\"contentUrl\":\"https:\\\/\\\/shop.bantam.ch\\\/wp-content\\\/uploads\\\/2022\\\/12\\\/bantam-logo.png\",\"width\":320,\"height\":71,\"caption\":\"Bantam Wankm\u00fcller SA\"},\"image\":{\"@id\":\"https:\\\/\\\/shop.bantam.ch\\\/fr\\\/#\\\/schema\\\/logo\\\/image\\\/\"}}]}<\/script>\n<!-- \/ Yoast SEO plugin. -->","yoast_head_json":{"title":"Range-couverts purvario Kontura On-Top couteaux - Bantam Wankm\u00fcller SA","robots":{"index":"index","follow":"follow","max-snippet":"max-snippet:-1","max-image-preview":"max-image-preview:large","max-video-preview":"max-video-preview:-1"},"canonical":"https:\/\/shop.bantam.ch\/fr\/produit\/range-couverts-kontura-on-top-compartiment-a-couteaux\/","og_locale":"fr_FR","og_type":"article","og_title":"Range-couverts purvario Kontura On-Top couteaux - Bantam Wankm\u00fcller SA","og_description":"Le range-couverts est empilable et tr\u00e8s peu encombrant \u2013 il est donc \u00e9galement utilisable dans des tiroirs \u00e9troits\u00a0! Guidage pr\u00e9cis du contour des couverts et donc faible bruit pendant le trajet Adaptation parfaite \u00e0 de nombreux types de couverts Stabilit\u00e9 dimensionnelle Faible encombrement et utilisation flexible Utilisation modulaire Peut \u00eatre combin\u00e9 avec les syst\u00e8mes d\u2019assemblage [&hellip;]","og_url":"https:\/\/shop.bantam.ch\/fr\/produit\/range-couverts-kontura-on-top-compartiment-a-couteaux\/","og_site_name":"Bantam Wankm\u00fcller SA","article_modified_time":"2026-04-18T19:32:08+00:00","og_image":[{"width":3888,"height":1472,"url":"https:\/\/shop.bantam.ch\/wp-content\/uploads\/2023\/02\/995661511-scaled.jpg","type":"image\/jpeg"}],"twitter_card":"summary_large_image","schema":{"@context":"https:\/\/schema.org","@graph":[{"@type":"WebPage","@id":"https:\/\/shop.bantam.ch\/fr\/produit\/range-couverts-kontura-on-top-compartiment-a-couteaux\/","url":"https:\/\/shop.bantam.ch\/fr\/produit\/range-couverts-kontura-on-top-compartiment-a-couteaux\/","name":"Range-couverts purvario Kontura On-Top couteaux - Bantam Wankm\u00fcller SA","isPartOf":{"@id":"https:\/\/shop.bantam.ch\/fr\/#website"},"primaryImageOfPage":{"@id":"https:\/\/shop.bantam.ch\/fr\/produit\/range-couverts-kontura-on-top-compartiment-a-couteaux\/#primaryimage"},"image":{"@id":"https:\/\/shop.bantam.ch\/fr\/produit\/range-couverts-kontura-on-top-compartiment-a-couteaux\/#primaryimage"},"thumbnailUrl":"https:\/\/shop.bantam.ch\/wp-content\/uploads\/2023\/02\/995661511-scaled.jpg","datePublished":"2023-02-28T04:48:33+00:00","dateModified":"2026-04-18T19:32:08+00:00","breadcrumb":{"@id":"https:\/\/shop.bantam.ch\/fr\/produit\/range-couverts-kontura-on-top-compartiment-a-couteaux\/#breadcrumb"},"inLanguage":"fr-FR","potentialAction":[{"@type":"ReadAction","target":["https:\/\/shop.bantam.ch\/fr\/produit\/range-couverts-kontura-on-top-compartiment-a-couteaux\/"]}]},{"@type":"ImageObject","inLanguage":"fr-FR","@id":"https:\/\/shop.bantam.ch\/fr\/produit\/range-couverts-kontura-on-top-compartiment-a-couteaux\/#primaryimage","url":"https:\/\/shop.bantam.ch\/wp-content\/uploads\/2023\/02\/995661511-scaled.jpg","contentUrl":"https:\/\/shop.bantam.ch\/wp-content\/uploads\/2023\/02\/995661511-scaled.jpg","width":2048,"height":775},{"@type":"BreadcrumbList","@id":"https:\/\/shop.bantam.ch\/fr\/produit\/range-couverts-kontura-on-top-compartiment-a-couteaux\/#breadcrumb","itemListElement":[{"@type":"ListItem","position":1,"name":"Accueil","item":"https:\/\/shop.bantam.ch\/fr\/"},{"@type":"ListItem","position":2,"name":"Boutique","item":"https:\/\/shop.bantam.ch\/fr\/boutique\/"},{"@type":"ListItem","position":3,"name":"Range-couverts purvario Kontura On-Top couteaux"}]},{"@type":"WebSite","@id":"https:\/\/shop.bantam.ch\/fr\/#website","url":"https:\/\/shop.bantam.ch\/fr\/","name":"Bantam Wankm\u00fcller SA","description":"","publisher":{"@id":"https:\/\/shop.bantam.ch\/fr\/#organization"},"inLanguage":"fr-FR"},{"@type":"Organization","@id":"https:\/\/shop.bantam.ch\/fr\/#organization","name":"Bantam Wankm\u00fcller SA","url":"https:\/\/shop.bantam.ch\/fr\/","logo":{"@type":"ImageObject","inLanguage":"fr-FR","@id":"https:\/\/shop.bantam.ch\/fr\/#\/schema\/logo\/image\/","url":"https:\/\/shop.bantam.ch\/wp-content\/uploads\/2022\/12\/bantam-logo.png","contentUrl":"https:\/\/shop.bantam.ch\/wp-content\/uploads\/2022\/12\/bantam-logo.png","width":320,"height":71,"caption":"Bantam Wankm\u00fcller SA"},"image":{"@id":"https:\/\/shop.bantam.ch\/fr\/#\/schema\/logo\/image\/"}}]}},"_links":{"self":[{"href":"https:\/\/shop.bantam.ch\/fr\/wp-json\/wp\/v2\/product\/98089","targetHints":{"allow":["GET"]}}],"collection":[{"href":"https:\/\/shop.bantam.ch\/fr\/wp-json\/wp\/v2\/product"}],"about":[{"href":"https:\/\/shop.bantam.ch\/fr\/wp-json\/wp\/v2\/types\/product"}],"wp:featuredmedia":[{"embeddable":true,"href":"https:\/\/shop.bantam.ch\/fr\/wp-json\/wp\/v2\/media\/98087"}],"wp:attachment":[{"href":"https:\/\/shop.bantam.ch\/fr\/wp-json\/wp\/v2\/media?parent=98089"}],"wp:term":[{"taxonomy":"product_featured_cat","embeddable":true,"href":"https:\/\/shop.bantam.ch\/fr\/wp-json\/wp\/v2\/product_featured_cat?post=98089"},{"taxonomy":"product_brand","embeddable":true,"href":"https:\/\/shop.bantam.ch\/fr\/wp-json\/wp\/v2\/product_brand?post=98089"},{"taxonomy":"product_cat","embeddable":true,"href":"https:\/\/shop.bantam.ch\/fr\/wp-json\/wp\/v2\/product_cat?post=98089"},{"taxonomy":"product_tag","embeddable":true,"href":"https:\/\/shop.bantam.ch\/fr\/wp-json\/wp\/v2\/product_tag?post=98089"}],"curies":[{"name":"wp","href":"https:\/\/api.w.org\/{rel}","templated":true}]}}