{"id":98081,"date":"2023-02-28T05:48:22","date_gmt":"2023-02-28T04:48:22","guid":{"rendered":"http:\/\/shop.bantam.ch\/produit\/porte-assiettes-ekkoo\/"},"modified":"2026-05-09T21:31:07","modified_gmt":"2026-05-09T19:31:07","slug":"porte-assiettes-ekkoo","status":"publish","type":"product","link":"https:\/\/shop.bantam.ch\/fr\/produit\/porte-assiettes-ekkoo\/","title":{"rendered":"Porte-assiettes EKKOO"},"content":{"rendered":"<p>Forme des assiettes assortie sur 2 c\u00f4t\u00e9s. La surface d&rsquo;appui inclin\u00e9e assure la tenue des assiettes. Acc\u00e8s optimal aux assiettes gr\u00e2ce \u00e0 la fente frontale. Les assiettes sont transport\u00e9es empil\u00e9es les unes sur les autres. Division en deux parties pour le rangement des assiettes. L&rsquo;\u00e9l\u00e9vation de la rainure et le bord ext\u00e9rieur des deux surfaces d&rsquo;appui ainsi que le renforcement des c\u00f4t\u00e9s ext\u00e9rieurs assurent une meilleure stabilit\u00e9. Pour plus d&rsquo;espace dans l&rsquo;armoire et un transport sans casse. Assemblage simple des diff\u00e9rents composants. Le porte-assiettes EKKOO est propos\u00e9 avec des trous de per\u00e7age sur les parois lat\u00e9rales, de sorte qu&rsquo;il est possible de le fixer aux parois de l&rsquo;armoire.<\/p>\n","protected":false},"excerpt":{"rendered":"<p>Forme des assiettes assortie sur 2 c\u00f4t\u00e9s. La surface d&rsquo;appui inclin\u00e9e assure la tenue des assiettes. Acc\u00e8s optimal aux assiettes gr\u00e2ce \u00e0 la fente frontale. Les assiettes sont transport\u00e9es empil\u00e9es les unes sur les autres. Division en deux parties pour le rangement des assiettes. L&rsquo;\u00e9l\u00e9vation de la rainure et le bord ext\u00e9rieur des deux surfaces [&hellip;]<\/p>\n","protected":false},"featured_media":98069,"template":"","meta":{"_acf_changed":false},"product_featured_cat":[],"product_brand":[3328],"product_cat":[5149],"product_tag":[],"class_list":{"0":"post-98081","1":"product","2":"type-product","3":"status-publish","4":"has-post-thumbnail","6":"product_brand-purvario","7":"product_cat-rangements-pour-la-vaisselle","9":"first","10":"instock","11":"taxable","12":"shipping-taxable","13":"purchasable","14":"product-type-simple"},"acf":[],"yoast_head":"<!-- This site is optimized with the Yoast SEO plugin v27.5 - https:\/\/yoast.com\/product\/yoast-seo-wordpress\/ -->\n<title>Porte-assiettes EKKOO - Bantam<\/title>\n<meta name=\"robots\" content=\"index, follow, max-snippet:-1, max-image-preview:large, max-video-preview:-1\" \/>\n<link rel=\"canonical\" href=\"https:\/\/shop.bantam.ch\/fr\/produit\/porte-assiettes-ekkoo\/\" \/>\n<meta property=\"og:locale\" content=\"fr_FR\" \/>\n<meta property=\"og:type\" content=\"article\" \/>\n<meta property=\"og:title\" content=\"Porte-assiettes EKKOO - Bantam\" \/>\n<meta property=\"og:description\" content=\"Forme des assiettes assortie sur 2 c\u00f4t\u00e9s. La surface d&rsquo;appui inclin\u00e9e assure la tenue des assiettes. Acc\u00e8s optimal aux assiettes gr\u00e2ce \u00e0 la fente frontale. Les assiettes sont transport\u00e9es empil\u00e9es les unes sur les autres. Division en deux parties pour le rangement des assiettes. L&rsquo;\u00e9l\u00e9vation de la rainure et le bord ext\u00e9rieur des deux surfaces [&hellip;]\" \/>\n<meta property=\"og:url\" content=\"https:\/\/shop.bantam.ch\/fr\/produit\/porte-assiettes-ekkoo\/\" \/>\n<meta property=\"og:site_name\" content=\"Bantam\" \/>\n<meta property=\"article:modified_time\" content=\"2026-05-09T19:31:07+00:00\" \/>\n<meta property=\"og:image\" content=\"https:\/\/shop.bantam.ch\/wp-content\/uploads\/2023\/02\/995661213-scaled.jpg\" \/>\n\t<meta property=\"og:image:width\" content=\"3277\" \/>\n\t<meta property=\"og:image:height\" content=\"2592\" \/>\n\t<meta property=\"og:image:type\" content=\"image\/jpeg\" \/>\n<meta name=\"twitter:card\" content=\"summary_large_image\" \/>\n<meta name=\"twitter:label1\" content=\"Dur\u00e9e de lecture estim\u00e9e\" \/>\n\t<meta name=\"twitter:data1\" content=\"1 minute\" \/>\n<script type=\"application\/ld+json\" class=\"yoast-schema-graph\">{\"@context\":\"https:\\\/\\\/schema.org\",\"@graph\":[{\"@type\":\"WebPage\",\"@id\":\"https:\\\/\\\/shop.bantam.ch\\\/fr\\\/produit\\\/porte-assiettes-ekkoo\\\/\",\"url\":\"https:\\\/\\\/shop.bantam.ch\\\/fr\\\/produit\\\/porte-assiettes-ekkoo\\\/\",\"name\":\"Porte-assiettes EKKOO - Bantam\",\"isPartOf\":{\"@id\":\"https:\\\/\\\/shop.bantam.ch\\\/fr\\\/#website\"},\"primaryImageOfPage\":{\"@id\":\"https:\\\/\\\/shop.bantam.ch\\\/fr\\\/produit\\\/porte-assiettes-ekkoo\\\/#primaryimage\"},\"image\":{\"@id\":\"https:\\\/\\\/shop.bantam.ch\\\/fr\\\/produit\\\/porte-assiettes-ekkoo\\\/#primaryimage\"},\"thumbnailUrl\":\"https:\\\/\\\/shop.bantam.ch\\\/wp-content\\\/uploads\\\/2023\\\/02\\\/995661213-scaled.jpg\",\"datePublished\":\"2023-02-28T04:48:22+00:00\",\"dateModified\":\"2026-05-09T19:31:07+00:00\",\"breadcrumb\":{\"@id\":\"https:\\\/\\\/shop.bantam.ch\\\/fr\\\/produit\\\/porte-assiettes-ekkoo\\\/#breadcrumb\"},\"inLanguage\":\"fr-FR\",\"potentialAction\":[{\"@type\":\"ReadAction\",\"target\":[\"https:\\\/\\\/shop.bantam.ch\\\/fr\\\/produit\\\/porte-assiettes-ekkoo\\\/\"]}]},{\"@type\":\"ImageObject\",\"inLanguage\":\"fr-FR\",\"@id\":\"https:\\\/\\\/shop.bantam.ch\\\/fr\\\/produit\\\/porte-assiettes-ekkoo\\\/#primaryimage\",\"url\":\"https:\\\/\\\/shop.bantam.ch\\\/wp-content\\\/uploads\\\/2023\\\/02\\\/995661213-scaled.jpg\",\"contentUrl\":\"https:\\\/\\\/shop.bantam.ch\\\/wp-content\\\/uploads\\\/2023\\\/02\\\/995661213-scaled.jpg\",\"width\":2048,\"height\":1620},{\"@type\":\"BreadcrumbList\",\"@id\":\"https:\\\/\\\/shop.bantam.ch\\\/fr\\\/produit\\\/porte-assiettes-ekkoo\\\/#breadcrumb\",\"itemListElement\":[{\"@type\":\"ListItem\",\"position\":1,\"name\":\"Accueil\",\"item\":\"https:\\\/\\\/shop.bantam.ch\\\/fr\\\/\"},{\"@type\":\"ListItem\",\"position\":2,\"name\":\"Boutique\",\"item\":\"https:\\\/\\\/shop.bantam.ch\\\/fr\\\/boutique\\\/\"},{\"@type\":\"ListItem\",\"position\":3,\"name\":\"Porte-assiettes EKKOO\"}]},{\"@type\":\"WebSite\",\"@id\":\"https:\\\/\\\/shop.bantam.ch\\\/fr\\\/#website\",\"url\":\"https:\\\/\\\/shop.bantam.ch\\\/fr\\\/\",\"name\":\"Bantam\",\"description\":\"\",\"publisher\":{\"@id\":\"https:\\\/\\\/shop.bantam.ch\\\/fr\\\/#organization\"},\"inLanguage\":\"fr-FR\"},{\"@type\":\"Organization\",\"@id\":\"https:\\\/\\\/shop.bantam.ch\\\/fr\\\/#organization\",\"name\":\"Bantam\",\"url\":\"https:\\\/\\\/shop.bantam.ch\\\/fr\\\/\",\"logo\":{\"@type\":\"ImageObject\",\"inLanguage\":\"fr-FR\",\"@id\":\"https:\\\/\\\/shop.bantam.ch\\\/fr\\\/#\\\/schema\\\/logo\\\/image\\\/\",\"url\":\"https:\\\/\\\/shop.bantam.ch\\\/wp-content\\\/uploads\\\/2022\\\/12\\\/bantam-logo.png\",\"contentUrl\":\"https:\\\/\\\/shop.bantam.ch\\\/wp-content\\\/uploads\\\/2022\\\/12\\\/bantam-logo.png\",\"width\":320,\"height\":71,\"caption\":\"Bantam\"},\"image\":{\"@id\":\"https:\\\/\\\/shop.bantam.ch\\\/fr\\\/#\\\/schema\\\/logo\\\/image\\\/\"}}]}<\/script>\n<!-- \/ Yoast SEO plugin. -->","yoast_head_json":{"title":"Porte-assiettes EKKOO - Bantam","robots":{"index":"index","follow":"follow","max-snippet":"max-snippet:-1","max-image-preview":"max-image-preview:large","max-video-preview":"max-video-preview:-1"},"canonical":"https:\/\/shop.bantam.ch\/fr\/produit\/porte-assiettes-ekkoo\/","og_locale":"fr_FR","og_type":"article","og_title":"Porte-assiettes EKKOO - Bantam","og_description":"Forme des assiettes assortie sur 2 c\u00f4t\u00e9s. La surface d&rsquo;appui inclin\u00e9e assure la tenue des assiettes. Acc\u00e8s optimal aux assiettes gr\u00e2ce \u00e0 la fente frontale. Les assiettes sont transport\u00e9es empil\u00e9es les unes sur les autres. Division en deux parties pour le rangement des assiettes. L&rsquo;\u00e9l\u00e9vation de la rainure et le bord ext\u00e9rieur des deux surfaces [&hellip;]","og_url":"https:\/\/shop.bantam.ch\/fr\/produit\/porte-assiettes-ekkoo\/","og_site_name":"Bantam","article_modified_time":"2026-05-09T19:31:07+00:00","og_image":[{"width":3277,"height":2592,"url":"https:\/\/shop.bantam.ch\/wp-content\/uploads\/2023\/02\/995661213-scaled.jpg","type":"image\/jpeg"}],"twitter_card":"summary_large_image","twitter_misc":{"Dur\u00e9e de lecture estim\u00e9e":"1 minute"},"schema":{"@context":"https:\/\/schema.org","@graph":[{"@type":"WebPage","@id":"https:\/\/shop.bantam.ch\/fr\/produit\/porte-assiettes-ekkoo\/","url":"https:\/\/shop.bantam.ch\/fr\/produit\/porte-assiettes-ekkoo\/","name":"Porte-assiettes EKKOO - Bantam","isPartOf":{"@id":"https:\/\/shop.bantam.ch\/fr\/#website"},"primaryImageOfPage":{"@id":"https:\/\/shop.bantam.ch\/fr\/produit\/porte-assiettes-ekkoo\/#primaryimage"},"image":{"@id":"https:\/\/shop.bantam.ch\/fr\/produit\/porte-assiettes-ekkoo\/#primaryimage"},"thumbnailUrl":"https:\/\/shop.bantam.ch\/wp-content\/uploads\/2023\/02\/995661213-scaled.jpg","datePublished":"2023-02-28T04:48:22+00:00","dateModified":"2026-05-09T19:31:07+00:00","breadcrumb":{"@id":"https:\/\/shop.bantam.ch\/fr\/produit\/porte-assiettes-ekkoo\/#breadcrumb"},"inLanguage":"fr-FR","potentialAction":[{"@type":"ReadAction","target":["https:\/\/shop.bantam.ch\/fr\/produit\/porte-assiettes-ekkoo\/"]}]},{"@type":"ImageObject","inLanguage":"fr-FR","@id":"https:\/\/shop.bantam.ch\/fr\/produit\/porte-assiettes-ekkoo\/#primaryimage","url":"https:\/\/shop.bantam.ch\/wp-content\/uploads\/2023\/02\/995661213-scaled.jpg","contentUrl":"https:\/\/shop.bantam.ch\/wp-content\/uploads\/2023\/02\/995661213-scaled.jpg","width":2048,"height":1620},{"@type":"BreadcrumbList","@id":"https:\/\/shop.bantam.ch\/fr\/produit\/porte-assiettes-ekkoo\/#breadcrumb","itemListElement":[{"@type":"ListItem","position":1,"name":"Accueil","item":"https:\/\/shop.bantam.ch\/fr\/"},{"@type":"ListItem","position":2,"name":"Boutique","item":"https:\/\/shop.bantam.ch\/fr\/boutique\/"},{"@type":"ListItem","position":3,"name":"Porte-assiettes EKKOO"}]},{"@type":"WebSite","@id":"https:\/\/shop.bantam.ch\/fr\/#website","url":"https:\/\/shop.bantam.ch\/fr\/","name":"Bantam","description":"","publisher":{"@id":"https:\/\/shop.bantam.ch\/fr\/#organization"},"inLanguage":"fr-FR"},{"@type":"Organization","@id":"https:\/\/shop.bantam.ch\/fr\/#organization","name":"Bantam","url":"https:\/\/shop.bantam.ch\/fr\/","logo":{"@type":"ImageObject","inLanguage":"fr-FR","@id":"https:\/\/shop.bantam.ch\/fr\/#\/schema\/logo\/image\/","url":"https:\/\/shop.bantam.ch\/wp-content\/uploads\/2022\/12\/bantam-logo.png","contentUrl":"https:\/\/shop.bantam.ch\/wp-content\/uploads\/2022\/12\/bantam-logo.png","width":320,"height":71,"caption":"Bantam"},"image":{"@id":"https:\/\/shop.bantam.ch\/fr\/#\/schema\/logo\/image\/"}}]}},"_links":{"self":[{"href":"https:\/\/shop.bantam.ch\/fr\/wp-json\/wp\/v2\/product\/98081","targetHints":{"allow":["GET"]}}],"collection":[{"href":"https:\/\/shop.bantam.ch\/fr\/wp-json\/wp\/v2\/product"}],"about":[{"href":"https:\/\/shop.bantam.ch\/fr\/wp-json\/wp\/v2\/types\/product"}],"wp:featuredmedia":[{"embeddable":true,"href":"https:\/\/shop.bantam.ch\/fr\/wp-json\/wp\/v2\/media\/98069"}],"wp:attachment":[{"href":"https:\/\/shop.bantam.ch\/fr\/wp-json\/wp\/v2\/media?parent=98081"}],"wp:term":[{"taxonomy":"product_featured_cat","embeddable":true,"href":"https:\/\/shop.bantam.ch\/fr\/wp-json\/wp\/v2\/product_featured_cat?post=98081"},{"taxonomy":"product_brand","embeddable":true,"href":"https:\/\/shop.bantam.ch\/fr\/wp-json\/wp\/v2\/product_brand?post=98081"},{"taxonomy":"product_cat","embeddable":true,"href":"https:\/\/shop.bantam.ch\/fr\/wp-json\/wp\/v2\/product_cat?post=98081"},{"taxonomy":"product_tag","embeddable":true,"href":"https:\/\/shop.bantam.ch\/fr\/wp-json\/wp\/v2\/product_tag?post=98081"}],"curies":[{"name":"wp","href":"https:\/\/api.w.org\/{rel}","templated":true}]}}