{"id":98063,"date":"2023-02-28T05:48:09","date_gmt":"2023-02-28T04:48:09","guid":{"rendered":"http:\/\/shop.bantam.ch\/produit\/range-couverts-kontura-on-top-set-of-4\/"},"modified":"2026-04-28T21:31:10","modified_gmt":"2026-04-28T19:31:10","slug":"range-couverts-kontura-on-top-set-of-4","status":"publish","type":"product","link":"https:\/\/shop.bantam.ch\/fr\/produit\/range-couverts-kontura-on-top-set-of-4\/","title":{"rendered":"Range-couverts purvario Kontura On-Top lot de 4"},"content":{"rendered":"<p>L&rsquo;ensemble complet de range-couverts KONTURA ON-TOP est dot\u00e9 de 4\u00a0s\u00e9parateurs pour une division polyvalente des tiroirs &#8211; compos\u00e9 de\u00a0: compartiment \u00e0 fourchettes, compartiment \u00e0 couteaux, compartiment \u00e0 cuill\u00e8res, compartiment \u00e0 cuill\u00e8res \u00e0 caf\u00e9. <\/p>\n<ul>\n<li>Compartiments \u00e0 couverts empilables<\/li>\n<li>Guidage pr\u00e9cis du contour des couverts et donc faible bruit pendant le trajet<\/li>\n<li>Adaptation parfaite \u00e0 de nombreux types de couverts<\/li>\n<li>Stabilit\u00e9 dimensionnelle<\/li>\n<li>Faible encombrement et utilisation flexible<\/li>\n<li>Utilisation modulaire<\/li>\n<li>Peut \u00eatre combin\u00e9 avec les syst\u00e8mes d\u2019assemblage purvario<\/li>\n<li>Poids faible<\/li>\n<li>Lavable<\/li>\n<\/ul>\n","protected":false},"excerpt":{"rendered":"<p>L&rsquo;ensemble complet de range-couverts KONTURA ON-TOP est dot\u00e9 de 4\u00a0s\u00e9parateurs pour une division polyvalente des tiroirs &#8211; compos\u00e9 de\u00a0: compartiment \u00e0 fourchettes, compartiment \u00e0 couteaux, compartiment \u00e0 cuill\u00e8res, compartiment \u00e0 cuill\u00e8res \u00e0 caf\u00e9. Compartiments \u00e0 couverts empilables Guidage pr\u00e9cis du contour des couverts et donc faible bruit pendant le trajet Adaptation parfaite \u00e0 de nombreux [&hellip;]<\/p>\n","protected":false},"featured_media":98051,"template":"","meta":{"_acf_changed":false},"product_featured_cat":[],"product_brand":[3328],"product_cat":[5149],"product_tag":[],"class_list":{"0":"post-98063","1":"product","2":"type-product","3":"status-publish","4":"has-post-thumbnail","6":"product_brand-purvario","7":"product_cat-rangements-pour-la-vaisselle","9":"first","10":"instock","11":"taxable","12":"shipping-taxable","13":"purchasable","14":"product-type-simple"},"acf":[],"yoast_head":"<!-- This site is optimized with the Yoast SEO plugin v27.5 - https:\/\/yoast.com\/product\/yoast-seo-wordpress\/ -->\n<title>Range-couverts purvario Kontura On-Top lot de 4 - Bantam<\/title>\n<meta name=\"robots\" content=\"index, follow, max-snippet:-1, max-image-preview:large, max-video-preview:-1\" \/>\n<link rel=\"canonical\" href=\"https:\/\/shop.bantam.ch\/fr\/produit\/range-couverts-kontura-on-top-set-of-4\/\" \/>\n<meta property=\"og:locale\" content=\"fr_FR\" \/>\n<meta property=\"og:type\" content=\"article\" \/>\n<meta property=\"og:title\" content=\"Range-couverts purvario Kontura On-Top lot de 4 - Bantam\" \/>\n<meta property=\"og:description\" content=\"L&rsquo;ensemble complet de range-couverts KONTURA ON-TOP est dot\u00e9 de 4\u00a0s\u00e9parateurs pour une division polyvalente des tiroirs &#8211; compos\u00e9 de\u00a0: compartiment \u00e0 fourchettes, compartiment \u00e0 couteaux, compartiment \u00e0 cuill\u00e8res, compartiment \u00e0 cuill\u00e8res \u00e0 caf\u00e9. Compartiments \u00e0 couverts empilables Guidage pr\u00e9cis du contour des couverts et donc faible bruit pendant le trajet Adaptation parfaite \u00e0 de nombreux [&hellip;]\" \/>\n<meta property=\"og:url\" content=\"https:\/\/shop.bantam.ch\/fr\/produit\/range-couverts-kontura-on-top-set-of-4\/\" \/>\n<meta property=\"og:site_name\" content=\"Bantam\" \/>\n<meta property=\"article:modified_time\" content=\"2026-04-28T19:31:10+00:00\" \/>\n<meta property=\"og:image\" content=\"https:\/\/shop.bantam.ch\/wp-content\/uploads\/2023\/02\/995661313.png\" \/>\n\t<meta property=\"og:image:width\" content=\"1370\" \/>\n\t<meta property=\"og:image:height\" content=\"911\" \/>\n\t<meta property=\"og:image:type\" content=\"image\/png\" \/>\n<meta name=\"twitter:card\" content=\"summary_large_image\" \/>\n<script type=\"application\/ld+json\" class=\"yoast-schema-graph\">{\"@context\":\"https:\\\/\\\/schema.org\",\"@graph\":[{\"@type\":\"WebPage\",\"@id\":\"https:\\\/\\\/shop.bantam.ch\\\/fr\\\/produit\\\/range-couverts-kontura-on-top-set-of-4\\\/\",\"url\":\"https:\\\/\\\/shop.bantam.ch\\\/fr\\\/produit\\\/range-couverts-kontura-on-top-set-of-4\\\/\",\"name\":\"Range-couverts purvario Kontura On-Top lot de 4 - Bantam\",\"isPartOf\":{\"@id\":\"https:\\\/\\\/shop.bantam.ch\\\/fr\\\/#website\"},\"primaryImageOfPage\":{\"@id\":\"https:\\\/\\\/shop.bantam.ch\\\/fr\\\/produit\\\/range-couverts-kontura-on-top-set-of-4\\\/#primaryimage\"},\"image\":{\"@id\":\"https:\\\/\\\/shop.bantam.ch\\\/fr\\\/produit\\\/range-couverts-kontura-on-top-set-of-4\\\/#primaryimage\"},\"thumbnailUrl\":\"https:\\\/\\\/shop.bantam.ch\\\/wp-content\\\/uploads\\\/2023\\\/02\\\/995661313.png\",\"datePublished\":\"2023-02-28T04:48:09+00:00\",\"dateModified\":\"2026-04-28T19:31:10+00:00\",\"breadcrumb\":{\"@id\":\"https:\\\/\\\/shop.bantam.ch\\\/fr\\\/produit\\\/range-couverts-kontura-on-top-set-of-4\\\/#breadcrumb\"},\"inLanguage\":\"fr-FR\",\"potentialAction\":[{\"@type\":\"ReadAction\",\"target\":[\"https:\\\/\\\/shop.bantam.ch\\\/fr\\\/produit\\\/range-couverts-kontura-on-top-set-of-4\\\/\"]}]},{\"@type\":\"ImageObject\",\"inLanguage\":\"fr-FR\",\"@id\":\"https:\\\/\\\/shop.bantam.ch\\\/fr\\\/produit\\\/range-couverts-kontura-on-top-set-of-4\\\/#primaryimage\",\"url\":\"https:\\\/\\\/shop.bantam.ch\\\/wp-content\\\/uploads\\\/2023\\\/02\\\/995661313.png\",\"contentUrl\":\"https:\\\/\\\/shop.bantam.ch\\\/wp-content\\\/uploads\\\/2023\\\/02\\\/995661313.png\",\"width\":1370,\"height\":911},{\"@type\":\"BreadcrumbList\",\"@id\":\"https:\\\/\\\/shop.bantam.ch\\\/fr\\\/produit\\\/range-couverts-kontura-on-top-set-of-4\\\/#breadcrumb\",\"itemListElement\":[{\"@type\":\"ListItem\",\"position\":1,\"name\":\"Accueil\",\"item\":\"https:\\\/\\\/shop.bantam.ch\\\/fr\\\/\"},{\"@type\":\"ListItem\",\"position\":2,\"name\":\"Boutique\",\"item\":\"https:\\\/\\\/shop.bantam.ch\\\/fr\\\/boutique\\\/\"},{\"@type\":\"ListItem\",\"position\":3,\"name\":\"Range-couverts purvario Kontura On-Top lot de 4\"}]},{\"@type\":\"WebSite\",\"@id\":\"https:\\\/\\\/shop.bantam.ch\\\/fr\\\/#website\",\"url\":\"https:\\\/\\\/shop.bantam.ch\\\/fr\\\/\",\"name\":\"Bantam\",\"description\":\"\",\"publisher\":{\"@id\":\"https:\\\/\\\/shop.bantam.ch\\\/fr\\\/#organization\"},\"inLanguage\":\"fr-FR\"},{\"@type\":\"Organization\",\"@id\":\"https:\\\/\\\/shop.bantam.ch\\\/fr\\\/#organization\",\"name\":\"Bantam\",\"url\":\"https:\\\/\\\/shop.bantam.ch\\\/fr\\\/\",\"logo\":{\"@type\":\"ImageObject\",\"inLanguage\":\"fr-FR\",\"@id\":\"https:\\\/\\\/shop.bantam.ch\\\/fr\\\/#\\\/schema\\\/logo\\\/image\\\/\",\"url\":\"https:\\\/\\\/shop.bantam.ch\\\/wp-content\\\/uploads\\\/2022\\\/12\\\/bantam-logo.png\",\"contentUrl\":\"https:\\\/\\\/shop.bantam.ch\\\/wp-content\\\/uploads\\\/2022\\\/12\\\/bantam-logo.png\",\"width\":320,\"height\":71,\"caption\":\"Bantam\"},\"image\":{\"@id\":\"https:\\\/\\\/shop.bantam.ch\\\/fr\\\/#\\\/schema\\\/logo\\\/image\\\/\"}}]}<\/script>\n<!-- \/ Yoast SEO plugin. -->","yoast_head_json":{"title":"Range-couverts purvario Kontura On-Top lot de 4 - Bantam","robots":{"index":"index","follow":"follow","max-snippet":"max-snippet:-1","max-image-preview":"max-image-preview:large","max-video-preview":"max-video-preview:-1"},"canonical":"https:\/\/shop.bantam.ch\/fr\/produit\/range-couverts-kontura-on-top-set-of-4\/","og_locale":"fr_FR","og_type":"article","og_title":"Range-couverts purvario Kontura On-Top lot de 4 - Bantam","og_description":"L&rsquo;ensemble complet de range-couverts KONTURA ON-TOP est dot\u00e9 de 4\u00a0s\u00e9parateurs pour une division polyvalente des tiroirs &#8211; compos\u00e9 de\u00a0: compartiment \u00e0 fourchettes, compartiment \u00e0 couteaux, compartiment \u00e0 cuill\u00e8res, compartiment \u00e0 cuill\u00e8res \u00e0 caf\u00e9. Compartiments \u00e0 couverts empilables Guidage pr\u00e9cis du contour des couverts et donc faible bruit pendant le trajet Adaptation parfaite \u00e0 de nombreux [&hellip;]","og_url":"https:\/\/shop.bantam.ch\/fr\/produit\/range-couverts-kontura-on-top-set-of-4\/","og_site_name":"Bantam","article_modified_time":"2026-04-28T19:31:10+00:00","og_image":[{"width":1370,"height":911,"url":"https:\/\/shop.bantam.ch\/wp-content\/uploads\/2023\/02\/995661313.png","type":"image\/png"}],"twitter_card":"summary_large_image","schema":{"@context":"https:\/\/schema.org","@graph":[{"@type":"WebPage","@id":"https:\/\/shop.bantam.ch\/fr\/produit\/range-couverts-kontura-on-top-set-of-4\/","url":"https:\/\/shop.bantam.ch\/fr\/produit\/range-couverts-kontura-on-top-set-of-4\/","name":"Range-couverts purvario Kontura On-Top lot de 4 - Bantam","isPartOf":{"@id":"https:\/\/shop.bantam.ch\/fr\/#website"},"primaryImageOfPage":{"@id":"https:\/\/shop.bantam.ch\/fr\/produit\/range-couverts-kontura-on-top-set-of-4\/#primaryimage"},"image":{"@id":"https:\/\/shop.bantam.ch\/fr\/produit\/range-couverts-kontura-on-top-set-of-4\/#primaryimage"},"thumbnailUrl":"https:\/\/shop.bantam.ch\/wp-content\/uploads\/2023\/02\/995661313.png","datePublished":"2023-02-28T04:48:09+00:00","dateModified":"2026-04-28T19:31:10+00:00","breadcrumb":{"@id":"https:\/\/shop.bantam.ch\/fr\/produit\/range-couverts-kontura-on-top-set-of-4\/#breadcrumb"},"inLanguage":"fr-FR","potentialAction":[{"@type":"ReadAction","target":["https:\/\/shop.bantam.ch\/fr\/produit\/range-couverts-kontura-on-top-set-of-4\/"]}]},{"@type":"ImageObject","inLanguage":"fr-FR","@id":"https:\/\/shop.bantam.ch\/fr\/produit\/range-couverts-kontura-on-top-set-of-4\/#primaryimage","url":"https:\/\/shop.bantam.ch\/wp-content\/uploads\/2023\/02\/995661313.png","contentUrl":"https:\/\/shop.bantam.ch\/wp-content\/uploads\/2023\/02\/995661313.png","width":1370,"height":911},{"@type":"BreadcrumbList","@id":"https:\/\/shop.bantam.ch\/fr\/produit\/range-couverts-kontura-on-top-set-of-4\/#breadcrumb","itemListElement":[{"@type":"ListItem","position":1,"name":"Accueil","item":"https:\/\/shop.bantam.ch\/fr\/"},{"@type":"ListItem","position":2,"name":"Boutique","item":"https:\/\/shop.bantam.ch\/fr\/boutique\/"},{"@type":"ListItem","position":3,"name":"Range-couverts purvario Kontura On-Top lot de 4"}]},{"@type":"WebSite","@id":"https:\/\/shop.bantam.ch\/fr\/#website","url":"https:\/\/shop.bantam.ch\/fr\/","name":"Bantam","description":"","publisher":{"@id":"https:\/\/shop.bantam.ch\/fr\/#organization"},"inLanguage":"fr-FR"},{"@type":"Organization","@id":"https:\/\/shop.bantam.ch\/fr\/#organization","name":"Bantam","url":"https:\/\/shop.bantam.ch\/fr\/","logo":{"@type":"ImageObject","inLanguage":"fr-FR","@id":"https:\/\/shop.bantam.ch\/fr\/#\/schema\/logo\/image\/","url":"https:\/\/shop.bantam.ch\/wp-content\/uploads\/2022\/12\/bantam-logo.png","contentUrl":"https:\/\/shop.bantam.ch\/wp-content\/uploads\/2022\/12\/bantam-logo.png","width":320,"height":71,"caption":"Bantam"},"image":{"@id":"https:\/\/shop.bantam.ch\/fr\/#\/schema\/logo\/image\/"}}]}},"_links":{"self":[{"href":"https:\/\/shop.bantam.ch\/fr\/wp-json\/wp\/v2\/product\/98063","targetHints":{"allow":["GET"]}}],"collection":[{"href":"https:\/\/shop.bantam.ch\/fr\/wp-json\/wp\/v2\/product"}],"about":[{"href":"https:\/\/shop.bantam.ch\/fr\/wp-json\/wp\/v2\/types\/product"}],"wp:featuredmedia":[{"embeddable":true,"href":"https:\/\/shop.bantam.ch\/fr\/wp-json\/wp\/v2\/media\/98051"}],"wp:attachment":[{"href":"https:\/\/shop.bantam.ch\/fr\/wp-json\/wp\/v2\/media?parent=98063"}],"wp:term":[{"taxonomy":"product_featured_cat","embeddable":true,"href":"https:\/\/shop.bantam.ch\/fr\/wp-json\/wp\/v2\/product_featured_cat?post=98063"},{"taxonomy":"product_brand","embeddable":true,"href":"https:\/\/shop.bantam.ch\/fr\/wp-json\/wp\/v2\/product_brand?post=98063"},{"taxonomy":"product_cat","embeddable":true,"href":"https:\/\/shop.bantam.ch\/fr\/wp-json\/wp\/v2\/product_cat?post=98063"},{"taxonomy":"product_tag","embeddable":true,"href":"https:\/\/shop.bantam.ch\/fr\/wp-json\/wp\/v2\/product_tag?post=98063"}],"curies":[{"name":"wp","href":"https:\/\/api.w.org\/{rel}","templated":true}]}}