{"id":98045,"date":"2023-02-28T05:47:50","date_gmt":"2023-02-28T04:47:50","guid":{"rendered":"http:\/\/shop.bantam.ch\/produit\/moule-en-silicone-pour-6-muffins\/"},"modified":"2026-04-17T21:31:17","modified_gmt":"2026-04-17T19:31:17","slug":"moule-en-silicone-pour-6-muffins","status":"publish","type":"product","link":"https:\/\/shop.bantam.ch\/fr\/produit\/moule-en-silicone-pour-6-muffins\/","title":{"rendered":"Moule en silicone OMNIA pour muffins 6 cavit\u00e9s"},"content":{"rendered":"<p>Le moule \u00e0 muffins pliable et flexible est peu encombrant et permet un remplissage facile et un d\u00e9moulage optimal des p\u00e2tisseries. Contient des exemples de recettes.<br \/>\u00a0 <br \/><strong>Les muffins sont de plus en plus populaires<\/strong><br \/>Gr\u00e2ce au nouveau moule en silicone flexible, vous pouvez r\u00e9aliser jusqu\u2019\u00e0 6\u00a0muffins de toute sorte, sucr\u00e9s ou \u00e9pic\u00e9s. Vous pouvez pr\u00e9parer d\u2019excellents amuse-bouches l\u00e9gers et esth\u00e9tiques qui se d\u00e9moulent facilement gr\u00e2ce \u00e0 l\u2019effet pop-up du moule. Il se nettoie ensuite tr\u00e8s facilement gr\u00e2ce \u00e0 sa surface lisse, sans rainures. Apr\u00e8s utilisation, il vous suffit de plier enti\u00e8rement le moule pour gagner de la place.<br \/>Vous recevrez \u00e9galement quelques recettes avec votre commande.<\/p>\n<p>Vous n\u2019avez g\u00e9n\u00e9ralement pas besoin de beurrer le moule en silicone. La mati\u00e8re convient \u00e0 un usage alimentaire, ne transf\u00e8re aucun go\u00fbt et r\u00e9siste aux acides de fruits. Le moule est facile \u00e0 nettoyer et peut passer au lave-vaisselle. <\/p>\n<p>Associ\u00e9 au moule de cuisson OMNIA, le moule en silicone peut \u00eatre utilis\u00e9 sur quasiment toutes les cuisini\u00e8res, m\u00eame sur un feu ouvert. Vous pouvez pr\u00e9parer tout ce que vous voulez avec ces moules pour faire plaisir \u00e0 votre famille ou vos amis.<\/p>\n<p>R\u00e9siste \u00e0 une temp\u00e9rature de &#8211;\u00a060\u00a0\u00b0C \u00e0 +\u00a0260\u00a0\u00b0C<\/p>\n","protected":false},"excerpt":{"rendered":"<p>Le moule \u00e0 muffins pliable et flexible est peu encombrant et permet un remplissage facile et un d\u00e9moulage optimal des p\u00e2tisseries. Contient des exemples de recettes.\u00a0 Les muffins sont de plus en plus populairesGr\u00e2ce au nouveau moule en silicone flexible, vous pouvez r\u00e9aliser jusqu\u2019\u00e0 6\u00a0muffins de toute sorte, sucr\u00e9s ou \u00e9pic\u00e9s. Vous pouvez pr\u00e9parer d\u2019excellents [&hellip;]<\/p>\n","protected":false},"featured_media":98039,"template":"","meta":{"_acf_changed":false},"product_featured_cat":[],"product_brand":[3292],"product_cat":[4339,4341,4337],"product_tag":[],"class_list":{"0":"post-98045","1":"product","2":"type-product","3":"status-publish","4":"has-post-thumbnail","6":"product_brand-omnia","7":"product_cat-accessoires-pour-barbecue","8":"product_cat-accessoires-pour-rechaud","9":"product_cat-accessoires-pour-ustensiles-de-cuisson","11":"first","12":"instock","13":"taxable","14":"shipping-taxable","15":"purchasable","16":"product-type-simple"},"acf":[],"yoast_head":"<!-- This site is optimized with the Yoast SEO plugin v27.4 - https:\/\/yoast.com\/product\/yoast-seo-wordpress\/ -->\n<title>Moule en silicone OMNIA pour muffins 6 cavit\u00e9s - Bantam Wankm\u00fcller SA<\/title>\n<meta name=\"robots\" content=\"index, follow, max-snippet:-1, max-image-preview:large, max-video-preview:-1\" \/>\n<link rel=\"canonical\" href=\"https:\/\/shop.bantam.ch\/fr\/produit\/moule-en-silicone-pour-6-muffins\/\" \/>\n<meta property=\"og:locale\" content=\"fr_FR\" \/>\n<meta property=\"og:type\" content=\"article\" \/>\n<meta property=\"og:title\" content=\"Moule en silicone OMNIA pour muffins 6 cavit\u00e9s - Bantam Wankm\u00fcller SA\" \/>\n<meta property=\"og:description\" content=\"Le moule \u00e0 muffins pliable et flexible est peu encombrant et permet un remplissage facile et un d\u00e9moulage optimal des p\u00e2tisseries. Contient des exemples de recettes.\u00a0 Les muffins sont de plus en plus populairesGr\u00e2ce au nouveau moule en silicone flexible, vous pouvez r\u00e9aliser jusqu\u2019\u00e0 6\u00a0muffins de toute sorte, sucr\u00e9s ou \u00e9pic\u00e9s. Vous pouvez pr\u00e9parer d\u2019excellents [&hellip;]\" \/>\n<meta property=\"og:url\" content=\"https:\/\/shop.bantam.ch\/fr\/produit\/moule-en-silicone-pour-6-muffins\/\" \/>\n<meta property=\"og:site_name\" content=\"Bantam Wankm\u00fcller SA\" \/>\n<meta property=\"article:modified_time\" content=\"2026-04-17T19:31:17+00:00\" \/>\n<meta property=\"og:image\" content=\"https:\/\/shop.bantam.ch\/wp-content\/uploads\/2023\/02\/994346371-scaled.jpg\" \/>\n\t<meta property=\"og:image:width\" content=\"2362\" \/>\n\t<meta property=\"og:image:height\" content=\"1919\" \/>\n\t<meta property=\"og:image:type\" content=\"image\/jpeg\" \/>\n<meta name=\"twitter:card\" content=\"summary_large_image\" \/>\n<meta name=\"twitter:label1\" content=\"Dur\u00e9e de lecture estim\u00e9e\" \/>\n\t<meta name=\"twitter:data1\" content=\"1 minute\" \/>\n<script type=\"application\/ld+json\" class=\"yoast-schema-graph\">{\"@context\":\"https:\\\/\\\/schema.org\",\"@graph\":[{\"@type\":\"WebPage\",\"@id\":\"https:\\\/\\\/shop.bantam.ch\\\/fr\\\/produit\\\/moule-en-silicone-pour-6-muffins\\\/\",\"url\":\"https:\\\/\\\/shop.bantam.ch\\\/fr\\\/produit\\\/moule-en-silicone-pour-6-muffins\\\/\",\"name\":\"Moule en silicone OMNIA pour muffins 6 cavit\u00e9s - Bantam Wankm\u00fcller SA\",\"isPartOf\":{\"@id\":\"https:\\\/\\\/shop.bantam.ch\\\/fr\\\/#website\"},\"primaryImageOfPage\":{\"@id\":\"https:\\\/\\\/shop.bantam.ch\\\/fr\\\/produit\\\/moule-en-silicone-pour-6-muffins\\\/#primaryimage\"},\"image\":{\"@id\":\"https:\\\/\\\/shop.bantam.ch\\\/fr\\\/produit\\\/moule-en-silicone-pour-6-muffins\\\/#primaryimage\"},\"thumbnailUrl\":\"https:\\\/\\\/shop.bantam.ch\\\/wp-content\\\/uploads\\\/2023\\\/02\\\/994346371-scaled.jpg\",\"datePublished\":\"2023-02-28T04:47:50+00:00\",\"dateModified\":\"2026-04-17T19:31:17+00:00\",\"breadcrumb\":{\"@id\":\"https:\\\/\\\/shop.bantam.ch\\\/fr\\\/produit\\\/moule-en-silicone-pour-6-muffins\\\/#breadcrumb\"},\"inLanguage\":\"fr-FR\",\"potentialAction\":[{\"@type\":\"ReadAction\",\"target\":[\"https:\\\/\\\/shop.bantam.ch\\\/fr\\\/produit\\\/moule-en-silicone-pour-6-muffins\\\/\"]}]},{\"@type\":\"ImageObject\",\"inLanguage\":\"fr-FR\",\"@id\":\"https:\\\/\\\/shop.bantam.ch\\\/fr\\\/produit\\\/moule-en-silicone-pour-6-muffins\\\/#primaryimage\",\"url\":\"https:\\\/\\\/shop.bantam.ch\\\/wp-content\\\/uploads\\\/2023\\\/02\\\/994346371-scaled.jpg\",\"contentUrl\":\"https:\\\/\\\/shop.bantam.ch\\\/wp-content\\\/uploads\\\/2023\\\/02\\\/994346371-scaled.jpg\",\"width\":2048,\"height\":1664},{\"@type\":\"BreadcrumbList\",\"@id\":\"https:\\\/\\\/shop.bantam.ch\\\/fr\\\/produit\\\/moule-en-silicone-pour-6-muffins\\\/#breadcrumb\",\"itemListElement\":[{\"@type\":\"ListItem\",\"position\":1,\"name\":\"Accueil\",\"item\":\"https:\\\/\\\/shop.bantam.ch\\\/fr\\\/\"},{\"@type\":\"ListItem\",\"position\":2,\"name\":\"Boutique\",\"item\":\"https:\\\/\\\/shop.bantam.ch\\\/fr\\\/boutique\\\/\"},{\"@type\":\"ListItem\",\"position\":3,\"name\":\"Moule en silicone OMNIA pour muffins 6 cavit\u00e9s\"}]},{\"@type\":\"WebSite\",\"@id\":\"https:\\\/\\\/shop.bantam.ch\\\/fr\\\/#website\",\"url\":\"https:\\\/\\\/shop.bantam.ch\\\/fr\\\/\",\"name\":\"Bantam Wankm\u00fcller SA\",\"description\":\"\",\"publisher\":{\"@id\":\"https:\\\/\\\/shop.bantam.ch\\\/fr\\\/#organization\"},\"inLanguage\":\"fr-FR\"},{\"@type\":\"Organization\",\"@id\":\"https:\\\/\\\/shop.bantam.ch\\\/fr\\\/#organization\",\"name\":\"Bantam Wankm\u00fcller SA\",\"url\":\"https:\\\/\\\/shop.bantam.ch\\\/fr\\\/\",\"logo\":{\"@type\":\"ImageObject\",\"inLanguage\":\"fr-FR\",\"@id\":\"https:\\\/\\\/shop.bantam.ch\\\/fr\\\/#\\\/schema\\\/logo\\\/image\\\/\",\"url\":\"https:\\\/\\\/shop.bantam.ch\\\/wp-content\\\/uploads\\\/2022\\\/12\\\/bantam-logo.png\",\"contentUrl\":\"https:\\\/\\\/shop.bantam.ch\\\/wp-content\\\/uploads\\\/2022\\\/12\\\/bantam-logo.png\",\"width\":320,\"height\":71,\"caption\":\"Bantam Wankm\u00fcller SA\"},\"image\":{\"@id\":\"https:\\\/\\\/shop.bantam.ch\\\/fr\\\/#\\\/schema\\\/logo\\\/image\\\/\"}}]}<\/script>\n<!-- \/ Yoast SEO plugin. -->","yoast_head_json":{"title":"Moule en silicone OMNIA pour muffins 6 cavit\u00e9s - Bantam Wankm\u00fcller SA","robots":{"index":"index","follow":"follow","max-snippet":"max-snippet:-1","max-image-preview":"max-image-preview:large","max-video-preview":"max-video-preview:-1"},"canonical":"https:\/\/shop.bantam.ch\/fr\/produit\/moule-en-silicone-pour-6-muffins\/","og_locale":"fr_FR","og_type":"article","og_title":"Moule en silicone OMNIA pour muffins 6 cavit\u00e9s - Bantam Wankm\u00fcller SA","og_description":"Le moule \u00e0 muffins pliable et flexible est peu encombrant et permet un remplissage facile et un d\u00e9moulage optimal des p\u00e2tisseries. Contient des exemples de recettes.\u00a0 Les muffins sont de plus en plus populairesGr\u00e2ce au nouveau moule en silicone flexible, vous pouvez r\u00e9aliser jusqu\u2019\u00e0 6\u00a0muffins de toute sorte, sucr\u00e9s ou \u00e9pic\u00e9s. Vous pouvez pr\u00e9parer d\u2019excellents [&hellip;]","og_url":"https:\/\/shop.bantam.ch\/fr\/produit\/moule-en-silicone-pour-6-muffins\/","og_site_name":"Bantam Wankm\u00fcller SA","article_modified_time":"2026-04-17T19:31:17+00:00","og_image":[{"width":2362,"height":1919,"url":"https:\/\/shop.bantam.ch\/wp-content\/uploads\/2023\/02\/994346371-scaled.jpg","type":"image\/jpeg"}],"twitter_card":"summary_large_image","twitter_misc":{"Dur\u00e9e de lecture estim\u00e9e":"1 minute"},"schema":{"@context":"https:\/\/schema.org","@graph":[{"@type":"WebPage","@id":"https:\/\/shop.bantam.ch\/fr\/produit\/moule-en-silicone-pour-6-muffins\/","url":"https:\/\/shop.bantam.ch\/fr\/produit\/moule-en-silicone-pour-6-muffins\/","name":"Moule en silicone OMNIA pour muffins 6 cavit\u00e9s - Bantam Wankm\u00fcller SA","isPartOf":{"@id":"https:\/\/shop.bantam.ch\/fr\/#website"},"primaryImageOfPage":{"@id":"https:\/\/shop.bantam.ch\/fr\/produit\/moule-en-silicone-pour-6-muffins\/#primaryimage"},"image":{"@id":"https:\/\/shop.bantam.ch\/fr\/produit\/moule-en-silicone-pour-6-muffins\/#primaryimage"},"thumbnailUrl":"https:\/\/shop.bantam.ch\/wp-content\/uploads\/2023\/02\/994346371-scaled.jpg","datePublished":"2023-02-28T04:47:50+00:00","dateModified":"2026-04-17T19:31:17+00:00","breadcrumb":{"@id":"https:\/\/shop.bantam.ch\/fr\/produit\/moule-en-silicone-pour-6-muffins\/#breadcrumb"},"inLanguage":"fr-FR","potentialAction":[{"@type":"ReadAction","target":["https:\/\/shop.bantam.ch\/fr\/produit\/moule-en-silicone-pour-6-muffins\/"]}]},{"@type":"ImageObject","inLanguage":"fr-FR","@id":"https:\/\/shop.bantam.ch\/fr\/produit\/moule-en-silicone-pour-6-muffins\/#primaryimage","url":"https:\/\/shop.bantam.ch\/wp-content\/uploads\/2023\/02\/994346371-scaled.jpg","contentUrl":"https:\/\/shop.bantam.ch\/wp-content\/uploads\/2023\/02\/994346371-scaled.jpg","width":2048,"height":1664},{"@type":"BreadcrumbList","@id":"https:\/\/shop.bantam.ch\/fr\/produit\/moule-en-silicone-pour-6-muffins\/#breadcrumb","itemListElement":[{"@type":"ListItem","position":1,"name":"Accueil","item":"https:\/\/shop.bantam.ch\/fr\/"},{"@type":"ListItem","position":2,"name":"Boutique","item":"https:\/\/shop.bantam.ch\/fr\/boutique\/"},{"@type":"ListItem","position":3,"name":"Moule en silicone OMNIA pour muffins 6 cavit\u00e9s"}]},{"@type":"WebSite","@id":"https:\/\/shop.bantam.ch\/fr\/#website","url":"https:\/\/shop.bantam.ch\/fr\/","name":"Bantam Wankm\u00fcller SA","description":"","publisher":{"@id":"https:\/\/shop.bantam.ch\/fr\/#organization"},"inLanguage":"fr-FR"},{"@type":"Organization","@id":"https:\/\/shop.bantam.ch\/fr\/#organization","name":"Bantam Wankm\u00fcller SA","url":"https:\/\/shop.bantam.ch\/fr\/","logo":{"@type":"ImageObject","inLanguage":"fr-FR","@id":"https:\/\/shop.bantam.ch\/fr\/#\/schema\/logo\/image\/","url":"https:\/\/shop.bantam.ch\/wp-content\/uploads\/2022\/12\/bantam-logo.png","contentUrl":"https:\/\/shop.bantam.ch\/wp-content\/uploads\/2022\/12\/bantam-logo.png","width":320,"height":71,"caption":"Bantam Wankm\u00fcller SA"},"image":{"@id":"https:\/\/shop.bantam.ch\/fr\/#\/schema\/logo\/image\/"}}]}},"_links":{"self":[{"href":"https:\/\/shop.bantam.ch\/fr\/wp-json\/wp\/v2\/product\/98045","targetHints":{"allow":["GET"]}}],"collection":[{"href":"https:\/\/shop.bantam.ch\/fr\/wp-json\/wp\/v2\/product"}],"about":[{"href":"https:\/\/shop.bantam.ch\/fr\/wp-json\/wp\/v2\/types\/product"}],"wp:featuredmedia":[{"embeddable":true,"href":"https:\/\/shop.bantam.ch\/fr\/wp-json\/wp\/v2\/media\/98039"}],"wp:attachment":[{"href":"https:\/\/shop.bantam.ch\/fr\/wp-json\/wp\/v2\/media?parent=98045"}],"wp:term":[{"taxonomy":"product_featured_cat","embeddable":true,"href":"https:\/\/shop.bantam.ch\/fr\/wp-json\/wp\/v2\/product_featured_cat?post=98045"},{"taxonomy":"product_brand","embeddable":true,"href":"https:\/\/shop.bantam.ch\/fr\/wp-json\/wp\/v2\/product_brand?post=98045"},{"taxonomy":"product_cat","embeddable":true,"href":"https:\/\/shop.bantam.ch\/fr\/wp-json\/wp\/v2\/product_cat?post=98045"},{"taxonomy":"product_tag","embeddable":true,"href":"https:\/\/shop.bantam.ch\/fr\/wp-json\/wp\/v2\/product_tag?post=98045"}],"curies":[{"name":"wp","href":"https:\/\/api.w.org\/{rel}","templated":true}]}}