{"id":98037,"date":"2023-02-28T05:47:43","date_gmt":"2023-02-28T04:47:43","guid":{"rendered":"http:\/\/shop.bantam.ch\/produit\/moule-en-silicone-duo-pack\/"},"modified":"2026-05-01T21:30:48","modified_gmt":"2026-05-01T19:30:48","slug":"moule-en-silicone-duo-pack","status":"publish","type":"product","link":"https:\/\/shop.bantam.ch\/fr\/produit\/moule-en-silicone-duo-pack\/","title":{"rendered":"Moule \u00e0 g\u00e2teau silicone OMNIA Duo-Pack"},"content":{"rendered":"<p>OMNIA Duo-Pack 2.0, avec deux moules en silicone, de couleurs diff\u00e9rentes, pour une s\u00e9paration s\u00fbre des aliments sal\u00e9s et sucr\u00e9s.<\/p>\n<p>Le moule en silicone OMNIA vous permet de cuisiner encore plus simplement. Le design du moule ainsi que les mat\u00e9riaux renforc\u00e9s avec rebord de stabilisation facilitent la pr\u00e9paration de plats dans le four de camping OMNIA. Le moule en silicone est facile \u00e0 nettoyer et vos g\u00e2teaux se d\u00e9moulent tr\u00e8s ais\u00e9ment. Gr\u00e2ce au silicone flexible de grande qualit\u00e9, il vous suffit d\u2019appuyer sur votre g\u00e2teau une fois cuit pour le d\u00e9mouler.<\/p>\n<p>R\u00e9siste \u00e0 une temp\u00e9rature de &#8211;\u00a060\u00a0\u00b0C \u00e0 +\u00a0260\u00a0\u00b0C<\/p>\n","protected":false},"excerpt":{"rendered":"<p>OMNIA Duo-Pack 2.0, avec deux moules en silicone, de couleurs diff\u00e9rentes, pour une s\u00e9paration s\u00fbre des aliments sal\u00e9s et sucr\u00e9s. Le moule en silicone OMNIA vous permet de cuisiner encore plus simplement. Le design du moule ainsi que les mat\u00e9riaux renforc\u00e9s avec rebord de stabilisation facilitent la pr\u00e9paration de plats dans le four de camping [&hellip;]<\/p>\n","protected":false},"featured_media":98031,"template":"","meta":{"_acf_changed":false},"product_featured_cat":[],"product_brand":[3292],"product_cat":[4339,4341,4337],"product_tag":[],"class_list":{"0":"post-98037","1":"product","2":"type-product","3":"status-publish","4":"has-post-thumbnail","6":"product_brand-omnia","7":"product_cat-accessoires-pour-barbecue","8":"product_cat-accessoires-pour-rechaud","9":"product_cat-accessoires-pour-ustensiles-de-cuisson","11":"first","12":"instock","13":"taxable","14":"shipping-taxable","15":"purchasable","16":"product-type-simple"},"acf":[],"yoast_head":"<!-- This site is optimized with the Yoast SEO plugin v27.5 - https:\/\/yoast.com\/product\/yoast-seo-wordpress\/ -->\n<title>Moule \u00e0 g\u00e2teau silicone OMNIA Duo-Pack - Bantam<\/title>\n<meta name=\"robots\" content=\"index, follow, max-snippet:-1, max-image-preview:large, max-video-preview:-1\" \/>\n<link rel=\"canonical\" href=\"https:\/\/shop.bantam.ch\/fr\/produit\/moule-en-silicone-duo-pack\/\" \/>\n<meta property=\"og:locale\" content=\"fr_FR\" \/>\n<meta property=\"og:type\" content=\"article\" \/>\n<meta property=\"og:title\" content=\"Moule \u00e0 g\u00e2teau silicone OMNIA Duo-Pack - Bantam\" \/>\n<meta property=\"og:description\" content=\"OMNIA Duo-Pack 2.0, avec deux moules en silicone, de couleurs diff\u00e9rentes, pour une s\u00e9paration s\u00fbre des aliments sal\u00e9s et sucr\u00e9s. Le moule en silicone OMNIA vous permet de cuisiner encore plus simplement. Le design du moule ainsi que les mat\u00e9riaux renforc\u00e9s avec rebord de stabilisation facilitent la pr\u00e9paration de plats dans le four de camping [&hellip;]\" \/>\n<meta property=\"og:url\" content=\"https:\/\/shop.bantam.ch\/fr\/produit\/moule-en-silicone-duo-pack\/\" \/>\n<meta property=\"og:site_name\" content=\"Bantam\" \/>\n<meta property=\"article:modified_time\" content=\"2026-05-01T19:30:48+00:00\" \/>\n<meta property=\"og:image\" content=\"https:\/\/shop.bantam.ch\/wp-content\/uploads\/2023\/02\/994346212.jpg\" \/>\n\t<meta property=\"og:image:width\" content=\"1772\" \/>\n\t<meta property=\"og:image:height\" content=\"989\" \/>\n\t<meta property=\"og:image:type\" content=\"image\/jpeg\" \/>\n<meta name=\"twitter:card\" content=\"summary_large_image\" \/>\n<meta name=\"twitter:label1\" content=\"Dur\u00e9e de lecture estim\u00e9e\" \/>\n\t<meta name=\"twitter:data1\" content=\"1 minute\" \/>\n<script type=\"application\/ld+json\" class=\"yoast-schema-graph\">{\"@context\":\"https:\\\/\\\/schema.org\",\"@graph\":[{\"@type\":\"WebPage\",\"@id\":\"https:\\\/\\\/shop.bantam.ch\\\/fr\\\/produit\\\/moule-en-silicone-duo-pack\\\/\",\"url\":\"https:\\\/\\\/shop.bantam.ch\\\/fr\\\/produit\\\/moule-en-silicone-duo-pack\\\/\",\"name\":\"Moule \u00e0 g\u00e2teau silicone OMNIA Duo-Pack - Bantam\",\"isPartOf\":{\"@id\":\"https:\\\/\\\/shop.bantam.ch\\\/fr\\\/#website\"},\"primaryImageOfPage\":{\"@id\":\"https:\\\/\\\/shop.bantam.ch\\\/fr\\\/produit\\\/moule-en-silicone-duo-pack\\\/#primaryimage\"},\"image\":{\"@id\":\"https:\\\/\\\/shop.bantam.ch\\\/fr\\\/produit\\\/moule-en-silicone-duo-pack\\\/#primaryimage\"},\"thumbnailUrl\":\"https:\\\/\\\/shop.bantam.ch\\\/wp-content\\\/uploads\\\/2023\\\/02\\\/994346212.jpg\",\"datePublished\":\"2023-02-28T04:47:43+00:00\",\"dateModified\":\"2026-05-01T19:30:48+00:00\",\"breadcrumb\":{\"@id\":\"https:\\\/\\\/shop.bantam.ch\\\/fr\\\/produit\\\/moule-en-silicone-duo-pack\\\/#breadcrumb\"},\"inLanguage\":\"fr-FR\",\"potentialAction\":[{\"@type\":\"ReadAction\",\"target\":[\"https:\\\/\\\/shop.bantam.ch\\\/fr\\\/produit\\\/moule-en-silicone-duo-pack\\\/\"]}]},{\"@type\":\"ImageObject\",\"inLanguage\":\"fr-FR\",\"@id\":\"https:\\\/\\\/shop.bantam.ch\\\/fr\\\/produit\\\/moule-en-silicone-duo-pack\\\/#primaryimage\",\"url\":\"https:\\\/\\\/shop.bantam.ch\\\/wp-content\\\/uploads\\\/2023\\\/02\\\/994346212.jpg\",\"contentUrl\":\"https:\\\/\\\/shop.bantam.ch\\\/wp-content\\\/uploads\\\/2023\\\/02\\\/994346212.jpg\",\"width\":1772,\"height\":989},{\"@type\":\"BreadcrumbList\",\"@id\":\"https:\\\/\\\/shop.bantam.ch\\\/fr\\\/produit\\\/moule-en-silicone-duo-pack\\\/#breadcrumb\",\"itemListElement\":[{\"@type\":\"ListItem\",\"position\":1,\"name\":\"Accueil\",\"item\":\"https:\\\/\\\/shop.bantam.ch\\\/fr\\\/\"},{\"@type\":\"ListItem\",\"position\":2,\"name\":\"Boutique\",\"item\":\"https:\\\/\\\/shop.bantam.ch\\\/fr\\\/boutique\\\/\"},{\"@type\":\"ListItem\",\"position\":3,\"name\":\"Moule \u00e0 g\u00e2teau silicone OMNIA Duo-Pack\"}]},{\"@type\":\"WebSite\",\"@id\":\"https:\\\/\\\/shop.bantam.ch\\\/fr\\\/#website\",\"url\":\"https:\\\/\\\/shop.bantam.ch\\\/fr\\\/\",\"name\":\"Bantam\",\"description\":\"\",\"publisher\":{\"@id\":\"https:\\\/\\\/shop.bantam.ch\\\/fr\\\/#organization\"},\"inLanguage\":\"fr-FR\"},{\"@type\":\"Organization\",\"@id\":\"https:\\\/\\\/shop.bantam.ch\\\/fr\\\/#organization\",\"name\":\"Bantam\",\"url\":\"https:\\\/\\\/shop.bantam.ch\\\/fr\\\/\",\"logo\":{\"@type\":\"ImageObject\",\"inLanguage\":\"fr-FR\",\"@id\":\"https:\\\/\\\/shop.bantam.ch\\\/fr\\\/#\\\/schema\\\/logo\\\/image\\\/\",\"url\":\"https:\\\/\\\/shop.bantam.ch\\\/wp-content\\\/uploads\\\/2022\\\/12\\\/bantam-logo.png\",\"contentUrl\":\"https:\\\/\\\/shop.bantam.ch\\\/wp-content\\\/uploads\\\/2022\\\/12\\\/bantam-logo.png\",\"width\":320,\"height\":71,\"caption\":\"Bantam\"},\"image\":{\"@id\":\"https:\\\/\\\/shop.bantam.ch\\\/fr\\\/#\\\/schema\\\/logo\\\/image\\\/\"}}]}<\/script>\n<!-- \/ Yoast SEO plugin. -->","yoast_head_json":{"title":"Moule \u00e0 g\u00e2teau silicone OMNIA Duo-Pack - Bantam","robots":{"index":"index","follow":"follow","max-snippet":"max-snippet:-1","max-image-preview":"max-image-preview:large","max-video-preview":"max-video-preview:-1"},"canonical":"https:\/\/shop.bantam.ch\/fr\/produit\/moule-en-silicone-duo-pack\/","og_locale":"fr_FR","og_type":"article","og_title":"Moule \u00e0 g\u00e2teau silicone OMNIA Duo-Pack - Bantam","og_description":"OMNIA Duo-Pack 2.0, avec deux moules en silicone, de couleurs diff\u00e9rentes, pour une s\u00e9paration s\u00fbre des aliments sal\u00e9s et sucr\u00e9s. Le moule en silicone OMNIA vous permet de cuisiner encore plus simplement. Le design du moule ainsi que les mat\u00e9riaux renforc\u00e9s avec rebord de stabilisation facilitent la pr\u00e9paration de plats dans le four de camping [&hellip;]","og_url":"https:\/\/shop.bantam.ch\/fr\/produit\/moule-en-silicone-duo-pack\/","og_site_name":"Bantam","article_modified_time":"2026-05-01T19:30:48+00:00","og_image":[{"width":1772,"height":989,"url":"https:\/\/shop.bantam.ch\/wp-content\/uploads\/2023\/02\/994346212.jpg","type":"image\/jpeg"}],"twitter_card":"summary_large_image","twitter_misc":{"Dur\u00e9e de lecture estim\u00e9e":"1 minute"},"schema":{"@context":"https:\/\/schema.org","@graph":[{"@type":"WebPage","@id":"https:\/\/shop.bantam.ch\/fr\/produit\/moule-en-silicone-duo-pack\/","url":"https:\/\/shop.bantam.ch\/fr\/produit\/moule-en-silicone-duo-pack\/","name":"Moule \u00e0 g\u00e2teau silicone OMNIA Duo-Pack - Bantam","isPartOf":{"@id":"https:\/\/shop.bantam.ch\/fr\/#website"},"primaryImageOfPage":{"@id":"https:\/\/shop.bantam.ch\/fr\/produit\/moule-en-silicone-duo-pack\/#primaryimage"},"image":{"@id":"https:\/\/shop.bantam.ch\/fr\/produit\/moule-en-silicone-duo-pack\/#primaryimage"},"thumbnailUrl":"https:\/\/shop.bantam.ch\/wp-content\/uploads\/2023\/02\/994346212.jpg","datePublished":"2023-02-28T04:47:43+00:00","dateModified":"2026-05-01T19:30:48+00:00","breadcrumb":{"@id":"https:\/\/shop.bantam.ch\/fr\/produit\/moule-en-silicone-duo-pack\/#breadcrumb"},"inLanguage":"fr-FR","potentialAction":[{"@type":"ReadAction","target":["https:\/\/shop.bantam.ch\/fr\/produit\/moule-en-silicone-duo-pack\/"]}]},{"@type":"ImageObject","inLanguage":"fr-FR","@id":"https:\/\/shop.bantam.ch\/fr\/produit\/moule-en-silicone-duo-pack\/#primaryimage","url":"https:\/\/shop.bantam.ch\/wp-content\/uploads\/2023\/02\/994346212.jpg","contentUrl":"https:\/\/shop.bantam.ch\/wp-content\/uploads\/2023\/02\/994346212.jpg","width":1772,"height":989},{"@type":"BreadcrumbList","@id":"https:\/\/shop.bantam.ch\/fr\/produit\/moule-en-silicone-duo-pack\/#breadcrumb","itemListElement":[{"@type":"ListItem","position":1,"name":"Accueil","item":"https:\/\/shop.bantam.ch\/fr\/"},{"@type":"ListItem","position":2,"name":"Boutique","item":"https:\/\/shop.bantam.ch\/fr\/boutique\/"},{"@type":"ListItem","position":3,"name":"Moule \u00e0 g\u00e2teau silicone OMNIA Duo-Pack"}]},{"@type":"WebSite","@id":"https:\/\/shop.bantam.ch\/fr\/#website","url":"https:\/\/shop.bantam.ch\/fr\/","name":"Bantam","description":"","publisher":{"@id":"https:\/\/shop.bantam.ch\/fr\/#organization"},"inLanguage":"fr-FR"},{"@type":"Organization","@id":"https:\/\/shop.bantam.ch\/fr\/#organization","name":"Bantam","url":"https:\/\/shop.bantam.ch\/fr\/","logo":{"@type":"ImageObject","inLanguage":"fr-FR","@id":"https:\/\/shop.bantam.ch\/fr\/#\/schema\/logo\/image\/","url":"https:\/\/shop.bantam.ch\/wp-content\/uploads\/2022\/12\/bantam-logo.png","contentUrl":"https:\/\/shop.bantam.ch\/wp-content\/uploads\/2022\/12\/bantam-logo.png","width":320,"height":71,"caption":"Bantam"},"image":{"@id":"https:\/\/shop.bantam.ch\/fr\/#\/schema\/logo\/image\/"}}]}},"_links":{"self":[{"href":"https:\/\/shop.bantam.ch\/fr\/wp-json\/wp\/v2\/product\/98037","targetHints":{"allow":["GET"]}}],"collection":[{"href":"https:\/\/shop.bantam.ch\/fr\/wp-json\/wp\/v2\/product"}],"about":[{"href":"https:\/\/shop.bantam.ch\/fr\/wp-json\/wp\/v2\/types\/product"}],"wp:featuredmedia":[{"embeddable":true,"href":"https:\/\/shop.bantam.ch\/fr\/wp-json\/wp\/v2\/media\/98031"}],"wp:attachment":[{"href":"https:\/\/shop.bantam.ch\/fr\/wp-json\/wp\/v2\/media?parent=98037"}],"wp:term":[{"taxonomy":"product_featured_cat","embeddable":true,"href":"https:\/\/shop.bantam.ch\/fr\/wp-json\/wp\/v2\/product_featured_cat?post=98037"},{"taxonomy":"product_brand","embeddable":true,"href":"https:\/\/shop.bantam.ch\/fr\/wp-json\/wp\/v2\/product_brand?post=98037"},{"taxonomy":"product_cat","embeddable":true,"href":"https:\/\/shop.bantam.ch\/fr\/wp-json\/wp\/v2\/product_cat?post=98037"},{"taxonomy":"product_tag","embeddable":true,"href":"https:\/\/shop.bantam.ch\/fr\/wp-json\/wp\/v2\/product_tag?post=98037"}],"curies":[{"name":"wp","href":"https:\/\/api.w.org\/{rel}","templated":true}]}}