{"id":97987,"date":"2023-02-28T05:46:39","date_gmt":"2023-02-28T04:46:39","guid":{"rendered":"http:\/\/shop.bantam.ch\/produit\/hotte-aspirante-ck-400\/"},"modified":"2026-04-17T21:31:03","modified_gmt":"2026-04-17T19:31:03","slug":"hotte-aspirante-ck-400","status":"publish","type":"product","link":"https:\/\/shop.bantam.ch\/fr\/produit\/hotte-aspirante-ck-400\/","title":{"rendered":"Hotte aspirante Dometic CK 400 12 V"},"content":{"rendered":"<p>La hotte aspirante Dometic CK\u00a0400 \u00e9quip\u00e9e d\u2019un ventilateur \u00e0 deux vitesses aspire efficacement les vapeurs de cuisson, les odeurs et l\u2019humidit\u00e9 hors du camping-car ou de la caravane. Pour un d\u00e9bit d\u2019air et une puissance optimis\u00e9s, le ventilateur est int\u00e9gr\u00e9 dans le d\u00f4me du toit et pas directement dans la hotte aspirante. Elle est facile \u00e0 nettoyer et \u00e9quip\u00e9e de deux lampes halog\u00e8ne pour vous \u00e9viter de cuisiner dans l\u2019obscurit\u00e9. Une excellente aide de cuisine.<\/p>\n","protected":false},"excerpt":{"rendered":"<p>La hotte aspirante Dometic CK\u00a0400 \u00e9quip\u00e9e d\u2019un ventilateur \u00e0 deux vitesses aspire efficacement les vapeurs de cuisson, les odeurs et l\u2019humidit\u00e9 hors du camping-car ou de la caravane. Pour un d\u00e9bit d\u2019air et une puissance optimis\u00e9s, le ventilateur est int\u00e9gr\u00e9 dans le d\u00f4me du toit et pas directement dans la hotte aspirante. Elle est facile [&hellip;]<\/p>\n","protected":false},"featured_media":97985,"template":"","meta":{"_acf_changed":false},"product_featured_cat":[],"product_brand":[3028],"product_cat":[4293],"product_tag":[],"class_list":{"0":"post-97987","1":"product","2":"type-product","3":"status-publish","4":"has-post-thumbnail","6":"product_brand-dometic","7":"product_cat-hottes-daspiration","9":"first","10":"instock","11":"taxable","12":"shipping-taxable","13":"purchasable","14":"product-type-simple"},"acf":[],"yoast_head":"<!-- This site is optimized with the Yoast SEO plugin v27.4 - https:\/\/yoast.com\/product\/yoast-seo-wordpress\/ -->\n<title>Hotte aspirante Dometic CK 400 12 V - Bantam Wankm\u00fcller SA<\/title>\n<meta name=\"robots\" content=\"index, follow, max-snippet:-1, max-image-preview:large, max-video-preview:-1\" \/>\n<link rel=\"canonical\" href=\"https:\/\/shop.bantam.ch\/fr\/produit\/hotte-aspirante-ck-400\/\" \/>\n<meta property=\"og:locale\" content=\"fr_FR\" \/>\n<meta property=\"og:type\" content=\"article\" \/>\n<meta property=\"og:title\" content=\"Hotte aspirante Dometic CK 400 12 V - Bantam Wankm\u00fcller SA\" \/>\n<meta property=\"og:description\" content=\"La hotte aspirante Dometic CK\u00a0400 \u00e9quip\u00e9e d\u2019un ventilateur \u00e0 deux vitesses aspire efficacement les vapeurs de cuisson, les odeurs et l\u2019humidit\u00e9 hors du camping-car ou de la caravane. Pour un d\u00e9bit d\u2019air et une puissance optimis\u00e9s, le ventilateur est int\u00e9gr\u00e9 dans le d\u00f4me du toit et pas directement dans la hotte aspirante. Elle est facile [&hellip;]\" \/>\n<meta property=\"og:url\" content=\"https:\/\/shop.bantam.ch\/fr\/produit\/hotte-aspirante-ck-400\/\" \/>\n<meta property=\"og:site_name\" content=\"Bantam Wankm\u00fcller SA\" \/>\n<meta property=\"article:modified_time\" content=\"2026-04-17T19:31:03+00:00\" \/>\n<meta property=\"og:image\" content=\"https:\/\/shop.bantam.ch\/wp-content\/uploads\/2023\/02\/994345611.jpg\" \/>\n\t<meta property=\"og:image:width\" content=\"1000\" \/>\n\t<meta property=\"og:image:height\" content=\"1000\" \/>\n\t<meta property=\"og:image:type\" content=\"image\/jpeg\" \/>\n<meta name=\"twitter:card\" content=\"summary_large_image\" \/>\n<script type=\"application\/ld+json\" class=\"yoast-schema-graph\">{\"@context\":\"https:\\\/\\\/schema.org\",\"@graph\":[{\"@type\":\"WebPage\",\"@id\":\"https:\\\/\\\/shop.bantam.ch\\\/fr\\\/produit\\\/hotte-aspirante-ck-400\\\/\",\"url\":\"https:\\\/\\\/shop.bantam.ch\\\/fr\\\/produit\\\/hotte-aspirante-ck-400\\\/\",\"name\":\"Hotte aspirante Dometic CK 400 12 V - Bantam Wankm\u00fcller SA\",\"isPartOf\":{\"@id\":\"https:\\\/\\\/shop.bantam.ch\\\/fr\\\/#website\"},\"primaryImageOfPage\":{\"@id\":\"https:\\\/\\\/shop.bantam.ch\\\/fr\\\/produit\\\/hotte-aspirante-ck-400\\\/#primaryimage\"},\"image\":{\"@id\":\"https:\\\/\\\/shop.bantam.ch\\\/fr\\\/produit\\\/hotte-aspirante-ck-400\\\/#primaryimage\"},\"thumbnailUrl\":\"https:\\\/\\\/shop.bantam.ch\\\/wp-content\\\/uploads\\\/2023\\\/02\\\/994345611.jpg\",\"datePublished\":\"2023-02-28T04:46:39+00:00\",\"dateModified\":\"2026-04-17T19:31:03+00:00\",\"breadcrumb\":{\"@id\":\"https:\\\/\\\/shop.bantam.ch\\\/fr\\\/produit\\\/hotte-aspirante-ck-400\\\/#breadcrumb\"},\"inLanguage\":\"fr-FR\",\"potentialAction\":[{\"@type\":\"ReadAction\",\"target\":[\"https:\\\/\\\/shop.bantam.ch\\\/fr\\\/produit\\\/hotte-aspirante-ck-400\\\/\"]}]},{\"@type\":\"ImageObject\",\"inLanguage\":\"fr-FR\",\"@id\":\"https:\\\/\\\/shop.bantam.ch\\\/fr\\\/produit\\\/hotte-aspirante-ck-400\\\/#primaryimage\",\"url\":\"https:\\\/\\\/shop.bantam.ch\\\/wp-content\\\/uploads\\\/2023\\\/02\\\/994345611.jpg\",\"contentUrl\":\"https:\\\/\\\/shop.bantam.ch\\\/wp-content\\\/uploads\\\/2023\\\/02\\\/994345611.jpg\",\"width\":1000,\"height\":1000},{\"@type\":\"BreadcrumbList\",\"@id\":\"https:\\\/\\\/shop.bantam.ch\\\/fr\\\/produit\\\/hotte-aspirante-ck-400\\\/#breadcrumb\",\"itemListElement\":[{\"@type\":\"ListItem\",\"position\":1,\"name\":\"Accueil\",\"item\":\"https:\\\/\\\/shop.bantam.ch\\\/fr\\\/\"},{\"@type\":\"ListItem\",\"position\":2,\"name\":\"Boutique\",\"item\":\"https:\\\/\\\/shop.bantam.ch\\\/fr\\\/boutique\\\/\"},{\"@type\":\"ListItem\",\"position\":3,\"name\":\"Hotte aspirante Dometic CK 400 12 V\"}]},{\"@type\":\"WebSite\",\"@id\":\"https:\\\/\\\/shop.bantam.ch\\\/fr\\\/#website\",\"url\":\"https:\\\/\\\/shop.bantam.ch\\\/fr\\\/\",\"name\":\"Bantam Wankm\u00fcller SA\",\"description\":\"\",\"publisher\":{\"@id\":\"https:\\\/\\\/shop.bantam.ch\\\/fr\\\/#organization\"},\"inLanguage\":\"fr-FR\"},{\"@type\":\"Organization\",\"@id\":\"https:\\\/\\\/shop.bantam.ch\\\/fr\\\/#organization\",\"name\":\"Bantam Wankm\u00fcller SA\",\"url\":\"https:\\\/\\\/shop.bantam.ch\\\/fr\\\/\",\"logo\":{\"@type\":\"ImageObject\",\"inLanguage\":\"fr-FR\",\"@id\":\"https:\\\/\\\/shop.bantam.ch\\\/fr\\\/#\\\/schema\\\/logo\\\/image\\\/\",\"url\":\"https:\\\/\\\/shop.bantam.ch\\\/wp-content\\\/uploads\\\/2022\\\/12\\\/bantam-logo.png\",\"contentUrl\":\"https:\\\/\\\/shop.bantam.ch\\\/wp-content\\\/uploads\\\/2022\\\/12\\\/bantam-logo.png\",\"width\":320,\"height\":71,\"caption\":\"Bantam Wankm\u00fcller SA\"},\"image\":{\"@id\":\"https:\\\/\\\/shop.bantam.ch\\\/fr\\\/#\\\/schema\\\/logo\\\/image\\\/\"}}]}<\/script>\n<!-- \/ Yoast SEO plugin. -->","yoast_head_json":{"title":"Hotte aspirante Dometic CK 400 12 V - Bantam Wankm\u00fcller SA","robots":{"index":"index","follow":"follow","max-snippet":"max-snippet:-1","max-image-preview":"max-image-preview:large","max-video-preview":"max-video-preview:-1"},"canonical":"https:\/\/shop.bantam.ch\/fr\/produit\/hotte-aspirante-ck-400\/","og_locale":"fr_FR","og_type":"article","og_title":"Hotte aspirante Dometic CK 400 12 V - Bantam Wankm\u00fcller SA","og_description":"La hotte aspirante Dometic CK\u00a0400 \u00e9quip\u00e9e d\u2019un ventilateur \u00e0 deux vitesses aspire efficacement les vapeurs de cuisson, les odeurs et l\u2019humidit\u00e9 hors du camping-car ou de la caravane. Pour un d\u00e9bit d\u2019air et une puissance optimis\u00e9s, le ventilateur est int\u00e9gr\u00e9 dans le d\u00f4me du toit et pas directement dans la hotte aspirante. Elle est facile [&hellip;]","og_url":"https:\/\/shop.bantam.ch\/fr\/produit\/hotte-aspirante-ck-400\/","og_site_name":"Bantam Wankm\u00fcller SA","article_modified_time":"2026-04-17T19:31:03+00:00","og_image":[{"width":1000,"height":1000,"url":"https:\/\/shop.bantam.ch\/wp-content\/uploads\/2023\/02\/994345611.jpg","type":"image\/jpeg"}],"twitter_card":"summary_large_image","schema":{"@context":"https:\/\/schema.org","@graph":[{"@type":"WebPage","@id":"https:\/\/shop.bantam.ch\/fr\/produit\/hotte-aspirante-ck-400\/","url":"https:\/\/shop.bantam.ch\/fr\/produit\/hotte-aspirante-ck-400\/","name":"Hotte aspirante Dometic CK 400 12 V - Bantam Wankm\u00fcller SA","isPartOf":{"@id":"https:\/\/shop.bantam.ch\/fr\/#website"},"primaryImageOfPage":{"@id":"https:\/\/shop.bantam.ch\/fr\/produit\/hotte-aspirante-ck-400\/#primaryimage"},"image":{"@id":"https:\/\/shop.bantam.ch\/fr\/produit\/hotte-aspirante-ck-400\/#primaryimage"},"thumbnailUrl":"https:\/\/shop.bantam.ch\/wp-content\/uploads\/2023\/02\/994345611.jpg","datePublished":"2023-02-28T04:46:39+00:00","dateModified":"2026-04-17T19:31:03+00:00","breadcrumb":{"@id":"https:\/\/shop.bantam.ch\/fr\/produit\/hotte-aspirante-ck-400\/#breadcrumb"},"inLanguage":"fr-FR","potentialAction":[{"@type":"ReadAction","target":["https:\/\/shop.bantam.ch\/fr\/produit\/hotte-aspirante-ck-400\/"]}]},{"@type":"ImageObject","inLanguage":"fr-FR","@id":"https:\/\/shop.bantam.ch\/fr\/produit\/hotte-aspirante-ck-400\/#primaryimage","url":"https:\/\/shop.bantam.ch\/wp-content\/uploads\/2023\/02\/994345611.jpg","contentUrl":"https:\/\/shop.bantam.ch\/wp-content\/uploads\/2023\/02\/994345611.jpg","width":1000,"height":1000},{"@type":"BreadcrumbList","@id":"https:\/\/shop.bantam.ch\/fr\/produit\/hotte-aspirante-ck-400\/#breadcrumb","itemListElement":[{"@type":"ListItem","position":1,"name":"Accueil","item":"https:\/\/shop.bantam.ch\/fr\/"},{"@type":"ListItem","position":2,"name":"Boutique","item":"https:\/\/shop.bantam.ch\/fr\/boutique\/"},{"@type":"ListItem","position":3,"name":"Hotte aspirante Dometic CK 400 12 V"}]},{"@type":"WebSite","@id":"https:\/\/shop.bantam.ch\/fr\/#website","url":"https:\/\/shop.bantam.ch\/fr\/","name":"Bantam Wankm\u00fcller SA","description":"","publisher":{"@id":"https:\/\/shop.bantam.ch\/fr\/#organization"},"inLanguage":"fr-FR"},{"@type":"Organization","@id":"https:\/\/shop.bantam.ch\/fr\/#organization","name":"Bantam Wankm\u00fcller SA","url":"https:\/\/shop.bantam.ch\/fr\/","logo":{"@type":"ImageObject","inLanguage":"fr-FR","@id":"https:\/\/shop.bantam.ch\/fr\/#\/schema\/logo\/image\/","url":"https:\/\/shop.bantam.ch\/wp-content\/uploads\/2022\/12\/bantam-logo.png","contentUrl":"https:\/\/shop.bantam.ch\/wp-content\/uploads\/2022\/12\/bantam-logo.png","width":320,"height":71,"caption":"Bantam Wankm\u00fcller SA"},"image":{"@id":"https:\/\/shop.bantam.ch\/fr\/#\/schema\/logo\/image\/"}}]}},"_links":{"self":[{"href":"https:\/\/shop.bantam.ch\/fr\/wp-json\/wp\/v2\/product\/97987","targetHints":{"allow":["GET"]}}],"collection":[{"href":"https:\/\/shop.bantam.ch\/fr\/wp-json\/wp\/v2\/product"}],"about":[{"href":"https:\/\/shop.bantam.ch\/fr\/wp-json\/wp\/v2\/types\/product"}],"wp:featuredmedia":[{"embeddable":true,"href":"https:\/\/shop.bantam.ch\/fr\/wp-json\/wp\/v2\/media\/97985"}],"wp:attachment":[{"href":"https:\/\/shop.bantam.ch\/fr\/wp-json\/wp\/v2\/media?parent=97987"}],"wp:term":[{"taxonomy":"product_featured_cat","embeddable":true,"href":"https:\/\/shop.bantam.ch\/fr\/wp-json\/wp\/v2\/product_featured_cat?post=97987"},{"taxonomy":"product_brand","embeddable":true,"href":"https:\/\/shop.bantam.ch\/fr\/wp-json\/wp\/v2\/product_brand?post=97987"},{"taxonomy":"product_cat","embeddable":true,"href":"https:\/\/shop.bantam.ch\/fr\/wp-json\/wp\/v2\/product_cat?post=97987"},{"taxonomy":"product_tag","embeddable":true,"href":"https:\/\/shop.bantam.ch\/fr\/wp-json\/wp\/v2\/product_tag?post=97987"}],"curies":[{"name":"wp","href":"https:\/\/api.w.org\/{rel}","templated":true}]}}