{"id":97953,"date":"2023-02-28T05:46:13","date_gmt":"2023-02-28T04:46:13","guid":{"rendered":"http:\/\/shop.bantam.ch\/produit\/sac-poubelle-flextrash-9-l-noir\/"},"modified":"2026-04-17T21:31:03","modified_gmt":"2026-04-17T19:31:03","slug":"sac-poubelle-flextrash-9-l-noir","status":"publish","type":"product","link":"https:\/\/shop.bantam.ch\/fr\/produit\/sac-poubelle-flextrash-9-l-noir\/","title":{"rendered":"Sac poub. Yachticon Flextrash 9\u00a0litres, noir"},"content":{"rendered":"<p>Flextrash est la corbeille \u00e0 papier modulaire pour toutes les situations\u00a0: en voiture, en bateau, en camping, \u00e0 la maison ou en d\u00e9placement. Le kit de base se compose du couvercle Flextrash, du sac ext\u00e9rieur d\u00e9coratif et du sac poubelle m\u00eame (2 sacs compris). Gr\u00e2ce aux clips intelligents (fixations), vous pouvez utiliser la poubelle Flextrash partout et dans toutes les situations.<\/p>\n<p>Mat\u00e9riau\u00a0:<br \/>Couvercle : ABS<br \/>Sac poubelle\u00a0: 100% polyester (en PET recycl\u00e9)<\/p>\n<p>Contenu de la livraison :<br \/>2 sacs poubelle compris<\/p>\n","protected":false},"excerpt":{"rendered":"<p>Flextrash est la corbeille \u00e0 papier modulaire pour toutes les situations\u00a0: en voiture, en bateau, en camping, \u00e0 la maison ou en d\u00e9placement. Le kit de base se compose du couvercle Flextrash, du sac ext\u00e9rieur d\u00e9coratif et du sac poubelle m\u00eame (2 sacs compris). Gr\u00e2ce aux clips intelligents (fixations), vous pouvez utiliser la poubelle Flextrash [&hellip;]<\/p>\n","protected":false},"featured_media":97947,"template":"","meta":{"_acf_changed":false},"product_featured_cat":[],"product_brand":[3164],"product_cat":[4287],"product_tag":[],"class_list":{"0":"post-97953","1":"product","2":"type-product","3":"status-publish","4":"has-post-thumbnail","6":"product_brand-yachticon","7":"product_cat-collecte-des-dechets","9":"first","10":"instock","11":"taxable","12":"shipping-taxable","13":"purchasable","14":"product-type-simple"},"acf":[],"yoast_head":"<!-- This site is optimized with the Yoast SEO plugin v27.4 - https:\/\/yoast.com\/product\/yoast-seo-wordpress\/ -->\n<title>Sac poub. Yachticon Flextrash 9\u00a0litres, noir - Bantam Wankm\u00fcller SA<\/title>\n<meta name=\"robots\" content=\"index, follow, max-snippet:-1, max-image-preview:large, max-video-preview:-1\" \/>\n<link rel=\"canonical\" href=\"https:\/\/shop.bantam.ch\/fr\/produit\/sac-poubelle-flextrash-9-l-noir\/\" \/>\n<meta property=\"og:locale\" content=\"fr_FR\" \/>\n<meta property=\"og:type\" content=\"article\" \/>\n<meta property=\"og:title\" content=\"Sac poub. Yachticon Flextrash 9\u00a0litres, noir - Bantam Wankm\u00fcller SA\" \/>\n<meta property=\"og:description\" content=\"Flextrash est la corbeille \u00e0 papier modulaire pour toutes les situations\u00a0: en voiture, en bateau, en camping, \u00e0 la maison ou en d\u00e9placement. Le kit de base se compose du couvercle Flextrash, du sac ext\u00e9rieur d\u00e9coratif et du sac poubelle m\u00eame (2 sacs compris). Gr\u00e2ce aux clips intelligents (fixations), vous pouvez utiliser la poubelle Flextrash [&hellip;]\" \/>\n<meta property=\"og:url\" content=\"https:\/\/shop.bantam.ch\/fr\/produit\/sac-poubelle-flextrash-9-l-noir\/\" \/>\n<meta property=\"og:site_name\" content=\"Bantam Wankm\u00fcller SA\" \/>\n<meta property=\"article:modified_time\" content=\"2026-04-17T19:31:03+00:00\" \/>\n<meta property=\"og:image\" content=\"https:\/\/shop.bantam.ch\/wp-content\/uploads\/2023\/02\/993277611.jpg\" \/>\n\t<meta property=\"og:image:width\" content=\"597\" \/>\n\t<meta property=\"og:image:height\" content=\"1000\" \/>\n\t<meta property=\"og:image:type\" content=\"image\/jpeg\" \/>\n<meta name=\"twitter:card\" content=\"summary_large_image\" \/>\n<script type=\"application\/ld+json\" class=\"yoast-schema-graph\">{\"@context\":\"https:\\\/\\\/schema.org\",\"@graph\":[{\"@type\":\"WebPage\",\"@id\":\"https:\\\/\\\/shop.bantam.ch\\\/fr\\\/produit\\\/sac-poubelle-flextrash-9-l-noir\\\/\",\"url\":\"https:\\\/\\\/shop.bantam.ch\\\/fr\\\/produit\\\/sac-poubelle-flextrash-9-l-noir\\\/\",\"name\":\"Sac poub. Yachticon Flextrash 9\u00a0litres, noir - Bantam Wankm\u00fcller SA\",\"isPartOf\":{\"@id\":\"https:\\\/\\\/shop.bantam.ch\\\/fr\\\/#website\"},\"primaryImageOfPage\":{\"@id\":\"https:\\\/\\\/shop.bantam.ch\\\/fr\\\/produit\\\/sac-poubelle-flextrash-9-l-noir\\\/#primaryimage\"},\"image\":{\"@id\":\"https:\\\/\\\/shop.bantam.ch\\\/fr\\\/produit\\\/sac-poubelle-flextrash-9-l-noir\\\/#primaryimage\"},\"thumbnailUrl\":\"https:\\\/\\\/shop.bantam.ch\\\/wp-content\\\/uploads\\\/2023\\\/02\\\/993277611.jpg\",\"datePublished\":\"2023-02-28T04:46:13+00:00\",\"dateModified\":\"2026-04-17T19:31:03+00:00\",\"breadcrumb\":{\"@id\":\"https:\\\/\\\/shop.bantam.ch\\\/fr\\\/produit\\\/sac-poubelle-flextrash-9-l-noir\\\/#breadcrumb\"},\"inLanguage\":\"fr-FR\",\"potentialAction\":[{\"@type\":\"ReadAction\",\"target\":[\"https:\\\/\\\/shop.bantam.ch\\\/fr\\\/produit\\\/sac-poubelle-flextrash-9-l-noir\\\/\"]}]},{\"@type\":\"ImageObject\",\"inLanguage\":\"fr-FR\",\"@id\":\"https:\\\/\\\/shop.bantam.ch\\\/fr\\\/produit\\\/sac-poubelle-flextrash-9-l-noir\\\/#primaryimage\",\"url\":\"https:\\\/\\\/shop.bantam.ch\\\/wp-content\\\/uploads\\\/2023\\\/02\\\/993277611.jpg\",\"contentUrl\":\"https:\\\/\\\/shop.bantam.ch\\\/wp-content\\\/uploads\\\/2023\\\/02\\\/993277611.jpg\",\"width\":597,\"height\":1000},{\"@type\":\"BreadcrumbList\",\"@id\":\"https:\\\/\\\/shop.bantam.ch\\\/fr\\\/produit\\\/sac-poubelle-flextrash-9-l-noir\\\/#breadcrumb\",\"itemListElement\":[{\"@type\":\"ListItem\",\"position\":1,\"name\":\"Accueil\",\"item\":\"https:\\\/\\\/shop.bantam.ch\\\/fr\\\/\"},{\"@type\":\"ListItem\",\"position\":2,\"name\":\"Boutique\",\"item\":\"https:\\\/\\\/shop.bantam.ch\\\/fr\\\/boutique\\\/\"},{\"@type\":\"ListItem\",\"position\":3,\"name\":\"Sac poub. Yachticon Flextrash 9\u00a0litres, noir\"}]},{\"@type\":\"WebSite\",\"@id\":\"https:\\\/\\\/shop.bantam.ch\\\/fr\\\/#website\",\"url\":\"https:\\\/\\\/shop.bantam.ch\\\/fr\\\/\",\"name\":\"Bantam Wankm\u00fcller SA\",\"description\":\"\",\"publisher\":{\"@id\":\"https:\\\/\\\/shop.bantam.ch\\\/fr\\\/#organization\"},\"inLanguage\":\"fr-FR\"},{\"@type\":\"Organization\",\"@id\":\"https:\\\/\\\/shop.bantam.ch\\\/fr\\\/#organization\",\"name\":\"Bantam Wankm\u00fcller SA\",\"url\":\"https:\\\/\\\/shop.bantam.ch\\\/fr\\\/\",\"logo\":{\"@type\":\"ImageObject\",\"inLanguage\":\"fr-FR\",\"@id\":\"https:\\\/\\\/shop.bantam.ch\\\/fr\\\/#\\\/schema\\\/logo\\\/image\\\/\",\"url\":\"https:\\\/\\\/shop.bantam.ch\\\/wp-content\\\/uploads\\\/2022\\\/12\\\/bantam-logo.png\",\"contentUrl\":\"https:\\\/\\\/shop.bantam.ch\\\/wp-content\\\/uploads\\\/2022\\\/12\\\/bantam-logo.png\",\"width\":320,\"height\":71,\"caption\":\"Bantam Wankm\u00fcller SA\"},\"image\":{\"@id\":\"https:\\\/\\\/shop.bantam.ch\\\/fr\\\/#\\\/schema\\\/logo\\\/image\\\/\"}}]}<\/script>\n<!-- \/ Yoast SEO plugin. -->","yoast_head_json":{"title":"Sac poub. Yachticon Flextrash 9\u00a0litres, noir - Bantam Wankm\u00fcller SA","robots":{"index":"index","follow":"follow","max-snippet":"max-snippet:-1","max-image-preview":"max-image-preview:large","max-video-preview":"max-video-preview:-1"},"canonical":"https:\/\/shop.bantam.ch\/fr\/produit\/sac-poubelle-flextrash-9-l-noir\/","og_locale":"fr_FR","og_type":"article","og_title":"Sac poub. Yachticon Flextrash 9\u00a0litres, noir - Bantam Wankm\u00fcller SA","og_description":"Flextrash est la corbeille \u00e0 papier modulaire pour toutes les situations\u00a0: en voiture, en bateau, en camping, \u00e0 la maison ou en d\u00e9placement. Le kit de base se compose du couvercle Flextrash, du sac ext\u00e9rieur d\u00e9coratif et du sac poubelle m\u00eame (2 sacs compris). Gr\u00e2ce aux clips intelligents (fixations), vous pouvez utiliser la poubelle Flextrash [&hellip;]","og_url":"https:\/\/shop.bantam.ch\/fr\/produit\/sac-poubelle-flextrash-9-l-noir\/","og_site_name":"Bantam Wankm\u00fcller SA","article_modified_time":"2026-04-17T19:31:03+00:00","og_image":[{"width":597,"height":1000,"url":"https:\/\/shop.bantam.ch\/wp-content\/uploads\/2023\/02\/993277611.jpg","type":"image\/jpeg"}],"twitter_card":"summary_large_image","schema":{"@context":"https:\/\/schema.org","@graph":[{"@type":"WebPage","@id":"https:\/\/shop.bantam.ch\/fr\/produit\/sac-poubelle-flextrash-9-l-noir\/","url":"https:\/\/shop.bantam.ch\/fr\/produit\/sac-poubelle-flextrash-9-l-noir\/","name":"Sac poub. Yachticon Flextrash 9\u00a0litres, noir - Bantam Wankm\u00fcller SA","isPartOf":{"@id":"https:\/\/shop.bantam.ch\/fr\/#website"},"primaryImageOfPage":{"@id":"https:\/\/shop.bantam.ch\/fr\/produit\/sac-poubelle-flextrash-9-l-noir\/#primaryimage"},"image":{"@id":"https:\/\/shop.bantam.ch\/fr\/produit\/sac-poubelle-flextrash-9-l-noir\/#primaryimage"},"thumbnailUrl":"https:\/\/shop.bantam.ch\/wp-content\/uploads\/2023\/02\/993277611.jpg","datePublished":"2023-02-28T04:46:13+00:00","dateModified":"2026-04-17T19:31:03+00:00","breadcrumb":{"@id":"https:\/\/shop.bantam.ch\/fr\/produit\/sac-poubelle-flextrash-9-l-noir\/#breadcrumb"},"inLanguage":"fr-FR","potentialAction":[{"@type":"ReadAction","target":["https:\/\/shop.bantam.ch\/fr\/produit\/sac-poubelle-flextrash-9-l-noir\/"]}]},{"@type":"ImageObject","inLanguage":"fr-FR","@id":"https:\/\/shop.bantam.ch\/fr\/produit\/sac-poubelle-flextrash-9-l-noir\/#primaryimage","url":"https:\/\/shop.bantam.ch\/wp-content\/uploads\/2023\/02\/993277611.jpg","contentUrl":"https:\/\/shop.bantam.ch\/wp-content\/uploads\/2023\/02\/993277611.jpg","width":597,"height":1000},{"@type":"BreadcrumbList","@id":"https:\/\/shop.bantam.ch\/fr\/produit\/sac-poubelle-flextrash-9-l-noir\/#breadcrumb","itemListElement":[{"@type":"ListItem","position":1,"name":"Accueil","item":"https:\/\/shop.bantam.ch\/fr\/"},{"@type":"ListItem","position":2,"name":"Boutique","item":"https:\/\/shop.bantam.ch\/fr\/boutique\/"},{"@type":"ListItem","position":3,"name":"Sac poub. Yachticon Flextrash 9\u00a0litres, noir"}]},{"@type":"WebSite","@id":"https:\/\/shop.bantam.ch\/fr\/#website","url":"https:\/\/shop.bantam.ch\/fr\/","name":"Bantam Wankm\u00fcller SA","description":"","publisher":{"@id":"https:\/\/shop.bantam.ch\/fr\/#organization"},"inLanguage":"fr-FR"},{"@type":"Organization","@id":"https:\/\/shop.bantam.ch\/fr\/#organization","name":"Bantam Wankm\u00fcller SA","url":"https:\/\/shop.bantam.ch\/fr\/","logo":{"@type":"ImageObject","inLanguage":"fr-FR","@id":"https:\/\/shop.bantam.ch\/fr\/#\/schema\/logo\/image\/","url":"https:\/\/shop.bantam.ch\/wp-content\/uploads\/2022\/12\/bantam-logo.png","contentUrl":"https:\/\/shop.bantam.ch\/wp-content\/uploads\/2022\/12\/bantam-logo.png","width":320,"height":71,"caption":"Bantam Wankm\u00fcller SA"},"image":{"@id":"https:\/\/shop.bantam.ch\/fr\/#\/schema\/logo\/image\/"}}]}},"_links":{"self":[{"href":"https:\/\/shop.bantam.ch\/fr\/wp-json\/wp\/v2\/product\/97953","targetHints":{"allow":["GET"]}}],"collection":[{"href":"https:\/\/shop.bantam.ch\/fr\/wp-json\/wp\/v2\/product"}],"about":[{"href":"https:\/\/shop.bantam.ch\/fr\/wp-json\/wp\/v2\/types\/product"}],"wp:featuredmedia":[{"embeddable":true,"href":"https:\/\/shop.bantam.ch\/fr\/wp-json\/wp\/v2\/media\/97947"}],"wp:attachment":[{"href":"https:\/\/shop.bantam.ch\/fr\/wp-json\/wp\/v2\/media?parent=97953"}],"wp:term":[{"taxonomy":"product_featured_cat","embeddable":true,"href":"https:\/\/shop.bantam.ch\/fr\/wp-json\/wp\/v2\/product_featured_cat?post=97953"},{"taxonomy":"product_brand","embeddable":true,"href":"https:\/\/shop.bantam.ch\/fr\/wp-json\/wp\/v2\/product_brand?post=97953"},{"taxonomy":"product_cat","embeddable":true,"href":"https:\/\/shop.bantam.ch\/fr\/wp-json\/wp\/v2\/product_cat?post=97953"},{"taxonomy":"product_tag","embeddable":true,"href":"https:\/\/shop.bantam.ch\/fr\/wp-json\/wp\/v2\/product_tag?post=97953"}],"curies":[{"name":"wp","href":"https:\/\/api.w.org\/{rel}","templated":true}]}}