{"id":97919,"date":"2023-02-28T05:45:12","date_gmt":"2023-02-28T04:45:12","guid":{"rendered":"http:\/\/shop.bantam.ch\/produit\/repartiteur-compact-cee\/"},"modified":"2026-04-18T21:31:50","modified_gmt":"2026-04-18T19:31:50","slug":"repartiteur-compact-cee","status":"publish","type":"product","link":"https:\/\/shop.bantam.ch\/fr\/produit\/repartiteur-compact-cee\/","title":{"rendered":"R\u00e9partiteur compact CEE 16 A \/ 230 V"},"content":{"rendered":"<p>Distributeur de courant pour camping Zwickau Bo\u00eetier en plastique ultra r\u00e9sistant, <br \/>Entr\u00e9e : Fiche CEE &#8211; 3 p\u00f4les 230 V \/ 16 A, <br \/>Sortie : 3 x prises de courant de s\u00e9curit\u00e9 230 V \/ 16 A, <br \/>IP44, test\u00e9 selon VDE 0620-1, VDE 0285-525-2-21, IEC 60309.<\/p>\n<p>Protection anti-\u00e9claboussures JPX4<\/p>\n","protected":false},"excerpt":{"rendered":"<p>Distributeur de courant pour camping Zwickau Bo\u00eetier en plastique ultra r\u00e9sistant, Entr\u00e9e : Fiche CEE &#8211; 3 p\u00f4les 230 V \/ 16 A, Sortie : 3 x prises de courant de s\u00e9curit\u00e9 230 V \/ 16 A, IP44, test\u00e9 selon VDE 0620-1, VDE 0285-525-2-21, IEC 60309. Protection anti-\u00e9claboussures JPX4<\/p>\n","protected":false},"featured_media":97917,"template":"","meta":{"_acf_changed":false},"product_featured_cat":[],"product_brand":[3180],"product_cat":[4869],"product_tag":[],"class_list":{"0":"post-97919","1":"product","2":"type-product","3":"status-publish","4":"has-post-thumbnail","6":"product_brand-weingartner","7":"product_cat-fiches-et-adaptateurs-cee","9":"first","10":"instock","11":"taxable","12":"shipping-taxable","13":"purchasable","14":"product-type-simple"},"acf":[],"yoast_head":"<!-- This site is optimized with the Yoast SEO plugin v27.4 - https:\/\/yoast.com\/product\/yoast-seo-wordpress\/ -->\n<title>R\u00e9partiteur compact CEE 16 A \/ 230 V - Bantam Wankm\u00fcller SA<\/title>\n<meta name=\"robots\" content=\"index, follow, max-snippet:-1, max-image-preview:large, max-video-preview:-1\" \/>\n<link rel=\"canonical\" href=\"https:\/\/shop.bantam.ch\/fr\/produit\/repartiteur-compact-cee\/\" \/>\n<meta property=\"og:locale\" content=\"fr_FR\" \/>\n<meta property=\"og:type\" content=\"article\" \/>\n<meta property=\"og:title\" content=\"R\u00e9partiteur compact CEE 16 A \/ 230 V - Bantam Wankm\u00fcller SA\" \/>\n<meta property=\"og:description\" content=\"Distributeur de courant pour camping Zwickau Bo\u00eetier en plastique ultra r\u00e9sistant, Entr\u00e9e : Fiche CEE &#8211; 3 p\u00f4les 230 V \/ 16 A, Sortie : 3 x prises de courant de s\u00e9curit\u00e9 230 V \/ 16 A, IP44, test\u00e9 selon VDE 0620-1, VDE 0285-525-2-21, IEC 60309. Protection anti-\u00e9claboussures JPX4\" \/>\n<meta property=\"og:url\" content=\"https:\/\/shop.bantam.ch\/fr\/produit\/repartiteur-compact-cee\/\" \/>\n<meta property=\"og:site_name\" content=\"Bantam Wankm\u00fcller SA\" \/>\n<meta property=\"article:modified_time\" content=\"2026-04-18T19:31:50+00:00\" \/>\n<meta property=\"og:image\" content=\"https:\/\/shop.bantam.ch\/wp-content\/uploads\/2023\/02\/9960335-100-1-3.jpg\" \/>\n\t<meta property=\"og:image:width\" content=\"1000\" \/>\n\t<meta property=\"og:image:height\" content=\"809\" \/>\n\t<meta property=\"og:image:type\" content=\"image\/jpeg\" \/>\n<meta name=\"twitter:card\" content=\"summary_large_image\" \/>\n<script type=\"application\/ld+json\" class=\"yoast-schema-graph\">{\"@context\":\"https:\\\/\\\/schema.org\",\"@graph\":[{\"@type\":\"WebPage\",\"@id\":\"https:\\\/\\\/shop.bantam.ch\\\/fr\\\/produit\\\/repartiteur-compact-cee\\\/\",\"url\":\"https:\\\/\\\/shop.bantam.ch\\\/fr\\\/produit\\\/repartiteur-compact-cee\\\/\",\"name\":\"R\u00e9partiteur compact CEE 16 A \\\/ 230 V - Bantam Wankm\u00fcller SA\",\"isPartOf\":{\"@id\":\"https:\\\/\\\/shop.bantam.ch\\\/fr\\\/#website\"},\"primaryImageOfPage\":{\"@id\":\"https:\\\/\\\/shop.bantam.ch\\\/fr\\\/produit\\\/repartiteur-compact-cee\\\/#primaryimage\"},\"image\":{\"@id\":\"https:\\\/\\\/shop.bantam.ch\\\/fr\\\/produit\\\/repartiteur-compact-cee\\\/#primaryimage\"},\"thumbnailUrl\":\"https:\\\/\\\/shop.bantam.ch\\\/wp-content\\\/uploads\\\/2023\\\/02\\\/9960335-100-1-3.jpg\",\"datePublished\":\"2023-02-28T04:45:12+00:00\",\"dateModified\":\"2026-04-18T19:31:50+00:00\",\"breadcrumb\":{\"@id\":\"https:\\\/\\\/shop.bantam.ch\\\/fr\\\/produit\\\/repartiteur-compact-cee\\\/#breadcrumb\"},\"inLanguage\":\"fr-FR\",\"potentialAction\":[{\"@type\":\"ReadAction\",\"target\":[\"https:\\\/\\\/shop.bantam.ch\\\/fr\\\/produit\\\/repartiteur-compact-cee\\\/\"]}]},{\"@type\":\"ImageObject\",\"inLanguage\":\"fr-FR\",\"@id\":\"https:\\\/\\\/shop.bantam.ch\\\/fr\\\/produit\\\/repartiteur-compact-cee\\\/#primaryimage\",\"url\":\"https:\\\/\\\/shop.bantam.ch\\\/wp-content\\\/uploads\\\/2023\\\/02\\\/9960335-100-1-3.jpg\",\"contentUrl\":\"https:\\\/\\\/shop.bantam.ch\\\/wp-content\\\/uploads\\\/2023\\\/02\\\/9960335-100-1-3.jpg\",\"width\":1000,\"height\":809},{\"@type\":\"BreadcrumbList\",\"@id\":\"https:\\\/\\\/shop.bantam.ch\\\/fr\\\/produit\\\/repartiteur-compact-cee\\\/#breadcrumb\",\"itemListElement\":[{\"@type\":\"ListItem\",\"position\":1,\"name\":\"Accueil\",\"item\":\"https:\\\/\\\/shop.bantam.ch\\\/fr\\\/\"},{\"@type\":\"ListItem\",\"position\":2,\"name\":\"Boutique\",\"item\":\"https:\\\/\\\/shop.bantam.ch\\\/fr\\\/boutique\\\/\"},{\"@type\":\"ListItem\",\"position\":3,\"name\":\"R\u00e9partiteur compact CEE 16 A \\\/ 230 V\"}]},{\"@type\":\"WebSite\",\"@id\":\"https:\\\/\\\/shop.bantam.ch\\\/fr\\\/#website\",\"url\":\"https:\\\/\\\/shop.bantam.ch\\\/fr\\\/\",\"name\":\"Bantam Wankm\u00fcller SA\",\"description\":\"\",\"publisher\":{\"@id\":\"https:\\\/\\\/shop.bantam.ch\\\/fr\\\/#organization\"},\"inLanguage\":\"fr-FR\"},{\"@type\":\"Organization\",\"@id\":\"https:\\\/\\\/shop.bantam.ch\\\/fr\\\/#organization\",\"name\":\"Bantam Wankm\u00fcller SA\",\"url\":\"https:\\\/\\\/shop.bantam.ch\\\/fr\\\/\",\"logo\":{\"@type\":\"ImageObject\",\"inLanguage\":\"fr-FR\",\"@id\":\"https:\\\/\\\/shop.bantam.ch\\\/fr\\\/#\\\/schema\\\/logo\\\/image\\\/\",\"url\":\"https:\\\/\\\/shop.bantam.ch\\\/wp-content\\\/uploads\\\/2022\\\/12\\\/bantam-logo.png\",\"contentUrl\":\"https:\\\/\\\/shop.bantam.ch\\\/wp-content\\\/uploads\\\/2022\\\/12\\\/bantam-logo.png\",\"width\":320,\"height\":71,\"caption\":\"Bantam Wankm\u00fcller SA\"},\"image\":{\"@id\":\"https:\\\/\\\/shop.bantam.ch\\\/fr\\\/#\\\/schema\\\/logo\\\/image\\\/\"}}]}<\/script>\n<!-- \/ Yoast SEO plugin. -->","yoast_head_json":{"title":"R\u00e9partiteur compact CEE 16 A \/ 230 V - Bantam Wankm\u00fcller SA","robots":{"index":"index","follow":"follow","max-snippet":"max-snippet:-1","max-image-preview":"max-image-preview:large","max-video-preview":"max-video-preview:-1"},"canonical":"https:\/\/shop.bantam.ch\/fr\/produit\/repartiteur-compact-cee\/","og_locale":"fr_FR","og_type":"article","og_title":"R\u00e9partiteur compact CEE 16 A \/ 230 V - Bantam Wankm\u00fcller SA","og_description":"Distributeur de courant pour camping Zwickau Bo\u00eetier en plastique ultra r\u00e9sistant, Entr\u00e9e : Fiche CEE &#8211; 3 p\u00f4les 230 V \/ 16 A, Sortie : 3 x prises de courant de s\u00e9curit\u00e9 230 V \/ 16 A, IP44, test\u00e9 selon VDE 0620-1, VDE 0285-525-2-21, IEC 60309. Protection anti-\u00e9claboussures JPX4","og_url":"https:\/\/shop.bantam.ch\/fr\/produit\/repartiteur-compact-cee\/","og_site_name":"Bantam Wankm\u00fcller SA","article_modified_time":"2026-04-18T19:31:50+00:00","og_image":[{"width":1000,"height":809,"url":"https:\/\/shop.bantam.ch\/wp-content\/uploads\/2023\/02\/9960335-100-1-3.jpg","type":"image\/jpeg"}],"twitter_card":"summary_large_image","schema":{"@context":"https:\/\/schema.org","@graph":[{"@type":"WebPage","@id":"https:\/\/shop.bantam.ch\/fr\/produit\/repartiteur-compact-cee\/","url":"https:\/\/shop.bantam.ch\/fr\/produit\/repartiteur-compact-cee\/","name":"R\u00e9partiteur compact CEE 16 A \/ 230 V - Bantam Wankm\u00fcller SA","isPartOf":{"@id":"https:\/\/shop.bantam.ch\/fr\/#website"},"primaryImageOfPage":{"@id":"https:\/\/shop.bantam.ch\/fr\/produit\/repartiteur-compact-cee\/#primaryimage"},"image":{"@id":"https:\/\/shop.bantam.ch\/fr\/produit\/repartiteur-compact-cee\/#primaryimage"},"thumbnailUrl":"https:\/\/shop.bantam.ch\/wp-content\/uploads\/2023\/02\/9960335-100-1-3.jpg","datePublished":"2023-02-28T04:45:12+00:00","dateModified":"2026-04-18T19:31:50+00:00","breadcrumb":{"@id":"https:\/\/shop.bantam.ch\/fr\/produit\/repartiteur-compact-cee\/#breadcrumb"},"inLanguage":"fr-FR","potentialAction":[{"@type":"ReadAction","target":["https:\/\/shop.bantam.ch\/fr\/produit\/repartiteur-compact-cee\/"]}]},{"@type":"ImageObject","inLanguage":"fr-FR","@id":"https:\/\/shop.bantam.ch\/fr\/produit\/repartiteur-compact-cee\/#primaryimage","url":"https:\/\/shop.bantam.ch\/wp-content\/uploads\/2023\/02\/9960335-100-1-3.jpg","contentUrl":"https:\/\/shop.bantam.ch\/wp-content\/uploads\/2023\/02\/9960335-100-1-3.jpg","width":1000,"height":809},{"@type":"BreadcrumbList","@id":"https:\/\/shop.bantam.ch\/fr\/produit\/repartiteur-compact-cee\/#breadcrumb","itemListElement":[{"@type":"ListItem","position":1,"name":"Accueil","item":"https:\/\/shop.bantam.ch\/fr\/"},{"@type":"ListItem","position":2,"name":"Boutique","item":"https:\/\/shop.bantam.ch\/fr\/boutique\/"},{"@type":"ListItem","position":3,"name":"R\u00e9partiteur compact CEE 16 A \/ 230 V"}]},{"@type":"WebSite","@id":"https:\/\/shop.bantam.ch\/fr\/#website","url":"https:\/\/shop.bantam.ch\/fr\/","name":"Bantam Wankm\u00fcller SA","description":"","publisher":{"@id":"https:\/\/shop.bantam.ch\/fr\/#organization"},"inLanguage":"fr-FR"},{"@type":"Organization","@id":"https:\/\/shop.bantam.ch\/fr\/#organization","name":"Bantam Wankm\u00fcller SA","url":"https:\/\/shop.bantam.ch\/fr\/","logo":{"@type":"ImageObject","inLanguage":"fr-FR","@id":"https:\/\/shop.bantam.ch\/fr\/#\/schema\/logo\/image\/","url":"https:\/\/shop.bantam.ch\/wp-content\/uploads\/2022\/12\/bantam-logo.png","contentUrl":"https:\/\/shop.bantam.ch\/wp-content\/uploads\/2022\/12\/bantam-logo.png","width":320,"height":71,"caption":"Bantam Wankm\u00fcller SA"},"image":{"@id":"https:\/\/shop.bantam.ch\/fr\/#\/schema\/logo\/image\/"}}]}},"_links":{"self":[{"href":"https:\/\/shop.bantam.ch\/fr\/wp-json\/wp\/v2\/product\/97919","targetHints":{"allow":["GET"]}}],"collection":[{"href":"https:\/\/shop.bantam.ch\/fr\/wp-json\/wp\/v2\/product"}],"about":[{"href":"https:\/\/shop.bantam.ch\/fr\/wp-json\/wp\/v2\/types\/product"}],"wp:featuredmedia":[{"embeddable":true,"href":"https:\/\/shop.bantam.ch\/fr\/wp-json\/wp\/v2\/media\/97917"}],"wp:attachment":[{"href":"https:\/\/shop.bantam.ch\/fr\/wp-json\/wp\/v2\/media?parent=97919"}],"wp:term":[{"taxonomy":"product_featured_cat","embeddable":true,"href":"https:\/\/shop.bantam.ch\/fr\/wp-json\/wp\/v2\/product_featured_cat?post=97919"},{"taxonomy":"product_brand","embeddable":true,"href":"https:\/\/shop.bantam.ch\/fr\/wp-json\/wp\/v2\/product_brand?post=97919"},{"taxonomy":"product_cat","embeddable":true,"href":"https:\/\/shop.bantam.ch\/fr\/wp-json\/wp\/v2\/product_cat?post=97919"},{"taxonomy":"product_tag","embeddable":true,"href":"https:\/\/shop.bantam.ch\/fr\/wp-json\/wp\/v2\/product_tag?post=97919"}],"curies":[{"name":"wp","href":"https:\/\/api.w.org\/{rel}","templated":true}]}}