{"id":97901,"date":"2023-02-28T05:44:44","date_gmt":"2023-02-28T04:44:44","guid":{"rendered":"http:\/\/shop.bantam.ch\/produit\/kit-mise-a-niveau-du-rail-de-velo-pour-les-velos-electriques\/"},"modified":"2026-04-17T21:30:55","modified_gmt":"2026-04-17T19:30:55","slug":"kit-mise-a-niveau-du-rail-de-velo-pour-les-velos-electriques","status":"publish","type":"product","link":"https:\/\/shop.bantam.ch\/fr\/produit\/kit-mise-a-niveau-du-rail-de-velo-pour-les-velos-electriques\/","title":{"rendered":"Kit mise \u00e0 niveau du rail de v\u00e9lo pour les v\u00e9los \u00e9lectriques"},"content":{"rendered":"<p>Vous poss\u00e9dez un v\u00e9lo \u00e9lectrique et vous avez d\u00e9j\u00e0 achet\u00e9 un mod\u00e8le PRO\u00a0? Vous pouvez le transformer en porte-v\u00e9los pour v\u00e9los \u00e9lectriques gr\u00e2ce au kit de mise \u00e0 niveau.<\/p>\n","protected":false},"excerpt":{"rendered":"<p>Vous poss\u00e9dez un v\u00e9lo \u00e9lectrique et vous avez d\u00e9j\u00e0 achet\u00e9 un mod\u00e8le PRO\u00a0? Vous pouvez le transformer en porte-v\u00e9los pour v\u00e9los \u00e9lectriques gr\u00e2ce au kit de mise \u00e0 niveau.<\/p>\n","protected":false},"featured_media":97899,"template":"","meta":{"_acf_changed":false},"product_featured_cat":[],"product_brand":[3034],"product_cat":[4689],"product_tag":[],"class_list":{"0":"post-97901","1":"product","2":"type-product","3":"status-publish","4":"has-post-thumbnail","6":"product_brand-fiamma","7":"product_cat-supports-pour-velos-et-rails","9":"first","10":"instock","11":"taxable","12":"shipping-taxable","13":"purchasable","14":"product-type-simple"},"acf":[],"yoast_head":"<!-- This site is optimized with the Yoast SEO plugin v27.4 - https:\/\/yoast.com\/product\/yoast-seo-wordpress\/ -->\n<title>Kit mise \u00e0 niveau du rail de v\u00e9lo pour les v\u00e9los \u00e9lectriques - Bantam Wankm\u00fcller SA<\/title>\n<meta name=\"robots\" content=\"index, follow, max-snippet:-1, max-image-preview:large, max-video-preview:-1\" \/>\n<link rel=\"canonical\" href=\"https:\/\/shop.bantam.ch\/fr\/produit\/kit-mise-a-niveau-du-rail-de-velo-pour-les-velos-electriques\/\" \/>\n<meta property=\"og:locale\" content=\"fr_FR\" \/>\n<meta property=\"og:type\" content=\"article\" \/>\n<meta property=\"og:title\" content=\"Kit mise \u00e0 niveau du rail de v\u00e9lo pour les v\u00e9los \u00e9lectriques - Bantam Wankm\u00fcller SA\" \/>\n<meta property=\"og:description\" content=\"Vous poss\u00e9dez un v\u00e9lo \u00e9lectrique et vous avez d\u00e9j\u00e0 achet\u00e9 un mod\u00e8le PRO\u00a0? Vous pouvez le transformer en porte-v\u00e9los pour v\u00e9los \u00e9lectriques gr\u00e2ce au kit de mise \u00e0 niveau.\" \/>\n<meta property=\"og:url\" content=\"https:\/\/shop.bantam.ch\/fr\/produit\/kit-mise-a-niveau-du-rail-de-velo-pour-les-velos-electriques\/\" \/>\n<meta property=\"og:site_name\" content=\"Bantam Wankm\u00fcller SA\" \/>\n<meta property=\"article:modified_time\" content=\"2026-04-17T19:30:55+00:00\" \/>\n<meta property=\"og:image\" content=\"https:\/\/shop.bantam.ch\/wp-content\/uploads\/2023\/02\/993529011.jpg\" \/>\n\t<meta property=\"og:image:width\" content=\"1000\" \/>\n\t<meta property=\"og:image:height\" content=\"325\" \/>\n\t<meta property=\"og:image:type\" content=\"image\/jpeg\" \/>\n<meta name=\"twitter:card\" content=\"summary_large_image\" \/>\n<script type=\"application\/ld+json\" class=\"yoast-schema-graph\">{\"@context\":\"https:\\\/\\\/schema.org\",\"@graph\":[{\"@type\":\"WebPage\",\"@id\":\"https:\\\/\\\/shop.bantam.ch\\\/fr\\\/produit\\\/kit-mise-a-niveau-du-rail-de-velo-pour-les-velos-electriques\\\/\",\"url\":\"https:\\\/\\\/shop.bantam.ch\\\/fr\\\/produit\\\/kit-mise-a-niveau-du-rail-de-velo-pour-les-velos-electriques\\\/\",\"name\":\"Kit mise \u00e0 niveau du rail de v\u00e9lo pour les v\u00e9los \u00e9lectriques - Bantam Wankm\u00fcller SA\",\"isPartOf\":{\"@id\":\"https:\\\/\\\/shop.bantam.ch\\\/fr\\\/#website\"},\"primaryImageOfPage\":{\"@id\":\"https:\\\/\\\/shop.bantam.ch\\\/fr\\\/produit\\\/kit-mise-a-niveau-du-rail-de-velo-pour-les-velos-electriques\\\/#primaryimage\"},\"image\":{\"@id\":\"https:\\\/\\\/shop.bantam.ch\\\/fr\\\/produit\\\/kit-mise-a-niveau-du-rail-de-velo-pour-les-velos-electriques\\\/#primaryimage\"},\"thumbnailUrl\":\"https:\\\/\\\/shop.bantam.ch\\\/wp-content\\\/uploads\\\/2023\\\/02\\\/993529011.jpg\",\"datePublished\":\"2023-02-28T04:44:44+00:00\",\"dateModified\":\"2026-04-17T19:30:55+00:00\",\"breadcrumb\":{\"@id\":\"https:\\\/\\\/shop.bantam.ch\\\/fr\\\/produit\\\/kit-mise-a-niveau-du-rail-de-velo-pour-les-velos-electriques\\\/#breadcrumb\"},\"inLanguage\":\"fr-FR\",\"potentialAction\":[{\"@type\":\"ReadAction\",\"target\":[\"https:\\\/\\\/shop.bantam.ch\\\/fr\\\/produit\\\/kit-mise-a-niveau-du-rail-de-velo-pour-les-velos-electriques\\\/\"]}]},{\"@type\":\"ImageObject\",\"inLanguage\":\"fr-FR\",\"@id\":\"https:\\\/\\\/shop.bantam.ch\\\/fr\\\/produit\\\/kit-mise-a-niveau-du-rail-de-velo-pour-les-velos-electriques\\\/#primaryimage\",\"url\":\"https:\\\/\\\/shop.bantam.ch\\\/wp-content\\\/uploads\\\/2023\\\/02\\\/993529011.jpg\",\"contentUrl\":\"https:\\\/\\\/shop.bantam.ch\\\/wp-content\\\/uploads\\\/2023\\\/02\\\/993529011.jpg\",\"width\":1000,\"height\":325},{\"@type\":\"BreadcrumbList\",\"@id\":\"https:\\\/\\\/shop.bantam.ch\\\/fr\\\/produit\\\/kit-mise-a-niveau-du-rail-de-velo-pour-les-velos-electriques\\\/#breadcrumb\",\"itemListElement\":[{\"@type\":\"ListItem\",\"position\":1,\"name\":\"Accueil\",\"item\":\"https:\\\/\\\/shop.bantam.ch\\\/fr\\\/\"},{\"@type\":\"ListItem\",\"position\":2,\"name\":\"Boutique\",\"item\":\"https:\\\/\\\/shop.bantam.ch\\\/fr\\\/boutique\\\/\"},{\"@type\":\"ListItem\",\"position\":3,\"name\":\"Kit mise \u00e0 niveau du rail de v\u00e9lo pour les v\u00e9los \u00e9lectriques\"}]},{\"@type\":\"WebSite\",\"@id\":\"https:\\\/\\\/shop.bantam.ch\\\/fr\\\/#website\",\"url\":\"https:\\\/\\\/shop.bantam.ch\\\/fr\\\/\",\"name\":\"Bantam Wankm\u00fcller SA\",\"description\":\"\",\"publisher\":{\"@id\":\"https:\\\/\\\/shop.bantam.ch\\\/fr\\\/#organization\"},\"inLanguage\":\"fr-FR\"},{\"@type\":\"Organization\",\"@id\":\"https:\\\/\\\/shop.bantam.ch\\\/fr\\\/#organization\",\"name\":\"Bantam Wankm\u00fcller SA\",\"url\":\"https:\\\/\\\/shop.bantam.ch\\\/fr\\\/\",\"logo\":{\"@type\":\"ImageObject\",\"inLanguage\":\"fr-FR\",\"@id\":\"https:\\\/\\\/shop.bantam.ch\\\/fr\\\/#\\\/schema\\\/logo\\\/image\\\/\",\"url\":\"https:\\\/\\\/shop.bantam.ch\\\/wp-content\\\/uploads\\\/2022\\\/12\\\/bantam-logo.png\",\"contentUrl\":\"https:\\\/\\\/shop.bantam.ch\\\/wp-content\\\/uploads\\\/2022\\\/12\\\/bantam-logo.png\",\"width\":320,\"height\":71,\"caption\":\"Bantam Wankm\u00fcller SA\"},\"image\":{\"@id\":\"https:\\\/\\\/shop.bantam.ch\\\/fr\\\/#\\\/schema\\\/logo\\\/image\\\/\"}}]}<\/script>\n<!-- \/ Yoast SEO plugin. -->","yoast_head_json":{"title":"Kit mise \u00e0 niveau du rail de v\u00e9lo pour les v\u00e9los \u00e9lectriques - Bantam Wankm\u00fcller SA","robots":{"index":"index","follow":"follow","max-snippet":"max-snippet:-1","max-image-preview":"max-image-preview:large","max-video-preview":"max-video-preview:-1"},"canonical":"https:\/\/shop.bantam.ch\/fr\/produit\/kit-mise-a-niveau-du-rail-de-velo-pour-les-velos-electriques\/","og_locale":"fr_FR","og_type":"article","og_title":"Kit mise \u00e0 niveau du rail de v\u00e9lo pour les v\u00e9los \u00e9lectriques - Bantam Wankm\u00fcller SA","og_description":"Vous poss\u00e9dez un v\u00e9lo \u00e9lectrique et vous avez d\u00e9j\u00e0 achet\u00e9 un mod\u00e8le PRO\u00a0? Vous pouvez le transformer en porte-v\u00e9los pour v\u00e9los \u00e9lectriques gr\u00e2ce au kit de mise \u00e0 niveau.","og_url":"https:\/\/shop.bantam.ch\/fr\/produit\/kit-mise-a-niveau-du-rail-de-velo-pour-les-velos-electriques\/","og_site_name":"Bantam Wankm\u00fcller SA","article_modified_time":"2026-04-17T19:30:55+00:00","og_image":[{"width":1000,"height":325,"url":"https:\/\/shop.bantam.ch\/wp-content\/uploads\/2023\/02\/993529011.jpg","type":"image\/jpeg"}],"twitter_card":"summary_large_image","schema":{"@context":"https:\/\/schema.org","@graph":[{"@type":"WebPage","@id":"https:\/\/shop.bantam.ch\/fr\/produit\/kit-mise-a-niveau-du-rail-de-velo-pour-les-velos-electriques\/","url":"https:\/\/shop.bantam.ch\/fr\/produit\/kit-mise-a-niveau-du-rail-de-velo-pour-les-velos-electriques\/","name":"Kit mise \u00e0 niveau du rail de v\u00e9lo pour les v\u00e9los \u00e9lectriques - Bantam Wankm\u00fcller SA","isPartOf":{"@id":"https:\/\/shop.bantam.ch\/fr\/#website"},"primaryImageOfPage":{"@id":"https:\/\/shop.bantam.ch\/fr\/produit\/kit-mise-a-niveau-du-rail-de-velo-pour-les-velos-electriques\/#primaryimage"},"image":{"@id":"https:\/\/shop.bantam.ch\/fr\/produit\/kit-mise-a-niveau-du-rail-de-velo-pour-les-velos-electriques\/#primaryimage"},"thumbnailUrl":"https:\/\/shop.bantam.ch\/wp-content\/uploads\/2023\/02\/993529011.jpg","datePublished":"2023-02-28T04:44:44+00:00","dateModified":"2026-04-17T19:30:55+00:00","breadcrumb":{"@id":"https:\/\/shop.bantam.ch\/fr\/produit\/kit-mise-a-niveau-du-rail-de-velo-pour-les-velos-electriques\/#breadcrumb"},"inLanguage":"fr-FR","potentialAction":[{"@type":"ReadAction","target":["https:\/\/shop.bantam.ch\/fr\/produit\/kit-mise-a-niveau-du-rail-de-velo-pour-les-velos-electriques\/"]}]},{"@type":"ImageObject","inLanguage":"fr-FR","@id":"https:\/\/shop.bantam.ch\/fr\/produit\/kit-mise-a-niveau-du-rail-de-velo-pour-les-velos-electriques\/#primaryimage","url":"https:\/\/shop.bantam.ch\/wp-content\/uploads\/2023\/02\/993529011.jpg","contentUrl":"https:\/\/shop.bantam.ch\/wp-content\/uploads\/2023\/02\/993529011.jpg","width":1000,"height":325},{"@type":"BreadcrumbList","@id":"https:\/\/shop.bantam.ch\/fr\/produit\/kit-mise-a-niveau-du-rail-de-velo-pour-les-velos-electriques\/#breadcrumb","itemListElement":[{"@type":"ListItem","position":1,"name":"Accueil","item":"https:\/\/shop.bantam.ch\/fr\/"},{"@type":"ListItem","position":2,"name":"Boutique","item":"https:\/\/shop.bantam.ch\/fr\/boutique\/"},{"@type":"ListItem","position":3,"name":"Kit mise \u00e0 niveau du rail de v\u00e9lo pour les v\u00e9los \u00e9lectriques"}]},{"@type":"WebSite","@id":"https:\/\/shop.bantam.ch\/fr\/#website","url":"https:\/\/shop.bantam.ch\/fr\/","name":"Bantam Wankm\u00fcller SA","description":"","publisher":{"@id":"https:\/\/shop.bantam.ch\/fr\/#organization"},"inLanguage":"fr-FR"},{"@type":"Organization","@id":"https:\/\/shop.bantam.ch\/fr\/#organization","name":"Bantam Wankm\u00fcller SA","url":"https:\/\/shop.bantam.ch\/fr\/","logo":{"@type":"ImageObject","inLanguage":"fr-FR","@id":"https:\/\/shop.bantam.ch\/fr\/#\/schema\/logo\/image\/","url":"https:\/\/shop.bantam.ch\/wp-content\/uploads\/2022\/12\/bantam-logo.png","contentUrl":"https:\/\/shop.bantam.ch\/wp-content\/uploads\/2022\/12\/bantam-logo.png","width":320,"height":71,"caption":"Bantam Wankm\u00fcller SA"},"image":{"@id":"https:\/\/shop.bantam.ch\/fr\/#\/schema\/logo\/image\/"}}]}},"_links":{"self":[{"href":"https:\/\/shop.bantam.ch\/fr\/wp-json\/wp\/v2\/product\/97901","targetHints":{"allow":["GET"]}}],"collection":[{"href":"https:\/\/shop.bantam.ch\/fr\/wp-json\/wp\/v2\/product"}],"about":[{"href":"https:\/\/shop.bantam.ch\/fr\/wp-json\/wp\/v2\/types\/product"}],"wp:featuredmedia":[{"embeddable":true,"href":"https:\/\/shop.bantam.ch\/fr\/wp-json\/wp\/v2\/media\/97899"}],"wp:attachment":[{"href":"https:\/\/shop.bantam.ch\/fr\/wp-json\/wp\/v2\/media?parent=97901"}],"wp:term":[{"taxonomy":"product_featured_cat","embeddable":true,"href":"https:\/\/shop.bantam.ch\/fr\/wp-json\/wp\/v2\/product_featured_cat?post=97901"},{"taxonomy":"product_brand","embeddable":true,"href":"https:\/\/shop.bantam.ch\/fr\/wp-json\/wp\/v2\/product_brand?post=97901"},{"taxonomy":"product_cat","embeddable":true,"href":"https:\/\/shop.bantam.ch\/fr\/wp-json\/wp\/v2\/product_cat?post=97901"},{"taxonomy":"product_tag","embeddable":true,"href":"https:\/\/shop.bantam.ch\/fr\/wp-json\/wp\/v2\/product_tag?post=97901"}],"curies":[{"name":"wp","href":"https:\/\/api.w.org\/{rel}","templated":true}]}}