{"id":97815,"date":"2023-02-28T05:43:05","date_gmt":"2023-02-28T04:43:05","guid":{"rendered":"http:\/\/shop.bantam.ch\/produit\/tapis-dentree-pour-vw-t5-t6-3-pcs\/"},"modified":"2026-04-17T21:30:49","modified_gmt":"2026-04-17T19:30:49","slug":"tapis-dentree-pour-vw-t5-t6-3-pcs","status":"publish","type":"product","link":"https:\/\/shop.bantam.ch\/fr\/produit\/tapis-dentree-pour-vw-t5-t6-3-pcs\/","title":{"rendered":"Tapis d&rsquo;entr\u00e9e Heosdoor mat Feutre aiguillet\u00e9 VW T5 \/ T6 3\u00a0pi\u00e8ces coul. anthracite"},"content":{"rendered":"<p>Tapis pour la zone d\u2019entr\u00e9e de la cabine conducteur et celle de la porte lat\u00e9rale. Feutre aiguillet\u00e9 avec structure c\u00f4tes fines et \u00e0 la forme exacte. Fixation par bande velcro, pr\u00e9-coll\u00e9e sur le tapis. Emp\u00eache la salet\u00e9 et l&rsquo;eau d&rsquo;entrer.<\/p>\n<p>Mat\u00e9riau\u00a0:<br \/>Couche utile\u00a0100 % polypropyl\u00e8ne<\/p>\n","protected":false},"excerpt":{"rendered":"<p>Tapis pour la zone d\u2019entr\u00e9e de la cabine conducteur et celle de la porte lat\u00e9rale. Feutre aiguillet\u00e9 avec structure c\u00f4tes fines et \u00e0 la forme exacte. Fixation par bande velcro, pr\u00e9-coll\u00e9e sur le tapis. Emp\u00eache la salet\u00e9 et l&rsquo;eau d&rsquo;entrer. Mat\u00e9riau\u00a0:Couche utile\u00a0100 % polypropyl\u00e8ne<\/p>\n","protected":false},"featured_media":97807,"template":"","meta":{"_acf_changed":false},"product_featured_cat":[],"product_brand":[3526],"product_cat":[4681],"product_tag":[],"class_list":{"0":"post-97815","1":"product","2":"type-product","3":"status-publish","4":"has-post-thumbnail","6":"product_brand-heosdoor-mat","7":"product_cat-tapis-dacces","9":"first","10":"instock","11":"taxable","12":"shipping-taxable","13":"purchasable","14":"product-type-simple"},"acf":[],"yoast_head":"<!-- This site is optimized with the Yoast SEO plugin v27.4 - https:\/\/yoast.com\/product\/yoast-seo-wordpress\/ -->\n<title>Tapis d&#039;entr\u00e9e Heosdoor mat Feutre aiguillet\u00e9 VW T5 \/ T6 3\u00a0pi\u00e8ces coul. anthracite - Bantam Wankm\u00fcller SA<\/title>\n<meta name=\"robots\" content=\"index, follow, max-snippet:-1, max-image-preview:large, max-video-preview:-1\" \/>\n<link rel=\"canonical\" href=\"https:\/\/shop.bantam.ch\/fr\/produit\/tapis-dentree-pour-vw-t5-t6-3-pcs\/\" \/>\n<meta property=\"og:locale\" content=\"fr_FR\" \/>\n<meta property=\"og:type\" content=\"article\" \/>\n<meta property=\"og:title\" content=\"Tapis d&#039;entr\u00e9e Heosdoor mat Feutre aiguillet\u00e9 VW T5 \/ T6 3\u00a0pi\u00e8ces coul. anthracite - Bantam Wankm\u00fcller SA\" \/>\n<meta property=\"og:description\" content=\"Tapis pour la zone d\u2019entr\u00e9e de la cabine conducteur et celle de la porte lat\u00e9rale. Feutre aiguillet\u00e9 avec structure c\u00f4tes fines et \u00e0 la forme exacte. Fixation par bande velcro, pr\u00e9-coll\u00e9e sur le tapis. Emp\u00eache la salet\u00e9 et l&rsquo;eau d&rsquo;entrer. Mat\u00e9riau\u00a0:Couche utile\u00a0100 % polypropyl\u00e8ne\" \/>\n<meta property=\"og:url\" content=\"https:\/\/shop.bantam.ch\/fr\/produit\/tapis-dentree-pour-vw-t5-t6-3-pcs\/\" \/>\n<meta property=\"og:site_name\" content=\"Bantam Wankm\u00fcller SA\" \/>\n<meta property=\"article:modified_time\" content=\"2026-04-17T19:30:49+00:00\" \/>\n<meta property=\"og:image\" content=\"https:\/\/shop.bantam.ch\/wp-content\/uploads\/2023\/02\/9940449-Fussmatte_fuer_den_Einstiegsbereich_VW_T5-T6-Standard-04.jpg\" \/>\n\t<meta property=\"og:image:width\" content=\"1000\" \/>\n\t<meta property=\"og:image:height\" content=\"750\" \/>\n\t<meta property=\"og:image:type\" content=\"image\/jpeg\" \/>\n<meta name=\"twitter:card\" content=\"summary_large_image\" \/>\n<script type=\"application\/ld+json\" class=\"yoast-schema-graph\">{\"@context\":\"https:\\\/\\\/schema.org\",\"@graph\":[{\"@type\":\"WebPage\",\"@id\":\"https:\\\/\\\/shop.bantam.ch\\\/fr\\\/produit\\\/tapis-dentree-pour-vw-t5-t6-3-pcs\\\/\",\"url\":\"https:\\\/\\\/shop.bantam.ch\\\/fr\\\/produit\\\/tapis-dentree-pour-vw-t5-t6-3-pcs\\\/\",\"name\":\"Tapis d'entr\u00e9e Heosdoor mat Feutre aiguillet\u00e9 VW T5 \\\/ T6 3\u00a0pi\u00e8ces coul. anthracite - Bantam Wankm\u00fcller SA\",\"isPartOf\":{\"@id\":\"https:\\\/\\\/shop.bantam.ch\\\/fr\\\/#website\"},\"primaryImageOfPage\":{\"@id\":\"https:\\\/\\\/shop.bantam.ch\\\/fr\\\/produit\\\/tapis-dentree-pour-vw-t5-t6-3-pcs\\\/#primaryimage\"},\"image\":{\"@id\":\"https:\\\/\\\/shop.bantam.ch\\\/fr\\\/produit\\\/tapis-dentree-pour-vw-t5-t6-3-pcs\\\/#primaryimage\"},\"thumbnailUrl\":\"https:\\\/\\\/shop.bantam.ch\\\/wp-content\\\/uploads\\\/2023\\\/02\\\/9940449-Fussmatte_fuer_den_Einstiegsbereich_VW_T5-T6-Standard-04.jpg\",\"datePublished\":\"2023-02-28T04:43:05+00:00\",\"dateModified\":\"2026-04-17T19:30:49+00:00\",\"breadcrumb\":{\"@id\":\"https:\\\/\\\/shop.bantam.ch\\\/fr\\\/produit\\\/tapis-dentree-pour-vw-t5-t6-3-pcs\\\/#breadcrumb\"},\"inLanguage\":\"fr-FR\",\"potentialAction\":[{\"@type\":\"ReadAction\",\"target\":[\"https:\\\/\\\/shop.bantam.ch\\\/fr\\\/produit\\\/tapis-dentree-pour-vw-t5-t6-3-pcs\\\/\"]}]},{\"@type\":\"ImageObject\",\"inLanguage\":\"fr-FR\",\"@id\":\"https:\\\/\\\/shop.bantam.ch\\\/fr\\\/produit\\\/tapis-dentree-pour-vw-t5-t6-3-pcs\\\/#primaryimage\",\"url\":\"https:\\\/\\\/shop.bantam.ch\\\/wp-content\\\/uploads\\\/2023\\\/02\\\/9940449-Fussmatte_fuer_den_Einstiegsbereich_VW_T5-T6-Standard-04.jpg\",\"contentUrl\":\"https:\\\/\\\/shop.bantam.ch\\\/wp-content\\\/uploads\\\/2023\\\/02\\\/9940449-Fussmatte_fuer_den_Einstiegsbereich_VW_T5-T6-Standard-04.jpg\",\"width\":1000,\"height\":750},{\"@type\":\"BreadcrumbList\",\"@id\":\"https:\\\/\\\/shop.bantam.ch\\\/fr\\\/produit\\\/tapis-dentree-pour-vw-t5-t6-3-pcs\\\/#breadcrumb\",\"itemListElement\":[{\"@type\":\"ListItem\",\"position\":1,\"name\":\"Accueil\",\"item\":\"https:\\\/\\\/shop.bantam.ch\\\/fr\\\/\"},{\"@type\":\"ListItem\",\"position\":2,\"name\":\"Boutique\",\"item\":\"https:\\\/\\\/shop.bantam.ch\\\/fr\\\/boutique\\\/\"},{\"@type\":\"ListItem\",\"position\":3,\"name\":\"Tapis d&#8217;entr\u00e9e Heosdoor mat Feutre aiguillet\u00e9 VW T5 \\\/ T6 3\u00a0pi\u00e8ces coul. anthracite\"}]},{\"@type\":\"WebSite\",\"@id\":\"https:\\\/\\\/shop.bantam.ch\\\/fr\\\/#website\",\"url\":\"https:\\\/\\\/shop.bantam.ch\\\/fr\\\/\",\"name\":\"Bantam Wankm\u00fcller SA\",\"description\":\"\",\"publisher\":{\"@id\":\"https:\\\/\\\/shop.bantam.ch\\\/fr\\\/#organization\"},\"inLanguage\":\"fr-FR\"},{\"@type\":\"Organization\",\"@id\":\"https:\\\/\\\/shop.bantam.ch\\\/fr\\\/#organization\",\"name\":\"Bantam Wankm\u00fcller SA\",\"url\":\"https:\\\/\\\/shop.bantam.ch\\\/fr\\\/\",\"logo\":{\"@type\":\"ImageObject\",\"inLanguage\":\"fr-FR\",\"@id\":\"https:\\\/\\\/shop.bantam.ch\\\/fr\\\/#\\\/schema\\\/logo\\\/image\\\/\",\"url\":\"https:\\\/\\\/shop.bantam.ch\\\/wp-content\\\/uploads\\\/2022\\\/12\\\/bantam-logo.png\",\"contentUrl\":\"https:\\\/\\\/shop.bantam.ch\\\/wp-content\\\/uploads\\\/2022\\\/12\\\/bantam-logo.png\",\"width\":320,\"height\":71,\"caption\":\"Bantam Wankm\u00fcller SA\"},\"image\":{\"@id\":\"https:\\\/\\\/shop.bantam.ch\\\/fr\\\/#\\\/schema\\\/logo\\\/image\\\/\"}}]}<\/script>\n<!-- \/ Yoast SEO plugin. -->","yoast_head_json":{"title":"Tapis d'entr\u00e9e Heosdoor mat Feutre aiguillet\u00e9 VW T5 \/ T6 3\u00a0pi\u00e8ces coul. anthracite - Bantam Wankm\u00fcller SA","robots":{"index":"index","follow":"follow","max-snippet":"max-snippet:-1","max-image-preview":"max-image-preview:large","max-video-preview":"max-video-preview:-1"},"canonical":"https:\/\/shop.bantam.ch\/fr\/produit\/tapis-dentree-pour-vw-t5-t6-3-pcs\/","og_locale":"fr_FR","og_type":"article","og_title":"Tapis d'entr\u00e9e Heosdoor mat Feutre aiguillet\u00e9 VW T5 \/ T6 3\u00a0pi\u00e8ces coul. anthracite - Bantam Wankm\u00fcller SA","og_description":"Tapis pour la zone d\u2019entr\u00e9e de la cabine conducteur et celle de la porte lat\u00e9rale. Feutre aiguillet\u00e9 avec structure c\u00f4tes fines et \u00e0 la forme exacte. Fixation par bande velcro, pr\u00e9-coll\u00e9e sur le tapis. Emp\u00eache la salet\u00e9 et l&rsquo;eau d&rsquo;entrer. Mat\u00e9riau\u00a0:Couche utile\u00a0100 % polypropyl\u00e8ne","og_url":"https:\/\/shop.bantam.ch\/fr\/produit\/tapis-dentree-pour-vw-t5-t6-3-pcs\/","og_site_name":"Bantam Wankm\u00fcller SA","article_modified_time":"2026-04-17T19:30:49+00:00","og_image":[{"width":1000,"height":750,"url":"https:\/\/shop.bantam.ch\/wp-content\/uploads\/2023\/02\/9940449-Fussmatte_fuer_den_Einstiegsbereich_VW_T5-T6-Standard-04.jpg","type":"image\/jpeg"}],"twitter_card":"summary_large_image","schema":{"@context":"https:\/\/schema.org","@graph":[{"@type":"WebPage","@id":"https:\/\/shop.bantam.ch\/fr\/produit\/tapis-dentree-pour-vw-t5-t6-3-pcs\/","url":"https:\/\/shop.bantam.ch\/fr\/produit\/tapis-dentree-pour-vw-t5-t6-3-pcs\/","name":"Tapis d'entr\u00e9e Heosdoor mat Feutre aiguillet\u00e9 VW T5 \/ T6 3\u00a0pi\u00e8ces coul. anthracite - Bantam Wankm\u00fcller SA","isPartOf":{"@id":"https:\/\/shop.bantam.ch\/fr\/#website"},"primaryImageOfPage":{"@id":"https:\/\/shop.bantam.ch\/fr\/produit\/tapis-dentree-pour-vw-t5-t6-3-pcs\/#primaryimage"},"image":{"@id":"https:\/\/shop.bantam.ch\/fr\/produit\/tapis-dentree-pour-vw-t5-t6-3-pcs\/#primaryimage"},"thumbnailUrl":"https:\/\/shop.bantam.ch\/wp-content\/uploads\/2023\/02\/9940449-Fussmatte_fuer_den_Einstiegsbereich_VW_T5-T6-Standard-04.jpg","datePublished":"2023-02-28T04:43:05+00:00","dateModified":"2026-04-17T19:30:49+00:00","breadcrumb":{"@id":"https:\/\/shop.bantam.ch\/fr\/produit\/tapis-dentree-pour-vw-t5-t6-3-pcs\/#breadcrumb"},"inLanguage":"fr-FR","potentialAction":[{"@type":"ReadAction","target":["https:\/\/shop.bantam.ch\/fr\/produit\/tapis-dentree-pour-vw-t5-t6-3-pcs\/"]}]},{"@type":"ImageObject","inLanguage":"fr-FR","@id":"https:\/\/shop.bantam.ch\/fr\/produit\/tapis-dentree-pour-vw-t5-t6-3-pcs\/#primaryimage","url":"https:\/\/shop.bantam.ch\/wp-content\/uploads\/2023\/02\/9940449-Fussmatte_fuer_den_Einstiegsbereich_VW_T5-T6-Standard-04.jpg","contentUrl":"https:\/\/shop.bantam.ch\/wp-content\/uploads\/2023\/02\/9940449-Fussmatte_fuer_den_Einstiegsbereich_VW_T5-T6-Standard-04.jpg","width":1000,"height":750},{"@type":"BreadcrumbList","@id":"https:\/\/shop.bantam.ch\/fr\/produit\/tapis-dentree-pour-vw-t5-t6-3-pcs\/#breadcrumb","itemListElement":[{"@type":"ListItem","position":1,"name":"Accueil","item":"https:\/\/shop.bantam.ch\/fr\/"},{"@type":"ListItem","position":2,"name":"Boutique","item":"https:\/\/shop.bantam.ch\/fr\/boutique\/"},{"@type":"ListItem","position":3,"name":"Tapis d&#8217;entr\u00e9e Heosdoor mat Feutre aiguillet\u00e9 VW T5 \/ T6 3\u00a0pi\u00e8ces coul. anthracite"}]},{"@type":"WebSite","@id":"https:\/\/shop.bantam.ch\/fr\/#website","url":"https:\/\/shop.bantam.ch\/fr\/","name":"Bantam Wankm\u00fcller SA","description":"","publisher":{"@id":"https:\/\/shop.bantam.ch\/fr\/#organization"},"inLanguage":"fr-FR"},{"@type":"Organization","@id":"https:\/\/shop.bantam.ch\/fr\/#organization","name":"Bantam Wankm\u00fcller SA","url":"https:\/\/shop.bantam.ch\/fr\/","logo":{"@type":"ImageObject","inLanguage":"fr-FR","@id":"https:\/\/shop.bantam.ch\/fr\/#\/schema\/logo\/image\/","url":"https:\/\/shop.bantam.ch\/wp-content\/uploads\/2022\/12\/bantam-logo.png","contentUrl":"https:\/\/shop.bantam.ch\/wp-content\/uploads\/2022\/12\/bantam-logo.png","width":320,"height":71,"caption":"Bantam Wankm\u00fcller SA"},"image":{"@id":"https:\/\/shop.bantam.ch\/fr\/#\/schema\/logo\/image\/"}}]}},"_links":{"self":[{"href":"https:\/\/shop.bantam.ch\/fr\/wp-json\/wp\/v2\/product\/97815","targetHints":{"allow":["GET"]}}],"collection":[{"href":"https:\/\/shop.bantam.ch\/fr\/wp-json\/wp\/v2\/product"}],"about":[{"href":"https:\/\/shop.bantam.ch\/fr\/wp-json\/wp\/v2\/types\/product"}],"wp:featuredmedia":[{"embeddable":true,"href":"https:\/\/shop.bantam.ch\/fr\/wp-json\/wp\/v2\/media\/97807"}],"wp:attachment":[{"href":"https:\/\/shop.bantam.ch\/fr\/wp-json\/wp\/v2\/media?parent=97815"}],"wp:term":[{"taxonomy":"product_featured_cat","embeddable":true,"href":"https:\/\/shop.bantam.ch\/fr\/wp-json\/wp\/v2\/product_featured_cat?post=97815"},{"taxonomy":"product_brand","embeddable":true,"href":"https:\/\/shop.bantam.ch\/fr\/wp-json\/wp\/v2\/product_brand?post=97815"},{"taxonomy":"product_cat","embeddable":true,"href":"https:\/\/shop.bantam.ch\/fr\/wp-json\/wp\/v2\/product_cat?post=97815"},{"taxonomy":"product_tag","embeddable":true,"href":"https:\/\/shop.bantam.ch\/fr\/wp-json\/wp\/v2\/product_tag?post=97815"}],"curies":[{"name":"wp","href":"https:\/\/api.w.org\/{rel}","templated":true}]}}