{"id":97599,"date":"2023-02-28T05:38:11","date_gmt":"2023-02-28T04:38:11","guid":{"rendered":"http:\/\/shop.bantam.ch\/produit\/seau-compo-4-pour-restes-alimentaires-stone\/"},"modified":"2026-05-02T21:29:57","modified_gmt":"2026-05-02T19:29:57","slug":"seau-compo-4-pour-restes-alimentaires-stone","status":"publish","type":"product","link":"https:\/\/shop.bantam.ch\/fr\/produit\/seau-compo-4-pour-restes-alimentaires-stone\/","title":{"rendered":"Compo 4 Seau d\u00e9chets alimentaires Stone"},"content":{"rendered":"<p>Ce petit r\u00e9cipient pour d\u00e9chets alimentaires a \u00e9t\u00e9 con\u00e7u pour faciliter la collecte des restes de repas, car il est \u00e9quip\u00e9 d\u2019un couvercle pratique et affiche une grande largeur d\u2019ouverture. L\u2019ouverture de grande largeur vous permet de vider tr\u00e8s ais\u00e9ment les restes de vos assiettes A\u00e9ration r\u00e9glable\u00a0: ouverte (r\u00e9duit la formation d\u2019humidit\u00e9 et d\u2019odeur) ou ferm\u00e9e (prot\u00e8ge contre les insectes) Design fin, parfait pour le stocker sur le plan de travail ou dans des armoires <\/p>\n<p>Contenu de la livraison<br \/>livr\u00e9 avec \u00c9querre de montage sur porte incluse<\/p>\n","protected":false},"excerpt":{"rendered":"<p>Ce petit r\u00e9cipient pour d\u00e9chets alimentaires a \u00e9t\u00e9 con\u00e7u pour faciliter la collecte des restes de repas, car il est \u00e9quip\u00e9 d\u2019un couvercle pratique et affiche une grande largeur d\u2019ouverture. L\u2019ouverture de grande largeur vous permet de vider tr\u00e8s ais\u00e9ment les restes de vos assiettes A\u00e9ration r\u00e9glable\u00a0: ouverte (r\u00e9duit la formation d\u2019humidit\u00e9 et d\u2019odeur) ou [&hellip;]<\/p>\n","protected":false},"featured_media":97585,"template":"","meta":{"_acf_changed":false},"product_featured_cat":[],"product_brand":[3412],"product_cat":[4287],"product_tag":[],"class_list":{"0":"post-97599","1":"product","2":"type-product","3":"status-publish","4":"has-post-thumbnail","6":"product_brand-joseph-joseph","7":"product_cat-collecte-des-dechets","9":"first","10":"instock","11":"taxable","12":"shipping-taxable","13":"purchasable","14":"product-type-simple"},"acf":[],"yoast_head":"<!-- This site is optimized with the Yoast SEO plugin v27.5 - https:\/\/yoast.com\/product\/yoast-seo-wordpress\/ -->\n<title>Compo 4 Seau d\u00e9chets alimentaires Stone - Bantam<\/title>\n<meta name=\"robots\" content=\"index, follow, max-snippet:-1, max-image-preview:large, max-video-preview:-1\" \/>\n<link rel=\"canonical\" href=\"https:\/\/shop.bantam.ch\/fr\/produit\/seau-compo-4-pour-restes-alimentaires-stone\/\" \/>\n<meta property=\"og:locale\" content=\"fr_FR\" \/>\n<meta property=\"og:type\" content=\"article\" \/>\n<meta property=\"og:title\" content=\"Compo 4 Seau d\u00e9chets alimentaires Stone - Bantam\" \/>\n<meta property=\"og:description\" content=\"Ce petit r\u00e9cipient pour d\u00e9chets alimentaires a \u00e9t\u00e9 con\u00e7u pour faciliter la collecte des restes de repas, car il est \u00e9quip\u00e9 d\u2019un couvercle pratique et affiche une grande largeur d\u2019ouverture. L\u2019ouverture de grande largeur vous permet de vider tr\u00e8s ais\u00e9ment les restes de vos assiettes A\u00e9ration r\u00e9glable\u00a0: ouverte (r\u00e9duit la formation d\u2019humidit\u00e9 et d\u2019odeur) ou [&hellip;]\" \/>\n<meta property=\"og:url\" content=\"https:\/\/shop.bantam.ch\/fr\/produit\/seau-compo-4-pour-restes-alimentaires-stone\/\" \/>\n<meta property=\"og:site_name\" content=\"Bantam\" \/>\n<meta property=\"article:modified_time\" content=\"2026-05-02T19:29:57+00:00\" \/>\n<meta property=\"og:image\" content=\"https:\/\/shop.bantam.ch\/wp-content\/uploads\/2023\/02\/993495811.jpg\" \/>\n\t<meta property=\"og:image:width\" content=\"1000\" \/>\n\t<meta property=\"og:image:height\" content=\"869\" \/>\n\t<meta property=\"og:image:type\" content=\"image\/jpeg\" \/>\n<meta name=\"twitter:card\" content=\"summary_large_image\" \/>\n<meta name=\"twitter:label1\" content=\"Dur\u00e9e de lecture estim\u00e9e\" \/>\n\t<meta name=\"twitter:data1\" content=\"1 minute\" \/>\n<script type=\"application\/ld+json\" class=\"yoast-schema-graph\">{\"@context\":\"https:\\\/\\\/schema.org\",\"@graph\":[{\"@type\":\"WebPage\",\"@id\":\"https:\\\/\\\/shop.bantam.ch\\\/fr\\\/produit\\\/seau-compo-4-pour-restes-alimentaires-stone\\\/\",\"url\":\"https:\\\/\\\/shop.bantam.ch\\\/fr\\\/produit\\\/seau-compo-4-pour-restes-alimentaires-stone\\\/\",\"name\":\"Compo 4 Seau d\u00e9chets alimentaires Stone - Bantam\",\"isPartOf\":{\"@id\":\"https:\\\/\\\/shop.bantam.ch\\\/fr\\\/#website\"},\"primaryImageOfPage\":{\"@id\":\"https:\\\/\\\/shop.bantam.ch\\\/fr\\\/produit\\\/seau-compo-4-pour-restes-alimentaires-stone\\\/#primaryimage\"},\"image\":{\"@id\":\"https:\\\/\\\/shop.bantam.ch\\\/fr\\\/produit\\\/seau-compo-4-pour-restes-alimentaires-stone\\\/#primaryimage\"},\"thumbnailUrl\":\"https:\\\/\\\/shop.bantam.ch\\\/wp-content\\\/uploads\\\/2023\\\/02\\\/993495811.jpg\",\"datePublished\":\"2023-02-28T04:38:11+00:00\",\"dateModified\":\"2026-05-02T19:29:57+00:00\",\"breadcrumb\":{\"@id\":\"https:\\\/\\\/shop.bantam.ch\\\/fr\\\/produit\\\/seau-compo-4-pour-restes-alimentaires-stone\\\/#breadcrumb\"},\"inLanguage\":\"fr-FR\",\"potentialAction\":[{\"@type\":\"ReadAction\",\"target\":[\"https:\\\/\\\/shop.bantam.ch\\\/fr\\\/produit\\\/seau-compo-4-pour-restes-alimentaires-stone\\\/\"]}]},{\"@type\":\"ImageObject\",\"inLanguage\":\"fr-FR\",\"@id\":\"https:\\\/\\\/shop.bantam.ch\\\/fr\\\/produit\\\/seau-compo-4-pour-restes-alimentaires-stone\\\/#primaryimage\",\"url\":\"https:\\\/\\\/shop.bantam.ch\\\/wp-content\\\/uploads\\\/2023\\\/02\\\/993495811.jpg\",\"contentUrl\":\"https:\\\/\\\/shop.bantam.ch\\\/wp-content\\\/uploads\\\/2023\\\/02\\\/993495811.jpg\",\"width\":1000,\"height\":869},{\"@type\":\"BreadcrumbList\",\"@id\":\"https:\\\/\\\/shop.bantam.ch\\\/fr\\\/produit\\\/seau-compo-4-pour-restes-alimentaires-stone\\\/#breadcrumb\",\"itemListElement\":[{\"@type\":\"ListItem\",\"position\":1,\"name\":\"Accueil\",\"item\":\"https:\\\/\\\/shop.bantam.ch\\\/fr\\\/\"},{\"@type\":\"ListItem\",\"position\":2,\"name\":\"Boutique\",\"item\":\"https:\\\/\\\/shop.bantam.ch\\\/fr\\\/boutique\\\/\"},{\"@type\":\"ListItem\",\"position\":3,\"name\":\"Compo 4 Seau d\u00e9chets alimentaires Stone\"}]},{\"@type\":\"WebSite\",\"@id\":\"https:\\\/\\\/shop.bantam.ch\\\/fr\\\/#website\",\"url\":\"https:\\\/\\\/shop.bantam.ch\\\/fr\\\/\",\"name\":\"Bantam\",\"description\":\"\",\"publisher\":{\"@id\":\"https:\\\/\\\/shop.bantam.ch\\\/fr\\\/#organization\"},\"inLanguage\":\"fr-FR\"},{\"@type\":\"Organization\",\"@id\":\"https:\\\/\\\/shop.bantam.ch\\\/fr\\\/#organization\",\"name\":\"Bantam\",\"url\":\"https:\\\/\\\/shop.bantam.ch\\\/fr\\\/\",\"logo\":{\"@type\":\"ImageObject\",\"inLanguage\":\"fr-FR\",\"@id\":\"https:\\\/\\\/shop.bantam.ch\\\/fr\\\/#\\\/schema\\\/logo\\\/image\\\/\",\"url\":\"https:\\\/\\\/shop.bantam.ch\\\/wp-content\\\/uploads\\\/2022\\\/12\\\/bantam-logo.png\",\"contentUrl\":\"https:\\\/\\\/shop.bantam.ch\\\/wp-content\\\/uploads\\\/2022\\\/12\\\/bantam-logo.png\",\"width\":320,\"height\":71,\"caption\":\"Bantam\"},\"image\":{\"@id\":\"https:\\\/\\\/shop.bantam.ch\\\/fr\\\/#\\\/schema\\\/logo\\\/image\\\/\"}}]}<\/script>\n<!-- \/ Yoast SEO plugin. -->","yoast_head_json":{"title":"Compo 4 Seau d\u00e9chets alimentaires Stone - Bantam","robots":{"index":"index","follow":"follow","max-snippet":"max-snippet:-1","max-image-preview":"max-image-preview:large","max-video-preview":"max-video-preview:-1"},"canonical":"https:\/\/shop.bantam.ch\/fr\/produit\/seau-compo-4-pour-restes-alimentaires-stone\/","og_locale":"fr_FR","og_type":"article","og_title":"Compo 4 Seau d\u00e9chets alimentaires Stone - Bantam","og_description":"Ce petit r\u00e9cipient pour d\u00e9chets alimentaires a \u00e9t\u00e9 con\u00e7u pour faciliter la collecte des restes de repas, car il est \u00e9quip\u00e9 d\u2019un couvercle pratique et affiche une grande largeur d\u2019ouverture. L\u2019ouverture de grande largeur vous permet de vider tr\u00e8s ais\u00e9ment les restes de vos assiettes A\u00e9ration r\u00e9glable\u00a0: ouverte (r\u00e9duit la formation d\u2019humidit\u00e9 et d\u2019odeur) ou [&hellip;]","og_url":"https:\/\/shop.bantam.ch\/fr\/produit\/seau-compo-4-pour-restes-alimentaires-stone\/","og_site_name":"Bantam","article_modified_time":"2026-05-02T19:29:57+00:00","og_image":[{"width":1000,"height":869,"url":"https:\/\/shop.bantam.ch\/wp-content\/uploads\/2023\/02\/993495811.jpg","type":"image\/jpeg"}],"twitter_card":"summary_large_image","twitter_misc":{"Dur\u00e9e de lecture estim\u00e9e":"1 minute"},"schema":{"@context":"https:\/\/schema.org","@graph":[{"@type":"WebPage","@id":"https:\/\/shop.bantam.ch\/fr\/produit\/seau-compo-4-pour-restes-alimentaires-stone\/","url":"https:\/\/shop.bantam.ch\/fr\/produit\/seau-compo-4-pour-restes-alimentaires-stone\/","name":"Compo 4 Seau d\u00e9chets alimentaires Stone - Bantam","isPartOf":{"@id":"https:\/\/shop.bantam.ch\/fr\/#website"},"primaryImageOfPage":{"@id":"https:\/\/shop.bantam.ch\/fr\/produit\/seau-compo-4-pour-restes-alimentaires-stone\/#primaryimage"},"image":{"@id":"https:\/\/shop.bantam.ch\/fr\/produit\/seau-compo-4-pour-restes-alimentaires-stone\/#primaryimage"},"thumbnailUrl":"https:\/\/shop.bantam.ch\/wp-content\/uploads\/2023\/02\/993495811.jpg","datePublished":"2023-02-28T04:38:11+00:00","dateModified":"2026-05-02T19:29:57+00:00","breadcrumb":{"@id":"https:\/\/shop.bantam.ch\/fr\/produit\/seau-compo-4-pour-restes-alimentaires-stone\/#breadcrumb"},"inLanguage":"fr-FR","potentialAction":[{"@type":"ReadAction","target":["https:\/\/shop.bantam.ch\/fr\/produit\/seau-compo-4-pour-restes-alimentaires-stone\/"]}]},{"@type":"ImageObject","inLanguage":"fr-FR","@id":"https:\/\/shop.bantam.ch\/fr\/produit\/seau-compo-4-pour-restes-alimentaires-stone\/#primaryimage","url":"https:\/\/shop.bantam.ch\/wp-content\/uploads\/2023\/02\/993495811.jpg","contentUrl":"https:\/\/shop.bantam.ch\/wp-content\/uploads\/2023\/02\/993495811.jpg","width":1000,"height":869},{"@type":"BreadcrumbList","@id":"https:\/\/shop.bantam.ch\/fr\/produit\/seau-compo-4-pour-restes-alimentaires-stone\/#breadcrumb","itemListElement":[{"@type":"ListItem","position":1,"name":"Accueil","item":"https:\/\/shop.bantam.ch\/fr\/"},{"@type":"ListItem","position":2,"name":"Boutique","item":"https:\/\/shop.bantam.ch\/fr\/boutique\/"},{"@type":"ListItem","position":3,"name":"Compo 4 Seau d\u00e9chets alimentaires Stone"}]},{"@type":"WebSite","@id":"https:\/\/shop.bantam.ch\/fr\/#website","url":"https:\/\/shop.bantam.ch\/fr\/","name":"Bantam","description":"","publisher":{"@id":"https:\/\/shop.bantam.ch\/fr\/#organization"},"inLanguage":"fr-FR"},{"@type":"Organization","@id":"https:\/\/shop.bantam.ch\/fr\/#organization","name":"Bantam","url":"https:\/\/shop.bantam.ch\/fr\/","logo":{"@type":"ImageObject","inLanguage":"fr-FR","@id":"https:\/\/shop.bantam.ch\/fr\/#\/schema\/logo\/image\/","url":"https:\/\/shop.bantam.ch\/wp-content\/uploads\/2022\/12\/bantam-logo.png","contentUrl":"https:\/\/shop.bantam.ch\/wp-content\/uploads\/2022\/12\/bantam-logo.png","width":320,"height":71,"caption":"Bantam"},"image":{"@id":"https:\/\/shop.bantam.ch\/fr\/#\/schema\/logo\/image\/"}}]}},"_links":{"self":[{"href":"https:\/\/shop.bantam.ch\/fr\/wp-json\/wp\/v2\/product\/97599","targetHints":{"allow":["GET"]}}],"collection":[{"href":"https:\/\/shop.bantam.ch\/fr\/wp-json\/wp\/v2\/product"}],"about":[{"href":"https:\/\/shop.bantam.ch\/fr\/wp-json\/wp\/v2\/types\/product"}],"wp:featuredmedia":[{"embeddable":true,"href":"https:\/\/shop.bantam.ch\/fr\/wp-json\/wp\/v2\/media\/97585"}],"wp:attachment":[{"href":"https:\/\/shop.bantam.ch\/fr\/wp-json\/wp\/v2\/media?parent=97599"}],"wp:term":[{"taxonomy":"product_featured_cat","embeddable":true,"href":"https:\/\/shop.bantam.ch\/fr\/wp-json\/wp\/v2\/product_featured_cat?post=97599"},{"taxonomy":"product_brand","embeddable":true,"href":"https:\/\/shop.bantam.ch\/fr\/wp-json\/wp\/v2\/product_brand?post=97599"},{"taxonomy":"product_cat","embeddable":true,"href":"https:\/\/shop.bantam.ch\/fr\/wp-json\/wp\/v2\/product_cat?post=97599"},{"taxonomy":"product_tag","embeddable":true,"href":"https:\/\/shop.bantam.ch\/fr\/wp-json\/wp\/v2\/product_tag?post=97599"}],"curies":[{"name":"wp","href":"https:\/\/api.w.org\/{rel}","templated":true}]}}