{"id":97495,"date":"2023-02-28T05:35:26","date_gmt":"2023-02-28T04:35:26","guid":{"rendered":"http:\/\/shop.bantam.ch\/produit\/porte-velos-eurocarry-fixation-a-charnieres-pour-fiat-ducato-a-partir-de-07-2006-2-velos-_convient-aux-velos-electriques\/"},"modified":"2026-04-18T21:31:29","modified_gmt":"2026-04-18T19:31:29","slug":"porte-velos-eurocarry-fixation-a-charnieres-pour-fiat-ducato-a-partir-de-07-2006-2-velos-_convient-aux-velos-electriques","status":"publish","type":"product","link":"https:\/\/shop.bantam.ch\/fr\/produit\/porte-velos-eurocarry-fixation-a-charnieres-pour-fiat-ducato-a-partir-de-07-2006-2-velos-_convient-aux-velos-electriques\/","title":{"rendered":"Porte-v\u00e9los EuroCarry Fixation par charni\u00e8re pour Fiat Ducato \u00e0pd 07\/2006 2 v\u00e9los _adapt\u00e9 v\u00e9los \u00e9lectr._"},"content":{"rendered":"<p>Le montage se fait, sans avoir besoin de percer ou de coller, sur les vis de fixation des charni\u00e8res des portes. Cela permet un montage tr\u00e8s rapide du porte-v\u00e9los. Pour ouvrir les portes arri\u00e8res, le porte-v\u00e9los peut \u00eatre pivot\u00e9 vers la droite (ouverture max. de la porte 90\u00b0). La hauteur de charge dans la variante de base manuelle est d\u20191,3\u00a0m. Pour le support sur rail abaiss\u00e9, une rampe d\u2019\u00e9clairage est n\u00e9cessaire (sur demande). Pas compatible avec les portes \u00e0 270\u00b0.<\/p>\n<p>\u00a0<\/p>\n<ul>\n<li>Charge max. 2 v\u00e9los<\/li>\n<li>Adapt\u00e9 aux v\u00e9los \u00e9lectriques<\/li>\n<\/ul>\n<ul>\n<li>177 x 116 x 25 cm (l x h x p) relev\u00e9<\/li>\n<li>177 x 116 x 60 cm (l x h x p) abaiss\u00e9<\/li>\n<\/ul>\n<p>Contenu de la livraison :<br \/>Tube en aluminium thermolaqu\u00e9 en noir mat, \u00d8 42 mm, 2 rails v\u00e9lo de 137 cm de long avec 2 supports de roue par rail, y compris 2 sangles de mise sous tension et 2 griffes de roue.<\/p>\n","protected":false},"excerpt":{"rendered":"<p>Le montage se fait, sans avoir besoin de percer ou de coller, sur les vis de fixation des charni\u00e8res des portes. Cela permet un montage tr\u00e8s rapide du porte-v\u00e9los. Pour ouvrir les portes arri\u00e8res, le porte-v\u00e9los peut \u00eatre pivot\u00e9 vers la droite (ouverture max. de la porte 90\u00b0). La hauteur de charge dans la variante [&hellip;]<\/p>\n","protected":false},"featured_media":97493,"template":"","meta":{"_acf_changed":false},"product_featured_cat":[],"product_brand":[3226],"product_cat":[5137],"product_tag":[],"class_list":{"0":"post-97495","1":"product","2":"type-product","3":"status-publish","4":"has-post-thumbnail","6":"product_brand-eurocarry","7":"product_cat-porte-velos-arriere","9":"first","10":"instock","11":"taxable","12":"shipping-taxable","13":"purchasable","14":"product-type-simple"},"acf":[],"yoast_head":"<!-- This site is optimized with the Yoast SEO plugin v27.4 - https:\/\/yoast.com\/product\/yoast-seo-wordpress\/ -->\n<title>Porte-v\u00e9los EuroCarry Fixation par charni\u00e8re pour Fiat Ducato \u00e0pd 07\/2006 2 v\u00e9los _adapt\u00e9 v\u00e9los \u00e9lectr._ - Bantam Wankm\u00fcller SA<\/title>\n<meta name=\"robots\" content=\"index, follow, max-snippet:-1, max-image-preview:large, max-video-preview:-1\" \/>\n<link rel=\"canonical\" href=\"https:\/\/shop.bantam.ch\/fr\/produit\/porte-velos-eurocarry-fixation-a-charnieres-pour-fiat-ducato-a-partir-de-07-2006-2-velos-_convient-aux-velos-electriques\/\" \/>\n<meta property=\"og:locale\" content=\"fr_FR\" \/>\n<meta property=\"og:type\" content=\"article\" \/>\n<meta property=\"og:title\" content=\"Porte-v\u00e9los EuroCarry Fixation par charni\u00e8re pour Fiat Ducato \u00e0pd 07\/2006 2 v\u00e9los _adapt\u00e9 v\u00e9los \u00e9lectr._ - Bantam Wankm\u00fcller SA\" \/>\n<meta property=\"og:description\" content=\"Le montage se fait, sans avoir besoin de percer ou de coller, sur les vis de fixation des charni\u00e8res des portes. Cela permet un montage tr\u00e8s rapide du porte-v\u00e9los. Pour ouvrir les portes arri\u00e8res, le porte-v\u00e9los peut \u00eatre pivot\u00e9 vers la droite (ouverture max. de la porte 90\u00b0). La hauteur de charge dans la variante [&hellip;]\" \/>\n<meta property=\"og:url\" content=\"https:\/\/shop.bantam.ch\/fr\/produit\/porte-velos-eurocarry-fixation-a-charnieres-pour-fiat-ducato-a-partir-de-07-2006-2-velos-_convient-aux-velos-electriques\/\" \/>\n<meta property=\"og:site_name\" content=\"Bantam Wankm\u00fcller SA\" \/>\n<meta property=\"article:modified_time\" content=\"2026-04-18T19:31:29+00:00\" \/>\n<meta property=\"og:image\" content=\"https:\/\/shop.bantam.ch\/wp-content\/uploads\/2023\/02\/993476511axTwRzBqXlxS1.jpg\" \/>\n\t<meta property=\"og:image:width\" content=\"1000\" \/>\n\t<meta property=\"og:image:height\" content=\"547\" \/>\n\t<meta property=\"og:image:type\" content=\"image\/jpeg\" \/>\n<meta name=\"twitter:card\" content=\"summary_large_image\" \/>\n<meta name=\"twitter:label1\" content=\"Dur\u00e9e de lecture estim\u00e9e\" \/>\n\t<meta name=\"twitter:data1\" content=\"1 minute\" \/>\n<script type=\"application\/ld+json\" class=\"yoast-schema-graph\">{\"@context\":\"https:\\\/\\\/schema.org\",\"@graph\":[{\"@type\":\"WebPage\",\"@id\":\"https:\\\/\\\/shop.bantam.ch\\\/fr\\\/produit\\\/porte-velos-eurocarry-fixation-a-charnieres-pour-fiat-ducato-a-partir-de-07-2006-2-velos-_convient-aux-velos-electriques\\\/\",\"url\":\"https:\\\/\\\/shop.bantam.ch\\\/fr\\\/produit\\\/porte-velos-eurocarry-fixation-a-charnieres-pour-fiat-ducato-a-partir-de-07-2006-2-velos-_convient-aux-velos-electriques\\\/\",\"name\":\"Porte-v\u00e9los EuroCarry Fixation par charni\u00e8re pour Fiat Ducato \u00e0pd 07\\\/2006 2 v\u00e9los _adapt\u00e9 v\u00e9los \u00e9lectr._ - Bantam Wankm\u00fcller SA\",\"isPartOf\":{\"@id\":\"https:\\\/\\\/shop.bantam.ch\\\/fr\\\/#website\"},\"primaryImageOfPage\":{\"@id\":\"https:\\\/\\\/shop.bantam.ch\\\/fr\\\/produit\\\/porte-velos-eurocarry-fixation-a-charnieres-pour-fiat-ducato-a-partir-de-07-2006-2-velos-_convient-aux-velos-electriques\\\/#primaryimage\"},\"image\":{\"@id\":\"https:\\\/\\\/shop.bantam.ch\\\/fr\\\/produit\\\/porte-velos-eurocarry-fixation-a-charnieres-pour-fiat-ducato-a-partir-de-07-2006-2-velos-_convient-aux-velos-electriques\\\/#primaryimage\"},\"thumbnailUrl\":\"https:\\\/\\\/shop.bantam.ch\\\/wp-content\\\/uploads\\\/2023\\\/02\\\/993476511axTwRzBqXlxS1.jpg\",\"datePublished\":\"2023-02-28T04:35:26+00:00\",\"dateModified\":\"2026-04-18T19:31:29+00:00\",\"breadcrumb\":{\"@id\":\"https:\\\/\\\/shop.bantam.ch\\\/fr\\\/produit\\\/porte-velos-eurocarry-fixation-a-charnieres-pour-fiat-ducato-a-partir-de-07-2006-2-velos-_convient-aux-velos-electriques\\\/#breadcrumb\"},\"inLanguage\":\"fr-FR\",\"potentialAction\":[{\"@type\":\"ReadAction\",\"target\":[\"https:\\\/\\\/shop.bantam.ch\\\/fr\\\/produit\\\/porte-velos-eurocarry-fixation-a-charnieres-pour-fiat-ducato-a-partir-de-07-2006-2-velos-_convient-aux-velos-electriques\\\/\"]}]},{\"@type\":\"ImageObject\",\"inLanguage\":\"fr-FR\",\"@id\":\"https:\\\/\\\/shop.bantam.ch\\\/fr\\\/produit\\\/porte-velos-eurocarry-fixation-a-charnieres-pour-fiat-ducato-a-partir-de-07-2006-2-velos-_convient-aux-velos-electriques\\\/#primaryimage\",\"url\":\"https:\\\/\\\/shop.bantam.ch\\\/wp-content\\\/uploads\\\/2023\\\/02\\\/993476511axTwRzBqXlxS1.jpg\",\"contentUrl\":\"https:\\\/\\\/shop.bantam.ch\\\/wp-content\\\/uploads\\\/2023\\\/02\\\/993476511axTwRzBqXlxS1.jpg\",\"width\":1000,\"height\":547},{\"@type\":\"BreadcrumbList\",\"@id\":\"https:\\\/\\\/shop.bantam.ch\\\/fr\\\/produit\\\/porte-velos-eurocarry-fixation-a-charnieres-pour-fiat-ducato-a-partir-de-07-2006-2-velos-_convient-aux-velos-electriques\\\/#breadcrumb\",\"itemListElement\":[{\"@type\":\"ListItem\",\"position\":1,\"name\":\"Accueil\",\"item\":\"https:\\\/\\\/shop.bantam.ch\\\/fr\\\/\"},{\"@type\":\"ListItem\",\"position\":2,\"name\":\"Boutique\",\"item\":\"https:\\\/\\\/shop.bantam.ch\\\/fr\\\/boutique\\\/\"},{\"@type\":\"ListItem\",\"position\":3,\"name\":\"Porte-v\u00e9los EuroCarry Fixation par charni\u00e8re pour Fiat Ducato \u00e0pd 07\\\/2006 2 v\u00e9los _adapt\u00e9 v\u00e9los \u00e9lectr._\"}]},{\"@type\":\"WebSite\",\"@id\":\"https:\\\/\\\/shop.bantam.ch\\\/fr\\\/#website\",\"url\":\"https:\\\/\\\/shop.bantam.ch\\\/fr\\\/\",\"name\":\"Bantam Wankm\u00fcller SA\",\"description\":\"\",\"publisher\":{\"@id\":\"https:\\\/\\\/shop.bantam.ch\\\/fr\\\/#organization\"},\"inLanguage\":\"fr-FR\"},{\"@type\":\"Organization\",\"@id\":\"https:\\\/\\\/shop.bantam.ch\\\/fr\\\/#organization\",\"name\":\"Bantam Wankm\u00fcller SA\",\"url\":\"https:\\\/\\\/shop.bantam.ch\\\/fr\\\/\",\"logo\":{\"@type\":\"ImageObject\",\"inLanguage\":\"fr-FR\",\"@id\":\"https:\\\/\\\/shop.bantam.ch\\\/fr\\\/#\\\/schema\\\/logo\\\/image\\\/\",\"url\":\"https:\\\/\\\/shop.bantam.ch\\\/wp-content\\\/uploads\\\/2022\\\/12\\\/bantam-logo.png\",\"contentUrl\":\"https:\\\/\\\/shop.bantam.ch\\\/wp-content\\\/uploads\\\/2022\\\/12\\\/bantam-logo.png\",\"width\":320,\"height\":71,\"caption\":\"Bantam Wankm\u00fcller SA\"},\"image\":{\"@id\":\"https:\\\/\\\/shop.bantam.ch\\\/fr\\\/#\\\/schema\\\/logo\\\/image\\\/\"}}]}<\/script>\n<!-- \/ Yoast SEO plugin. -->","yoast_head_json":{"title":"Porte-v\u00e9los EuroCarry Fixation par charni\u00e8re pour Fiat Ducato \u00e0pd 07\/2006 2 v\u00e9los _adapt\u00e9 v\u00e9los \u00e9lectr._ - Bantam Wankm\u00fcller SA","robots":{"index":"index","follow":"follow","max-snippet":"max-snippet:-1","max-image-preview":"max-image-preview:large","max-video-preview":"max-video-preview:-1"},"canonical":"https:\/\/shop.bantam.ch\/fr\/produit\/porte-velos-eurocarry-fixation-a-charnieres-pour-fiat-ducato-a-partir-de-07-2006-2-velos-_convient-aux-velos-electriques\/","og_locale":"fr_FR","og_type":"article","og_title":"Porte-v\u00e9los EuroCarry Fixation par charni\u00e8re pour Fiat Ducato \u00e0pd 07\/2006 2 v\u00e9los _adapt\u00e9 v\u00e9los \u00e9lectr._ - Bantam Wankm\u00fcller SA","og_description":"Le montage se fait, sans avoir besoin de percer ou de coller, sur les vis de fixation des charni\u00e8res des portes. Cela permet un montage tr\u00e8s rapide du porte-v\u00e9los. Pour ouvrir les portes arri\u00e8res, le porte-v\u00e9los peut \u00eatre pivot\u00e9 vers la droite (ouverture max. de la porte 90\u00b0). La hauteur de charge dans la variante [&hellip;]","og_url":"https:\/\/shop.bantam.ch\/fr\/produit\/porte-velos-eurocarry-fixation-a-charnieres-pour-fiat-ducato-a-partir-de-07-2006-2-velos-_convient-aux-velos-electriques\/","og_site_name":"Bantam Wankm\u00fcller SA","article_modified_time":"2026-04-18T19:31:29+00:00","og_image":[{"width":1000,"height":547,"url":"https:\/\/shop.bantam.ch\/wp-content\/uploads\/2023\/02\/993476511axTwRzBqXlxS1.jpg","type":"image\/jpeg"}],"twitter_card":"summary_large_image","twitter_misc":{"Dur\u00e9e de lecture estim\u00e9e":"1 minute"},"schema":{"@context":"https:\/\/schema.org","@graph":[{"@type":"WebPage","@id":"https:\/\/shop.bantam.ch\/fr\/produit\/porte-velos-eurocarry-fixation-a-charnieres-pour-fiat-ducato-a-partir-de-07-2006-2-velos-_convient-aux-velos-electriques\/","url":"https:\/\/shop.bantam.ch\/fr\/produit\/porte-velos-eurocarry-fixation-a-charnieres-pour-fiat-ducato-a-partir-de-07-2006-2-velos-_convient-aux-velos-electriques\/","name":"Porte-v\u00e9los EuroCarry Fixation par charni\u00e8re pour Fiat Ducato \u00e0pd 07\/2006 2 v\u00e9los _adapt\u00e9 v\u00e9los \u00e9lectr._ - Bantam Wankm\u00fcller SA","isPartOf":{"@id":"https:\/\/shop.bantam.ch\/fr\/#website"},"primaryImageOfPage":{"@id":"https:\/\/shop.bantam.ch\/fr\/produit\/porte-velos-eurocarry-fixation-a-charnieres-pour-fiat-ducato-a-partir-de-07-2006-2-velos-_convient-aux-velos-electriques\/#primaryimage"},"image":{"@id":"https:\/\/shop.bantam.ch\/fr\/produit\/porte-velos-eurocarry-fixation-a-charnieres-pour-fiat-ducato-a-partir-de-07-2006-2-velos-_convient-aux-velos-electriques\/#primaryimage"},"thumbnailUrl":"https:\/\/shop.bantam.ch\/wp-content\/uploads\/2023\/02\/993476511axTwRzBqXlxS1.jpg","datePublished":"2023-02-28T04:35:26+00:00","dateModified":"2026-04-18T19:31:29+00:00","breadcrumb":{"@id":"https:\/\/shop.bantam.ch\/fr\/produit\/porte-velos-eurocarry-fixation-a-charnieres-pour-fiat-ducato-a-partir-de-07-2006-2-velos-_convient-aux-velos-electriques\/#breadcrumb"},"inLanguage":"fr-FR","potentialAction":[{"@type":"ReadAction","target":["https:\/\/shop.bantam.ch\/fr\/produit\/porte-velos-eurocarry-fixation-a-charnieres-pour-fiat-ducato-a-partir-de-07-2006-2-velos-_convient-aux-velos-electriques\/"]}]},{"@type":"ImageObject","inLanguage":"fr-FR","@id":"https:\/\/shop.bantam.ch\/fr\/produit\/porte-velos-eurocarry-fixation-a-charnieres-pour-fiat-ducato-a-partir-de-07-2006-2-velos-_convient-aux-velos-electriques\/#primaryimage","url":"https:\/\/shop.bantam.ch\/wp-content\/uploads\/2023\/02\/993476511axTwRzBqXlxS1.jpg","contentUrl":"https:\/\/shop.bantam.ch\/wp-content\/uploads\/2023\/02\/993476511axTwRzBqXlxS1.jpg","width":1000,"height":547},{"@type":"BreadcrumbList","@id":"https:\/\/shop.bantam.ch\/fr\/produit\/porte-velos-eurocarry-fixation-a-charnieres-pour-fiat-ducato-a-partir-de-07-2006-2-velos-_convient-aux-velos-electriques\/#breadcrumb","itemListElement":[{"@type":"ListItem","position":1,"name":"Accueil","item":"https:\/\/shop.bantam.ch\/fr\/"},{"@type":"ListItem","position":2,"name":"Boutique","item":"https:\/\/shop.bantam.ch\/fr\/boutique\/"},{"@type":"ListItem","position":3,"name":"Porte-v\u00e9los EuroCarry Fixation par charni\u00e8re pour Fiat Ducato \u00e0pd 07\/2006 2 v\u00e9los _adapt\u00e9 v\u00e9los \u00e9lectr._"}]},{"@type":"WebSite","@id":"https:\/\/shop.bantam.ch\/fr\/#website","url":"https:\/\/shop.bantam.ch\/fr\/","name":"Bantam Wankm\u00fcller SA","description":"","publisher":{"@id":"https:\/\/shop.bantam.ch\/fr\/#organization"},"inLanguage":"fr-FR"},{"@type":"Organization","@id":"https:\/\/shop.bantam.ch\/fr\/#organization","name":"Bantam Wankm\u00fcller SA","url":"https:\/\/shop.bantam.ch\/fr\/","logo":{"@type":"ImageObject","inLanguage":"fr-FR","@id":"https:\/\/shop.bantam.ch\/fr\/#\/schema\/logo\/image\/","url":"https:\/\/shop.bantam.ch\/wp-content\/uploads\/2022\/12\/bantam-logo.png","contentUrl":"https:\/\/shop.bantam.ch\/wp-content\/uploads\/2022\/12\/bantam-logo.png","width":320,"height":71,"caption":"Bantam Wankm\u00fcller SA"},"image":{"@id":"https:\/\/shop.bantam.ch\/fr\/#\/schema\/logo\/image\/"}}]}},"_links":{"self":[{"href":"https:\/\/shop.bantam.ch\/fr\/wp-json\/wp\/v2\/product\/97495","targetHints":{"allow":["GET"]}}],"collection":[{"href":"https:\/\/shop.bantam.ch\/fr\/wp-json\/wp\/v2\/product"}],"about":[{"href":"https:\/\/shop.bantam.ch\/fr\/wp-json\/wp\/v2\/types\/product"}],"wp:featuredmedia":[{"embeddable":true,"href":"https:\/\/shop.bantam.ch\/fr\/wp-json\/wp\/v2\/media\/97493"}],"wp:attachment":[{"href":"https:\/\/shop.bantam.ch\/fr\/wp-json\/wp\/v2\/media?parent=97495"}],"wp:term":[{"taxonomy":"product_featured_cat","embeddable":true,"href":"https:\/\/shop.bantam.ch\/fr\/wp-json\/wp\/v2\/product_featured_cat?post=97495"},{"taxonomy":"product_brand","embeddable":true,"href":"https:\/\/shop.bantam.ch\/fr\/wp-json\/wp\/v2\/product_brand?post=97495"},{"taxonomy":"product_cat","embeddable":true,"href":"https:\/\/shop.bantam.ch\/fr\/wp-json\/wp\/v2\/product_cat?post=97495"},{"taxonomy":"product_tag","embeddable":true,"href":"https:\/\/shop.bantam.ch\/fr\/wp-json\/wp\/v2\/product_tag?post=97495"}],"curies":[{"name":"wp","href":"https:\/\/api.w.org\/{rel}","templated":true}]}}