{"id":97451,"date":"2023-02-28T05:34:52","date_gmt":"2023-02-28T04:34:52","guid":{"rendered":"http:\/\/shop.bantam.ch\/produit\/tiroir-pour-refrigerateur-2-pcs\/"},"modified":"2026-04-18T21:31:27","modified_gmt":"2026-04-18T19:31:27","slug":"tiroir-pour-refrigerateur-2-pcs","status":"publish","type":"product","link":"https:\/\/shop.bantam.ch\/fr\/produit\/tiroir-pour-refrigerateur-2-pcs\/","title":{"rendered":"Tiroir pour r\u00e9frig\u00e9rateur, 2 pcs."},"content":{"rendered":"<p>Kit de tiroirs pour r\u00e9frig\u00e9rateur compos\u00e9 de:<\/p>\n<ul>\n<li>1 compartiment transparent<\/li>\n<li>1 compartiment vert<\/li>\n<\/ul>\n<p>Dimensions\u00a0:<\/p>\n<p>Encastr\u00e9s\u00a0: 15,5\u2009x\u20097\u2009x\u200920,5 cm (l x h x p)<\/p>\n<p>D\u00e9sencastr\u00e9s: 15,5\u2009x\u20097\u2009x\u200932 cm (l x h x p)<\/p>\n","protected":false},"excerpt":{"rendered":"<p>Kit de tiroirs pour r\u00e9frig\u00e9rateur compos\u00e9 de: 1 compartiment transparent 1 compartiment vert Dimensions\u00a0: Encastr\u00e9s\u00a0: 15,5\u2009x\u20097\u2009x\u200920,5 cm (l x h x p) D\u00e9sencastr\u00e9s: 15,5\u2009x\u20097\u2009x\u200932 cm (l x h x p)<\/p>\n","protected":false},"featured_media":97447,"template":"","meta":{"_acf_changed":false},"product_featured_cat":[],"product_brand":[3276],"product_cat":[4321,4331],"product_tag":[],"class_list":{"0":"post-97451","1":"product","2":"type-product","3":"status-publish","4":"has-post-thumbnail","6":"product_brand-gimex","7":"product_cat-armoires-suspendues-et-etageres","8":"product_cat-boites-a-provisions-et-a-produits-frais","10":"first","11":"instock","12":"taxable","13":"shipping-taxable","14":"purchasable","15":"product-type-simple"},"acf":[],"yoast_head":"<!-- This site is optimized with the Yoast SEO plugin v27.4 - https:\/\/yoast.com\/product\/yoast-seo-wordpress\/ -->\n<title>Tiroir pour r\u00e9frig\u00e9rateur, 2 pcs. - Bantam Wankm\u00fcller SA<\/title>\n<meta name=\"robots\" content=\"index, follow, max-snippet:-1, max-image-preview:large, max-video-preview:-1\" \/>\n<link rel=\"canonical\" href=\"https:\/\/shop.bantam.ch\/fr\/produit\/tiroir-pour-refrigerateur-2-pcs\/\" \/>\n<meta property=\"og:locale\" content=\"fr_FR\" \/>\n<meta property=\"og:type\" content=\"article\" \/>\n<meta property=\"og:title\" content=\"Tiroir pour r\u00e9frig\u00e9rateur, 2 pcs. - Bantam Wankm\u00fcller SA\" \/>\n<meta property=\"og:description\" content=\"Kit de tiroirs pour r\u00e9frig\u00e9rateur compos\u00e9 de: 1 compartiment transparent 1 compartiment vert Dimensions\u00a0: Encastr\u00e9s\u00a0: 15,5\u2009x\u20097\u2009x\u200920,5 cm (l x h x p) D\u00e9sencastr\u00e9s: 15,5\u2009x\u20097\u2009x\u200932 cm (l x h x p)\" \/>\n<meta property=\"og:url\" content=\"https:\/\/shop.bantam.ch\/fr\/produit\/tiroir-pour-refrigerateur-2-pcs\/\" \/>\n<meta property=\"og:site_name\" content=\"Bantam Wankm\u00fcller SA\" \/>\n<meta property=\"article:modified_time\" content=\"2026-04-18T19:31:27+00:00\" \/>\n<meta property=\"og:image\" content=\"https:\/\/shop.bantam.ch\/wp-content\/uploads\/2023\/02\/995664511.jpg\" \/>\n\t<meta property=\"og:image:width\" content=\"1000\" \/>\n\t<meta property=\"og:image:height\" content=\"479\" \/>\n\t<meta property=\"og:image:type\" content=\"image\/jpeg\" \/>\n<meta name=\"twitter:card\" content=\"summary_large_image\" \/>\n<script type=\"application\/ld+json\" class=\"yoast-schema-graph\">{\"@context\":\"https:\\\/\\\/schema.org\",\"@graph\":[{\"@type\":\"WebPage\",\"@id\":\"https:\\\/\\\/shop.bantam.ch\\\/fr\\\/produit\\\/tiroir-pour-refrigerateur-2-pcs\\\/\",\"url\":\"https:\\\/\\\/shop.bantam.ch\\\/fr\\\/produit\\\/tiroir-pour-refrigerateur-2-pcs\\\/\",\"name\":\"Tiroir pour r\u00e9frig\u00e9rateur, 2 pcs. - Bantam Wankm\u00fcller SA\",\"isPartOf\":{\"@id\":\"https:\\\/\\\/shop.bantam.ch\\\/fr\\\/#website\"},\"primaryImageOfPage\":{\"@id\":\"https:\\\/\\\/shop.bantam.ch\\\/fr\\\/produit\\\/tiroir-pour-refrigerateur-2-pcs\\\/#primaryimage\"},\"image\":{\"@id\":\"https:\\\/\\\/shop.bantam.ch\\\/fr\\\/produit\\\/tiroir-pour-refrigerateur-2-pcs\\\/#primaryimage\"},\"thumbnailUrl\":\"https:\\\/\\\/shop.bantam.ch\\\/wp-content\\\/uploads\\\/2023\\\/02\\\/995664511.jpg\",\"datePublished\":\"2023-02-28T04:34:52+00:00\",\"dateModified\":\"2026-04-18T19:31:27+00:00\",\"breadcrumb\":{\"@id\":\"https:\\\/\\\/shop.bantam.ch\\\/fr\\\/produit\\\/tiroir-pour-refrigerateur-2-pcs\\\/#breadcrumb\"},\"inLanguage\":\"fr-FR\",\"potentialAction\":[{\"@type\":\"ReadAction\",\"target\":[\"https:\\\/\\\/shop.bantam.ch\\\/fr\\\/produit\\\/tiroir-pour-refrigerateur-2-pcs\\\/\"]}]},{\"@type\":\"ImageObject\",\"inLanguage\":\"fr-FR\",\"@id\":\"https:\\\/\\\/shop.bantam.ch\\\/fr\\\/produit\\\/tiroir-pour-refrigerateur-2-pcs\\\/#primaryimage\",\"url\":\"https:\\\/\\\/shop.bantam.ch\\\/wp-content\\\/uploads\\\/2023\\\/02\\\/995664511.jpg\",\"contentUrl\":\"https:\\\/\\\/shop.bantam.ch\\\/wp-content\\\/uploads\\\/2023\\\/02\\\/995664511.jpg\",\"width\":1000,\"height\":479},{\"@type\":\"BreadcrumbList\",\"@id\":\"https:\\\/\\\/shop.bantam.ch\\\/fr\\\/produit\\\/tiroir-pour-refrigerateur-2-pcs\\\/#breadcrumb\",\"itemListElement\":[{\"@type\":\"ListItem\",\"position\":1,\"name\":\"Accueil\",\"item\":\"https:\\\/\\\/shop.bantam.ch\\\/fr\\\/\"},{\"@type\":\"ListItem\",\"position\":2,\"name\":\"Boutique\",\"item\":\"https:\\\/\\\/shop.bantam.ch\\\/fr\\\/boutique\\\/\"},{\"@type\":\"ListItem\",\"position\":3,\"name\":\"Tiroir pour r\u00e9frig\u00e9rateur, 2 pcs.\"}]},{\"@type\":\"WebSite\",\"@id\":\"https:\\\/\\\/shop.bantam.ch\\\/fr\\\/#website\",\"url\":\"https:\\\/\\\/shop.bantam.ch\\\/fr\\\/\",\"name\":\"Bantam Wankm\u00fcller SA\",\"description\":\"\",\"publisher\":{\"@id\":\"https:\\\/\\\/shop.bantam.ch\\\/fr\\\/#organization\"},\"inLanguage\":\"fr-FR\"},{\"@type\":\"Organization\",\"@id\":\"https:\\\/\\\/shop.bantam.ch\\\/fr\\\/#organization\",\"name\":\"Bantam Wankm\u00fcller SA\",\"url\":\"https:\\\/\\\/shop.bantam.ch\\\/fr\\\/\",\"logo\":{\"@type\":\"ImageObject\",\"inLanguage\":\"fr-FR\",\"@id\":\"https:\\\/\\\/shop.bantam.ch\\\/fr\\\/#\\\/schema\\\/logo\\\/image\\\/\",\"url\":\"https:\\\/\\\/shop.bantam.ch\\\/wp-content\\\/uploads\\\/2022\\\/12\\\/bantam-logo.png\",\"contentUrl\":\"https:\\\/\\\/shop.bantam.ch\\\/wp-content\\\/uploads\\\/2022\\\/12\\\/bantam-logo.png\",\"width\":320,\"height\":71,\"caption\":\"Bantam Wankm\u00fcller SA\"},\"image\":{\"@id\":\"https:\\\/\\\/shop.bantam.ch\\\/fr\\\/#\\\/schema\\\/logo\\\/image\\\/\"}}]}<\/script>\n<!-- \/ Yoast SEO plugin. -->","yoast_head_json":{"title":"Tiroir pour r\u00e9frig\u00e9rateur, 2 pcs. - Bantam Wankm\u00fcller SA","robots":{"index":"index","follow":"follow","max-snippet":"max-snippet:-1","max-image-preview":"max-image-preview:large","max-video-preview":"max-video-preview:-1"},"canonical":"https:\/\/shop.bantam.ch\/fr\/produit\/tiroir-pour-refrigerateur-2-pcs\/","og_locale":"fr_FR","og_type":"article","og_title":"Tiroir pour r\u00e9frig\u00e9rateur, 2 pcs. - Bantam Wankm\u00fcller SA","og_description":"Kit de tiroirs pour r\u00e9frig\u00e9rateur compos\u00e9 de: 1 compartiment transparent 1 compartiment vert Dimensions\u00a0: Encastr\u00e9s\u00a0: 15,5\u2009x\u20097\u2009x\u200920,5 cm (l x h x p) D\u00e9sencastr\u00e9s: 15,5\u2009x\u20097\u2009x\u200932 cm (l x h x p)","og_url":"https:\/\/shop.bantam.ch\/fr\/produit\/tiroir-pour-refrigerateur-2-pcs\/","og_site_name":"Bantam Wankm\u00fcller SA","article_modified_time":"2026-04-18T19:31:27+00:00","og_image":[{"width":1000,"height":479,"url":"https:\/\/shop.bantam.ch\/wp-content\/uploads\/2023\/02\/995664511.jpg","type":"image\/jpeg"}],"twitter_card":"summary_large_image","schema":{"@context":"https:\/\/schema.org","@graph":[{"@type":"WebPage","@id":"https:\/\/shop.bantam.ch\/fr\/produit\/tiroir-pour-refrigerateur-2-pcs\/","url":"https:\/\/shop.bantam.ch\/fr\/produit\/tiroir-pour-refrigerateur-2-pcs\/","name":"Tiroir pour r\u00e9frig\u00e9rateur, 2 pcs. - Bantam Wankm\u00fcller SA","isPartOf":{"@id":"https:\/\/shop.bantam.ch\/fr\/#website"},"primaryImageOfPage":{"@id":"https:\/\/shop.bantam.ch\/fr\/produit\/tiroir-pour-refrigerateur-2-pcs\/#primaryimage"},"image":{"@id":"https:\/\/shop.bantam.ch\/fr\/produit\/tiroir-pour-refrigerateur-2-pcs\/#primaryimage"},"thumbnailUrl":"https:\/\/shop.bantam.ch\/wp-content\/uploads\/2023\/02\/995664511.jpg","datePublished":"2023-02-28T04:34:52+00:00","dateModified":"2026-04-18T19:31:27+00:00","breadcrumb":{"@id":"https:\/\/shop.bantam.ch\/fr\/produit\/tiroir-pour-refrigerateur-2-pcs\/#breadcrumb"},"inLanguage":"fr-FR","potentialAction":[{"@type":"ReadAction","target":["https:\/\/shop.bantam.ch\/fr\/produit\/tiroir-pour-refrigerateur-2-pcs\/"]}]},{"@type":"ImageObject","inLanguage":"fr-FR","@id":"https:\/\/shop.bantam.ch\/fr\/produit\/tiroir-pour-refrigerateur-2-pcs\/#primaryimage","url":"https:\/\/shop.bantam.ch\/wp-content\/uploads\/2023\/02\/995664511.jpg","contentUrl":"https:\/\/shop.bantam.ch\/wp-content\/uploads\/2023\/02\/995664511.jpg","width":1000,"height":479},{"@type":"BreadcrumbList","@id":"https:\/\/shop.bantam.ch\/fr\/produit\/tiroir-pour-refrigerateur-2-pcs\/#breadcrumb","itemListElement":[{"@type":"ListItem","position":1,"name":"Accueil","item":"https:\/\/shop.bantam.ch\/fr\/"},{"@type":"ListItem","position":2,"name":"Boutique","item":"https:\/\/shop.bantam.ch\/fr\/boutique\/"},{"@type":"ListItem","position":3,"name":"Tiroir pour r\u00e9frig\u00e9rateur, 2 pcs."}]},{"@type":"WebSite","@id":"https:\/\/shop.bantam.ch\/fr\/#website","url":"https:\/\/shop.bantam.ch\/fr\/","name":"Bantam Wankm\u00fcller SA","description":"","publisher":{"@id":"https:\/\/shop.bantam.ch\/fr\/#organization"},"inLanguage":"fr-FR"},{"@type":"Organization","@id":"https:\/\/shop.bantam.ch\/fr\/#organization","name":"Bantam Wankm\u00fcller SA","url":"https:\/\/shop.bantam.ch\/fr\/","logo":{"@type":"ImageObject","inLanguage":"fr-FR","@id":"https:\/\/shop.bantam.ch\/fr\/#\/schema\/logo\/image\/","url":"https:\/\/shop.bantam.ch\/wp-content\/uploads\/2022\/12\/bantam-logo.png","contentUrl":"https:\/\/shop.bantam.ch\/wp-content\/uploads\/2022\/12\/bantam-logo.png","width":320,"height":71,"caption":"Bantam Wankm\u00fcller SA"},"image":{"@id":"https:\/\/shop.bantam.ch\/fr\/#\/schema\/logo\/image\/"}}]}},"_links":{"self":[{"href":"https:\/\/shop.bantam.ch\/fr\/wp-json\/wp\/v2\/product\/97451","targetHints":{"allow":["GET"]}}],"collection":[{"href":"https:\/\/shop.bantam.ch\/fr\/wp-json\/wp\/v2\/product"}],"about":[{"href":"https:\/\/shop.bantam.ch\/fr\/wp-json\/wp\/v2\/types\/product"}],"wp:featuredmedia":[{"embeddable":true,"href":"https:\/\/shop.bantam.ch\/fr\/wp-json\/wp\/v2\/media\/97447"}],"wp:attachment":[{"href":"https:\/\/shop.bantam.ch\/fr\/wp-json\/wp\/v2\/media?parent=97451"}],"wp:term":[{"taxonomy":"product_featured_cat","embeddable":true,"href":"https:\/\/shop.bantam.ch\/fr\/wp-json\/wp\/v2\/product_featured_cat?post=97451"},{"taxonomy":"product_brand","embeddable":true,"href":"https:\/\/shop.bantam.ch\/fr\/wp-json\/wp\/v2\/product_brand?post=97451"},{"taxonomy":"product_cat","embeddable":true,"href":"https:\/\/shop.bantam.ch\/fr\/wp-json\/wp\/v2\/product_cat?post=97451"},{"taxonomy":"product_tag","embeddable":true,"href":"https:\/\/shop.bantam.ch\/fr\/wp-json\/wp\/v2\/product_tag?post=97451"}],"curies":[{"name":"wp","href":"https:\/\/api.w.org\/{rel}","templated":true}]}}