{"id":97433,"date":"2023-02-28T05:34:30","date_gmt":"2023-02-28T04:34:30","guid":{"rendered":"http:\/\/shop.bantam.ch\/produit\/service-de-table-16-couverts-classic-line-granite\/"},"modified":"2026-04-17T21:30:33","modified_gmt":"2026-04-17T19:30:33","slug":"service-de-table-16-couverts-classic-line-granite","status":"publish","type":"product","link":"https:\/\/shop.bantam.ch\/fr\/produit\/service-de-table-16-couverts-classic-line-granite\/","title":{"rendered":"Service de vaisselle Gimex Classic Line, Granit 16\u00a0pi\u00e8ces"},"content":{"rendered":"<p>Set de couverts pour 4 personnes aspect granit avec fonction antid\u00e9rapante.\u00a0<br \/>Remplir lentement les gobelets dans le lave-vaisselle \u00e0 une temp\u00e9rature max. de 70\u00b0C pour \u00e9viter les fissures.<\/p>\n<p>16 pcs. Set compos\u00e9 de :<br \/> 4\u00a0assiettes plates (\u00d8 24 cm)<br \/> 4 assiettes \u00e0 dessert (\u00d8 21,5 cm)<br \/> 4 bols \u00e0 c\u00e9r\u00e9ales (\u00d8 16,6 cm)<br \/> 4 tasses \u00e0 anses (300 ml)<\/p>\n","protected":false},"excerpt":{"rendered":"<p>Set de couverts pour 4 personnes aspect granit avec fonction antid\u00e9rapante.\u00a0Remplir lentement les gobelets dans le lave-vaisselle \u00e0 une temp\u00e9rature max. de 70\u00b0C pour \u00e9viter les fissures. 16 pcs. Set compos\u00e9 de : 4\u00a0assiettes plates (\u00d8 24 cm) 4 assiettes \u00e0 dessert (\u00d8 21,5 cm) 4 bols \u00e0 c\u00e9r\u00e9ales (\u00d8 16,6 cm) 4 tasses \u00e0 [&hellip;]<\/p>\n","protected":false},"featured_media":97431,"template":"","meta":{"_acf_changed":false},"product_featured_cat":[],"product_brand":[3276],"product_cat":[4273],"product_tag":[],"class_list":{"0":"post-97433","1":"product","2":"type-product","3":"status-publish","4":"has-post-thumbnail","6":"product_brand-gimex","7":"product_cat-services-de-table","9":"first","10":"instock","11":"taxable","12":"shipping-taxable","13":"purchasable","14":"product-type-simple"},"acf":[],"yoast_head":"<!-- This site is optimized with the Yoast SEO plugin v27.4 - https:\/\/yoast.com\/product\/yoast-seo-wordpress\/ -->\n<title>Service de vaisselle Gimex Classic Line, Granit 16\u00a0pi\u00e8ces - Bantam Wankm\u00fcller SA<\/title>\n<meta name=\"robots\" content=\"index, follow, max-snippet:-1, max-image-preview:large, max-video-preview:-1\" \/>\n<link rel=\"canonical\" href=\"https:\/\/shop.bantam.ch\/fr\/produit\/service-de-table-16-couverts-classic-line-granite\/\" \/>\n<meta property=\"og:locale\" content=\"fr_FR\" \/>\n<meta property=\"og:type\" content=\"article\" \/>\n<meta property=\"og:title\" content=\"Service de vaisselle Gimex Classic Line, Granit 16\u00a0pi\u00e8ces - Bantam Wankm\u00fcller SA\" \/>\n<meta property=\"og:description\" content=\"Set de couverts pour 4 personnes aspect granit avec fonction antid\u00e9rapante.\u00a0Remplir lentement les gobelets dans le lave-vaisselle \u00e0 une temp\u00e9rature max. de 70\u00b0C pour \u00e9viter les fissures. 16 pcs. Set compos\u00e9 de : 4\u00a0assiettes plates (\u00d8 24 cm) 4 assiettes \u00e0 dessert (\u00d8 21,5 cm) 4 bols \u00e0 c\u00e9r\u00e9ales (\u00d8 16,6 cm) 4 tasses \u00e0 [&hellip;]\" \/>\n<meta property=\"og:url\" content=\"https:\/\/shop.bantam.ch\/fr\/produit\/service-de-table-16-couverts-classic-line-granite\/\" \/>\n<meta property=\"og:site_name\" content=\"Bantam Wankm\u00fcller SA\" \/>\n<meta property=\"article:modified_time\" content=\"2026-04-17T19:30:33+00:00\" \/>\n<meta property=\"og:image\" content=\"https:\/\/shop.bantam.ch\/wp-content\/uploads\/2023\/02\/995663911-scaled.jpg\" \/>\n\t<meta property=\"og:image:width\" content=\"1024\" \/>\n\t<meta property=\"og:image:height\" content=\"636\" \/>\n\t<meta property=\"og:image:type\" content=\"image\/jpeg\" \/>\n<meta name=\"twitter:card\" content=\"summary_large_image\" \/>\n<script type=\"application\/ld+json\" class=\"yoast-schema-graph\">{\"@context\":\"https:\\\/\\\/schema.org\",\"@graph\":[{\"@type\":\"WebPage\",\"@id\":\"https:\\\/\\\/shop.bantam.ch\\\/fr\\\/produit\\\/service-de-table-16-couverts-classic-line-granite\\\/\",\"url\":\"https:\\\/\\\/shop.bantam.ch\\\/fr\\\/produit\\\/service-de-table-16-couverts-classic-line-granite\\\/\",\"name\":\"Service de vaisselle Gimex Classic Line, Granit 16\u00a0pi\u00e8ces - Bantam Wankm\u00fcller SA\",\"isPartOf\":{\"@id\":\"https:\\\/\\\/shop.bantam.ch\\\/fr\\\/#website\"},\"primaryImageOfPage\":{\"@id\":\"https:\\\/\\\/shop.bantam.ch\\\/fr\\\/produit\\\/service-de-table-16-couverts-classic-line-granite\\\/#primaryimage\"},\"image\":{\"@id\":\"https:\\\/\\\/shop.bantam.ch\\\/fr\\\/produit\\\/service-de-table-16-couverts-classic-line-granite\\\/#primaryimage\"},\"thumbnailUrl\":\"https:\\\/\\\/shop.bantam.ch\\\/wp-content\\\/uploads\\\/2023\\\/02\\\/995663911-scaled.jpg\",\"datePublished\":\"2023-02-28T04:34:30+00:00\",\"dateModified\":\"2026-04-17T19:30:33+00:00\",\"breadcrumb\":{\"@id\":\"https:\\\/\\\/shop.bantam.ch\\\/fr\\\/produit\\\/service-de-table-16-couverts-classic-line-granite\\\/#breadcrumb\"},\"inLanguage\":\"fr-FR\",\"potentialAction\":[{\"@type\":\"ReadAction\",\"target\":[\"https:\\\/\\\/shop.bantam.ch\\\/fr\\\/produit\\\/service-de-table-16-couverts-classic-line-granite\\\/\"]}]},{\"@type\":\"ImageObject\",\"inLanguage\":\"fr-FR\",\"@id\":\"https:\\\/\\\/shop.bantam.ch\\\/fr\\\/produit\\\/service-de-table-16-couverts-classic-line-granite\\\/#primaryimage\",\"url\":\"https:\\\/\\\/shop.bantam.ch\\\/wp-content\\\/uploads\\\/2023\\\/02\\\/995663911-scaled.jpg\",\"contentUrl\":\"https:\\\/\\\/shop.bantam.ch\\\/wp-content\\\/uploads\\\/2023\\\/02\\\/995663911-scaled.jpg\",\"width\":2048,\"height\":1271},{\"@type\":\"BreadcrumbList\",\"@id\":\"https:\\\/\\\/shop.bantam.ch\\\/fr\\\/produit\\\/service-de-table-16-couverts-classic-line-granite\\\/#breadcrumb\",\"itemListElement\":[{\"@type\":\"ListItem\",\"position\":1,\"name\":\"Accueil\",\"item\":\"https:\\\/\\\/shop.bantam.ch\\\/fr\\\/\"},{\"@type\":\"ListItem\",\"position\":2,\"name\":\"Boutique\",\"item\":\"https:\\\/\\\/shop.bantam.ch\\\/fr\\\/boutique\\\/\"},{\"@type\":\"ListItem\",\"position\":3,\"name\":\"Service de vaisselle Gimex Classic Line, Granit 16\u00a0pi\u00e8ces\"}]},{\"@type\":\"WebSite\",\"@id\":\"https:\\\/\\\/shop.bantam.ch\\\/fr\\\/#website\",\"url\":\"https:\\\/\\\/shop.bantam.ch\\\/fr\\\/\",\"name\":\"Bantam Wankm\u00fcller SA\",\"description\":\"\",\"publisher\":{\"@id\":\"https:\\\/\\\/shop.bantam.ch\\\/fr\\\/#organization\"},\"inLanguage\":\"fr-FR\"},{\"@type\":\"Organization\",\"@id\":\"https:\\\/\\\/shop.bantam.ch\\\/fr\\\/#organization\",\"name\":\"Bantam Wankm\u00fcller SA\",\"url\":\"https:\\\/\\\/shop.bantam.ch\\\/fr\\\/\",\"logo\":{\"@type\":\"ImageObject\",\"inLanguage\":\"fr-FR\",\"@id\":\"https:\\\/\\\/shop.bantam.ch\\\/fr\\\/#\\\/schema\\\/logo\\\/image\\\/\",\"url\":\"https:\\\/\\\/shop.bantam.ch\\\/wp-content\\\/uploads\\\/2022\\\/12\\\/bantam-logo.png\",\"contentUrl\":\"https:\\\/\\\/shop.bantam.ch\\\/wp-content\\\/uploads\\\/2022\\\/12\\\/bantam-logo.png\",\"width\":320,\"height\":71,\"caption\":\"Bantam Wankm\u00fcller SA\"},\"image\":{\"@id\":\"https:\\\/\\\/shop.bantam.ch\\\/fr\\\/#\\\/schema\\\/logo\\\/image\\\/\"}}]}<\/script>\n<!-- \/ Yoast SEO plugin. -->","yoast_head_json":{"title":"Service de vaisselle Gimex Classic Line, Granit 16\u00a0pi\u00e8ces - Bantam Wankm\u00fcller SA","robots":{"index":"index","follow":"follow","max-snippet":"max-snippet:-1","max-image-preview":"max-image-preview:large","max-video-preview":"max-video-preview:-1"},"canonical":"https:\/\/shop.bantam.ch\/fr\/produit\/service-de-table-16-couverts-classic-line-granite\/","og_locale":"fr_FR","og_type":"article","og_title":"Service de vaisselle Gimex Classic Line, Granit 16\u00a0pi\u00e8ces - Bantam Wankm\u00fcller SA","og_description":"Set de couverts pour 4 personnes aspect granit avec fonction antid\u00e9rapante.\u00a0Remplir lentement les gobelets dans le lave-vaisselle \u00e0 une temp\u00e9rature max. de 70\u00b0C pour \u00e9viter les fissures. 16 pcs. Set compos\u00e9 de : 4\u00a0assiettes plates (\u00d8 24 cm) 4 assiettes \u00e0 dessert (\u00d8 21,5 cm) 4 bols \u00e0 c\u00e9r\u00e9ales (\u00d8 16,6 cm) 4 tasses \u00e0 [&hellip;]","og_url":"https:\/\/shop.bantam.ch\/fr\/produit\/service-de-table-16-couverts-classic-line-granite\/","og_site_name":"Bantam Wankm\u00fcller SA","article_modified_time":"2026-04-17T19:30:33+00:00","og_image":[{"url":"https:\/\/shop.bantam.ch\/wp-content\/uploads\/2023\/02\/995663911-scaled.jpg","width":1024,"height":636,"type":"image\/jpeg"}],"twitter_card":"summary_large_image","schema":{"@context":"https:\/\/schema.org","@graph":[{"@type":"WebPage","@id":"https:\/\/shop.bantam.ch\/fr\/produit\/service-de-table-16-couverts-classic-line-granite\/","url":"https:\/\/shop.bantam.ch\/fr\/produit\/service-de-table-16-couverts-classic-line-granite\/","name":"Service de vaisselle Gimex Classic Line, Granit 16\u00a0pi\u00e8ces - Bantam Wankm\u00fcller SA","isPartOf":{"@id":"https:\/\/shop.bantam.ch\/fr\/#website"},"primaryImageOfPage":{"@id":"https:\/\/shop.bantam.ch\/fr\/produit\/service-de-table-16-couverts-classic-line-granite\/#primaryimage"},"image":{"@id":"https:\/\/shop.bantam.ch\/fr\/produit\/service-de-table-16-couverts-classic-line-granite\/#primaryimage"},"thumbnailUrl":"https:\/\/shop.bantam.ch\/wp-content\/uploads\/2023\/02\/995663911-scaled.jpg","datePublished":"2023-02-28T04:34:30+00:00","dateModified":"2026-04-17T19:30:33+00:00","breadcrumb":{"@id":"https:\/\/shop.bantam.ch\/fr\/produit\/service-de-table-16-couverts-classic-line-granite\/#breadcrumb"},"inLanguage":"fr-FR","potentialAction":[{"@type":"ReadAction","target":["https:\/\/shop.bantam.ch\/fr\/produit\/service-de-table-16-couverts-classic-line-granite\/"]}]},{"@type":"ImageObject","inLanguage":"fr-FR","@id":"https:\/\/shop.bantam.ch\/fr\/produit\/service-de-table-16-couverts-classic-line-granite\/#primaryimage","url":"https:\/\/shop.bantam.ch\/wp-content\/uploads\/2023\/02\/995663911-scaled.jpg","contentUrl":"https:\/\/shop.bantam.ch\/wp-content\/uploads\/2023\/02\/995663911-scaled.jpg","width":2048,"height":1271},{"@type":"BreadcrumbList","@id":"https:\/\/shop.bantam.ch\/fr\/produit\/service-de-table-16-couverts-classic-line-granite\/#breadcrumb","itemListElement":[{"@type":"ListItem","position":1,"name":"Accueil","item":"https:\/\/shop.bantam.ch\/fr\/"},{"@type":"ListItem","position":2,"name":"Boutique","item":"https:\/\/shop.bantam.ch\/fr\/boutique\/"},{"@type":"ListItem","position":3,"name":"Service de vaisselle Gimex Classic Line, Granit 16\u00a0pi\u00e8ces"}]},{"@type":"WebSite","@id":"https:\/\/shop.bantam.ch\/fr\/#website","url":"https:\/\/shop.bantam.ch\/fr\/","name":"Bantam Wankm\u00fcller SA","description":"","publisher":{"@id":"https:\/\/shop.bantam.ch\/fr\/#organization"},"inLanguage":"fr-FR"},{"@type":"Organization","@id":"https:\/\/shop.bantam.ch\/fr\/#organization","name":"Bantam Wankm\u00fcller SA","url":"https:\/\/shop.bantam.ch\/fr\/","logo":{"@type":"ImageObject","inLanguage":"fr-FR","@id":"https:\/\/shop.bantam.ch\/fr\/#\/schema\/logo\/image\/","url":"https:\/\/shop.bantam.ch\/wp-content\/uploads\/2022\/12\/bantam-logo.png","contentUrl":"https:\/\/shop.bantam.ch\/wp-content\/uploads\/2022\/12\/bantam-logo.png","width":320,"height":71,"caption":"Bantam Wankm\u00fcller SA"},"image":{"@id":"https:\/\/shop.bantam.ch\/fr\/#\/schema\/logo\/image\/"}}]}},"_links":{"self":[{"href":"https:\/\/shop.bantam.ch\/fr\/wp-json\/wp\/v2\/product\/97433","targetHints":{"allow":["GET"]}}],"collection":[{"href":"https:\/\/shop.bantam.ch\/fr\/wp-json\/wp\/v2\/product"}],"about":[{"href":"https:\/\/shop.bantam.ch\/fr\/wp-json\/wp\/v2\/types\/product"}],"wp:featuredmedia":[{"embeddable":true,"href":"https:\/\/shop.bantam.ch\/fr\/wp-json\/wp\/v2\/media\/97431"}],"wp:attachment":[{"href":"https:\/\/shop.bantam.ch\/fr\/wp-json\/wp\/v2\/media?parent=97433"}],"wp:term":[{"taxonomy":"product_featured_cat","embeddable":true,"href":"https:\/\/shop.bantam.ch\/fr\/wp-json\/wp\/v2\/product_featured_cat?post=97433"},{"taxonomy":"product_brand","embeddable":true,"href":"https:\/\/shop.bantam.ch\/fr\/wp-json\/wp\/v2\/product_brand?post=97433"},{"taxonomy":"product_cat","embeddable":true,"href":"https:\/\/shop.bantam.ch\/fr\/wp-json\/wp\/v2\/product_cat?post=97433"},{"taxonomy":"product_tag","embeddable":true,"href":"https:\/\/shop.bantam.ch\/fr\/wp-json\/wp\/v2\/product_tag?post=97433"}],"curies":[{"name":"wp","href":"https:\/\/api.w.org\/{rel}","templated":true}]}}