{"id":97389,"date":"2023-02-28T05:33:32","date_gmt":"2023-02-28T04:33:32","guid":{"rendered":"http:\/\/shop.bantam.ch\/produit\/batterie-de-cuisine-pirate-7-1-diametre-22-cm\/"},"modified":"2026-04-20T21:31:09","modified_gmt":"2026-04-20T19:31:09","slug":"batterie-de-cuisine-pirate-7-1-diametre-22-cm","status":"publish","type":"product","link":"https:\/\/shop.bantam.ch\/fr\/produit\/batterie-de-cuisine-pirate-7-1-diametre-22-cm\/","title":{"rendered":"Batterie de casseroles Pirate Syst\u00e8me VacuBlock"},"content":{"rendered":"<p>Le nouveau syst\u00e8me Vacublock prot\u00e8ge vos casseroles et vos po\u00eales pendant le trajet.<\/p>\n<ul>\n<li>Utilisation simple et intuitive<\/li>\n<li>Bloque les casseroles et les po\u00eales pendant que le v\u00e9hicule est en mouvement<\/li>\n<li>R\u00e9duit les rayures \u00e9ventuelles sur le rev\u00eatement anti-adh\u00e9sif.<\/li>\n<li>\u00c9vite les bruits g\u00eanants pendant le trajet.<\/li>\n<\/ul>\n<p>Couvercle en verre universel avec bord silicone \u00e9chelonn\u00e9 adapt\u00e9 aux casseroles et aux po\u00eales de diam\u00e8tres diff\u00e9rents. Caract\u00e9ristiques :<\/p>\n<ul>\n<li>Adapt\u00e9 au lave-vaisselle<\/li>\n<li>Orifice vapeur pour \u00e9galisation de la pression<\/li>\n<li>Pince peu encombrante<\/li>\n<li>Compatible syst\u00e8me VacuBlock<\/li>\n<\/ul>\n<p>Couvercle en verre \u00e0 rebord antibruit en silicone avec ouverture de tamis et fente pour fixer la pince.<\/p>\n<p>Caract\u00e9ristiques :<\/p>\n<ul>\n<li>Bord en silicone<\/li>\n<li>Lavable au lave-vaisselle<\/li>\n<li>Clapet de ventilation<\/li>\n<li>Pince peu encombrante<\/li>\n<\/ul>\n<p>Contenu de la livraison :<\/p>\n<ul>\n<li>Casserole 22 cm<\/li>\n<li>Casserole 18 cm<\/li>\n<li>Po\u00eale 22 cm<\/li>\n<li>Po\u00eale 20 cm<\/li>\n<li>Couvercle \u00e0 tamis 22 cm<\/li>\n<li>Couvercle 22\/20\/18 cm<\/li>\n<li>Poign\u00e9e pince<\/li>\n<li>1 bande de maintien pour casserole<\/li>\n<\/ul>\n<p>Types de cuisini\u00e8res : gaz, \u00e9lectrique, c\u00e9ramique, induction, foyer radiant<\/p>\n","protected":false},"excerpt":{"rendered":"<p>Le nouveau syst\u00e8me Vacublock prot\u00e8ge vos casseroles et vos po\u00eales pendant le trajet. Utilisation simple et intuitive Bloque les casseroles et les po\u00eales pendant que le v\u00e9hicule est en mouvement R\u00e9duit les rayures \u00e9ventuelles sur le rev\u00eatement anti-adh\u00e9sif. \u00c9vite les bruits g\u00eanants pendant le trajet. Couvercle en verre universel avec bord silicone \u00e9chelonn\u00e9 adapt\u00e9 aux [&hellip;]<\/p>\n","protected":false},"featured_media":97377,"template":"","meta":{"_acf_changed":false},"product_featured_cat":[1857],"product_brand":[3080],"product_cat":[4265],"product_tag":[],"class_list":{"0":"post-97389","1":"product","2":"type-product","3":"status-publish","4":"has-post-thumbnail","6":"product_featured_cat-equipement-du-camping-cariste","7":"product_brand-brunner","8":"product_cat-casseroles-poeles-et-sets","10":"first","11":"instock","12":"taxable","13":"shipping-taxable","14":"purchasable","15":"product-type-simple"},"acf":[],"yoast_head":"<!-- This site is optimized with the Yoast SEO plugin v27.4 - https:\/\/yoast.com\/product\/yoast-seo-wordpress\/ -->\n<title>Batterie de casseroles Pirate Syst\u00e8me VacuBlock - Bantam Wankm\u00fcller SA<\/title>\n<meta name=\"robots\" content=\"index, follow, max-snippet:-1, max-image-preview:large, max-video-preview:-1\" \/>\n<link rel=\"canonical\" href=\"https:\/\/shop.bantam.ch\/fr\/produit\/batterie-de-cuisine-pirate-7-1-diametre-22-cm\/\" \/>\n<meta property=\"og:locale\" content=\"fr_FR\" \/>\n<meta property=\"og:type\" content=\"article\" \/>\n<meta property=\"og:title\" content=\"Batterie de casseroles Pirate Syst\u00e8me VacuBlock - Bantam Wankm\u00fcller SA\" \/>\n<meta property=\"og:description\" content=\"Le nouveau syst\u00e8me Vacublock prot\u00e8ge vos casseroles et vos po\u00eales pendant le trajet. Utilisation simple et intuitive Bloque les casseroles et les po\u00eales pendant que le v\u00e9hicule est en mouvement R\u00e9duit les rayures \u00e9ventuelles sur le rev\u00eatement anti-adh\u00e9sif. \u00c9vite les bruits g\u00eanants pendant le trajet. Couvercle en verre universel avec bord silicone \u00e9chelonn\u00e9 adapt\u00e9 aux [&hellip;]\" \/>\n<meta property=\"og:url\" content=\"https:\/\/shop.bantam.ch\/fr\/produit\/batterie-de-cuisine-pirate-7-1-diametre-22-cm\/\" \/>\n<meta property=\"og:site_name\" content=\"Bantam Wankm\u00fcller SA\" \/>\n<meta property=\"article:modified_time\" content=\"2026-04-20T19:31:09+00:00\" \/>\n<meta property=\"og:image\" content=\"https:\/\/shop.bantam.ch\/wp-content\/uploads\/2023\/02\/993474711.jpg\" \/>\n\t<meta property=\"og:image:width\" content=\"1000\" \/>\n\t<meta property=\"og:image:height\" content=\"623\" \/>\n\t<meta property=\"og:image:type\" content=\"image\/jpeg\" \/>\n<meta name=\"twitter:card\" content=\"summary_large_image\" \/>\n<meta name=\"twitter:label1\" content=\"Dur\u00e9e de lecture estim\u00e9e\" \/>\n\t<meta name=\"twitter:data1\" content=\"1 minute\" \/>\n<script type=\"application\/ld+json\" class=\"yoast-schema-graph\">{\"@context\":\"https:\\\/\\\/schema.org\",\"@graph\":[{\"@type\":\"WebPage\",\"@id\":\"https:\\\/\\\/shop.bantam.ch\\\/fr\\\/produit\\\/batterie-de-cuisine-pirate-7-1-diametre-22-cm\\\/\",\"url\":\"https:\\\/\\\/shop.bantam.ch\\\/fr\\\/produit\\\/batterie-de-cuisine-pirate-7-1-diametre-22-cm\\\/\",\"name\":\"Batterie de casseroles Pirate Syst\u00e8me VacuBlock - Bantam Wankm\u00fcller SA\",\"isPartOf\":{\"@id\":\"https:\\\/\\\/shop.bantam.ch\\\/fr\\\/#website\"},\"primaryImageOfPage\":{\"@id\":\"https:\\\/\\\/shop.bantam.ch\\\/fr\\\/produit\\\/batterie-de-cuisine-pirate-7-1-diametre-22-cm\\\/#primaryimage\"},\"image\":{\"@id\":\"https:\\\/\\\/shop.bantam.ch\\\/fr\\\/produit\\\/batterie-de-cuisine-pirate-7-1-diametre-22-cm\\\/#primaryimage\"},\"thumbnailUrl\":\"https:\\\/\\\/shop.bantam.ch\\\/wp-content\\\/uploads\\\/2023\\\/02\\\/993474711.jpg\",\"datePublished\":\"2023-02-28T04:33:32+00:00\",\"dateModified\":\"2026-04-20T19:31:09+00:00\",\"breadcrumb\":{\"@id\":\"https:\\\/\\\/shop.bantam.ch\\\/fr\\\/produit\\\/batterie-de-cuisine-pirate-7-1-diametre-22-cm\\\/#breadcrumb\"},\"inLanguage\":\"fr-FR\",\"potentialAction\":[{\"@type\":\"ReadAction\",\"target\":[\"https:\\\/\\\/shop.bantam.ch\\\/fr\\\/produit\\\/batterie-de-cuisine-pirate-7-1-diametre-22-cm\\\/\"]}]},{\"@type\":\"ImageObject\",\"inLanguage\":\"fr-FR\",\"@id\":\"https:\\\/\\\/shop.bantam.ch\\\/fr\\\/produit\\\/batterie-de-cuisine-pirate-7-1-diametre-22-cm\\\/#primaryimage\",\"url\":\"https:\\\/\\\/shop.bantam.ch\\\/wp-content\\\/uploads\\\/2023\\\/02\\\/993474711.jpg\",\"contentUrl\":\"https:\\\/\\\/shop.bantam.ch\\\/wp-content\\\/uploads\\\/2023\\\/02\\\/993474711.jpg\",\"width\":1000,\"height\":623},{\"@type\":\"BreadcrumbList\",\"@id\":\"https:\\\/\\\/shop.bantam.ch\\\/fr\\\/produit\\\/batterie-de-cuisine-pirate-7-1-diametre-22-cm\\\/#breadcrumb\",\"itemListElement\":[{\"@type\":\"ListItem\",\"position\":1,\"name\":\"Accueil\",\"item\":\"https:\\\/\\\/shop.bantam.ch\\\/fr\\\/\"},{\"@type\":\"ListItem\",\"position\":2,\"name\":\"Boutique\",\"item\":\"https:\\\/\\\/shop.bantam.ch\\\/fr\\\/boutique\\\/\"},{\"@type\":\"ListItem\",\"position\":3,\"name\":\"Batterie de casseroles Pirate Syst\u00e8me VacuBlock\"}]},{\"@type\":\"WebSite\",\"@id\":\"https:\\\/\\\/shop.bantam.ch\\\/fr\\\/#website\",\"url\":\"https:\\\/\\\/shop.bantam.ch\\\/fr\\\/\",\"name\":\"Bantam Wankm\u00fcller SA\",\"description\":\"\",\"publisher\":{\"@id\":\"https:\\\/\\\/shop.bantam.ch\\\/fr\\\/#organization\"},\"inLanguage\":\"fr-FR\"},{\"@type\":\"Organization\",\"@id\":\"https:\\\/\\\/shop.bantam.ch\\\/fr\\\/#organization\",\"name\":\"Bantam Wankm\u00fcller SA\",\"url\":\"https:\\\/\\\/shop.bantam.ch\\\/fr\\\/\",\"logo\":{\"@type\":\"ImageObject\",\"inLanguage\":\"fr-FR\",\"@id\":\"https:\\\/\\\/shop.bantam.ch\\\/fr\\\/#\\\/schema\\\/logo\\\/image\\\/\",\"url\":\"https:\\\/\\\/shop.bantam.ch\\\/wp-content\\\/uploads\\\/2022\\\/12\\\/bantam-logo.png\",\"contentUrl\":\"https:\\\/\\\/shop.bantam.ch\\\/wp-content\\\/uploads\\\/2022\\\/12\\\/bantam-logo.png\",\"width\":320,\"height\":71,\"caption\":\"Bantam Wankm\u00fcller SA\"},\"image\":{\"@id\":\"https:\\\/\\\/shop.bantam.ch\\\/fr\\\/#\\\/schema\\\/logo\\\/image\\\/\"}}]}<\/script>\n<!-- \/ Yoast SEO plugin. -->","yoast_head_json":{"title":"Batterie de casseroles Pirate Syst\u00e8me VacuBlock - Bantam Wankm\u00fcller SA","robots":{"index":"index","follow":"follow","max-snippet":"max-snippet:-1","max-image-preview":"max-image-preview:large","max-video-preview":"max-video-preview:-1"},"canonical":"https:\/\/shop.bantam.ch\/fr\/produit\/batterie-de-cuisine-pirate-7-1-diametre-22-cm\/","og_locale":"fr_FR","og_type":"article","og_title":"Batterie de casseroles Pirate Syst\u00e8me VacuBlock - Bantam Wankm\u00fcller SA","og_description":"Le nouveau syst\u00e8me Vacublock prot\u00e8ge vos casseroles et vos po\u00eales pendant le trajet. Utilisation simple et intuitive Bloque les casseroles et les po\u00eales pendant que le v\u00e9hicule est en mouvement R\u00e9duit les rayures \u00e9ventuelles sur le rev\u00eatement anti-adh\u00e9sif. \u00c9vite les bruits g\u00eanants pendant le trajet. Couvercle en verre universel avec bord silicone \u00e9chelonn\u00e9 adapt\u00e9 aux [&hellip;]","og_url":"https:\/\/shop.bantam.ch\/fr\/produit\/batterie-de-cuisine-pirate-7-1-diametre-22-cm\/","og_site_name":"Bantam Wankm\u00fcller SA","article_modified_time":"2026-04-20T19:31:09+00:00","og_image":[{"width":1000,"height":623,"url":"https:\/\/shop.bantam.ch\/wp-content\/uploads\/2023\/02\/993474711.jpg","type":"image\/jpeg"}],"twitter_card":"summary_large_image","twitter_misc":{"Dur\u00e9e de lecture estim\u00e9e":"1 minute"},"schema":{"@context":"https:\/\/schema.org","@graph":[{"@type":"WebPage","@id":"https:\/\/shop.bantam.ch\/fr\/produit\/batterie-de-cuisine-pirate-7-1-diametre-22-cm\/","url":"https:\/\/shop.bantam.ch\/fr\/produit\/batterie-de-cuisine-pirate-7-1-diametre-22-cm\/","name":"Batterie de casseroles Pirate Syst\u00e8me VacuBlock - Bantam Wankm\u00fcller SA","isPartOf":{"@id":"https:\/\/shop.bantam.ch\/fr\/#website"},"primaryImageOfPage":{"@id":"https:\/\/shop.bantam.ch\/fr\/produit\/batterie-de-cuisine-pirate-7-1-diametre-22-cm\/#primaryimage"},"image":{"@id":"https:\/\/shop.bantam.ch\/fr\/produit\/batterie-de-cuisine-pirate-7-1-diametre-22-cm\/#primaryimage"},"thumbnailUrl":"https:\/\/shop.bantam.ch\/wp-content\/uploads\/2023\/02\/993474711.jpg","datePublished":"2023-02-28T04:33:32+00:00","dateModified":"2026-04-20T19:31:09+00:00","breadcrumb":{"@id":"https:\/\/shop.bantam.ch\/fr\/produit\/batterie-de-cuisine-pirate-7-1-diametre-22-cm\/#breadcrumb"},"inLanguage":"fr-FR","potentialAction":[{"@type":"ReadAction","target":["https:\/\/shop.bantam.ch\/fr\/produit\/batterie-de-cuisine-pirate-7-1-diametre-22-cm\/"]}]},{"@type":"ImageObject","inLanguage":"fr-FR","@id":"https:\/\/shop.bantam.ch\/fr\/produit\/batterie-de-cuisine-pirate-7-1-diametre-22-cm\/#primaryimage","url":"https:\/\/shop.bantam.ch\/wp-content\/uploads\/2023\/02\/993474711.jpg","contentUrl":"https:\/\/shop.bantam.ch\/wp-content\/uploads\/2023\/02\/993474711.jpg","width":1000,"height":623},{"@type":"BreadcrumbList","@id":"https:\/\/shop.bantam.ch\/fr\/produit\/batterie-de-cuisine-pirate-7-1-diametre-22-cm\/#breadcrumb","itemListElement":[{"@type":"ListItem","position":1,"name":"Accueil","item":"https:\/\/shop.bantam.ch\/fr\/"},{"@type":"ListItem","position":2,"name":"Boutique","item":"https:\/\/shop.bantam.ch\/fr\/boutique\/"},{"@type":"ListItem","position":3,"name":"Batterie de casseroles Pirate Syst\u00e8me VacuBlock"}]},{"@type":"WebSite","@id":"https:\/\/shop.bantam.ch\/fr\/#website","url":"https:\/\/shop.bantam.ch\/fr\/","name":"Bantam Wankm\u00fcller SA","description":"","publisher":{"@id":"https:\/\/shop.bantam.ch\/fr\/#organization"},"inLanguage":"fr-FR"},{"@type":"Organization","@id":"https:\/\/shop.bantam.ch\/fr\/#organization","name":"Bantam Wankm\u00fcller SA","url":"https:\/\/shop.bantam.ch\/fr\/","logo":{"@type":"ImageObject","inLanguage":"fr-FR","@id":"https:\/\/shop.bantam.ch\/fr\/#\/schema\/logo\/image\/","url":"https:\/\/shop.bantam.ch\/wp-content\/uploads\/2022\/12\/bantam-logo.png","contentUrl":"https:\/\/shop.bantam.ch\/wp-content\/uploads\/2022\/12\/bantam-logo.png","width":320,"height":71,"caption":"Bantam Wankm\u00fcller SA"},"image":{"@id":"https:\/\/shop.bantam.ch\/fr\/#\/schema\/logo\/image\/"}}]}},"_links":{"self":[{"href":"https:\/\/shop.bantam.ch\/fr\/wp-json\/wp\/v2\/product\/97389","targetHints":{"allow":["GET"]}}],"collection":[{"href":"https:\/\/shop.bantam.ch\/fr\/wp-json\/wp\/v2\/product"}],"about":[{"href":"https:\/\/shop.bantam.ch\/fr\/wp-json\/wp\/v2\/types\/product"}],"wp:featuredmedia":[{"embeddable":true,"href":"https:\/\/shop.bantam.ch\/fr\/wp-json\/wp\/v2\/media\/97377"}],"wp:attachment":[{"href":"https:\/\/shop.bantam.ch\/fr\/wp-json\/wp\/v2\/media?parent=97389"}],"wp:term":[{"taxonomy":"product_featured_cat","embeddable":true,"href":"https:\/\/shop.bantam.ch\/fr\/wp-json\/wp\/v2\/product_featured_cat?post=97389"},{"taxonomy":"product_brand","embeddable":true,"href":"https:\/\/shop.bantam.ch\/fr\/wp-json\/wp\/v2\/product_brand?post=97389"},{"taxonomy":"product_cat","embeddable":true,"href":"https:\/\/shop.bantam.ch\/fr\/wp-json\/wp\/v2\/product_cat?post=97389"},{"taxonomy":"product_tag","embeddable":true,"href":"https:\/\/shop.bantam.ch\/fr\/wp-json\/wp\/v2\/product_tag?post=97389"}],"curies":[{"name":"wp","href":"https:\/\/api.w.org\/{rel}","templated":true}]}}