{"id":97349,"date":"2023-02-28T05:32:45","date_gmt":"2023-02-28T04:32:45","guid":{"rendered":"http:\/\/shop.bantam.ch\/produit\/tuyau-deau-potable-chaude-native\/"},"modified":"2026-05-01T22:53:28","modified_gmt":"2026-05-01T20:53:28","slug":"tuyau-deau-potable-chaude-native","status":"publish","type":"product","link":"https:\/\/shop.bantam.ch\/fr\/produit\/tuyau-deau-potable-chaude-native\/","title":{"rendered":"Tuyau d\u2019eau potable chaude native"},"content":{"rendered":"<p>Tuyau d&rsquo;eau potable LILIE native &#8211; r\u00e9sistant aux temp\u00e9ratures et flexible La solution optimale pour le transfert complet dans le v\u00e9hicule. Adapt\u00e9 \u00e0 un branchement direct sur la chaudi\u00e8re sans conduits de protection additionnels. Reconnu comme de bonne qualit\u00e9 par les principaux fabricants de chaudi\u00e8res.<\/p>\n<ul>\n<li>R\u00e9duit les bruits et les vibrations<\/li>\n<li>Extr\u00eamement souple, plus petit rayon de courbure de 35 mm<\/li>\n<li>Pas de formation de nodules ni de cassures<\/li>\n<li>R\u00e9siste \u00e0 plus de 17 bars de pression<\/li>\n<li>\u00c0 court terme, r\u00e9siste \u00e0 des temp\u00e9ratures jusqu\u2019\u00e0 100\u00b0C<\/li>\n<li>Particuli\u00e8rement l\u00e9g\u00e8re<\/li>\n<li>Inodore et sans go\u00fbt<\/li>\n<li>Satisfait les normes d\u2019eau potable les plus r\u00e9centes<\/li>\n<li>Eau potable certifi\u00e9e d\u2019apr\u00e8s les normes DVGW et KTW<\/li>\n<li>\u00c9tiquetage color\u00e9 des tuyaux d\u2019eau froide et d\u2019eau chaude<\/li>\n<li>Flexibilit\u00e9 unique avec stabilit\u00e9 de forme simultan\u00e9e<\/li>\n<li>Protection unique contre les cassures<\/li>\n<\/ul>\n","protected":false},"excerpt":{"rendered":"<p>Tuyau d&rsquo;eau potable LILIE native &#8211; r\u00e9sistant aux temp\u00e9ratures et flexible La solution optimale pour le transfert complet dans le v\u00e9hicule. Adapt\u00e9 \u00e0 un branchement direct sur la chaudi\u00e8re sans conduits de protection additionnels. Reconnu comme de bonne qualit\u00e9 par les principaux fabricants de chaudi\u00e8res. R\u00e9duit les bruits et les vibrations Extr\u00eamement souple, plus petit [&hellip;]<\/p>\n","protected":false},"featured_media":97345,"template":"","meta":{"_acf_changed":false},"product_featured_cat":[],"product_brand":[3108],"product_cat":[5033],"product_tag":[],"class_list":{"0":"post-97349","1":"product","2":"type-product","3":"status-publish","4":"has-post-thumbnail","6":"product_brand-lilie","7":"product_cat-tuyaux-deau","9":"first","10":"instock","11":"taxable","12":"shipping-taxable","13":"purchasable","14":"product-type-variable"},"acf":[],"yoast_head":"<!-- This site is optimized with the Yoast SEO plugin v27.5 - https:\/\/yoast.com\/product\/yoast-seo-wordpress\/ -->\n<title>Tuyau d\u2019eau potable chaude native - Bantam<\/title>\n<meta name=\"robots\" content=\"index, follow, max-snippet:-1, max-image-preview:large, max-video-preview:-1\" \/>\n<link rel=\"canonical\" href=\"https:\/\/shop.bantam.ch\/fr\/produit\/tuyau-deau-potable-chaude-native\/\" \/>\n<meta property=\"og:locale\" content=\"fr_FR\" \/>\n<meta property=\"og:type\" content=\"article\" \/>\n<meta property=\"og:title\" content=\"Tuyau d\u2019eau potable chaude native - Bantam\" \/>\n<meta property=\"og:description\" content=\"Tuyau d&rsquo;eau potable LILIE native &#8211; r\u00e9sistant aux temp\u00e9ratures et flexible La solution optimale pour le transfert complet dans le v\u00e9hicule. Adapt\u00e9 \u00e0 un branchement direct sur la chaudi\u00e8re sans conduits de protection additionnels. Reconnu comme de bonne qualit\u00e9 par les principaux fabricants de chaudi\u00e8res. R\u00e9duit les bruits et les vibrations Extr\u00eamement souple, plus petit [&hellip;]\" \/>\n<meta property=\"og:url\" content=\"https:\/\/shop.bantam.ch\/fr\/produit\/tuyau-deau-potable-chaude-native\/\" \/>\n<meta property=\"og:site_name\" content=\"Bantam\" \/>\n<meta property=\"article:modified_time\" content=\"2026-05-01T20:53:28+00:00\" \/>\n<meta property=\"og:image\" content=\"https:\/\/shop.bantam.ch\/wp-content\/uploads\/2023\/02\/9912833100.jpg\" \/>\n\t<meta property=\"og:image:width\" content=\"140\" \/>\n\t<meta property=\"og:image:height\" content=\"1000\" \/>\n\t<meta property=\"og:image:type\" content=\"image\/jpeg\" \/>\n<meta name=\"twitter:card\" content=\"summary_large_image\" \/>\n<meta name=\"twitter:label1\" content=\"Dur\u00e9e de lecture estim\u00e9e\" \/>\n\t<meta name=\"twitter:data1\" content=\"1 minute\" \/>\n<script type=\"application\/ld+json\" class=\"yoast-schema-graph\">{\"@context\":\"https:\\\/\\\/schema.org\",\"@graph\":[{\"@type\":\"WebPage\",\"@id\":\"https:\\\/\\\/shop.bantam.ch\\\/fr\\\/produit\\\/tuyau-deau-potable-chaude-native\\\/\",\"url\":\"https:\\\/\\\/shop.bantam.ch\\\/fr\\\/produit\\\/tuyau-deau-potable-chaude-native\\\/\",\"name\":\"Tuyau d\u2019eau potable chaude native - Bantam\",\"isPartOf\":{\"@id\":\"https:\\\/\\\/shop.bantam.ch\\\/fr\\\/#website\"},\"primaryImageOfPage\":{\"@id\":\"https:\\\/\\\/shop.bantam.ch\\\/fr\\\/produit\\\/tuyau-deau-potable-chaude-native\\\/#primaryimage\"},\"image\":{\"@id\":\"https:\\\/\\\/shop.bantam.ch\\\/fr\\\/produit\\\/tuyau-deau-potable-chaude-native\\\/#primaryimage\"},\"thumbnailUrl\":\"https:\\\/\\\/shop.bantam.ch\\\/wp-content\\\/uploads\\\/2023\\\/02\\\/9912833100.jpg\",\"datePublished\":\"2023-02-28T04:32:45+00:00\",\"dateModified\":\"2026-05-01T20:53:28+00:00\",\"breadcrumb\":{\"@id\":\"https:\\\/\\\/shop.bantam.ch\\\/fr\\\/produit\\\/tuyau-deau-potable-chaude-native\\\/#breadcrumb\"},\"inLanguage\":\"fr-FR\",\"potentialAction\":[{\"@type\":\"ReadAction\",\"target\":[\"https:\\\/\\\/shop.bantam.ch\\\/fr\\\/produit\\\/tuyau-deau-potable-chaude-native\\\/\"]}]},{\"@type\":\"ImageObject\",\"inLanguage\":\"fr-FR\",\"@id\":\"https:\\\/\\\/shop.bantam.ch\\\/fr\\\/produit\\\/tuyau-deau-potable-chaude-native\\\/#primaryimage\",\"url\":\"https:\\\/\\\/shop.bantam.ch\\\/wp-content\\\/uploads\\\/2023\\\/02\\\/9912833100.jpg\",\"contentUrl\":\"https:\\\/\\\/shop.bantam.ch\\\/wp-content\\\/uploads\\\/2023\\\/02\\\/9912833100.jpg\",\"width\":140,\"height\":1000},{\"@type\":\"BreadcrumbList\",\"@id\":\"https:\\\/\\\/shop.bantam.ch\\\/fr\\\/produit\\\/tuyau-deau-potable-chaude-native\\\/#breadcrumb\",\"itemListElement\":[{\"@type\":\"ListItem\",\"position\":1,\"name\":\"Accueil\",\"item\":\"https:\\\/\\\/shop.bantam.ch\\\/fr\\\/\"},{\"@type\":\"ListItem\",\"position\":2,\"name\":\"Boutique\",\"item\":\"https:\\\/\\\/shop.bantam.ch\\\/fr\\\/boutique\\\/\"},{\"@type\":\"ListItem\",\"position\":3,\"name\":\"Tuyau d\u2019eau potable chaude native\"}]},{\"@type\":\"WebSite\",\"@id\":\"https:\\\/\\\/shop.bantam.ch\\\/fr\\\/#website\",\"url\":\"https:\\\/\\\/shop.bantam.ch\\\/fr\\\/\",\"name\":\"Bantam\",\"description\":\"\",\"publisher\":{\"@id\":\"https:\\\/\\\/shop.bantam.ch\\\/fr\\\/#organization\"},\"inLanguage\":\"fr-FR\"},{\"@type\":\"Organization\",\"@id\":\"https:\\\/\\\/shop.bantam.ch\\\/fr\\\/#organization\",\"name\":\"Bantam\",\"url\":\"https:\\\/\\\/shop.bantam.ch\\\/fr\\\/\",\"logo\":{\"@type\":\"ImageObject\",\"inLanguage\":\"fr-FR\",\"@id\":\"https:\\\/\\\/shop.bantam.ch\\\/fr\\\/#\\\/schema\\\/logo\\\/image\\\/\",\"url\":\"https:\\\/\\\/shop.bantam.ch\\\/wp-content\\\/uploads\\\/2022\\\/12\\\/bantam-logo.png\",\"contentUrl\":\"https:\\\/\\\/shop.bantam.ch\\\/wp-content\\\/uploads\\\/2022\\\/12\\\/bantam-logo.png\",\"width\":320,\"height\":71,\"caption\":\"Bantam\"},\"image\":{\"@id\":\"https:\\\/\\\/shop.bantam.ch\\\/fr\\\/#\\\/schema\\\/logo\\\/image\\\/\"}}]}<\/script>\n<!-- \/ Yoast SEO plugin. -->","yoast_head_json":{"title":"Tuyau d\u2019eau potable chaude native - Bantam","robots":{"index":"index","follow":"follow","max-snippet":"max-snippet:-1","max-image-preview":"max-image-preview:large","max-video-preview":"max-video-preview:-1"},"canonical":"https:\/\/shop.bantam.ch\/fr\/produit\/tuyau-deau-potable-chaude-native\/","og_locale":"fr_FR","og_type":"article","og_title":"Tuyau d\u2019eau potable chaude native - Bantam","og_description":"Tuyau d&rsquo;eau potable LILIE native &#8211; r\u00e9sistant aux temp\u00e9ratures et flexible La solution optimale pour le transfert complet dans le v\u00e9hicule. Adapt\u00e9 \u00e0 un branchement direct sur la chaudi\u00e8re sans conduits de protection additionnels. Reconnu comme de bonne qualit\u00e9 par les principaux fabricants de chaudi\u00e8res. R\u00e9duit les bruits et les vibrations Extr\u00eamement souple, plus petit [&hellip;]","og_url":"https:\/\/shop.bantam.ch\/fr\/produit\/tuyau-deau-potable-chaude-native\/","og_site_name":"Bantam","article_modified_time":"2026-05-01T20:53:28+00:00","og_image":[{"width":140,"height":1000,"url":"https:\/\/shop.bantam.ch\/wp-content\/uploads\/2023\/02\/9912833100.jpg","type":"image\/jpeg"}],"twitter_card":"summary_large_image","twitter_misc":{"Dur\u00e9e de lecture estim\u00e9e":"1 minute"},"schema":{"@context":"https:\/\/schema.org","@graph":[{"@type":"WebPage","@id":"https:\/\/shop.bantam.ch\/fr\/produit\/tuyau-deau-potable-chaude-native\/","url":"https:\/\/shop.bantam.ch\/fr\/produit\/tuyau-deau-potable-chaude-native\/","name":"Tuyau d\u2019eau potable chaude native - Bantam","isPartOf":{"@id":"https:\/\/shop.bantam.ch\/fr\/#website"},"primaryImageOfPage":{"@id":"https:\/\/shop.bantam.ch\/fr\/produit\/tuyau-deau-potable-chaude-native\/#primaryimage"},"image":{"@id":"https:\/\/shop.bantam.ch\/fr\/produit\/tuyau-deau-potable-chaude-native\/#primaryimage"},"thumbnailUrl":"https:\/\/shop.bantam.ch\/wp-content\/uploads\/2023\/02\/9912833100.jpg","datePublished":"2023-02-28T04:32:45+00:00","dateModified":"2026-05-01T20:53:28+00:00","breadcrumb":{"@id":"https:\/\/shop.bantam.ch\/fr\/produit\/tuyau-deau-potable-chaude-native\/#breadcrumb"},"inLanguage":"fr-FR","potentialAction":[{"@type":"ReadAction","target":["https:\/\/shop.bantam.ch\/fr\/produit\/tuyau-deau-potable-chaude-native\/"]}]},{"@type":"ImageObject","inLanguage":"fr-FR","@id":"https:\/\/shop.bantam.ch\/fr\/produit\/tuyau-deau-potable-chaude-native\/#primaryimage","url":"https:\/\/shop.bantam.ch\/wp-content\/uploads\/2023\/02\/9912833100.jpg","contentUrl":"https:\/\/shop.bantam.ch\/wp-content\/uploads\/2023\/02\/9912833100.jpg","width":140,"height":1000},{"@type":"BreadcrumbList","@id":"https:\/\/shop.bantam.ch\/fr\/produit\/tuyau-deau-potable-chaude-native\/#breadcrumb","itemListElement":[{"@type":"ListItem","position":1,"name":"Accueil","item":"https:\/\/shop.bantam.ch\/fr\/"},{"@type":"ListItem","position":2,"name":"Boutique","item":"https:\/\/shop.bantam.ch\/fr\/boutique\/"},{"@type":"ListItem","position":3,"name":"Tuyau d\u2019eau potable chaude native"}]},{"@type":"WebSite","@id":"https:\/\/shop.bantam.ch\/fr\/#website","url":"https:\/\/shop.bantam.ch\/fr\/","name":"Bantam","description":"","publisher":{"@id":"https:\/\/shop.bantam.ch\/fr\/#organization"},"inLanguage":"fr-FR"},{"@type":"Organization","@id":"https:\/\/shop.bantam.ch\/fr\/#organization","name":"Bantam","url":"https:\/\/shop.bantam.ch\/fr\/","logo":{"@type":"ImageObject","inLanguage":"fr-FR","@id":"https:\/\/shop.bantam.ch\/fr\/#\/schema\/logo\/image\/","url":"https:\/\/shop.bantam.ch\/wp-content\/uploads\/2022\/12\/bantam-logo.png","contentUrl":"https:\/\/shop.bantam.ch\/wp-content\/uploads\/2022\/12\/bantam-logo.png","width":320,"height":71,"caption":"Bantam"},"image":{"@id":"https:\/\/shop.bantam.ch\/fr\/#\/schema\/logo\/image\/"}}]}},"_links":{"self":[{"href":"https:\/\/shop.bantam.ch\/fr\/wp-json\/wp\/v2\/product\/97349","targetHints":{"allow":["GET"]}}],"collection":[{"href":"https:\/\/shop.bantam.ch\/fr\/wp-json\/wp\/v2\/product"}],"about":[{"href":"https:\/\/shop.bantam.ch\/fr\/wp-json\/wp\/v2\/types\/product"}],"wp:featuredmedia":[{"embeddable":true,"href":"https:\/\/shop.bantam.ch\/fr\/wp-json\/wp\/v2\/media\/97345"}],"wp:attachment":[{"href":"https:\/\/shop.bantam.ch\/fr\/wp-json\/wp\/v2\/media?parent=97349"}],"wp:term":[{"taxonomy":"product_featured_cat","embeddable":true,"href":"https:\/\/shop.bantam.ch\/fr\/wp-json\/wp\/v2\/product_featured_cat?post=97349"},{"taxonomy":"product_brand","embeddable":true,"href":"https:\/\/shop.bantam.ch\/fr\/wp-json\/wp\/v2\/product_brand?post=97349"},{"taxonomy":"product_cat","embeddable":true,"href":"https:\/\/shop.bantam.ch\/fr\/wp-json\/wp\/v2\/product_cat?post=97349"},{"taxonomy":"product_tag","embeddable":true,"href":"https:\/\/shop.bantam.ch\/fr\/wp-json\/wp\/v2\/product_tag?post=97349"}],"curies":[{"name":"wp","href":"https:\/\/api.w.org\/{rel}","templated":true}]}}