{"id":97101,"date":"2023-02-28T05:28:04","date_gmt":"2023-02-28T04:28:04","guid":{"rendered":"http:\/\/shop.bantam.ch\/produit\/porte-velos-bike-rack-pour-3\/"},"modified":"2026-04-17T22:54:54","modified_gmt":"2026-04-17T20:54:54","slug":"porte-velos-bike-rack-pour-3","status":"publish","type":"product","link":"https:\/\/shop.bantam.ch\/fr\/produit\/porte-velos-bike-rack-pour-3\/","title":{"rendered":"Porte-v\u00e9los Bike Rack pour 3"},"content":{"rendered":"<p>Les plus beaux endroits de vacances sont encore plus agr\u00e9ables \u00e0 d\u00e9couvrir en v\u00e9lo. Donc n\u2019oubliez surtout pas votre v\u00e9lo ! Nous avons la solution : le porte-v\u00e9los Quipon Bike Rack.<br \/>Fabriqu\u00e9 en aluminium de haute qualit\u00e9 &#8211; Made in Germany. Les rails peuvent \u00eatre couliss\u00e9s lat\u00e9ralement pour une position optimale de votre v\u00e9lo.  Les mat\u00e9riaux r\u00e9sistants aux intemp\u00e9ries ainsi que la facilit\u00e9 d\u2019utilisation sont la preuve d\u2019un niveau de qualit\u00e9 tr\u00e8s \u00e9lev\u00e9, de m\u00eame que le label de contr\u00f4le T\u00dcV\/GS.<\/p>\n<ul>\n<li>Convient aux familles\u00a0: pour v\u00e9los, v\u00e9los \u00e9lectriques ou v\u00e9los pour enfants.<\/li>\n<li>Made in Germany<\/li>\n<li>Fabriqu\u00e9 en aluminium de haute qualit\u00e9<\/li>\n<li>Les rails de montage peuvent \u00eatre d\u00e9plac\u00e9s lat\u00e9ralement<\/li>\n<li>Positionnement optimal des v\u00e9los<\/li>\n<li>R\u00e9sistant aux intemp\u00e9ries<\/li>\n<li>Utilisation conviviale<\/li>\n<\/ul>\n<p>Contenu de la livraison :<br \/>3 bras de maintien avec 3 longueurs diff\u00e9rentes pour un positionnement parfait des v\u00e9los.<br \/>Instructions de montage et mode d\u2019emploi tr\u00e8s complets<\/p>\n<p>Pour compl\u00e9ter le porte-v\u00e9los, un kit de fixation sup\u00e9rieure est requis. Il est disponible s\u00e9par\u00e9ment\u00a0:<\/p>\n<ul>\n<li>Kit universel\u00a0: N\u00b0 art. 9981106 (blanc) \/ 9948458 (argent)<\/li>\n<li>Pour Dethleffs, Sunlight, Carado\u00a0: N\u00b0 art. 9981137<\/li>\n<li>Pour Hymer\u00a0: N\u00b0 art. 9981106<\/li>\n<\/ul>\n","protected":false},"excerpt":{"rendered":"<p>Les plus beaux endroits de vacances sont encore plus agr\u00e9ables \u00e0 d\u00e9couvrir en v\u00e9lo. Donc n\u2019oubliez surtout pas votre v\u00e9lo ! Nous avons la solution : le porte-v\u00e9los Quipon Bike Rack.Fabriqu\u00e9 en aluminium de haute qualit\u00e9 &#8211; Made in Germany. Les rails peuvent \u00eatre couliss\u00e9s lat\u00e9ralement pour une position optimale de votre v\u00e9lo. Les mat\u00e9riaux [&hellip;]<\/p>\n","protected":false},"featured_media":97081,"template":"","meta":{"_acf_changed":false},"product_featured_cat":[],"product_brand":[3350],"product_cat":[5137],"product_tag":[],"class_list":{"0":"post-97101","1":"product","2":"type-product","3":"status-publish","4":"has-post-thumbnail","6":"product_brand-quipon","7":"product_cat-porte-velos-arriere","9":"first","10":"instock","11":"taxable","12":"shipping-taxable","13":"purchasable","14":"product-type-variable"},"acf":[],"yoast_head":"<!-- This site is optimized with the Yoast SEO plugin v27.4 - https:\/\/yoast.com\/product\/yoast-seo-wordpress\/ -->\n<title>Porte-v\u00e9los Bike Rack pour 3 - Bantam Wankm\u00fcller SA<\/title>\n<meta name=\"robots\" content=\"index, follow, max-snippet:-1, max-image-preview:large, max-video-preview:-1\" \/>\n<link rel=\"canonical\" href=\"https:\/\/shop.bantam.ch\/fr\/produit\/porte-velos-bike-rack-pour-3\/\" \/>\n<meta property=\"og:locale\" content=\"fr_FR\" \/>\n<meta property=\"og:type\" content=\"article\" \/>\n<meta property=\"og:title\" content=\"Porte-v\u00e9los Bike Rack pour 3 - Bantam Wankm\u00fcller SA\" \/>\n<meta property=\"og:description\" content=\"Les plus beaux endroits de vacances sont encore plus agr\u00e9ables \u00e0 d\u00e9couvrir en v\u00e9lo. Donc n\u2019oubliez surtout pas votre v\u00e9lo ! Nous avons la solution : le porte-v\u00e9los Quipon Bike Rack.Fabriqu\u00e9 en aluminium de haute qualit\u00e9 &#8211; Made in Germany. Les rails peuvent \u00eatre couliss\u00e9s lat\u00e9ralement pour une position optimale de votre v\u00e9lo. Les mat\u00e9riaux [&hellip;]\" \/>\n<meta property=\"og:url\" content=\"https:\/\/shop.bantam.ch\/fr\/produit\/porte-velos-bike-rack-pour-3\/\" \/>\n<meta property=\"og:site_name\" content=\"Bantam Wankm\u00fcller SA\" \/>\n<meta property=\"article:modified_time\" content=\"2026-04-17T20:54:54+00:00\" \/>\n<meta property=\"og:image\" content=\"https:\/\/shop.bantam.ch\/wp-content\/uploads\/2023\/02\/9943393116Xk6sH5IfNgbb.jpg\" \/>\n\t<meta property=\"og:image:width\" content=\"777\" \/>\n\t<meta property=\"og:image:height\" content=\"1000\" \/>\n\t<meta property=\"og:image:type\" content=\"image\/jpeg\" \/>\n<meta name=\"twitter:card\" content=\"summary_large_image\" \/>\n<meta name=\"twitter:label1\" content=\"Dur\u00e9e de lecture estim\u00e9e\" \/>\n\t<meta name=\"twitter:data1\" content=\"1 minute\" \/>\n<script type=\"application\/ld+json\" class=\"yoast-schema-graph\">{\"@context\":\"https:\\\/\\\/schema.org\",\"@graph\":[{\"@type\":\"WebPage\",\"@id\":\"https:\\\/\\\/shop.bantam.ch\\\/fr\\\/produit\\\/porte-velos-bike-rack-pour-3\\\/\",\"url\":\"https:\\\/\\\/shop.bantam.ch\\\/fr\\\/produit\\\/porte-velos-bike-rack-pour-3\\\/\",\"name\":\"Porte-v\u00e9los Bike Rack pour 3 - Bantam Wankm\u00fcller SA\",\"isPartOf\":{\"@id\":\"https:\\\/\\\/shop.bantam.ch\\\/fr\\\/#website\"},\"primaryImageOfPage\":{\"@id\":\"https:\\\/\\\/shop.bantam.ch\\\/fr\\\/produit\\\/porte-velos-bike-rack-pour-3\\\/#primaryimage\"},\"image\":{\"@id\":\"https:\\\/\\\/shop.bantam.ch\\\/fr\\\/produit\\\/porte-velos-bike-rack-pour-3\\\/#primaryimage\"},\"thumbnailUrl\":\"https:\\\/\\\/shop.bantam.ch\\\/wp-content\\\/uploads\\\/2023\\\/02\\\/9943393116Xk6sH5IfNgbb.jpg\",\"datePublished\":\"2023-02-28T04:28:04+00:00\",\"dateModified\":\"2026-04-17T20:54:54+00:00\",\"breadcrumb\":{\"@id\":\"https:\\\/\\\/shop.bantam.ch\\\/fr\\\/produit\\\/porte-velos-bike-rack-pour-3\\\/#breadcrumb\"},\"inLanguage\":\"fr-FR\",\"potentialAction\":[{\"@type\":\"ReadAction\",\"target\":[\"https:\\\/\\\/shop.bantam.ch\\\/fr\\\/produit\\\/porte-velos-bike-rack-pour-3\\\/\"]}]},{\"@type\":\"ImageObject\",\"inLanguage\":\"fr-FR\",\"@id\":\"https:\\\/\\\/shop.bantam.ch\\\/fr\\\/produit\\\/porte-velos-bike-rack-pour-3\\\/#primaryimage\",\"url\":\"https:\\\/\\\/shop.bantam.ch\\\/wp-content\\\/uploads\\\/2023\\\/02\\\/9943393116Xk6sH5IfNgbb.jpg\",\"contentUrl\":\"https:\\\/\\\/shop.bantam.ch\\\/wp-content\\\/uploads\\\/2023\\\/02\\\/9943393116Xk6sH5IfNgbb.jpg\",\"width\":777,\"height\":1000},{\"@type\":\"BreadcrumbList\",\"@id\":\"https:\\\/\\\/shop.bantam.ch\\\/fr\\\/produit\\\/porte-velos-bike-rack-pour-3\\\/#breadcrumb\",\"itemListElement\":[{\"@type\":\"ListItem\",\"position\":1,\"name\":\"Accueil\",\"item\":\"https:\\\/\\\/shop.bantam.ch\\\/fr\\\/\"},{\"@type\":\"ListItem\",\"position\":2,\"name\":\"Boutique\",\"item\":\"https:\\\/\\\/shop.bantam.ch\\\/fr\\\/boutique\\\/\"},{\"@type\":\"ListItem\",\"position\":3,\"name\":\"Porte-v\u00e9los Bike Rack pour 3\"}]},{\"@type\":\"WebSite\",\"@id\":\"https:\\\/\\\/shop.bantam.ch\\\/fr\\\/#website\",\"url\":\"https:\\\/\\\/shop.bantam.ch\\\/fr\\\/\",\"name\":\"Bantam Wankm\u00fcller SA\",\"description\":\"\",\"publisher\":{\"@id\":\"https:\\\/\\\/shop.bantam.ch\\\/fr\\\/#organization\"},\"inLanguage\":\"fr-FR\"},{\"@type\":\"Organization\",\"@id\":\"https:\\\/\\\/shop.bantam.ch\\\/fr\\\/#organization\",\"name\":\"Bantam Wankm\u00fcller SA\",\"url\":\"https:\\\/\\\/shop.bantam.ch\\\/fr\\\/\",\"logo\":{\"@type\":\"ImageObject\",\"inLanguage\":\"fr-FR\",\"@id\":\"https:\\\/\\\/shop.bantam.ch\\\/fr\\\/#\\\/schema\\\/logo\\\/image\\\/\",\"url\":\"https:\\\/\\\/shop.bantam.ch\\\/wp-content\\\/uploads\\\/2022\\\/12\\\/bantam-logo.png\",\"contentUrl\":\"https:\\\/\\\/shop.bantam.ch\\\/wp-content\\\/uploads\\\/2022\\\/12\\\/bantam-logo.png\",\"width\":320,\"height\":71,\"caption\":\"Bantam Wankm\u00fcller SA\"},\"image\":{\"@id\":\"https:\\\/\\\/shop.bantam.ch\\\/fr\\\/#\\\/schema\\\/logo\\\/image\\\/\"}}]}<\/script>\n<!-- \/ Yoast SEO plugin. -->","yoast_head_json":{"title":"Porte-v\u00e9los Bike Rack pour 3 - Bantam Wankm\u00fcller SA","robots":{"index":"index","follow":"follow","max-snippet":"max-snippet:-1","max-image-preview":"max-image-preview:large","max-video-preview":"max-video-preview:-1"},"canonical":"https:\/\/shop.bantam.ch\/fr\/produit\/porte-velos-bike-rack-pour-3\/","og_locale":"fr_FR","og_type":"article","og_title":"Porte-v\u00e9los Bike Rack pour 3 - Bantam Wankm\u00fcller SA","og_description":"Les plus beaux endroits de vacances sont encore plus agr\u00e9ables \u00e0 d\u00e9couvrir en v\u00e9lo. Donc n\u2019oubliez surtout pas votre v\u00e9lo ! Nous avons la solution : le porte-v\u00e9los Quipon Bike Rack.Fabriqu\u00e9 en aluminium de haute qualit\u00e9 &#8211; Made in Germany. Les rails peuvent \u00eatre couliss\u00e9s lat\u00e9ralement pour une position optimale de votre v\u00e9lo. Les mat\u00e9riaux [&hellip;]","og_url":"https:\/\/shop.bantam.ch\/fr\/produit\/porte-velos-bike-rack-pour-3\/","og_site_name":"Bantam Wankm\u00fcller SA","article_modified_time":"2026-04-17T20:54:54+00:00","og_image":[{"width":777,"height":1000,"url":"https:\/\/shop.bantam.ch\/wp-content\/uploads\/2023\/02\/9943393116Xk6sH5IfNgbb.jpg","type":"image\/jpeg"}],"twitter_card":"summary_large_image","twitter_misc":{"Dur\u00e9e de lecture estim\u00e9e":"1 minute"},"schema":{"@context":"https:\/\/schema.org","@graph":[{"@type":"WebPage","@id":"https:\/\/shop.bantam.ch\/fr\/produit\/porte-velos-bike-rack-pour-3\/","url":"https:\/\/shop.bantam.ch\/fr\/produit\/porte-velos-bike-rack-pour-3\/","name":"Porte-v\u00e9los Bike Rack pour 3 - Bantam Wankm\u00fcller SA","isPartOf":{"@id":"https:\/\/shop.bantam.ch\/fr\/#website"},"primaryImageOfPage":{"@id":"https:\/\/shop.bantam.ch\/fr\/produit\/porte-velos-bike-rack-pour-3\/#primaryimage"},"image":{"@id":"https:\/\/shop.bantam.ch\/fr\/produit\/porte-velos-bike-rack-pour-3\/#primaryimage"},"thumbnailUrl":"https:\/\/shop.bantam.ch\/wp-content\/uploads\/2023\/02\/9943393116Xk6sH5IfNgbb.jpg","datePublished":"2023-02-28T04:28:04+00:00","dateModified":"2026-04-17T20:54:54+00:00","breadcrumb":{"@id":"https:\/\/shop.bantam.ch\/fr\/produit\/porte-velos-bike-rack-pour-3\/#breadcrumb"},"inLanguage":"fr-FR","potentialAction":[{"@type":"ReadAction","target":["https:\/\/shop.bantam.ch\/fr\/produit\/porte-velos-bike-rack-pour-3\/"]}]},{"@type":"ImageObject","inLanguage":"fr-FR","@id":"https:\/\/shop.bantam.ch\/fr\/produit\/porte-velos-bike-rack-pour-3\/#primaryimage","url":"https:\/\/shop.bantam.ch\/wp-content\/uploads\/2023\/02\/9943393116Xk6sH5IfNgbb.jpg","contentUrl":"https:\/\/shop.bantam.ch\/wp-content\/uploads\/2023\/02\/9943393116Xk6sH5IfNgbb.jpg","width":777,"height":1000},{"@type":"BreadcrumbList","@id":"https:\/\/shop.bantam.ch\/fr\/produit\/porte-velos-bike-rack-pour-3\/#breadcrumb","itemListElement":[{"@type":"ListItem","position":1,"name":"Accueil","item":"https:\/\/shop.bantam.ch\/fr\/"},{"@type":"ListItem","position":2,"name":"Boutique","item":"https:\/\/shop.bantam.ch\/fr\/boutique\/"},{"@type":"ListItem","position":3,"name":"Porte-v\u00e9los Bike Rack pour 3"}]},{"@type":"WebSite","@id":"https:\/\/shop.bantam.ch\/fr\/#website","url":"https:\/\/shop.bantam.ch\/fr\/","name":"Bantam Wankm\u00fcller SA","description":"","publisher":{"@id":"https:\/\/shop.bantam.ch\/fr\/#organization"},"inLanguage":"fr-FR"},{"@type":"Organization","@id":"https:\/\/shop.bantam.ch\/fr\/#organization","name":"Bantam Wankm\u00fcller SA","url":"https:\/\/shop.bantam.ch\/fr\/","logo":{"@type":"ImageObject","inLanguage":"fr-FR","@id":"https:\/\/shop.bantam.ch\/fr\/#\/schema\/logo\/image\/","url":"https:\/\/shop.bantam.ch\/wp-content\/uploads\/2022\/12\/bantam-logo.png","contentUrl":"https:\/\/shop.bantam.ch\/wp-content\/uploads\/2022\/12\/bantam-logo.png","width":320,"height":71,"caption":"Bantam Wankm\u00fcller SA"},"image":{"@id":"https:\/\/shop.bantam.ch\/fr\/#\/schema\/logo\/image\/"}}]}},"_links":{"self":[{"href":"https:\/\/shop.bantam.ch\/fr\/wp-json\/wp\/v2\/product\/97101","targetHints":{"allow":["GET"]}}],"collection":[{"href":"https:\/\/shop.bantam.ch\/fr\/wp-json\/wp\/v2\/product"}],"about":[{"href":"https:\/\/shop.bantam.ch\/fr\/wp-json\/wp\/v2\/types\/product"}],"wp:featuredmedia":[{"embeddable":true,"href":"https:\/\/shop.bantam.ch\/fr\/wp-json\/wp\/v2\/media\/97081"}],"wp:attachment":[{"href":"https:\/\/shop.bantam.ch\/fr\/wp-json\/wp\/v2\/media?parent=97101"}],"wp:term":[{"taxonomy":"product_featured_cat","embeddable":true,"href":"https:\/\/shop.bantam.ch\/fr\/wp-json\/wp\/v2\/product_featured_cat?post=97101"},{"taxonomy":"product_brand","embeddable":true,"href":"https:\/\/shop.bantam.ch\/fr\/wp-json\/wp\/v2\/product_brand?post=97101"},{"taxonomy":"product_cat","embeddable":true,"href":"https:\/\/shop.bantam.ch\/fr\/wp-json\/wp\/v2\/product_cat?post=97101"},{"taxonomy":"product_tag","embeddable":true,"href":"https:\/\/shop.bantam.ch\/fr\/wp-json\/wp\/v2\/product_tag?post=97101"}],"curies":[{"name":"wp","href":"https:\/\/api.w.org\/{rel}","templated":true}]}}