{"id":97071,"date":"2023-02-28T05:27:43","date_gmt":"2023-02-28T04:27:43","guid":{"rendered":"http:\/\/shop.bantam.ch\/produit\/porte-velos-bike-rack-pour-2\/"},"modified":"2026-04-17T22:54:47","modified_gmt":"2026-04-17T20:54:47","slug":"porte-velos-bike-rack-pour-2","status":"publish","type":"product","link":"https:\/\/shop.bantam.ch\/fr\/produit\/porte-velos-bike-rack-pour-2\/","title":{"rendered":"Porte-v\u00e9los Bike Rack pour 2"},"content":{"rendered":"<p>Les plus beaux endroits de vacances sont encore plus agr\u00e9ables \u00e0 d\u00e9couvrir en v\u00e9lo. Donc n\u2019oubliez surtout pas votre v\u00e9lo ! Pas de probl\u00e8me,<\/p>\n<ul>\n<li>Convient \u00e0 deux v\u00e9los<\/li>\n<li>Made in Germany<\/li>\n<li>Fabriqu\u00e9 en aluminium de haute qualit\u00e9<\/li>\n<li>Les rails de montage peuvent \u00eatre d\u00e9plac\u00e9s lat\u00e9ralement<\/li>\n<li>Positionnement optimal des v\u00e9los<\/li>\n<li>R\u00e9sistant aux intemp\u00e9ries<\/li>\n<li>Utilisation conviviale<\/li>\n<li>Largeur de montage 60 cm<\/li>\n<\/ul>\n<p>Contenu de la livraison :<br \/>Avec 2 bras de maintien<br \/>Sans kit de fixation sup\u00e9rieur<\/p>\n","protected":false},"excerpt":{"rendered":"<p>Les plus beaux endroits de vacances sont encore plus agr\u00e9ables \u00e0 d\u00e9couvrir en v\u00e9lo. Donc n\u2019oubliez surtout pas votre v\u00e9lo ! Pas de probl\u00e8me, Convient \u00e0 deux v\u00e9los Made in Germany Fabriqu\u00e9 en aluminium de haute qualit\u00e9 Les rails de montage peuvent \u00eatre d\u00e9plac\u00e9s lat\u00e9ralement Positionnement optimal des v\u00e9los R\u00e9sistant aux intemp\u00e9ries Utilisation conviviale Largeur [&hellip;]<\/p>\n","protected":false},"featured_media":97051,"template":"","meta":{"_acf_changed":false},"product_featured_cat":[],"product_brand":[3350],"product_cat":[5137],"product_tag":[],"class_list":{"0":"post-97071","1":"product","2":"type-product","3":"status-publish","4":"has-post-thumbnail","6":"product_brand-quipon","7":"product_cat-porte-velos-arriere","9":"first","10":"instock","11":"taxable","12":"shipping-taxable","13":"purchasable","14":"product-type-variable"},"acf":[],"yoast_head":"<!-- This site is optimized with the Yoast SEO plugin v27.4 - https:\/\/yoast.com\/product\/yoast-seo-wordpress\/ -->\n<title>Porte-v\u00e9los Bike Rack pour 2 - Bantam Wankm\u00fcller SA<\/title>\n<meta name=\"robots\" content=\"index, follow, max-snippet:-1, max-image-preview:large, max-video-preview:-1\" \/>\n<link rel=\"canonical\" href=\"https:\/\/shop.bantam.ch\/fr\/produit\/porte-velos-bike-rack-pour-2\/\" \/>\n<meta property=\"og:locale\" content=\"fr_FR\" \/>\n<meta property=\"og:type\" content=\"article\" \/>\n<meta property=\"og:title\" content=\"Porte-v\u00e9los Bike Rack pour 2 - Bantam Wankm\u00fcller SA\" \/>\n<meta property=\"og:description\" content=\"Les plus beaux endroits de vacances sont encore plus agr\u00e9ables \u00e0 d\u00e9couvrir en v\u00e9lo. Donc n\u2019oubliez surtout pas votre v\u00e9lo ! Pas de probl\u00e8me, Convient \u00e0 deux v\u00e9los Made in Germany Fabriqu\u00e9 en aluminium de haute qualit\u00e9 Les rails de montage peuvent \u00eatre d\u00e9plac\u00e9s lat\u00e9ralement Positionnement optimal des v\u00e9los R\u00e9sistant aux intemp\u00e9ries Utilisation conviviale Largeur [&hellip;]\" \/>\n<meta property=\"og:url\" content=\"https:\/\/shop.bantam.ch\/fr\/produit\/porte-velos-bike-rack-pour-2\/\" \/>\n<meta property=\"og:site_name\" content=\"Bantam Wankm\u00fcller SA\" \/>\n<meta property=\"article:modified_time\" content=\"2026-04-17T20:54:47+00:00\" \/>\n<meta property=\"og:image\" content=\"https:\/\/shop.bantam.ch\/wp-content\/uploads\/2023\/02\/994339211.jpg\" \/>\n\t<meta property=\"og:image:width\" content=\"777\" \/>\n\t<meta property=\"og:image:height\" content=\"1000\" \/>\n\t<meta property=\"og:image:type\" content=\"image\/jpeg\" \/>\n<meta name=\"twitter:card\" content=\"summary_large_image\" \/>\n<script type=\"application\/ld+json\" class=\"yoast-schema-graph\">{\"@context\":\"https:\\\/\\\/schema.org\",\"@graph\":[{\"@type\":\"WebPage\",\"@id\":\"https:\\\/\\\/shop.bantam.ch\\\/fr\\\/produit\\\/porte-velos-bike-rack-pour-2\\\/\",\"url\":\"https:\\\/\\\/shop.bantam.ch\\\/fr\\\/produit\\\/porte-velos-bike-rack-pour-2\\\/\",\"name\":\"Porte-v\u00e9los Bike Rack pour 2 - Bantam Wankm\u00fcller SA\",\"isPartOf\":{\"@id\":\"https:\\\/\\\/shop.bantam.ch\\\/fr\\\/#website\"},\"primaryImageOfPage\":{\"@id\":\"https:\\\/\\\/shop.bantam.ch\\\/fr\\\/produit\\\/porte-velos-bike-rack-pour-2\\\/#primaryimage\"},\"image\":{\"@id\":\"https:\\\/\\\/shop.bantam.ch\\\/fr\\\/produit\\\/porte-velos-bike-rack-pour-2\\\/#primaryimage\"},\"thumbnailUrl\":\"https:\\\/\\\/shop.bantam.ch\\\/wp-content\\\/uploads\\\/2023\\\/02\\\/994339211.jpg\",\"datePublished\":\"2023-02-28T04:27:43+00:00\",\"dateModified\":\"2026-04-17T20:54:47+00:00\",\"breadcrumb\":{\"@id\":\"https:\\\/\\\/shop.bantam.ch\\\/fr\\\/produit\\\/porte-velos-bike-rack-pour-2\\\/#breadcrumb\"},\"inLanguage\":\"fr-FR\",\"potentialAction\":[{\"@type\":\"ReadAction\",\"target\":[\"https:\\\/\\\/shop.bantam.ch\\\/fr\\\/produit\\\/porte-velos-bike-rack-pour-2\\\/\"]}]},{\"@type\":\"ImageObject\",\"inLanguage\":\"fr-FR\",\"@id\":\"https:\\\/\\\/shop.bantam.ch\\\/fr\\\/produit\\\/porte-velos-bike-rack-pour-2\\\/#primaryimage\",\"url\":\"https:\\\/\\\/shop.bantam.ch\\\/wp-content\\\/uploads\\\/2023\\\/02\\\/994339211.jpg\",\"contentUrl\":\"https:\\\/\\\/shop.bantam.ch\\\/wp-content\\\/uploads\\\/2023\\\/02\\\/994339211.jpg\",\"width\":777,\"height\":1000},{\"@type\":\"BreadcrumbList\",\"@id\":\"https:\\\/\\\/shop.bantam.ch\\\/fr\\\/produit\\\/porte-velos-bike-rack-pour-2\\\/#breadcrumb\",\"itemListElement\":[{\"@type\":\"ListItem\",\"position\":1,\"name\":\"Accueil\",\"item\":\"https:\\\/\\\/shop.bantam.ch\\\/fr\\\/\"},{\"@type\":\"ListItem\",\"position\":2,\"name\":\"Boutique\",\"item\":\"https:\\\/\\\/shop.bantam.ch\\\/fr\\\/boutique\\\/\"},{\"@type\":\"ListItem\",\"position\":3,\"name\":\"Porte-v\u00e9los Bike Rack pour 2\"}]},{\"@type\":\"WebSite\",\"@id\":\"https:\\\/\\\/shop.bantam.ch\\\/fr\\\/#website\",\"url\":\"https:\\\/\\\/shop.bantam.ch\\\/fr\\\/\",\"name\":\"Bantam Wankm\u00fcller SA\",\"description\":\"\",\"publisher\":{\"@id\":\"https:\\\/\\\/shop.bantam.ch\\\/fr\\\/#organization\"},\"inLanguage\":\"fr-FR\"},{\"@type\":\"Organization\",\"@id\":\"https:\\\/\\\/shop.bantam.ch\\\/fr\\\/#organization\",\"name\":\"Bantam Wankm\u00fcller SA\",\"url\":\"https:\\\/\\\/shop.bantam.ch\\\/fr\\\/\",\"logo\":{\"@type\":\"ImageObject\",\"inLanguage\":\"fr-FR\",\"@id\":\"https:\\\/\\\/shop.bantam.ch\\\/fr\\\/#\\\/schema\\\/logo\\\/image\\\/\",\"url\":\"https:\\\/\\\/shop.bantam.ch\\\/wp-content\\\/uploads\\\/2022\\\/12\\\/bantam-logo.png\",\"contentUrl\":\"https:\\\/\\\/shop.bantam.ch\\\/wp-content\\\/uploads\\\/2022\\\/12\\\/bantam-logo.png\",\"width\":320,\"height\":71,\"caption\":\"Bantam Wankm\u00fcller SA\"},\"image\":{\"@id\":\"https:\\\/\\\/shop.bantam.ch\\\/fr\\\/#\\\/schema\\\/logo\\\/image\\\/\"}}]}<\/script>\n<!-- \/ Yoast SEO plugin. -->","yoast_head_json":{"title":"Porte-v\u00e9los Bike Rack pour 2 - Bantam Wankm\u00fcller SA","robots":{"index":"index","follow":"follow","max-snippet":"max-snippet:-1","max-image-preview":"max-image-preview:large","max-video-preview":"max-video-preview:-1"},"canonical":"https:\/\/shop.bantam.ch\/fr\/produit\/porte-velos-bike-rack-pour-2\/","og_locale":"fr_FR","og_type":"article","og_title":"Porte-v\u00e9los Bike Rack pour 2 - Bantam Wankm\u00fcller SA","og_description":"Les plus beaux endroits de vacances sont encore plus agr\u00e9ables \u00e0 d\u00e9couvrir en v\u00e9lo. Donc n\u2019oubliez surtout pas votre v\u00e9lo ! Pas de probl\u00e8me, Convient \u00e0 deux v\u00e9los Made in Germany Fabriqu\u00e9 en aluminium de haute qualit\u00e9 Les rails de montage peuvent \u00eatre d\u00e9plac\u00e9s lat\u00e9ralement Positionnement optimal des v\u00e9los R\u00e9sistant aux intemp\u00e9ries Utilisation conviviale Largeur [&hellip;]","og_url":"https:\/\/shop.bantam.ch\/fr\/produit\/porte-velos-bike-rack-pour-2\/","og_site_name":"Bantam Wankm\u00fcller SA","article_modified_time":"2026-04-17T20:54:47+00:00","og_image":[{"width":777,"height":1000,"url":"https:\/\/shop.bantam.ch\/wp-content\/uploads\/2023\/02\/994339211.jpg","type":"image\/jpeg"}],"twitter_card":"summary_large_image","schema":{"@context":"https:\/\/schema.org","@graph":[{"@type":"WebPage","@id":"https:\/\/shop.bantam.ch\/fr\/produit\/porte-velos-bike-rack-pour-2\/","url":"https:\/\/shop.bantam.ch\/fr\/produit\/porte-velos-bike-rack-pour-2\/","name":"Porte-v\u00e9los Bike Rack pour 2 - Bantam Wankm\u00fcller SA","isPartOf":{"@id":"https:\/\/shop.bantam.ch\/fr\/#website"},"primaryImageOfPage":{"@id":"https:\/\/shop.bantam.ch\/fr\/produit\/porte-velos-bike-rack-pour-2\/#primaryimage"},"image":{"@id":"https:\/\/shop.bantam.ch\/fr\/produit\/porte-velos-bike-rack-pour-2\/#primaryimage"},"thumbnailUrl":"https:\/\/shop.bantam.ch\/wp-content\/uploads\/2023\/02\/994339211.jpg","datePublished":"2023-02-28T04:27:43+00:00","dateModified":"2026-04-17T20:54:47+00:00","breadcrumb":{"@id":"https:\/\/shop.bantam.ch\/fr\/produit\/porte-velos-bike-rack-pour-2\/#breadcrumb"},"inLanguage":"fr-FR","potentialAction":[{"@type":"ReadAction","target":["https:\/\/shop.bantam.ch\/fr\/produit\/porte-velos-bike-rack-pour-2\/"]}]},{"@type":"ImageObject","inLanguage":"fr-FR","@id":"https:\/\/shop.bantam.ch\/fr\/produit\/porte-velos-bike-rack-pour-2\/#primaryimage","url":"https:\/\/shop.bantam.ch\/wp-content\/uploads\/2023\/02\/994339211.jpg","contentUrl":"https:\/\/shop.bantam.ch\/wp-content\/uploads\/2023\/02\/994339211.jpg","width":777,"height":1000},{"@type":"BreadcrumbList","@id":"https:\/\/shop.bantam.ch\/fr\/produit\/porte-velos-bike-rack-pour-2\/#breadcrumb","itemListElement":[{"@type":"ListItem","position":1,"name":"Accueil","item":"https:\/\/shop.bantam.ch\/fr\/"},{"@type":"ListItem","position":2,"name":"Boutique","item":"https:\/\/shop.bantam.ch\/fr\/boutique\/"},{"@type":"ListItem","position":3,"name":"Porte-v\u00e9los Bike Rack pour 2"}]},{"@type":"WebSite","@id":"https:\/\/shop.bantam.ch\/fr\/#website","url":"https:\/\/shop.bantam.ch\/fr\/","name":"Bantam Wankm\u00fcller SA","description":"","publisher":{"@id":"https:\/\/shop.bantam.ch\/fr\/#organization"},"inLanguage":"fr-FR"},{"@type":"Organization","@id":"https:\/\/shop.bantam.ch\/fr\/#organization","name":"Bantam Wankm\u00fcller SA","url":"https:\/\/shop.bantam.ch\/fr\/","logo":{"@type":"ImageObject","inLanguage":"fr-FR","@id":"https:\/\/shop.bantam.ch\/fr\/#\/schema\/logo\/image\/","url":"https:\/\/shop.bantam.ch\/wp-content\/uploads\/2022\/12\/bantam-logo.png","contentUrl":"https:\/\/shop.bantam.ch\/wp-content\/uploads\/2022\/12\/bantam-logo.png","width":320,"height":71,"caption":"Bantam Wankm\u00fcller SA"},"image":{"@id":"https:\/\/shop.bantam.ch\/fr\/#\/schema\/logo\/image\/"}}]}},"_links":{"self":[{"href":"https:\/\/shop.bantam.ch\/fr\/wp-json\/wp\/v2\/product\/97071","targetHints":{"allow":["GET"]}}],"collection":[{"href":"https:\/\/shop.bantam.ch\/fr\/wp-json\/wp\/v2\/product"}],"about":[{"href":"https:\/\/shop.bantam.ch\/fr\/wp-json\/wp\/v2\/types\/product"}],"wp:featuredmedia":[{"embeddable":true,"href":"https:\/\/shop.bantam.ch\/fr\/wp-json\/wp\/v2\/media\/97051"}],"wp:attachment":[{"href":"https:\/\/shop.bantam.ch\/fr\/wp-json\/wp\/v2\/media?parent=97071"}],"wp:term":[{"taxonomy":"product_featured_cat","embeddable":true,"href":"https:\/\/shop.bantam.ch\/fr\/wp-json\/wp\/v2\/product_featured_cat?post=97071"},{"taxonomy":"product_brand","embeddable":true,"href":"https:\/\/shop.bantam.ch\/fr\/wp-json\/wp\/v2\/product_brand?post=97071"},{"taxonomy":"product_cat","embeddable":true,"href":"https:\/\/shop.bantam.ch\/fr\/wp-json\/wp\/v2\/product_cat?post=97071"},{"taxonomy":"product_tag","embeddable":true,"href":"https:\/\/shop.bantam.ch\/fr\/wp-json\/wp\/v2\/product_tag?post=97071"}],"curies":[{"name":"wp","href":"https:\/\/api.w.org\/{rel}","templated":true}]}}