{"id":97037,"date":"2023-02-28T05:27:24","date_gmt":"2023-02-28T04:27:24","guid":{"rendered":"http:\/\/shop.bantam.ch\/produit\/couteau-de-poche-picknicker\/"},"modified":"2026-04-22T21:30:51","modified_gmt":"2026-04-22T19:30:51","slug":"couteau-de-poche-picknicker","status":"publish","type":"product","link":"https:\/\/shop.bantam.ch\/fr\/produit\/couteau-de-poche-picknicker\/","title":{"rendered":"Couteau de poche Victorinox Picknicker"},"content":{"rendered":"<p>Le couteau de poche Picknicker dispose d\u2019une combinaison id\u00e9ale de fonctions pour les adeptes de la ville comme pour les amoureux de la nature. Il est l\u00e9ger et peut s\u2019emporter partout sans probl\u00e8me. Il est robuste et r\u00e9siste \u00e0 tout ce que vous lui faites faire. Et la lame \u00e0 cran d\u2019arr\u00eat est aussi aiguis\u00e9e que forte. O\u00f9 que vous soyez, ayez toujours votre Picknicker \u00e0 port\u00e9e de main.<\/p>\n<p>Outils :<\/p>\n<ul>\n<li>Grande lame<\/li>\n<li>D\u00e9capsuleur<\/li>\n<li>Tournevis 5\u00a0mm, fixe<\/li>\n<li>D\u00e9nudeur de c\u00e2ble<\/li>\n<li>Ouvre-bo\u00eete<\/li>\n<li>Tournevis 3\u00a0mm<\/li>\n<li>Poin\u00e7on grattoir<\/li>\n<li>Tire-bouchon<\/li>\n<li>Pince<\/li>\n<li>Cure-dents<\/li>\n<li>Rouleau<\/li>\n<\/ul>\n<p>\u00a0<\/p>\n","protected":false},"excerpt":{"rendered":"<p>Le couteau de poche Picknicker dispose d\u2019une combinaison id\u00e9ale de fonctions pour les adeptes de la ville comme pour les amoureux de la nature. Il est l\u00e9ger et peut s\u2019emporter partout sans probl\u00e8me. Il est robuste et r\u00e9siste \u00e0 tout ce que vous lui faites faire. Et la lame \u00e0 cran d\u2019arr\u00eat est aussi aiguis\u00e9e [&hellip;]<\/p>\n","protected":false},"featured_media":97035,"template":"","meta":{"_acf_changed":false},"product_featured_cat":[],"product_brand":[3524],"product_cat":[4413],"product_tag":[],"class_list":{"0":"post-97037","1":"product","2":"type-product","3":"status-publish","4":"has-post-thumbnail","6":"product_brand-victorinox","7":"product_cat-couteaux-pliables","9":"first","10":"instock","11":"taxable","12":"shipping-taxable","13":"purchasable","14":"product-type-simple"},"acf":[],"yoast_head":"<!-- This site is optimized with the Yoast SEO plugin v27.4 - https:\/\/yoast.com\/product\/yoast-seo-wordpress\/ -->\n<title>Couteau de poche Victorinox Picknicker - Bantam Wankm\u00fcller SA<\/title>\n<meta name=\"robots\" content=\"index, follow, max-snippet:-1, max-image-preview:large, max-video-preview:-1\" \/>\n<link rel=\"canonical\" href=\"https:\/\/shop.bantam.ch\/fr\/produit\/couteau-de-poche-picknicker\/\" \/>\n<meta property=\"og:locale\" content=\"fr_FR\" \/>\n<meta property=\"og:type\" content=\"article\" \/>\n<meta property=\"og:title\" content=\"Couteau de poche Victorinox Picknicker - Bantam Wankm\u00fcller SA\" \/>\n<meta property=\"og:description\" content=\"Le couteau de poche Picknicker dispose d\u2019une combinaison id\u00e9ale de fonctions pour les adeptes de la ville comme pour les amoureux de la nature. Il est l\u00e9ger et peut s\u2019emporter partout sans probl\u00e8me. Il est robuste et r\u00e9siste \u00e0 tout ce que vous lui faites faire. Et la lame \u00e0 cran d\u2019arr\u00eat est aussi aiguis\u00e9e [&hellip;]\" \/>\n<meta property=\"og:url\" content=\"https:\/\/shop.bantam.ch\/fr\/produit\/couteau-de-poche-picknicker\/\" \/>\n<meta property=\"og:site_name\" content=\"Bantam Wankm\u00fcller SA\" \/>\n<meta property=\"article:modified_time\" content=\"2026-04-22T19:30:51+00:00\" \/>\n<meta property=\"og:image\" content=\"https:\/\/shop.bantam.ch\/wp-content\/uploads\/2023\/02\/994338511.jpg\" \/>\n\t<meta property=\"og:image:width\" content=\"1000\" \/>\n\t<meta property=\"og:image:height\" content=\"989\" \/>\n\t<meta property=\"og:image:type\" content=\"image\/jpeg\" \/>\n<meta name=\"twitter:card\" content=\"summary_large_image\" \/>\n<script type=\"application\/ld+json\" class=\"yoast-schema-graph\">{\"@context\":\"https:\\\/\\\/schema.org\",\"@graph\":[{\"@type\":\"WebPage\",\"@id\":\"https:\\\/\\\/shop.bantam.ch\\\/fr\\\/produit\\\/couteau-de-poche-picknicker\\\/\",\"url\":\"https:\\\/\\\/shop.bantam.ch\\\/fr\\\/produit\\\/couteau-de-poche-picknicker\\\/\",\"name\":\"Couteau de poche Victorinox Picknicker - Bantam Wankm\u00fcller SA\",\"isPartOf\":{\"@id\":\"https:\\\/\\\/shop.bantam.ch\\\/fr\\\/#website\"},\"primaryImageOfPage\":{\"@id\":\"https:\\\/\\\/shop.bantam.ch\\\/fr\\\/produit\\\/couteau-de-poche-picknicker\\\/#primaryimage\"},\"image\":{\"@id\":\"https:\\\/\\\/shop.bantam.ch\\\/fr\\\/produit\\\/couteau-de-poche-picknicker\\\/#primaryimage\"},\"thumbnailUrl\":\"https:\\\/\\\/shop.bantam.ch\\\/wp-content\\\/uploads\\\/2023\\\/02\\\/994338511.jpg\",\"datePublished\":\"2023-02-28T04:27:24+00:00\",\"dateModified\":\"2026-04-22T19:30:51+00:00\",\"breadcrumb\":{\"@id\":\"https:\\\/\\\/shop.bantam.ch\\\/fr\\\/produit\\\/couteau-de-poche-picknicker\\\/#breadcrumb\"},\"inLanguage\":\"fr-FR\",\"potentialAction\":[{\"@type\":\"ReadAction\",\"target\":[\"https:\\\/\\\/shop.bantam.ch\\\/fr\\\/produit\\\/couteau-de-poche-picknicker\\\/\"]}]},{\"@type\":\"ImageObject\",\"inLanguage\":\"fr-FR\",\"@id\":\"https:\\\/\\\/shop.bantam.ch\\\/fr\\\/produit\\\/couteau-de-poche-picknicker\\\/#primaryimage\",\"url\":\"https:\\\/\\\/shop.bantam.ch\\\/wp-content\\\/uploads\\\/2023\\\/02\\\/994338511.jpg\",\"contentUrl\":\"https:\\\/\\\/shop.bantam.ch\\\/wp-content\\\/uploads\\\/2023\\\/02\\\/994338511.jpg\",\"width\":1000,\"height\":989},{\"@type\":\"BreadcrumbList\",\"@id\":\"https:\\\/\\\/shop.bantam.ch\\\/fr\\\/produit\\\/couteau-de-poche-picknicker\\\/#breadcrumb\",\"itemListElement\":[{\"@type\":\"ListItem\",\"position\":1,\"name\":\"Accueil\",\"item\":\"https:\\\/\\\/shop.bantam.ch\\\/fr\\\/\"},{\"@type\":\"ListItem\",\"position\":2,\"name\":\"Boutique\",\"item\":\"https:\\\/\\\/shop.bantam.ch\\\/fr\\\/boutique\\\/\"},{\"@type\":\"ListItem\",\"position\":3,\"name\":\"Couteau de poche Victorinox Picknicker\"}]},{\"@type\":\"WebSite\",\"@id\":\"https:\\\/\\\/shop.bantam.ch\\\/fr\\\/#website\",\"url\":\"https:\\\/\\\/shop.bantam.ch\\\/fr\\\/\",\"name\":\"Bantam Wankm\u00fcller SA\",\"description\":\"\",\"publisher\":{\"@id\":\"https:\\\/\\\/shop.bantam.ch\\\/fr\\\/#organization\"},\"inLanguage\":\"fr-FR\"},{\"@type\":\"Organization\",\"@id\":\"https:\\\/\\\/shop.bantam.ch\\\/fr\\\/#organization\",\"name\":\"Bantam Wankm\u00fcller SA\",\"url\":\"https:\\\/\\\/shop.bantam.ch\\\/fr\\\/\",\"logo\":{\"@type\":\"ImageObject\",\"inLanguage\":\"fr-FR\",\"@id\":\"https:\\\/\\\/shop.bantam.ch\\\/fr\\\/#\\\/schema\\\/logo\\\/image\\\/\",\"url\":\"https:\\\/\\\/shop.bantam.ch\\\/wp-content\\\/uploads\\\/2022\\\/12\\\/bantam-logo.png\",\"contentUrl\":\"https:\\\/\\\/shop.bantam.ch\\\/wp-content\\\/uploads\\\/2022\\\/12\\\/bantam-logo.png\",\"width\":320,\"height\":71,\"caption\":\"Bantam Wankm\u00fcller SA\"},\"image\":{\"@id\":\"https:\\\/\\\/shop.bantam.ch\\\/fr\\\/#\\\/schema\\\/logo\\\/image\\\/\"}}]}<\/script>\n<!-- \/ Yoast SEO plugin. -->","yoast_head_json":{"title":"Couteau de poche Victorinox Picknicker - Bantam Wankm\u00fcller SA","robots":{"index":"index","follow":"follow","max-snippet":"max-snippet:-1","max-image-preview":"max-image-preview:large","max-video-preview":"max-video-preview:-1"},"canonical":"https:\/\/shop.bantam.ch\/fr\/produit\/couteau-de-poche-picknicker\/","og_locale":"fr_FR","og_type":"article","og_title":"Couteau de poche Victorinox Picknicker - Bantam Wankm\u00fcller SA","og_description":"Le couteau de poche Picknicker dispose d\u2019une combinaison id\u00e9ale de fonctions pour les adeptes de la ville comme pour les amoureux de la nature. Il est l\u00e9ger et peut s\u2019emporter partout sans probl\u00e8me. Il est robuste et r\u00e9siste \u00e0 tout ce que vous lui faites faire. Et la lame \u00e0 cran d\u2019arr\u00eat est aussi aiguis\u00e9e [&hellip;]","og_url":"https:\/\/shop.bantam.ch\/fr\/produit\/couteau-de-poche-picknicker\/","og_site_name":"Bantam Wankm\u00fcller SA","article_modified_time":"2026-04-22T19:30:51+00:00","og_image":[{"width":1000,"height":989,"url":"https:\/\/shop.bantam.ch\/wp-content\/uploads\/2023\/02\/994338511.jpg","type":"image\/jpeg"}],"twitter_card":"summary_large_image","schema":{"@context":"https:\/\/schema.org","@graph":[{"@type":"WebPage","@id":"https:\/\/shop.bantam.ch\/fr\/produit\/couteau-de-poche-picknicker\/","url":"https:\/\/shop.bantam.ch\/fr\/produit\/couteau-de-poche-picknicker\/","name":"Couteau de poche Victorinox Picknicker - Bantam Wankm\u00fcller SA","isPartOf":{"@id":"https:\/\/shop.bantam.ch\/fr\/#website"},"primaryImageOfPage":{"@id":"https:\/\/shop.bantam.ch\/fr\/produit\/couteau-de-poche-picknicker\/#primaryimage"},"image":{"@id":"https:\/\/shop.bantam.ch\/fr\/produit\/couteau-de-poche-picknicker\/#primaryimage"},"thumbnailUrl":"https:\/\/shop.bantam.ch\/wp-content\/uploads\/2023\/02\/994338511.jpg","datePublished":"2023-02-28T04:27:24+00:00","dateModified":"2026-04-22T19:30:51+00:00","breadcrumb":{"@id":"https:\/\/shop.bantam.ch\/fr\/produit\/couteau-de-poche-picknicker\/#breadcrumb"},"inLanguage":"fr-FR","potentialAction":[{"@type":"ReadAction","target":["https:\/\/shop.bantam.ch\/fr\/produit\/couteau-de-poche-picknicker\/"]}]},{"@type":"ImageObject","inLanguage":"fr-FR","@id":"https:\/\/shop.bantam.ch\/fr\/produit\/couteau-de-poche-picknicker\/#primaryimage","url":"https:\/\/shop.bantam.ch\/wp-content\/uploads\/2023\/02\/994338511.jpg","contentUrl":"https:\/\/shop.bantam.ch\/wp-content\/uploads\/2023\/02\/994338511.jpg","width":1000,"height":989},{"@type":"BreadcrumbList","@id":"https:\/\/shop.bantam.ch\/fr\/produit\/couteau-de-poche-picknicker\/#breadcrumb","itemListElement":[{"@type":"ListItem","position":1,"name":"Accueil","item":"https:\/\/shop.bantam.ch\/fr\/"},{"@type":"ListItem","position":2,"name":"Boutique","item":"https:\/\/shop.bantam.ch\/fr\/boutique\/"},{"@type":"ListItem","position":3,"name":"Couteau de poche Victorinox Picknicker"}]},{"@type":"WebSite","@id":"https:\/\/shop.bantam.ch\/fr\/#website","url":"https:\/\/shop.bantam.ch\/fr\/","name":"Bantam Wankm\u00fcller SA","description":"","publisher":{"@id":"https:\/\/shop.bantam.ch\/fr\/#organization"},"inLanguage":"fr-FR"},{"@type":"Organization","@id":"https:\/\/shop.bantam.ch\/fr\/#organization","name":"Bantam Wankm\u00fcller SA","url":"https:\/\/shop.bantam.ch\/fr\/","logo":{"@type":"ImageObject","inLanguage":"fr-FR","@id":"https:\/\/shop.bantam.ch\/fr\/#\/schema\/logo\/image\/","url":"https:\/\/shop.bantam.ch\/wp-content\/uploads\/2022\/12\/bantam-logo.png","contentUrl":"https:\/\/shop.bantam.ch\/wp-content\/uploads\/2022\/12\/bantam-logo.png","width":320,"height":71,"caption":"Bantam Wankm\u00fcller SA"},"image":{"@id":"https:\/\/shop.bantam.ch\/fr\/#\/schema\/logo\/image\/"}}]}},"_links":{"self":[{"href":"https:\/\/shop.bantam.ch\/fr\/wp-json\/wp\/v2\/product\/97037","targetHints":{"allow":["GET"]}}],"collection":[{"href":"https:\/\/shop.bantam.ch\/fr\/wp-json\/wp\/v2\/product"}],"about":[{"href":"https:\/\/shop.bantam.ch\/fr\/wp-json\/wp\/v2\/types\/product"}],"wp:featuredmedia":[{"embeddable":true,"href":"https:\/\/shop.bantam.ch\/fr\/wp-json\/wp\/v2\/media\/97035"}],"wp:attachment":[{"href":"https:\/\/shop.bantam.ch\/fr\/wp-json\/wp\/v2\/media?parent=97037"}],"wp:term":[{"taxonomy":"product_featured_cat","embeddable":true,"href":"https:\/\/shop.bantam.ch\/fr\/wp-json\/wp\/v2\/product_featured_cat?post=97037"},{"taxonomy":"product_brand","embeddable":true,"href":"https:\/\/shop.bantam.ch\/fr\/wp-json\/wp\/v2\/product_brand?post=97037"},{"taxonomy":"product_cat","embeddable":true,"href":"https:\/\/shop.bantam.ch\/fr\/wp-json\/wp\/v2\/product_cat?post=97037"},{"taxonomy":"product_tag","embeddable":true,"href":"https:\/\/shop.bantam.ch\/fr\/wp-json\/wp\/v2\/product_tag?post=97037"}],"curies":[{"name":"wp","href":"https:\/\/api.w.org\/{rel}","templated":true}]}}