{"id":97029,"date":"2023-02-28T05:27:13","date_gmt":"2023-02-28T04:27:13","guid":{"rendered":"http:\/\/shop.bantam.ch\/produit\/couteau-de-poche-spartan\/"},"modified":"2026-04-22T21:30:50","modified_gmt":"2026-04-22T19:30:50","slug":"couteau-de-poche-spartan","status":"publish","type":"product","link":"https:\/\/shop.bantam.ch\/fr\/produit\/couteau-de-poche-spartan\/","title":{"rendered":"Couteau de poche Victorinox Spartan rouge"},"content":{"rendered":"<p>Lorsque vous entendez l\u2019expression \u00ab\u00a0couteau de poche suisse\u00a0\u00bb, vous pensez surement au l\u00e9gendaire couteau d\u2019officier. Avec le couteau de poche Spartan, la l\u00e9gende continue \u00e0 vivre. Tout a commenc\u00e9 avec ce couteau de poche. Il a aid\u00e9 les gens dans le monde entier \u00e0 effectuer leur travail. Quel que soit l\u2019endroit o\u00f9 leurs petites ou grandes aventures les ont entra\u00een\u00e9s\u00a0: le Spartan est toujours et partout \u00e0 pied d\u2019\u0153uvre.<\/p>\n<p>Outils :<\/p>\n<ul>\n<li>Grande lame<\/li>\n<li>Petite lame<\/li>\n<li>Ouvre-bo\u00eete<\/li>\n<li>Tournevis 3\u00a0mm<\/li>\n<li>D\u00e9capsuleur<\/li>\n<li>Tournevis 6\u00a0mm<\/li>\n<li>D\u00e9nudeur de c\u00e2ble<\/li>\n<li>Poin\u00e7on al\u00e9soir<\/li>\n<li>Tire-bouchon<\/li>\n<li>Cure-dents<\/li>\n<li>Pince<\/li>\n<li>Rouleau<\/li>\n<\/ul>\n","protected":false},"excerpt":{"rendered":"<p>Lorsque vous entendez l\u2019expression \u00ab\u00a0couteau de poche suisse\u00a0\u00bb, vous pensez surement au l\u00e9gendaire couteau d\u2019officier. Avec le couteau de poche Spartan, la l\u00e9gende continue \u00e0 vivre. Tout a commenc\u00e9 avec ce couteau de poche. Il a aid\u00e9 les gens dans le monde entier \u00e0 effectuer leur travail. Quel que soit l\u2019endroit o\u00f9 leurs petites ou [&hellip;]<\/p>\n","protected":false},"featured_media":97027,"template":"","meta":{"_acf_changed":false},"product_featured_cat":[],"product_brand":[3524],"product_cat":[4413],"product_tag":[],"class_list":{"0":"post-97029","1":"product","2":"type-product","3":"status-publish","4":"has-post-thumbnail","6":"product_brand-victorinox","7":"product_cat-couteaux-pliables","9":"first","10":"instock","11":"taxable","12":"shipping-taxable","13":"purchasable","14":"product-type-simple"},"acf":[],"yoast_head":"<!-- This site is optimized with the Yoast SEO plugin v27.4 - https:\/\/yoast.com\/product\/yoast-seo-wordpress\/ -->\n<title>Couteau de poche Victorinox Spartan rouge - Bantam Wankm\u00fcller SA<\/title>\n<meta name=\"robots\" content=\"index, follow, max-snippet:-1, max-image-preview:large, max-video-preview:-1\" \/>\n<link rel=\"canonical\" href=\"https:\/\/shop.bantam.ch\/fr\/produit\/couteau-de-poche-spartan\/\" \/>\n<meta property=\"og:locale\" content=\"fr_FR\" \/>\n<meta property=\"og:type\" content=\"article\" \/>\n<meta property=\"og:title\" content=\"Couteau de poche Victorinox Spartan rouge - Bantam Wankm\u00fcller SA\" \/>\n<meta property=\"og:description\" content=\"Lorsque vous entendez l\u2019expression \u00ab\u00a0couteau de poche suisse\u00a0\u00bb, vous pensez surement au l\u00e9gendaire couteau d\u2019officier. Avec le couteau de poche Spartan, la l\u00e9gende continue \u00e0 vivre. Tout a commenc\u00e9 avec ce couteau de poche. Il a aid\u00e9 les gens dans le monde entier \u00e0 effectuer leur travail. Quel que soit l\u2019endroit o\u00f9 leurs petites ou [&hellip;]\" \/>\n<meta property=\"og:url\" content=\"https:\/\/shop.bantam.ch\/fr\/produit\/couteau-de-poche-spartan\/\" \/>\n<meta property=\"og:site_name\" content=\"Bantam Wankm\u00fcller SA\" \/>\n<meta property=\"article:modified_time\" content=\"2026-04-22T19:30:50+00:00\" \/>\n<meta property=\"og:image\" content=\"https:\/\/shop.bantam.ch\/wp-content\/uploads\/2023\/02\/994338211.jpg\" \/>\n\t<meta property=\"og:image:width\" content=\"1000\" \/>\n\t<meta property=\"og:image:height\" content=\"985\" \/>\n\t<meta property=\"og:image:type\" content=\"image\/jpeg\" \/>\n<meta name=\"twitter:card\" content=\"summary_large_image\" \/>\n<script type=\"application\/ld+json\" class=\"yoast-schema-graph\">{\"@context\":\"https:\\\/\\\/schema.org\",\"@graph\":[{\"@type\":\"WebPage\",\"@id\":\"https:\\\/\\\/shop.bantam.ch\\\/fr\\\/produit\\\/couteau-de-poche-spartan\\\/\",\"url\":\"https:\\\/\\\/shop.bantam.ch\\\/fr\\\/produit\\\/couteau-de-poche-spartan\\\/\",\"name\":\"Couteau de poche Victorinox Spartan rouge - Bantam Wankm\u00fcller SA\",\"isPartOf\":{\"@id\":\"https:\\\/\\\/shop.bantam.ch\\\/fr\\\/#website\"},\"primaryImageOfPage\":{\"@id\":\"https:\\\/\\\/shop.bantam.ch\\\/fr\\\/produit\\\/couteau-de-poche-spartan\\\/#primaryimage\"},\"image\":{\"@id\":\"https:\\\/\\\/shop.bantam.ch\\\/fr\\\/produit\\\/couteau-de-poche-spartan\\\/#primaryimage\"},\"thumbnailUrl\":\"https:\\\/\\\/shop.bantam.ch\\\/wp-content\\\/uploads\\\/2023\\\/02\\\/994338211.jpg\",\"datePublished\":\"2023-02-28T04:27:13+00:00\",\"dateModified\":\"2026-04-22T19:30:50+00:00\",\"breadcrumb\":{\"@id\":\"https:\\\/\\\/shop.bantam.ch\\\/fr\\\/produit\\\/couteau-de-poche-spartan\\\/#breadcrumb\"},\"inLanguage\":\"fr-FR\",\"potentialAction\":[{\"@type\":\"ReadAction\",\"target\":[\"https:\\\/\\\/shop.bantam.ch\\\/fr\\\/produit\\\/couteau-de-poche-spartan\\\/\"]}]},{\"@type\":\"ImageObject\",\"inLanguage\":\"fr-FR\",\"@id\":\"https:\\\/\\\/shop.bantam.ch\\\/fr\\\/produit\\\/couteau-de-poche-spartan\\\/#primaryimage\",\"url\":\"https:\\\/\\\/shop.bantam.ch\\\/wp-content\\\/uploads\\\/2023\\\/02\\\/994338211.jpg\",\"contentUrl\":\"https:\\\/\\\/shop.bantam.ch\\\/wp-content\\\/uploads\\\/2023\\\/02\\\/994338211.jpg\",\"width\":1000,\"height\":985},{\"@type\":\"BreadcrumbList\",\"@id\":\"https:\\\/\\\/shop.bantam.ch\\\/fr\\\/produit\\\/couteau-de-poche-spartan\\\/#breadcrumb\",\"itemListElement\":[{\"@type\":\"ListItem\",\"position\":1,\"name\":\"Accueil\",\"item\":\"https:\\\/\\\/shop.bantam.ch\\\/fr\\\/\"},{\"@type\":\"ListItem\",\"position\":2,\"name\":\"Boutique\",\"item\":\"https:\\\/\\\/shop.bantam.ch\\\/fr\\\/boutique\\\/\"},{\"@type\":\"ListItem\",\"position\":3,\"name\":\"Couteau de poche Victorinox Spartan rouge\"}]},{\"@type\":\"WebSite\",\"@id\":\"https:\\\/\\\/shop.bantam.ch\\\/fr\\\/#website\",\"url\":\"https:\\\/\\\/shop.bantam.ch\\\/fr\\\/\",\"name\":\"Bantam Wankm\u00fcller SA\",\"description\":\"\",\"publisher\":{\"@id\":\"https:\\\/\\\/shop.bantam.ch\\\/fr\\\/#organization\"},\"inLanguage\":\"fr-FR\"},{\"@type\":\"Organization\",\"@id\":\"https:\\\/\\\/shop.bantam.ch\\\/fr\\\/#organization\",\"name\":\"Bantam Wankm\u00fcller SA\",\"url\":\"https:\\\/\\\/shop.bantam.ch\\\/fr\\\/\",\"logo\":{\"@type\":\"ImageObject\",\"inLanguage\":\"fr-FR\",\"@id\":\"https:\\\/\\\/shop.bantam.ch\\\/fr\\\/#\\\/schema\\\/logo\\\/image\\\/\",\"url\":\"https:\\\/\\\/shop.bantam.ch\\\/wp-content\\\/uploads\\\/2022\\\/12\\\/bantam-logo.png\",\"contentUrl\":\"https:\\\/\\\/shop.bantam.ch\\\/wp-content\\\/uploads\\\/2022\\\/12\\\/bantam-logo.png\",\"width\":320,\"height\":71,\"caption\":\"Bantam Wankm\u00fcller SA\"},\"image\":{\"@id\":\"https:\\\/\\\/shop.bantam.ch\\\/fr\\\/#\\\/schema\\\/logo\\\/image\\\/\"}}]}<\/script>\n<!-- \/ Yoast SEO plugin. -->","yoast_head_json":{"title":"Couteau de poche Victorinox Spartan rouge - Bantam Wankm\u00fcller SA","robots":{"index":"index","follow":"follow","max-snippet":"max-snippet:-1","max-image-preview":"max-image-preview:large","max-video-preview":"max-video-preview:-1"},"canonical":"https:\/\/shop.bantam.ch\/fr\/produit\/couteau-de-poche-spartan\/","og_locale":"fr_FR","og_type":"article","og_title":"Couteau de poche Victorinox Spartan rouge - Bantam Wankm\u00fcller SA","og_description":"Lorsque vous entendez l\u2019expression \u00ab\u00a0couteau de poche suisse\u00a0\u00bb, vous pensez surement au l\u00e9gendaire couteau d\u2019officier. Avec le couteau de poche Spartan, la l\u00e9gende continue \u00e0 vivre. Tout a commenc\u00e9 avec ce couteau de poche. Il a aid\u00e9 les gens dans le monde entier \u00e0 effectuer leur travail. Quel que soit l\u2019endroit o\u00f9 leurs petites ou [&hellip;]","og_url":"https:\/\/shop.bantam.ch\/fr\/produit\/couteau-de-poche-spartan\/","og_site_name":"Bantam Wankm\u00fcller SA","article_modified_time":"2026-04-22T19:30:50+00:00","og_image":[{"width":1000,"height":985,"url":"https:\/\/shop.bantam.ch\/wp-content\/uploads\/2023\/02\/994338211.jpg","type":"image\/jpeg"}],"twitter_card":"summary_large_image","schema":{"@context":"https:\/\/schema.org","@graph":[{"@type":"WebPage","@id":"https:\/\/shop.bantam.ch\/fr\/produit\/couteau-de-poche-spartan\/","url":"https:\/\/shop.bantam.ch\/fr\/produit\/couteau-de-poche-spartan\/","name":"Couteau de poche Victorinox Spartan rouge - Bantam Wankm\u00fcller SA","isPartOf":{"@id":"https:\/\/shop.bantam.ch\/fr\/#website"},"primaryImageOfPage":{"@id":"https:\/\/shop.bantam.ch\/fr\/produit\/couteau-de-poche-spartan\/#primaryimage"},"image":{"@id":"https:\/\/shop.bantam.ch\/fr\/produit\/couteau-de-poche-spartan\/#primaryimage"},"thumbnailUrl":"https:\/\/shop.bantam.ch\/wp-content\/uploads\/2023\/02\/994338211.jpg","datePublished":"2023-02-28T04:27:13+00:00","dateModified":"2026-04-22T19:30:50+00:00","breadcrumb":{"@id":"https:\/\/shop.bantam.ch\/fr\/produit\/couteau-de-poche-spartan\/#breadcrumb"},"inLanguage":"fr-FR","potentialAction":[{"@type":"ReadAction","target":["https:\/\/shop.bantam.ch\/fr\/produit\/couteau-de-poche-spartan\/"]}]},{"@type":"ImageObject","inLanguage":"fr-FR","@id":"https:\/\/shop.bantam.ch\/fr\/produit\/couteau-de-poche-spartan\/#primaryimage","url":"https:\/\/shop.bantam.ch\/wp-content\/uploads\/2023\/02\/994338211.jpg","contentUrl":"https:\/\/shop.bantam.ch\/wp-content\/uploads\/2023\/02\/994338211.jpg","width":1000,"height":985},{"@type":"BreadcrumbList","@id":"https:\/\/shop.bantam.ch\/fr\/produit\/couteau-de-poche-spartan\/#breadcrumb","itemListElement":[{"@type":"ListItem","position":1,"name":"Accueil","item":"https:\/\/shop.bantam.ch\/fr\/"},{"@type":"ListItem","position":2,"name":"Boutique","item":"https:\/\/shop.bantam.ch\/fr\/boutique\/"},{"@type":"ListItem","position":3,"name":"Couteau de poche Victorinox Spartan rouge"}]},{"@type":"WebSite","@id":"https:\/\/shop.bantam.ch\/fr\/#website","url":"https:\/\/shop.bantam.ch\/fr\/","name":"Bantam Wankm\u00fcller SA","description":"","publisher":{"@id":"https:\/\/shop.bantam.ch\/fr\/#organization"},"inLanguage":"fr-FR"},{"@type":"Organization","@id":"https:\/\/shop.bantam.ch\/fr\/#organization","name":"Bantam Wankm\u00fcller SA","url":"https:\/\/shop.bantam.ch\/fr\/","logo":{"@type":"ImageObject","inLanguage":"fr-FR","@id":"https:\/\/shop.bantam.ch\/fr\/#\/schema\/logo\/image\/","url":"https:\/\/shop.bantam.ch\/wp-content\/uploads\/2022\/12\/bantam-logo.png","contentUrl":"https:\/\/shop.bantam.ch\/wp-content\/uploads\/2022\/12\/bantam-logo.png","width":320,"height":71,"caption":"Bantam Wankm\u00fcller SA"},"image":{"@id":"https:\/\/shop.bantam.ch\/fr\/#\/schema\/logo\/image\/"}}]}},"_links":{"self":[{"href":"https:\/\/shop.bantam.ch\/fr\/wp-json\/wp\/v2\/product\/97029","targetHints":{"allow":["GET"]}}],"collection":[{"href":"https:\/\/shop.bantam.ch\/fr\/wp-json\/wp\/v2\/product"}],"about":[{"href":"https:\/\/shop.bantam.ch\/fr\/wp-json\/wp\/v2\/types\/product"}],"wp:featuredmedia":[{"embeddable":true,"href":"https:\/\/shop.bantam.ch\/fr\/wp-json\/wp\/v2\/media\/97027"}],"wp:attachment":[{"href":"https:\/\/shop.bantam.ch\/fr\/wp-json\/wp\/v2\/media?parent=97029"}],"wp:term":[{"taxonomy":"product_featured_cat","embeddable":true,"href":"https:\/\/shop.bantam.ch\/fr\/wp-json\/wp\/v2\/product_featured_cat?post=97029"},{"taxonomy":"product_brand","embeddable":true,"href":"https:\/\/shop.bantam.ch\/fr\/wp-json\/wp\/v2\/product_brand?post=97029"},{"taxonomy":"product_cat","embeddable":true,"href":"https:\/\/shop.bantam.ch\/fr\/wp-json\/wp\/v2\/product_cat?post=97029"},{"taxonomy":"product_tag","embeddable":true,"href":"https:\/\/shop.bantam.ch\/fr\/wp-json\/wp\/v2\/product_tag?post=97029"}],"curies":[{"name":"wp","href":"https:\/\/api.w.org\/{rel}","templated":true}]}}