{"id":96991,"date":"2023-02-28T05:26:16","date_gmt":"2023-02-28T04:26:16","guid":{"rendered":"http:\/\/shop.bantam.ch\/produit\/indicateur-de-temperature-pour-refrigerateurs\/"},"modified":"2026-04-21T21:30:57","modified_gmt":"2026-04-21T19:30:57","slug":"indicateur-de-temperature-pour-refrigerateurs","status":"publish","type":"product","link":"https:\/\/shop.bantam.ch\/fr\/produit\/indicateur-de-temperature-pour-refrigerateurs\/","title":{"rendered":"E-temp\u00e9rature E-Trailer pour r\u00e9frig\u00e9rateurs"},"content":{"rendered":"<p>L\u2019indicateur de temp\u00e9rature vous permet de mesurer la temp\u00e9rature et l&rsquo;humidit\u00e9 \u00e0 l&rsquo;int\u00e9rieur ou \u00e0 l&rsquo;ext\u00e9rieur de votre caravane via votre smartphone. Comme l&rsquo;indicateur de temp\u00e9rature est sans fil, vous pouvez le placer o\u00f9 vous voulez. Par exemple, choisissez le r\u00e9frig\u00e9rateur pour vous assurer que vos aliments ne s&rsquo;ab\u00eement pas. La fonction d&rsquo;alarme vous avertit sur votre t\u00e9l\u00e9phone lorsque la temp\u00e9rature est sup\u00e9rieure ou inf\u00e9rieure \u00e0 la temp\u00e9rature programm\u00e9e.<\/p>\n<ul>\n<li>R\u00e9sistant aux intemp\u00e9ries<\/li>\n<li>Plusieurs indicateurs de temp\u00e9rature peuvent \u00eatre ajout\u00e9s<\/li>\n<li>Module radio complet<\/li>\n<li>Ne p\u00e8se que 20 g<\/li>\n<\/ul>\n<p>\u00a0<\/p>\n","protected":false},"excerpt":{"rendered":"<p>L\u2019indicateur de temp\u00e9rature vous permet de mesurer la temp\u00e9rature et l&rsquo;humidit\u00e9 \u00e0 l&rsquo;int\u00e9rieur ou \u00e0 l&rsquo;ext\u00e9rieur de votre caravane via votre smartphone. Comme l&rsquo;indicateur de temp\u00e9rature est sans fil, vous pouvez le placer o\u00f9 vous voulez. Par exemple, choisissez le r\u00e9frig\u00e9rateur pour vous assurer que vos aliments ne s&rsquo;ab\u00eement pas. La fonction d&rsquo;alarme vous avertit [&hellip;]<\/p>\n","protected":false},"featured_media":96987,"template":"","meta":{"_acf_changed":false},"product_featured_cat":[],"product_brand":[3522],"product_cat":[4661],"product_tag":[],"class_list":{"0":"post-96991","1":"product","2":"type-product","3":"status-publish","4":"has-post-thumbnail","6":"product_brand-e-trailer","7":"product_cat-smart-home","9":"first","10":"instock","11":"taxable","12":"shipping-taxable","13":"purchasable","14":"product-type-simple"},"acf":[],"yoast_head":"<!-- This site is optimized with the Yoast SEO plugin v27.4 - https:\/\/yoast.com\/product\/yoast-seo-wordpress\/ -->\n<title>E-temp\u00e9rature E-Trailer pour r\u00e9frig\u00e9rateurs - Bantam Wankm\u00fcller SA<\/title>\n<meta name=\"robots\" content=\"index, follow, max-snippet:-1, max-image-preview:large, max-video-preview:-1\" \/>\n<link rel=\"canonical\" href=\"https:\/\/shop.bantam.ch\/fr\/produit\/indicateur-de-temperature-pour-refrigerateurs\/\" \/>\n<meta property=\"og:locale\" content=\"fr_FR\" \/>\n<meta property=\"og:type\" content=\"article\" \/>\n<meta property=\"og:title\" content=\"E-temp\u00e9rature E-Trailer pour r\u00e9frig\u00e9rateurs - Bantam Wankm\u00fcller SA\" \/>\n<meta property=\"og:description\" content=\"L\u2019indicateur de temp\u00e9rature vous permet de mesurer la temp\u00e9rature et l&rsquo;humidit\u00e9 \u00e0 l&rsquo;int\u00e9rieur ou \u00e0 l&rsquo;ext\u00e9rieur de votre caravane via votre smartphone. Comme l&rsquo;indicateur de temp\u00e9rature est sans fil, vous pouvez le placer o\u00f9 vous voulez. Par exemple, choisissez le r\u00e9frig\u00e9rateur pour vous assurer que vos aliments ne s&rsquo;ab\u00eement pas. La fonction d&rsquo;alarme vous avertit [&hellip;]\" \/>\n<meta property=\"og:url\" content=\"https:\/\/shop.bantam.ch\/fr\/produit\/indicateur-de-temperature-pour-refrigerateurs\/\" \/>\n<meta property=\"og:site_name\" content=\"Bantam Wankm\u00fcller SA\" \/>\n<meta property=\"article:modified_time\" content=\"2026-04-21T19:30:57+00:00\" \/>\n<meta property=\"og:image\" content=\"https:\/\/shop.bantam.ch\/wp-content\/uploads\/2023\/02\/995659711.jpg\" \/>\n\t<meta property=\"og:image:width\" content=\"1000\" \/>\n\t<meta property=\"og:image:height\" content=\"665\" \/>\n\t<meta property=\"og:image:type\" content=\"image\/jpeg\" \/>\n<meta name=\"twitter:card\" content=\"summary_large_image\" \/>\n<meta name=\"twitter:label1\" content=\"Dur\u00e9e de lecture estim\u00e9e\" \/>\n\t<meta name=\"twitter:data1\" content=\"1 minute\" \/>\n<script type=\"application\/ld+json\" class=\"yoast-schema-graph\">{\"@context\":\"https:\\\/\\\/schema.org\",\"@graph\":[{\"@type\":\"WebPage\",\"@id\":\"https:\\\/\\\/shop.bantam.ch\\\/fr\\\/produit\\\/indicateur-de-temperature-pour-refrigerateurs\\\/\",\"url\":\"https:\\\/\\\/shop.bantam.ch\\\/fr\\\/produit\\\/indicateur-de-temperature-pour-refrigerateurs\\\/\",\"name\":\"E-temp\u00e9rature E-Trailer pour r\u00e9frig\u00e9rateurs - Bantam Wankm\u00fcller SA\",\"isPartOf\":{\"@id\":\"https:\\\/\\\/shop.bantam.ch\\\/fr\\\/#website\"},\"primaryImageOfPage\":{\"@id\":\"https:\\\/\\\/shop.bantam.ch\\\/fr\\\/produit\\\/indicateur-de-temperature-pour-refrigerateurs\\\/#primaryimage\"},\"image\":{\"@id\":\"https:\\\/\\\/shop.bantam.ch\\\/fr\\\/produit\\\/indicateur-de-temperature-pour-refrigerateurs\\\/#primaryimage\"},\"thumbnailUrl\":\"https:\\\/\\\/shop.bantam.ch\\\/wp-content\\\/uploads\\\/2023\\\/02\\\/995659711.jpg\",\"datePublished\":\"2023-02-28T04:26:16+00:00\",\"dateModified\":\"2026-04-21T19:30:57+00:00\",\"breadcrumb\":{\"@id\":\"https:\\\/\\\/shop.bantam.ch\\\/fr\\\/produit\\\/indicateur-de-temperature-pour-refrigerateurs\\\/#breadcrumb\"},\"inLanguage\":\"fr-FR\",\"potentialAction\":[{\"@type\":\"ReadAction\",\"target\":[\"https:\\\/\\\/shop.bantam.ch\\\/fr\\\/produit\\\/indicateur-de-temperature-pour-refrigerateurs\\\/\"]}]},{\"@type\":\"ImageObject\",\"inLanguage\":\"fr-FR\",\"@id\":\"https:\\\/\\\/shop.bantam.ch\\\/fr\\\/produit\\\/indicateur-de-temperature-pour-refrigerateurs\\\/#primaryimage\",\"url\":\"https:\\\/\\\/shop.bantam.ch\\\/wp-content\\\/uploads\\\/2023\\\/02\\\/995659711.jpg\",\"contentUrl\":\"https:\\\/\\\/shop.bantam.ch\\\/wp-content\\\/uploads\\\/2023\\\/02\\\/995659711.jpg\",\"width\":1000,\"height\":665},{\"@type\":\"BreadcrumbList\",\"@id\":\"https:\\\/\\\/shop.bantam.ch\\\/fr\\\/produit\\\/indicateur-de-temperature-pour-refrigerateurs\\\/#breadcrumb\",\"itemListElement\":[{\"@type\":\"ListItem\",\"position\":1,\"name\":\"Accueil\",\"item\":\"https:\\\/\\\/shop.bantam.ch\\\/fr\\\/\"},{\"@type\":\"ListItem\",\"position\":2,\"name\":\"Boutique\",\"item\":\"https:\\\/\\\/shop.bantam.ch\\\/fr\\\/boutique\\\/\"},{\"@type\":\"ListItem\",\"position\":3,\"name\":\"E-temp\u00e9rature E-Trailer pour r\u00e9frig\u00e9rateurs\"}]},{\"@type\":\"WebSite\",\"@id\":\"https:\\\/\\\/shop.bantam.ch\\\/fr\\\/#website\",\"url\":\"https:\\\/\\\/shop.bantam.ch\\\/fr\\\/\",\"name\":\"Bantam Wankm\u00fcller SA\",\"description\":\"\",\"publisher\":{\"@id\":\"https:\\\/\\\/shop.bantam.ch\\\/fr\\\/#organization\"},\"inLanguage\":\"fr-FR\"},{\"@type\":\"Organization\",\"@id\":\"https:\\\/\\\/shop.bantam.ch\\\/fr\\\/#organization\",\"name\":\"Bantam Wankm\u00fcller SA\",\"url\":\"https:\\\/\\\/shop.bantam.ch\\\/fr\\\/\",\"logo\":{\"@type\":\"ImageObject\",\"inLanguage\":\"fr-FR\",\"@id\":\"https:\\\/\\\/shop.bantam.ch\\\/fr\\\/#\\\/schema\\\/logo\\\/image\\\/\",\"url\":\"https:\\\/\\\/shop.bantam.ch\\\/wp-content\\\/uploads\\\/2022\\\/12\\\/bantam-logo.png\",\"contentUrl\":\"https:\\\/\\\/shop.bantam.ch\\\/wp-content\\\/uploads\\\/2022\\\/12\\\/bantam-logo.png\",\"width\":320,\"height\":71,\"caption\":\"Bantam Wankm\u00fcller SA\"},\"image\":{\"@id\":\"https:\\\/\\\/shop.bantam.ch\\\/fr\\\/#\\\/schema\\\/logo\\\/image\\\/\"}}]}<\/script>\n<!-- \/ Yoast SEO plugin. -->","yoast_head_json":{"title":"E-temp\u00e9rature E-Trailer pour r\u00e9frig\u00e9rateurs - Bantam Wankm\u00fcller SA","robots":{"index":"index","follow":"follow","max-snippet":"max-snippet:-1","max-image-preview":"max-image-preview:large","max-video-preview":"max-video-preview:-1"},"canonical":"https:\/\/shop.bantam.ch\/fr\/produit\/indicateur-de-temperature-pour-refrigerateurs\/","og_locale":"fr_FR","og_type":"article","og_title":"E-temp\u00e9rature E-Trailer pour r\u00e9frig\u00e9rateurs - Bantam Wankm\u00fcller SA","og_description":"L\u2019indicateur de temp\u00e9rature vous permet de mesurer la temp\u00e9rature et l&rsquo;humidit\u00e9 \u00e0 l&rsquo;int\u00e9rieur ou \u00e0 l&rsquo;ext\u00e9rieur de votre caravane via votre smartphone. Comme l&rsquo;indicateur de temp\u00e9rature est sans fil, vous pouvez le placer o\u00f9 vous voulez. Par exemple, choisissez le r\u00e9frig\u00e9rateur pour vous assurer que vos aliments ne s&rsquo;ab\u00eement pas. La fonction d&rsquo;alarme vous avertit [&hellip;]","og_url":"https:\/\/shop.bantam.ch\/fr\/produit\/indicateur-de-temperature-pour-refrigerateurs\/","og_site_name":"Bantam Wankm\u00fcller SA","article_modified_time":"2026-04-21T19:30:57+00:00","og_image":[{"width":1000,"height":665,"url":"https:\/\/shop.bantam.ch\/wp-content\/uploads\/2023\/02\/995659711.jpg","type":"image\/jpeg"}],"twitter_card":"summary_large_image","twitter_misc":{"Dur\u00e9e de lecture estim\u00e9e":"1 minute"},"schema":{"@context":"https:\/\/schema.org","@graph":[{"@type":"WebPage","@id":"https:\/\/shop.bantam.ch\/fr\/produit\/indicateur-de-temperature-pour-refrigerateurs\/","url":"https:\/\/shop.bantam.ch\/fr\/produit\/indicateur-de-temperature-pour-refrigerateurs\/","name":"E-temp\u00e9rature E-Trailer pour r\u00e9frig\u00e9rateurs - Bantam Wankm\u00fcller SA","isPartOf":{"@id":"https:\/\/shop.bantam.ch\/fr\/#website"},"primaryImageOfPage":{"@id":"https:\/\/shop.bantam.ch\/fr\/produit\/indicateur-de-temperature-pour-refrigerateurs\/#primaryimage"},"image":{"@id":"https:\/\/shop.bantam.ch\/fr\/produit\/indicateur-de-temperature-pour-refrigerateurs\/#primaryimage"},"thumbnailUrl":"https:\/\/shop.bantam.ch\/wp-content\/uploads\/2023\/02\/995659711.jpg","datePublished":"2023-02-28T04:26:16+00:00","dateModified":"2026-04-21T19:30:57+00:00","breadcrumb":{"@id":"https:\/\/shop.bantam.ch\/fr\/produit\/indicateur-de-temperature-pour-refrigerateurs\/#breadcrumb"},"inLanguage":"fr-FR","potentialAction":[{"@type":"ReadAction","target":["https:\/\/shop.bantam.ch\/fr\/produit\/indicateur-de-temperature-pour-refrigerateurs\/"]}]},{"@type":"ImageObject","inLanguage":"fr-FR","@id":"https:\/\/shop.bantam.ch\/fr\/produit\/indicateur-de-temperature-pour-refrigerateurs\/#primaryimage","url":"https:\/\/shop.bantam.ch\/wp-content\/uploads\/2023\/02\/995659711.jpg","contentUrl":"https:\/\/shop.bantam.ch\/wp-content\/uploads\/2023\/02\/995659711.jpg","width":1000,"height":665},{"@type":"BreadcrumbList","@id":"https:\/\/shop.bantam.ch\/fr\/produit\/indicateur-de-temperature-pour-refrigerateurs\/#breadcrumb","itemListElement":[{"@type":"ListItem","position":1,"name":"Accueil","item":"https:\/\/shop.bantam.ch\/fr\/"},{"@type":"ListItem","position":2,"name":"Boutique","item":"https:\/\/shop.bantam.ch\/fr\/boutique\/"},{"@type":"ListItem","position":3,"name":"E-temp\u00e9rature E-Trailer pour r\u00e9frig\u00e9rateurs"}]},{"@type":"WebSite","@id":"https:\/\/shop.bantam.ch\/fr\/#website","url":"https:\/\/shop.bantam.ch\/fr\/","name":"Bantam Wankm\u00fcller SA","description":"","publisher":{"@id":"https:\/\/shop.bantam.ch\/fr\/#organization"},"inLanguage":"fr-FR"},{"@type":"Organization","@id":"https:\/\/shop.bantam.ch\/fr\/#organization","name":"Bantam Wankm\u00fcller SA","url":"https:\/\/shop.bantam.ch\/fr\/","logo":{"@type":"ImageObject","inLanguage":"fr-FR","@id":"https:\/\/shop.bantam.ch\/fr\/#\/schema\/logo\/image\/","url":"https:\/\/shop.bantam.ch\/wp-content\/uploads\/2022\/12\/bantam-logo.png","contentUrl":"https:\/\/shop.bantam.ch\/wp-content\/uploads\/2022\/12\/bantam-logo.png","width":320,"height":71,"caption":"Bantam Wankm\u00fcller SA"},"image":{"@id":"https:\/\/shop.bantam.ch\/fr\/#\/schema\/logo\/image\/"}}]}},"_links":{"self":[{"href":"https:\/\/shop.bantam.ch\/fr\/wp-json\/wp\/v2\/product\/96991","targetHints":{"allow":["GET"]}}],"collection":[{"href":"https:\/\/shop.bantam.ch\/fr\/wp-json\/wp\/v2\/product"}],"about":[{"href":"https:\/\/shop.bantam.ch\/fr\/wp-json\/wp\/v2\/types\/product"}],"wp:featuredmedia":[{"embeddable":true,"href":"https:\/\/shop.bantam.ch\/fr\/wp-json\/wp\/v2\/media\/96987"}],"wp:attachment":[{"href":"https:\/\/shop.bantam.ch\/fr\/wp-json\/wp\/v2\/media?parent=96991"}],"wp:term":[{"taxonomy":"product_featured_cat","embeddable":true,"href":"https:\/\/shop.bantam.ch\/fr\/wp-json\/wp\/v2\/product_featured_cat?post=96991"},{"taxonomy":"product_brand","embeddable":true,"href":"https:\/\/shop.bantam.ch\/fr\/wp-json\/wp\/v2\/product_brand?post=96991"},{"taxonomy":"product_cat","embeddable":true,"href":"https:\/\/shop.bantam.ch\/fr\/wp-json\/wp\/v2\/product_cat?post=96991"},{"taxonomy":"product_tag","embeddable":true,"href":"https:\/\/shop.bantam.ch\/fr\/wp-json\/wp\/v2\/product_tag?post=96991"}],"curies":[{"name":"wp","href":"https:\/\/api.w.org\/{rel}","templated":true}]}}