{"id":96951,"date":"2023-02-28T05:25:24","date_gmt":"2023-02-28T04:25:24","guid":{"rendered":"http:\/\/shop.bantam.ch\/produit\/pompe-a-eau-sous-pression-classic-systeme-deau-potable-weisgelb-10-l-31-bar\/"},"modified":"2026-05-01T21:29:40","modified_gmt":"2026-05-01T19:29:40","slug":"pompe-a-eau-sous-pression-classic-systeme-deau-potable-weisgelb-10-l-31-bar","status":"publish","type":"product","link":"https:\/\/shop.bantam.ch\/fr\/produit\/pompe-a-eau-sous-pression-classic-systeme-deau-potable-weisgelb-10-l-31-bar\/","title":{"rendered":"Pompe \u00e0 eau sous pression LILIE S\u00e9rie Classic Syst\u00e8me traitem. eau Wei\u00dfGELB 10 l 3,1 bar"},"content":{"rendered":"<p>Pour un approvisionnement automatique et fiable en eau douce dans les camping-cars. Notre technologie de membrane unique garantit un dosage pr\u00e9cis et contr\u00f4l\u00e9. Chaque t\u00eate de pompe est \u00e9quip\u00e9e d&rsquo;un clapet anti-retour pour plus de 13 bars et d&rsquo;une commande de pressostat. L&rsquo;eau coule ainsi imm\u00e9diatement \u00e0 l&rsquo;ouverture du robinet. Toutes les pompes \u00e0 membrane LILIE sont auto-amor\u00e7antes \u00e0 sec et peuvent \u00e9galement fonctionner \u00e0 sec.<br \/>2 ans de garantie<\/p>\n<p>Contenu de la livraison :<br \/>Embouts droits et coud\u00e9s de 10 mm inclus<\/p>\n<ul>\n<li>R\u00e9glable entre 1,75 et 3,2\u00a0bars<\/li>\n<li>Consommation 5,9 A<\/li>\n<li>5 points de distribution maximum<\/li>\n<li>Amorce automatique jusqu\u2018\u00e0 3,1 m de haut<\/li>\n<li>Pression de red\u00e9marrage 2,3 bar<\/li>\n<\/ul>\n","protected":false},"excerpt":{"rendered":"<p>Pour un approvisionnement automatique et fiable en eau douce dans les camping-cars. Notre technologie de membrane unique garantit un dosage pr\u00e9cis et contr\u00f4l\u00e9. Chaque t\u00eate de pompe est \u00e9quip\u00e9e d&rsquo;un clapet anti-retour pour plus de 13 bars et d&rsquo;une commande de pressostat. L&rsquo;eau coule ainsi imm\u00e9diatement \u00e0 l&rsquo;ouverture du robinet. Toutes les pompes \u00e0 membrane [&hellip;]<\/p>\n","protected":false},"featured_media":96949,"template":"","meta":{"_acf_changed":false},"product_featured_cat":[],"product_brand":[3108],"product_cat":[4629],"product_tag":[],"class_list":{"0":"post-96951","1":"product","2":"type-product","3":"status-publish","4":"has-post-thumbnail","6":"product_brand-lilie","7":"product_cat-pompes-a-eau-sous-pression","9":"first","10":"instock","11":"taxable","12":"shipping-taxable","13":"purchasable","14":"product-type-simple"},"acf":[],"yoast_head":"<!-- This site is optimized with the Yoast SEO plugin v27.5 - https:\/\/yoast.com\/product\/yoast-seo-wordpress\/ -->\n<title>Pompe \u00e0 eau sous pression LILIE S\u00e9rie Classic Syst\u00e8me traitem. eau Wei\u00dfGELB 10 l 3,1 bar - Bantam<\/title>\n<meta name=\"robots\" content=\"index, follow, max-snippet:-1, max-image-preview:large, max-video-preview:-1\" \/>\n<link rel=\"canonical\" href=\"https:\/\/shop.bantam.ch\/fr\/produit\/pompe-a-eau-sous-pression-classic-systeme-deau-potable-weisgelb-10-l-31-bar\/\" \/>\n<meta property=\"og:locale\" content=\"fr_FR\" \/>\n<meta property=\"og:type\" content=\"article\" \/>\n<meta property=\"og:title\" content=\"Pompe \u00e0 eau sous pression LILIE S\u00e9rie Classic Syst\u00e8me traitem. eau Wei\u00dfGELB 10 l 3,1 bar - Bantam\" \/>\n<meta property=\"og:description\" content=\"Pour un approvisionnement automatique et fiable en eau douce dans les camping-cars. Notre technologie de membrane unique garantit un dosage pr\u00e9cis et contr\u00f4l\u00e9. Chaque t\u00eate de pompe est \u00e9quip\u00e9e d&rsquo;un clapet anti-retour pour plus de 13 bars et d&rsquo;une commande de pressostat. L&rsquo;eau coule ainsi imm\u00e9diatement \u00e0 l&rsquo;ouverture du robinet. Toutes les pompes \u00e0 membrane [&hellip;]\" \/>\n<meta property=\"og:url\" content=\"https:\/\/shop.bantam.ch\/fr\/produit\/pompe-a-eau-sous-pression-classic-systeme-deau-potable-weisgelb-10-l-31-bar\/\" \/>\n<meta property=\"og:site_name\" content=\"Bantam\" \/>\n<meta property=\"article:modified_time\" content=\"2026-05-01T19:29:40+00:00\" \/>\n<meta property=\"og:image\" content=\"https:\/\/shop.bantam.ch\/wp-content\/uploads\/2023\/02\/995659211.jpg\" \/>\n\t<meta property=\"og:image:width\" content=\"1000\" \/>\n\t<meta property=\"og:image:height\" content=\"727\" \/>\n\t<meta property=\"og:image:type\" content=\"image\/jpeg\" \/>\n<meta name=\"twitter:card\" content=\"summary_large_image\" \/>\n<meta name=\"twitter:label1\" content=\"Dur\u00e9e de lecture estim\u00e9e\" \/>\n\t<meta name=\"twitter:data1\" content=\"1 minute\" \/>\n<script type=\"application\/ld+json\" class=\"yoast-schema-graph\">{\"@context\":\"https:\\\/\\\/schema.org\",\"@graph\":[{\"@type\":\"WebPage\",\"@id\":\"https:\\\/\\\/shop.bantam.ch\\\/fr\\\/produit\\\/pompe-a-eau-sous-pression-classic-systeme-deau-potable-weisgelb-10-l-31-bar\\\/\",\"url\":\"https:\\\/\\\/shop.bantam.ch\\\/fr\\\/produit\\\/pompe-a-eau-sous-pression-classic-systeme-deau-potable-weisgelb-10-l-31-bar\\\/\",\"name\":\"Pompe \u00e0 eau sous pression LILIE S\u00e9rie Classic Syst\u00e8me traitem. eau Wei\u00dfGELB 10 l 3,1 bar - Bantam\",\"isPartOf\":{\"@id\":\"https:\\\/\\\/shop.bantam.ch\\\/fr\\\/#website\"},\"primaryImageOfPage\":{\"@id\":\"https:\\\/\\\/shop.bantam.ch\\\/fr\\\/produit\\\/pompe-a-eau-sous-pression-classic-systeme-deau-potable-weisgelb-10-l-31-bar\\\/#primaryimage\"},\"image\":{\"@id\":\"https:\\\/\\\/shop.bantam.ch\\\/fr\\\/produit\\\/pompe-a-eau-sous-pression-classic-systeme-deau-potable-weisgelb-10-l-31-bar\\\/#primaryimage\"},\"thumbnailUrl\":\"https:\\\/\\\/shop.bantam.ch\\\/wp-content\\\/uploads\\\/2023\\\/02\\\/995659211.jpg\",\"datePublished\":\"2023-02-28T04:25:24+00:00\",\"dateModified\":\"2026-05-01T19:29:40+00:00\",\"breadcrumb\":{\"@id\":\"https:\\\/\\\/shop.bantam.ch\\\/fr\\\/produit\\\/pompe-a-eau-sous-pression-classic-systeme-deau-potable-weisgelb-10-l-31-bar\\\/#breadcrumb\"},\"inLanguage\":\"fr-FR\",\"potentialAction\":[{\"@type\":\"ReadAction\",\"target\":[\"https:\\\/\\\/shop.bantam.ch\\\/fr\\\/produit\\\/pompe-a-eau-sous-pression-classic-systeme-deau-potable-weisgelb-10-l-31-bar\\\/\"]}]},{\"@type\":\"ImageObject\",\"inLanguage\":\"fr-FR\",\"@id\":\"https:\\\/\\\/shop.bantam.ch\\\/fr\\\/produit\\\/pompe-a-eau-sous-pression-classic-systeme-deau-potable-weisgelb-10-l-31-bar\\\/#primaryimage\",\"url\":\"https:\\\/\\\/shop.bantam.ch\\\/wp-content\\\/uploads\\\/2023\\\/02\\\/995659211.jpg\",\"contentUrl\":\"https:\\\/\\\/shop.bantam.ch\\\/wp-content\\\/uploads\\\/2023\\\/02\\\/995659211.jpg\",\"width\":1000,\"height\":727},{\"@type\":\"BreadcrumbList\",\"@id\":\"https:\\\/\\\/shop.bantam.ch\\\/fr\\\/produit\\\/pompe-a-eau-sous-pression-classic-systeme-deau-potable-weisgelb-10-l-31-bar\\\/#breadcrumb\",\"itemListElement\":[{\"@type\":\"ListItem\",\"position\":1,\"name\":\"Accueil\",\"item\":\"https:\\\/\\\/shop.bantam.ch\\\/fr\\\/\"},{\"@type\":\"ListItem\",\"position\":2,\"name\":\"Boutique\",\"item\":\"https:\\\/\\\/shop.bantam.ch\\\/fr\\\/boutique\\\/\"},{\"@type\":\"ListItem\",\"position\":3,\"name\":\"Pompe \u00e0 eau sous pression LILIE S\u00e9rie Classic Syst\u00e8me traitem. eau Wei\u00dfGELB 10 l 3,1 bar\"}]},{\"@type\":\"WebSite\",\"@id\":\"https:\\\/\\\/shop.bantam.ch\\\/fr\\\/#website\",\"url\":\"https:\\\/\\\/shop.bantam.ch\\\/fr\\\/\",\"name\":\"Bantam\",\"description\":\"\",\"publisher\":{\"@id\":\"https:\\\/\\\/shop.bantam.ch\\\/fr\\\/#organization\"},\"inLanguage\":\"fr-FR\"},{\"@type\":\"Organization\",\"@id\":\"https:\\\/\\\/shop.bantam.ch\\\/fr\\\/#organization\",\"name\":\"Bantam\",\"url\":\"https:\\\/\\\/shop.bantam.ch\\\/fr\\\/\",\"logo\":{\"@type\":\"ImageObject\",\"inLanguage\":\"fr-FR\",\"@id\":\"https:\\\/\\\/shop.bantam.ch\\\/fr\\\/#\\\/schema\\\/logo\\\/image\\\/\",\"url\":\"https:\\\/\\\/shop.bantam.ch\\\/wp-content\\\/uploads\\\/2022\\\/12\\\/bantam-logo.png\",\"contentUrl\":\"https:\\\/\\\/shop.bantam.ch\\\/wp-content\\\/uploads\\\/2022\\\/12\\\/bantam-logo.png\",\"width\":320,\"height\":71,\"caption\":\"Bantam\"},\"image\":{\"@id\":\"https:\\\/\\\/shop.bantam.ch\\\/fr\\\/#\\\/schema\\\/logo\\\/image\\\/\"}}]}<\/script>\n<!-- \/ Yoast SEO plugin. -->","yoast_head_json":{"title":"Pompe \u00e0 eau sous pression LILIE S\u00e9rie Classic Syst\u00e8me traitem. eau Wei\u00dfGELB 10 l 3,1 bar - Bantam","robots":{"index":"index","follow":"follow","max-snippet":"max-snippet:-1","max-image-preview":"max-image-preview:large","max-video-preview":"max-video-preview:-1"},"canonical":"https:\/\/shop.bantam.ch\/fr\/produit\/pompe-a-eau-sous-pression-classic-systeme-deau-potable-weisgelb-10-l-31-bar\/","og_locale":"fr_FR","og_type":"article","og_title":"Pompe \u00e0 eau sous pression LILIE S\u00e9rie Classic Syst\u00e8me traitem. eau Wei\u00dfGELB 10 l 3,1 bar - Bantam","og_description":"Pour un approvisionnement automatique et fiable en eau douce dans les camping-cars. Notre technologie de membrane unique garantit un dosage pr\u00e9cis et contr\u00f4l\u00e9. Chaque t\u00eate de pompe est \u00e9quip\u00e9e d&rsquo;un clapet anti-retour pour plus de 13 bars et d&rsquo;une commande de pressostat. L&rsquo;eau coule ainsi imm\u00e9diatement \u00e0 l&rsquo;ouverture du robinet. Toutes les pompes \u00e0 membrane [&hellip;]","og_url":"https:\/\/shop.bantam.ch\/fr\/produit\/pompe-a-eau-sous-pression-classic-systeme-deau-potable-weisgelb-10-l-31-bar\/","og_site_name":"Bantam","article_modified_time":"2026-05-01T19:29:40+00:00","og_image":[{"width":1000,"height":727,"url":"https:\/\/shop.bantam.ch\/wp-content\/uploads\/2023\/02\/995659211.jpg","type":"image\/jpeg"}],"twitter_card":"summary_large_image","twitter_misc":{"Dur\u00e9e de lecture estim\u00e9e":"1 minute"},"schema":{"@context":"https:\/\/schema.org","@graph":[{"@type":"WebPage","@id":"https:\/\/shop.bantam.ch\/fr\/produit\/pompe-a-eau-sous-pression-classic-systeme-deau-potable-weisgelb-10-l-31-bar\/","url":"https:\/\/shop.bantam.ch\/fr\/produit\/pompe-a-eau-sous-pression-classic-systeme-deau-potable-weisgelb-10-l-31-bar\/","name":"Pompe \u00e0 eau sous pression LILIE S\u00e9rie Classic Syst\u00e8me traitem. eau Wei\u00dfGELB 10 l 3,1 bar - Bantam","isPartOf":{"@id":"https:\/\/shop.bantam.ch\/fr\/#website"},"primaryImageOfPage":{"@id":"https:\/\/shop.bantam.ch\/fr\/produit\/pompe-a-eau-sous-pression-classic-systeme-deau-potable-weisgelb-10-l-31-bar\/#primaryimage"},"image":{"@id":"https:\/\/shop.bantam.ch\/fr\/produit\/pompe-a-eau-sous-pression-classic-systeme-deau-potable-weisgelb-10-l-31-bar\/#primaryimage"},"thumbnailUrl":"https:\/\/shop.bantam.ch\/wp-content\/uploads\/2023\/02\/995659211.jpg","datePublished":"2023-02-28T04:25:24+00:00","dateModified":"2026-05-01T19:29:40+00:00","breadcrumb":{"@id":"https:\/\/shop.bantam.ch\/fr\/produit\/pompe-a-eau-sous-pression-classic-systeme-deau-potable-weisgelb-10-l-31-bar\/#breadcrumb"},"inLanguage":"fr-FR","potentialAction":[{"@type":"ReadAction","target":["https:\/\/shop.bantam.ch\/fr\/produit\/pompe-a-eau-sous-pression-classic-systeme-deau-potable-weisgelb-10-l-31-bar\/"]}]},{"@type":"ImageObject","inLanguage":"fr-FR","@id":"https:\/\/shop.bantam.ch\/fr\/produit\/pompe-a-eau-sous-pression-classic-systeme-deau-potable-weisgelb-10-l-31-bar\/#primaryimage","url":"https:\/\/shop.bantam.ch\/wp-content\/uploads\/2023\/02\/995659211.jpg","contentUrl":"https:\/\/shop.bantam.ch\/wp-content\/uploads\/2023\/02\/995659211.jpg","width":1000,"height":727},{"@type":"BreadcrumbList","@id":"https:\/\/shop.bantam.ch\/fr\/produit\/pompe-a-eau-sous-pression-classic-systeme-deau-potable-weisgelb-10-l-31-bar\/#breadcrumb","itemListElement":[{"@type":"ListItem","position":1,"name":"Accueil","item":"https:\/\/shop.bantam.ch\/fr\/"},{"@type":"ListItem","position":2,"name":"Boutique","item":"https:\/\/shop.bantam.ch\/fr\/boutique\/"},{"@type":"ListItem","position":3,"name":"Pompe \u00e0 eau sous pression LILIE S\u00e9rie Classic Syst\u00e8me traitem. eau Wei\u00dfGELB 10 l 3,1 bar"}]},{"@type":"WebSite","@id":"https:\/\/shop.bantam.ch\/fr\/#website","url":"https:\/\/shop.bantam.ch\/fr\/","name":"Bantam","description":"","publisher":{"@id":"https:\/\/shop.bantam.ch\/fr\/#organization"},"inLanguage":"fr-FR"},{"@type":"Organization","@id":"https:\/\/shop.bantam.ch\/fr\/#organization","name":"Bantam","url":"https:\/\/shop.bantam.ch\/fr\/","logo":{"@type":"ImageObject","inLanguage":"fr-FR","@id":"https:\/\/shop.bantam.ch\/fr\/#\/schema\/logo\/image\/","url":"https:\/\/shop.bantam.ch\/wp-content\/uploads\/2022\/12\/bantam-logo.png","contentUrl":"https:\/\/shop.bantam.ch\/wp-content\/uploads\/2022\/12\/bantam-logo.png","width":320,"height":71,"caption":"Bantam"},"image":{"@id":"https:\/\/shop.bantam.ch\/fr\/#\/schema\/logo\/image\/"}}]}},"_links":{"self":[{"href":"https:\/\/shop.bantam.ch\/fr\/wp-json\/wp\/v2\/product\/96951","targetHints":{"allow":["GET"]}}],"collection":[{"href":"https:\/\/shop.bantam.ch\/fr\/wp-json\/wp\/v2\/product"}],"about":[{"href":"https:\/\/shop.bantam.ch\/fr\/wp-json\/wp\/v2\/types\/product"}],"wp:featuredmedia":[{"embeddable":true,"href":"https:\/\/shop.bantam.ch\/fr\/wp-json\/wp\/v2\/media\/96949"}],"wp:attachment":[{"href":"https:\/\/shop.bantam.ch\/fr\/wp-json\/wp\/v2\/media?parent=96951"}],"wp:term":[{"taxonomy":"product_featured_cat","embeddable":true,"href":"https:\/\/shop.bantam.ch\/fr\/wp-json\/wp\/v2\/product_featured_cat?post=96951"},{"taxonomy":"product_brand","embeddable":true,"href":"https:\/\/shop.bantam.ch\/fr\/wp-json\/wp\/v2\/product_brand?post=96951"},{"taxonomy":"product_cat","embeddable":true,"href":"https:\/\/shop.bantam.ch\/fr\/wp-json\/wp\/v2\/product_cat?post=96951"},{"taxonomy":"product_tag","embeddable":true,"href":"https:\/\/shop.bantam.ch\/fr\/wp-json\/wp\/v2\/product_tag?post=96951"}],"curies":[{"name":"wp","href":"https:\/\/api.w.org\/{rel}","templated":true}]}}