{"id":96877,"date":"2023-02-28T05:23:40","date_gmt":"2023-02-28T04:23:40","guid":{"rendered":"http:\/\/shop.bantam.ch\/produit\/camera-de-recul-bc40\/"},"modified":"2026-04-18T22:56:35","modified_gmt":"2026-04-18T20:56:35","slug":"camera-de-recul-bc40","status":"publish","type":"product","link":"https:\/\/shop.bantam.ch\/fr\/produit\/camera-de-recul-bc40\/","title":{"rendered":"Cam\u00e9ra de recul BC40"},"content":{"rendered":"<p>La cam\u00e9ra de recul sans fil Garmin BC 40 vous permet d&rsquo;avoir une vue d&rsquo;ensemble de se qui se trouve \u00e0 l\u2019arri\u00e8re de votre v\u00e9hicule. Gr\u00e2ce au support \u00e0 vis r\u00e9glable, vous pouvez la monter facilement et en toute flexibilit\u00e9 sur votre camping-car, votre caravane ou votre remorque. La cam\u00e9ra est pr\u00eate \u00e0 l&#8217;emploi sans aucun raccordement de c\u00e2ble. Deux piles AA au lithium fournissent l&rsquo;\u00e9nergie tandis que le module sans fil int\u00e9gr\u00e9 transmet les images vid\u00e9o sans fil \u00e0 votre appareil de navigation Garmin compatible. L&rsquo;objectif grand angle de haute qualit\u00e9 capte la situation derri\u00e8re votre v\u00e9hicule avec un angle de vue de 150\u00b0 et le capteur d&rsquo;image \u00e0 r\u00e9solution HD 720p affiche tous les d\u00e9tails sur l&rsquo;\u00e9cran du syst\u00e8me de navigation. La BC 40 est \u00e9tanche selon la classe de protection IPX7 et peut \u00eatre rapidement retir\u00e9e de son support pour changer les piles ou en cas de lavage du v\u00e9hicule. La fonction de d\u00e9marrage automatique, qui peut \u00eatre d\u00e9sactiv\u00e9e, assure une transmission imm\u00e9diate de l&rsquo;image d\u00e8s que le moteur est d\u00e9marr\u00e9 et coupe \u00e0 nouveau l&rsquo;image d\u00e8s qu&rsquo;un mouvement vers l&rsquo;avant est d\u00e9tect\u00e9. Sinon, vous pouvez \u00e9galement d\u00e9clencher la cam\u00e9ra par commande vocale et en appuyant sur une touche de l&rsquo;\u00e9cran.<\/p>\n<ul>\n<li>Cam\u00e9ra de recul sans fil facile et rapide \u00e0 installer<\/li>\n<li>\u00c0 utiliser avec les appareils de navigation GARMIN compatibles<\/li>\n<li>Objectif grand angle 150\u00b0 de haute qualit\u00e9 et r\u00e9solution d&rsquo;image 720p<\/li>\n<li>Bo\u00eetier robuste et \u00e9tanche selon la norme IPX7<\/li>\n<li>Transmission Wifi avec une port\u00e9e allant jusqu&rsquo;\u00e0 8 m<\/li>\n<li>Support de plaque d&rsquo;immatriculation avec fixation ajustable<\/li>\n<li>Activation automatique lorsque l&rsquo;appareil de navigation est allum\u00e9<\/li>\n<li>Contr\u00f4le par commande vocale ou touche d&rsquo;activation sur l&rsquo;\u00e9cran<\/li>\n<li>Jusqu&rsquo;\u00e0 3 mois d&rsquo;autonomie avec 2 piles AA au lithium (non fournies)<\/li>\n<li>Notification automatique lorsqu&rsquo;un changement de pile est n\u00e9cessaire<\/li>\n<\/ul>\n","protected":false},"excerpt":{"rendered":"<p>La cam\u00e9ra de recul sans fil Garmin BC 40 vous permet d&rsquo;avoir une vue d&rsquo;ensemble de se qui se trouve \u00e0 l\u2019arri\u00e8re de votre v\u00e9hicule. Gr\u00e2ce au support \u00e0 vis r\u00e9glable, vous pouvez la monter facilement et en toute flexibilit\u00e9 sur votre camping-car, votre caravane ou votre remorque. La cam\u00e9ra est pr\u00eate \u00e0 l&#8217;emploi sans [&hellip;]<\/p>\n","protected":false},"featured_media":96833,"template":"","meta":{"_acf_changed":false},"product_featured_cat":[],"product_brand":[3336],"product_cat":[5001],"product_tag":[],"class_list":{"0":"post-96877","1":"product","2":"type-product","3":"status-publish","4":"has-post-thumbnail","6":"product_brand-garmin","7":"product_cat-cameras","9":"first","10":"outofstock","11":"taxable","12":"shipping-taxable","13":"product-type-variable"},"acf":[],"yoast_head":"<!-- This site is optimized with the Yoast SEO plugin v27.4 - https:\/\/yoast.com\/product\/yoast-seo-wordpress\/ -->\n<title>Cam\u00e9ra de recul BC40 - Bantam Wankm\u00fcller SA<\/title>\n<meta name=\"robots\" content=\"index, follow, max-snippet:-1, max-image-preview:large, max-video-preview:-1\" \/>\n<link rel=\"canonical\" href=\"https:\/\/shop.bantam.ch\/fr\/produit\/camera-de-recul-bc40\/\" \/>\n<meta property=\"og:locale\" content=\"fr_FR\" \/>\n<meta property=\"og:type\" content=\"article\" \/>\n<meta property=\"og:title\" content=\"Cam\u00e9ra de recul BC40 - Bantam Wankm\u00fcller SA\" \/>\n<meta property=\"og:description\" content=\"La cam\u00e9ra de recul sans fil Garmin BC 40 vous permet d&rsquo;avoir une vue d&rsquo;ensemble de se qui se trouve \u00e0 l\u2019arri\u00e8re de votre v\u00e9hicule. Gr\u00e2ce au support \u00e0 vis r\u00e9glable, vous pouvez la monter facilement et en toute flexibilit\u00e9 sur votre camping-car, votre caravane ou votre remorque. La cam\u00e9ra est pr\u00eate \u00e0 l&#8217;emploi sans [&hellip;]\" \/>\n<meta property=\"og:url\" content=\"https:\/\/shop.bantam.ch\/fr\/produit\/camera-de-recul-bc40\/\" \/>\n<meta property=\"og:site_name\" content=\"Bantam Wankm\u00fcller SA\" \/>\n<meta property=\"article:modified_time\" content=\"2026-04-18T20:56:35+00:00\" \/>\n<meta property=\"og:image\" content=\"https:\/\/shop.bantam.ch\/wp-content\/uploads\/2023\/02\/995657611.jpg\" \/>\n\t<meta property=\"og:image:width\" content=\"1000\" \/>\n\t<meta property=\"og:image:height\" content=\"271\" \/>\n\t<meta property=\"og:image:type\" content=\"image\/jpeg\" \/>\n<meta name=\"twitter:card\" content=\"summary_large_image\" \/>\n<meta name=\"twitter:label1\" content=\"Dur\u00e9e de lecture estim\u00e9e\" \/>\n\t<meta name=\"twitter:data1\" content=\"2 minutes\" \/>\n<script type=\"application\/ld+json\" class=\"yoast-schema-graph\">{\"@context\":\"https:\\\/\\\/schema.org\",\"@graph\":[{\"@type\":\"WebPage\",\"@id\":\"https:\\\/\\\/shop.bantam.ch\\\/fr\\\/produit\\\/camera-de-recul-bc40\\\/\",\"url\":\"https:\\\/\\\/shop.bantam.ch\\\/fr\\\/produit\\\/camera-de-recul-bc40\\\/\",\"name\":\"Cam\u00e9ra de recul BC40 - Bantam Wankm\u00fcller SA\",\"isPartOf\":{\"@id\":\"https:\\\/\\\/shop.bantam.ch\\\/fr\\\/#website\"},\"primaryImageOfPage\":{\"@id\":\"https:\\\/\\\/shop.bantam.ch\\\/fr\\\/produit\\\/camera-de-recul-bc40\\\/#primaryimage\"},\"image\":{\"@id\":\"https:\\\/\\\/shop.bantam.ch\\\/fr\\\/produit\\\/camera-de-recul-bc40\\\/#primaryimage\"},\"thumbnailUrl\":\"https:\\\/\\\/shop.bantam.ch\\\/wp-content\\\/uploads\\\/2023\\\/02\\\/995657611.jpg\",\"datePublished\":\"2023-02-28T04:23:40+00:00\",\"dateModified\":\"2026-04-18T20:56:35+00:00\",\"breadcrumb\":{\"@id\":\"https:\\\/\\\/shop.bantam.ch\\\/fr\\\/produit\\\/camera-de-recul-bc40\\\/#breadcrumb\"},\"inLanguage\":\"fr-FR\",\"potentialAction\":[{\"@type\":\"ReadAction\",\"target\":[\"https:\\\/\\\/shop.bantam.ch\\\/fr\\\/produit\\\/camera-de-recul-bc40\\\/\"]}]},{\"@type\":\"ImageObject\",\"inLanguage\":\"fr-FR\",\"@id\":\"https:\\\/\\\/shop.bantam.ch\\\/fr\\\/produit\\\/camera-de-recul-bc40\\\/#primaryimage\",\"url\":\"https:\\\/\\\/shop.bantam.ch\\\/wp-content\\\/uploads\\\/2023\\\/02\\\/995657611.jpg\",\"contentUrl\":\"https:\\\/\\\/shop.bantam.ch\\\/wp-content\\\/uploads\\\/2023\\\/02\\\/995657611.jpg\",\"width\":1000,\"height\":271},{\"@type\":\"BreadcrumbList\",\"@id\":\"https:\\\/\\\/shop.bantam.ch\\\/fr\\\/produit\\\/camera-de-recul-bc40\\\/#breadcrumb\",\"itemListElement\":[{\"@type\":\"ListItem\",\"position\":1,\"name\":\"Accueil\",\"item\":\"https:\\\/\\\/shop.bantam.ch\\\/fr\\\/\"},{\"@type\":\"ListItem\",\"position\":2,\"name\":\"Boutique\",\"item\":\"https:\\\/\\\/shop.bantam.ch\\\/fr\\\/boutique\\\/\"},{\"@type\":\"ListItem\",\"position\":3,\"name\":\"Cam\u00e9ra de recul BC40\"}]},{\"@type\":\"WebSite\",\"@id\":\"https:\\\/\\\/shop.bantam.ch\\\/fr\\\/#website\",\"url\":\"https:\\\/\\\/shop.bantam.ch\\\/fr\\\/\",\"name\":\"Bantam Wankm\u00fcller SA\",\"description\":\"\",\"publisher\":{\"@id\":\"https:\\\/\\\/shop.bantam.ch\\\/fr\\\/#organization\"},\"inLanguage\":\"fr-FR\"},{\"@type\":\"Organization\",\"@id\":\"https:\\\/\\\/shop.bantam.ch\\\/fr\\\/#organization\",\"name\":\"Bantam Wankm\u00fcller SA\",\"url\":\"https:\\\/\\\/shop.bantam.ch\\\/fr\\\/\",\"logo\":{\"@type\":\"ImageObject\",\"inLanguage\":\"fr-FR\",\"@id\":\"https:\\\/\\\/shop.bantam.ch\\\/fr\\\/#\\\/schema\\\/logo\\\/image\\\/\",\"url\":\"https:\\\/\\\/shop.bantam.ch\\\/wp-content\\\/uploads\\\/2022\\\/12\\\/bantam-logo.png\",\"contentUrl\":\"https:\\\/\\\/shop.bantam.ch\\\/wp-content\\\/uploads\\\/2022\\\/12\\\/bantam-logo.png\",\"width\":320,\"height\":71,\"caption\":\"Bantam Wankm\u00fcller SA\"},\"image\":{\"@id\":\"https:\\\/\\\/shop.bantam.ch\\\/fr\\\/#\\\/schema\\\/logo\\\/image\\\/\"}}]}<\/script>\n<!-- \/ Yoast SEO plugin. -->","yoast_head_json":{"title":"Cam\u00e9ra de recul BC40 - Bantam Wankm\u00fcller SA","robots":{"index":"index","follow":"follow","max-snippet":"max-snippet:-1","max-image-preview":"max-image-preview:large","max-video-preview":"max-video-preview:-1"},"canonical":"https:\/\/shop.bantam.ch\/fr\/produit\/camera-de-recul-bc40\/","og_locale":"fr_FR","og_type":"article","og_title":"Cam\u00e9ra de recul BC40 - Bantam Wankm\u00fcller SA","og_description":"La cam\u00e9ra de recul sans fil Garmin BC 40 vous permet d&rsquo;avoir une vue d&rsquo;ensemble de se qui se trouve \u00e0 l\u2019arri\u00e8re de votre v\u00e9hicule. Gr\u00e2ce au support \u00e0 vis r\u00e9glable, vous pouvez la monter facilement et en toute flexibilit\u00e9 sur votre camping-car, votre caravane ou votre remorque. La cam\u00e9ra est pr\u00eate \u00e0 l&#8217;emploi sans [&hellip;]","og_url":"https:\/\/shop.bantam.ch\/fr\/produit\/camera-de-recul-bc40\/","og_site_name":"Bantam Wankm\u00fcller SA","article_modified_time":"2026-04-18T20:56:35+00:00","og_image":[{"width":1000,"height":271,"url":"https:\/\/shop.bantam.ch\/wp-content\/uploads\/2023\/02\/995657611.jpg","type":"image\/jpeg"}],"twitter_card":"summary_large_image","twitter_misc":{"Dur\u00e9e de lecture estim\u00e9e":"2 minutes"},"schema":{"@context":"https:\/\/schema.org","@graph":[{"@type":"WebPage","@id":"https:\/\/shop.bantam.ch\/fr\/produit\/camera-de-recul-bc40\/","url":"https:\/\/shop.bantam.ch\/fr\/produit\/camera-de-recul-bc40\/","name":"Cam\u00e9ra de recul BC40 - Bantam Wankm\u00fcller SA","isPartOf":{"@id":"https:\/\/shop.bantam.ch\/fr\/#website"},"primaryImageOfPage":{"@id":"https:\/\/shop.bantam.ch\/fr\/produit\/camera-de-recul-bc40\/#primaryimage"},"image":{"@id":"https:\/\/shop.bantam.ch\/fr\/produit\/camera-de-recul-bc40\/#primaryimage"},"thumbnailUrl":"https:\/\/shop.bantam.ch\/wp-content\/uploads\/2023\/02\/995657611.jpg","datePublished":"2023-02-28T04:23:40+00:00","dateModified":"2026-04-18T20:56:35+00:00","breadcrumb":{"@id":"https:\/\/shop.bantam.ch\/fr\/produit\/camera-de-recul-bc40\/#breadcrumb"},"inLanguage":"fr-FR","potentialAction":[{"@type":"ReadAction","target":["https:\/\/shop.bantam.ch\/fr\/produit\/camera-de-recul-bc40\/"]}]},{"@type":"ImageObject","inLanguage":"fr-FR","@id":"https:\/\/shop.bantam.ch\/fr\/produit\/camera-de-recul-bc40\/#primaryimage","url":"https:\/\/shop.bantam.ch\/wp-content\/uploads\/2023\/02\/995657611.jpg","contentUrl":"https:\/\/shop.bantam.ch\/wp-content\/uploads\/2023\/02\/995657611.jpg","width":1000,"height":271},{"@type":"BreadcrumbList","@id":"https:\/\/shop.bantam.ch\/fr\/produit\/camera-de-recul-bc40\/#breadcrumb","itemListElement":[{"@type":"ListItem","position":1,"name":"Accueil","item":"https:\/\/shop.bantam.ch\/fr\/"},{"@type":"ListItem","position":2,"name":"Boutique","item":"https:\/\/shop.bantam.ch\/fr\/boutique\/"},{"@type":"ListItem","position":3,"name":"Cam\u00e9ra de recul BC40"}]},{"@type":"WebSite","@id":"https:\/\/shop.bantam.ch\/fr\/#website","url":"https:\/\/shop.bantam.ch\/fr\/","name":"Bantam Wankm\u00fcller SA","description":"","publisher":{"@id":"https:\/\/shop.bantam.ch\/fr\/#organization"},"inLanguage":"fr-FR"},{"@type":"Organization","@id":"https:\/\/shop.bantam.ch\/fr\/#organization","name":"Bantam Wankm\u00fcller SA","url":"https:\/\/shop.bantam.ch\/fr\/","logo":{"@type":"ImageObject","inLanguage":"fr-FR","@id":"https:\/\/shop.bantam.ch\/fr\/#\/schema\/logo\/image\/","url":"https:\/\/shop.bantam.ch\/wp-content\/uploads\/2022\/12\/bantam-logo.png","contentUrl":"https:\/\/shop.bantam.ch\/wp-content\/uploads\/2022\/12\/bantam-logo.png","width":320,"height":71,"caption":"Bantam Wankm\u00fcller SA"},"image":{"@id":"https:\/\/shop.bantam.ch\/fr\/#\/schema\/logo\/image\/"}}]}},"_links":{"self":[{"href":"https:\/\/shop.bantam.ch\/fr\/wp-json\/wp\/v2\/product\/96877","targetHints":{"allow":["GET"]}}],"collection":[{"href":"https:\/\/shop.bantam.ch\/fr\/wp-json\/wp\/v2\/product"}],"about":[{"href":"https:\/\/shop.bantam.ch\/fr\/wp-json\/wp\/v2\/types\/product"}],"wp:featuredmedia":[{"embeddable":true,"href":"https:\/\/shop.bantam.ch\/fr\/wp-json\/wp\/v2\/media\/96833"}],"wp:attachment":[{"href":"https:\/\/shop.bantam.ch\/fr\/wp-json\/wp\/v2\/media?parent=96877"}],"wp:term":[{"taxonomy":"product_featured_cat","embeddable":true,"href":"https:\/\/shop.bantam.ch\/fr\/wp-json\/wp\/v2\/product_featured_cat?post=96877"},{"taxonomy":"product_brand","embeddable":true,"href":"https:\/\/shop.bantam.ch\/fr\/wp-json\/wp\/v2\/product_brand?post=96877"},{"taxonomy":"product_cat","embeddable":true,"href":"https:\/\/shop.bantam.ch\/fr\/wp-json\/wp\/v2\/product_cat?post=96877"},{"taxonomy":"product_tag","embeddable":true,"href":"https:\/\/shop.bantam.ch\/fr\/wp-json\/wp\/v2\/product_tag?post=96877"}],"curies":[{"name":"wp","href":"https:\/\/api.w.org\/{rel}","templated":true}]}}