{"id":96453,"date":"2023-02-28T05:18:46","date_gmt":"2023-02-28T04:18:46","guid":{"rendered":"http:\/\/shop.bantam.ch\/produit\/glaciere-ck-40d-hybrid\/"},"modified":"2026-05-02T21:29:13","modified_gmt":"2026-05-02T19:29:13","slug":"glaciere-ck-40d-hybrid","status":"publish","type":"product","link":"https:\/\/shop.bantam.ch\/fr\/produit\/glaciere-ck-40d-hybrid\/","title":{"rendered":"Glaci\u00e8re CK 40D Hybrid"},"content":{"rendered":"<p>\u00c9quip\u00e9e de deux syst\u00e8mes de refroidissement &#8211; un groupe thermo\u00e9lectrique compl\u00e8te le compresseur (230 volts) pour pouvoir utiliser la glaci\u00e8re avec une batterie de v\u00e9hicule de 12 volts. La cha\u00eene du froid peut ainsi \u00eatre pr\u00e9serv\u00e9e pendant le transport. Hauteur suffisante pour bouteilles de 2 litres, corps robuste, performances de cong\u00e9lation jusqu\u2019\u00e0 -15 \u00b0C. Un appareil au top pour le camping, la maison et le jardin.<\/p>\n<p>Propri\u00e9t\u00e9s et fonctions :<\/p>\n<ul>\n<li>Mod\u00e8le : CK 40D hybride \u00e0 compresseur thermo\u00e9lectrique 230V\/12V<\/li>\n<li>Niveau sonore : 46 dB<\/li>\n<li>Consommation \u00e9lectrique CC : 47 W, CA : 75 W<\/li>\n<li>Pour 230 V (compresseur) et 12 V (thermo\u00e9lectrique)<\/li>\n<li>Consommation sous 12 V\u00a0: 47\u00a0W<\/li>\n<li>Puissance de refroidissement jusqu\u2019\u00e0 &#8211; 15 \u00b0C (fonctionnement du compresseur)<\/li>\n<li>Puissance frigorifique sous la temp\u00e9rature ambiante : 20 \u00b0C<\/li>\n<\/ul>\n<p>\u00a0<\/p>\n","protected":false},"excerpt":{"rendered":"<p>\u00c9quip\u00e9e de deux syst\u00e8mes de refroidissement &#8211; un groupe thermo\u00e9lectrique compl\u00e8te le compresseur (230 volts) pour pouvoir utiliser la glaci\u00e8re avec une batterie de v\u00e9hicule de 12 volts. La cha\u00eene du froid peut ainsi \u00eatre pr\u00e9serv\u00e9e pendant le transport. Hauteur suffisante pour bouteilles de 2 litres, corps robuste, performances de cong\u00e9lation jusqu\u2019\u00e0 -15 \u00b0C. Un [&hellip;]<\/p>\n","protected":false},"featured_media":96451,"template":"","meta":{"_acf_changed":false},"product_featured_cat":[1888],"product_brand":[3028],"product_cat":[4545,4543],"product_tag":[],"class_list":{"0":"post-96453","1":"product","2":"type-product","3":"status-publish","4":"has-post-thumbnail","6":"product_featured_cat-glacieres-dometic","7":"product_brand-dometic","8":"product_cat-glacieres-a-compression","9":"product_cat-glacieres-thermoelectriques","11":"first","12":"instock","13":"taxable","14":"shipping-taxable","15":"purchasable","16":"product-type-simple"},"acf":[],"yoast_head":"<!-- This site is optimized with the Yoast SEO plugin v27.5 - https:\/\/yoast.com\/product\/yoast-seo-wordpress\/ -->\n<title>Glaci\u00e8re CK 40D Hybrid - Bantam<\/title>\n<meta name=\"robots\" content=\"index, follow, max-snippet:-1, max-image-preview:large, max-video-preview:-1\" \/>\n<link rel=\"canonical\" href=\"https:\/\/shop.bantam.ch\/fr\/produit\/glaciere-ck-40d-hybrid\/\" \/>\n<meta property=\"og:locale\" content=\"fr_FR\" \/>\n<meta property=\"og:type\" content=\"article\" \/>\n<meta property=\"og:title\" content=\"Glaci\u00e8re CK 40D Hybrid - Bantam\" \/>\n<meta property=\"og:description\" content=\"\u00c9quip\u00e9e de deux syst\u00e8mes de refroidissement &#8211; un groupe thermo\u00e9lectrique compl\u00e8te le compresseur (230 volts) pour pouvoir utiliser la glaci\u00e8re avec une batterie de v\u00e9hicule de 12 volts. La cha\u00eene du froid peut ainsi \u00eatre pr\u00e9serv\u00e9e pendant le transport. Hauteur suffisante pour bouteilles de 2 litres, corps robuste, performances de cong\u00e9lation jusqu\u2019\u00e0 -15 \u00b0C. Un [&hellip;]\" \/>\n<meta property=\"og:url\" content=\"https:\/\/shop.bantam.ch\/fr\/produit\/glaciere-ck-40d-hybrid\/\" \/>\n<meta property=\"og:site_name\" content=\"Bantam\" \/>\n<meta property=\"article:modified_time\" content=\"2026-05-02T19:29:13+00:00\" \/>\n<meta property=\"og:image\" content=\"https:\/\/shop.bantam.ch\/wp-content\/uploads\/2023\/02\/993041311.jpg\" \/>\n\t<meta property=\"og:image:width\" content=\"1000\" \/>\n\t<meta property=\"og:image:height\" content=\"1000\" \/>\n\t<meta property=\"og:image:type\" content=\"image\/jpeg\" \/>\n<meta name=\"twitter:card\" content=\"summary_large_image\" \/>\n<meta name=\"twitter:label1\" content=\"Dur\u00e9e de lecture estim\u00e9e\" \/>\n\t<meta name=\"twitter:data1\" content=\"1 minute\" \/>\n<script type=\"application\/ld+json\" class=\"yoast-schema-graph\">{\"@context\":\"https:\\\/\\\/schema.org\",\"@graph\":[{\"@type\":\"WebPage\",\"@id\":\"https:\\\/\\\/shop.bantam.ch\\\/fr\\\/produit\\\/glaciere-ck-40d-hybrid\\\/\",\"url\":\"https:\\\/\\\/shop.bantam.ch\\\/fr\\\/produit\\\/glaciere-ck-40d-hybrid\\\/\",\"name\":\"Glaci\u00e8re CK 40D Hybrid - Bantam\",\"isPartOf\":{\"@id\":\"https:\\\/\\\/shop.bantam.ch\\\/fr\\\/#website\"},\"primaryImageOfPage\":{\"@id\":\"https:\\\/\\\/shop.bantam.ch\\\/fr\\\/produit\\\/glaciere-ck-40d-hybrid\\\/#primaryimage\"},\"image\":{\"@id\":\"https:\\\/\\\/shop.bantam.ch\\\/fr\\\/produit\\\/glaciere-ck-40d-hybrid\\\/#primaryimage\"},\"thumbnailUrl\":\"https:\\\/\\\/shop.bantam.ch\\\/wp-content\\\/uploads\\\/2023\\\/02\\\/993041311.jpg\",\"datePublished\":\"2023-02-28T04:18:46+00:00\",\"dateModified\":\"2026-05-02T19:29:13+00:00\",\"breadcrumb\":{\"@id\":\"https:\\\/\\\/shop.bantam.ch\\\/fr\\\/produit\\\/glaciere-ck-40d-hybrid\\\/#breadcrumb\"},\"inLanguage\":\"fr-FR\",\"potentialAction\":[{\"@type\":\"ReadAction\",\"target\":[\"https:\\\/\\\/shop.bantam.ch\\\/fr\\\/produit\\\/glaciere-ck-40d-hybrid\\\/\"]}]},{\"@type\":\"ImageObject\",\"inLanguage\":\"fr-FR\",\"@id\":\"https:\\\/\\\/shop.bantam.ch\\\/fr\\\/produit\\\/glaciere-ck-40d-hybrid\\\/#primaryimage\",\"url\":\"https:\\\/\\\/shop.bantam.ch\\\/wp-content\\\/uploads\\\/2023\\\/02\\\/993041311.jpg\",\"contentUrl\":\"https:\\\/\\\/shop.bantam.ch\\\/wp-content\\\/uploads\\\/2023\\\/02\\\/993041311.jpg\",\"width\":1000,\"height\":1000},{\"@type\":\"BreadcrumbList\",\"@id\":\"https:\\\/\\\/shop.bantam.ch\\\/fr\\\/produit\\\/glaciere-ck-40d-hybrid\\\/#breadcrumb\",\"itemListElement\":[{\"@type\":\"ListItem\",\"position\":1,\"name\":\"Accueil\",\"item\":\"https:\\\/\\\/shop.bantam.ch\\\/fr\\\/\"},{\"@type\":\"ListItem\",\"position\":2,\"name\":\"Boutique\",\"item\":\"https:\\\/\\\/shop.bantam.ch\\\/fr\\\/boutique\\\/\"},{\"@type\":\"ListItem\",\"position\":3,\"name\":\"Glaci\u00e8re CK 40D Hybrid\"}]},{\"@type\":\"WebSite\",\"@id\":\"https:\\\/\\\/shop.bantam.ch\\\/fr\\\/#website\",\"url\":\"https:\\\/\\\/shop.bantam.ch\\\/fr\\\/\",\"name\":\"Bantam\",\"description\":\"\",\"publisher\":{\"@id\":\"https:\\\/\\\/shop.bantam.ch\\\/fr\\\/#organization\"},\"inLanguage\":\"fr-FR\"},{\"@type\":\"Organization\",\"@id\":\"https:\\\/\\\/shop.bantam.ch\\\/fr\\\/#organization\",\"name\":\"Bantam\",\"url\":\"https:\\\/\\\/shop.bantam.ch\\\/fr\\\/\",\"logo\":{\"@type\":\"ImageObject\",\"inLanguage\":\"fr-FR\",\"@id\":\"https:\\\/\\\/shop.bantam.ch\\\/fr\\\/#\\\/schema\\\/logo\\\/image\\\/\",\"url\":\"https:\\\/\\\/shop.bantam.ch\\\/wp-content\\\/uploads\\\/2022\\\/12\\\/bantam-logo.png\",\"contentUrl\":\"https:\\\/\\\/shop.bantam.ch\\\/wp-content\\\/uploads\\\/2022\\\/12\\\/bantam-logo.png\",\"width\":320,\"height\":71,\"caption\":\"Bantam\"},\"image\":{\"@id\":\"https:\\\/\\\/shop.bantam.ch\\\/fr\\\/#\\\/schema\\\/logo\\\/image\\\/\"}}]}<\/script>\n<!-- \/ Yoast SEO plugin. -->","yoast_head_json":{"title":"Glaci\u00e8re CK 40D Hybrid - Bantam","robots":{"index":"index","follow":"follow","max-snippet":"max-snippet:-1","max-image-preview":"max-image-preview:large","max-video-preview":"max-video-preview:-1"},"canonical":"https:\/\/shop.bantam.ch\/fr\/produit\/glaciere-ck-40d-hybrid\/","og_locale":"fr_FR","og_type":"article","og_title":"Glaci\u00e8re CK 40D Hybrid - Bantam","og_description":"\u00c9quip\u00e9e de deux syst\u00e8mes de refroidissement &#8211; un groupe thermo\u00e9lectrique compl\u00e8te le compresseur (230 volts) pour pouvoir utiliser la glaci\u00e8re avec une batterie de v\u00e9hicule de 12 volts. La cha\u00eene du froid peut ainsi \u00eatre pr\u00e9serv\u00e9e pendant le transport. Hauteur suffisante pour bouteilles de 2 litres, corps robuste, performances de cong\u00e9lation jusqu\u2019\u00e0 -15 \u00b0C. Un [&hellip;]","og_url":"https:\/\/shop.bantam.ch\/fr\/produit\/glaciere-ck-40d-hybrid\/","og_site_name":"Bantam","article_modified_time":"2026-05-02T19:29:13+00:00","og_image":[{"width":1000,"height":1000,"url":"https:\/\/shop.bantam.ch\/wp-content\/uploads\/2023\/02\/993041311.jpg","type":"image\/jpeg"}],"twitter_card":"summary_large_image","twitter_misc":{"Dur\u00e9e de lecture estim\u00e9e":"1 minute"},"schema":{"@context":"https:\/\/schema.org","@graph":[{"@type":"WebPage","@id":"https:\/\/shop.bantam.ch\/fr\/produit\/glaciere-ck-40d-hybrid\/","url":"https:\/\/shop.bantam.ch\/fr\/produit\/glaciere-ck-40d-hybrid\/","name":"Glaci\u00e8re CK 40D Hybrid - Bantam","isPartOf":{"@id":"https:\/\/shop.bantam.ch\/fr\/#website"},"primaryImageOfPage":{"@id":"https:\/\/shop.bantam.ch\/fr\/produit\/glaciere-ck-40d-hybrid\/#primaryimage"},"image":{"@id":"https:\/\/shop.bantam.ch\/fr\/produit\/glaciere-ck-40d-hybrid\/#primaryimage"},"thumbnailUrl":"https:\/\/shop.bantam.ch\/wp-content\/uploads\/2023\/02\/993041311.jpg","datePublished":"2023-02-28T04:18:46+00:00","dateModified":"2026-05-02T19:29:13+00:00","breadcrumb":{"@id":"https:\/\/shop.bantam.ch\/fr\/produit\/glaciere-ck-40d-hybrid\/#breadcrumb"},"inLanguage":"fr-FR","potentialAction":[{"@type":"ReadAction","target":["https:\/\/shop.bantam.ch\/fr\/produit\/glaciere-ck-40d-hybrid\/"]}]},{"@type":"ImageObject","inLanguage":"fr-FR","@id":"https:\/\/shop.bantam.ch\/fr\/produit\/glaciere-ck-40d-hybrid\/#primaryimage","url":"https:\/\/shop.bantam.ch\/wp-content\/uploads\/2023\/02\/993041311.jpg","contentUrl":"https:\/\/shop.bantam.ch\/wp-content\/uploads\/2023\/02\/993041311.jpg","width":1000,"height":1000},{"@type":"BreadcrumbList","@id":"https:\/\/shop.bantam.ch\/fr\/produit\/glaciere-ck-40d-hybrid\/#breadcrumb","itemListElement":[{"@type":"ListItem","position":1,"name":"Accueil","item":"https:\/\/shop.bantam.ch\/fr\/"},{"@type":"ListItem","position":2,"name":"Boutique","item":"https:\/\/shop.bantam.ch\/fr\/boutique\/"},{"@type":"ListItem","position":3,"name":"Glaci\u00e8re CK 40D Hybrid"}]},{"@type":"WebSite","@id":"https:\/\/shop.bantam.ch\/fr\/#website","url":"https:\/\/shop.bantam.ch\/fr\/","name":"Bantam","description":"","publisher":{"@id":"https:\/\/shop.bantam.ch\/fr\/#organization"},"inLanguage":"fr-FR"},{"@type":"Organization","@id":"https:\/\/shop.bantam.ch\/fr\/#organization","name":"Bantam","url":"https:\/\/shop.bantam.ch\/fr\/","logo":{"@type":"ImageObject","inLanguage":"fr-FR","@id":"https:\/\/shop.bantam.ch\/fr\/#\/schema\/logo\/image\/","url":"https:\/\/shop.bantam.ch\/wp-content\/uploads\/2022\/12\/bantam-logo.png","contentUrl":"https:\/\/shop.bantam.ch\/wp-content\/uploads\/2022\/12\/bantam-logo.png","width":320,"height":71,"caption":"Bantam"},"image":{"@id":"https:\/\/shop.bantam.ch\/fr\/#\/schema\/logo\/image\/"}}]}},"_links":{"self":[{"href":"https:\/\/shop.bantam.ch\/fr\/wp-json\/wp\/v2\/product\/96453","targetHints":{"allow":["GET"]}}],"collection":[{"href":"https:\/\/shop.bantam.ch\/fr\/wp-json\/wp\/v2\/product"}],"about":[{"href":"https:\/\/shop.bantam.ch\/fr\/wp-json\/wp\/v2\/types\/product"}],"wp:featuredmedia":[{"embeddable":true,"href":"https:\/\/shop.bantam.ch\/fr\/wp-json\/wp\/v2\/media\/96451"}],"wp:attachment":[{"href":"https:\/\/shop.bantam.ch\/fr\/wp-json\/wp\/v2\/media?parent=96453"}],"wp:term":[{"taxonomy":"product_featured_cat","embeddable":true,"href":"https:\/\/shop.bantam.ch\/fr\/wp-json\/wp\/v2\/product_featured_cat?post=96453"},{"taxonomy":"product_brand","embeddable":true,"href":"https:\/\/shop.bantam.ch\/fr\/wp-json\/wp\/v2\/product_brand?post=96453"},{"taxonomy":"product_cat","embeddable":true,"href":"https:\/\/shop.bantam.ch\/fr\/wp-json\/wp\/v2\/product_cat?post=96453"},{"taxonomy":"product_tag","embeddable":true,"href":"https:\/\/shop.bantam.ch\/fr\/wp-json\/wp\/v2\/product_tag?post=96453"}],"curies":[{"name":"wp","href":"https:\/\/api.w.org\/{rel}","templated":true}]}}