{"id":96327,"date":"2023-02-28T05:17:18","date_gmt":"2023-02-28T04:17:18","guid":{"rendered":"http:\/\/shop.bantam.ch\/produit\/level-control\/"},"modified":"2026-05-02T21:29:12","modified_gmt":"2026-05-02T19:29:12","slug":"level-control","status":"publish","type":"product","link":"https:\/\/shop.bantam.ch\/fr\/produit\/level-control\/","title":{"rendered":"Truma LevelControl"},"content":{"rendered":"<p>Le Truma LevelControl mesure rapidement et pr\u00e9cis\u00e9ment le niveau de gaz. Avec la nouvelle LevelControl App, c&rsquo;est encore plus simple : vous pouvez consulter votre r\u00e9serve de gaz directement sur votre smartphone via Bluetooth. Si vous voulez mesurer dans une zone rapproch\u00e9e et ne pas utiliser iNet System, cela est d\u00e9sormais possible sans iNet Box !<br \/>Fonctionnement pratique et fiable dans le v\u00e9hicule et \u00e0 proximit\u00e9 imm\u00e9diate. La Truma LevelControl App est parfaite si vous ne disposez pas de iNet System dans votre camping-car ou votre caravane.<\/p>\n<p>Utilisez l&rsquo;une des deux applications gratuites pour consulter votre niveau de gaz de mani\u00e8re pr\u00e9cise et pratique :<\/p>\n<ul>\n<li>Niveau en %<\/li>\n<li>Quantit\u00e9 de gaz en kg<\/li>\n<li>\u00c9tat de la batterie du Truma LevelControl<\/li>\n<li>Temps restant en jours (uniquement via Truma App)<\/li>\n<li>Alarme par SMS quand il reste peu de gaz dans la bouteille (uniquement via Truma App)<\/li>\n<li>Si vous avez deux bouteilles de gaz dans votre v\u00e9hicule, vous pouvez utiliser deux Truma LevelControl en parall\u00e8le. L&rsquo;App Truma affiche ensuite le niveau des bouteilles 1 et 2. La Truma LevelControl App peut m\u00eame \u00eatre utilis\u00e9e pour afficher jusqu&rsquo;\u00e0 quatre Truma LevelControl.<\/li>\n<\/ul>\n<p>Propri\u00e9t\u00e9s et fonctions :<\/li>\n<li>Tension d&rsquo;alimentation\u00a0: 3 V DC \/ 2 batteries de 1,5 V<\/li>\n<li>Consommation \u00e9lectrique max.\u00a0: 70\u00a0mA<\/li>\n<li>Consommation \u00e9lectrique au repos : 0,001 mA<\/li>\n<li>Temp\u00e9rature de service : -20 \u00b0C \u00e0 +50 \u00b0C<\/li>\n<li>Bluetooth Classe 2<\/li>\n<li>Type de gaz : Propane \/ Butane<\/li>\n<\/ul>\n<p>\u00a0<\/p>\n","protected":false},"excerpt":{"rendered":"<p>Le Truma LevelControl mesure rapidement et pr\u00e9cis\u00e9ment le niveau de gaz. Avec la nouvelle LevelControl App, c&rsquo;est encore plus simple : vous pouvez consulter votre r\u00e9serve de gaz directement sur votre smartphone via Bluetooth. Si vous voulez mesurer dans une zone rapproch\u00e9e et ne pas utiliser iNet System, cela est d\u00e9sormais possible sans iNet Box [&hellip;]<\/p>\n","protected":false},"featured_media":96317,"template":"","meta":{"_acf_changed":false},"product_featured_cat":[],"product_brand":[3026],"product_cat":[4495],"product_tag":[],"class_list":{"0":"post-96327","1":"product","2":"type-product","3":"status-publish","4":"has-post-thumbnail","6":"product_brand-truma","7":"product_cat-indicateurs-de-niveau","9":"first","10":"instock","11":"taxable","12":"shipping-taxable","13":"purchasable","14":"product-type-simple"},"acf":[],"yoast_head":"<!-- This site is optimized with the Yoast SEO plugin v27.5 - https:\/\/yoast.com\/product\/yoast-seo-wordpress\/ -->\n<title>Truma LevelControl - Bantam<\/title>\n<meta name=\"robots\" content=\"index, follow, max-snippet:-1, max-image-preview:large, max-video-preview:-1\" \/>\n<link rel=\"canonical\" href=\"https:\/\/shop.bantam.ch\/fr\/produit\/level-control\/\" \/>\n<meta property=\"og:locale\" content=\"fr_FR\" \/>\n<meta property=\"og:type\" content=\"article\" \/>\n<meta property=\"og:title\" content=\"Truma LevelControl - Bantam\" \/>\n<meta property=\"og:description\" content=\"Le Truma LevelControl mesure rapidement et pr\u00e9cis\u00e9ment le niveau de gaz. Avec la nouvelle LevelControl App, c&rsquo;est encore plus simple : vous pouvez consulter votre r\u00e9serve de gaz directement sur votre smartphone via Bluetooth. Si vous voulez mesurer dans une zone rapproch\u00e9e et ne pas utiliser iNet System, cela est d\u00e9sormais possible sans iNet Box [&hellip;]\" \/>\n<meta property=\"og:url\" content=\"https:\/\/shop.bantam.ch\/fr\/produit\/level-control\/\" \/>\n<meta property=\"og:site_name\" content=\"Bantam\" \/>\n<meta property=\"article:modified_time\" content=\"2026-05-02T19:29:12+00:00\" \/>\n<meta property=\"og:image\" content=\"https:\/\/shop.bantam.ch\/wp-content\/uploads\/2023\/02\/993199811RraBGxPpMUc22.jpg\" \/>\n\t<meta property=\"og:image:width\" content=\"1000\" \/>\n\t<meta property=\"og:image:height\" content=\"707\" \/>\n\t<meta property=\"og:image:type\" content=\"image\/jpeg\" \/>\n<meta name=\"twitter:card\" content=\"summary_large_image\" \/>\n<meta name=\"twitter:label1\" content=\"Dur\u00e9e de lecture estim\u00e9e\" \/>\n\t<meta name=\"twitter:data1\" content=\"1 minute\" \/>\n<script type=\"application\/ld+json\" class=\"yoast-schema-graph\">{\"@context\":\"https:\\\/\\\/schema.org\",\"@graph\":[{\"@type\":\"WebPage\",\"@id\":\"https:\\\/\\\/shop.bantam.ch\\\/fr\\\/produit\\\/level-control\\\/\",\"url\":\"https:\\\/\\\/shop.bantam.ch\\\/fr\\\/produit\\\/level-control\\\/\",\"name\":\"Truma LevelControl - Bantam\",\"isPartOf\":{\"@id\":\"https:\\\/\\\/shop.bantam.ch\\\/fr\\\/#website\"},\"primaryImageOfPage\":{\"@id\":\"https:\\\/\\\/shop.bantam.ch\\\/fr\\\/produit\\\/level-control\\\/#primaryimage\"},\"image\":{\"@id\":\"https:\\\/\\\/shop.bantam.ch\\\/fr\\\/produit\\\/level-control\\\/#primaryimage\"},\"thumbnailUrl\":\"https:\\\/\\\/shop.bantam.ch\\\/wp-content\\\/uploads\\\/2023\\\/02\\\/993199811RraBGxPpMUc22.jpg\",\"datePublished\":\"2023-02-28T04:17:18+00:00\",\"dateModified\":\"2026-05-02T19:29:12+00:00\",\"breadcrumb\":{\"@id\":\"https:\\\/\\\/shop.bantam.ch\\\/fr\\\/produit\\\/level-control\\\/#breadcrumb\"},\"inLanguage\":\"fr-FR\",\"potentialAction\":[{\"@type\":\"ReadAction\",\"target\":[\"https:\\\/\\\/shop.bantam.ch\\\/fr\\\/produit\\\/level-control\\\/\"]}]},{\"@type\":\"ImageObject\",\"inLanguage\":\"fr-FR\",\"@id\":\"https:\\\/\\\/shop.bantam.ch\\\/fr\\\/produit\\\/level-control\\\/#primaryimage\",\"url\":\"https:\\\/\\\/shop.bantam.ch\\\/wp-content\\\/uploads\\\/2023\\\/02\\\/993199811RraBGxPpMUc22.jpg\",\"contentUrl\":\"https:\\\/\\\/shop.bantam.ch\\\/wp-content\\\/uploads\\\/2023\\\/02\\\/993199811RraBGxPpMUc22.jpg\",\"width\":1000,\"height\":707},{\"@type\":\"BreadcrumbList\",\"@id\":\"https:\\\/\\\/shop.bantam.ch\\\/fr\\\/produit\\\/level-control\\\/#breadcrumb\",\"itemListElement\":[{\"@type\":\"ListItem\",\"position\":1,\"name\":\"Accueil\",\"item\":\"https:\\\/\\\/shop.bantam.ch\\\/fr\\\/\"},{\"@type\":\"ListItem\",\"position\":2,\"name\":\"Boutique\",\"item\":\"https:\\\/\\\/shop.bantam.ch\\\/fr\\\/boutique\\\/\"},{\"@type\":\"ListItem\",\"position\":3,\"name\":\"Truma LevelControl\"}]},{\"@type\":\"WebSite\",\"@id\":\"https:\\\/\\\/shop.bantam.ch\\\/fr\\\/#website\",\"url\":\"https:\\\/\\\/shop.bantam.ch\\\/fr\\\/\",\"name\":\"Bantam\",\"description\":\"\",\"publisher\":{\"@id\":\"https:\\\/\\\/shop.bantam.ch\\\/fr\\\/#organization\"},\"inLanguage\":\"fr-FR\"},{\"@type\":\"Organization\",\"@id\":\"https:\\\/\\\/shop.bantam.ch\\\/fr\\\/#organization\",\"name\":\"Bantam\",\"url\":\"https:\\\/\\\/shop.bantam.ch\\\/fr\\\/\",\"logo\":{\"@type\":\"ImageObject\",\"inLanguage\":\"fr-FR\",\"@id\":\"https:\\\/\\\/shop.bantam.ch\\\/fr\\\/#\\\/schema\\\/logo\\\/image\\\/\",\"url\":\"https:\\\/\\\/shop.bantam.ch\\\/wp-content\\\/uploads\\\/2022\\\/12\\\/bantam-logo.png\",\"contentUrl\":\"https:\\\/\\\/shop.bantam.ch\\\/wp-content\\\/uploads\\\/2022\\\/12\\\/bantam-logo.png\",\"width\":320,\"height\":71,\"caption\":\"Bantam\"},\"image\":{\"@id\":\"https:\\\/\\\/shop.bantam.ch\\\/fr\\\/#\\\/schema\\\/logo\\\/image\\\/\"}}]}<\/script>\n<!-- \/ Yoast SEO plugin. -->","yoast_head_json":{"title":"Truma LevelControl - Bantam","robots":{"index":"index","follow":"follow","max-snippet":"max-snippet:-1","max-image-preview":"max-image-preview:large","max-video-preview":"max-video-preview:-1"},"canonical":"https:\/\/shop.bantam.ch\/fr\/produit\/level-control\/","og_locale":"fr_FR","og_type":"article","og_title":"Truma LevelControl - Bantam","og_description":"Le Truma LevelControl mesure rapidement et pr\u00e9cis\u00e9ment le niveau de gaz. Avec la nouvelle LevelControl App, c&rsquo;est encore plus simple : vous pouvez consulter votre r\u00e9serve de gaz directement sur votre smartphone via Bluetooth. Si vous voulez mesurer dans une zone rapproch\u00e9e et ne pas utiliser iNet System, cela est d\u00e9sormais possible sans iNet Box [&hellip;]","og_url":"https:\/\/shop.bantam.ch\/fr\/produit\/level-control\/","og_site_name":"Bantam","article_modified_time":"2026-05-02T19:29:12+00:00","og_image":[{"width":1000,"height":707,"url":"https:\/\/shop.bantam.ch\/wp-content\/uploads\/2023\/02\/993199811RraBGxPpMUc22.jpg","type":"image\/jpeg"}],"twitter_card":"summary_large_image","twitter_misc":{"Dur\u00e9e de lecture estim\u00e9e":"1 minute"},"schema":{"@context":"https:\/\/schema.org","@graph":[{"@type":"WebPage","@id":"https:\/\/shop.bantam.ch\/fr\/produit\/level-control\/","url":"https:\/\/shop.bantam.ch\/fr\/produit\/level-control\/","name":"Truma LevelControl - Bantam","isPartOf":{"@id":"https:\/\/shop.bantam.ch\/fr\/#website"},"primaryImageOfPage":{"@id":"https:\/\/shop.bantam.ch\/fr\/produit\/level-control\/#primaryimage"},"image":{"@id":"https:\/\/shop.bantam.ch\/fr\/produit\/level-control\/#primaryimage"},"thumbnailUrl":"https:\/\/shop.bantam.ch\/wp-content\/uploads\/2023\/02\/993199811RraBGxPpMUc22.jpg","datePublished":"2023-02-28T04:17:18+00:00","dateModified":"2026-05-02T19:29:12+00:00","breadcrumb":{"@id":"https:\/\/shop.bantam.ch\/fr\/produit\/level-control\/#breadcrumb"},"inLanguage":"fr-FR","potentialAction":[{"@type":"ReadAction","target":["https:\/\/shop.bantam.ch\/fr\/produit\/level-control\/"]}]},{"@type":"ImageObject","inLanguage":"fr-FR","@id":"https:\/\/shop.bantam.ch\/fr\/produit\/level-control\/#primaryimage","url":"https:\/\/shop.bantam.ch\/wp-content\/uploads\/2023\/02\/993199811RraBGxPpMUc22.jpg","contentUrl":"https:\/\/shop.bantam.ch\/wp-content\/uploads\/2023\/02\/993199811RraBGxPpMUc22.jpg","width":1000,"height":707},{"@type":"BreadcrumbList","@id":"https:\/\/shop.bantam.ch\/fr\/produit\/level-control\/#breadcrumb","itemListElement":[{"@type":"ListItem","position":1,"name":"Accueil","item":"https:\/\/shop.bantam.ch\/fr\/"},{"@type":"ListItem","position":2,"name":"Boutique","item":"https:\/\/shop.bantam.ch\/fr\/boutique\/"},{"@type":"ListItem","position":3,"name":"Truma LevelControl"}]},{"@type":"WebSite","@id":"https:\/\/shop.bantam.ch\/fr\/#website","url":"https:\/\/shop.bantam.ch\/fr\/","name":"Bantam","description":"","publisher":{"@id":"https:\/\/shop.bantam.ch\/fr\/#organization"},"inLanguage":"fr-FR"},{"@type":"Organization","@id":"https:\/\/shop.bantam.ch\/fr\/#organization","name":"Bantam","url":"https:\/\/shop.bantam.ch\/fr\/","logo":{"@type":"ImageObject","inLanguage":"fr-FR","@id":"https:\/\/shop.bantam.ch\/fr\/#\/schema\/logo\/image\/","url":"https:\/\/shop.bantam.ch\/wp-content\/uploads\/2022\/12\/bantam-logo.png","contentUrl":"https:\/\/shop.bantam.ch\/wp-content\/uploads\/2022\/12\/bantam-logo.png","width":320,"height":71,"caption":"Bantam"},"image":{"@id":"https:\/\/shop.bantam.ch\/fr\/#\/schema\/logo\/image\/"}}]}},"_links":{"self":[{"href":"https:\/\/shop.bantam.ch\/fr\/wp-json\/wp\/v2\/product\/96327","targetHints":{"allow":["GET"]}}],"collection":[{"href":"https:\/\/shop.bantam.ch\/fr\/wp-json\/wp\/v2\/product"}],"about":[{"href":"https:\/\/shop.bantam.ch\/fr\/wp-json\/wp\/v2\/types\/product"}],"wp:featuredmedia":[{"embeddable":true,"href":"https:\/\/shop.bantam.ch\/fr\/wp-json\/wp\/v2\/media\/96317"}],"wp:attachment":[{"href":"https:\/\/shop.bantam.ch\/fr\/wp-json\/wp\/v2\/media?parent=96327"}],"wp:term":[{"taxonomy":"product_featured_cat","embeddable":true,"href":"https:\/\/shop.bantam.ch\/fr\/wp-json\/wp\/v2\/product_featured_cat?post=96327"},{"taxonomy":"product_brand","embeddable":true,"href":"https:\/\/shop.bantam.ch\/fr\/wp-json\/wp\/v2\/product_brand?post=96327"},{"taxonomy":"product_cat","embeddable":true,"href":"https:\/\/shop.bantam.ch\/fr\/wp-json\/wp\/v2\/product_cat?post=96327"},{"taxonomy":"product_tag","embeddable":true,"href":"https:\/\/shop.bantam.ch\/fr\/wp-json\/wp\/v2\/product_tag?post=96327"}],"curies":[{"name":"wp","href":"https:\/\/api.w.org\/{rel}","templated":true}]}}