{"id":96197,"date":"2023-02-28T05:14:46","date_gmt":"2023-02-28T04:14:46","guid":{"rendered":"http:\/\/shop.bantam.ch\/produit\/infotainer-x-f270\/"},"modified":"2026-04-18T21:30:23","modified_gmt":"2026-04-18T19:30:23","slug":"infotainer-x-f270","status":"publish","type":"product","link":"https:\/\/shop.bantam.ch\/fr\/produit\/infotainer-x-f270\/","title":{"rendered":"Infotainer X-F270"},"content":{"rendered":"<p>Pour Fiat Ducato, Citr\u00f6en Jumper, Peugeot Boxer apr\u00e8s\u00a02006 Syst\u00e8me de navigation et de divertissement de derni\u00e8re technologie pour votre camping-car\u00a0: le XZENT X-F270 est con\u00e7u sur mesure pour le FIAT Ducato III, le Citro\u00ebn Jumper II et le Peugeot Boxer II. Le X-F270 s&rsquo;int\u00e8gre parfaitement dans les cockpits des v\u00e9hicules cibles et offre des fonctions de navigation avanc\u00e9es* et les derniers divertissements m\u00e9diatiques.<\/p>\n<p>Gr\u00e2ce aux packs* de navigation X-MAP27-MH1 ou X-MAP27-MH3 disponibles en option, l&rsquo;Infotainer X-F270 constitue un syst\u00e8me de navigation bien adapt\u00e9 aux camping-cars.<\/p>\n<p>\u0161\u00ac \u00c9cran tactile capacitif 8&Prime;\/20,3\u00a0cm, interface utilisateur graphique avec prise en charge de 10\u00a0langues de l&rsquo;UE<\/p>\n<p>\u0161\u00ac Double tuner DAB+ avec liste dynamique des stations, suivi du service DAB&lt;&gt;DAB, diaporama MOT, texte DLS et TPEG<\/p>\n<p>\u0161\u00ac Tuner UKW RDS avec DSP<\/p>\n<p>\u0161\u00ac Module Bluetooth avec fonction mains-libres et A2DP, Mic. int\/ext.<\/p>\n<p>externe<\/p>\n<p>\u0161\u00ac Commande de deux cam\u00e9ras maximum avec fonction de commutation automatique; touche de s\u00e9lection directe de la cam\u00e9ra<\/p>\n<p>\u0161\u00ac Connexion directe \u00e0 la t\u00e9l\u00e9commande au volant (s\u00e9rie\u00a07+8)<\/p>\n<p>\u0161\u00ac T\u00e9l\u00e9commande IR, IR-IN pour interfaces CAN\/LFB<\/p>\n<p>\u0161\u00ac Deux ports USB\u00a02.0 et 1\u00a0entr\u00e9e\u00a0HDMI \u00e0 l&rsquo;arri\u00e8re de l&rsquo;appareil<\/p>\n<p>\u0161\u00ac AndroidLink, Weblink\u00a02.0, Made for iPod \/ iPhone<\/p>\n<p>\u0161\u00ac 1\u00a0entr\u00e9e\u00a0RCA A\/V, 1\u00a0sortie RCA vid\u00e9o<\/p>\n<p>\u00a0<\/p>\n<p>*Le logiciel de navigation n&rsquo;est pas inclus avec le XZENT<\/p>\n<p>X-F270.<\/p>\n","protected":false},"excerpt":{"rendered":"<p>Pour Fiat Ducato, Citr\u00f6en Jumper, Peugeot Boxer apr\u00e8s\u00a02006 Syst\u00e8me de navigation et de divertissement de derni\u00e8re technologie pour votre camping-car\u00a0: le XZENT X-F270 est con\u00e7u sur mesure pour le FIAT Ducato III, le Citro\u00ebn Jumper II et le Peugeot Boxer II. Le X-F270 s&rsquo;int\u00e8gre parfaitement dans les cockpits des v\u00e9hicules cibles et offre des fonctions [&hellip;]<\/p>\n","protected":false},"featured_media":96189,"template":"","meta":{"_acf_changed":false},"product_featured_cat":[],"product_brand":[3480],"product_cat":[4519],"product_tag":[],"class_list":{"0":"post-96197","1":"product","2":"type-product","3":"status-publish","4":"has-post-thumbnail","6":"product_brand-xzent","7":"product_cat-moniceiver","9":"first","10":"instock","11":"taxable","12":"shipping-taxable","13":"purchasable","14":"product-type-simple"},"acf":[],"yoast_head":"<!-- This site is optimized with the Yoast SEO plugin v27.4 - https:\/\/yoast.com\/product\/yoast-seo-wordpress\/ -->\n<title>Infotainer X-F270 - Bantam Wankm\u00fcller SA<\/title>\n<meta name=\"robots\" content=\"index, follow, max-snippet:-1, max-image-preview:large, max-video-preview:-1\" \/>\n<link rel=\"canonical\" href=\"https:\/\/shop.bantam.ch\/fr\/produit\/infotainer-x-f270\/\" \/>\n<meta property=\"og:locale\" content=\"fr_FR\" \/>\n<meta property=\"og:type\" content=\"article\" \/>\n<meta property=\"og:title\" content=\"Infotainer X-F270 - Bantam Wankm\u00fcller SA\" \/>\n<meta property=\"og:description\" content=\"Pour Fiat Ducato, Citr\u00f6en Jumper, Peugeot Boxer apr\u00e8s\u00a02006 Syst\u00e8me de navigation et de divertissement de derni\u00e8re technologie pour votre camping-car\u00a0: le XZENT X-F270 est con\u00e7u sur mesure pour le FIAT Ducato III, le Citro\u00ebn Jumper II et le Peugeot Boxer II. Le X-F270 s&rsquo;int\u00e8gre parfaitement dans les cockpits des v\u00e9hicules cibles et offre des fonctions [&hellip;]\" \/>\n<meta property=\"og:url\" content=\"https:\/\/shop.bantam.ch\/fr\/produit\/infotainer-x-f270\/\" \/>\n<meta property=\"og:site_name\" content=\"Bantam Wankm\u00fcller SA\" \/>\n<meta property=\"article:modified_time\" content=\"2026-04-18T19:30:23+00:00\" \/>\n<meta property=\"og:image\" content=\"https:\/\/shop.bantam.ch\/wp-content\/uploads\/2023\/02\/9955996-100-1-3.jpg\" \/>\n\t<meta property=\"og:image:width\" content=\"1000\" \/>\n\t<meta property=\"og:image:height\" content=\"667\" \/>\n\t<meta property=\"og:image:type\" content=\"image\/jpeg\" \/>\n<meta name=\"twitter:card\" content=\"summary_large_image\" \/>\n<meta name=\"twitter:label1\" content=\"Dur\u00e9e de lecture estim\u00e9e\" \/>\n\t<meta name=\"twitter:data1\" content=\"1 minute\" \/>\n<script type=\"application\/ld+json\" class=\"yoast-schema-graph\">{\"@context\":\"https:\\\/\\\/schema.org\",\"@graph\":[{\"@type\":\"WebPage\",\"@id\":\"https:\\\/\\\/shop.bantam.ch\\\/fr\\\/produit\\\/infotainer-x-f270\\\/\",\"url\":\"https:\\\/\\\/shop.bantam.ch\\\/fr\\\/produit\\\/infotainer-x-f270\\\/\",\"name\":\"Infotainer X-F270 - Bantam Wankm\u00fcller SA\",\"isPartOf\":{\"@id\":\"https:\\\/\\\/shop.bantam.ch\\\/fr\\\/#website\"},\"primaryImageOfPage\":{\"@id\":\"https:\\\/\\\/shop.bantam.ch\\\/fr\\\/produit\\\/infotainer-x-f270\\\/#primaryimage\"},\"image\":{\"@id\":\"https:\\\/\\\/shop.bantam.ch\\\/fr\\\/produit\\\/infotainer-x-f270\\\/#primaryimage\"},\"thumbnailUrl\":\"https:\\\/\\\/shop.bantam.ch\\\/wp-content\\\/uploads\\\/2023\\\/02\\\/9955996-100-1-3.jpg\",\"datePublished\":\"2023-02-28T04:14:46+00:00\",\"dateModified\":\"2026-04-18T19:30:23+00:00\",\"breadcrumb\":{\"@id\":\"https:\\\/\\\/shop.bantam.ch\\\/fr\\\/produit\\\/infotainer-x-f270\\\/#breadcrumb\"},\"inLanguage\":\"fr-FR\",\"potentialAction\":[{\"@type\":\"ReadAction\",\"target\":[\"https:\\\/\\\/shop.bantam.ch\\\/fr\\\/produit\\\/infotainer-x-f270\\\/\"]}]},{\"@type\":\"ImageObject\",\"inLanguage\":\"fr-FR\",\"@id\":\"https:\\\/\\\/shop.bantam.ch\\\/fr\\\/produit\\\/infotainer-x-f270\\\/#primaryimage\",\"url\":\"https:\\\/\\\/shop.bantam.ch\\\/wp-content\\\/uploads\\\/2023\\\/02\\\/9955996-100-1-3.jpg\",\"contentUrl\":\"https:\\\/\\\/shop.bantam.ch\\\/wp-content\\\/uploads\\\/2023\\\/02\\\/9955996-100-1-3.jpg\",\"width\":1000,\"height\":667},{\"@type\":\"BreadcrumbList\",\"@id\":\"https:\\\/\\\/shop.bantam.ch\\\/fr\\\/produit\\\/infotainer-x-f270\\\/#breadcrumb\",\"itemListElement\":[{\"@type\":\"ListItem\",\"position\":1,\"name\":\"Accueil\",\"item\":\"https:\\\/\\\/shop.bantam.ch\\\/fr\\\/\"},{\"@type\":\"ListItem\",\"position\":2,\"name\":\"Boutique\",\"item\":\"https:\\\/\\\/shop.bantam.ch\\\/fr\\\/boutique\\\/\"},{\"@type\":\"ListItem\",\"position\":3,\"name\":\"Infotainer X-F270\"}]},{\"@type\":\"WebSite\",\"@id\":\"https:\\\/\\\/shop.bantam.ch\\\/fr\\\/#website\",\"url\":\"https:\\\/\\\/shop.bantam.ch\\\/fr\\\/\",\"name\":\"Bantam Wankm\u00fcller SA\",\"description\":\"\",\"publisher\":{\"@id\":\"https:\\\/\\\/shop.bantam.ch\\\/fr\\\/#organization\"},\"inLanguage\":\"fr-FR\"},{\"@type\":\"Organization\",\"@id\":\"https:\\\/\\\/shop.bantam.ch\\\/fr\\\/#organization\",\"name\":\"Bantam Wankm\u00fcller SA\",\"url\":\"https:\\\/\\\/shop.bantam.ch\\\/fr\\\/\",\"logo\":{\"@type\":\"ImageObject\",\"inLanguage\":\"fr-FR\",\"@id\":\"https:\\\/\\\/shop.bantam.ch\\\/fr\\\/#\\\/schema\\\/logo\\\/image\\\/\",\"url\":\"https:\\\/\\\/shop.bantam.ch\\\/wp-content\\\/uploads\\\/2022\\\/12\\\/bantam-logo.png\",\"contentUrl\":\"https:\\\/\\\/shop.bantam.ch\\\/wp-content\\\/uploads\\\/2022\\\/12\\\/bantam-logo.png\",\"width\":320,\"height\":71,\"caption\":\"Bantam Wankm\u00fcller SA\"},\"image\":{\"@id\":\"https:\\\/\\\/shop.bantam.ch\\\/fr\\\/#\\\/schema\\\/logo\\\/image\\\/\"}}]}<\/script>\n<!-- \/ Yoast SEO plugin. -->","yoast_head_json":{"title":"Infotainer X-F270 - Bantam Wankm\u00fcller SA","robots":{"index":"index","follow":"follow","max-snippet":"max-snippet:-1","max-image-preview":"max-image-preview:large","max-video-preview":"max-video-preview:-1"},"canonical":"https:\/\/shop.bantam.ch\/fr\/produit\/infotainer-x-f270\/","og_locale":"fr_FR","og_type":"article","og_title":"Infotainer X-F270 - Bantam Wankm\u00fcller SA","og_description":"Pour Fiat Ducato, Citr\u00f6en Jumper, Peugeot Boxer apr\u00e8s\u00a02006 Syst\u00e8me de navigation et de divertissement de derni\u00e8re technologie pour votre camping-car\u00a0: le XZENT X-F270 est con\u00e7u sur mesure pour le FIAT Ducato III, le Citro\u00ebn Jumper II et le Peugeot Boxer II. Le X-F270 s&rsquo;int\u00e8gre parfaitement dans les cockpits des v\u00e9hicules cibles et offre des fonctions [&hellip;]","og_url":"https:\/\/shop.bantam.ch\/fr\/produit\/infotainer-x-f270\/","og_site_name":"Bantam Wankm\u00fcller SA","article_modified_time":"2026-04-18T19:30:23+00:00","og_image":[{"width":1000,"height":667,"url":"https:\/\/shop.bantam.ch\/wp-content\/uploads\/2023\/02\/9955996-100-1-3.jpg","type":"image\/jpeg"}],"twitter_card":"summary_large_image","twitter_misc":{"Dur\u00e9e de lecture estim\u00e9e":"1 minute"},"schema":{"@context":"https:\/\/schema.org","@graph":[{"@type":"WebPage","@id":"https:\/\/shop.bantam.ch\/fr\/produit\/infotainer-x-f270\/","url":"https:\/\/shop.bantam.ch\/fr\/produit\/infotainer-x-f270\/","name":"Infotainer X-F270 - Bantam Wankm\u00fcller SA","isPartOf":{"@id":"https:\/\/shop.bantam.ch\/fr\/#website"},"primaryImageOfPage":{"@id":"https:\/\/shop.bantam.ch\/fr\/produit\/infotainer-x-f270\/#primaryimage"},"image":{"@id":"https:\/\/shop.bantam.ch\/fr\/produit\/infotainer-x-f270\/#primaryimage"},"thumbnailUrl":"https:\/\/shop.bantam.ch\/wp-content\/uploads\/2023\/02\/9955996-100-1-3.jpg","datePublished":"2023-02-28T04:14:46+00:00","dateModified":"2026-04-18T19:30:23+00:00","breadcrumb":{"@id":"https:\/\/shop.bantam.ch\/fr\/produit\/infotainer-x-f270\/#breadcrumb"},"inLanguage":"fr-FR","potentialAction":[{"@type":"ReadAction","target":["https:\/\/shop.bantam.ch\/fr\/produit\/infotainer-x-f270\/"]}]},{"@type":"ImageObject","inLanguage":"fr-FR","@id":"https:\/\/shop.bantam.ch\/fr\/produit\/infotainer-x-f270\/#primaryimage","url":"https:\/\/shop.bantam.ch\/wp-content\/uploads\/2023\/02\/9955996-100-1-3.jpg","contentUrl":"https:\/\/shop.bantam.ch\/wp-content\/uploads\/2023\/02\/9955996-100-1-3.jpg","width":1000,"height":667},{"@type":"BreadcrumbList","@id":"https:\/\/shop.bantam.ch\/fr\/produit\/infotainer-x-f270\/#breadcrumb","itemListElement":[{"@type":"ListItem","position":1,"name":"Accueil","item":"https:\/\/shop.bantam.ch\/fr\/"},{"@type":"ListItem","position":2,"name":"Boutique","item":"https:\/\/shop.bantam.ch\/fr\/boutique\/"},{"@type":"ListItem","position":3,"name":"Infotainer X-F270"}]},{"@type":"WebSite","@id":"https:\/\/shop.bantam.ch\/fr\/#website","url":"https:\/\/shop.bantam.ch\/fr\/","name":"Bantam Wankm\u00fcller SA","description":"","publisher":{"@id":"https:\/\/shop.bantam.ch\/fr\/#organization"},"inLanguage":"fr-FR"},{"@type":"Organization","@id":"https:\/\/shop.bantam.ch\/fr\/#organization","name":"Bantam Wankm\u00fcller SA","url":"https:\/\/shop.bantam.ch\/fr\/","logo":{"@type":"ImageObject","inLanguage":"fr-FR","@id":"https:\/\/shop.bantam.ch\/fr\/#\/schema\/logo\/image\/","url":"https:\/\/shop.bantam.ch\/wp-content\/uploads\/2022\/12\/bantam-logo.png","contentUrl":"https:\/\/shop.bantam.ch\/wp-content\/uploads\/2022\/12\/bantam-logo.png","width":320,"height":71,"caption":"Bantam Wankm\u00fcller SA"},"image":{"@id":"https:\/\/shop.bantam.ch\/fr\/#\/schema\/logo\/image\/"}}]}},"_links":{"self":[{"href":"https:\/\/shop.bantam.ch\/fr\/wp-json\/wp\/v2\/product\/96197","targetHints":{"allow":["GET"]}}],"collection":[{"href":"https:\/\/shop.bantam.ch\/fr\/wp-json\/wp\/v2\/product"}],"about":[{"href":"https:\/\/shop.bantam.ch\/fr\/wp-json\/wp\/v2\/types\/product"}],"wp:featuredmedia":[{"embeddable":true,"href":"https:\/\/shop.bantam.ch\/fr\/wp-json\/wp\/v2\/media\/96189"}],"wp:attachment":[{"href":"https:\/\/shop.bantam.ch\/fr\/wp-json\/wp\/v2\/media?parent=96197"}],"wp:term":[{"taxonomy":"product_featured_cat","embeddable":true,"href":"https:\/\/shop.bantam.ch\/fr\/wp-json\/wp\/v2\/product_featured_cat?post=96197"},{"taxonomy":"product_brand","embeddable":true,"href":"https:\/\/shop.bantam.ch\/fr\/wp-json\/wp\/v2\/product_brand?post=96197"},{"taxonomy":"product_cat","embeddable":true,"href":"https:\/\/shop.bantam.ch\/fr\/wp-json\/wp\/v2\/product_cat?post=96197"},{"taxonomy":"product_tag","embeddable":true,"href":"https:\/\/shop.bantam.ch\/fr\/wp-json\/wp\/v2\/product_tag?post=96197"}],"curies":[{"name":"wp","href":"https:\/\/api.w.org\/{rel}","templated":true}]}}