{"id":96171,"date":"2023-02-28T05:14:27","date_gmt":"2023-02-28T04:14:27","guid":{"rendered":"http:\/\/shop.bantam.ch\/produit\/logiciel-de-navigation-z-emap66-ehg3-pour-camping-cars-mises-a-jour-3-ans\/"},"modified":"2026-04-18T21:30:22","modified_gmt":"2026-04-18T19:30:22","slug":"logiciel-de-navigation-z-emap66-ehg3-pour-camping-cars-mises-a-jour-3-ans","status":"publish","type":"product","link":"https:\/\/shop.bantam.ch\/fr\/produit\/logiciel-de-navigation-z-emap66-ehg3-pour-camping-cars-mises-a-jour-3-ans\/","title":{"rendered":"Logiciel de navigation Z-EMAP66-EHG3 pour camping-cars, mises \u00e0 jour 3 ans"},"content":{"rendered":"<p>Les packs Z-EMAP66-EHG3 ou Z-EMAP66-EHG7, disponibles en option, permettent de bien \u00e9quiper le syst\u00e8me de navigation Z-E3766 pour camping-cars.<\/p>\n<\/p>\n<ul>\n<li>Freeontour Transfert d&rsquo;itin\u00e9raire gratuit via Bluetooth (send to car)<\/li>\n<li>Cartes pour 47 pays sur la carte microSD 16 Go<\/li>\n<li>Profils de v\u00e9hicules pr\u00e9configur\u00e9s et r\u00e9glables (saisie de la hauteur, largeur, longueur, poids, etc.)<\/li>\n<li>POI Camping Pack avec plus de 20.000 emplacements et campings<\/li>\n<li>POI Camping multilingue Infos d\u00e9taill\u00e9es (GER, UK, IT, FR, NL)<\/li>\n<li>POI UE Premium Pack avec plus de 6,5 millions de POI<\/li>\n<li>Repr\u00e9sentation r\u00e9aliste en 3D des paysages, des lieux touristiques, des centres-villes et des virages<\/li>\n<li>Assistant de voies de circulation, mode tunnel, zoom automatique pour les intersections<\/li>\n<li>R\u00e9glage manuel du facteur de zoom via l&rsquo;\u00e9cran tactile<\/li>\n<li>Navigation coupl\u00e9e pour un routage pr\u00e9cis sans signal GNSS (tunnels, passages souterrains, parkings, etc.)<\/li>\n<li>\u00c9cran partag\u00e9 de navigation dans les sources audio avec affichage des noms de rue et de la distance jusqu&rsquo;au prochain virage.<\/li>\n<li>Guidage vocal dans 29\u00a0langues (TTS)<\/li>\n<li>Informations TPEG gratuites sur le trafic via DAB+ (couverture sp\u00e9cifique au pays)<\/li>\n<li>Informations trafic TMC <\/li>\n<\/ul>\n","protected":false},"excerpt":{"rendered":"<p>Les packs Z-EMAP66-EHG3 ou Z-EMAP66-EHG7, disponibles en option, permettent de bien \u00e9quiper le syst\u00e8me de navigation Z-E3766 pour camping-cars. Freeontour Transfert d&rsquo;itin\u00e9raire gratuit via Bluetooth (send to car) Cartes pour 47 pays sur la carte microSD 16 Go Profils de v\u00e9hicules pr\u00e9configur\u00e9s et r\u00e9glables (saisie de la hauteur, largeur, longueur, poids, etc.) POI Camping Pack [&hellip;]<\/p>\n","protected":false},"featured_media":96167,"template":"","meta":{"_acf_changed":false},"product_featured_cat":[],"product_brand":[3212],"product_cat":[4993],"product_tag":[],"class_list":{"0":"post-96171","1":"product","2":"type-product","3":"status-publish","4":"has-post-thumbnail","6":"product_brand-zenec","7":"product_cat-logiciels-de-navigation","9":"first","10":"instock","11":"featured","12":"taxable","13":"shipping-taxable","14":"purchasable","15":"product-type-simple"},"acf":[],"yoast_head":"<!-- This site is optimized with the Yoast SEO plugin v27.4 - https:\/\/yoast.com\/product\/yoast-seo-wordpress\/ -->\n<title>Logiciel de navigation Z-EMAP66-EHG3 pour camping-cars, mises \u00e0 jour 3 ans - Bantam Wankm\u00fcller SA<\/title>\n<meta name=\"robots\" content=\"index, follow, max-snippet:-1, max-image-preview:large, max-video-preview:-1\" \/>\n<link rel=\"canonical\" href=\"https:\/\/shop.bantam.ch\/fr\/produit\/logiciel-de-navigation-z-emap66-ehg3-pour-camping-cars-mises-a-jour-3-ans\/\" \/>\n<meta property=\"og:locale\" content=\"fr_FR\" \/>\n<meta property=\"og:type\" content=\"article\" \/>\n<meta property=\"og:title\" content=\"Logiciel de navigation Z-EMAP66-EHG3 pour camping-cars, mises \u00e0 jour 3 ans - Bantam Wankm\u00fcller SA\" \/>\n<meta property=\"og:description\" content=\"Les packs Z-EMAP66-EHG3 ou Z-EMAP66-EHG7, disponibles en option, permettent de bien \u00e9quiper le syst\u00e8me de navigation Z-E3766 pour camping-cars. Freeontour Transfert d&rsquo;itin\u00e9raire gratuit via Bluetooth (send to car) Cartes pour 47 pays sur la carte microSD 16 Go Profils de v\u00e9hicules pr\u00e9configur\u00e9s et r\u00e9glables (saisie de la hauteur, largeur, longueur, poids, etc.) POI Camping Pack [&hellip;]\" \/>\n<meta property=\"og:url\" content=\"https:\/\/shop.bantam.ch\/fr\/produit\/logiciel-de-navigation-z-emap66-ehg3-pour-camping-cars-mises-a-jour-3-ans\/\" \/>\n<meta property=\"og:site_name\" content=\"Bantam Wankm\u00fcller SA\" \/>\n<meta property=\"article:modified_time\" content=\"2026-04-18T19:30:22+00:00\" \/>\n<meta property=\"og:image\" content=\"https:\/\/shop.bantam.ch\/wp-content\/uploads\/2023\/02\/995578811.jpg\" \/>\n\t<meta property=\"og:image:width\" content=\"1000\" \/>\n\t<meta property=\"og:image:height\" content=\"600\" \/>\n\t<meta property=\"og:image:type\" content=\"image\/jpeg\" \/>\n<meta name=\"twitter:card\" content=\"summary_large_image\" \/>\n<meta name=\"twitter:label1\" content=\"Dur\u00e9e de lecture estim\u00e9e\" \/>\n\t<meta name=\"twitter:data1\" content=\"1 minute\" \/>\n<script type=\"application\/ld+json\" class=\"yoast-schema-graph\">{\"@context\":\"https:\\\/\\\/schema.org\",\"@graph\":[{\"@type\":\"WebPage\",\"@id\":\"https:\\\/\\\/shop.bantam.ch\\\/fr\\\/produit\\\/logiciel-de-navigation-z-emap66-ehg3-pour-camping-cars-mises-a-jour-3-ans\\\/\",\"url\":\"https:\\\/\\\/shop.bantam.ch\\\/fr\\\/produit\\\/logiciel-de-navigation-z-emap66-ehg3-pour-camping-cars-mises-a-jour-3-ans\\\/\",\"name\":\"Logiciel de navigation Z-EMAP66-EHG3 pour camping-cars, mises \u00e0 jour 3 ans - Bantam Wankm\u00fcller SA\",\"isPartOf\":{\"@id\":\"https:\\\/\\\/shop.bantam.ch\\\/fr\\\/#website\"},\"primaryImageOfPage\":{\"@id\":\"https:\\\/\\\/shop.bantam.ch\\\/fr\\\/produit\\\/logiciel-de-navigation-z-emap66-ehg3-pour-camping-cars-mises-a-jour-3-ans\\\/#primaryimage\"},\"image\":{\"@id\":\"https:\\\/\\\/shop.bantam.ch\\\/fr\\\/produit\\\/logiciel-de-navigation-z-emap66-ehg3-pour-camping-cars-mises-a-jour-3-ans\\\/#primaryimage\"},\"thumbnailUrl\":\"https:\\\/\\\/shop.bantam.ch\\\/wp-content\\\/uploads\\\/2023\\\/02\\\/995578811.jpg\",\"datePublished\":\"2023-02-28T04:14:27+00:00\",\"dateModified\":\"2026-04-18T19:30:22+00:00\",\"breadcrumb\":{\"@id\":\"https:\\\/\\\/shop.bantam.ch\\\/fr\\\/produit\\\/logiciel-de-navigation-z-emap66-ehg3-pour-camping-cars-mises-a-jour-3-ans\\\/#breadcrumb\"},\"inLanguage\":\"fr-FR\",\"potentialAction\":[{\"@type\":\"ReadAction\",\"target\":[\"https:\\\/\\\/shop.bantam.ch\\\/fr\\\/produit\\\/logiciel-de-navigation-z-emap66-ehg3-pour-camping-cars-mises-a-jour-3-ans\\\/\"]}]},{\"@type\":\"ImageObject\",\"inLanguage\":\"fr-FR\",\"@id\":\"https:\\\/\\\/shop.bantam.ch\\\/fr\\\/produit\\\/logiciel-de-navigation-z-emap66-ehg3-pour-camping-cars-mises-a-jour-3-ans\\\/#primaryimage\",\"url\":\"https:\\\/\\\/shop.bantam.ch\\\/wp-content\\\/uploads\\\/2023\\\/02\\\/995578811.jpg\",\"contentUrl\":\"https:\\\/\\\/shop.bantam.ch\\\/wp-content\\\/uploads\\\/2023\\\/02\\\/995578811.jpg\",\"width\":1000,\"height\":600},{\"@type\":\"BreadcrumbList\",\"@id\":\"https:\\\/\\\/shop.bantam.ch\\\/fr\\\/produit\\\/logiciel-de-navigation-z-emap66-ehg3-pour-camping-cars-mises-a-jour-3-ans\\\/#breadcrumb\",\"itemListElement\":[{\"@type\":\"ListItem\",\"position\":1,\"name\":\"Accueil\",\"item\":\"https:\\\/\\\/shop.bantam.ch\\\/fr\\\/\"},{\"@type\":\"ListItem\",\"position\":2,\"name\":\"Boutique\",\"item\":\"https:\\\/\\\/shop.bantam.ch\\\/fr\\\/boutique\\\/\"},{\"@type\":\"ListItem\",\"position\":3,\"name\":\"Logiciel de navigation Z-EMAP66-EHG3 pour camping-cars, mises \u00e0 jour 3 ans\"}]},{\"@type\":\"WebSite\",\"@id\":\"https:\\\/\\\/shop.bantam.ch\\\/fr\\\/#website\",\"url\":\"https:\\\/\\\/shop.bantam.ch\\\/fr\\\/\",\"name\":\"Bantam Wankm\u00fcller SA\",\"description\":\"\",\"publisher\":{\"@id\":\"https:\\\/\\\/shop.bantam.ch\\\/fr\\\/#organization\"},\"inLanguage\":\"fr-FR\"},{\"@type\":\"Organization\",\"@id\":\"https:\\\/\\\/shop.bantam.ch\\\/fr\\\/#organization\",\"name\":\"Bantam Wankm\u00fcller SA\",\"url\":\"https:\\\/\\\/shop.bantam.ch\\\/fr\\\/\",\"logo\":{\"@type\":\"ImageObject\",\"inLanguage\":\"fr-FR\",\"@id\":\"https:\\\/\\\/shop.bantam.ch\\\/fr\\\/#\\\/schema\\\/logo\\\/image\\\/\",\"url\":\"https:\\\/\\\/shop.bantam.ch\\\/wp-content\\\/uploads\\\/2022\\\/12\\\/bantam-logo.png\",\"contentUrl\":\"https:\\\/\\\/shop.bantam.ch\\\/wp-content\\\/uploads\\\/2022\\\/12\\\/bantam-logo.png\",\"width\":320,\"height\":71,\"caption\":\"Bantam Wankm\u00fcller SA\"},\"image\":{\"@id\":\"https:\\\/\\\/shop.bantam.ch\\\/fr\\\/#\\\/schema\\\/logo\\\/image\\\/\"}}]}<\/script>\n<!-- \/ Yoast SEO plugin. -->","yoast_head_json":{"title":"Logiciel de navigation Z-EMAP66-EHG3 pour camping-cars, mises \u00e0 jour 3 ans - Bantam Wankm\u00fcller SA","robots":{"index":"index","follow":"follow","max-snippet":"max-snippet:-1","max-image-preview":"max-image-preview:large","max-video-preview":"max-video-preview:-1"},"canonical":"https:\/\/shop.bantam.ch\/fr\/produit\/logiciel-de-navigation-z-emap66-ehg3-pour-camping-cars-mises-a-jour-3-ans\/","og_locale":"fr_FR","og_type":"article","og_title":"Logiciel de navigation Z-EMAP66-EHG3 pour camping-cars, mises \u00e0 jour 3 ans - Bantam Wankm\u00fcller SA","og_description":"Les packs Z-EMAP66-EHG3 ou Z-EMAP66-EHG7, disponibles en option, permettent de bien \u00e9quiper le syst\u00e8me de navigation Z-E3766 pour camping-cars. Freeontour Transfert d&rsquo;itin\u00e9raire gratuit via Bluetooth (send to car) Cartes pour 47 pays sur la carte microSD 16 Go Profils de v\u00e9hicules pr\u00e9configur\u00e9s et r\u00e9glables (saisie de la hauteur, largeur, longueur, poids, etc.) POI Camping Pack [&hellip;]","og_url":"https:\/\/shop.bantam.ch\/fr\/produit\/logiciel-de-navigation-z-emap66-ehg3-pour-camping-cars-mises-a-jour-3-ans\/","og_site_name":"Bantam Wankm\u00fcller SA","article_modified_time":"2026-04-18T19:30:22+00:00","og_image":[{"width":1000,"height":600,"url":"https:\/\/shop.bantam.ch\/wp-content\/uploads\/2023\/02\/995578811.jpg","type":"image\/jpeg"}],"twitter_card":"summary_large_image","twitter_misc":{"Dur\u00e9e de lecture estim\u00e9e":"1 minute"},"schema":{"@context":"https:\/\/schema.org","@graph":[{"@type":"WebPage","@id":"https:\/\/shop.bantam.ch\/fr\/produit\/logiciel-de-navigation-z-emap66-ehg3-pour-camping-cars-mises-a-jour-3-ans\/","url":"https:\/\/shop.bantam.ch\/fr\/produit\/logiciel-de-navigation-z-emap66-ehg3-pour-camping-cars-mises-a-jour-3-ans\/","name":"Logiciel de navigation Z-EMAP66-EHG3 pour camping-cars, mises \u00e0 jour 3 ans - Bantam Wankm\u00fcller SA","isPartOf":{"@id":"https:\/\/shop.bantam.ch\/fr\/#website"},"primaryImageOfPage":{"@id":"https:\/\/shop.bantam.ch\/fr\/produit\/logiciel-de-navigation-z-emap66-ehg3-pour-camping-cars-mises-a-jour-3-ans\/#primaryimage"},"image":{"@id":"https:\/\/shop.bantam.ch\/fr\/produit\/logiciel-de-navigation-z-emap66-ehg3-pour-camping-cars-mises-a-jour-3-ans\/#primaryimage"},"thumbnailUrl":"https:\/\/shop.bantam.ch\/wp-content\/uploads\/2023\/02\/995578811.jpg","datePublished":"2023-02-28T04:14:27+00:00","dateModified":"2026-04-18T19:30:22+00:00","breadcrumb":{"@id":"https:\/\/shop.bantam.ch\/fr\/produit\/logiciel-de-navigation-z-emap66-ehg3-pour-camping-cars-mises-a-jour-3-ans\/#breadcrumb"},"inLanguage":"fr-FR","potentialAction":[{"@type":"ReadAction","target":["https:\/\/shop.bantam.ch\/fr\/produit\/logiciel-de-navigation-z-emap66-ehg3-pour-camping-cars-mises-a-jour-3-ans\/"]}]},{"@type":"ImageObject","inLanguage":"fr-FR","@id":"https:\/\/shop.bantam.ch\/fr\/produit\/logiciel-de-navigation-z-emap66-ehg3-pour-camping-cars-mises-a-jour-3-ans\/#primaryimage","url":"https:\/\/shop.bantam.ch\/wp-content\/uploads\/2023\/02\/995578811.jpg","contentUrl":"https:\/\/shop.bantam.ch\/wp-content\/uploads\/2023\/02\/995578811.jpg","width":1000,"height":600},{"@type":"BreadcrumbList","@id":"https:\/\/shop.bantam.ch\/fr\/produit\/logiciel-de-navigation-z-emap66-ehg3-pour-camping-cars-mises-a-jour-3-ans\/#breadcrumb","itemListElement":[{"@type":"ListItem","position":1,"name":"Accueil","item":"https:\/\/shop.bantam.ch\/fr\/"},{"@type":"ListItem","position":2,"name":"Boutique","item":"https:\/\/shop.bantam.ch\/fr\/boutique\/"},{"@type":"ListItem","position":3,"name":"Logiciel de navigation Z-EMAP66-EHG3 pour camping-cars, mises \u00e0 jour 3 ans"}]},{"@type":"WebSite","@id":"https:\/\/shop.bantam.ch\/fr\/#website","url":"https:\/\/shop.bantam.ch\/fr\/","name":"Bantam Wankm\u00fcller SA","description":"","publisher":{"@id":"https:\/\/shop.bantam.ch\/fr\/#organization"},"inLanguage":"fr-FR"},{"@type":"Organization","@id":"https:\/\/shop.bantam.ch\/fr\/#organization","name":"Bantam Wankm\u00fcller SA","url":"https:\/\/shop.bantam.ch\/fr\/","logo":{"@type":"ImageObject","inLanguage":"fr-FR","@id":"https:\/\/shop.bantam.ch\/fr\/#\/schema\/logo\/image\/","url":"https:\/\/shop.bantam.ch\/wp-content\/uploads\/2022\/12\/bantam-logo.png","contentUrl":"https:\/\/shop.bantam.ch\/wp-content\/uploads\/2022\/12\/bantam-logo.png","width":320,"height":71,"caption":"Bantam Wankm\u00fcller SA"},"image":{"@id":"https:\/\/shop.bantam.ch\/fr\/#\/schema\/logo\/image\/"}}]}},"_links":{"self":[{"href":"https:\/\/shop.bantam.ch\/fr\/wp-json\/wp\/v2\/product\/96171","targetHints":{"allow":["GET"]}}],"collection":[{"href":"https:\/\/shop.bantam.ch\/fr\/wp-json\/wp\/v2\/product"}],"about":[{"href":"https:\/\/shop.bantam.ch\/fr\/wp-json\/wp\/v2\/types\/product"}],"wp:featuredmedia":[{"embeddable":true,"href":"https:\/\/shop.bantam.ch\/fr\/wp-json\/wp\/v2\/media\/96167"}],"wp:attachment":[{"href":"https:\/\/shop.bantam.ch\/fr\/wp-json\/wp\/v2\/media?parent=96171"}],"wp:term":[{"taxonomy":"product_featured_cat","embeddable":true,"href":"https:\/\/shop.bantam.ch\/fr\/wp-json\/wp\/v2\/product_featured_cat?post=96171"},{"taxonomy":"product_brand","embeddable":true,"href":"https:\/\/shop.bantam.ch\/fr\/wp-json\/wp\/v2\/product_brand?post=96171"},{"taxonomy":"product_cat","embeddable":true,"href":"https:\/\/shop.bantam.ch\/fr\/wp-json\/wp\/v2\/product_cat?post=96171"},{"taxonomy":"product_tag","embeddable":true,"href":"https:\/\/shop.bantam.ch\/fr\/wp-json\/wp\/v2\/product_tag?post=96171"}],"curies":[{"name":"wp","href":"https:\/\/api.w.org\/{rel}","templated":true}]}}