{"id":96165,"date":"2023-02-28T05:14:21","date_gmt":"2023-02-28T04:14:21","guid":{"rendered":"http:\/\/shop.bantam.ch\/produit\/systeme-de-navigation-z-e3766\/"},"modified":"2026-04-18T21:30:16","modified_gmt":"2026-04-18T19:30:16","slug":"systeme-de-navigation-z-e3766","status":"publish","type":"product","link":"https:\/\/shop.bantam.ch\/fr\/produit\/systeme-de-navigation-z-e3766\/","title":{"rendered":"Syst\u00e8me de navigation Z-E3766"},"content":{"rendered":"<p>Le nouveau syst\u00e8me Infotainer de ZENEC est dot\u00e9 d&rsquo;un \u00e9cran de 9&Prime;\/22,9\u00a0cm &#8211; un \u00e9cran exceptionnel, pas seulement en raison de sa taille. L&rsquo;\u00e9cran en verre capacitif de haute qualit\u00e9 est \u00e9galement tr\u00e8s sensible au toucher et donc extr\u00eamement r\u00e9actif. Les grandes touches tactiles et le bouton de r\u00e9glage du volume permettent une utilisation simple, intuitive et totalement s\u00fbre pendant la conduite. Vous pouvez connecter votre t\u00e9l\u00e9phone portable directement au syst\u00e8me Infotainer via un port USB. Le Z-E3766 est certifi\u00e9 Apple CarPlay et Google Android Auto. Deux ensembles de navigation optionnels sont disponibles, permettant d&rsquo;\u00e9tendre Infotainer \u00e0 un syst\u00e8me de navigation pour camping-cars.<\/p>\n<ul>\n<li>\u00c9cran tactile capacitif de 9&Prime;\/22,9\u00a0cm avec surface en verre<\/li>\n<li>Double tuner DAB+ avec diaporama SLS\/MOT, liste dynamique des stations, suivi DAB&lt;&gt;DAB \/ DAB&lt;&gt;FM et texte DLS<\/li>\n<li>Radio RDS UKW avec 18 stations pr\u00e9r\u00e9gl\u00e9es et DSP<\/li>\n<li>Apple CarPlay et Google Android Auto Integration<\/li>\n<li>2 x USB, Made for iPod\/iPhone, entr\u00e9e HDMI, A\/V In &amp; Out<\/li>\n<li>Syst\u00e8me mains-libres Bluetooth et streaming musical A2DP<\/li>\n<li>Transmetteur Bluetooth pour haut-parleurs Bluetooth externes<\/li>\n<li>Application pour t\u00e9l\u00e9commande smartphone (iOS \u00a7 Android)<\/li>\n<li>3 entr\u00e9es cam\u00e9ra avec fonction de commutation automatique, entr\u00e9e microphone et lignes auxiliaires r\u00e9glables, bouton CAM<\/li>\n<li>Sorties RCA pr\u00e9amplificateur 4.2<\/li>\n<li>Connexion directe \u00e0 la t\u00e9l\u00e9commande du volant Ducato<\/li>\n<li>1 x entr\u00e9e IR-In pour interface CAN\/LFB externe<\/li>\n<li>Refroidissement passif (silencieux), amplificateur de puissance 4 x 50 W<\/li>\n<li>2 x t\u00e9l\u00e9commande IR avec Maxi-Remote<\/li>\n<li>Vous trouverez de plus amples informations sur la compatibilit\u00e9 des \u00e9quipements et des v\u00e9hicules sur www.zenec.com<\/li>\n<\/ul>\n","protected":false},"excerpt":{"rendered":"<p>Le nouveau syst\u00e8me Infotainer de ZENEC est dot\u00e9 d&rsquo;un \u00e9cran de 9&Prime;\/22,9\u00a0cm &#8211; un \u00e9cran exceptionnel, pas seulement en raison de sa taille. L&rsquo;\u00e9cran en verre capacitif de haute qualit\u00e9 est \u00e9galement tr\u00e8s sensible au toucher et donc extr\u00eamement r\u00e9actif. Les grandes touches tactiles et le bouton de r\u00e9glage du volume permettent une utilisation simple, [&hellip;]<\/p>\n","protected":false},"featured_media":96157,"template":"","meta":{"_acf_changed":false},"product_featured_cat":[],"product_brand":[3212],"product_cat":[4511],"product_tag":[],"class_list":{"0":"post-96165","1":"product","2":"type-product","3":"status-publish","4":"has-post-thumbnail","6":"product_brand-zenec","7":"product_cat-appareils-de-navigation","9":"first","10":"instock","11":"featured","12":"taxable","13":"shipping-taxable","14":"purchasable","15":"product-type-simple"},"acf":[],"yoast_head":"<!-- This site is optimized with the Yoast SEO plugin v27.4 - https:\/\/yoast.com\/product\/yoast-seo-wordpress\/ -->\n<title>Syst\u00e8me de navigation Z-E3766 - Bantam Wankm\u00fcller SA<\/title>\n<meta name=\"robots\" content=\"index, follow, max-snippet:-1, max-image-preview:large, max-video-preview:-1\" \/>\n<link rel=\"canonical\" href=\"https:\/\/shop.bantam.ch\/fr\/produit\/systeme-de-navigation-z-e3766\/\" \/>\n<meta property=\"og:locale\" content=\"fr_FR\" \/>\n<meta property=\"og:type\" content=\"article\" \/>\n<meta property=\"og:title\" content=\"Syst\u00e8me de navigation Z-E3766 - Bantam Wankm\u00fcller SA\" \/>\n<meta property=\"og:description\" content=\"Le nouveau syst\u00e8me Infotainer de ZENEC est dot\u00e9 d&rsquo;un \u00e9cran de 9&Prime;\/22,9\u00a0cm &#8211; un \u00e9cran exceptionnel, pas seulement en raison de sa taille. L&rsquo;\u00e9cran en verre capacitif de haute qualit\u00e9 est \u00e9galement tr\u00e8s sensible au toucher et donc extr\u00eamement r\u00e9actif. Les grandes touches tactiles et le bouton de r\u00e9glage du volume permettent une utilisation simple, [&hellip;]\" \/>\n<meta property=\"og:url\" content=\"https:\/\/shop.bantam.ch\/fr\/produit\/systeme-de-navigation-z-e3766\/\" \/>\n<meta property=\"og:site_name\" content=\"Bantam Wankm\u00fcller SA\" \/>\n<meta property=\"article:modified_time\" content=\"2026-04-18T19:30:16+00:00\" \/>\n<meta property=\"og:image\" content=\"https:\/\/shop.bantam.ch\/wp-content\/uploads\/2023\/02\/9955779111.jpg\" \/>\n\t<meta property=\"og:image:width\" content=\"1280\" \/>\n\t<meta property=\"og:image:height\" content=\"829\" \/>\n\t<meta property=\"og:image:type\" content=\"image\/jpeg\" \/>\n<meta name=\"twitter:card\" content=\"summary_large_image\" \/>\n<meta name=\"twitter:label1\" content=\"Dur\u00e9e de lecture estim\u00e9e\" \/>\n\t<meta name=\"twitter:data1\" content=\"1 minute\" \/>\n<script type=\"application\/ld+json\" class=\"yoast-schema-graph\">{\"@context\":\"https:\\\/\\\/schema.org\",\"@graph\":[{\"@type\":\"WebPage\",\"@id\":\"https:\\\/\\\/shop.bantam.ch\\\/fr\\\/produit\\\/systeme-de-navigation-z-e3766\\\/\",\"url\":\"https:\\\/\\\/shop.bantam.ch\\\/fr\\\/produit\\\/systeme-de-navigation-z-e3766\\\/\",\"name\":\"Syst\u00e8me de navigation Z-E3766 - Bantam Wankm\u00fcller SA\",\"isPartOf\":{\"@id\":\"https:\\\/\\\/shop.bantam.ch\\\/fr\\\/#website\"},\"primaryImageOfPage\":{\"@id\":\"https:\\\/\\\/shop.bantam.ch\\\/fr\\\/produit\\\/systeme-de-navigation-z-e3766\\\/#primaryimage\"},\"image\":{\"@id\":\"https:\\\/\\\/shop.bantam.ch\\\/fr\\\/produit\\\/systeme-de-navigation-z-e3766\\\/#primaryimage\"},\"thumbnailUrl\":\"https:\\\/\\\/shop.bantam.ch\\\/wp-content\\\/uploads\\\/2023\\\/02\\\/9955779111.jpg\",\"datePublished\":\"2023-02-28T04:14:21+00:00\",\"dateModified\":\"2026-04-18T19:30:16+00:00\",\"breadcrumb\":{\"@id\":\"https:\\\/\\\/shop.bantam.ch\\\/fr\\\/produit\\\/systeme-de-navigation-z-e3766\\\/#breadcrumb\"},\"inLanguage\":\"fr-FR\",\"potentialAction\":[{\"@type\":\"ReadAction\",\"target\":[\"https:\\\/\\\/shop.bantam.ch\\\/fr\\\/produit\\\/systeme-de-navigation-z-e3766\\\/\"]}]},{\"@type\":\"ImageObject\",\"inLanguage\":\"fr-FR\",\"@id\":\"https:\\\/\\\/shop.bantam.ch\\\/fr\\\/produit\\\/systeme-de-navigation-z-e3766\\\/#primaryimage\",\"url\":\"https:\\\/\\\/shop.bantam.ch\\\/wp-content\\\/uploads\\\/2023\\\/02\\\/9955779111.jpg\",\"contentUrl\":\"https:\\\/\\\/shop.bantam.ch\\\/wp-content\\\/uploads\\\/2023\\\/02\\\/9955779111.jpg\",\"width\":1280,\"height\":829},{\"@type\":\"BreadcrumbList\",\"@id\":\"https:\\\/\\\/shop.bantam.ch\\\/fr\\\/produit\\\/systeme-de-navigation-z-e3766\\\/#breadcrumb\",\"itemListElement\":[{\"@type\":\"ListItem\",\"position\":1,\"name\":\"Accueil\",\"item\":\"https:\\\/\\\/shop.bantam.ch\\\/fr\\\/\"},{\"@type\":\"ListItem\",\"position\":2,\"name\":\"Boutique\",\"item\":\"https:\\\/\\\/shop.bantam.ch\\\/fr\\\/boutique\\\/\"},{\"@type\":\"ListItem\",\"position\":3,\"name\":\"Syst\u00e8me de navigation Z-E3766\"}]},{\"@type\":\"WebSite\",\"@id\":\"https:\\\/\\\/shop.bantam.ch\\\/fr\\\/#website\",\"url\":\"https:\\\/\\\/shop.bantam.ch\\\/fr\\\/\",\"name\":\"Bantam Wankm\u00fcller SA\",\"description\":\"\",\"publisher\":{\"@id\":\"https:\\\/\\\/shop.bantam.ch\\\/fr\\\/#organization\"},\"inLanguage\":\"fr-FR\"},{\"@type\":\"Organization\",\"@id\":\"https:\\\/\\\/shop.bantam.ch\\\/fr\\\/#organization\",\"name\":\"Bantam Wankm\u00fcller SA\",\"url\":\"https:\\\/\\\/shop.bantam.ch\\\/fr\\\/\",\"logo\":{\"@type\":\"ImageObject\",\"inLanguage\":\"fr-FR\",\"@id\":\"https:\\\/\\\/shop.bantam.ch\\\/fr\\\/#\\\/schema\\\/logo\\\/image\\\/\",\"url\":\"https:\\\/\\\/shop.bantam.ch\\\/wp-content\\\/uploads\\\/2022\\\/12\\\/bantam-logo.png\",\"contentUrl\":\"https:\\\/\\\/shop.bantam.ch\\\/wp-content\\\/uploads\\\/2022\\\/12\\\/bantam-logo.png\",\"width\":320,\"height\":71,\"caption\":\"Bantam Wankm\u00fcller SA\"},\"image\":{\"@id\":\"https:\\\/\\\/shop.bantam.ch\\\/fr\\\/#\\\/schema\\\/logo\\\/image\\\/\"}}]}<\/script>\n<!-- \/ Yoast SEO plugin. -->","yoast_head_json":{"title":"Syst\u00e8me de navigation Z-E3766 - Bantam Wankm\u00fcller SA","robots":{"index":"index","follow":"follow","max-snippet":"max-snippet:-1","max-image-preview":"max-image-preview:large","max-video-preview":"max-video-preview:-1"},"canonical":"https:\/\/shop.bantam.ch\/fr\/produit\/systeme-de-navigation-z-e3766\/","og_locale":"fr_FR","og_type":"article","og_title":"Syst\u00e8me de navigation Z-E3766 - Bantam Wankm\u00fcller SA","og_description":"Le nouveau syst\u00e8me Infotainer de ZENEC est dot\u00e9 d&rsquo;un \u00e9cran de 9&Prime;\/22,9\u00a0cm &#8211; un \u00e9cran exceptionnel, pas seulement en raison de sa taille. L&rsquo;\u00e9cran en verre capacitif de haute qualit\u00e9 est \u00e9galement tr\u00e8s sensible au toucher et donc extr\u00eamement r\u00e9actif. Les grandes touches tactiles et le bouton de r\u00e9glage du volume permettent une utilisation simple, [&hellip;]","og_url":"https:\/\/shop.bantam.ch\/fr\/produit\/systeme-de-navigation-z-e3766\/","og_site_name":"Bantam Wankm\u00fcller SA","article_modified_time":"2026-04-18T19:30:16+00:00","og_image":[{"width":1280,"height":829,"url":"https:\/\/shop.bantam.ch\/wp-content\/uploads\/2023\/02\/9955779111.jpg","type":"image\/jpeg"}],"twitter_card":"summary_large_image","twitter_misc":{"Dur\u00e9e de lecture estim\u00e9e":"1 minute"},"schema":{"@context":"https:\/\/schema.org","@graph":[{"@type":"WebPage","@id":"https:\/\/shop.bantam.ch\/fr\/produit\/systeme-de-navigation-z-e3766\/","url":"https:\/\/shop.bantam.ch\/fr\/produit\/systeme-de-navigation-z-e3766\/","name":"Syst\u00e8me de navigation Z-E3766 - Bantam Wankm\u00fcller SA","isPartOf":{"@id":"https:\/\/shop.bantam.ch\/fr\/#website"},"primaryImageOfPage":{"@id":"https:\/\/shop.bantam.ch\/fr\/produit\/systeme-de-navigation-z-e3766\/#primaryimage"},"image":{"@id":"https:\/\/shop.bantam.ch\/fr\/produit\/systeme-de-navigation-z-e3766\/#primaryimage"},"thumbnailUrl":"https:\/\/shop.bantam.ch\/wp-content\/uploads\/2023\/02\/9955779111.jpg","datePublished":"2023-02-28T04:14:21+00:00","dateModified":"2026-04-18T19:30:16+00:00","breadcrumb":{"@id":"https:\/\/shop.bantam.ch\/fr\/produit\/systeme-de-navigation-z-e3766\/#breadcrumb"},"inLanguage":"fr-FR","potentialAction":[{"@type":"ReadAction","target":["https:\/\/shop.bantam.ch\/fr\/produit\/systeme-de-navigation-z-e3766\/"]}]},{"@type":"ImageObject","inLanguage":"fr-FR","@id":"https:\/\/shop.bantam.ch\/fr\/produit\/systeme-de-navigation-z-e3766\/#primaryimage","url":"https:\/\/shop.bantam.ch\/wp-content\/uploads\/2023\/02\/9955779111.jpg","contentUrl":"https:\/\/shop.bantam.ch\/wp-content\/uploads\/2023\/02\/9955779111.jpg","width":1280,"height":829},{"@type":"BreadcrumbList","@id":"https:\/\/shop.bantam.ch\/fr\/produit\/systeme-de-navigation-z-e3766\/#breadcrumb","itemListElement":[{"@type":"ListItem","position":1,"name":"Accueil","item":"https:\/\/shop.bantam.ch\/fr\/"},{"@type":"ListItem","position":2,"name":"Boutique","item":"https:\/\/shop.bantam.ch\/fr\/boutique\/"},{"@type":"ListItem","position":3,"name":"Syst\u00e8me de navigation Z-E3766"}]},{"@type":"WebSite","@id":"https:\/\/shop.bantam.ch\/fr\/#website","url":"https:\/\/shop.bantam.ch\/fr\/","name":"Bantam Wankm\u00fcller SA","description":"","publisher":{"@id":"https:\/\/shop.bantam.ch\/fr\/#organization"},"inLanguage":"fr-FR"},{"@type":"Organization","@id":"https:\/\/shop.bantam.ch\/fr\/#organization","name":"Bantam Wankm\u00fcller SA","url":"https:\/\/shop.bantam.ch\/fr\/","logo":{"@type":"ImageObject","inLanguage":"fr-FR","@id":"https:\/\/shop.bantam.ch\/fr\/#\/schema\/logo\/image\/","url":"https:\/\/shop.bantam.ch\/wp-content\/uploads\/2022\/12\/bantam-logo.png","contentUrl":"https:\/\/shop.bantam.ch\/wp-content\/uploads\/2022\/12\/bantam-logo.png","width":320,"height":71,"caption":"Bantam Wankm\u00fcller SA"},"image":{"@id":"https:\/\/shop.bantam.ch\/fr\/#\/schema\/logo\/image\/"}}]}},"_links":{"self":[{"href":"https:\/\/shop.bantam.ch\/fr\/wp-json\/wp\/v2\/product\/96165","targetHints":{"allow":["GET"]}}],"collection":[{"href":"https:\/\/shop.bantam.ch\/fr\/wp-json\/wp\/v2\/product"}],"about":[{"href":"https:\/\/shop.bantam.ch\/fr\/wp-json\/wp\/v2\/types\/product"}],"wp:featuredmedia":[{"embeddable":true,"href":"https:\/\/shop.bantam.ch\/fr\/wp-json\/wp\/v2\/media\/96157"}],"wp:attachment":[{"href":"https:\/\/shop.bantam.ch\/fr\/wp-json\/wp\/v2\/media?parent=96165"}],"wp:term":[{"taxonomy":"product_featured_cat","embeddable":true,"href":"https:\/\/shop.bantam.ch\/fr\/wp-json\/wp\/v2\/product_featured_cat?post=96165"},{"taxonomy":"product_brand","embeddable":true,"href":"https:\/\/shop.bantam.ch\/fr\/wp-json\/wp\/v2\/product_brand?post=96165"},{"taxonomy":"product_cat","embeddable":true,"href":"https:\/\/shop.bantam.ch\/fr\/wp-json\/wp\/v2\/product_cat?post=96165"},{"taxonomy":"product_tag","embeddable":true,"href":"https:\/\/shop.bantam.ch\/fr\/wp-json\/wp\/v2\/product_tag?post=96165"}],"curies":[{"name":"wp","href":"https:\/\/api.w.org\/{rel}","templated":true}]}}