{"id":96073,"date":"2023-02-28T05:13:02","date_gmt":"2023-02-28T04:13:02","guid":{"rendered":"http:\/\/shop.bantam.ch\/produit\/camera-de-recul-safety-cs112tbla\/"},"modified":"2026-04-18T21:30:15","modified_gmt":"2026-04-18T19:30:15","slug":"camera-de-recul-safety-cs112tbla","status":"publish","type":"product","link":"https:\/\/shop.bantam.ch\/fr\/produit\/camera-de-recul-safety-cs112tbla\/","title":{"rendered":"Cam\u00e9ra de recul Caratec Safety CS112TBLA Cam\u00e9ra Dual int\u00e9gr\u00e9e au 3\u00e8me feu stop"},"content":{"rendered":"<p>La nouvelle cam\u00e9ra CS112TBLA est destin\u00e9e aux camping-cars qui sont \u00e9quip\u00e9s en usine des troisi\u00e8mes feux stop Hella et AL. Gr\u00e2ce \u00e0 sa construction sp\u00e9ciale, elle est tr\u00e8s discr\u00e8te, mais n\u00e9anmoins efficace. La version double cam\u00e9ra CS112TBLA offre une vue optimale de la circulation arri\u00e8re pendant la conduite et de la zone situ\u00e9e \u00e0 l&rsquo;arri\u00e8re du v\u00e9hicule pendant les man\u0153uvres.<br \/> Elle est particuli\u00e8rement adapt\u00e9e aux syst\u00e8mes de navigation et aux moniteurs dot\u00e9s de plusieurs entr\u00e9es de cam\u00e9ra.<\/p>\n","protected":false},"excerpt":{"rendered":"<p>La nouvelle cam\u00e9ra CS112TBLA est destin\u00e9e aux camping-cars qui sont \u00e9quip\u00e9s en usine des troisi\u00e8mes feux stop Hella et AL. Gr\u00e2ce \u00e0 sa construction sp\u00e9ciale, elle est tr\u00e8s discr\u00e8te, mais n\u00e9anmoins efficace. La version double cam\u00e9ra CS112TBLA offre une vue optimale de la circulation arri\u00e8re pendant la conduite et de la zone situ\u00e9e \u00e0 l&rsquo;arri\u00e8re [&hellip;]<\/p>\n","protected":false},"featured_media":96071,"template":"","meta":{"_acf_changed":false},"product_featured_cat":[],"product_brand":[3070],"product_cat":[5001],"product_tag":[],"class_list":{"0":"post-96073","1":"product","2":"type-product","3":"status-publish","4":"has-post-thumbnail","6":"product_brand-caratec","7":"product_cat-cameras","9":"first","10":"instock","11":"taxable","12":"shipping-taxable","13":"purchasable","14":"product-type-simple"},"acf":[],"yoast_head":"<!-- This site is optimized with the Yoast SEO plugin v27.4 - https:\/\/yoast.com\/product\/yoast-seo-wordpress\/ -->\n<title>Cam\u00e9ra de recul Caratec Safety CS112TBLA Cam\u00e9ra Dual int\u00e9gr\u00e9e au 3\u00e8me feu stop - Bantam Wankm\u00fcller SA<\/title>\n<meta name=\"robots\" content=\"index, follow, max-snippet:-1, max-image-preview:large, max-video-preview:-1\" \/>\n<link rel=\"canonical\" href=\"https:\/\/shop.bantam.ch\/fr\/produit\/camera-de-recul-safety-cs112tbla\/\" \/>\n<meta property=\"og:locale\" content=\"fr_FR\" \/>\n<meta property=\"og:type\" content=\"article\" \/>\n<meta property=\"og:title\" content=\"Cam\u00e9ra de recul Caratec Safety CS112TBLA Cam\u00e9ra Dual int\u00e9gr\u00e9e au 3\u00e8me feu stop - Bantam Wankm\u00fcller SA\" \/>\n<meta property=\"og:description\" content=\"La nouvelle cam\u00e9ra CS112TBLA est destin\u00e9e aux camping-cars qui sont \u00e9quip\u00e9s en usine des troisi\u00e8mes feux stop Hella et AL. Gr\u00e2ce \u00e0 sa construction sp\u00e9ciale, elle est tr\u00e8s discr\u00e8te, mais n\u00e9anmoins efficace. La version double cam\u00e9ra CS112TBLA offre une vue optimale de la circulation arri\u00e8re pendant la conduite et de la zone situ\u00e9e \u00e0 l&rsquo;arri\u00e8re [&hellip;]\" \/>\n<meta property=\"og:url\" content=\"https:\/\/shop.bantam.ch\/fr\/produit\/camera-de-recul-safety-cs112tbla\/\" \/>\n<meta property=\"og:site_name\" content=\"Bantam Wankm\u00fcller SA\" \/>\n<meta property=\"article:modified_time\" content=\"2026-04-18T19:30:15+00:00\" \/>\n<meta property=\"og:image\" content=\"https:\/\/shop.bantam.ch\/wp-content\/uploads\/2023\/02\/995597511.jpg\" \/>\n\t<meta property=\"og:image:width\" content=\"1000\" \/>\n\t<meta property=\"og:image:height\" content=\"399\" \/>\n\t<meta property=\"og:image:type\" content=\"image\/jpeg\" \/>\n<meta name=\"twitter:card\" content=\"summary_large_image\" \/>\n<script type=\"application\/ld+json\" class=\"yoast-schema-graph\">{\"@context\":\"https:\\\/\\\/schema.org\",\"@graph\":[{\"@type\":\"WebPage\",\"@id\":\"https:\\\/\\\/shop.bantam.ch\\\/fr\\\/produit\\\/camera-de-recul-safety-cs112tbla\\\/\",\"url\":\"https:\\\/\\\/shop.bantam.ch\\\/fr\\\/produit\\\/camera-de-recul-safety-cs112tbla\\\/\",\"name\":\"Cam\u00e9ra de recul Caratec Safety CS112TBLA Cam\u00e9ra Dual int\u00e9gr\u00e9e au 3\u00e8me feu stop - Bantam Wankm\u00fcller SA\",\"isPartOf\":{\"@id\":\"https:\\\/\\\/shop.bantam.ch\\\/fr\\\/#website\"},\"primaryImageOfPage\":{\"@id\":\"https:\\\/\\\/shop.bantam.ch\\\/fr\\\/produit\\\/camera-de-recul-safety-cs112tbla\\\/#primaryimage\"},\"image\":{\"@id\":\"https:\\\/\\\/shop.bantam.ch\\\/fr\\\/produit\\\/camera-de-recul-safety-cs112tbla\\\/#primaryimage\"},\"thumbnailUrl\":\"https:\\\/\\\/shop.bantam.ch\\\/wp-content\\\/uploads\\\/2023\\\/02\\\/995597511.jpg\",\"datePublished\":\"2023-02-28T04:13:02+00:00\",\"dateModified\":\"2026-04-18T19:30:15+00:00\",\"breadcrumb\":{\"@id\":\"https:\\\/\\\/shop.bantam.ch\\\/fr\\\/produit\\\/camera-de-recul-safety-cs112tbla\\\/#breadcrumb\"},\"inLanguage\":\"fr-FR\",\"potentialAction\":[{\"@type\":\"ReadAction\",\"target\":[\"https:\\\/\\\/shop.bantam.ch\\\/fr\\\/produit\\\/camera-de-recul-safety-cs112tbla\\\/\"]}]},{\"@type\":\"ImageObject\",\"inLanguage\":\"fr-FR\",\"@id\":\"https:\\\/\\\/shop.bantam.ch\\\/fr\\\/produit\\\/camera-de-recul-safety-cs112tbla\\\/#primaryimage\",\"url\":\"https:\\\/\\\/shop.bantam.ch\\\/wp-content\\\/uploads\\\/2023\\\/02\\\/995597511.jpg\",\"contentUrl\":\"https:\\\/\\\/shop.bantam.ch\\\/wp-content\\\/uploads\\\/2023\\\/02\\\/995597511.jpg\",\"width\":1000,\"height\":399},{\"@type\":\"BreadcrumbList\",\"@id\":\"https:\\\/\\\/shop.bantam.ch\\\/fr\\\/produit\\\/camera-de-recul-safety-cs112tbla\\\/#breadcrumb\",\"itemListElement\":[{\"@type\":\"ListItem\",\"position\":1,\"name\":\"Accueil\",\"item\":\"https:\\\/\\\/shop.bantam.ch\\\/fr\\\/\"},{\"@type\":\"ListItem\",\"position\":2,\"name\":\"Boutique\",\"item\":\"https:\\\/\\\/shop.bantam.ch\\\/fr\\\/boutique\\\/\"},{\"@type\":\"ListItem\",\"position\":3,\"name\":\"Cam\u00e9ra de recul Caratec Safety CS112TBLA Cam\u00e9ra Dual int\u00e9gr\u00e9e au 3\u00e8me feu stop\"}]},{\"@type\":\"WebSite\",\"@id\":\"https:\\\/\\\/shop.bantam.ch\\\/fr\\\/#website\",\"url\":\"https:\\\/\\\/shop.bantam.ch\\\/fr\\\/\",\"name\":\"Bantam Wankm\u00fcller SA\",\"description\":\"\",\"publisher\":{\"@id\":\"https:\\\/\\\/shop.bantam.ch\\\/fr\\\/#organization\"},\"inLanguage\":\"fr-FR\"},{\"@type\":\"Organization\",\"@id\":\"https:\\\/\\\/shop.bantam.ch\\\/fr\\\/#organization\",\"name\":\"Bantam Wankm\u00fcller SA\",\"url\":\"https:\\\/\\\/shop.bantam.ch\\\/fr\\\/\",\"logo\":{\"@type\":\"ImageObject\",\"inLanguage\":\"fr-FR\",\"@id\":\"https:\\\/\\\/shop.bantam.ch\\\/fr\\\/#\\\/schema\\\/logo\\\/image\\\/\",\"url\":\"https:\\\/\\\/shop.bantam.ch\\\/wp-content\\\/uploads\\\/2022\\\/12\\\/bantam-logo.png\",\"contentUrl\":\"https:\\\/\\\/shop.bantam.ch\\\/wp-content\\\/uploads\\\/2022\\\/12\\\/bantam-logo.png\",\"width\":320,\"height\":71,\"caption\":\"Bantam Wankm\u00fcller SA\"},\"image\":{\"@id\":\"https:\\\/\\\/shop.bantam.ch\\\/fr\\\/#\\\/schema\\\/logo\\\/image\\\/\"}}]}<\/script>\n<!-- \/ Yoast SEO plugin. -->","yoast_head_json":{"title":"Cam\u00e9ra de recul Caratec Safety CS112TBLA Cam\u00e9ra Dual int\u00e9gr\u00e9e au 3\u00e8me feu stop - Bantam Wankm\u00fcller SA","robots":{"index":"index","follow":"follow","max-snippet":"max-snippet:-1","max-image-preview":"max-image-preview:large","max-video-preview":"max-video-preview:-1"},"canonical":"https:\/\/shop.bantam.ch\/fr\/produit\/camera-de-recul-safety-cs112tbla\/","og_locale":"fr_FR","og_type":"article","og_title":"Cam\u00e9ra de recul Caratec Safety CS112TBLA Cam\u00e9ra Dual int\u00e9gr\u00e9e au 3\u00e8me feu stop - Bantam Wankm\u00fcller SA","og_description":"La nouvelle cam\u00e9ra CS112TBLA est destin\u00e9e aux camping-cars qui sont \u00e9quip\u00e9s en usine des troisi\u00e8mes feux stop Hella et AL. Gr\u00e2ce \u00e0 sa construction sp\u00e9ciale, elle est tr\u00e8s discr\u00e8te, mais n\u00e9anmoins efficace. La version double cam\u00e9ra CS112TBLA offre une vue optimale de la circulation arri\u00e8re pendant la conduite et de la zone situ\u00e9e \u00e0 l&rsquo;arri\u00e8re [&hellip;]","og_url":"https:\/\/shop.bantam.ch\/fr\/produit\/camera-de-recul-safety-cs112tbla\/","og_site_name":"Bantam Wankm\u00fcller SA","article_modified_time":"2026-04-18T19:30:15+00:00","og_image":[{"width":1000,"height":399,"url":"https:\/\/shop.bantam.ch\/wp-content\/uploads\/2023\/02\/995597511.jpg","type":"image\/jpeg"}],"twitter_card":"summary_large_image","schema":{"@context":"https:\/\/schema.org","@graph":[{"@type":"WebPage","@id":"https:\/\/shop.bantam.ch\/fr\/produit\/camera-de-recul-safety-cs112tbla\/","url":"https:\/\/shop.bantam.ch\/fr\/produit\/camera-de-recul-safety-cs112tbla\/","name":"Cam\u00e9ra de recul Caratec Safety CS112TBLA Cam\u00e9ra Dual int\u00e9gr\u00e9e au 3\u00e8me feu stop - Bantam Wankm\u00fcller SA","isPartOf":{"@id":"https:\/\/shop.bantam.ch\/fr\/#website"},"primaryImageOfPage":{"@id":"https:\/\/shop.bantam.ch\/fr\/produit\/camera-de-recul-safety-cs112tbla\/#primaryimage"},"image":{"@id":"https:\/\/shop.bantam.ch\/fr\/produit\/camera-de-recul-safety-cs112tbla\/#primaryimage"},"thumbnailUrl":"https:\/\/shop.bantam.ch\/wp-content\/uploads\/2023\/02\/995597511.jpg","datePublished":"2023-02-28T04:13:02+00:00","dateModified":"2026-04-18T19:30:15+00:00","breadcrumb":{"@id":"https:\/\/shop.bantam.ch\/fr\/produit\/camera-de-recul-safety-cs112tbla\/#breadcrumb"},"inLanguage":"fr-FR","potentialAction":[{"@type":"ReadAction","target":["https:\/\/shop.bantam.ch\/fr\/produit\/camera-de-recul-safety-cs112tbla\/"]}]},{"@type":"ImageObject","inLanguage":"fr-FR","@id":"https:\/\/shop.bantam.ch\/fr\/produit\/camera-de-recul-safety-cs112tbla\/#primaryimage","url":"https:\/\/shop.bantam.ch\/wp-content\/uploads\/2023\/02\/995597511.jpg","contentUrl":"https:\/\/shop.bantam.ch\/wp-content\/uploads\/2023\/02\/995597511.jpg","width":1000,"height":399},{"@type":"BreadcrumbList","@id":"https:\/\/shop.bantam.ch\/fr\/produit\/camera-de-recul-safety-cs112tbla\/#breadcrumb","itemListElement":[{"@type":"ListItem","position":1,"name":"Accueil","item":"https:\/\/shop.bantam.ch\/fr\/"},{"@type":"ListItem","position":2,"name":"Boutique","item":"https:\/\/shop.bantam.ch\/fr\/boutique\/"},{"@type":"ListItem","position":3,"name":"Cam\u00e9ra de recul Caratec Safety CS112TBLA Cam\u00e9ra Dual int\u00e9gr\u00e9e au 3\u00e8me feu stop"}]},{"@type":"WebSite","@id":"https:\/\/shop.bantam.ch\/fr\/#website","url":"https:\/\/shop.bantam.ch\/fr\/","name":"Bantam Wankm\u00fcller SA","description":"","publisher":{"@id":"https:\/\/shop.bantam.ch\/fr\/#organization"},"inLanguage":"fr-FR"},{"@type":"Organization","@id":"https:\/\/shop.bantam.ch\/fr\/#organization","name":"Bantam Wankm\u00fcller SA","url":"https:\/\/shop.bantam.ch\/fr\/","logo":{"@type":"ImageObject","inLanguage":"fr-FR","@id":"https:\/\/shop.bantam.ch\/fr\/#\/schema\/logo\/image\/","url":"https:\/\/shop.bantam.ch\/wp-content\/uploads\/2022\/12\/bantam-logo.png","contentUrl":"https:\/\/shop.bantam.ch\/wp-content\/uploads\/2022\/12\/bantam-logo.png","width":320,"height":71,"caption":"Bantam Wankm\u00fcller SA"},"image":{"@id":"https:\/\/shop.bantam.ch\/fr\/#\/schema\/logo\/image\/"}}]}},"_links":{"self":[{"href":"https:\/\/shop.bantam.ch\/fr\/wp-json\/wp\/v2\/product\/96073","targetHints":{"allow":["GET"]}}],"collection":[{"href":"https:\/\/shop.bantam.ch\/fr\/wp-json\/wp\/v2\/product"}],"about":[{"href":"https:\/\/shop.bantam.ch\/fr\/wp-json\/wp\/v2\/types\/product"}],"wp:featuredmedia":[{"embeddable":true,"href":"https:\/\/shop.bantam.ch\/fr\/wp-json\/wp\/v2\/media\/96071"}],"wp:attachment":[{"href":"https:\/\/shop.bantam.ch\/fr\/wp-json\/wp\/v2\/media?parent=96073"}],"wp:term":[{"taxonomy":"product_featured_cat","embeddable":true,"href":"https:\/\/shop.bantam.ch\/fr\/wp-json\/wp\/v2\/product_featured_cat?post=96073"},{"taxonomy":"product_brand","embeddable":true,"href":"https:\/\/shop.bantam.ch\/fr\/wp-json\/wp\/v2\/product_brand?post=96073"},{"taxonomy":"product_cat","embeddable":true,"href":"https:\/\/shop.bantam.ch\/fr\/wp-json\/wp\/v2\/product_cat?post=96073"},{"taxonomy":"product_tag","embeddable":true,"href":"https:\/\/shop.bantam.ch\/fr\/wp-json\/wp\/v2\/product_tag?post=96073"}],"curies":[{"name":"wp","href":"https:\/\/api.w.org\/{rel}","templated":true}]}}