{"id":96047,"date":"2023-02-28T05:12:27","date_gmt":"2023-02-28T04:12:27","guid":{"rendered":"http:\/\/shop.bantam.ch\/produit\/systeme-daide-a-la-manoeuvre-mover-smart\/"},"modified":"2026-04-17T22:53:08","modified_gmt":"2026-04-17T20:53:08","slug":"systeme-daide-a-la-manoeuvre-mover-smart","status":"publish","type":"product","link":"https:\/\/shop.bantam.ch\/fr\/produit\/systeme-daide-a-la-manoeuvre-mover-smart\/","title":{"rendered":"Syst\u00e8me d\u2019aide \u00e0 la man\u0153uvre Mover smart"},"content":{"rendered":"<p>Montage simple, utilisation conviviale, propri\u00e9t\u00e9s de conduite pr\u00e9cises.<\/p>\n<p>Les nouveaux mod\u00e8les de base s\u00e9duisent avec leur qualit\u00e9 Truma \u00e9prouv\u00e9e \u00e0 un prix d\u2019entr\u00e9e de gamme. Les Mover sont disponibles dans les versions Mover smart M et Mover smart A. M comme manuel, A comme automatique\u00a0: cela explique d\u00e9j\u00e0 la principale diff\u00e9rence entre les deux syst\u00e8mes de man\u0153uvre. Pendant que vous plaquez et repliez le Mover smart M manuellement via un mouvement de levier, le Mover smart A fait tout lui-m\u00eame sur simple pression d\u2019un bouton.<\/p>\n<p>Mover smart M et A de Truma<\/p>\n<ul>\n<li>Universel : Convient \u00e0 tous les cadres usuels<\/li>\n<li>Contr\u00f4l\u00e9\u00a0: d\u00e9marrage en douceur, arr\u00eat pr\u00e9cis<\/li>\n<li>Intuitif\u00a0: avec la t\u00e9l\u00e9commande pratique, man\u0153uvrer en toute simplicit\u00e9<\/li>\n<li>Hautement performant : Ma\u00eetrise les pentes de 13\u00a0%<\/li>\n<\/ul>\n","protected":false},"excerpt":{"rendered":"<p>Montage simple, utilisation conviviale, propri\u00e9t\u00e9s de conduite pr\u00e9cises. Les nouveaux mod\u00e8les de base s\u00e9duisent avec leur qualit\u00e9 Truma \u00e9prouv\u00e9e \u00e0 un prix d\u2019entr\u00e9e de gamme. Les Mover sont disponibles dans les versions Mover smart M et Mover smart A. M comme manuel, A comme automatique\u00a0: cela explique d\u00e9j\u00e0 la principale diff\u00e9rence entre les deux syst\u00e8mes [&hellip;]<\/p>\n","protected":false},"featured_media":96043,"template":"","meta":{"_acf_changed":false},"product_featured_cat":[],"product_brand":[3026],"product_cat":[4821],"product_tag":[],"class_list":{"0":"post-96047","1":"product","2":"type-product","3":"status-publish","4":"has-post-thumbnail","6":"product_brand-truma","7":"product_cat-aide-a-la-manoeuvre","9":"first","10":"instock","11":"featured","12":"taxable","13":"shipping-taxable","14":"purchasable","15":"product-type-variable"},"acf":[],"yoast_head":"<!-- This site is optimized with the Yoast SEO plugin v27.4 - https:\/\/yoast.com\/product\/yoast-seo-wordpress\/ -->\n<title>Syst\u00e8me d\u2019aide \u00e0 la man\u0153uvre Mover smart - Bantam Wankm\u00fcller SA<\/title>\n<meta name=\"robots\" content=\"index, follow, max-snippet:-1, max-image-preview:large, max-video-preview:-1\" \/>\n<link rel=\"canonical\" href=\"https:\/\/shop.bantam.ch\/fr\/produit\/systeme-daide-a-la-manoeuvre-mover-smart\/\" \/>\n<meta property=\"og:locale\" content=\"fr_FR\" \/>\n<meta property=\"og:type\" content=\"article\" \/>\n<meta property=\"og:title\" content=\"Syst\u00e8me d\u2019aide \u00e0 la man\u0153uvre Mover smart - Bantam Wankm\u00fcller SA\" \/>\n<meta property=\"og:description\" content=\"Montage simple, utilisation conviviale, propri\u00e9t\u00e9s de conduite pr\u00e9cises. Les nouveaux mod\u00e8les de base s\u00e9duisent avec leur qualit\u00e9 Truma \u00e9prouv\u00e9e \u00e0 un prix d\u2019entr\u00e9e de gamme. Les Mover sont disponibles dans les versions Mover smart M et Mover smart A. M comme manuel, A comme automatique\u00a0: cela explique d\u00e9j\u00e0 la principale diff\u00e9rence entre les deux syst\u00e8mes [&hellip;]\" \/>\n<meta property=\"og:url\" content=\"https:\/\/shop.bantam.ch\/fr\/produit\/systeme-daide-a-la-manoeuvre-mover-smart\/\" \/>\n<meta property=\"og:site_name\" content=\"Bantam Wankm\u00fcller SA\" \/>\n<meta property=\"article:modified_time\" content=\"2026-04-17T20:53:08+00:00\" \/>\n<meta property=\"og:image\" content=\"https:\/\/shop.bantam.ch\/wp-content\/uploads\/2023\/02\/9943355111.jpg\" \/>\n\t<meta property=\"og:image:width\" content=\"1000\" \/>\n\t<meta property=\"og:image:height\" content=\"859\" \/>\n\t<meta property=\"og:image:type\" content=\"image\/jpeg\" \/>\n<meta name=\"twitter:card\" content=\"summary_large_image\" \/>\n<meta name=\"twitter:label1\" content=\"Dur\u00e9e de lecture estim\u00e9e\" \/>\n\t<meta name=\"twitter:data1\" content=\"1 minute\" \/>\n<script type=\"application\/ld+json\" class=\"yoast-schema-graph\">{\"@context\":\"https:\\\/\\\/schema.org\",\"@graph\":[{\"@type\":\"WebPage\",\"@id\":\"https:\\\/\\\/shop.bantam.ch\\\/fr\\\/produit\\\/systeme-daide-a-la-manoeuvre-mover-smart\\\/\",\"url\":\"https:\\\/\\\/shop.bantam.ch\\\/fr\\\/produit\\\/systeme-daide-a-la-manoeuvre-mover-smart\\\/\",\"name\":\"Syst\u00e8me d\u2019aide \u00e0 la man\u0153uvre Mover smart - Bantam Wankm\u00fcller SA\",\"isPartOf\":{\"@id\":\"https:\\\/\\\/shop.bantam.ch\\\/fr\\\/#website\"},\"primaryImageOfPage\":{\"@id\":\"https:\\\/\\\/shop.bantam.ch\\\/fr\\\/produit\\\/systeme-daide-a-la-manoeuvre-mover-smart\\\/#primaryimage\"},\"image\":{\"@id\":\"https:\\\/\\\/shop.bantam.ch\\\/fr\\\/produit\\\/systeme-daide-a-la-manoeuvre-mover-smart\\\/#primaryimage\"},\"thumbnailUrl\":\"https:\\\/\\\/shop.bantam.ch\\\/wp-content\\\/uploads\\\/2023\\\/02\\\/9943355111.jpg\",\"datePublished\":\"2023-02-28T04:12:27+00:00\",\"dateModified\":\"2026-04-17T20:53:08+00:00\",\"breadcrumb\":{\"@id\":\"https:\\\/\\\/shop.bantam.ch\\\/fr\\\/produit\\\/systeme-daide-a-la-manoeuvre-mover-smart\\\/#breadcrumb\"},\"inLanguage\":\"fr-FR\",\"potentialAction\":[{\"@type\":\"ReadAction\",\"target\":[\"https:\\\/\\\/shop.bantam.ch\\\/fr\\\/produit\\\/systeme-daide-a-la-manoeuvre-mover-smart\\\/\"]}]},{\"@type\":\"ImageObject\",\"inLanguage\":\"fr-FR\",\"@id\":\"https:\\\/\\\/shop.bantam.ch\\\/fr\\\/produit\\\/systeme-daide-a-la-manoeuvre-mover-smart\\\/#primaryimage\",\"url\":\"https:\\\/\\\/shop.bantam.ch\\\/wp-content\\\/uploads\\\/2023\\\/02\\\/9943355111.jpg\",\"contentUrl\":\"https:\\\/\\\/shop.bantam.ch\\\/wp-content\\\/uploads\\\/2023\\\/02\\\/9943355111.jpg\",\"width\":1000,\"height\":859},{\"@type\":\"BreadcrumbList\",\"@id\":\"https:\\\/\\\/shop.bantam.ch\\\/fr\\\/produit\\\/systeme-daide-a-la-manoeuvre-mover-smart\\\/#breadcrumb\",\"itemListElement\":[{\"@type\":\"ListItem\",\"position\":1,\"name\":\"Accueil\",\"item\":\"https:\\\/\\\/shop.bantam.ch\\\/fr\\\/\"},{\"@type\":\"ListItem\",\"position\":2,\"name\":\"Boutique\",\"item\":\"https:\\\/\\\/shop.bantam.ch\\\/fr\\\/boutique\\\/\"},{\"@type\":\"ListItem\",\"position\":3,\"name\":\"Syst\u00e8me d\u2019aide \u00e0 la man\u0153uvre Mover smart\"}]},{\"@type\":\"WebSite\",\"@id\":\"https:\\\/\\\/shop.bantam.ch\\\/fr\\\/#website\",\"url\":\"https:\\\/\\\/shop.bantam.ch\\\/fr\\\/\",\"name\":\"Bantam Wankm\u00fcller SA\",\"description\":\"\",\"publisher\":{\"@id\":\"https:\\\/\\\/shop.bantam.ch\\\/fr\\\/#organization\"},\"inLanguage\":\"fr-FR\"},{\"@type\":\"Organization\",\"@id\":\"https:\\\/\\\/shop.bantam.ch\\\/fr\\\/#organization\",\"name\":\"Bantam Wankm\u00fcller SA\",\"url\":\"https:\\\/\\\/shop.bantam.ch\\\/fr\\\/\",\"logo\":{\"@type\":\"ImageObject\",\"inLanguage\":\"fr-FR\",\"@id\":\"https:\\\/\\\/shop.bantam.ch\\\/fr\\\/#\\\/schema\\\/logo\\\/image\\\/\",\"url\":\"https:\\\/\\\/shop.bantam.ch\\\/wp-content\\\/uploads\\\/2022\\\/12\\\/bantam-logo.png\",\"contentUrl\":\"https:\\\/\\\/shop.bantam.ch\\\/wp-content\\\/uploads\\\/2022\\\/12\\\/bantam-logo.png\",\"width\":320,\"height\":71,\"caption\":\"Bantam Wankm\u00fcller SA\"},\"image\":{\"@id\":\"https:\\\/\\\/shop.bantam.ch\\\/fr\\\/#\\\/schema\\\/logo\\\/image\\\/\"}}]}<\/script>\n<!-- \/ Yoast SEO plugin. -->","yoast_head_json":{"title":"Syst\u00e8me d\u2019aide \u00e0 la man\u0153uvre Mover smart - Bantam Wankm\u00fcller SA","robots":{"index":"index","follow":"follow","max-snippet":"max-snippet:-1","max-image-preview":"max-image-preview:large","max-video-preview":"max-video-preview:-1"},"canonical":"https:\/\/shop.bantam.ch\/fr\/produit\/systeme-daide-a-la-manoeuvre-mover-smart\/","og_locale":"fr_FR","og_type":"article","og_title":"Syst\u00e8me d\u2019aide \u00e0 la man\u0153uvre Mover smart - Bantam Wankm\u00fcller SA","og_description":"Montage simple, utilisation conviviale, propri\u00e9t\u00e9s de conduite pr\u00e9cises. Les nouveaux mod\u00e8les de base s\u00e9duisent avec leur qualit\u00e9 Truma \u00e9prouv\u00e9e \u00e0 un prix d\u2019entr\u00e9e de gamme. Les Mover sont disponibles dans les versions Mover smart M et Mover smart A. M comme manuel, A comme automatique\u00a0: cela explique d\u00e9j\u00e0 la principale diff\u00e9rence entre les deux syst\u00e8mes [&hellip;]","og_url":"https:\/\/shop.bantam.ch\/fr\/produit\/systeme-daide-a-la-manoeuvre-mover-smart\/","og_site_name":"Bantam Wankm\u00fcller SA","article_modified_time":"2026-04-17T20:53:08+00:00","og_image":[{"width":1000,"height":859,"url":"https:\/\/shop.bantam.ch\/wp-content\/uploads\/2023\/02\/9943355111.jpg","type":"image\/jpeg"}],"twitter_card":"summary_large_image","twitter_misc":{"Dur\u00e9e de lecture estim\u00e9e":"1 minute"},"schema":{"@context":"https:\/\/schema.org","@graph":[{"@type":"WebPage","@id":"https:\/\/shop.bantam.ch\/fr\/produit\/systeme-daide-a-la-manoeuvre-mover-smart\/","url":"https:\/\/shop.bantam.ch\/fr\/produit\/systeme-daide-a-la-manoeuvre-mover-smart\/","name":"Syst\u00e8me d\u2019aide \u00e0 la man\u0153uvre Mover smart - Bantam Wankm\u00fcller SA","isPartOf":{"@id":"https:\/\/shop.bantam.ch\/fr\/#website"},"primaryImageOfPage":{"@id":"https:\/\/shop.bantam.ch\/fr\/produit\/systeme-daide-a-la-manoeuvre-mover-smart\/#primaryimage"},"image":{"@id":"https:\/\/shop.bantam.ch\/fr\/produit\/systeme-daide-a-la-manoeuvre-mover-smart\/#primaryimage"},"thumbnailUrl":"https:\/\/shop.bantam.ch\/wp-content\/uploads\/2023\/02\/9943355111.jpg","datePublished":"2023-02-28T04:12:27+00:00","dateModified":"2026-04-17T20:53:08+00:00","breadcrumb":{"@id":"https:\/\/shop.bantam.ch\/fr\/produit\/systeme-daide-a-la-manoeuvre-mover-smart\/#breadcrumb"},"inLanguage":"fr-FR","potentialAction":[{"@type":"ReadAction","target":["https:\/\/shop.bantam.ch\/fr\/produit\/systeme-daide-a-la-manoeuvre-mover-smart\/"]}]},{"@type":"ImageObject","inLanguage":"fr-FR","@id":"https:\/\/shop.bantam.ch\/fr\/produit\/systeme-daide-a-la-manoeuvre-mover-smart\/#primaryimage","url":"https:\/\/shop.bantam.ch\/wp-content\/uploads\/2023\/02\/9943355111.jpg","contentUrl":"https:\/\/shop.bantam.ch\/wp-content\/uploads\/2023\/02\/9943355111.jpg","width":1000,"height":859},{"@type":"BreadcrumbList","@id":"https:\/\/shop.bantam.ch\/fr\/produit\/systeme-daide-a-la-manoeuvre-mover-smart\/#breadcrumb","itemListElement":[{"@type":"ListItem","position":1,"name":"Accueil","item":"https:\/\/shop.bantam.ch\/fr\/"},{"@type":"ListItem","position":2,"name":"Boutique","item":"https:\/\/shop.bantam.ch\/fr\/boutique\/"},{"@type":"ListItem","position":3,"name":"Syst\u00e8me d\u2019aide \u00e0 la man\u0153uvre Mover smart"}]},{"@type":"WebSite","@id":"https:\/\/shop.bantam.ch\/fr\/#website","url":"https:\/\/shop.bantam.ch\/fr\/","name":"Bantam Wankm\u00fcller SA","description":"","publisher":{"@id":"https:\/\/shop.bantam.ch\/fr\/#organization"},"inLanguage":"fr-FR"},{"@type":"Organization","@id":"https:\/\/shop.bantam.ch\/fr\/#organization","name":"Bantam Wankm\u00fcller SA","url":"https:\/\/shop.bantam.ch\/fr\/","logo":{"@type":"ImageObject","inLanguage":"fr-FR","@id":"https:\/\/shop.bantam.ch\/fr\/#\/schema\/logo\/image\/","url":"https:\/\/shop.bantam.ch\/wp-content\/uploads\/2022\/12\/bantam-logo.png","contentUrl":"https:\/\/shop.bantam.ch\/wp-content\/uploads\/2022\/12\/bantam-logo.png","width":320,"height":71,"caption":"Bantam Wankm\u00fcller SA"},"image":{"@id":"https:\/\/shop.bantam.ch\/fr\/#\/schema\/logo\/image\/"}}]}},"_links":{"self":[{"href":"https:\/\/shop.bantam.ch\/fr\/wp-json\/wp\/v2\/product\/96047","targetHints":{"allow":["GET"]}}],"collection":[{"href":"https:\/\/shop.bantam.ch\/fr\/wp-json\/wp\/v2\/product"}],"about":[{"href":"https:\/\/shop.bantam.ch\/fr\/wp-json\/wp\/v2\/types\/product"}],"wp:featuredmedia":[{"embeddable":true,"href":"https:\/\/shop.bantam.ch\/fr\/wp-json\/wp\/v2\/media\/96043"}],"wp:attachment":[{"href":"https:\/\/shop.bantam.ch\/fr\/wp-json\/wp\/v2\/media?parent=96047"}],"wp:term":[{"taxonomy":"product_featured_cat","embeddable":true,"href":"https:\/\/shop.bantam.ch\/fr\/wp-json\/wp\/v2\/product_featured_cat?post=96047"},{"taxonomy":"product_brand","embeddable":true,"href":"https:\/\/shop.bantam.ch\/fr\/wp-json\/wp\/v2\/product_brand?post=96047"},{"taxonomy":"product_cat","embeddable":true,"href":"https:\/\/shop.bantam.ch\/fr\/wp-json\/wp\/v2\/product_cat?post=96047"},{"taxonomy":"product_tag","embeddable":true,"href":"https:\/\/shop.bantam.ch\/fr\/wp-json\/wp\/v2\/product_tag?post=96047"}],"curies":[{"name":"wp","href":"https:\/\/api.w.org\/{rel}","templated":true}]}}