{"id":96041,"date":"2023-02-28T05:12:21","date_gmt":"2023-02-28T04:12:21","guid":{"rendered":"http:\/\/shop.bantam.ch\/produit\/lyre-haute-pression-avec-sbs-caramatic-donnectdrive-x-7-shell-x-m20x15uem-x-750\/"},"modified":"2026-04-17T21:29:27","modified_gmt":"2026-04-17T19:29:27","slug":"lyre-haute-pression-avec-sbs-caramatic-donnectdrive-x-7-shell-x-m20x15uem-x-750","status":"publish","type":"product","link":"https:\/\/shop.bantam.ch\/fr\/produit\/lyre-haute-pression-avec-sbs-caramatic-donnectdrive-x-7-shell-x-m20x15uem-x-750\/","title":{"rendered":"Lyre haute pression GOK avec SBS Caramatic ConnectDrive X.7 Shell x M20x1,5UEM x 750"},"content":{"rendered":"<p>Lyre haute pression avec protection contre la rupture du flexible pour le raccordement \u00e0 tous les d\u00e9tendeurs basse pression muraux avec entr\u00e9e AG M20 x 1,5, notamment pour le chauffage pendant le trajet sur la valve de la bouteille de gaz.<\/p>\n<ul>\n<li>Chauffage pendant la conduite.<\/li>\n<li>Utilisation possible dans toute l&rsquo;Europe gr\u00e2ce \u00e0 l&rsquo;utilisation de lyres flexibles haute pression avec raccords sp\u00e9cifiques \u00e0 chaque pays.<\/li>\n<li>La s\u00e9curit\u00e9 de rupture de lyre SBS pr\u00e9vient les fuites de gaz si la conduite flexible est endommag\u00e9e ou desserr\u00e9e et bloque le passage du gaz d\u00e8s que le d\u00e9bit nominal est sup\u00e9rieur \u00e0 10 %.<\/li>\n<li>S\u00e9curit\u00e9 de rupture de lyre SBS \u00e0 commande manuelle : pas de retard au d\u00e9clenchement ni de quantit\u00e9 de gaz de fuite, ouverture manuelle requise.<\/li>\n<li>X.7 (Shell) x M20 x 1,5 \u00dcM x 750 mm, SI \/ CZ \/ HR \/ SK \/ RS.<\/li>\n<\/ul>\n","protected":false},"excerpt":{"rendered":"<p>Lyre haute pression avec protection contre la rupture du flexible pour le raccordement \u00e0 tous les d\u00e9tendeurs basse pression muraux avec entr\u00e9e AG M20 x 1,5, notamment pour le chauffage pendant le trajet sur la valve de la bouteille de gaz. Chauffage pendant la conduite. Utilisation possible dans toute l&rsquo;Europe gr\u00e2ce \u00e0 l&rsquo;utilisation de lyres [&hellip;]<\/p>\n","protected":false},"featured_media":96039,"template":"","meta":{"_acf_changed":false},"product_featured_cat":[],"product_brand":[3254],"product_cat":[4493],"product_tag":[],"class_list":{"0":"post-96041","1":"product","2":"type-product","3":"status-publish","4":"has-post-thumbnail","6":"product_brand-gok","7":"product_cat-flexibles-gaz","9":"first","10":"instock","11":"taxable","12":"shipping-taxable","13":"purchasable","14":"product-type-simple"},"acf":[],"yoast_head":"<!-- This site is optimized with the Yoast SEO plugin v27.4 - https:\/\/yoast.com\/product\/yoast-seo-wordpress\/ -->\n<title>Lyre haute pression GOK avec SBS Caramatic ConnectDrive X.7 Shell x M20x1,5UEM x 750 - Bantam Wankm\u00fcller SA<\/title>\n<meta name=\"robots\" content=\"index, follow, max-snippet:-1, max-image-preview:large, max-video-preview:-1\" \/>\n<link rel=\"canonical\" href=\"https:\/\/shop.bantam.ch\/fr\/produit\/lyre-haute-pression-avec-sbs-caramatic-donnectdrive-x-7-shell-x-m20x15uem-x-750\/\" \/>\n<meta property=\"og:locale\" content=\"fr_FR\" \/>\n<meta property=\"og:type\" content=\"article\" \/>\n<meta property=\"og:title\" content=\"Lyre haute pression GOK avec SBS Caramatic ConnectDrive X.7 Shell x M20x1,5UEM x 750 - Bantam Wankm\u00fcller SA\" \/>\n<meta property=\"og:description\" content=\"Lyre haute pression avec protection contre la rupture du flexible pour le raccordement \u00e0 tous les d\u00e9tendeurs basse pression muraux avec entr\u00e9e AG M20 x 1,5, notamment pour le chauffage pendant le trajet sur la valve de la bouteille de gaz. Chauffage pendant la conduite. Utilisation possible dans toute l&rsquo;Europe gr\u00e2ce \u00e0 l&rsquo;utilisation de lyres [&hellip;]\" \/>\n<meta property=\"og:url\" content=\"https:\/\/shop.bantam.ch\/fr\/produit\/lyre-haute-pression-avec-sbs-caramatic-donnectdrive-x-7-shell-x-m20x15uem-x-750\/\" \/>\n<meta property=\"og:site_name\" content=\"Bantam Wankm\u00fcller SA\" \/>\n<meta property=\"article:modified_time\" content=\"2026-04-17T19:29:27+00:00\" \/>\n<meta property=\"og:image\" content=\"https:\/\/shop.bantam.ch\/wp-content\/uploads\/2023\/02\/995597411.png\" \/>\n\t<meta property=\"og:image:width\" content=\"1000\" \/>\n\t<meta property=\"og:image:height\" content=\"939\" \/>\n\t<meta property=\"og:image:type\" content=\"image\/png\" \/>\n<meta name=\"twitter:card\" content=\"summary_large_image\" \/>\n<meta name=\"twitter:label1\" content=\"Dur\u00e9e de lecture estim\u00e9e\" \/>\n\t<meta name=\"twitter:data1\" content=\"1 minute\" \/>\n<script type=\"application\/ld+json\" class=\"yoast-schema-graph\">{\"@context\":\"https:\\\/\\\/schema.org\",\"@graph\":[{\"@type\":\"WebPage\",\"@id\":\"https:\\\/\\\/shop.bantam.ch\\\/fr\\\/produit\\\/lyre-haute-pression-avec-sbs-caramatic-donnectdrive-x-7-shell-x-m20x15uem-x-750\\\/\",\"url\":\"https:\\\/\\\/shop.bantam.ch\\\/fr\\\/produit\\\/lyre-haute-pression-avec-sbs-caramatic-donnectdrive-x-7-shell-x-m20x15uem-x-750\\\/\",\"name\":\"Lyre haute pression GOK avec SBS Caramatic ConnectDrive X.7 Shell x M20x1,5UEM x 750 - Bantam Wankm\u00fcller SA\",\"isPartOf\":{\"@id\":\"https:\\\/\\\/shop.bantam.ch\\\/fr\\\/#website\"},\"primaryImageOfPage\":{\"@id\":\"https:\\\/\\\/shop.bantam.ch\\\/fr\\\/produit\\\/lyre-haute-pression-avec-sbs-caramatic-donnectdrive-x-7-shell-x-m20x15uem-x-750\\\/#primaryimage\"},\"image\":{\"@id\":\"https:\\\/\\\/shop.bantam.ch\\\/fr\\\/produit\\\/lyre-haute-pression-avec-sbs-caramatic-donnectdrive-x-7-shell-x-m20x15uem-x-750\\\/#primaryimage\"},\"thumbnailUrl\":\"https:\\\/\\\/shop.bantam.ch\\\/wp-content\\\/uploads\\\/2023\\\/02\\\/995597411.png\",\"datePublished\":\"2023-02-28T04:12:21+00:00\",\"dateModified\":\"2026-04-17T19:29:27+00:00\",\"breadcrumb\":{\"@id\":\"https:\\\/\\\/shop.bantam.ch\\\/fr\\\/produit\\\/lyre-haute-pression-avec-sbs-caramatic-donnectdrive-x-7-shell-x-m20x15uem-x-750\\\/#breadcrumb\"},\"inLanguage\":\"fr-FR\",\"potentialAction\":[{\"@type\":\"ReadAction\",\"target\":[\"https:\\\/\\\/shop.bantam.ch\\\/fr\\\/produit\\\/lyre-haute-pression-avec-sbs-caramatic-donnectdrive-x-7-shell-x-m20x15uem-x-750\\\/\"]}]},{\"@type\":\"ImageObject\",\"inLanguage\":\"fr-FR\",\"@id\":\"https:\\\/\\\/shop.bantam.ch\\\/fr\\\/produit\\\/lyre-haute-pression-avec-sbs-caramatic-donnectdrive-x-7-shell-x-m20x15uem-x-750\\\/#primaryimage\",\"url\":\"https:\\\/\\\/shop.bantam.ch\\\/wp-content\\\/uploads\\\/2023\\\/02\\\/995597411.png\",\"contentUrl\":\"https:\\\/\\\/shop.bantam.ch\\\/wp-content\\\/uploads\\\/2023\\\/02\\\/995597411.png\",\"width\":1000,\"height\":939},{\"@type\":\"BreadcrumbList\",\"@id\":\"https:\\\/\\\/shop.bantam.ch\\\/fr\\\/produit\\\/lyre-haute-pression-avec-sbs-caramatic-donnectdrive-x-7-shell-x-m20x15uem-x-750\\\/#breadcrumb\",\"itemListElement\":[{\"@type\":\"ListItem\",\"position\":1,\"name\":\"Accueil\",\"item\":\"https:\\\/\\\/shop.bantam.ch\\\/fr\\\/\"},{\"@type\":\"ListItem\",\"position\":2,\"name\":\"Boutique\",\"item\":\"https:\\\/\\\/shop.bantam.ch\\\/fr\\\/boutique\\\/\"},{\"@type\":\"ListItem\",\"position\":3,\"name\":\"Lyre haute pression GOK avec SBS Caramatic ConnectDrive X.7 Shell x M20x1,5UEM x 750\"}]},{\"@type\":\"WebSite\",\"@id\":\"https:\\\/\\\/shop.bantam.ch\\\/fr\\\/#website\",\"url\":\"https:\\\/\\\/shop.bantam.ch\\\/fr\\\/\",\"name\":\"Bantam Wankm\u00fcller SA\",\"description\":\"\",\"publisher\":{\"@id\":\"https:\\\/\\\/shop.bantam.ch\\\/fr\\\/#organization\"},\"inLanguage\":\"fr-FR\"},{\"@type\":\"Organization\",\"@id\":\"https:\\\/\\\/shop.bantam.ch\\\/fr\\\/#organization\",\"name\":\"Bantam Wankm\u00fcller SA\",\"url\":\"https:\\\/\\\/shop.bantam.ch\\\/fr\\\/\",\"logo\":{\"@type\":\"ImageObject\",\"inLanguage\":\"fr-FR\",\"@id\":\"https:\\\/\\\/shop.bantam.ch\\\/fr\\\/#\\\/schema\\\/logo\\\/image\\\/\",\"url\":\"https:\\\/\\\/shop.bantam.ch\\\/wp-content\\\/uploads\\\/2022\\\/12\\\/bantam-logo.png\",\"contentUrl\":\"https:\\\/\\\/shop.bantam.ch\\\/wp-content\\\/uploads\\\/2022\\\/12\\\/bantam-logo.png\",\"width\":320,\"height\":71,\"caption\":\"Bantam Wankm\u00fcller SA\"},\"image\":{\"@id\":\"https:\\\/\\\/shop.bantam.ch\\\/fr\\\/#\\\/schema\\\/logo\\\/image\\\/\"}}]}<\/script>\n<!-- \/ Yoast SEO plugin. -->","yoast_head_json":{"title":"Lyre haute pression GOK avec SBS Caramatic ConnectDrive X.7 Shell x M20x1,5UEM x 750 - Bantam Wankm\u00fcller SA","robots":{"index":"index","follow":"follow","max-snippet":"max-snippet:-1","max-image-preview":"max-image-preview:large","max-video-preview":"max-video-preview:-1"},"canonical":"https:\/\/shop.bantam.ch\/fr\/produit\/lyre-haute-pression-avec-sbs-caramatic-donnectdrive-x-7-shell-x-m20x15uem-x-750\/","og_locale":"fr_FR","og_type":"article","og_title":"Lyre haute pression GOK avec SBS Caramatic ConnectDrive X.7 Shell x M20x1,5UEM x 750 - Bantam Wankm\u00fcller SA","og_description":"Lyre haute pression avec protection contre la rupture du flexible pour le raccordement \u00e0 tous les d\u00e9tendeurs basse pression muraux avec entr\u00e9e AG M20 x 1,5, notamment pour le chauffage pendant le trajet sur la valve de la bouteille de gaz. Chauffage pendant la conduite. Utilisation possible dans toute l&rsquo;Europe gr\u00e2ce \u00e0 l&rsquo;utilisation de lyres [&hellip;]","og_url":"https:\/\/shop.bantam.ch\/fr\/produit\/lyre-haute-pression-avec-sbs-caramatic-donnectdrive-x-7-shell-x-m20x15uem-x-750\/","og_site_name":"Bantam Wankm\u00fcller SA","article_modified_time":"2026-04-17T19:29:27+00:00","og_image":[{"width":1000,"height":939,"url":"https:\/\/shop.bantam.ch\/wp-content\/uploads\/2023\/02\/995597411.png","type":"image\/png"}],"twitter_card":"summary_large_image","twitter_misc":{"Dur\u00e9e de lecture estim\u00e9e":"1 minute"},"schema":{"@context":"https:\/\/schema.org","@graph":[{"@type":"WebPage","@id":"https:\/\/shop.bantam.ch\/fr\/produit\/lyre-haute-pression-avec-sbs-caramatic-donnectdrive-x-7-shell-x-m20x15uem-x-750\/","url":"https:\/\/shop.bantam.ch\/fr\/produit\/lyre-haute-pression-avec-sbs-caramatic-donnectdrive-x-7-shell-x-m20x15uem-x-750\/","name":"Lyre haute pression GOK avec SBS Caramatic ConnectDrive X.7 Shell x M20x1,5UEM x 750 - Bantam Wankm\u00fcller SA","isPartOf":{"@id":"https:\/\/shop.bantam.ch\/fr\/#website"},"primaryImageOfPage":{"@id":"https:\/\/shop.bantam.ch\/fr\/produit\/lyre-haute-pression-avec-sbs-caramatic-donnectdrive-x-7-shell-x-m20x15uem-x-750\/#primaryimage"},"image":{"@id":"https:\/\/shop.bantam.ch\/fr\/produit\/lyre-haute-pression-avec-sbs-caramatic-donnectdrive-x-7-shell-x-m20x15uem-x-750\/#primaryimage"},"thumbnailUrl":"https:\/\/shop.bantam.ch\/wp-content\/uploads\/2023\/02\/995597411.png","datePublished":"2023-02-28T04:12:21+00:00","dateModified":"2026-04-17T19:29:27+00:00","breadcrumb":{"@id":"https:\/\/shop.bantam.ch\/fr\/produit\/lyre-haute-pression-avec-sbs-caramatic-donnectdrive-x-7-shell-x-m20x15uem-x-750\/#breadcrumb"},"inLanguage":"fr-FR","potentialAction":[{"@type":"ReadAction","target":["https:\/\/shop.bantam.ch\/fr\/produit\/lyre-haute-pression-avec-sbs-caramatic-donnectdrive-x-7-shell-x-m20x15uem-x-750\/"]}]},{"@type":"ImageObject","inLanguage":"fr-FR","@id":"https:\/\/shop.bantam.ch\/fr\/produit\/lyre-haute-pression-avec-sbs-caramatic-donnectdrive-x-7-shell-x-m20x15uem-x-750\/#primaryimage","url":"https:\/\/shop.bantam.ch\/wp-content\/uploads\/2023\/02\/995597411.png","contentUrl":"https:\/\/shop.bantam.ch\/wp-content\/uploads\/2023\/02\/995597411.png","width":1000,"height":939},{"@type":"BreadcrumbList","@id":"https:\/\/shop.bantam.ch\/fr\/produit\/lyre-haute-pression-avec-sbs-caramatic-donnectdrive-x-7-shell-x-m20x15uem-x-750\/#breadcrumb","itemListElement":[{"@type":"ListItem","position":1,"name":"Accueil","item":"https:\/\/shop.bantam.ch\/fr\/"},{"@type":"ListItem","position":2,"name":"Boutique","item":"https:\/\/shop.bantam.ch\/fr\/boutique\/"},{"@type":"ListItem","position":3,"name":"Lyre haute pression GOK avec SBS Caramatic ConnectDrive X.7 Shell x M20x1,5UEM x 750"}]},{"@type":"WebSite","@id":"https:\/\/shop.bantam.ch\/fr\/#website","url":"https:\/\/shop.bantam.ch\/fr\/","name":"Bantam Wankm\u00fcller SA","description":"","publisher":{"@id":"https:\/\/shop.bantam.ch\/fr\/#organization"},"inLanguage":"fr-FR"},{"@type":"Organization","@id":"https:\/\/shop.bantam.ch\/fr\/#organization","name":"Bantam Wankm\u00fcller SA","url":"https:\/\/shop.bantam.ch\/fr\/","logo":{"@type":"ImageObject","inLanguage":"fr-FR","@id":"https:\/\/shop.bantam.ch\/fr\/#\/schema\/logo\/image\/","url":"https:\/\/shop.bantam.ch\/wp-content\/uploads\/2022\/12\/bantam-logo.png","contentUrl":"https:\/\/shop.bantam.ch\/wp-content\/uploads\/2022\/12\/bantam-logo.png","width":320,"height":71,"caption":"Bantam Wankm\u00fcller SA"},"image":{"@id":"https:\/\/shop.bantam.ch\/fr\/#\/schema\/logo\/image\/"}}]}},"_links":{"self":[{"href":"https:\/\/shop.bantam.ch\/fr\/wp-json\/wp\/v2\/product\/96041","targetHints":{"allow":["GET"]}}],"collection":[{"href":"https:\/\/shop.bantam.ch\/fr\/wp-json\/wp\/v2\/product"}],"about":[{"href":"https:\/\/shop.bantam.ch\/fr\/wp-json\/wp\/v2\/types\/product"}],"wp:featuredmedia":[{"embeddable":true,"href":"https:\/\/shop.bantam.ch\/fr\/wp-json\/wp\/v2\/media\/96039"}],"wp:attachment":[{"href":"https:\/\/shop.bantam.ch\/fr\/wp-json\/wp\/v2\/media?parent=96041"}],"wp:term":[{"taxonomy":"product_featured_cat","embeddable":true,"href":"https:\/\/shop.bantam.ch\/fr\/wp-json\/wp\/v2\/product_featured_cat?post=96041"},{"taxonomy":"product_brand","embeddable":true,"href":"https:\/\/shop.bantam.ch\/fr\/wp-json\/wp\/v2\/product_brand?post=96041"},{"taxonomy":"product_cat","embeddable":true,"href":"https:\/\/shop.bantam.ch\/fr\/wp-json\/wp\/v2\/product_cat?post=96041"},{"taxonomy":"product_tag","embeddable":true,"href":"https:\/\/shop.bantam.ch\/fr\/wp-json\/wp\/v2\/product_tag?post=96041"}],"curies":[{"name":"wp","href":"https:\/\/api.w.org\/{rel}","templated":true}]}}