{"id":95993,"date":"2023-02-28T05:11:14","date_gmt":"2023-02-28T04:11:14","guid":{"rendered":"http:\/\/shop.bantam.ch\/produit\/detendeur-gaz-caramatic-drivetwo-vertical-15-kg-h\/"},"modified":"2026-04-17T22:52:44","modified_gmt":"2026-04-17T20:52:44","slug":"detendeur-gaz-caramatic-drivetwo-vertical-15-kg-h","status":"publish","type":"product","link":"https:\/\/shop.bantam.ch\/fr\/produit\/detendeur-gaz-caramatic-drivetwo-vertical-15-kg-h\/","title":{"rendered":"D\u00e9tendeur gaz Caramatic DriveTwo vertical 1,5 kg\/h"},"content":{"rendered":"<p>D\u00e9tendeur de s\u00e9curit\u00e9 avec soupape de commutation automatique pour le fonctionnement des syst\u00e8mes \u00e0 deux cylindres dans les caravanes et les camping-cars pendant la conduite, pour le raccordement aux bouteilles de gaz au moyen d&rsquo;un flexible haute pression, pour le contr\u00f4le de la pression nominale de l&rsquo;appareil fonctionnant au gaz.<\/p>\n<ul>\n<li>Chauffage pendant la conduite au moyen d&rsquo;un capteur de choc m\u00e9canique int\u00e9gr\u00e9 qui, en cas d&rsquo;accident, bloque le passage du gaz avec une d\u00e9c\u00e9l\u00e9ration de 3,5 g \u00b1 0,5 g agissant directement sur le dispositif de d\u00e9clenchement, ce qui correspond \u00e0 une vitesse d&rsquo;impact d&rsquo;environ 15 \u00e0 20 km\/h contre un obstacle fixe avec un poids moyen du v\u00e9hicule.<\/li>\n<li>Passage automatique \u00e0 la bouteille de gaz c\u00f4t\u00e9 r\u00e9serve d\u00e8s que la bouteille de gaz c\u00f4t\u00e9 exploitation est vide.<\/li>\n<li>Un changement de bouteille est possible sans interrompre le fonctionnement.<\/li>\n<li>Dispositif anti-retour : emp\u00eache le flux de gaz de p\u00e9n\u00e9trer lors du changement de bouteille.<\/li>\n<li>Alimentation en gaz uniforme gr\u00e2ce \u00e0 une utilisation optimale du contenu des bouteilles de gaz.<\/li>\n<li>Affichage de la provenance de la bouteille de gaz.<\/li>\n<li>Utilisation \u00e0 l&rsquo;\u00e9chelle europ\u00e9enne gr\u00e2ce \u00e0 l&rsquo;utilisation de flexibles haute pression sp\u00e9cifiques \u00e0 chaque pays &#8211; Caramatic ConnectDrive (non inclus).<\/li>\n<li>Dispositif de contr\u00f4le de l&rsquo;\u00e9tanch\u00e9it\u00e9 du syst\u00e8me de gaz liquide sans d\u00e9montage du d\u00e9tendeur.<\/li>\n<li>La version avec raccord de sortie RVS 10 \/ 8 est \u00e9quip\u00e9e en standard d&rsquo;une pi\u00e8ce de transition pour le raccordement \u00e0 des tuyaux de 8 mm.<\/li>\n<\/ul>\n<p>Contenu de la livraison :<br \/>Soupape de commutation automatique<br \/>D\u00e9tendeur basse pression avec soupape de s\u00e9curit\u00e9 PRV<br \/>Capteur de choc m\u00e9canique<br \/>Bouton de commande<br \/>Affichage de service et de r\u00e9serve <br \/>Dispositif anti-retour<br \/>Dispositif de contr\u00f4le<br \/>Support mural <\/p>\n","protected":false},"excerpt":{"rendered":"<p>D\u00e9tendeur de s\u00e9curit\u00e9 avec soupape de commutation automatique pour le fonctionnement des syst\u00e8mes \u00e0 deux cylindres dans les caravanes et les camping-cars pendant la conduite, pour le raccordement aux bouteilles de gaz au moyen d&rsquo;un flexible haute pression, pour le contr\u00f4le de la pression nominale de l&rsquo;appareil fonctionnant au gaz. Chauffage pendant la conduite au [&hellip;]<\/p>\n","protected":false},"featured_media":95989,"template":"","meta":{"_acf_changed":false},"product_featured_cat":[],"product_brand":[3254],"product_cat":[4491],"product_tag":[],"class_list":{"0":"post-95993","1":"product","2":"type-product","3":"status-publish","4":"has-post-thumbnail","6":"product_brand-gok","7":"product_cat-detendeurs-gaz","9":"first","10":"instock","11":"taxable","12":"shipping-taxable","13":"purchasable","14":"product-type-variable"},"acf":[],"yoast_head":"<!-- This site is optimized with the Yoast SEO plugin v27.4 - https:\/\/yoast.com\/product\/yoast-seo-wordpress\/ -->\n<title>D\u00e9tendeur gaz Caramatic DriveTwo vertical 1,5 kg\/h - Bantam Wankm\u00fcller SA<\/title>\n<meta name=\"robots\" content=\"index, follow, max-snippet:-1, max-image-preview:large, max-video-preview:-1\" \/>\n<link rel=\"canonical\" href=\"https:\/\/shop.bantam.ch\/fr\/produit\/detendeur-gaz-caramatic-drivetwo-vertical-15-kg-h\/\" \/>\n<meta property=\"og:locale\" content=\"fr_FR\" \/>\n<meta property=\"og:type\" content=\"article\" \/>\n<meta property=\"og:title\" content=\"D\u00e9tendeur gaz Caramatic DriveTwo vertical 1,5 kg\/h - Bantam Wankm\u00fcller SA\" \/>\n<meta property=\"og:description\" content=\"D\u00e9tendeur de s\u00e9curit\u00e9 avec soupape de commutation automatique pour le fonctionnement des syst\u00e8mes \u00e0 deux cylindres dans les caravanes et les camping-cars pendant la conduite, pour le raccordement aux bouteilles de gaz au moyen d&rsquo;un flexible haute pression, pour le contr\u00f4le de la pression nominale de l&rsquo;appareil fonctionnant au gaz. Chauffage pendant la conduite au [&hellip;]\" \/>\n<meta property=\"og:url\" content=\"https:\/\/shop.bantam.ch\/fr\/produit\/detendeur-gaz-caramatic-drivetwo-vertical-15-kg-h\/\" \/>\n<meta property=\"og:site_name\" content=\"Bantam Wankm\u00fcller SA\" \/>\n<meta property=\"article:modified_time\" content=\"2026-04-17T20:52:44+00:00\" \/>\n<meta property=\"og:image\" content=\"https:\/\/shop.bantam.ch\/wp-content\/uploads\/2023\/02\/995595911.png\" \/>\n\t<meta property=\"og:image:width\" content=\"497\" \/>\n\t<meta property=\"og:image:height\" content=\"1000\" \/>\n\t<meta property=\"og:image:type\" content=\"image\/png\" \/>\n<meta name=\"twitter:card\" content=\"summary_large_image\" \/>\n<meta name=\"twitter:label1\" content=\"Dur\u00e9e de lecture estim\u00e9e\" \/>\n\t<meta name=\"twitter:data1\" content=\"1 minute\" \/>\n<script type=\"application\/ld+json\" class=\"yoast-schema-graph\">{\"@context\":\"https:\\\/\\\/schema.org\",\"@graph\":[{\"@type\":\"WebPage\",\"@id\":\"https:\\\/\\\/shop.bantam.ch\\\/fr\\\/produit\\\/detendeur-gaz-caramatic-drivetwo-vertical-15-kg-h\\\/\",\"url\":\"https:\\\/\\\/shop.bantam.ch\\\/fr\\\/produit\\\/detendeur-gaz-caramatic-drivetwo-vertical-15-kg-h\\\/\",\"name\":\"D\u00e9tendeur gaz Caramatic DriveTwo vertical 1,5 kg\\\/h - Bantam Wankm\u00fcller SA\",\"isPartOf\":{\"@id\":\"https:\\\/\\\/shop.bantam.ch\\\/fr\\\/#website\"},\"primaryImageOfPage\":{\"@id\":\"https:\\\/\\\/shop.bantam.ch\\\/fr\\\/produit\\\/detendeur-gaz-caramatic-drivetwo-vertical-15-kg-h\\\/#primaryimage\"},\"image\":{\"@id\":\"https:\\\/\\\/shop.bantam.ch\\\/fr\\\/produit\\\/detendeur-gaz-caramatic-drivetwo-vertical-15-kg-h\\\/#primaryimage\"},\"thumbnailUrl\":\"https:\\\/\\\/shop.bantam.ch\\\/wp-content\\\/uploads\\\/2023\\\/02\\\/995595911.png\",\"datePublished\":\"2023-02-28T04:11:14+00:00\",\"dateModified\":\"2026-04-17T20:52:44+00:00\",\"breadcrumb\":{\"@id\":\"https:\\\/\\\/shop.bantam.ch\\\/fr\\\/produit\\\/detendeur-gaz-caramatic-drivetwo-vertical-15-kg-h\\\/#breadcrumb\"},\"inLanguage\":\"fr-FR\",\"potentialAction\":[{\"@type\":\"ReadAction\",\"target\":[\"https:\\\/\\\/shop.bantam.ch\\\/fr\\\/produit\\\/detendeur-gaz-caramatic-drivetwo-vertical-15-kg-h\\\/\"]}]},{\"@type\":\"ImageObject\",\"inLanguage\":\"fr-FR\",\"@id\":\"https:\\\/\\\/shop.bantam.ch\\\/fr\\\/produit\\\/detendeur-gaz-caramatic-drivetwo-vertical-15-kg-h\\\/#primaryimage\",\"url\":\"https:\\\/\\\/shop.bantam.ch\\\/wp-content\\\/uploads\\\/2023\\\/02\\\/995595911.png\",\"contentUrl\":\"https:\\\/\\\/shop.bantam.ch\\\/wp-content\\\/uploads\\\/2023\\\/02\\\/995595911.png\",\"width\":497,\"height\":1000},{\"@type\":\"BreadcrumbList\",\"@id\":\"https:\\\/\\\/shop.bantam.ch\\\/fr\\\/produit\\\/detendeur-gaz-caramatic-drivetwo-vertical-15-kg-h\\\/#breadcrumb\",\"itemListElement\":[{\"@type\":\"ListItem\",\"position\":1,\"name\":\"Accueil\",\"item\":\"https:\\\/\\\/shop.bantam.ch\\\/fr\\\/\"},{\"@type\":\"ListItem\",\"position\":2,\"name\":\"Boutique\",\"item\":\"https:\\\/\\\/shop.bantam.ch\\\/fr\\\/boutique\\\/\"},{\"@type\":\"ListItem\",\"position\":3,\"name\":\"D\u00e9tendeur gaz Caramatic DriveTwo vertical 1,5 kg\\\/h\"}]},{\"@type\":\"WebSite\",\"@id\":\"https:\\\/\\\/shop.bantam.ch\\\/fr\\\/#website\",\"url\":\"https:\\\/\\\/shop.bantam.ch\\\/fr\\\/\",\"name\":\"Bantam Wankm\u00fcller SA\",\"description\":\"\",\"publisher\":{\"@id\":\"https:\\\/\\\/shop.bantam.ch\\\/fr\\\/#organization\"},\"inLanguage\":\"fr-FR\"},{\"@type\":\"Organization\",\"@id\":\"https:\\\/\\\/shop.bantam.ch\\\/fr\\\/#organization\",\"name\":\"Bantam Wankm\u00fcller SA\",\"url\":\"https:\\\/\\\/shop.bantam.ch\\\/fr\\\/\",\"logo\":{\"@type\":\"ImageObject\",\"inLanguage\":\"fr-FR\",\"@id\":\"https:\\\/\\\/shop.bantam.ch\\\/fr\\\/#\\\/schema\\\/logo\\\/image\\\/\",\"url\":\"https:\\\/\\\/shop.bantam.ch\\\/wp-content\\\/uploads\\\/2022\\\/12\\\/bantam-logo.png\",\"contentUrl\":\"https:\\\/\\\/shop.bantam.ch\\\/wp-content\\\/uploads\\\/2022\\\/12\\\/bantam-logo.png\",\"width\":320,\"height\":71,\"caption\":\"Bantam Wankm\u00fcller SA\"},\"image\":{\"@id\":\"https:\\\/\\\/shop.bantam.ch\\\/fr\\\/#\\\/schema\\\/logo\\\/image\\\/\"}}]}<\/script>\n<!-- \/ Yoast SEO plugin. -->","yoast_head_json":{"title":"D\u00e9tendeur gaz Caramatic DriveTwo vertical 1,5 kg\/h - Bantam Wankm\u00fcller SA","robots":{"index":"index","follow":"follow","max-snippet":"max-snippet:-1","max-image-preview":"max-image-preview:large","max-video-preview":"max-video-preview:-1"},"canonical":"https:\/\/shop.bantam.ch\/fr\/produit\/detendeur-gaz-caramatic-drivetwo-vertical-15-kg-h\/","og_locale":"fr_FR","og_type":"article","og_title":"D\u00e9tendeur gaz Caramatic DriveTwo vertical 1,5 kg\/h - Bantam Wankm\u00fcller SA","og_description":"D\u00e9tendeur de s\u00e9curit\u00e9 avec soupape de commutation automatique pour le fonctionnement des syst\u00e8mes \u00e0 deux cylindres dans les caravanes et les camping-cars pendant la conduite, pour le raccordement aux bouteilles de gaz au moyen d&rsquo;un flexible haute pression, pour le contr\u00f4le de la pression nominale de l&rsquo;appareil fonctionnant au gaz. Chauffage pendant la conduite au [&hellip;]","og_url":"https:\/\/shop.bantam.ch\/fr\/produit\/detendeur-gaz-caramatic-drivetwo-vertical-15-kg-h\/","og_site_name":"Bantam Wankm\u00fcller SA","article_modified_time":"2026-04-17T20:52:44+00:00","og_image":[{"width":497,"height":1000,"url":"https:\/\/shop.bantam.ch\/wp-content\/uploads\/2023\/02\/995595911.png","type":"image\/png"}],"twitter_card":"summary_large_image","twitter_misc":{"Dur\u00e9e de lecture estim\u00e9e":"1 minute"},"schema":{"@context":"https:\/\/schema.org","@graph":[{"@type":"WebPage","@id":"https:\/\/shop.bantam.ch\/fr\/produit\/detendeur-gaz-caramatic-drivetwo-vertical-15-kg-h\/","url":"https:\/\/shop.bantam.ch\/fr\/produit\/detendeur-gaz-caramatic-drivetwo-vertical-15-kg-h\/","name":"D\u00e9tendeur gaz Caramatic DriveTwo vertical 1,5 kg\/h - Bantam Wankm\u00fcller SA","isPartOf":{"@id":"https:\/\/shop.bantam.ch\/fr\/#website"},"primaryImageOfPage":{"@id":"https:\/\/shop.bantam.ch\/fr\/produit\/detendeur-gaz-caramatic-drivetwo-vertical-15-kg-h\/#primaryimage"},"image":{"@id":"https:\/\/shop.bantam.ch\/fr\/produit\/detendeur-gaz-caramatic-drivetwo-vertical-15-kg-h\/#primaryimage"},"thumbnailUrl":"https:\/\/shop.bantam.ch\/wp-content\/uploads\/2023\/02\/995595911.png","datePublished":"2023-02-28T04:11:14+00:00","dateModified":"2026-04-17T20:52:44+00:00","breadcrumb":{"@id":"https:\/\/shop.bantam.ch\/fr\/produit\/detendeur-gaz-caramatic-drivetwo-vertical-15-kg-h\/#breadcrumb"},"inLanguage":"fr-FR","potentialAction":[{"@type":"ReadAction","target":["https:\/\/shop.bantam.ch\/fr\/produit\/detendeur-gaz-caramatic-drivetwo-vertical-15-kg-h\/"]}]},{"@type":"ImageObject","inLanguage":"fr-FR","@id":"https:\/\/shop.bantam.ch\/fr\/produit\/detendeur-gaz-caramatic-drivetwo-vertical-15-kg-h\/#primaryimage","url":"https:\/\/shop.bantam.ch\/wp-content\/uploads\/2023\/02\/995595911.png","contentUrl":"https:\/\/shop.bantam.ch\/wp-content\/uploads\/2023\/02\/995595911.png","width":497,"height":1000},{"@type":"BreadcrumbList","@id":"https:\/\/shop.bantam.ch\/fr\/produit\/detendeur-gaz-caramatic-drivetwo-vertical-15-kg-h\/#breadcrumb","itemListElement":[{"@type":"ListItem","position":1,"name":"Accueil","item":"https:\/\/shop.bantam.ch\/fr\/"},{"@type":"ListItem","position":2,"name":"Boutique","item":"https:\/\/shop.bantam.ch\/fr\/boutique\/"},{"@type":"ListItem","position":3,"name":"D\u00e9tendeur gaz Caramatic DriveTwo vertical 1,5 kg\/h"}]},{"@type":"WebSite","@id":"https:\/\/shop.bantam.ch\/fr\/#website","url":"https:\/\/shop.bantam.ch\/fr\/","name":"Bantam Wankm\u00fcller SA","description":"","publisher":{"@id":"https:\/\/shop.bantam.ch\/fr\/#organization"},"inLanguage":"fr-FR"},{"@type":"Organization","@id":"https:\/\/shop.bantam.ch\/fr\/#organization","name":"Bantam Wankm\u00fcller SA","url":"https:\/\/shop.bantam.ch\/fr\/","logo":{"@type":"ImageObject","inLanguage":"fr-FR","@id":"https:\/\/shop.bantam.ch\/fr\/#\/schema\/logo\/image\/","url":"https:\/\/shop.bantam.ch\/wp-content\/uploads\/2022\/12\/bantam-logo.png","contentUrl":"https:\/\/shop.bantam.ch\/wp-content\/uploads\/2022\/12\/bantam-logo.png","width":320,"height":71,"caption":"Bantam Wankm\u00fcller SA"},"image":{"@id":"https:\/\/shop.bantam.ch\/fr\/#\/schema\/logo\/image\/"}}]}},"_links":{"self":[{"href":"https:\/\/shop.bantam.ch\/fr\/wp-json\/wp\/v2\/product\/95993","targetHints":{"allow":["GET"]}}],"collection":[{"href":"https:\/\/shop.bantam.ch\/fr\/wp-json\/wp\/v2\/product"}],"about":[{"href":"https:\/\/shop.bantam.ch\/fr\/wp-json\/wp\/v2\/types\/product"}],"wp:featuredmedia":[{"embeddable":true,"href":"https:\/\/shop.bantam.ch\/fr\/wp-json\/wp\/v2\/media\/95989"}],"wp:attachment":[{"href":"https:\/\/shop.bantam.ch\/fr\/wp-json\/wp\/v2\/media?parent=95993"}],"wp:term":[{"taxonomy":"product_featured_cat","embeddable":true,"href":"https:\/\/shop.bantam.ch\/fr\/wp-json\/wp\/v2\/product_featured_cat?post=95993"},{"taxonomy":"product_brand","embeddable":true,"href":"https:\/\/shop.bantam.ch\/fr\/wp-json\/wp\/v2\/product_brand?post=95993"},{"taxonomy":"product_cat","embeddable":true,"href":"https:\/\/shop.bantam.ch\/fr\/wp-json\/wp\/v2\/product_cat?post=95993"},{"taxonomy":"product_tag","embeddable":true,"href":"https:\/\/shop.bantam.ch\/fr\/wp-json\/wp\/v2\/product_tag?post=95993"}],"curies":[{"name":"wp","href":"https:\/\/api.w.org\/{rel}","templated":true}]}}