{"id":95893,"date":"2023-02-28T05:09:12","date_gmt":"2023-02-28T04:09:12","guid":{"rendered":"http:\/\/shop.bantam.ch\/produit\/module-reseau-bluetooth\/"},"modified":"2026-04-18T21:29:59","modified_gmt":"2026-04-18T19:29:59","slug":"module-reseau-bluetooth","status":"publish","type":"product","link":"https:\/\/shop.bantam.ch\/fr\/produit\/module-reseau-bluetooth\/","title":{"rendered":"Module r\u00e9seau Bluetooth Thitronik"},"content":{"rendered":"<p>Rassembler ce qui doit s\u2019assembler<br \/>\u00c0 temps pour la saison 2020, THITRONIK vous propose un module raffin\u00e9 pour optimiser le syst\u00e8me de s\u00e9curit\u00e9 THITRONIK\u00a0: le module r\u00e9seau. Ce module permet de coupler dans les alentours proches du camping-car un smartphone avec le syst\u00e8me d\u2019alarme WiPro III \u00e0 l\u2019aide d\u2019une application et de Bluetooth. \u00c0 partir de maintenant, les utilisateurs autoris\u00e9s peuvent \u00e0 tout moment enclencher ou d\u00e9clencher confortablement le syst\u00e8me d\u2019alarme. Les propri\u00e9taires d\u2019une WiPro III safe.lock, qui acc\u00e8de au verrouillage centralis\u00e9, peuvent ouvrir ou fermer le v\u00e9hicule sans utiliser sa cl\u00e9 ou sa t\u00e9l\u00e9commande. Le module de connexion peut \u00e9galement \u00eatre int\u00e9gr\u00e9 au syst\u00e8me de localisation Pro-Finder pr\u00e9install\u00e9. THITRONIK offre une fonction actuellement unique, gr\u00e2ce \u00e0 une coop\u00e9ration avec les experts de la navigation et des montres connect\u00e9es de Garmin. \u00c0 l\u2019avenir, le syst\u00e8me de s\u00e9curit\u00e9 de THITRONIK pourra communiquer avec la montre connect\u00e9e de Garmin via le module de connexion, sur une fr\u00e9quence enti\u00e8rement s\u00e9curis\u00e9e et chiffr\u00e9e. Une application THITRONIK sera \u00e9galement install\u00e9e sur la montre (Garmin appelle ces applis des widgets).<br \/>Gr\u00e2ce \u00e0 ce widget, il est d\u00e9sormais possible de verrouiller ou de d\u00e9verrouiller le v\u00e9hicule d\u2019une simple pression sur un bouton de la montre. Les personnes qui se mettent en route pour aller nager, faire du VTT, de la randonn\u00e9e ou toute autre activit\u00e9 de loisirs n\u2019ont donc pas besoin d\u2019emporter de cl\u00e9 \u00e0 t\u00e9l\u00e9commande ni de la cacher sur la plage lorsqu\u2019elles partent faire de la planche ou lorsqu\u2019elles entrent dans l\u2019eau. La montre connect\u00e9e fait \u00e9galement office de cl\u00e9 \u00e0 t\u00e9l\u00e9commande \u00e0 l\u2019int\u00e9rieur du v\u00e9hicule, comme le soir, lorsque vous voulez verrouiller le v\u00e9hicule alors que vous \u00eates d\u00e9j\u00e0 couch\u00e9(e). En cas de crise, il est \u00e9galement possible de d\u00e9clencher rapidement et simplement une alarme panique. Une combinaison de touches rapide suffit. Le module de connexion est bien s\u00fbr compatible CI-BUS, ce qui permet de connecter d\u2019autres applications et une mise en r\u00e9seau avec d\u2019autres fonctions du v\u00e9hicule.<\/p>\n<p>Caract\u00e9ristiques :<\/p>\n<ul>\n<li>Commande du WiPro III via Bluetooth<\/li>\n<li>Commander le verrouillage centralis\u00e9 via la montre connect\u00e9e et le smartphone (seulement avec WiPro III safe.lock)<\/li>\n<\/ul>\n","protected":false},"excerpt":{"rendered":"<p>Rassembler ce qui doit s\u2019assembler\u00c0 temps pour la saison 2020, THITRONIK vous propose un module raffin\u00e9 pour optimiser le syst\u00e8me de s\u00e9curit\u00e9 THITRONIK\u00a0: le module r\u00e9seau. Ce module permet de coupler dans les alentours proches du camping-car un smartphone avec le syst\u00e8me d\u2019alarme WiPro III \u00e0 l\u2019aide d\u2019une application et de Bluetooth. \u00c0 partir de [&hellip;]<\/p>\n","protected":false},"featured_media":95891,"template":"","meta":{"_acf_changed":false},"product_featured_cat":[],"product_brand":[3216],"product_cat":[5051],"product_tag":[],"class_list":{"0":"post-95893","1":"product","2":"type-product","3":"status-publish","4":"has-post-thumbnail","6":"product_brand-thitronik","7":"product_cat-systemes-dalarmes","9":"first","10":"instock","11":"taxable","12":"shipping-taxable","13":"purchasable","14":"product-type-simple"},"acf":[],"yoast_head":"<!-- This site is optimized with the Yoast SEO plugin v27.4 - https:\/\/yoast.com\/product\/yoast-seo-wordpress\/ -->\n<title>Module r\u00e9seau Bluetooth Thitronik - Bantam Wankm\u00fcller SA<\/title>\n<meta name=\"robots\" content=\"index, follow, max-snippet:-1, max-image-preview:large, max-video-preview:-1\" \/>\n<link rel=\"canonical\" href=\"https:\/\/shop.bantam.ch\/fr\/produit\/module-reseau-bluetooth\/\" \/>\n<meta property=\"og:locale\" content=\"fr_FR\" \/>\n<meta property=\"og:type\" content=\"article\" \/>\n<meta property=\"og:title\" content=\"Module r\u00e9seau Bluetooth Thitronik - Bantam Wankm\u00fcller SA\" \/>\n<meta property=\"og:description\" content=\"Rassembler ce qui doit s\u2019assembler\u00c0 temps pour la saison 2020, THITRONIK vous propose un module raffin\u00e9 pour optimiser le syst\u00e8me de s\u00e9curit\u00e9 THITRONIK\u00a0: le module r\u00e9seau. Ce module permet de coupler dans les alentours proches du camping-car un smartphone avec le syst\u00e8me d\u2019alarme WiPro III \u00e0 l\u2019aide d\u2019une application et de Bluetooth. \u00c0 partir de [&hellip;]\" \/>\n<meta property=\"og:url\" content=\"https:\/\/shop.bantam.ch\/fr\/produit\/module-reseau-bluetooth\/\" \/>\n<meta property=\"og:site_name\" content=\"Bantam Wankm\u00fcller SA\" \/>\n<meta property=\"article:modified_time\" content=\"2026-04-18T19:29:59+00:00\" \/>\n<meta property=\"og:image\" content=\"https:\/\/shop.bantam.ch\/wp-content\/uploads\/2023\/02\/994335311.jpg\" \/>\n\t<meta property=\"og:image:width\" content=\"1000\" \/>\n\t<meta property=\"og:image:height\" content=\"616\" \/>\n\t<meta property=\"og:image:type\" content=\"image\/jpeg\" \/>\n<meta name=\"twitter:card\" content=\"summary_large_image\" \/>\n<meta name=\"twitter:label1\" content=\"Dur\u00e9e de lecture estim\u00e9e\" \/>\n\t<meta name=\"twitter:data1\" content=\"2 minutes\" \/>\n<script type=\"application\/ld+json\" class=\"yoast-schema-graph\">{\"@context\":\"https:\\\/\\\/schema.org\",\"@graph\":[{\"@type\":\"WebPage\",\"@id\":\"https:\\\/\\\/shop.bantam.ch\\\/fr\\\/produit\\\/module-reseau-bluetooth\\\/\",\"url\":\"https:\\\/\\\/shop.bantam.ch\\\/fr\\\/produit\\\/module-reseau-bluetooth\\\/\",\"name\":\"Module r\u00e9seau Bluetooth Thitronik - Bantam Wankm\u00fcller SA\",\"isPartOf\":{\"@id\":\"https:\\\/\\\/shop.bantam.ch\\\/fr\\\/#website\"},\"primaryImageOfPage\":{\"@id\":\"https:\\\/\\\/shop.bantam.ch\\\/fr\\\/produit\\\/module-reseau-bluetooth\\\/#primaryimage\"},\"image\":{\"@id\":\"https:\\\/\\\/shop.bantam.ch\\\/fr\\\/produit\\\/module-reseau-bluetooth\\\/#primaryimage\"},\"thumbnailUrl\":\"https:\\\/\\\/shop.bantam.ch\\\/wp-content\\\/uploads\\\/2023\\\/02\\\/994335311.jpg\",\"datePublished\":\"2023-02-28T04:09:12+00:00\",\"dateModified\":\"2026-04-18T19:29:59+00:00\",\"breadcrumb\":{\"@id\":\"https:\\\/\\\/shop.bantam.ch\\\/fr\\\/produit\\\/module-reseau-bluetooth\\\/#breadcrumb\"},\"inLanguage\":\"fr-FR\",\"potentialAction\":[{\"@type\":\"ReadAction\",\"target\":[\"https:\\\/\\\/shop.bantam.ch\\\/fr\\\/produit\\\/module-reseau-bluetooth\\\/\"]}]},{\"@type\":\"ImageObject\",\"inLanguage\":\"fr-FR\",\"@id\":\"https:\\\/\\\/shop.bantam.ch\\\/fr\\\/produit\\\/module-reseau-bluetooth\\\/#primaryimage\",\"url\":\"https:\\\/\\\/shop.bantam.ch\\\/wp-content\\\/uploads\\\/2023\\\/02\\\/994335311.jpg\",\"contentUrl\":\"https:\\\/\\\/shop.bantam.ch\\\/wp-content\\\/uploads\\\/2023\\\/02\\\/994335311.jpg\",\"width\":1000,\"height\":616},{\"@type\":\"BreadcrumbList\",\"@id\":\"https:\\\/\\\/shop.bantam.ch\\\/fr\\\/produit\\\/module-reseau-bluetooth\\\/#breadcrumb\",\"itemListElement\":[{\"@type\":\"ListItem\",\"position\":1,\"name\":\"Accueil\",\"item\":\"https:\\\/\\\/shop.bantam.ch\\\/fr\\\/\"},{\"@type\":\"ListItem\",\"position\":2,\"name\":\"Boutique\",\"item\":\"https:\\\/\\\/shop.bantam.ch\\\/fr\\\/boutique\\\/\"},{\"@type\":\"ListItem\",\"position\":3,\"name\":\"Module r\u00e9seau Bluetooth Thitronik\"}]},{\"@type\":\"WebSite\",\"@id\":\"https:\\\/\\\/shop.bantam.ch\\\/fr\\\/#website\",\"url\":\"https:\\\/\\\/shop.bantam.ch\\\/fr\\\/\",\"name\":\"Bantam Wankm\u00fcller SA\",\"description\":\"\",\"publisher\":{\"@id\":\"https:\\\/\\\/shop.bantam.ch\\\/fr\\\/#organization\"},\"inLanguage\":\"fr-FR\"},{\"@type\":\"Organization\",\"@id\":\"https:\\\/\\\/shop.bantam.ch\\\/fr\\\/#organization\",\"name\":\"Bantam Wankm\u00fcller SA\",\"url\":\"https:\\\/\\\/shop.bantam.ch\\\/fr\\\/\",\"logo\":{\"@type\":\"ImageObject\",\"inLanguage\":\"fr-FR\",\"@id\":\"https:\\\/\\\/shop.bantam.ch\\\/fr\\\/#\\\/schema\\\/logo\\\/image\\\/\",\"url\":\"https:\\\/\\\/shop.bantam.ch\\\/wp-content\\\/uploads\\\/2022\\\/12\\\/bantam-logo.png\",\"contentUrl\":\"https:\\\/\\\/shop.bantam.ch\\\/wp-content\\\/uploads\\\/2022\\\/12\\\/bantam-logo.png\",\"width\":320,\"height\":71,\"caption\":\"Bantam Wankm\u00fcller SA\"},\"image\":{\"@id\":\"https:\\\/\\\/shop.bantam.ch\\\/fr\\\/#\\\/schema\\\/logo\\\/image\\\/\"}}]}<\/script>\n<!-- \/ Yoast SEO plugin. -->","yoast_head_json":{"title":"Module r\u00e9seau Bluetooth Thitronik - Bantam Wankm\u00fcller SA","robots":{"index":"index","follow":"follow","max-snippet":"max-snippet:-1","max-image-preview":"max-image-preview:large","max-video-preview":"max-video-preview:-1"},"canonical":"https:\/\/shop.bantam.ch\/fr\/produit\/module-reseau-bluetooth\/","og_locale":"fr_FR","og_type":"article","og_title":"Module r\u00e9seau Bluetooth Thitronik - Bantam Wankm\u00fcller SA","og_description":"Rassembler ce qui doit s\u2019assembler\u00c0 temps pour la saison 2020, THITRONIK vous propose un module raffin\u00e9 pour optimiser le syst\u00e8me de s\u00e9curit\u00e9 THITRONIK\u00a0: le module r\u00e9seau. Ce module permet de coupler dans les alentours proches du camping-car un smartphone avec le syst\u00e8me d\u2019alarme WiPro III \u00e0 l\u2019aide d\u2019une application et de Bluetooth. \u00c0 partir de [&hellip;]","og_url":"https:\/\/shop.bantam.ch\/fr\/produit\/module-reseau-bluetooth\/","og_site_name":"Bantam Wankm\u00fcller SA","article_modified_time":"2026-04-18T19:29:59+00:00","og_image":[{"width":1000,"height":616,"url":"https:\/\/shop.bantam.ch\/wp-content\/uploads\/2023\/02\/994335311.jpg","type":"image\/jpeg"}],"twitter_card":"summary_large_image","twitter_misc":{"Dur\u00e9e de lecture estim\u00e9e":"2 minutes"},"schema":{"@context":"https:\/\/schema.org","@graph":[{"@type":"WebPage","@id":"https:\/\/shop.bantam.ch\/fr\/produit\/module-reseau-bluetooth\/","url":"https:\/\/shop.bantam.ch\/fr\/produit\/module-reseau-bluetooth\/","name":"Module r\u00e9seau Bluetooth Thitronik - Bantam Wankm\u00fcller SA","isPartOf":{"@id":"https:\/\/shop.bantam.ch\/fr\/#website"},"primaryImageOfPage":{"@id":"https:\/\/shop.bantam.ch\/fr\/produit\/module-reseau-bluetooth\/#primaryimage"},"image":{"@id":"https:\/\/shop.bantam.ch\/fr\/produit\/module-reseau-bluetooth\/#primaryimage"},"thumbnailUrl":"https:\/\/shop.bantam.ch\/wp-content\/uploads\/2023\/02\/994335311.jpg","datePublished":"2023-02-28T04:09:12+00:00","dateModified":"2026-04-18T19:29:59+00:00","breadcrumb":{"@id":"https:\/\/shop.bantam.ch\/fr\/produit\/module-reseau-bluetooth\/#breadcrumb"},"inLanguage":"fr-FR","potentialAction":[{"@type":"ReadAction","target":["https:\/\/shop.bantam.ch\/fr\/produit\/module-reseau-bluetooth\/"]}]},{"@type":"ImageObject","inLanguage":"fr-FR","@id":"https:\/\/shop.bantam.ch\/fr\/produit\/module-reseau-bluetooth\/#primaryimage","url":"https:\/\/shop.bantam.ch\/wp-content\/uploads\/2023\/02\/994335311.jpg","contentUrl":"https:\/\/shop.bantam.ch\/wp-content\/uploads\/2023\/02\/994335311.jpg","width":1000,"height":616},{"@type":"BreadcrumbList","@id":"https:\/\/shop.bantam.ch\/fr\/produit\/module-reseau-bluetooth\/#breadcrumb","itemListElement":[{"@type":"ListItem","position":1,"name":"Accueil","item":"https:\/\/shop.bantam.ch\/fr\/"},{"@type":"ListItem","position":2,"name":"Boutique","item":"https:\/\/shop.bantam.ch\/fr\/boutique\/"},{"@type":"ListItem","position":3,"name":"Module r\u00e9seau Bluetooth Thitronik"}]},{"@type":"WebSite","@id":"https:\/\/shop.bantam.ch\/fr\/#website","url":"https:\/\/shop.bantam.ch\/fr\/","name":"Bantam Wankm\u00fcller SA","description":"","publisher":{"@id":"https:\/\/shop.bantam.ch\/fr\/#organization"},"inLanguage":"fr-FR"},{"@type":"Organization","@id":"https:\/\/shop.bantam.ch\/fr\/#organization","name":"Bantam Wankm\u00fcller SA","url":"https:\/\/shop.bantam.ch\/fr\/","logo":{"@type":"ImageObject","inLanguage":"fr-FR","@id":"https:\/\/shop.bantam.ch\/fr\/#\/schema\/logo\/image\/","url":"https:\/\/shop.bantam.ch\/wp-content\/uploads\/2022\/12\/bantam-logo.png","contentUrl":"https:\/\/shop.bantam.ch\/wp-content\/uploads\/2022\/12\/bantam-logo.png","width":320,"height":71,"caption":"Bantam Wankm\u00fcller SA"},"image":{"@id":"https:\/\/shop.bantam.ch\/fr\/#\/schema\/logo\/image\/"}}]}},"_links":{"self":[{"href":"https:\/\/shop.bantam.ch\/fr\/wp-json\/wp\/v2\/product\/95893","targetHints":{"allow":["GET"]}}],"collection":[{"href":"https:\/\/shop.bantam.ch\/fr\/wp-json\/wp\/v2\/product"}],"about":[{"href":"https:\/\/shop.bantam.ch\/fr\/wp-json\/wp\/v2\/types\/product"}],"wp:featuredmedia":[{"embeddable":true,"href":"https:\/\/shop.bantam.ch\/fr\/wp-json\/wp\/v2\/media\/95891"}],"wp:attachment":[{"href":"https:\/\/shop.bantam.ch\/fr\/wp-json\/wp\/v2\/media?parent=95893"}],"wp:term":[{"taxonomy":"product_featured_cat","embeddable":true,"href":"https:\/\/shop.bantam.ch\/fr\/wp-json\/wp\/v2\/product_featured_cat?post=95893"},{"taxonomy":"product_brand","embeddable":true,"href":"https:\/\/shop.bantam.ch\/fr\/wp-json\/wp\/v2\/product_brand?post=95893"},{"taxonomy":"product_cat","embeddable":true,"href":"https:\/\/shop.bantam.ch\/fr\/wp-json\/wp\/v2\/product_cat?post=95893"},{"taxonomy":"product_tag","embeddable":true,"href":"https:\/\/shop.bantam.ch\/fr\/wp-json\/wp\/v2\/product_tag?post=95893"}],"curies":[{"name":"wp","href":"https:\/\/api.w.org\/{rel}","templated":true}]}}