{"id":95889,"date":"2023-02-28T05:09:07","date_gmt":"2023-02-28T04:09:07","guid":{"rendered":"http:\/\/shop.bantam.ch\/produit\/detecteur-supplementaire-pour-g-a-s-pro-iii\/"},"modified":"2026-04-18T21:29:59","modified_gmt":"2026-04-18T19:29:59","slug":"detecteur-supplementaire-pour-g-a-s-pro-iii","status":"publish","type":"product","link":"https:\/\/shop.bantam.ch\/fr\/produit\/detecteur-supplementaire-pour-g-a-s-pro-iii\/","title":{"rendered":"Capteur additionnel Thitronik pour G.A.S. pro III"},"content":{"rendered":"<p>Votre camping-car ou votre caravane sont-ils inhabituellement longs (&gt; 6,5\u00a0m de longueur int\u00e9rieure) ou des espaces sont-ils s\u00e9par\u00e9s par des portes\u00a0? Dans ce cas, nous conseillons l\u2019installation d\u2019un deuxi\u00e8me d\u00e9tecteur de gaz. Une fuite de gaz propane ou butane ou encore de gaz anesth\u00e9sique est ainsi reconnue bien plus rapidement, la centrale d\u00e9clencherait l\u2019alarme bien avant que le gaz n\u2019atteigne une concentration critique. Vous pouvez d\u2019ailleurs raccorder jusqu\u2019\u00e0 trois d\u00e9tecteurs au G.A.S.-pro.<\/p>\n","protected":false},"excerpt":{"rendered":"<p>Votre camping-car ou votre caravane sont-ils inhabituellement longs (&gt; 6,5\u00a0m de longueur int\u00e9rieure) ou des espaces sont-ils s\u00e9par\u00e9s par des portes\u00a0? Dans ce cas, nous conseillons l\u2019installation d\u2019un deuxi\u00e8me d\u00e9tecteur de gaz. Une fuite de gaz propane ou butane ou encore de gaz anesth\u00e9sique est ainsi reconnue bien plus rapidement, la centrale d\u00e9clencherait l\u2019alarme bien [&hellip;]<\/p>\n","protected":false},"featured_media":95887,"template":"","meta":{"_acf_changed":false},"product_featured_cat":[],"product_brand":[3216],"product_cat":[5053],"product_tag":[],"class_list":{"0":"post-95889","1":"product","2":"type-product","3":"status-publish","4":"has-post-thumbnail","6":"product_brand-thitronik","7":"product_cat-alarmes-a-gaz","9":"first","10":"instock","11":"taxable","12":"shipping-taxable","13":"purchasable","14":"product-type-simple"},"acf":[],"yoast_head":"<!-- This site is optimized with the Yoast SEO plugin v27.4 - https:\/\/yoast.com\/product\/yoast-seo-wordpress\/ -->\n<title>Capteur additionnel Thitronik pour G.A.S. pro III - Bantam Wankm\u00fcller SA<\/title>\n<meta name=\"robots\" content=\"index, follow, max-snippet:-1, max-image-preview:large, max-video-preview:-1\" \/>\n<link rel=\"canonical\" href=\"https:\/\/shop.bantam.ch\/fr\/produit\/detecteur-supplementaire-pour-g-a-s-pro-iii\/\" \/>\n<meta property=\"og:locale\" content=\"fr_FR\" \/>\n<meta property=\"og:type\" content=\"article\" \/>\n<meta property=\"og:title\" content=\"Capteur additionnel Thitronik pour G.A.S. pro III - Bantam Wankm\u00fcller SA\" \/>\n<meta property=\"og:description\" content=\"Votre camping-car ou votre caravane sont-ils inhabituellement longs (&gt; 6,5\u00a0m de longueur int\u00e9rieure) ou des espaces sont-ils s\u00e9par\u00e9s par des portes\u00a0? Dans ce cas, nous conseillons l\u2019installation d\u2019un deuxi\u00e8me d\u00e9tecteur de gaz. Une fuite de gaz propane ou butane ou encore de gaz anesth\u00e9sique est ainsi reconnue bien plus rapidement, la centrale d\u00e9clencherait l\u2019alarme bien [&hellip;]\" \/>\n<meta property=\"og:url\" content=\"https:\/\/shop.bantam.ch\/fr\/produit\/detecteur-supplementaire-pour-g-a-s-pro-iii\/\" \/>\n<meta property=\"og:site_name\" content=\"Bantam Wankm\u00fcller SA\" \/>\n<meta property=\"article:modified_time\" content=\"2026-04-18T19:29:59+00:00\" \/>\n<meta property=\"og:image\" content=\"https:\/\/shop.bantam.ch\/wp-content\/uploads\/2023\/02\/994335211Q17gGE3RLiuA7.jpg\" \/>\n\t<meta property=\"og:image:width\" content=\"398\" \/>\n\t<meta property=\"og:image:height\" content=\"500\" \/>\n\t<meta property=\"og:image:type\" content=\"image\/jpeg\" \/>\n<meta name=\"twitter:card\" content=\"summary_large_image\" \/>\n<script type=\"application\/ld+json\" class=\"yoast-schema-graph\">{\"@context\":\"https:\\\/\\\/schema.org\",\"@graph\":[{\"@type\":\"WebPage\",\"@id\":\"https:\\\/\\\/shop.bantam.ch\\\/fr\\\/produit\\\/detecteur-supplementaire-pour-g-a-s-pro-iii\\\/\",\"url\":\"https:\\\/\\\/shop.bantam.ch\\\/fr\\\/produit\\\/detecteur-supplementaire-pour-g-a-s-pro-iii\\\/\",\"name\":\"Capteur additionnel Thitronik pour G.A.S. pro III - Bantam Wankm\u00fcller SA\",\"isPartOf\":{\"@id\":\"https:\\\/\\\/shop.bantam.ch\\\/fr\\\/#website\"},\"primaryImageOfPage\":{\"@id\":\"https:\\\/\\\/shop.bantam.ch\\\/fr\\\/produit\\\/detecteur-supplementaire-pour-g-a-s-pro-iii\\\/#primaryimage\"},\"image\":{\"@id\":\"https:\\\/\\\/shop.bantam.ch\\\/fr\\\/produit\\\/detecteur-supplementaire-pour-g-a-s-pro-iii\\\/#primaryimage\"},\"thumbnailUrl\":\"https:\\\/\\\/shop.bantam.ch\\\/wp-content\\\/uploads\\\/2023\\\/02\\\/994335211Q17gGE3RLiuA7.jpg\",\"datePublished\":\"2023-02-28T04:09:07+00:00\",\"dateModified\":\"2026-04-18T19:29:59+00:00\",\"breadcrumb\":{\"@id\":\"https:\\\/\\\/shop.bantam.ch\\\/fr\\\/produit\\\/detecteur-supplementaire-pour-g-a-s-pro-iii\\\/#breadcrumb\"},\"inLanguage\":\"fr-FR\",\"potentialAction\":[{\"@type\":\"ReadAction\",\"target\":[\"https:\\\/\\\/shop.bantam.ch\\\/fr\\\/produit\\\/detecteur-supplementaire-pour-g-a-s-pro-iii\\\/\"]}]},{\"@type\":\"ImageObject\",\"inLanguage\":\"fr-FR\",\"@id\":\"https:\\\/\\\/shop.bantam.ch\\\/fr\\\/produit\\\/detecteur-supplementaire-pour-g-a-s-pro-iii\\\/#primaryimage\",\"url\":\"https:\\\/\\\/shop.bantam.ch\\\/wp-content\\\/uploads\\\/2023\\\/02\\\/994335211Q17gGE3RLiuA7.jpg\",\"contentUrl\":\"https:\\\/\\\/shop.bantam.ch\\\/wp-content\\\/uploads\\\/2023\\\/02\\\/994335211Q17gGE3RLiuA7.jpg\",\"width\":398,\"height\":500},{\"@type\":\"BreadcrumbList\",\"@id\":\"https:\\\/\\\/shop.bantam.ch\\\/fr\\\/produit\\\/detecteur-supplementaire-pour-g-a-s-pro-iii\\\/#breadcrumb\",\"itemListElement\":[{\"@type\":\"ListItem\",\"position\":1,\"name\":\"Accueil\",\"item\":\"https:\\\/\\\/shop.bantam.ch\\\/fr\\\/\"},{\"@type\":\"ListItem\",\"position\":2,\"name\":\"Boutique\",\"item\":\"https:\\\/\\\/shop.bantam.ch\\\/fr\\\/boutique\\\/\"},{\"@type\":\"ListItem\",\"position\":3,\"name\":\"Capteur additionnel Thitronik pour G.A.S. pro III\"}]},{\"@type\":\"WebSite\",\"@id\":\"https:\\\/\\\/shop.bantam.ch\\\/fr\\\/#website\",\"url\":\"https:\\\/\\\/shop.bantam.ch\\\/fr\\\/\",\"name\":\"Bantam Wankm\u00fcller SA\",\"description\":\"\",\"publisher\":{\"@id\":\"https:\\\/\\\/shop.bantam.ch\\\/fr\\\/#organization\"},\"inLanguage\":\"fr-FR\"},{\"@type\":\"Organization\",\"@id\":\"https:\\\/\\\/shop.bantam.ch\\\/fr\\\/#organization\",\"name\":\"Bantam Wankm\u00fcller SA\",\"url\":\"https:\\\/\\\/shop.bantam.ch\\\/fr\\\/\",\"logo\":{\"@type\":\"ImageObject\",\"inLanguage\":\"fr-FR\",\"@id\":\"https:\\\/\\\/shop.bantam.ch\\\/fr\\\/#\\\/schema\\\/logo\\\/image\\\/\",\"url\":\"https:\\\/\\\/shop.bantam.ch\\\/wp-content\\\/uploads\\\/2022\\\/12\\\/bantam-logo.png\",\"contentUrl\":\"https:\\\/\\\/shop.bantam.ch\\\/wp-content\\\/uploads\\\/2022\\\/12\\\/bantam-logo.png\",\"width\":320,\"height\":71,\"caption\":\"Bantam Wankm\u00fcller SA\"},\"image\":{\"@id\":\"https:\\\/\\\/shop.bantam.ch\\\/fr\\\/#\\\/schema\\\/logo\\\/image\\\/\"}}]}<\/script>\n<!-- \/ Yoast SEO plugin. -->","yoast_head_json":{"title":"Capteur additionnel Thitronik pour G.A.S. pro III - Bantam Wankm\u00fcller SA","robots":{"index":"index","follow":"follow","max-snippet":"max-snippet:-1","max-image-preview":"max-image-preview:large","max-video-preview":"max-video-preview:-1"},"canonical":"https:\/\/shop.bantam.ch\/fr\/produit\/detecteur-supplementaire-pour-g-a-s-pro-iii\/","og_locale":"fr_FR","og_type":"article","og_title":"Capteur additionnel Thitronik pour G.A.S. pro III - Bantam Wankm\u00fcller SA","og_description":"Votre camping-car ou votre caravane sont-ils inhabituellement longs (&gt; 6,5\u00a0m de longueur int\u00e9rieure) ou des espaces sont-ils s\u00e9par\u00e9s par des portes\u00a0? Dans ce cas, nous conseillons l\u2019installation d\u2019un deuxi\u00e8me d\u00e9tecteur de gaz. Une fuite de gaz propane ou butane ou encore de gaz anesth\u00e9sique est ainsi reconnue bien plus rapidement, la centrale d\u00e9clencherait l\u2019alarme bien [&hellip;]","og_url":"https:\/\/shop.bantam.ch\/fr\/produit\/detecteur-supplementaire-pour-g-a-s-pro-iii\/","og_site_name":"Bantam Wankm\u00fcller SA","article_modified_time":"2026-04-18T19:29:59+00:00","og_image":[{"width":398,"height":500,"url":"https:\/\/shop.bantam.ch\/wp-content\/uploads\/2023\/02\/994335211Q17gGE3RLiuA7.jpg","type":"image\/jpeg"}],"twitter_card":"summary_large_image","schema":{"@context":"https:\/\/schema.org","@graph":[{"@type":"WebPage","@id":"https:\/\/shop.bantam.ch\/fr\/produit\/detecteur-supplementaire-pour-g-a-s-pro-iii\/","url":"https:\/\/shop.bantam.ch\/fr\/produit\/detecteur-supplementaire-pour-g-a-s-pro-iii\/","name":"Capteur additionnel Thitronik pour G.A.S. pro III - Bantam Wankm\u00fcller SA","isPartOf":{"@id":"https:\/\/shop.bantam.ch\/fr\/#website"},"primaryImageOfPage":{"@id":"https:\/\/shop.bantam.ch\/fr\/produit\/detecteur-supplementaire-pour-g-a-s-pro-iii\/#primaryimage"},"image":{"@id":"https:\/\/shop.bantam.ch\/fr\/produit\/detecteur-supplementaire-pour-g-a-s-pro-iii\/#primaryimage"},"thumbnailUrl":"https:\/\/shop.bantam.ch\/wp-content\/uploads\/2023\/02\/994335211Q17gGE3RLiuA7.jpg","datePublished":"2023-02-28T04:09:07+00:00","dateModified":"2026-04-18T19:29:59+00:00","breadcrumb":{"@id":"https:\/\/shop.bantam.ch\/fr\/produit\/detecteur-supplementaire-pour-g-a-s-pro-iii\/#breadcrumb"},"inLanguage":"fr-FR","potentialAction":[{"@type":"ReadAction","target":["https:\/\/shop.bantam.ch\/fr\/produit\/detecteur-supplementaire-pour-g-a-s-pro-iii\/"]}]},{"@type":"ImageObject","inLanguage":"fr-FR","@id":"https:\/\/shop.bantam.ch\/fr\/produit\/detecteur-supplementaire-pour-g-a-s-pro-iii\/#primaryimage","url":"https:\/\/shop.bantam.ch\/wp-content\/uploads\/2023\/02\/994335211Q17gGE3RLiuA7.jpg","contentUrl":"https:\/\/shop.bantam.ch\/wp-content\/uploads\/2023\/02\/994335211Q17gGE3RLiuA7.jpg","width":398,"height":500},{"@type":"BreadcrumbList","@id":"https:\/\/shop.bantam.ch\/fr\/produit\/detecteur-supplementaire-pour-g-a-s-pro-iii\/#breadcrumb","itemListElement":[{"@type":"ListItem","position":1,"name":"Accueil","item":"https:\/\/shop.bantam.ch\/fr\/"},{"@type":"ListItem","position":2,"name":"Boutique","item":"https:\/\/shop.bantam.ch\/fr\/boutique\/"},{"@type":"ListItem","position":3,"name":"Capteur additionnel Thitronik pour G.A.S. pro III"}]},{"@type":"WebSite","@id":"https:\/\/shop.bantam.ch\/fr\/#website","url":"https:\/\/shop.bantam.ch\/fr\/","name":"Bantam Wankm\u00fcller SA","description":"","publisher":{"@id":"https:\/\/shop.bantam.ch\/fr\/#organization"},"inLanguage":"fr-FR"},{"@type":"Organization","@id":"https:\/\/shop.bantam.ch\/fr\/#organization","name":"Bantam Wankm\u00fcller SA","url":"https:\/\/shop.bantam.ch\/fr\/","logo":{"@type":"ImageObject","inLanguage":"fr-FR","@id":"https:\/\/shop.bantam.ch\/fr\/#\/schema\/logo\/image\/","url":"https:\/\/shop.bantam.ch\/wp-content\/uploads\/2022\/12\/bantam-logo.png","contentUrl":"https:\/\/shop.bantam.ch\/wp-content\/uploads\/2022\/12\/bantam-logo.png","width":320,"height":71,"caption":"Bantam Wankm\u00fcller SA"},"image":{"@id":"https:\/\/shop.bantam.ch\/fr\/#\/schema\/logo\/image\/"}}]}},"_links":{"self":[{"href":"https:\/\/shop.bantam.ch\/fr\/wp-json\/wp\/v2\/product\/95889","targetHints":{"allow":["GET"]}}],"collection":[{"href":"https:\/\/shop.bantam.ch\/fr\/wp-json\/wp\/v2\/product"}],"about":[{"href":"https:\/\/shop.bantam.ch\/fr\/wp-json\/wp\/v2\/types\/product"}],"wp:featuredmedia":[{"embeddable":true,"href":"https:\/\/shop.bantam.ch\/fr\/wp-json\/wp\/v2\/media\/95887"}],"wp:attachment":[{"href":"https:\/\/shop.bantam.ch\/fr\/wp-json\/wp\/v2\/media?parent=95889"}],"wp:term":[{"taxonomy":"product_featured_cat","embeddable":true,"href":"https:\/\/shop.bantam.ch\/fr\/wp-json\/wp\/v2\/product_featured_cat?post=95889"},{"taxonomy":"product_brand","embeddable":true,"href":"https:\/\/shop.bantam.ch\/fr\/wp-json\/wp\/v2\/product_brand?post=95889"},{"taxonomy":"product_cat","embeddable":true,"href":"https:\/\/shop.bantam.ch\/fr\/wp-json\/wp\/v2\/product_cat?post=95889"},{"taxonomy":"product_tag","embeddable":true,"href":"https:\/\/shop.bantam.ch\/fr\/wp-json\/wp\/v2\/product_tag?post=95889"}],"curies":[{"name":"wp","href":"https:\/\/api.w.org\/{rel}","templated":true}]}}