{"id":95877,"date":"2023-02-28T05:08:49","date_gmt":"2023-02-28T04:08:49","guid":{"rendered":"http:\/\/shop.bantam.ch\/produit\/detecteur-de-gaz-g-a-s-pro-iii\/"},"modified":"2026-04-18T22:54:14","modified_gmt":"2026-04-18T20:54:14","slug":"detecteur-de-gaz-g-a-s-pro-iii","status":"publish","type":"product","link":"https:\/\/shop.bantam.ch\/fr\/produit\/detecteur-de-gaz-g-a-s-pro-iii\/","title":{"rendered":"D\u00e9tecteur de gaz G.A.S. pro III"},"content":{"rendered":"<p>Un de nos produits les plus r\u00e9cents\u00a0: le G.A.S.-pro III. Il sera mis sur le march\u00e9 en 2020 et viendra compl\u00e9ter notre s\u00e9rie G.A.S.-pro dans le haut de gamme. Il peut tout ce que le G.A.S.-pro standard sait faire, mais beaucoup mieux \u00e0 diff\u00e9rents \u00e9gards. Le G.A.S.-pro III sera m\u00eame disponible en deux configurations de base\u00a0: l\u2019une avec d\u00e9tecteur int\u00e9gr\u00e9 de gaz liquide ou de gaz anesth\u00e9sique et l\u2019autre avec d\u00e9tecteur int\u00e9gr\u00e9 de monoxyde de carbone. Les deux variantes peuvent \u00eatre combin\u00e9e \u00e0 un autre capteur de gaz ou de CO. Le G.A.S.-pro III se pr\u00e9sente comme un \u00e9norme bon en avant de la technique\u00a0: votre consommation de courant en combinaison avec un d\u00e9tecteur de gaz liquide\/anesth\u00e9sique passe \u00e0 un tout petit 26 mA, en combinaison avec un d\u00e9tecteur de monoxyde de carbone \u00e0 juste neuf milliamp\u00e8res.<br \/>La sir\u00e8ne interne peut atteindre 94 dB, un capteur d\u2019humidit\u00e9 int\u00e9gr\u00e9 optimise la mesure d\u00e9j\u00e0 pr\u00e9cise en cas d\u2019humidit\u00e9 \u00e9lev\u00e9e \u00e0 l\u2019int\u00e9rieur du v\u00e9hicule ou en cas de respiration toute proche du d\u00e9tecteur. En outre, un filtre d\u2019alcool (capteur gaz liquide\/anesth\u00e9sique) permet d\u2019\u00e9viter les fausses alarmes li\u00e9es \u00e0 l\u2019alcool dans l\u2019air. Et pour finir\u00a0: gr\u00e2ce \u00e0 un unit\u00e9 radio int\u00e9gr\u00e9e, le nouveau G.A.S.-pro III n\u2019a pas besoin d\u2019\u00eatre connect\u00e9 \u00e0 la centrale, mais juste au r\u00e9seau du v\u00e9hicule. Puis, connectez-le \u00e0 la centrale via easy add. C\u2019est fait !<\/p>\n","protected":false},"excerpt":{"rendered":"<p>Un de nos produits les plus r\u00e9cents\u00a0: le G.A.S.-pro III. Il sera mis sur le march\u00e9 en 2020 et viendra compl\u00e9ter notre s\u00e9rie G.A.S.-pro dans le haut de gamme. Il peut tout ce que le G.A.S.-pro standard sait faire, mais beaucoup mieux \u00e0 diff\u00e9rents \u00e9gards. Le G.A.S.-pro III sera m\u00eame disponible en deux configurations de [&hellip;]<\/p>\n","protected":false},"featured_media":95873,"template":"","meta":{"_acf_changed":false},"product_featured_cat":[],"product_brand":[3216],"product_cat":[5053],"product_tag":[],"class_list":{"0":"post-95877","1":"product","2":"type-product","3":"status-publish","4":"has-post-thumbnail","6":"product_brand-thitronik","7":"product_cat-alarmes-a-gaz","9":"first","10":"instock","11":"taxable","12":"shipping-taxable","13":"purchasable","14":"product-type-variable"},"acf":[],"yoast_head":"<!-- This site is optimized with the Yoast SEO plugin v27.4 - https:\/\/yoast.com\/product\/yoast-seo-wordpress\/ -->\n<title>D\u00e9tecteur de gaz G.A.S. pro III - Bantam Wankm\u00fcller SA<\/title>\n<meta name=\"robots\" content=\"index, follow, max-snippet:-1, max-image-preview:large, max-video-preview:-1\" \/>\n<link rel=\"canonical\" href=\"https:\/\/shop.bantam.ch\/fr\/produit\/detecteur-de-gaz-g-a-s-pro-iii\/\" \/>\n<meta property=\"og:locale\" content=\"fr_FR\" \/>\n<meta property=\"og:type\" content=\"article\" \/>\n<meta property=\"og:title\" content=\"D\u00e9tecteur de gaz G.A.S. pro III - Bantam Wankm\u00fcller SA\" \/>\n<meta property=\"og:description\" content=\"Un de nos produits les plus r\u00e9cents\u00a0: le G.A.S.-pro III. Il sera mis sur le march\u00e9 en 2020 et viendra compl\u00e9ter notre s\u00e9rie G.A.S.-pro dans le haut de gamme. Il peut tout ce que le G.A.S.-pro standard sait faire, mais beaucoup mieux \u00e0 diff\u00e9rents \u00e9gards. Le G.A.S.-pro III sera m\u00eame disponible en deux configurations de [&hellip;]\" \/>\n<meta property=\"og:url\" content=\"https:\/\/shop.bantam.ch\/fr\/produit\/detecteur-de-gaz-g-a-s-pro-iii\/\" \/>\n<meta property=\"og:site_name\" content=\"Bantam Wankm\u00fcller SA\" \/>\n<meta property=\"article:modified_time\" content=\"2026-04-18T20:54:14+00:00\" \/>\n<meta property=\"og:image\" content=\"https:\/\/shop.bantam.ch\/wp-content\/uploads\/2023\/02\/994335111.jpg\" \/>\n\t<meta property=\"og:image:width\" content=\"1000\" \/>\n\t<meta property=\"og:image:height\" content=\"763\" \/>\n\t<meta property=\"og:image:type\" content=\"image\/jpeg\" \/>\n<meta name=\"twitter:card\" content=\"summary_large_image\" \/>\n<meta name=\"twitter:label1\" content=\"Dur\u00e9e de lecture estim\u00e9e\" \/>\n\t<meta name=\"twitter:data1\" content=\"1 minute\" \/>\n<script type=\"application\/ld+json\" class=\"yoast-schema-graph\">{\"@context\":\"https:\\\/\\\/schema.org\",\"@graph\":[{\"@type\":\"WebPage\",\"@id\":\"https:\\\/\\\/shop.bantam.ch\\\/fr\\\/produit\\\/detecteur-de-gaz-g-a-s-pro-iii\\\/\",\"url\":\"https:\\\/\\\/shop.bantam.ch\\\/fr\\\/produit\\\/detecteur-de-gaz-g-a-s-pro-iii\\\/\",\"name\":\"D\u00e9tecteur de gaz G.A.S. pro III - Bantam Wankm\u00fcller SA\",\"isPartOf\":{\"@id\":\"https:\\\/\\\/shop.bantam.ch\\\/fr\\\/#website\"},\"primaryImageOfPage\":{\"@id\":\"https:\\\/\\\/shop.bantam.ch\\\/fr\\\/produit\\\/detecteur-de-gaz-g-a-s-pro-iii\\\/#primaryimage\"},\"image\":{\"@id\":\"https:\\\/\\\/shop.bantam.ch\\\/fr\\\/produit\\\/detecteur-de-gaz-g-a-s-pro-iii\\\/#primaryimage\"},\"thumbnailUrl\":\"https:\\\/\\\/shop.bantam.ch\\\/wp-content\\\/uploads\\\/2023\\\/02\\\/994335111.jpg\",\"datePublished\":\"2023-02-28T04:08:49+00:00\",\"dateModified\":\"2026-04-18T20:54:14+00:00\",\"breadcrumb\":{\"@id\":\"https:\\\/\\\/shop.bantam.ch\\\/fr\\\/produit\\\/detecteur-de-gaz-g-a-s-pro-iii\\\/#breadcrumb\"},\"inLanguage\":\"fr-FR\",\"potentialAction\":[{\"@type\":\"ReadAction\",\"target\":[\"https:\\\/\\\/shop.bantam.ch\\\/fr\\\/produit\\\/detecteur-de-gaz-g-a-s-pro-iii\\\/\"]}]},{\"@type\":\"ImageObject\",\"inLanguage\":\"fr-FR\",\"@id\":\"https:\\\/\\\/shop.bantam.ch\\\/fr\\\/produit\\\/detecteur-de-gaz-g-a-s-pro-iii\\\/#primaryimage\",\"url\":\"https:\\\/\\\/shop.bantam.ch\\\/wp-content\\\/uploads\\\/2023\\\/02\\\/994335111.jpg\",\"contentUrl\":\"https:\\\/\\\/shop.bantam.ch\\\/wp-content\\\/uploads\\\/2023\\\/02\\\/994335111.jpg\",\"width\":1000,\"height\":763},{\"@type\":\"BreadcrumbList\",\"@id\":\"https:\\\/\\\/shop.bantam.ch\\\/fr\\\/produit\\\/detecteur-de-gaz-g-a-s-pro-iii\\\/#breadcrumb\",\"itemListElement\":[{\"@type\":\"ListItem\",\"position\":1,\"name\":\"Accueil\",\"item\":\"https:\\\/\\\/shop.bantam.ch\\\/fr\\\/\"},{\"@type\":\"ListItem\",\"position\":2,\"name\":\"Boutique\",\"item\":\"https:\\\/\\\/shop.bantam.ch\\\/fr\\\/boutique\\\/\"},{\"@type\":\"ListItem\",\"position\":3,\"name\":\"D\u00e9tecteur de gaz G.A.S. pro III\"}]},{\"@type\":\"WebSite\",\"@id\":\"https:\\\/\\\/shop.bantam.ch\\\/fr\\\/#website\",\"url\":\"https:\\\/\\\/shop.bantam.ch\\\/fr\\\/\",\"name\":\"Bantam Wankm\u00fcller SA\",\"description\":\"\",\"publisher\":{\"@id\":\"https:\\\/\\\/shop.bantam.ch\\\/fr\\\/#organization\"},\"inLanguage\":\"fr-FR\"},{\"@type\":\"Organization\",\"@id\":\"https:\\\/\\\/shop.bantam.ch\\\/fr\\\/#organization\",\"name\":\"Bantam Wankm\u00fcller SA\",\"url\":\"https:\\\/\\\/shop.bantam.ch\\\/fr\\\/\",\"logo\":{\"@type\":\"ImageObject\",\"inLanguage\":\"fr-FR\",\"@id\":\"https:\\\/\\\/shop.bantam.ch\\\/fr\\\/#\\\/schema\\\/logo\\\/image\\\/\",\"url\":\"https:\\\/\\\/shop.bantam.ch\\\/wp-content\\\/uploads\\\/2022\\\/12\\\/bantam-logo.png\",\"contentUrl\":\"https:\\\/\\\/shop.bantam.ch\\\/wp-content\\\/uploads\\\/2022\\\/12\\\/bantam-logo.png\",\"width\":320,\"height\":71,\"caption\":\"Bantam Wankm\u00fcller SA\"},\"image\":{\"@id\":\"https:\\\/\\\/shop.bantam.ch\\\/fr\\\/#\\\/schema\\\/logo\\\/image\\\/\"}}]}<\/script>\n<!-- \/ Yoast SEO plugin. -->","yoast_head_json":{"title":"D\u00e9tecteur de gaz G.A.S. pro III - Bantam Wankm\u00fcller SA","robots":{"index":"index","follow":"follow","max-snippet":"max-snippet:-1","max-image-preview":"max-image-preview:large","max-video-preview":"max-video-preview:-1"},"canonical":"https:\/\/shop.bantam.ch\/fr\/produit\/detecteur-de-gaz-g-a-s-pro-iii\/","og_locale":"fr_FR","og_type":"article","og_title":"D\u00e9tecteur de gaz G.A.S. pro III - Bantam Wankm\u00fcller SA","og_description":"Un de nos produits les plus r\u00e9cents\u00a0: le G.A.S.-pro III. Il sera mis sur le march\u00e9 en 2020 et viendra compl\u00e9ter notre s\u00e9rie G.A.S.-pro dans le haut de gamme. Il peut tout ce que le G.A.S.-pro standard sait faire, mais beaucoup mieux \u00e0 diff\u00e9rents \u00e9gards. Le G.A.S.-pro III sera m\u00eame disponible en deux configurations de [&hellip;]","og_url":"https:\/\/shop.bantam.ch\/fr\/produit\/detecteur-de-gaz-g-a-s-pro-iii\/","og_site_name":"Bantam Wankm\u00fcller SA","article_modified_time":"2026-04-18T20:54:14+00:00","og_image":[{"width":1000,"height":763,"url":"https:\/\/shop.bantam.ch\/wp-content\/uploads\/2023\/02\/994335111.jpg","type":"image\/jpeg"}],"twitter_card":"summary_large_image","twitter_misc":{"Dur\u00e9e de lecture estim\u00e9e":"1 minute"},"schema":{"@context":"https:\/\/schema.org","@graph":[{"@type":"WebPage","@id":"https:\/\/shop.bantam.ch\/fr\/produit\/detecteur-de-gaz-g-a-s-pro-iii\/","url":"https:\/\/shop.bantam.ch\/fr\/produit\/detecteur-de-gaz-g-a-s-pro-iii\/","name":"D\u00e9tecteur de gaz G.A.S. pro III - Bantam Wankm\u00fcller SA","isPartOf":{"@id":"https:\/\/shop.bantam.ch\/fr\/#website"},"primaryImageOfPage":{"@id":"https:\/\/shop.bantam.ch\/fr\/produit\/detecteur-de-gaz-g-a-s-pro-iii\/#primaryimage"},"image":{"@id":"https:\/\/shop.bantam.ch\/fr\/produit\/detecteur-de-gaz-g-a-s-pro-iii\/#primaryimage"},"thumbnailUrl":"https:\/\/shop.bantam.ch\/wp-content\/uploads\/2023\/02\/994335111.jpg","datePublished":"2023-02-28T04:08:49+00:00","dateModified":"2026-04-18T20:54:14+00:00","breadcrumb":{"@id":"https:\/\/shop.bantam.ch\/fr\/produit\/detecteur-de-gaz-g-a-s-pro-iii\/#breadcrumb"},"inLanguage":"fr-FR","potentialAction":[{"@type":"ReadAction","target":["https:\/\/shop.bantam.ch\/fr\/produit\/detecteur-de-gaz-g-a-s-pro-iii\/"]}]},{"@type":"ImageObject","inLanguage":"fr-FR","@id":"https:\/\/shop.bantam.ch\/fr\/produit\/detecteur-de-gaz-g-a-s-pro-iii\/#primaryimage","url":"https:\/\/shop.bantam.ch\/wp-content\/uploads\/2023\/02\/994335111.jpg","contentUrl":"https:\/\/shop.bantam.ch\/wp-content\/uploads\/2023\/02\/994335111.jpg","width":1000,"height":763},{"@type":"BreadcrumbList","@id":"https:\/\/shop.bantam.ch\/fr\/produit\/detecteur-de-gaz-g-a-s-pro-iii\/#breadcrumb","itemListElement":[{"@type":"ListItem","position":1,"name":"Accueil","item":"https:\/\/shop.bantam.ch\/fr\/"},{"@type":"ListItem","position":2,"name":"Boutique","item":"https:\/\/shop.bantam.ch\/fr\/boutique\/"},{"@type":"ListItem","position":3,"name":"D\u00e9tecteur de gaz G.A.S. pro III"}]},{"@type":"WebSite","@id":"https:\/\/shop.bantam.ch\/fr\/#website","url":"https:\/\/shop.bantam.ch\/fr\/","name":"Bantam Wankm\u00fcller SA","description":"","publisher":{"@id":"https:\/\/shop.bantam.ch\/fr\/#organization"},"inLanguage":"fr-FR"},{"@type":"Organization","@id":"https:\/\/shop.bantam.ch\/fr\/#organization","name":"Bantam Wankm\u00fcller SA","url":"https:\/\/shop.bantam.ch\/fr\/","logo":{"@type":"ImageObject","inLanguage":"fr-FR","@id":"https:\/\/shop.bantam.ch\/fr\/#\/schema\/logo\/image\/","url":"https:\/\/shop.bantam.ch\/wp-content\/uploads\/2022\/12\/bantam-logo.png","contentUrl":"https:\/\/shop.bantam.ch\/wp-content\/uploads\/2022\/12\/bantam-logo.png","width":320,"height":71,"caption":"Bantam Wankm\u00fcller SA"},"image":{"@id":"https:\/\/shop.bantam.ch\/fr\/#\/schema\/logo\/image\/"}}]}},"_links":{"self":[{"href":"https:\/\/shop.bantam.ch\/fr\/wp-json\/wp\/v2\/product\/95877","targetHints":{"allow":["GET"]}}],"collection":[{"href":"https:\/\/shop.bantam.ch\/fr\/wp-json\/wp\/v2\/product"}],"about":[{"href":"https:\/\/shop.bantam.ch\/fr\/wp-json\/wp\/v2\/types\/product"}],"wp:featuredmedia":[{"embeddable":true,"href":"https:\/\/shop.bantam.ch\/fr\/wp-json\/wp\/v2\/media\/95873"}],"wp:attachment":[{"href":"https:\/\/shop.bantam.ch\/fr\/wp-json\/wp\/v2\/media?parent=95877"}],"wp:term":[{"taxonomy":"product_featured_cat","embeddable":true,"href":"https:\/\/shop.bantam.ch\/fr\/wp-json\/wp\/v2\/product_featured_cat?post=95877"},{"taxonomy":"product_brand","embeddable":true,"href":"https:\/\/shop.bantam.ch\/fr\/wp-json\/wp\/v2\/product_brand?post=95877"},{"taxonomy":"product_cat","embeddable":true,"href":"https:\/\/shop.bantam.ch\/fr\/wp-json\/wp\/v2\/product_cat?post=95877"},{"taxonomy":"product_tag","embeddable":true,"href":"https:\/\/shop.bantam.ch\/fr\/wp-json\/wp\/v2\/product_tag?post=95877"}],"curies":[{"name":"wp","href":"https:\/\/api.w.org\/{rel}","templated":true}]}}