{"id":95759,"date":"2023-02-28T05:06:13","date_gmt":"2023-02-28T04:06:13","guid":{"rendered":"http:\/\/shop.bantam.ch\/produit\/auvent-rolli-touring\/"},"modified":"2026-04-18T22:53:40","modified_gmt":"2026-04-18T20:53:40","slug":"auvent-rolli-touring","status":"publish","type":"product","link":"https:\/\/shop.bantam.ch\/fr\/produit\/auvent-rolli-touring\/","title":{"rendered":"Auvent Rolli Touring"},"content":{"rendered":"<p>Design attrayant et \u00e9quipement de haute qualit\u00e9.<br \/>Le mod\u00e8le Rolli Touring allie une manipulation simple et rapide \u00e0 une qualit\u00e9 et une stabilit\u00e9 \u00e9lev\u00e9es avec de nombreuses variantes d\u2019utilisation. Kit complet comprenant un auvent, une paroi frontale et des parois lat\u00e9rales.<\/p>\n<p>Propri\u00e9t\u00e9s et fonctions :<\/p>\n<ul>\n<li>Fen\u00eatre d\u2019a\u00e9ration sur chaque paroi lat\u00e9rale<\/li>\n<li>Paroi avant et parois lat\u00e9rales amovibles<\/li>\n<li>Haubanage pour camping-car (toile \u00e0 pourrir ext\u00e9rieure 15 cm, int\u00e9rieure 30 cm)<\/li>\n<li>Fermetures \u00e0 glissi\u00e8re couvertes<\/li>\n<li>Solette de s\u00e9rie<\/li>\n<li>Film teint\u00e9<\/li>\n<li>Montage facile et rapide<\/li>\n<li>Poids faible<\/li>\n<\/ul>\n<p>\u00a0<\/p>\n<p>Mat\u00e9riau :<br \/>Toit : 100 % polyester (avec rev\u00eatement sur une face)<br \/>Paroi : 100 % polyester (avec rev\u00eatement PU)<br \/>Bavette et protection anti-\u00e9claboussures : PVC<\/p>\n","protected":false},"excerpt":{"rendered":"<p>Design attrayant et \u00e9quipement de haute qualit\u00e9.Le mod\u00e8le Rolli Touring allie une manipulation simple et rapide \u00e0 une qualit\u00e9 et une stabilit\u00e9 \u00e9lev\u00e9es avec de nombreuses variantes d\u2019utilisation. Kit complet comprenant un auvent, une paroi frontale et des parois lat\u00e9rales. Propri\u00e9t\u00e9s et fonctions : Fen\u00eatre d\u2019a\u00e9ration sur chaque paroi lat\u00e9rale Paroi avant et parois lat\u00e9rales [&hellip;]<\/p>\n","protected":false},"featured_media":95753,"template":"","meta":{"_acf_changed":false},"product_featured_cat":[],"product_brand":[3042],"product_cat":[4223],"product_tag":[],"class_list":{"0":"post-95759","1":"product","2":"type-product","3":"status-publish","4":"has-post-thumbnail","6":"product_brand-wigo","7":"product_cat-stores-et-auvents","9":"first","10":"instock","11":"taxable","12":"shipping-taxable","13":"purchasable","14":"product-type-variable"},"acf":[],"yoast_head":"<!-- This site is optimized with the Yoast SEO plugin v27.4 - https:\/\/yoast.com\/product\/yoast-seo-wordpress\/ -->\n<title>Auvent Rolli Touring - Bantam Wankm\u00fcller SA<\/title>\n<meta name=\"robots\" content=\"index, follow, max-snippet:-1, max-image-preview:large, max-video-preview:-1\" \/>\n<link rel=\"canonical\" href=\"https:\/\/shop.bantam.ch\/fr\/produit\/auvent-rolli-touring\/\" \/>\n<meta property=\"og:locale\" content=\"fr_FR\" \/>\n<meta property=\"og:type\" content=\"article\" \/>\n<meta property=\"og:title\" content=\"Auvent Rolli Touring - Bantam Wankm\u00fcller SA\" \/>\n<meta property=\"og:description\" content=\"Design attrayant et \u00e9quipement de haute qualit\u00e9.Le mod\u00e8le Rolli Touring allie une manipulation simple et rapide \u00e0 une qualit\u00e9 et une stabilit\u00e9 \u00e9lev\u00e9es avec de nombreuses variantes d\u2019utilisation. Kit complet comprenant un auvent, une paroi frontale et des parois lat\u00e9rales. Propri\u00e9t\u00e9s et fonctions : Fen\u00eatre d\u2019a\u00e9ration sur chaque paroi lat\u00e9rale Paroi avant et parois lat\u00e9rales [&hellip;]\" \/>\n<meta property=\"og:url\" content=\"https:\/\/shop.bantam.ch\/fr\/produit\/auvent-rolli-touring\/\" \/>\n<meta property=\"og:site_name\" content=\"Bantam Wankm\u00fcller SA\" \/>\n<meta property=\"article:modified_time\" content=\"2026-04-18T20:53:40+00:00\" \/>\n<meta property=\"og:image\" content=\"https:\/\/shop.bantam.ch\/wp-content\/uploads\/2023\/02\/995591311.jpg\" \/>\n\t<meta property=\"og:image:width\" content=\"1000\" \/>\n\t<meta property=\"og:image:height\" content=\"535\" \/>\n\t<meta property=\"og:image:type\" content=\"image\/jpeg\" \/>\n<meta name=\"twitter:card\" content=\"summary_large_image\" \/>\n<meta name=\"twitter:label1\" content=\"Dur\u00e9e de lecture estim\u00e9e\" \/>\n\t<meta name=\"twitter:data1\" content=\"1 minute\" \/>\n<script type=\"application\/ld+json\" class=\"yoast-schema-graph\">{\"@context\":\"https:\\\/\\\/schema.org\",\"@graph\":[{\"@type\":\"WebPage\",\"@id\":\"https:\\\/\\\/shop.bantam.ch\\\/fr\\\/produit\\\/auvent-rolli-touring\\\/\",\"url\":\"https:\\\/\\\/shop.bantam.ch\\\/fr\\\/produit\\\/auvent-rolli-touring\\\/\",\"name\":\"Auvent Rolli Touring - Bantam Wankm\u00fcller SA\",\"isPartOf\":{\"@id\":\"https:\\\/\\\/shop.bantam.ch\\\/fr\\\/#website\"},\"primaryImageOfPage\":{\"@id\":\"https:\\\/\\\/shop.bantam.ch\\\/fr\\\/produit\\\/auvent-rolli-touring\\\/#primaryimage\"},\"image\":{\"@id\":\"https:\\\/\\\/shop.bantam.ch\\\/fr\\\/produit\\\/auvent-rolli-touring\\\/#primaryimage\"},\"thumbnailUrl\":\"https:\\\/\\\/shop.bantam.ch\\\/wp-content\\\/uploads\\\/2023\\\/02\\\/995591311.jpg\",\"datePublished\":\"2023-02-28T04:06:13+00:00\",\"dateModified\":\"2026-04-18T20:53:40+00:00\",\"breadcrumb\":{\"@id\":\"https:\\\/\\\/shop.bantam.ch\\\/fr\\\/produit\\\/auvent-rolli-touring\\\/#breadcrumb\"},\"inLanguage\":\"fr-FR\",\"potentialAction\":[{\"@type\":\"ReadAction\",\"target\":[\"https:\\\/\\\/shop.bantam.ch\\\/fr\\\/produit\\\/auvent-rolli-touring\\\/\"]}]},{\"@type\":\"ImageObject\",\"inLanguage\":\"fr-FR\",\"@id\":\"https:\\\/\\\/shop.bantam.ch\\\/fr\\\/produit\\\/auvent-rolli-touring\\\/#primaryimage\",\"url\":\"https:\\\/\\\/shop.bantam.ch\\\/wp-content\\\/uploads\\\/2023\\\/02\\\/995591311.jpg\",\"contentUrl\":\"https:\\\/\\\/shop.bantam.ch\\\/wp-content\\\/uploads\\\/2023\\\/02\\\/995591311.jpg\",\"width\":1000,\"height\":535},{\"@type\":\"BreadcrumbList\",\"@id\":\"https:\\\/\\\/shop.bantam.ch\\\/fr\\\/produit\\\/auvent-rolli-touring\\\/#breadcrumb\",\"itemListElement\":[{\"@type\":\"ListItem\",\"position\":1,\"name\":\"Accueil\",\"item\":\"https:\\\/\\\/shop.bantam.ch\\\/fr\\\/\"},{\"@type\":\"ListItem\",\"position\":2,\"name\":\"Boutique\",\"item\":\"https:\\\/\\\/shop.bantam.ch\\\/fr\\\/boutique\\\/\"},{\"@type\":\"ListItem\",\"position\":3,\"name\":\"Auvent Rolli Touring\"}]},{\"@type\":\"WebSite\",\"@id\":\"https:\\\/\\\/shop.bantam.ch\\\/fr\\\/#website\",\"url\":\"https:\\\/\\\/shop.bantam.ch\\\/fr\\\/\",\"name\":\"Bantam Wankm\u00fcller SA\",\"description\":\"\",\"publisher\":{\"@id\":\"https:\\\/\\\/shop.bantam.ch\\\/fr\\\/#organization\"},\"inLanguage\":\"fr-FR\"},{\"@type\":\"Organization\",\"@id\":\"https:\\\/\\\/shop.bantam.ch\\\/fr\\\/#organization\",\"name\":\"Bantam Wankm\u00fcller SA\",\"url\":\"https:\\\/\\\/shop.bantam.ch\\\/fr\\\/\",\"logo\":{\"@type\":\"ImageObject\",\"inLanguage\":\"fr-FR\",\"@id\":\"https:\\\/\\\/shop.bantam.ch\\\/fr\\\/#\\\/schema\\\/logo\\\/image\\\/\",\"url\":\"https:\\\/\\\/shop.bantam.ch\\\/wp-content\\\/uploads\\\/2022\\\/12\\\/bantam-logo.png\",\"contentUrl\":\"https:\\\/\\\/shop.bantam.ch\\\/wp-content\\\/uploads\\\/2022\\\/12\\\/bantam-logo.png\",\"width\":320,\"height\":71,\"caption\":\"Bantam Wankm\u00fcller SA\"},\"image\":{\"@id\":\"https:\\\/\\\/shop.bantam.ch\\\/fr\\\/#\\\/schema\\\/logo\\\/image\\\/\"}}]}<\/script>\n<!-- \/ Yoast SEO plugin. -->","yoast_head_json":{"title":"Auvent Rolli Touring - Bantam Wankm\u00fcller SA","robots":{"index":"index","follow":"follow","max-snippet":"max-snippet:-1","max-image-preview":"max-image-preview:large","max-video-preview":"max-video-preview:-1"},"canonical":"https:\/\/shop.bantam.ch\/fr\/produit\/auvent-rolli-touring\/","og_locale":"fr_FR","og_type":"article","og_title":"Auvent Rolli Touring - Bantam Wankm\u00fcller SA","og_description":"Design attrayant et \u00e9quipement de haute qualit\u00e9.Le mod\u00e8le Rolli Touring allie une manipulation simple et rapide \u00e0 une qualit\u00e9 et une stabilit\u00e9 \u00e9lev\u00e9es avec de nombreuses variantes d\u2019utilisation. Kit complet comprenant un auvent, une paroi frontale et des parois lat\u00e9rales. Propri\u00e9t\u00e9s et fonctions : Fen\u00eatre d\u2019a\u00e9ration sur chaque paroi lat\u00e9rale Paroi avant et parois lat\u00e9rales [&hellip;]","og_url":"https:\/\/shop.bantam.ch\/fr\/produit\/auvent-rolli-touring\/","og_site_name":"Bantam Wankm\u00fcller SA","article_modified_time":"2026-04-18T20:53:40+00:00","og_image":[{"width":1000,"height":535,"url":"https:\/\/shop.bantam.ch\/wp-content\/uploads\/2023\/02\/995591311.jpg","type":"image\/jpeg"}],"twitter_card":"summary_large_image","twitter_misc":{"Dur\u00e9e de lecture estim\u00e9e":"1 minute"},"schema":{"@context":"https:\/\/schema.org","@graph":[{"@type":"WebPage","@id":"https:\/\/shop.bantam.ch\/fr\/produit\/auvent-rolli-touring\/","url":"https:\/\/shop.bantam.ch\/fr\/produit\/auvent-rolli-touring\/","name":"Auvent Rolli Touring - Bantam Wankm\u00fcller SA","isPartOf":{"@id":"https:\/\/shop.bantam.ch\/fr\/#website"},"primaryImageOfPage":{"@id":"https:\/\/shop.bantam.ch\/fr\/produit\/auvent-rolli-touring\/#primaryimage"},"image":{"@id":"https:\/\/shop.bantam.ch\/fr\/produit\/auvent-rolli-touring\/#primaryimage"},"thumbnailUrl":"https:\/\/shop.bantam.ch\/wp-content\/uploads\/2023\/02\/995591311.jpg","datePublished":"2023-02-28T04:06:13+00:00","dateModified":"2026-04-18T20:53:40+00:00","breadcrumb":{"@id":"https:\/\/shop.bantam.ch\/fr\/produit\/auvent-rolli-touring\/#breadcrumb"},"inLanguage":"fr-FR","potentialAction":[{"@type":"ReadAction","target":["https:\/\/shop.bantam.ch\/fr\/produit\/auvent-rolli-touring\/"]}]},{"@type":"ImageObject","inLanguage":"fr-FR","@id":"https:\/\/shop.bantam.ch\/fr\/produit\/auvent-rolli-touring\/#primaryimage","url":"https:\/\/shop.bantam.ch\/wp-content\/uploads\/2023\/02\/995591311.jpg","contentUrl":"https:\/\/shop.bantam.ch\/wp-content\/uploads\/2023\/02\/995591311.jpg","width":1000,"height":535},{"@type":"BreadcrumbList","@id":"https:\/\/shop.bantam.ch\/fr\/produit\/auvent-rolli-touring\/#breadcrumb","itemListElement":[{"@type":"ListItem","position":1,"name":"Accueil","item":"https:\/\/shop.bantam.ch\/fr\/"},{"@type":"ListItem","position":2,"name":"Boutique","item":"https:\/\/shop.bantam.ch\/fr\/boutique\/"},{"@type":"ListItem","position":3,"name":"Auvent Rolli Touring"}]},{"@type":"WebSite","@id":"https:\/\/shop.bantam.ch\/fr\/#website","url":"https:\/\/shop.bantam.ch\/fr\/","name":"Bantam Wankm\u00fcller SA","description":"","publisher":{"@id":"https:\/\/shop.bantam.ch\/fr\/#organization"},"inLanguage":"fr-FR"},{"@type":"Organization","@id":"https:\/\/shop.bantam.ch\/fr\/#organization","name":"Bantam Wankm\u00fcller SA","url":"https:\/\/shop.bantam.ch\/fr\/","logo":{"@type":"ImageObject","inLanguage":"fr-FR","@id":"https:\/\/shop.bantam.ch\/fr\/#\/schema\/logo\/image\/","url":"https:\/\/shop.bantam.ch\/wp-content\/uploads\/2022\/12\/bantam-logo.png","contentUrl":"https:\/\/shop.bantam.ch\/wp-content\/uploads\/2022\/12\/bantam-logo.png","width":320,"height":71,"caption":"Bantam Wankm\u00fcller SA"},"image":{"@id":"https:\/\/shop.bantam.ch\/fr\/#\/schema\/logo\/image\/"}}]}},"_links":{"self":[{"href":"https:\/\/shop.bantam.ch\/fr\/wp-json\/wp\/v2\/product\/95759","targetHints":{"allow":["GET"]}}],"collection":[{"href":"https:\/\/shop.bantam.ch\/fr\/wp-json\/wp\/v2\/product"}],"about":[{"href":"https:\/\/shop.bantam.ch\/fr\/wp-json\/wp\/v2\/types\/product"}],"wp:featuredmedia":[{"embeddable":true,"href":"https:\/\/shop.bantam.ch\/fr\/wp-json\/wp\/v2\/media\/95753"}],"wp:attachment":[{"href":"https:\/\/shop.bantam.ch\/fr\/wp-json\/wp\/v2\/media?parent=95759"}],"wp:term":[{"taxonomy":"product_featured_cat","embeddable":true,"href":"https:\/\/shop.bantam.ch\/fr\/wp-json\/wp\/v2\/product_featured_cat?post=95759"},{"taxonomy":"product_brand","embeddable":true,"href":"https:\/\/shop.bantam.ch\/fr\/wp-json\/wp\/v2\/product_brand?post=95759"},{"taxonomy":"product_cat","embeddable":true,"href":"https:\/\/shop.bantam.ch\/fr\/wp-json\/wp\/v2\/product_cat?post=95759"},{"taxonomy":"product_tag","embeddable":true,"href":"https:\/\/shop.bantam.ch\/fr\/wp-json\/wp\/v2\/product_tag?post=95759"}],"curies":[{"name":"wp","href":"https:\/\/api.w.org\/{rel}","templated":true}]}}