{"id":95585,"date":"2023-02-28T05:03:25","date_gmt":"2023-02-28T04:03:25","guid":{"rendered":"http:\/\/shop.bantam.ch\/produit\/securite-antivol-safety-pour-ak-161-ak-270\/"},"modified":"2026-04-18T21:29:43","modified_gmt":"2026-04-18T19:29:43","slug":"securite-antivol-safety-pour-ak-161-ak-270","status":"publish","type":"product","link":"https:\/\/shop.bantam.ch\/fr\/produit\/securite-antivol-safety-pour-ak-161-ak-270\/","title":{"rendered":"Dispositif antivol AL-KO Safety pour t\u00eate AK 161\/AK 270 noir"},"content":{"rendered":"<p>Version renforc\u00e9e et durcie avec cylindre de serrure sp\u00e9cial.<\/p>\n<ul>\n<li>Utilisation tr\u00e8s simple<\/li>\n<li>Utilisable \u00e9galement pendant la conduite<\/li>\n<li>Thermolaqu\u00e9<\/li>\n<\/ul>\n<p>Triple protection<\/p>\n<ul>\n<li>Attelage non autoris\u00e9<\/li>\n<li>D\u00e9telage non autoris\u00e9<\/li>\n<li>D\u00e9montage de la boule d\u2019attelage<\/li>\n<\/ul>\n<p>Contenu de la livraison :<br \/>AL-KO Safety<br \/>1 Safety Ball<br \/>2 Inserts en plastique<br \/>2 cl\u00e9s <\/p>\n","protected":false},"excerpt":{"rendered":"<p>Version renforc\u00e9e et durcie avec cylindre de serrure sp\u00e9cial. Utilisation tr\u00e8s simple Utilisable \u00e9galement pendant la conduite Thermolaqu\u00e9 Triple protection Attelage non autoris\u00e9 D\u00e9telage non autoris\u00e9 D\u00e9montage de la boule d\u2019attelage Contenu de la livraison :AL-KO Safety1 Safety Ball2 Inserts en plastique2 cl\u00e9s<\/p>\n","protected":false},"featured_media":95581,"template":"","meta":{"_acf_changed":false},"product_featured_cat":[],"product_brand":[3134],"product_cat":[4817],"product_tag":[],"class_list":{"0":"post-95585","1":"product","2":"type-product","3":"status-publish","4":"has-post-thumbnail","6":"product_brand-al-ko","7":"product_cat-dispositifs-anti-vol","9":"first","10":"instock","11":"taxable","12":"shipping-taxable","13":"purchasable","14":"product-type-simple"},"acf":[],"yoast_head":"<!-- This site is optimized with the Yoast SEO plugin v27.4 - https:\/\/yoast.com\/product\/yoast-seo-wordpress\/ -->\n<title>Dispositif antivol AL-KO Safety pour t\u00eate AK 161\/AK 270 noir - Bantam Wankm\u00fcller SA<\/title>\n<meta name=\"robots\" content=\"index, follow, max-snippet:-1, max-image-preview:large, max-video-preview:-1\" \/>\n<link rel=\"canonical\" href=\"https:\/\/shop.bantam.ch\/fr\/produit\/securite-antivol-safety-pour-ak-161-ak-270\/\" \/>\n<meta property=\"og:locale\" content=\"fr_FR\" \/>\n<meta property=\"og:type\" content=\"article\" \/>\n<meta property=\"og:title\" content=\"Dispositif antivol AL-KO Safety pour t\u00eate AK 161\/AK 270 noir - Bantam Wankm\u00fcller SA\" \/>\n<meta property=\"og:description\" content=\"Version renforc\u00e9e et durcie avec cylindre de serrure sp\u00e9cial. Utilisation tr\u00e8s simple Utilisable \u00e9galement pendant la conduite Thermolaqu\u00e9 Triple protection Attelage non autoris\u00e9 D\u00e9telage non autoris\u00e9 D\u00e9montage de la boule d\u2019attelage Contenu de la livraison :AL-KO Safety1 Safety Ball2 Inserts en plastique2 cl\u00e9s\" \/>\n<meta property=\"og:url\" content=\"https:\/\/shop.bantam.ch\/fr\/produit\/securite-antivol-safety-pour-ak-161-ak-270\/\" \/>\n<meta property=\"og:site_name\" content=\"Bantam Wankm\u00fcller SA\" \/>\n<meta property=\"article:modified_time\" content=\"2026-04-18T19:29:43+00:00\" \/>\n<meta property=\"og:image\" content=\"https:\/\/shop.bantam.ch\/wp-content\/uploads\/2023\/02\/994334811.jpg\" \/>\n\t<meta property=\"og:image:width\" content=\"1000\" \/>\n\t<meta property=\"og:image:height\" content=\"637\" \/>\n\t<meta property=\"og:image:type\" content=\"image\/jpeg\" \/>\n<meta name=\"twitter:card\" content=\"summary_large_image\" \/>\n<script type=\"application\/ld+json\" class=\"yoast-schema-graph\">{\"@context\":\"https:\\\/\\\/schema.org\",\"@graph\":[{\"@type\":\"WebPage\",\"@id\":\"https:\\\/\\\/shop.bantam.ch\\\/fr\\\/produit\\\/securite-antivol-safety-pour-ak-161-ak-270\\\/\",\"url\":\"https:\\\/\\\/shop.bantam.ch\\\/fr\\\/produit\\\/securite-antivol-safety-pour-ak-161-ak-270\\\/\",\"name\":\"Dispositif antivol AL-KO Safety pour t\u00eate AK 161\\\/AK 270 noir - Bantam Wankm\u00fcller SA\",\"isPartOf\":{\"@id\":\"https:\\\/\\\/shop.bantam.ch\\\/fr\\\/#website\"},\"primaryImageOfPage\":{\"@id\":\"https:\\\/\\\/shop.bantam.ch\\\/fr\\\/produit\\\/securite-antivol-safety-pour-ak-161-ak-270\\\/#primaryimage\"},\"image\":{\"@id\":\"https:\\\/\\\/shop.bantam.ch\\\/fr\\\/produit\\\/securite-antivol-safety-pour-ak-161-ak-270\\\/#primaryimage\"},\"thumbnailUrl\":\"https:\\\/\\\/shop.bantam.ch\\\/wp-content\\\/uploads\\\/2023\\\/02\\\/994334811.jpg\",\"datePublished\":\"2023-02-28T04:03:25+00:00\",\"dateModified\":\"2026-04-18T19:29:43+00:00\",\"breadcrumb\":{\"@id\":\"https:\\\/\\\/shop.bantam.ch\\\/fr\\\/produit\\\/securite-antivol-safety-pour-ak-161-ak-270\\\/#breadcrumb\"},\"inLanguage\":\"fr-FR\",\"potentialAction\":[{\"@type\":\"ReadAction\",\"target\":[\"https:\\\/\\\/shop.bantam.ch\\\/fr\\\/produit\\\/securite-antivol-safety-pour-ak-161-ak-270\\\/\"]}]},{\"@type\":\"ImageObject\",\"inLanguage\":\"fr-FR\",\"@id\":\"https:\\\/\\\/shop.bantam.ch\\\/fr\\\/produit\\\/securite-antivol-safety-pour-ak-161-ak-270\\\/#primaryimage\",\"url\":\"https:\\\/\\\/shop.bantam.ch\\\/wp-content\\\/uploads\\\/2023\\\/02\\\/994334811.jpg\",\"contentUrl\":\"https:\\\/\\\/shop.bantam.ch\\\/wp-content\\\/uploads\\\/2023\\\/02\\\/994334811.jpg\",\"width\":1000,\"height\":637},{\"@type\":\"BreadcrumbList\",\"@id\":\"https:\\\/\\\/shop.bantam.ch\\\/fr\\\/produit\\\/securite-antivol-safety-pour-ak-161-ak-270\\\/#breadcrumb\",\"itemListElement\":[{\"@type\":\"ListItem\",\"position\":1,\"name\":\"Accueil\",\"item\":\"https:\\\/\\\/shop.bantam.ch\\\/fr\\\/\"},{\"@type\":\"ListItem\",\"position\":2,\"name\":\"Boutique\",\"item\":\"https:\\\/\\\/shop.bantam.ch\\\/fr\\\/boutique\\\/\"},{\"@type\":\"ListItem\",\"position\":3,\"name\":\"Dispositif antivol AL-KO Safety pour t\u00eate AK 161\\\/AK 270 noir\"}]},{\"@type\":\"WebSite\",\"@id\":\"https:\\\/\\\/shop.bantam.ch\\\/fr\\\/#website\",\"url\":\"https:\\\/\\\/shop.bantam.ch\\\/fr\\\/\",\"name\":\"Bantam Wankm\u00fcller SA\",\"description\":\"\",\"publisher\":{\"@id\":\"https:\\\/\\\/shop.bantam.ch\\\/fr\\\/#organization\"},\"inLanguage\":\"fr-FR\"},{\"@type\":\"Organization\",\"@id\":\"https:\\\/\\\/shop.bantam.ch\\\/fr\\\/#organization\",\"name\":\"Bantam Wankm\u00fcller SA\",\"url\":\"https:\\\/\\\/shop.bantam.ch\\\/fr\\\/\",\"logo\":{\"@type\":\"ImageObject\",\"inLanguage\":\"fr-FR\",\"@id\":\"https:\\\/\\\/shop.bantam.ch\\\/fr\\\/#\\\/schema\\\/logo\\\/image\\\/\",\"url\":\"https:\\\/\\\/shop.bantam.ch\\\/wp-content\\\/uploads\\\/2022\\\/12\\\/bantam-logo.png\",\"contentUrl\":\"https:\\\/\\\/shop.bantam.ch\\\/wp-content\\\/uploads\\\/2022\\\/12\\\/bantam-logo.png\",\"width\":320,\"height\":71,\"caption\":\"Bantam Wankm\u00fcller SA\"},\"image\":{\"@id\":\"https:\\\/\\\/shop.bantam.ch\\\/fr\\\/#\\\/schema\\\/logo\\\/image\\\/\"}}]}<\/script>\n<!-- \/ Yoast SEO plugin. -->","yoast_head_json":{"title":"Dispositif antivol AL-KO Safety pour t\u00eate AK 161\/AK 270 noir - Bantam Wankm\u00fcller SA","robots":{"index":"index","follow":"follow","max-snippet":"max-snippet:-1","max-image-preview":"max-image-preview:large","max-video-preview":"max-video-preview:-1"},"canonical":"https:\/\/shop.bantam.ch\/fr\/produit\/securite-antivol-safety-pour-ak-161-ak-270\/","og_locale":"fr_FR","og_type":"article","og_title":"Dispositif antivol AL-KO Safety pour t\u00eate AK 161\/AK 270 noir - Bantam Wankm\u00fcller SA","og_description":"Version renforc\u00e9e et durcie avec cylindre de serrure sp\u00e9cial. Utilisation tr\u00e8s simple Utilisable \u00e9galement pendant la conduite Thermolaqu\u00e9 Triple protection Attelage non autoris\u00e9 D\u00e9telage non autoris\u00e9 D\u00e9montage de la boule d\u2019attelage Contenu de la livraison :AL-KO Safety1 Safety Ball2 Inserts en plastique2 cl\u00e9s","og_url":"https:\/\/shop.bantam.ch\/fr\/produit\/securite-antivol-safety-pour-ak-161-ak-270\/","og_site_name":"Bantam Wankm\u00fcller SA","article_modified_time":"2026-04-18T19:29:43+00:00","og_image":[{"width":1000,"height":637,"url":"https:\/\/shop.bantam.ch\/wp-content\/uploads\/2023\/02\/994334811.jpg","type":"image\/jpeg"}],"twitter_card":"summary_large_image","schema":{"@context":"https:\/\/schema.org","@graph":[{"@type":"WebPage","@id":"https:\/\/shop.bantam.ch\/fr\/produit\/securite-antivol-safety-pour-ak-161-ak-270\/","url":"https:\/\/shop.bantam.ch\/fr\/produit\/securite-antivol-safety-pour-ak-161-ak-270\/","name":"Dispositif antivol AL-KO Safety pour t\u00eate AK 161\/AK 270 noir - Bantam Wankm\u00fcller SA","isPartOf":{"@id":"https:\/\/shop.bantam.ch\/fr\/#website"},"primaryImageOfPage":{"@id":"https:\/\/shop.bantam.ch\/fr\/produit\/securite-antivol-safety-pour-ak-161-ak-270\/#primaryimage"},"image":{"@id":"https:\/\/shop.bantam.ch\/fr\/produit\/securite-antivol-safety-pour-ak-161-ak-270\/#primaryimage"},"thumbnailUrl":"https:\/\/shop.bantam.ch\/wp-content\/uploads\/2023\/02\/994334811.jpg","datePublished":"2023-02-28T04:03:25+00:00","dateModified":"2026-04-18T19:29:43+00:00","breadcrumb":{"@id":"https:\/\/shop.bantam.ch\/fr\/produit\/securite-antivol-safety-pour-ak-161-ak-270\/#breadcrumb"},"inLanguage":"fr-FR","potentialAction":[{"@type":"ReadAction","target":["https:\/\/shop.bantam.ch\/fr\/produit\/securite-antivol-safety-pour-ak-161-ak-270\/"]}]},{"@type":"ImageObject","inLanguage":"fr-FR","@id":"https:\/\/shop.bantam.ch\/fr\/produit\/securite-antivol-safety-pour-ak-161-ak-270\/#primaryimage","url":"https:\/\/shop.bantam.ch\/wp-content\/uploads\/2023\/02\/994334811.jpg","contentUrl":"https:\/\/shop.bantam.ch\/wp-content\/uploads\/2023\/02\/994334811.jpg","width":1000,"height":637},{"@type":"BreadcrumbList","@id":"https:\/\/shop.bantam.ch\/fr\/produit\/securite-antivol-safety-pour-ak-161-ak-270\/#breadcrumb","itemListElement":[{"@type":"ListItem","position":1,"name":"Accueil","item":"https:\/\/shop.bantam.ch\/fr\/"},{"@type":"ListItem","position":2,"name":"Boutique","item":"https:\/\/shop.bantam.ch\/fr\/boutique\/"},{"@type":"ListItem","position":3,"name":"Dispositif antivol AL-KO Safety pour t\u00eate AK 161\/AK 270 noir"}]},{"@type":"WebSite","@id":"https:\/\/shop.bantam.ch\/fr\/#website","url":"https:\/\/shop.bantam.ch\/fr\/","name":"Bantam Wankm\u00fcller SA","description":"","publisher":{"@id":"https:\/\/shop.bantam.ch\/fr\/#organization"},"inLanguage":"fr-FR"},{"@type":"Organization","@id":"https:\/\/shop.bantam.ch\/fr\/#organization","name":"Bantam Wankm\u00fcller SA","url":"https:\/\/shop.bantam.ch\/fr\/","logo":{"@type":"ImageObject","inLanguage":"fr-FR","@id":"https:\/\/shop.bantam.ch\/fr\/#\/schema\/logo\/image\/","url":"https:\/\/shop.bantam.ch\/wp-content\/uploads\/2022\/12\/bantam-logo.png","contentUrl":"https:\/\/shop.bantam.ch\/wp-content\/uploads\/2022\/12\/bantam-logo.png","width":320,"height":71,"caption":"Bantam Wankm\u00fcller SA"},"image":{"@id":"https:\/\/shop.bantam.ch\/fr\/#\/schema\/logo\/image\/"}}]}},"_links":{"self":[{"href":"https:\/\/shop.bantam.ch\/fr\/wp-json\/wp\/v2\/product\/95585","targetHints":{"allow":["GET"]}}],"collection":[{"href":"https:\/\/shop.bantam.ch\/fr\/wp-json\/wp\/v2\/product"}],"about":[{"href":"https:\/\/shop.bantam.ch\/fr\/wp-json\/wp\/v2\/types\/product"}],"wp:featuredmedia":[{"embeddable":true,"href":"https:\/\/shop.bantam.ch\/fr\/wp-json\/wp\/v2\/media\/95581"}],"wp:attachment":[{"href":"https:\/\/shop.bantam.ch\/fr\/wp-json\/wp\/v2\/media?parent=95585"}],"wp:term":[{"taxonomy":"product_featured_cat","embeddable":true,"href":"https:\/\/shop.bantam.ch\/fr\/wp-json\/wp\/v2\/product_featured_cat?post=95585"},{"taxonomy":"product_brand","embeddable":true,"href":"https:\/\/shop.bantam.ch\/fr\/wp-json\/wp\/v2\/product_brand?post=95585"},{"taxonomy":"product_cat","embeddable":true,"href":"https:\/\/shop.bantam.ch\/fr\/wp-json\/wp\/v2\/product_cat?post=95585"},{"taxonomy":"product_tag","embeddable":true,"href":"https:\/\/shop.bantam.ch\/fr\/wp-json\/wp\/v2\/product_tag?post=95585"}],"curies":[{"name":"wp","href":"https:\/\/api.w.org\/{rel}","templated":true}]}}