{"id":95177,"date":"2023-02-28T04:56:10","date_gmt":"2023-02-28T03:56:10","guid":{"rendered":"http:\/\/shop.bantam.ch\/produit\/housse-de-protection-bike-cover-s\/"},"modified":"2026-04-19T22:54:52","modified_gmt":"2026-04-19T20:54:52","slug":"housse-de-protection-bike-cover-s","status":"publish","type":"product","link":"https:\/\/shop.bantam.ch\/fr\/produit\/housse-de-protection-bike-cover-s\/","title":{"rendered":"Housse de protection Bike Cover S"},"content":{"rendered":"<p>Housse de v\u00e9los en mati\u00e8re renforc\u00e9e, rev\u00eatue de r\u00e9sine, d\u00e9perlante et l\u00e9g\u00e8re. Pour quatre v\u00e9los max. En s\u00e9rie avec sac cousu pour panneau de signalisation facultatif (hormis la version timon). En raison des vitesses plus \u00e9lev\u00e9es par rapport aux camping-cars, non adapt\u00e9s pour les vans am\u00e9nag\u00e9s\u00a0! <\/p>\n<p>Mat\u00e9riau :<br \/>100 % polyester<\/p>\n","protected":false},"excerpt":{"rendered":"<p>Housse de v\u00e9los en mati\u00e8re renforc\u00e9e, rev\u00eatue de r\u00e9sine, d\u00e9perlante et l\u00e9g\u00e8re. Pour quatre v\u00e9los max. En s\u00e9rie avec sac cousu pour panneau de signalisation facultatif (hormis la version timon). En raison des vitesses plus \u00e9lev\u00e9es par rapport aux camping-cars, non adapt\u00e9s pour les vans am\u00e9nag\u00e9s\u00a0! Mat\u00e9riau :100 % polyester<\/p>\n","protected":false},"featured_media":95173,"template":"","meta":{"_acf_changed":false},"product_featured_cat":[],"product_brand":[3034],"product_cat":[5139],"product_tag":[],"class_list":{"0":"post-95177","1":"product","2":"type-product","3":"status-publish","4":"has-post-thumbnail","6":"product_brand-fiamma","7":"product_cat-housses-de-velo","9":"first","10":"instock","11":"taxable","12":"shipping-taxable","13":"purchasable","14":"product-type-variable"},"acf":[],"yoast_head":"<!-- This site is optimized with the Yoast SEO plugin v27.4 - https:\/\/yoast.com\/product\/yoast-seo-wordpress\/ -->\n<title>Housse de protection Bike Cover S - Bantam Wankm\u00fcller SA<\/title>\n<meta name=\"robots\" content=\"index, follow, max-snippet:-1, max-image-preview:large, max-video-preview:-1\" \/>\n<link rel=\"canonical\" href=\"https:\/\/shop.bantam.ch\/fr\/produit\/housse-de-protection-bike-cover-s\/\" \/>\n<meta property=\"og:locale\" content=\"fr_FR\" \/>\n<meta property=\"og:type\" content=\"article\" \/>\n<meta property=\"og:title\" content=\"Housse de protection Bike Cover S - Bantam Wankm\u00fcller SA\" \/>\n<meta property=\"og:description\" content=\"Housse de v\u00e9los en mati\u00e8re renforc\u00e9e, rev\u00eatue de r\u00e9sine, d\u00e9perlante et l\u00e9g\u00e8re. Pour quatre v\u00e9los max. En s\u00e9rie avec sac cousu pour panneau de signalisation facultatif (hormis la version timon). En raison des vitesses plus \u00e9lev\u00e9es par rapport aux camping-cars, non adapt\u00e9s pour les vans am\u00e9nag\u00e9s\u00a0! Mat\u00e9riau :100 % polyester\" \/>\n<meta property=\"og:url\" content=\"https:\/\/shop.bantam.ch\/fr\/produit\/housse-de-protection-bike-cover-s\/\" \/>\n<meta property=\"og:site_name\" content=\"Bantam Wankm\u00fcller SA\" \/>\n<meta property=\"article:modified_time\" content=\"2026-04-19T20:54:52+00:00\" \/>\n<meta property=\"og:image\" content=\"https:\/\/shop.bantam.ch\/wp-content\/uploads\/2023\/02\/994330211.jpg\" \/>\n\t<meta property=\"og:image:width\" content=\"1600\" \/>\n\t<meta property=\"og:image:height\" content=\"1067\" \/>\n\t<meta property=\"og:image:type\" content=\"image\/jpeg\" \/>\n<meta name=\"twitter:card\" content=\"summary_large_image\" \/>\n<script type=\"application\/ld+json\" class=\"yoast-schema-graph\">{\"@context\":\"https:\\\/\\\/schema.org\",\"@graph\":[{\"@type\":\"WebPage\",\"@id\":\"https:\\\/\\\/shop.bantam.ch\\\/fr\\\/produit\\\/housse-de-protection-bike-cover-s\\\/\",\"url\":\"https:\\\/\\\/shop.bantam.ch\\\/fr\\\/produit\\\/housse-de-protection-bike-cover-s\\\/\",\"name\":\"Housse de protection Bike Cover S - Bantam Wankm\u00fcller SA\",\"isPartOf\":{\"@id\":\"https:\\\/\\\/shop.bantam.ch\\\/fr\\\/#website\"},\"primaryImageOfPage\":{\"@id\":\"https:\\\/\\\/shop.bantam.ch\\\/fr\\\/produit\\\/housse-de-protection-bike-cover-s\\\/#primaryimage\"},\"image\":{\"@id\":\"https:\\\/\\\/shop.bantam.ch\\\/fr\\\/produit\\\/housse-de-protection-bike-cover-s\\\/#primaryimage\"},\"thumbnailUrl\":\"https:\\\/\\\/shop.bantam.ch\\\/wp-content\\\/uploads\\\/2023\\\/02\\\/994330211.jpg\",\"datePublished\":\"2023-02-28T03:56:10+00:00\",\"dateModified\":\"2026-04-19T20:54:52+00:00\",\"breadcrumb\":{\"@id\":\"https:\\\/\\\/shop.bantam.ch\\\/fr\\\/produit\\\/housse-de-protection-bike-cover-s\\\/#breadcrumb\"},\"inLanguage\":\"fr-FR\",\"potentialAction\":[{\"@type\":\"ReadAction\",\"target\":[\"https:\\\/\\\/shop.bantam.ch\\\/fr\\\/produit\\\/housse-de-protection-bike-cover-s\\\/\"]}]},{\"@type\":\"ImageObject\",\"inLanguage\":\"fr-FR\",\"@id\":\"https:\\\/\\\/shop.bantam.ch\\\/fr\\\/produit\\\/housse-de-protection-bike-cover-s\\\/#primaryimage\",\"url\":\"https:\\\/\\\/shop.bantam.ch\\\/wp-content\\\/uploads\\\/2023\\\/02\\\/994330211.jpg\",\"contentUrl\":\"https:\\\/\\\/shop.bantam.ch\\\/wp-content\\\/uploads\\\/2023\\\/02\\\/994330211.jpg\",\"width\":1600,\"height\":1067},{\"@type\":\"BreadcrumbList\",\"@id\":\"https:\\\/\\\/shop.bantam.ch\\\/fr\\\/produit\\\/housse-de-protection-bike-cover-s\\\/#breadcrumb\",\"itemListElement\":[{\"@type\":\"ListItem\",\"position\":1,\"name\":\"Accueil\",\"item\":\"https:\\\/\\\/shop.bantam.ch\\\/fr\\\/\"},{\"@type\":\"ListItem\",\"position\":2,\"name\":\"Boutique\",\"item\":\"https:\\\/\\\/shop.bantam.ch\\\/fr\\\/boutique\\\/\"},{\"@type\":\"ListItem\",\"position\":3,\"name\":\"Housse de protection Bike Cover S\"}]},{\"@type\":\"WebSite\",\"@id\":\"https:\\\/\\\/shop.bantam.ch\\\/fr\\\/#website\",\"url\":\"https:\\\/\\\/shop.bantam.ch\\\/fr\\\/\",\"name\":\"Bantam Wankm\u00fcller SA\",\"description\":\"\",\"publisher\":{\"@id\":\"https:\\\/\\\/shop.bantam.ch\\\/fr\\\/#organization\"},\"inLanguage\":\"fr-FR\"},{\"@type\":\"Organization\",\"@id\":\"https:\\\/\\\/shop.bantam.ch\\\/fr\\\/#organization\",\"name\":\"Bantam Wankm\u00fcller SA\",\"url\":\"https:\\\/\\\/shop.bantam.ch\\\/fr\\\/\",\"logo\":{\"@type\":\"ImageObject\",\"inLanguage\":\"fr-FR\",\"@id\":\"https:\\\/\\\/shop.bantam.ch\\\/fr\\\/#\\\/schema\\\/logo\\\/image\\\/\",\"url\":\"https:\\\/\\\/shop.bantam.ch\\\/wp-content\\\/uploads\\\/2022\\\/12\\\/bantam-logo.png\",\"contentUrl\":\"https:\\\/\\\/shop.bantam.ch\\\/wp-content\\\/uploads\\\/2022\\\/12\\\/bantam-logo.png\",\"width\":320,\"height\":71,\"caption\":\"Bantam Wankm\u00fcller SA\"},\"image\":{\"@id\":\"https:\\\/\\\/shop.bantam.ch\\\/fr\\\/#\\\/schema\\\/logo\\\/image\\\/\"}}]}<\/script>\n<!-- \/ Yoast SEO plugin. -->","yoast_head_json":{"title":"Housse de protection Bike Cover S - Bantam Wankm\u00fcller SA","robots":{"index":"index","follow":"follow","max-snippet":"max-snippet:-1","max-image-preview":"max-image-preview:large","max-video-preview":"max-video-preview:-1"},"canonical":"https:\/\/shop.bantam.ch\/fr\/produit\/housse-de-protection-bike-cover-s\/","og_locale":"fr_FR","og_type":"article","og_title":"Housse de protection Bike Cover S - Bantam Wankm\u00fcller SA","og_description":"Housse de v\u00e9los en mati\u00e8re renforc\u00e9e, rev\u00eatue de r\u00e9sine, d\u00e9perlante et l\u00e9g\u00e8re. Pour quatre v\u00e9los max. En s\u00e9rie avec sac cousu pour panneau de signalisation facultatif (hormis la version timon). En raison des vitesses plus \u00e9lev\u00e9es par rapport aux camping-cars, non adapt\u00e9s pour les vans am\u00e9nag\u00e9s\u00a0! Mat\u00e9riau :100 % polyester","og_url":"https:\/\/shop.bantam.ch\/fr\/produit\/housse-de-protection-bike-cover-s\/","og_site_name":"Bantam Wankm\u00fcller SA","article_modified_time":"2026-04-19T20:54:52+00:00","og_image":[{"width":1600,"height":1067,"url":"https:\/\/shop.bantam.ch\/wp-content\/uploads\/2023\/02\/994330211.jpg","type":"image\/jpeg"}],"twitter_card":"summary_large_image","schema":{"@context":"https:\/\/schema.org","@graph":[{"@type":"WebPage","@id":"https:\/\/shop.bantam.ch\/fr\/produit\/housse-de-protection-bike-cover-s\/","url":"https:\/\/shop.bantam.ch\/fr\/produit\/housse-de-protection-bike-cover-s\/","name":"Housse de protection Bike Cover S - Bantam Wankm\u00fcller SA","isPartOf":{"@id":"https:\/\/shop.bantam.ch\/fr\/#website"},"primaryImageOfPage":{"@id":"https:\/\/shop.bantam.ch\/fr\/produit\/housse-de-protection-bike-cover-s\/#primaryimage"},"image":{"@id":"https:\/\/shop.bantam.ch\/fr\/produit\/housse-de-protection-bike-cover-s\/#primaryimage"},"thumbnailUrl":"https:\/\/shop.bantam.ch\/wp-content\/uploads\/2023\/02\/994330211.jpg","datePublished":"2023-02-28T03:56:10+00:00","dateModified":"2026-04-19T20:54:52+00:00","breadcrumb":{"@id":"https:\/\/shop.bantam.ch\/fr\/produit\/housse-de-protection-bike-cover-s\/#breadcrumb"},"inLanguage":"fr-FR","potentialAction":[{"@type":"ReadAction","target":["https:\/\/shop.bantam.ch\/fr\/produit\/housse-de-protection-bike-cover-s\/"]}]},{"@type":"ImageObject","inLanguage":"fr-FR","@id":"https:\/\/shop.bantam.ch\/fr\/produit\/housse-de-protection-bike-cover-s\/#primaryimage","url":"https:\/\/shop.bantam.ch\/wp-content\/uploads\/2023\/02\/994330211.jpg","contentUrl":"https:\/\/shop.bantam.ch\/wp-content\/uploads\/2023\/02\/994330211.jpg","width":1600,"height":1067},{"@type":"BreadcrumbList","@id":"https:\/\/shop.bantam.ch\/fr\/produit\/housse-de-protection-bike-cover-s\/#breadcrumb","itemListElement":[{"@type":"ListItem","position":1,"name":"Accueil","item":"https:\/\/shop.bantam.ch\/fr\/"},{"@type":"ListItem","position":2,"name":"Boutique","item":"https:\/\/shop.bantam.ch\/fr\/boutique\/"},{"@type":"ListItem","position":3,"name":"Housse de protection Bike Cover S"}]},{"@type":"WebSite","@id":"https:\/\/shop.bantam.ch\/fr\/#website","url":"https:\/\/shop.bantam.ch\/fr\/","name":"Bantam Wankm\u00fcller SA","description":"","publisher":{"@id":"https:\/\/shop.bantam.ch\/fr\/#organization"},"inLanguage":"fr-FR"},{"@type":"Organization","@id":"https:\/\/shop.bantam.ch\/fr\/#organization","name":"Bantam Wankm\u00fcller SA","url":"https:\/\/shop.bantam.ch\/fr\/","logo":{"@type":"ImageObject","inLanguage":"fr-FR","@id":"https:\/\/shop.bantam.ch\/fr\/#\/schema\/logo\/image\/","url":"https:\/\/shop.bantam.ch\/wp-content\/uploads\/2022\/12\/bantam-logo.png","contentUrl":"https:\/\/shop.bantam.ch\/wp-content\/uploads\/2022\/12\/bantam-logo.png","width":320,"height":71,"caption":"Bantam Wankm\u00fcller SA"},"image":{"@id":"https:\/\/shop.bantam.ch\/fr\/#\/schema\/logo\/image\/"}}]}},"_links":{"self":[{"href":"https:\/\/shop.bantam.ch\/fr\/wp-json\/wp\/v2\/product\/95177","targetHints":{"allow":["GET"]}}],"collection":[{"href":"https:\/\/shop.bantam.ch\/fr\/wp-json\/wp\/v2\/product"}],"about":[{"href":"https:\/\/shop.bantam.ch\/fr\/wp-json\/wp\/v2\/types\/product"}],"wp:featuredmedia":[{"embeddable":true,"href":"https:\/\/shop.bantam.ch\/fr\/wp-json\/wp\/v2\/media\/95173"}],"wp:attachment":[{"href":"https:\/\/shop.bantam.ch\/fr\/wp-json\/wp\/v2\/media?parent=95177"}],"wp:term":[{"taxonomy":"product_featured_cat","embeddable":true,"href":"https:\/\/shop.bantam.ch\/fr\/wp-json\/wp\/v2\/product_featured_cat?post=95177"},{"taxonomy":"product_brand","embeddable":true,"href":"https:\/\/shop.bantam.ch\/fr\/wp-json\/wp\/v2\/product_brand?post=95177"},{"taxonomy":"product_cat","embeddable":true,"href":"https:\/\/shop.bantam.ch\/fr\/wp-json\/wp\/v2\/product_cat?post=95177"},{"taxonomy":"product_tag","embeddable":true,"href":"https:\/\/shop.bantam.ch\/fr\/wp-json\/wp\/v2\/product_tag?post=95177"}],"curies":[{"name":"wp","href":"https:\/\/api.w.org\/{rel}","templated":true}]}}