{"id":94717,"date":"2023-02-28T04:47:29","date_gmt":"2023-02-28T03:47:29","guid":{"rendered":"http:\/\/shop.bantam.ch\/produit\/systeme-de-manoeuvre-infinity\/"},"modified":"2026-04-17T22:48:48","modified_gmt":"2026-04-17T20:48:48","slug":"systeme-de-manoeuvre-infinity","status":"publish","type":"product","link":"https:\/\/shop.bantam.ch\/fr\/produit\/systeme-de-manoeuvre-infinity\/","title":{"rendered":"Syst\u00e8me de man\u0153uvre infinity"},"content":{"rendered":"<p>Le syst\u00e8me de man\u0153uvre le plus fort et le plus l\u00e9ger jusqu\u2019\u00e0 pr\u00e9sent issu de notre usine \u00e0 id\u00e9es est \u00e9quip\u00e9 d\u2019un engrenage plus efficace de 30% et d\u2019un moteur optimis\u00e9. L\u2019ensemble de la technique est en outre \u00e9tanch\u00e9ifi\u00e9e de mani\u00e8re optimale et prot\u00e9g\u00e9e de l\u2019humidit\u00e9. Le concept Tyrefree et la plus grande trajectoire de pivotement actuellement disponible permettent un positionnement libre du rouleau sur la roue, pour un montage encore plus simple en un rien de temps. Gr\u00e2ce \u00e0 une interface intelligente vers l\u2019application easydriver, la caravane arrive \u00e0 destination simplement via l\u2019actionnement d\u2019un bouton. La force simple :<\/p>\n<p>man\u0153uvrer avec une propulsion d\u2019easydriver<\/p>\n<p>\u00a0<\/p>\n<ul>\n<li>Propulsion puissante pour toutes les utilisations<\/li>\n<li>Utilisation simple, intuitive et prim\u00e9e easydriver (m\u00eame dans les situations difficiles ou en pente)<\/li>\n<li>Commande possible par smartphone avec App-Controller (en s\u00e9rie chez infinity) (Apple iOS et Android)<\/li>\n<li>Avec MPP (Mobility-Power-Pack) poids syst\u00e8me tr\u00e8s faible avec jusqu\u2019\u00e0 30\u00a0kg de gain de poids.<\/li>\n<li>T\u00e9l\u00e9commande avec indication du statut de l\u2019appareil<\/li>\n<li>Meilleure traction pour la s\u00e9curit\u00e9 en pente, sur l\u2019herbe mouill\u00e9e, la boue et les terrains irr\u00e9guliers<\/li>\n<li>Rayon de braquage extr\u00eamement petit<\/li>\n<li>D\u00e9marrage et arr\u00eat progressifs sans \u00e0-coups<\/li>\n<li>Aucune perte ou perte minimale de la garde au sol (selon le type de ch\u00e2ssis)<\/li>\n<li>Attelage simple<\/li>\n<li>M\u00e9lange de mat\u00e9riaux sp\u00e9cifique pour l\u00e9g\u00e8ret\u00e9 et protection contre la corrosion<\/li>\n<li>M\u00e9canisme de man\u0153uvre sans jeu<\/li>\n<li>Engagement\/D\u00e9sengagement \u00e9lectrique<\/li>\n<\/ul>\n","protected":false},"excerpt":{"rendered":"<p>Le syst\u00e8me de man\u0153uvre le plus fort et le plus l\u00e9ger jusqu\u2019\u00e0 pr\u00e9sent issu de notre usine \u00e0 id\u00e9es est \u00e9quip\u00e9 d\u2019un engrenage plus efficace de 30% et d\u2019un moteur optimis\u00e9. L\u2019ensemble de la technique est en outre \u00e9tanch\u00e9ifi\u00e9e de mani\u00e8re optimale et prot\u00e9g\u00e9e de l\u2019humidit\u00e9. Le concept Tyrefree et la plus grande trajectoire de [&hellip;]<\/p>\n","protected":false},"featured_media":94713,"template":"","meta":{"_acf_changed":false},"product_featured_cat":[],"product_brand":[3132],"product_cat":[4821],"product_tag":[],"class_list":{"0":"post-94717","1":"product","2":"type-product","3":"status-publish","4":"has-post-thumbnail","6":"product_brand-easydriver","7":"product_cat-aide-a-la-manoeuvre","9":"first","10":"instock","11":"taxable","12":"shipping-taxable","13":"purchasable","14":"product-type-variable"},"acf":[],"yoast_head":"<!-- This site is optimized with the Yoast SEO plugin v27.4 - https:\/\/yoast.com\/product\/yoast-seo-wordpress\/ -->\n<title>Syst\u00e8me de man\u0153uvre infinity - Bantam Wankm\u00fcller SA<\/title>\n<meta name=\"robots\" content=\"index, follow, max-snippet:-1, max-image-preview:large, max-video-preview:-1\" \/>\n<link rel=\"canonical\" href=\"https:\/\/shop.bantam.ch\/fr\/produit\/systeme-de-manoeuvre-infinity\/\" \/>\n<meta property=\"og:locale\" content=\"fr_FR\" \/>\n<meta property=\"og:type\" content=\"article\" \/>\n<meta property=\"og:title\" content=\"Syst\u00e8me de man\u0153uvre infinity - Bantam Wankm\u00fcller SA\" \/>\n<meta property=\"og:description\" content=\"Le syst\u00e8me de man\u0153uvre le plus fort et le plus l\u00e9ger jusqu\u2019\u00e0 pr\u00e9sent issu de notre usine \u00e0 id\u00e9es est \u00e9quip\u00e9 d\u2019un engrenage plus efficace de 30% et d\u2019un moteur optimis\u00e9. L\u2019ensemble de la technique est en outre \u00e9tanch\u00e9ifi\u00e9e de mani\u00e8re optimale et prot\u00e9g\u00e9e de l\u2019humidit\u00e9. Le concept Tyrefree et la plus grande trajectoire de [&hellip;]\" \/>\n<meta property=\"og:url\" content=\"https:\/\/shop.bantam.ch\/fr\/produit\/systeme-de-manoeuvre-infinity\/\" \/>\n<meta property=\"og:site_name\" content=\"Bantam Wankm\u00fcller SA\" \/>\n<meta property=\"article:modified_time\" content=\"2026-04-17T20:48:48+00:00\" \/>\n<meta property=\"og:image\" content=\"https:\/\/shop.bantam.ch\/wp-content\/uploads\/2023\/02\/994329611.jpg\" \/>\n\t<meta property=\"og:image:width\" content=\"1000\" \/>\n\t<meta property=\"og:image:height\" content=\"563\" \/>\n\t<meta property=\"og:image:type\" content=\"image\/jpeg\" \/>\n<meta name=\"twitter:card\" content=\"summary_large_image\" \/>\n<meta name=\"twitter:label1\" content=\"Dur\u00e9e de lecture estim\u00e9e\" \/>\n\t<meta name=\"twitter:data1\" content=\"1 minute\" \/>\n<script type=\"application\/ld+json\" class=\"yoast-schema-graph\">{\"@context\":\"https:\\\/\\\/schema.org\",\"@graph\":[{\"@type\":\"WebPage\",\"@id\":\"https:\\\/\\\/shop.bantam.ch\\\/fr\\\/produit\\\/systeme-de-manoeuvre-infinity\\\/\",\"url\":\"https:\\\/\\\/shop.bantam.ch\\\/fr\\\/produit\\\/systeme-de-manoeuvre-infinity\\\/\",\"name\":\"Syst\u00e8me de man\u0153uvre infinity - Bantam Wankm\u00fcller SA\",\"isPartOf\":{\"@id\":\"https:\\\/\\\/shop.bantam.ch\\\/fr\\\/#website\"},\"primaryImageOfPage\":{\"@id\":\"https:\\\/\\\/shop.bantam.ch\\\/fr\\\/produit\\\/systeme-de-manoeuvre-infinity\\\/#primaryimage\"},\"image\":{\"@id\":\"https:\\\/\\\/shop.bantam.ch\\\/fr\\\/produit\\\/systeme-de-manoeuvre-infinity\\\/#primaryimage\"},\"thumbnailUrl\":\"https:\\\/\\\/shop.bantam.ch\\\/wp-content\\\/uploads\\\/2023\\\/02\\\/994329611.jpg\",\"datePublished\":\"2023-02-28T03:47:29+00:00\",\"dateModified\":\"2026-04-17T20:48:48+00:00\",\"breadcrumb\":{\"@id\":\"https:\\\/\\\/shop.bantam.ch\\\/fr\\\/produit\\\/systeme-de-manoeuvre-infinity\\\/#breadcrumb\"},\"inLanguage\":\"fr-FR\",\"potentialAction\":[{\"@type\":\"ReadAction\",\"target\":[\"https:\\\/\\\/shop.bantam.ch\\\/fr\\\/produit\\\/systeme-de-manoeuvre-infinity\\\/\"]}]},{\"@type\":\"ImageObject\",\"inLanguage\":\"fr-FR\",\"@id\":\"https:\\\/\\\/shop.bantam.ch\\\/fr\\\/produit\\\/systeme-de-manoeuvre-infinity\\\/#primaryimage\",\"url\":\"https:\\\/\\\/shop.bantam.ch\\\/wp-content\\\/uploads\\\/2023\\\/02\\\/994329611.jpg\",\"contentUrl\":\"https:\\\/\\\/shop.bantam.ch\\\/wp-content\\\/uploads\\\/2023\\\/02\\\/994329611.jpg\",\"width\":1000,\"height\":563},{\"@type\":\"BreadcrumbList\",\"@id\":\"https:\\\/\\\/shop.bantam.ch\\\/fr\\\/produit\\\/systeme-de-manoeuvre-infinity\\\/#breadcrumb\",\"itemListElement\":[{\"@type\":\"ListItem\",\"position\":1,\"name\":\"Accueil\",\"item\":\"https:\\\/\\\/shop.bantam.ch\\\/fr\\\/\"},{\"@type\":\"ListItem\",\"position\":2,\"name\":\"Boutique\",\"item\":\"https:\\\/\\\/shop.bantam.ch\\\/fr\\\/boutique\\\/\"},{\"@type\":\"ListItem\",\"position\":3,\"name\":\"Syst\u00e8me de man\u0153uvre infinity\"}]},{\"@type\":\"WebSite\",\"@id\":\"https:\\\/\\\/shop.bantam.ch\\\/fr\\\/#website\",\"url\":\"https:\\\/\\\/shop.bantam.ch\\\/fr\\\/\",\"name\":\"Bantam Wankm\u00fcller SA\",\"description\":\"\",\"publisher\":{\"@id\":\"https:\\\/\\\/shop.bantam.ch\\\/fr\\\/#organization\"},\"inLanguage\":\"fr-FR\"},{\"@type\":\"Organization\",\"@id\":\"https:\\\/\\\/shop.bantam.ch\\\/fr\\\/#organization\",\"name\":\"Bantam Wankm\u00fcller SA\",\"url\":\"https:\\\/\\\/shop.bantam.ch\\\/fr\\\/\",\"logo\":{\"@type\":\"ImageObject\",\"inLanguage\":\"fr-FR\",\"@id\":\"https:\\\/\\\/shop.bantam.ch\\\/fr\\\/#\\\/schema\\\/logo\\\/image\\\/\",\"url\":\"https:\\\/\\\/shop.bantam.ch\\\/wp-content\\\/uploads\\\/2022\\\/12\\\/bantam-logo.png\",\"contentUrl\":\"https:\\\/\\\/shop.bantam.ch\\\/wp-content\\\/uploads\\\/2022\\\/12\\\/bantam-logo.png\",\"width\":320,\"height\":71,\"caption\":\"Bantam Wankm\u00fcller SA\"},\"image\":{\"@id\":\"https:\\\/\\\/shop.bantam.ch\\\/fr\\\/#\\\/schema\\\/logo\\\/image\\\/\"}}]}<\/script>\n<!-- \/ Yoast SEO plugin. -->","yoast_head_json":{"title":"Syst\u00e8me de man\u0153uvre infinity - Bantam Wankm\u00fcller SA","robots":{"index":"index","follow":"follow","max-snippet":"max-snippet:-1","max-image-preview":"max-image-preview:large","max-video-preview":"max-video-preview:-1"},"canonical":"https:\/\/shop.bantam.ch\/fr\/produit\/systeme-de-manoeuvre-infinity\/","og_locale":"fr_FR","og_type":"article","og_title":"Syst\u00e8me de man\u0153uvre infinity - Bantam Wankm\u00fcller SA","og_description":"Le syst\u00e8me de man\u0153uvre le plus fort et le plus l\u00e9ger jusqu\u2019\u00e0 pr\u00e9sent issu de notre usine \u00e0 id\u00e9es est \u00e9quip\u00e9 d\u2019un engrenage plus efficace de 30% et d\u2019un moteur optimis\u00e9. L\u2019ensemble de la technique est en outre \u00e9tanch\u00e9ifi\u00e9e de mani\u00e8re optimale et prot\u00e9g\u00e9e de l\u2019humidit\u00e9. Le concept Tyrefree et la plus grande trajectoire de [&hellip;]","og_url":"https:\/\/shop.bantam.ch\/fr\/produit\/systeme-de-manoeuvre-infinity\/","og_site_name":"Bantam Wankm\u00fcller SA","article_modified_time":"2026-04-17T20:48:48+00:00","og_image":[{"width":1000,"height":563,"url":"https:\/\/shop.bantam.ch\/wp-content\/uploads\/2023\/02\/994329611.jpg","type":"image\/jpeg"}],"twitter_card":"summary_large_image","twitter_misc":{"Dur\u00e9e de lecture estim\u00e9e":"1 minute"},"schema":{"@context":"https:\/\/schema.org","@graph":[{"@type":"WebPage","@id":"https:\/\/shop.bantam.ch\/fr\/produit\/systeme-de-manoeuvre-infinity\/","url":"https:\/\/shop.bantam.ch\/fr\/produit\/systeme-de-manoeuvre-infinity\/","name":"Syst\u00e8me de man\u0153uvre infinity - Bantam Wankm\u00fcller SA","isPartOf":{"@id":"https:\/\/shop.bantam.ch\/fr\/#website"},"primaryImageOfPage":{"@id":"https:\/\/shop.bantam.ch\/fr\/produit\/systeme-de-manoeuvre-infinity\/#primaryimage"},"image":{"@id":"https:\/\/shop.bantam.ch\/fr\/produit\/systeme-de-manoeuvre-infinity\/#primaryimage"},"thumbnailUrl":"https:\/\/shop.bantam.ch\/wp-content\/uploads\/2023\/02\/994329611.jpg","datePublished":"2023-02-28T03:47:29+00:00","dateModified":"2026-04-17T20:48:48+00:00","breadcrumb":{"@id":"https:\/\/shop.bantam.ch\/fr\/produit\/systeme-de-manoeuvre-infinity\/#breadcrumb"},"inLanguage":"fr-FR","potentialAction":[{"@type":"ReadAction","target":["https:\/\/shop.bantam.ch\/fr\/produit\/systeme-de-manoeuvre-infinity\/"]}]},{"@type":"ImageObject","inLanguage":"fr-FR","@id":"https:\/\/shop.bantam.ch\/fr\/produit\/systeme-de-manoeuvre-infinity\/#primaryimage","url":"https:\/\/shop.bantam.ch\/wp-content\/uploads\/2023\/02\/994329611.jpg","contentUrl":"https:\/\/shop.bantam.ch\/wp-content\/uploads\/2023\/02\/994329611.jpg","width":1000,"height":563},{"@type":"BreadcrumbList","@id":"https:\/\/shop.bantam.ch\/fr\/produit\/systeme-de-manoeuvre-infinity\/#breadcrumb","itemListElement":[{"@type":"ListItem","position":1,"name":"Accueil","item":"https:\/\/shop.bantam.ch\/fr\/"},{"@type":"ListItem","position":2,"name":"Boutique","item":"https:\/\/shop.bantam.ch\/fr\/boutique\/"},{"@type":"ListItem","position":3,"name":"Syst\u00e8me de man\u0153uvre infinity"}]},{"@type":"WebSite","@id":"https:\/\/shop.bantam.ch\/fr\/#website","url":"https:\/\/shop.bantam.ch\/fr\/","name":"Bantam Wankm\u00fcller SA","description":"","publisher":{"@id":"https:\/\/shop.bantam.ch\/fr\/#organization"},"inLanguage":"fr-FR"},{"@type":"Organization","@id":"https:\/\/shop.bantam.ch\/fr\/#organization","name":"Bantam Wankm\u00fcller SA","url":"https:\/\/shop.bantam.ch\/fr\/","logo":{"@type":"ImageObject","inLanguage":"fr-FR","@id":"https:\/\/shop.bantam.ch\/fr\/#\/schema\/logo\/image\/","url":"https:\/\/shop.bantam.ch\/wp-content\/uploads\/2022\/12\/bantam-logo.png","contentUrl":"https:\/\/shop.bantam.ch\/wp-content\/uploads\/2022\/12\/bantam-logo.png","width":320,"height":71,"caption":"Bantam Wankm\u00fcller SA"},"image":{"@id":"https:\/\/shop.bantam.ch\/fr\/#\/schema\/logo\/image\/"}}]}},"_links":{"self":[{"href":"https:\/\/shop.bantam.ch\/fr\/wp-json\/wp\/v2\/product\/94717","targetHints":{"allow":["GET"]}}],"collection":[{"href":"https:\/\/shop.bantam.ch\/fr\/wp-json\/wp\/v2\/product"}],"about":[{"href":"https:\/\/shop.bantam.ch\/fr\/wp-json\/wp\/v2\/types\/product"}],"wp:featuredmedia":[{"embeddable":true,"href":"https:\/\/shop.bantam.ch\/fr\/wp-json\/wp\/v2\/media\/94713"}],"wp:attachment":[{"href":"https:\/\/shop.bantam.ch\/fr\/wp-json\/wp\/v2\/media?parent=94717"}],"wp:term":[{"taxonomy":"product_featured_cat","embeddable":true,"href":"https:\/\/shop.bantam.ch\/fr\/wp-json\/wp\/v2\/product_featured_cat?post=94717"},{"taxonomy":"product_brand","embeddable":true,"href":"https:\/\/shop.bantam.ch\/fr\/wp-json\/wp\/v2\/product_brand?post=94717"},{"taxonomy":"product_cat","embeddable":true,"href":"https:\/\/shop.bantam.ch\/fr\/wp-json\/wp\/v2\/product_cat?post=94717"},{"taxonomy":"product_tag","embeddable":true,"href":"https:\/\/shop.bantam.ch\/fr\/wp-json\/wp\/v2\/product_tag?post=94717"}],"curies":[{"name":"wp","href":"https:\/\/api.w.org\/{rel}","templated":true}]}}